{"id":3850,"date":"2018-05-03T14:23:35","date_gmt":"2018-05-03T13:23:35","guid":{"rendered":"https:\/\/www.lottohoy.com\/?page_id=3850"},"modified":"2025-02-13T15:18:50","modified_gmt":"2025-02-13T15:18:50","slug":"superenalotto","status":"publish","type":"page","link":"https:\/\/lottohoy.com\/pt-pt\/lotarias\/superenalotto\/","title":{"rendered":"Informa\u00e7\u00e3o SuperEnalotto"},"content":{"rendered":"<p><!--more--><\/p>\n<p>A Superenalotto existe desde 1997, quando substituiu sua antecessora, a loteria Enalotto.<\/p>\n<p>No in\u00edcio, a elabora\u00e7\u00e3o da combina\u00e7\u00e3o vencedora era bastante complexa, j\u00e1 que se baseava na extra\u00e7\u00e3o da primeira bola de cada um dos sorteios celebrados nas popula\u00e7\u00f5es de Bari, Floren\u00e7a, Mil\u00e3o, Roma, N\u00e1poles e Palermo.<\/p>\n<p>Ou seja, cada um desses sorteios realizou um sorteio pr\u00f3prio, e a primeira bola que foi extra\u00edda de cada sorteio, foi a que conformou a combina\u00e7\u00e3o vencedora da SuperEnalotto.<\/p>\n<p>No caso de qualquer uma das bolas de um dos sorteios ter sa\u00eddo com o mesmo n\u00famero que outras das rifas, esta bola foi substitu\u00edda pela segunda, terceira, etc&#8230;<\/p>\n<p>Para completar o jogo inteiro, tomou a primeira bola retirada do sorteio de Veneza, e esse n\u00famero foi dada a categoria de Jolly, enquanto para determinar o Super Star, coletou a primeira bola extra\u00edda do sorteio nacional.<\/p>\n<p>Toda essa complexidade foi simplificada a partir de 2009, com a entrada em vigor do novo regulamento, passando a substituir as bolas das extra\u00e7\u00f5es dessas rifas para extrair as bolas diretamente de dois tambores \u00fanicos.<\/p>\n<p>Um deles com as bolas que determinou a combina\u00e7\u00e3o de 6 n\u00fameros, mais uma s\u00e9tima bola para o Jolly, e atrav\u00e9s do outro tambor extrair a bola para o Super Star.<\/p>\n<p>A distribui\u00e7\u00e3o de pr\u00eamios \u00e9 feita a partir da cole\u00e7\u00e3o, distribuindo pelas v\u00e1rias categorias, e se n\u00e3o houver vencedores de qualquer uma das categorias, esse montante \u00e9 acumulado em um jackpot para o pr\u00f3ximo sorteio.<\/p>\n<p>Em geral, e devido \u00e0 dificuldade de obter a combina\u00e7\u00e3o vencedora, \u00e9 bastante frequente que jackpots multimilion\u00e1rios sejam criados.<\/p>\n<h2><strong>Vantagens de jogar Superenalotto online<\/strong><\/h2>\n<ul>\n<li>Uma das grandes vantagens de <strong>jogar Superenalotto online<\/strong> \u00e9 a conveni\u00eancia de poder faz\u00ea-lo a qualquer hora do dia ou da noite, 24\/7, 365 dias por ano. Simplesmente ter um dispositivo m\u00f3vel, um Tablet ou computador desktop, e de qualquer lugar do mundo.<\/li>\n<li>N\u00e3o-residentes na It\u00e1lia, atrav\u00e9s da LottoHoy.com t\u00eam a possibilidade real de acessar esta loteria suculenta e seus grandes jackpots.<\/li>\n<li>bilhete \u00e9 adquirido diretamente do estabelecimento autorizado e desta forma a participa\u00e7\u00e3o \u00e9 real. Ou atrav\u00e9s do seguro.<\/li>\n<li>Entrada instant\u00e2nea dos pr\u00eamios obtidos, ap\u00f3s a publica\u00e7\u00e3o dos <strong>resultados do Superenalotto<\/strong>.<\/li>\n<li>Existe tamb\u00e9m um banco de informa\u00e7\u00f5es de todas as opera\u00e7\u00f5es realizadas, a cust\u00f3dia dos bilhetes adquiridos, evitando desta forma poss\u00edveis perdas ou esquecimento.<\/li>\n<li>Informa\u00e7\u00f5es pontuais sobre todos os jackpots \u00e0 medida que se acumulam, para que a oportunidade de participar neles n\u00e3o seja perdida.<\/li>\n<li>Uma grande variedade de m\u00e9todos de pagamento, rendimentos e levantamentos.<\/li>\n<\/ul>\n<h2><strong>Probabilidade de ganhar um pr\u00eamio na Superenalotto<\/strong><\/h2>\n<p>Veja a quantidade m\u00e9dia de dinheiro que voc\u00ea pode ganhar em cada uma das categorias mais a probabilidade estat\u00edstica de que voc\u00ea vai ganhar o jackpot ou um dos outros pr\u00eamios.<\/p>\n<p><!--more--><\/p>\n","protected":false},"excerpt":{"rendered":"","protected":false},"author":2,"featured_media":0,"parent":3820,"menu_order":5,"comment_status":"closed","ping_status":"closed","template":"superenalotto-info.php","meta":{"_et_pb_use_builder":"","_et_pb_old_content":"","_et_gb_content_width":"","exclude_from_search":false,"footnotes":""},"class_list":["post-3850","page","type-page","status-publish","hentry"],"yoast_head":"<!-- This site is optimized with the Yoast SEO plugin v23.7 - https:\/\/yoast.com\/wordpress\/plugins\/seo\/ -->\n<title>Tudo sobre SuperEnalotto - Loteria Italiana Online - LottoHoy<\/title>\n<meta name=\"description\" content=\"Na loteria da It\u00e1lia \u00e9 bastante freq\u00fcente que barcos multimilion\u00e1rios sejam criados. Obtenha seu ingresso online e adquira um deles!\" \/>\n<meta name=\"robots\" content=\"index, follow, max-snippet:-1, max-image-preview:large, max-video-preview:-1\" \/>\n<link rel=\"canonical\" href=\"https:\/\/lottohoy.com\/pt-pt\/lotarias\/superenalotto\/\" \/>\n<meta property=\"og:locale\" content=\"pt_PT\" \/>\n<meta property=\"og:type\" content=\"article\" \/>\n<meta property=\"og:title\" content=\"Tudo sobre SuperEnalotto - Loteria Italiana Online - LottoHoy\" \/>\n<meta property=\"og:description\" content=\"Na loteria da It\u00e1lia \u00e9 bastante freq\u00fcente que barcos multimilion\u00e1rios sejam criados. Obtenha seu ingresso online e adquira um deles!\" \/>\n<meta property=\"og:url\" content=\"https:\/\/lottohoy.com\/pt-pt\/lotarias\/superenalotto\/\" \/>\n<meta property=\"og:site_name\" content=\"Lottohoy\" \/>\n<meta property=\"article:modified_time\" content=\"2025-02-13T15:18:50+00:00\" \/>\n<meta name=\"twitter:card\" content=\"summary_large_image\" \/>\n<meta name=\"twitter:label1\" content=\"Est. reading time\" \/>\n\t<meta name=\"twitter:data1\" content=\"2 minutes\" \/>\n<script type=\"application\/ld+json\" class=\"yoast-schema-graph\">{\"@context\":\"https:\/\/schema.org\",\"@graph\":[{\"@type\":\"WebPage\",\"@id\":\"https:\/\/lottohoy.com\/pt-pt\/lotarias\/superenalotto\/\",\"url\":\"https:\/\/lottohoy.com\/pt-pt\/lotarias\/superenalotto\/\",\"name\":\"Tudo sobre SuperEnalotto - Loteria Italiana Online - LottoHoy\",\"isPartOf\":{\"@id\":\"https:\/\/lottohoy.com\/pt-pt\/#website\"},\"datePublished\":\"2018-05-03T13:23:35+00:00\",\"dateModified\":\"2025-02-13T15:18:50+00:00\",\"description\":\"Na loteria da It\u00e1lia \u00e9 bastante freq\u00fcente que barcos multimilion\u00e1rios sejam criados. Obtenha seu ingresso online e adquira um deles!\",\"breadcrumb\":{\"@id\":\"https:\/\/lottohoy.com\/pt-pt\/lotarias\/superenalotto\/#breadcrumb\"},\"inLanguage\":\"pt-ts\",\"potentialAction\":[{\"@type\":\"ReadAction\",\"target\":[\"https:\/\/lottohoy.com\/pt-pt\/lotarias\/superenalotto\/\"]}]},{\"@type\":\"BreadcrumbList\",\"@id\":\"https:\/\/lottohoy.com\/pt-pt\/lotarias\/superenalotto\/#breadcrumb\",\"itemListElement\":[{\"@type\":\"ListItem\",\"position\":1,\"name\":\"Home\",\"item\":\"https:\/\/lottohoy.com\/pt-pt\/\"},{\"@type\":\"ListItem\",\"position\":2,\"name\":\"Tudo sobre a loteria online\",\"item\":\"https:\/\/lottohoy.com\/pt-pt\/lotarias\/\"},{\"@type\":\"ListItem\",\"position\":3,\"name\":\"Informa\u00e7\u00e3o SuperEnalotto\"}]},{\"@type\":\"WebSite\",\"@id\":\"https:\/\/lottohoy.com\/pt-pt\/#website\",\"url\":\"https:\/\/lottohoy.com\/pt-pt\/\",\"name\":\"Lottohoy\",\"description\":\"\",\"potentialAction\":[{\"@type\":\"SearchAction\",\"target\":{\"@type\":\"EntryPoint\",\"urlTemplate\":\"https:\/\/lottohoy.com\/pt-pt\/?s={search_term_string}\"},\"query-input\":{\"@type\":\"PropertyValueSpecification\",\"valueRequired\":true,\"valueName\":\"search_term_string\"}}],\"inLanguage\":\"pt-ts\"}]}<\/script>\n<!-- \/ Yoast SEO plugin. -->","yoast_head_json":{"title":"Tudo sobre SuperEnalotto - Loteria Italiana Online - LottoHoy","description":"Na loteria da It\u00e1lia \u00e9 bastante freq\u00fcente que barcos multimilion\u00e1rios sejam criados. Obtenha seu ingresso online e adquira um deles!","robots":{"index":"index","follow":"follow","max-snippet":"max-snippet:-1","max-image-preview":"max-image-preview:large","max-video-preview":"max-video-preview:-1"},"canonical":"https:\/\/lottohoy.com\/pt-pt\/lotarias\/superenalotto\/","og_locale":"pt_PT","og_type":"article","og_title":"Tudo sobre SuperEnalotto - Loteria Italiana Online - LottoHoy","og_description":"Na loteria da It\u00e1lia \u00e9 bastante freq\u00fcente que barcos multimilion\u00e1rios sejam criados. Obtenha seu ingresso online e adquira um deles!","og_url":"https:\/\/lottohoy.com\/pt-pt\/lotarias\/superenalotto\/","og_site_name":"Lottohoy","article_modified_time":"2025-02-13T15:18:50+00:00","twitter_card":"summary_large_image","twitter_misc":{"Est. reading time":"2 minutes"},"schema":{"@context":"https:\/\/schema.org","@graph":[{"@type":"WebPage","@id":"https:\/\/lottohoy.com\/pt-pt\/lotarias\/superenalotto\/","url":"https:\/\/lottohoy.com\/pt-pt\/lotarias\/superenalotto\/","name":"Tudo sobre SuperEnalotto - Loteria Italiana Online - LottoHoy","isPartOf":{"@id":"https:\/\/lottohoy.com\/pt-pt\/#website"},"datePublished":"2018-05-03T13:23:35+00:00","dateModified":"2025-02-13T15:18:50+00:00","description":"Na loteria da It\u00e1lia \u00e9 bastante freq\u00fcente que barcos multimilion\u00e1rios sejam criados. Obtenha seu ingresso online e adquira um deles!","breadcrumb":{"@id":"https:\/\/lottohoy.com\/pt-pt\/lotarias\/superenalotto\/#breadcrumb"},"inLanguage":"pt-ts","potentialAction":[{"@type":"ReadAction","target":["https:\/\/lottohoy.com\/pt-pt\/lotarias\/superenalotto\/"]}]},{"@type":"BreadcrumbList","@id":"https:\/\/lottohoy.com\/pt-pt\/lotarias\/superenalotto\/#breadcrumb","itemListElement":[{"@type":"ListItem","position":1,"name":"Home","item":"https:\/\/lottohoy.com\/pt-pt\/"},{"@type":"ListItem","position":2,"name":"Tudo sobre a loteria online","item":"https:\/\/lottohoy.com\/pt-pt\/lotarias\/"},{"@type":"ListItem","position":3,"name":"Informa\u00e7\u00e3o SuperEnalotto"}]},{"@type":"WebSite","@id":"https:\/\/lottohoy.com\/pt-pt\/#website","url":"https:\/\/lottohoy.com\/pt-pt\/","name":"Lottohoy","description":"","potentialAction":[{"@type":"SearchAction","target":{"@type":"EntryPoint","urlTemplate":"https:\/\/lottohoy.com\/pt-pt\/?s={search_term_string}"},"query-input":{"@type":"PropertyValueSpecification","valueRequired":true,"valueName":"search_term_string"}}],"inLanguage":"pt-ts"}]}},"_links":{"self":[{"href":"https:\/\/lottohoy.com\/pt-pt\/wp-json\/wp\/v2\/pages\/3850","targetHints":{"allow":["GET"]}}],"collection":[{"href":"https:\/\/lottohoy.com\/pt-pt\/wp-json\/wp\/v2\/pages"}],"about":[{"href":"https:\/\/lottohoy.com\/pt-pt\/wp-json\/wp\/v2\/types\/page"}],"author":[{"embeddable":true,"href":"https:\/\/lottohoy.com\/pt-pt\/wp-json\/wp\/v2\/users\/2"}],"replies":[{"embeddable":true,"href":"https:\/\/lottohoy.com\/pt-pt\/wp-json\/wp\/v2\/comments?post=3850"}],"version-history":[{"count":1,"href":"https:\/\/lottohoy.com\/pt-pt\/wp-json\/wp\/v2\/pages\/3850\/revisions"}],"predecessor-version":[{"id":10890,"href":"https:\/\/lottohoy.com\/pt-pt\/wp-json\/wp\/v2\/pages\/3850\/revisions\/10890"}],"up":[{"embeddable":true,"href":"https:\/\/lottohoy.com\/pt-pt\/wp-json\/wp\/v2\/pages\/3820"}],"wp:attachment":[{"href":"https:\/\/lottohoy.com\/pt-pt\/wp-json\/wp\/v2\/media?parent=3850"}],"curies":[{"name":"wp","href":"https:\/\/api.w.org\/{rel}","templated":true}]}}