{"id":3848,"date":"2018-08-23T10:32:43","date_gmt":"2018-08-23T09:32:43","guid":{"rendered":"https:\/\/www.lottohoy.com\/?page_id=3848"},"modified":"2025-03-25T15:22:21","modified_gmt":"2025-03-25T15:22:21","slug":"saturday-lotto-au","status":"publish","type":"page","link":"https:\/\/lottohoy.com\/pt-pt\/lotarias\/saturday-lotto-au\/","title":{"rendered":"Informa\u00e7\u00e3o Saturday Lotto"},"content":{"rendered":"<p><!--more--><\/p>\n<p>A Saturday Lotto \u00e9 uma loteria nacional australiana que \u00e9 sorteada nas noites de s\u00e1bado. Apesar de ser uma loteria nacional, \u00e9 reconhecida com v\u00e1rios nomes, dependendo do territ\u00f3rio onde \u00e9 comercializada.<\/p>\n<h2><strong>Regras da Saturday Lotto<\/strong><\/h2>\n<p>A Saturday Lotto \u00e9 uma loteria que \u00e9 f\u00e1cil de entender e apostar. O jogador tem simplesmente de escolher 6 n\u00fameros de entre 45 poss\u00edveis, correspondentes a bolas numeradas de 1 a 45 inclusive.<\/p>\n<p>Os pr\u00eamios s\u00e3o divididos em categorias de acordo com os sucessos dos jogadores e mostrados nesta caixa:<\/p>\n<table>\n<tbody>\n<tr>\n<td style=\"text-align: center;\"><span style=\"color: #993366;\"><strong>Cat\u00e9gories<\/strong><\/span><\/td>\n<td style=\"text-align: center;\"><span style=\"color: #993366;\"><strong>Resultados<\/strong><\/span><\/td>\n<\/tr>\n<tr>\n<td style=\"text-align: center;\">I<\/td>\n<td>6 Precis\u00e3o<\/td>\n<\/tr>\n<tr>\n<td style=\"text-align: center;\">II<\/td>\n<td>5 Precis\u00e3o + 1 o 2 Bolas complementares<\/td>\n<\/tr>\n<tr>\n<td style=\"text-align: center;\">III<\/td>\n<td>5 Precis\u00e3o<\/td>\n<\/tr>\n<tr>\n<td style=\"text-align: center;\">IV<\/td>\n<td>4 Precis\u00e3o<\/td>\n<\/tr>\n<tr>\n<td style=\"text-align: center;\">V<\/td>\n<td>3 Precis\u00e3o + 1 o 2 Bolas complementares<\/td>\n<\/tr>\n<tr>\n<td style=\"text-align: center;\">VI<\/td>\n<td>1 o 2 Precis\u00e3o + as 2 Bolas complementares<\/td>\n<\/tr>\n<\/tbody>\n<\/table>\n<p>A idade m\u00ednima para comprar produtos da loteria \u00e9 18 anos em todos os estados, exceto no oeste da Austr\u00e1lia, onde a idade foi reduzida para 16 anos.<\/p>\n<h2><strong>O que s\u00e3o n\u00fameros suplementares da Saturday Lotto?<\/strong><\/h2>\n<p>Al\u00e9m das seis bolas que comp\u00f5em a combina\u00e7\u00e3o de n\u00fameros ganhadores, mais 2 bolas chamadas &#8220;complementares&#8221; s\u00e3o sorteadas.<\/p>\n<p>Estas bolas extras ou complementares n\u00e3o influenciam a categoria de pr\u00eamio m\u00e1xima, mas servem para determinar as categorias de segundo e quinto pr\u00eamios.<\/p>\n<p>Al\u00e9m disso, estes n\u00fameros complementares s\u00e3o necess\u00e1rios para complementar 1 ou 2 sucessos dos n\u00fameros da combina\u00e7\u00e3o principal, e isso configurar\u00e1 a sexta categoria de pr\u00eamio.<\/p>\n<h2><strong>Jackpot da Saturday Lotto<\/strong><\/h2>\n<p>Na Saturday Lotto, o pr\u00eamio da primeira categoria n\u00e3o pode ser considerado como um jackpot no estilo de outras loterias, j\u00e1 que o pr\u00eamio \u00e9 predeterminado antecipadamente.<\/p>\n<p>Este pr\u00e9mio \u00e9 de AUD $1.000.000 por vencedor at\u00e9 um m\u00e1ximo de 4 milh\u00f5es.<\/p>\n<p>Se houver mais de quatro vencedores, este montante total de AUD $4,000,000 \u00e9 dividido igualmente entre todos os vencedores.<\/p>\n<p>Em geral, e porque \u00e9 relativamente f\u00e1cil combinar os 6 n\u00fameros de 45, \u00e9 muito comum que muitos sorteios tenham v\u00e1rios vencedores de primeira classe e que o pr\u00eamio seja dividido.<\/p>\n<p><!--more--><\/p>\n","protected":false},"excerpt":{"rendered":"","protected":false},"author":2,"featured_media":0,"parent":3820,"menu_order":19,"comment_status":"closed","ping_status":"closed","template":"saturday-lotto-info.php","meta":{"_et_pb_use_builder":"","_et_pb_old_content":"","_et_gb_content_width":"","exclude_from_search":false,"footnotes":""},"class_list":["post-3848","page","type-page","status-publish","hentry"],"yoast_head":"<!-- This site is optimized with the Yoast SEO plugin v23.7 - https:\/\/yoast.com\/wordpress\/plugins\/seo\/ -->\n<title>Informa\u00e7\u00f5es sobre a Saturday Lotto - Ganhe pr\u00eamios na Austr\u00e1lia<\/title>\n<meta name=\"description\" content=\"A Saturday Lotto \u00e9 uma loteria nacional australiana que \u00e9 sorteada todos os s\u00e1bados \u00e0 noite. Aprende as suas regras e come\u00e7a a ganhar.\" \/>\n<meta name=\"robots\" content=\"index, follow, max-snippet:-1, max-image-preview:large, max-video-preview:-1\" \/>\n<link rel=\"canonical\" href=\"https:\/\/lottohoy.com\/pt-pt\/lotarias\/saturday-lotto-au\/\" \/>\n<meta property=\"og:locale\" content=\"pt_PT\" \/>\n<meta property=\"og:type\" content=\"article\" \/>\n<meta property=\"og:title\" content=\"Informa\u00e7\u00f5es sobre a Saturday Lotto - Ganhe pr\u00eamios na Austr\u00e1lia\" \/>\n<meta property=\"og:description\" content=\"A Saturday Lotto \u00e9 uma loteria nacional australiana que \u00e9 sorteada todos os s\u00e1bados \u00e0 noite. Aprende as suas regras e come\u00e7a a ganhar.\" \/>\n<meta property=\"og:url\" content=\"https:\/\/lottohoy.com\/pt-pt\/lotarias\/saturday-lotto-au\/\" \/>\n<meta property=\"og:site_name\" content=\"Lottohoy\" \/>\n<meta property=\"article:modified_time\" content=\"2025-03-25T15:22:21+00:00\" \/>\n<meta name=\"twitter:card\" content=\"summary_large_image\" \/>\n<meta name=\"twitter:label1\" content=\"Est. reading time\" \/>\n\t<meta name=\"twitter:data1\" content=\"2 minutes\" \/>\n<script type=\"application\/ld+json\" class=\"yoast-schema-graph\">{\"@context\":\"https:\/\/schema.org\",\"@graph\":[{\"@type\":\"WebPage\",\"@id\":\"https:\/\/lottohoy.com\/pt-pt\/lotarias\/saturday-lotto-au\/\",\"url\":\"https:\/\/lottohoy.com\/pt-pt\/lotarias\/saturday-lotto-au\/\",\"name\":\"Informa\u00e7\u00f5es sobre a Saturday Lotto - Ganhe pr\u00eamios na Austr\u00e1lia\",\"isPartOf\":{\"@id\":\"https:\/\/lottohoy.com\/pt-pt\/#website\"},\"datePublished\":\"2018-08-23T09:32:43+00:00\",\"dateModified\":\"2025-03-25T15:22:21+00:00\",\"description\":\"A Saturday Lotto \u00e9 uma loteria nacional australiana que \u00e9 sorteada todos os s\u00e1bados \u00e0 noite. Aprende as suas regras e come\u00e7a a ganhar.\",\"breadcrumb\":{\"@id\":\"https:\/\/lottohoy.com\/pt-pt\/lotarias\/saturday-lotto-au\/#breadcrumb\"},\"inLanguage\":\"pt-ts\",\"potentialAction\":[{\"@type\":\"ReadAction\",\"target\":[\"https:\/\/lottohoy.com\/pt-pt\/lotarias\/saturday-lotto-au\/\"]}]},{\"@type\":\"BreadcrumbList\",\"@id\":\"https:\/\/lottohoy.com\/pt-pt\/lotarias\/saturday-lotto-au\/#breadcrumb\",\"itemListElement\":[{\"@type\":\"ListItem\",\"position\":1,\"name\":\"Home\",\"item\":\"https:\/\/lottohoy.com\/pt-pt\/\"},{\"@type\":\"ListItem\",\"position\":2,\"name\":\"Tudo sobre a loteria online\",\"item\":\"https:\/\/lottohoy.com\/pt-pt\/lotarias\/\"},{\"@type\":\"ListItem\",\"position\":3,\"name\":\"Informa\u00e7\u00e3o Saturday Lotto\"}]},{\"@type\":\"WebSite\",\"@id\":\"https:\/\/lottohoy.com\/pt-pt\/#website\",\"url\":\"https:\/\/lottohoy.com\/pt-pt\/\",\"name\":\"Lottohoy\",\"description\":\"\",\"potentialAction\":[{\"@type\":\"SearchAction\",\"target\":{\"@type\":\"EntryPoint\",\"urlTemplate\":\"https:\/\/lottohoy.com\/pt-pt\/?s={search_term_string}\"},\"query-input\":{\"@type\":\"PropertyValueSpecification\",\"valueRequired\":true,\"valueName\":\"search_term_string\"}}],\"inLanguage\":\"pt-ts\"}]}<\/script>\n<!-- \/ Yoast SEO plugin. -->","yoast_head_json":{"title":"Informa\u00e7\u00f5es sobre a Saturday Lotto - Ganhe pr\u00eamios na Austr\u00e1lia","description":"A Saturday Lotto \u00e9 uma loteria nacional australiana que \u00e9 sorteada todos os s\u00e1bados \u00e0 noite. Aprende as suas regras e come\u00e7a a ganhar.","robots":{"index":"index","follow":"follow","max-snippet":"max-snippet:-1","max-image-preview":"max-image-preview:large","max-video-preview":"max-video-preview:-1"},"canonical":"https:\/\/lottohoy.com\/pt-pt\/lotarias\/saturday-lotto-au\/","og_locale":"pt_PT","og_type":"article","og_title":"Informa\u00e7\u00f5es sobre a Saturday Lotto - Ganhe pr\u00eamios na Austr\u00e1lia","og_description":"A Saturday Lotto \u00e9 uma loteria nacional australiana que \u00e9 sorteada todos os s\u00e1bados \u00e0 noite. Aprende as suas regras e come\u00e7a a ganhar.","og_url":"https:\/\/lottohoy.com\/pt-pt\/lotarias\/saturday-lotto-au\/","og_site_name":"Lottohoy","article_modified_time":"2025-03-25T15:22:21+00:00","twitter_card":"summary_large_image","twitter_misc":{"Est. reading time":"2 minutes"},"schema":{"@context":"https:\/\/schema.org","@graph":[{"@type":"WebPage","@id":"https:\/\/lottohoy.com\/pt-pt\/lotarias\/saturday-lotto-au\/","url":"https:\/\/lottohoy.com\/pt-pt\/lotarias\/saturday-lotto-au\/","name":"Informa\u00e7\u00f5es sobre a Saturday Lotto - Ganhe pr\u00eamios na Austr\u00e1lia","isPartOf":{"@id":"https:\/\/lottohoy.com\/pt-pt\/#website"},"datePublished":"2018-08-23T09:32:43+00:00","dateModified":"2025-03-25T15:22:21+00:00","description":"A Saturday Lotto \u00e9 uma loteria nacional australiana que \u00e9 sorteada todos os s\u00e1bados \u00e0 noite. Aprende as suas regras e come\u00e7a a ganhar.","breadcrumb":{"@id":"https:\/\/lottohoy.com\/pt-pt\/lotarias\/saturday-lotto-au\/#breadcrumb"},"inLanguage":"pt-ts","potentialAction":[{"@type":"ReadAction","target":["https:\/\/lottohoy.com\/pt-pt\/lotarias\/saturday-lotto-au\/"]}]},{"@type":"BreadcrumbList","@id":"https:\/\/lottohoy.com\/pt-pt\/lotarias\/saturday-lotto-au\/#breadcrumb","itemListElement":[{"@type":"ListItem","position":1,"name":"Home","item":"https:\/\/lottohoy.com\/pt-pt\/"},{"@type":"ListItem","position":2,"name":"Tudo sobre a loteria online","item":"https:\/\/lottohoy.com\/pt-pt\/lotarias\/"},{"@type":"ListItem","position":3,"name":"Informa\u00e7\u00e3o Saturday Lotto"}]},{"@type":"WebSite","@id":"https:\/\/lottohoy.com\/pt-pt\/#website","url":"https:\/\/lottohoy.com\/pt-pt\/","name":"Lottohoy","description":"","potentialAction":[{"@type":"SearchAction","target":{"@type":"EntryPoint","urlTemplate":"https:\/\/lottohoy.com\/pt-pt\/?s={search_term_string}"},"query-input":{"@type":"PropertyValueSpecification","valueRequired":true,"valueName":"search_term_string"}}],"inLanguage":"pt-ts"}]}},"_links":{"self":[{"href":"https:\/\/lottohoy.com\/pt-pt\/wp-json\/wp\/v2\/pages\/3848","targetHints":{"allow":["GET"]}}],"collection":[{"href":"https:\/\/lottohoy.com\/pt-pt\/wp-json\/wp\/v2\/pages"}],"about":[{"href":"https:\/\/lottohoy.com\/pt-pt\/wp-json\/wp\/v2\/types\/page"}],"author":[{"embeddable":true,"href":"https:\/\/lottohoy.com\/pt-pt\/wp-json\/wp\/v2\/users\/2"}],"replies":[{"embeddable":true,"href":"https:\/\/lottohoy.com\/pt-pt\/wp-json\/wp\/v2\/comments?post=3848"}],"version-history":[{"count":2,"href":"https:\/\/lottohoy.com\/pt-pt\/wp-json\/wp\/v2\/pages\/3848\/revisions"}],"predecessor-version":[{"id":10957,"href":"https:\/\/lottohoy.com\/pt-pt\/wp-json\/wp\/v2\/pages\/3848\/revisions\/10957"}],"up":[{"embeddable":true,"href":"https:\/\/lottohoy.com\/pt-pt\/wp-json\/wp\/v2\/pages\/3820"}],"wp:attachment":[{"href":"https:\/\/lottohoy.com\/pt-pt\/wp-json\/wp\/v2\/media?parent=3848"}],"curies":[{"name":"wp","href":"https:\/\/api.w.org\/{rel}","templated":true}]}}