{"id":3845,"date":"2018-05-03T14:23:34","date_gmt":"2018-05-03T13:23:34","guid":{"rendered":"https:\/\/www.lottohoy.com\/?page_id=3845"},"modified":"2025-03-19T10:31:38","modified_gmt":"2025-03-19T10:31:38","slug":"powerball","status":"publish","type":"page","link":"https:\/\/lottohoy.com\/pt-pt\/lotarias\/powerball\/","title":{"rendered":"Informa\u00e7\u00e3o Powerball"},"content":{"rendered":"<p><!--more--><\/p>\n<h2><strong>Loteria Powerball<\/strong><\/h2>\n<p>A <strong>Powerball <\/strong>\u00e9 a loteria mais importante da Am\u00e9rica (junto com a <a href=\"https:\/\/lottohoy.com\/pt-pt\/jogar\/mega-millions\/\"><span style=\"color: #993366;\"><strong>MegaMillions<\/strong><\/span><\/a>), s\u00e3o as &#8220;loterias&#8221; com maior impacto na Am\u00e9rica. \u00c9 jogado em 44 estados, mais Porto Rico e as Ilhas Virgens Americanas. E a partir de agora voc\u00ea tamb\u00e9m pode <a href=\"https:\/\/lottohoy.com\/pt-pt\/jogar\/powerball\/\"><span style=\"color: #993366;\"><strong>comprar Powerball online <\/strong><\/span><\/a>na LottoHoy.<\/p>\n<p>A caracter\u00edstica mais caracter\u00edstica dessa loteria \u00e9 que ela tem um <strong>jackpot m\u00ednimo inicial de 40 milh\u00f5es <\/strong>de d\u00f3lares que ser\u00e1 aumentado sem limite se n\u00e3o houver vencedores da primeira categoria.<\/p>\n<p>Os <strong>vencedores do pr\u00eamio da categoria especial<\/strong> podem optar por receber o pr\u00eamio em dinheiro de uma s\u00f3 vez (menos impostos e despesas) ou receb\u00ea-lo dividido em 30 anuidades.<\/p>\n<p>N\u00e3o h\u00e1 limite para a quantidade de jackpots consecutivos. O \u00faltimo <strong>grande jackpot da Powerball<\/strong> foi de <strong>1,5 mil milh\u00f5es<\/strong> de d\u00f3lares.<\/p>\n<h2><strong>Quando \u00e9 que o Powerball \u00e9 jogado?<\/strong><\/h2>\n<p>Os sorteios oficiais da Powerball s\u00e3o realizados todas as <strong>segundas<\/strong>, <strong>quartas-feiras e s\u00e1bados \u00e0s 22:59. (hora de EAST)<\/strong> na Florida, Estados Unidos.<\/p>\n<p>Os desenhos s\u00e3o televisionados em todo o pa\u00eds, e logo depois, uma vez feito o escrut\u00ednio final, voc\u00ea pode ver o <a href=\"https:\/\/lottohoy.com\/pt-pt\/resultados\/powerball\/\"><span style=\"color: #993366;\"><strong>resultado oficial do Powerball<\/strong> <\/span><\/a>em nossa plataforma online.<\/p>\n<h2><strong>Quanto custa o jackpot da Powerball?<\/strong><\/h2>\n<p>A <strong>loteria americana Powerball<\/strong> estabeleceu em seus regulamentos um pr\u00eamio inicial m\u00ednimo de <strong>40 milh\u00f5es de d\u00f3lares<\/strong> para a primeira categoria. Este m\u00ednimo \u00e9 aumentado de acordo com o dinheiro arrecadado para o sorteio.<\/p>\n<p>Se n\u00e3o houver vencedor do primeiro pr\u00eamio, todo o dinheiro para essa categoria \u00e9 acumulado para o pr\u00f3ximo sorteio at\u00e9 o valor correspondente a essa primeira categoria, criando <strong>um grande jackpot<\/strong>.<\/p>\n<p>A acumula\u00e7\u00e3o de jackpots n\u00e3o tem limite, e pode chegar a valores significativos, como o maior registrado <del>que atingiu um valor acima de <\/del><strong><del>1.500 milh\u00f5es de d\u00f3lares<\/del>. <\/strong>No in\u00edcio de 2025, o maior jackpot obtido foi de US$ 2.040 milh\u00f5es<\/p>\n<h2><strong>Vantagens de jogar Powerball online<\/strong><\/h2>\n<p>H\u00e1 muitas vantagens em <a href=\"https:\/\/lottohoy.com\/pt-pt\/jogar\/powerball\/\"><span style=\"color: #993366;\"><strong>jogar Powerball <\/strong><\/span><\/a>na LottoHoy para faz\u00ea-lo atrav\u00e9s de pontos de venda f\u00edsicos. Aqui est\u00e3o alguns deles:<\/p>\n<ul>\n<li>A conveni\u00eancia de poder jogar a <strong>qualquer hora<\/strong> do dia ou da noite, 24\/7.<\/li>\n<li>Pode jogar a partir de <strong>qualquer dispositivo<\/strong> m\u00f3vel, tablet ou computador.<\/li>\n<li><strong>Qualquer um pode jogar<\/strong> de qualquer lugar com uma simples conex\u00e3o de internet.<\/li>\n<li>\u00c9 <strong>100% seguro<\/strong>. O bilhete \u00e9 adquirido diretamente do estabelecimento autorizado (ou entidade que oferece servi\u00e7o) e desta forma a <strong>participa\u00e7\u00e3o \u00e9 real.<\/strong><\/li>\n<li>Os <strong>pr\u00e9mios s\u00e3o automaticamente creditados<\/strong> na sua conta de utilizador ap\u00f3s cada sorteio.<\/li>\n<li>\u00c9 poss\u00edvel consultar todas as opera\u00e7\u00f5es executadas a partir do <a href=\"https:\/\/lottohoy.com\/pt-pt\/registo-abra-a-sua-conta-de-jogador\/\"><span style=\"color: #993366;\"><strong>perfil do usu\u00e1rio.<\/strong><\/span><\/a><\/li>\n<li>A <strong>cust\u00f3dia dos bilhetes<\/strong> adquiridos, evitando desta forma poss\u00edveis perdas ou esquecimento.<\/li>\n<li>Uma <strong>grande variedade de m\u00e9todos de pagamento<\/strong>, rendimentos e levantamentos.<\/li>\n<\/ul>\n<h2><strong>Possibilidades de ganhar o PowerBall<\/strong><\/h2>\n<p>Abaixo voc\u00ea pode ver a <strong>probabilidade de ser o<\/strong> vencedor em cada uma das categorias do Powerball.<\/p>\n<p><!--more--><\/p>\n","protected":false},"excerpt":{"rendered":"","protected":false},"author":2,"featured_media":0,"parent":3820,"menu_order":1,"comment_status":"closed","ping_status":"closed","template":"powerball-usa-info.php","meta":{"_et_pb_use_builder":"","_et_pb_old_content":"","_et_gb_content_width":"","exclude_from_search":false,"footnotes":""},"class_list":["post-3845","page","type-page","status-publish","hentry"],"yoast_head":"<!-- This site is optimized with the Yoast SEO plugin v23.7 - https:\/\/yoast.com\/wordpress\/plugins\/seo\/ -->\n<title>Informa\u00e7\u00f5es sobre a loteria Powerball USA - LottoHoy.com<\/title>\n<meta name=\"description\" content=\"A Powerball \u00e9 a loteria mais importante dos EUA (junto com o MegaMilh\u00f5es). E agora voc\u00ea pode jogar de qualquer lugar do mundo com o LottoHoy.\" \/>\n<meta name=\"robots\" content=\"index, follow, max-snippet:-1, max-image-preview:large, max-video-preview:-1\" \/>\n<link rel=\"canonical\" href=\"https:\/\/lottohoy.com\/pt-pt\/lotarias\/powerball\/\" \/>\n<meta property=\"og:locale\" content=\"pt_PT\" \/>\n<meta property=\"og:type\" content=\"article\" \/>\n<meta property=\"og:title\" content=\"Informa\u00e7\u00f5es sobre a loteria Powerball USA - LottoHoy.com\" \/>\n<meta property=\"og:description\" content=\"A Powerball \u00e9 a loteria mais importante dos EUA (junto com o MegaMilh\u00f5es). E agora voc\u00ea pode jogar de qualquer lugar do mundo com o LottoHoy.\" \/>\n<meta property=\"og:url\" content=\"https:\/\/lottohoy.com\/pt-pt\/lotarias\/powerball\/\" \/>\n<meta property=\"og:site_name\" content=\"Lottohoy\" \/>\n<meta property=\"article:modified_time\" content=\"2025-03-19T10:31:38+00:00\" \/>\n<meta name=\"twitter:card\" content=\"summary_large_image\" \/>\n<meta name=\"twitter:label1\" content=\"Est. reading time\" \/>\n\t<meta name=\"twitter:data1\" content=\"2 minutes\" \/>\n<script type=\"application\/ld+json\" class=\"yoast-schema-graph\">{\"@context\":\"https:\/\/schema.org\",\"@graph\":[{\"@type\":\"WebPage\",\"@id\":\"https:\/\/lottohoy.com\/pt-pt\/lotarias\/powerball\/\",\"url\":\"https:\/\/lottohoy.com\/pt-pt\/lotarias\/powerball\/\",\"name\":\"Informa\u00e7\u00f5es sobre a loteria Powerball USA - LottoHoy.com\",\"isPartOf\":{\"@id\":\"https:\/\/lottohoy.com\/pt-pt\/#website\"},\"datePublished\":\"2018-05-03T13:23:34+00:00\",\"dateModified\":\"2025-03-19T10:31:38+00:00\",\"description\":\"A Powerball \u00e9 a loteria mais importante dos EUA (junto com o MegaMilh\u00f5es). E agora voc\u00ea pode jogar de qualquer lugar do mundo com o LottoHoy.\",\"breadcrumb\":{\"@id\":\"https:\/\/lottohoy.com\/pt-pt\/lotarias\/powerball\/#breadcrumb\"},\"inLanguage\":\"pt-ts\",\"potentialAction\":[{\"@type\":\"ReadAction\",\"target\":[\"https:\/\/lottohoy.com\/pt-pt\/lotarias\/powerball\/\"]}]},{\"@type\":\"BreadcrumbList\",\"@id\":\"https:\/\/lottohoy.com\/pt-pt\/lotarias\/powerball\/#breadcrumb\",\"itemListElement\":[{\"@type\":\"ListItem\",\"position\":1,\"name\":\"Home\",\"item\":\"https:\/\/lottohoy.com\/pt-pt\/\"},{\"@type\":\"ListItem\",\"position\":2,\"name\":\"Tudo sobre a loteria online\",\"item\":\"https:\/\/lottohoy.com\/pt-pt\/lotarias\/\"},{\"@type\":\"ListItem\",\"position\":3,\"name\":\"Informa\u00e7\u00e3o Powerball\"}]},{\"@type\":\"WebSite\",\"@id\":\"https:\/\/lottohoy.com\/pt-pt\/#website\",\"url\":\"https:\/\/lottohoy.com\/pt-pt\/\",\"name\":\"Lottohoy\",\"description\":\"\",\"potentialAction\":[{\"@type\":\"SearchAction\",\"target\":{\"@type\":\"EntryPoint\",\"urlTemplate\":\"https:\/\/lottohoy.com\/pt-pt\/?s={search_term_string}\"},\"query-input\":{\"@type\":\"PropertyValueSpecification\",\"valueRequired\":true,\"valueName\":\"search_term_string\"}}],\"inLanguage\":\"pt-ts\"}]}<\/script>\n<!-- \/ Yoast SEO plugin. -->","yoast_head_json":{"title":"Informa\u00e7\u00f5es sobre a loteria Powerball USA - LottoHoy.com","description":"A Powerball \u00e9 a loteria mais importante dos EUA (junto com o MegaMilh\u00f5es). E agora voc\u00ea pode jogar de qualquer lugar do mundo com o LottoHoy.","robots":{"index":"index","follow":"follow","max-snippet":"max-snippet:-1","max-image-preview":"max-image-preview:large","max-video-preview":"max-video-preview:-1"},"canonical":"https:\/\/lottohoy.com\/pt-pt\/lotarias\/powerball\/","og_locale":"pt_PT","og_type":"article","og_title":"Informa\u00e7\u00f5es sobre a loteria Powerball USA - LottoHoy.com","og_description":"A Powerball \u00e9 a loteria mais importante dos EUA (junto com o MegaMilh\u00f5es). E agora voc\u00ea pode jogar de qualquer lugar do mundo com o LottoHoy.","og_url":"https:\/\/lottohoy.com\/pt-pt\/lotarias\/powerball\/","og_site_name":"Lottohoy","article_modified_time":"2025-03-19T10:31:38+00:00","twitter_card":"summary_large_image","twitter_misc":{"Est. reading time":"2 minutes"},"schema":{"@context":"https:\/\/schema.org","@graph":[{"@type":"WebPage","@id":"https:\/\/lottohoy.com\/pt-pt\/lotarias\/powerball\/","url":"https:\/\/lottohoy.com\/pt-pt\/lotarias\/powerball\/","name":"Informa\u00e7\u00f5es sobre a loteria Powerball USA - LottoHoy.com","isPartOf":{"@id":"https:\/\/lottohoy.com\/pt-pt\/#website"},"datePublished":"2018-05-03T13:23:34+00:00","dateModified":"2025-03-19T10:31:38+00:00","description":"A Powerball \u00e9 a loteria mais importante dos EUA (junto com o MegaMilh\u00f5es). E agora voc\u00ea pode jogar de qualquer lugar do mundo com o LottoHoy.","breadcrumb":{"@id":"https:\/\/lottohoy.com\/pt-pt\/lotarias\/powerball\/#breadcrumb"},"inLanguage":"pt-ts","potentialAction":[{"@type":"ReadAction","target":["https:\/\/lottohoy.com\/pt-pt\/lotarias\/powerball\/"]}]},{"@type":"BreadcrumbList","@id":"https:\/\/lottohoy.com\/pt-pt\/lotarias\/powerball\/#breadcrumb","itemListElement":[{"@type":"ListItem","position":1,"name":"Home","item":"https:\/\/lottohoy.com\/pt-pt\/"},{"@type":"ListItem","position":2,"name":"Tudo sobre a loteria online","item":"https:\/\/lottohoy.com\/pt-pt\/lotarias\/"},{"@type":"ListItem","position":3,"name":"Informa\u00e7\u00e3o Powerball"}]},{"@type":"WebSite","@id":"https:\/\/lottohoy.com\/pt-pt\/#website","url":"https:\/\/lottohoy.com\/pt-pt\/","name":"Lottohoy","description":"","potentialAction":[{"@type":"SearchAction","target":{"@type":"EntryPoint","urlTemplate":"https:\/\/lottohoy.com\/pt-pt\/?s={search_term_string}"},"query-input":{"@type":"PropertyValueSpecification","valueRequired":true,"valueName":"search_term_string"}}],"inLanguage":"pt-ts"}]}},"_links":{"self":[{"href":"https:\/\/lottohoy.com\/pt-pt\/wp-json\/wp\/v2\/pages\/3845","targetHints":{"allow":["GET"]}}],"collection":[{"href":"https:\/\/lottohoy.com\/pt-pt\/wp-json\/wp\/v2\/pages"}],"about":[{"href":"https:\/\/lottohoy.com\/pt-pt\/wp-json\/wp\/v2\/types\/page"}],"author":[{"embeddable":true,"href":"https:\/\/lottohoy.com\/pt-pt\/wp-json\/wp\/v2\/users\/2"}],"replies":[{"embeddable":true,"href":"https:\/\/lottohoy.com\/pt-pt\/wp-json\/wp\/v2\/comments?post=3845"}],"version-history":[{"count":4,"href":"https:\/\/lottohoy.com\/pt-pt\/wp-json\/wp\/v2\/pages\/3845\/revisions"}],"predecessor-version":[{"id":16315,"href":"https:\/\/lottohoy.com\/pt-pt\/wp-json\/wp\/v2\/pages\/3845\/revisions\/16315"}],"up":[{"embeddable":true,"href":"https:\/\/lottohoy.com\/pt-pt\/wp-json\/wp\/v2\/pages\/3820"}],"wp:attachment":[{"href":"https:\/\/lottohoy.com\/pt-pt\/wp-json\/wp\/v2\/media?parent=3845"}],"curies":[{"name":"wp","href":"https:\/\/api.w.org\/{rel}","templated":true}]}}