{"id":3843,"date":"2018-08-21T10:29:37","date_gmt":"2018-08-21T09:29:37","guid":{"rendered":"https:\/\/www.lottohoy.com\/?page_id=3843"},"modified":"2025-03-25T15:13:52","modified_gmt":"2025-03-25T15:13:52","slug":"powerball-au","status":"publish","type":"page","link":"https:\/\/lottohoy.com\/pt-pt\/lotarias\/powerball-au\/","title":{"rendered":"Informa\u00e7\u00e3o Powerball AU"},"content":{"rendered":"<p><!--more--><\/p>\n<p>A PowerBall AU surgiu no mercado em 23 de Mar\u00e7o de 1996. Inicialmente o jogador tinha que escolher 5 n\u00fameros dos 45 que formavam a primeira parte da mesa, e tamb\u00e9m escolher 1 n\u00famero adicional conhecido como &#8220;powerball&#8221; do segundo grupo.<\/p>\n<h2><strong>Regras Powerball AU<\/strong><\/h2>\n<p>Em mar\u00e7o de 2013, o regulamento foi alterado e determinou-se que a combina\u00e7\u00e3o vencedora deveria ser obtida a partir de 6 n\u00fameros em 40 do primeiro grupo da matriz, e uma bola em 20 n\u00fameros poss\u00edveis a partir do fundo. Esta altera\u00e7\u00e3o levou \u00e0 introdu\u00e7\u00e3o de uma nova categoria de pr\u00e9mios.<\/p>\n<p>Desde abril de 2018, quando houve uma nova varia\u00e7\u00e3o, foi estabelecido que as bolas que fazem parte do primeiro grupo foram reduzidas para 35, e que em vez de 6 bolas para obter a combina\u00e7\u00e3o vencedora, 7 bolas mais a powerball do segundo grupo, que permanece inalterada, devem ser as mesmas.<\/p>\n<h2><strong>Pr\u00eamios da PowerBall AU<\/strong><\/h2>\n<p>As v\u00e1rias categorias de <strong>pr\u00eamios PowerBall AU<\/strong> s\u00e3o as seguintes:<\/p>\n<table width=\"358\">\n<tbody>\n<tr>\n<td width=\"128\">I<\/td>\n<td width=\"230\">7 Nombres + powerball<\/td>\n<\/tr>\n<tr>\n<td width=\"128\">II<\/td>\n<td width=\"230\">7 Nombres<\/td>\n<\/tr>\n<tr>\n<td width=\"128\">III<\/td>\n<td width=\"230\">6 Nombres + powerball<\/td>\n<\/tr>\n<tr>\n<td width=\"128\">IV<\/td>\n<td width=\"230\">6 Nombres<\/td>\n<\/tr>\n<tr>\n<td width=\"128\">V<\/td>\n<td width=\"230\">5 Nombres + powerball<\/td>\n<\/tr>\n<tr>\n<td width=\"128\">VI<\/td>\n<td width=\"230\">4 Nombres + powerball<\/td>\n<\/tr>\n<tr>\n<td width=\"128\">VII<\/td>\n<td width=\"230\">5 Nombres<\/td>\n<\/tr>\n<tr>\n<td width=\"128\">VIII<\/td>\n<td width=\"230\">3 Nombres + powerball<\/td>\n<\/tr>\n<tr>\n<td width=\"128\">IX<\/td>\n<td width=\"230\">2 Nombres + powerball<\/td>\n<\/tr>\n<\/tbody>\n<\/table>\n<h2><strong>Vantagens de jogar na PowerBall AU online<\/strong><\/h2>\n<ul>\n<li>Jogue de forma simples, r\u00e1pida e confort\u00e1vel.<\/li>\n<li>Sem ter que viajar para a Austr\u00e1lia para participar dos seus jackpots milion\u00e1rios.<\/li>\n<li>Reproduza a partir de qualquer dispositivo m\u00f3vel, tablet ou computador de secret\u00e1ria, com uma simples liga\u00e7\u00e3o \u00e0 Internet.<\/li>\n<li>Voc\u00ea tem informa\u00e7\u00f5es constantes sobre todos os sorteios, os jackpots que acumulam e os pr\u00eamios que s\u00e3o obtidos.<\/li>\n<li>\u00c9 um m\u00e9todo seguro e confi\u00e1vel de todas as transa\u00e7\u00f5es banc\u00e1rias.<\/li>\n<li>Quando um utilizador registado recebe um pr\u00e9mio, o montante do pr\u00e9mio \u00e9 automaticamente creditado na conta do utilizador.<\/li>\n<\/ul>\n<h2><strong>Jackpot PowerBall AU<\/strong><\/h2>\n<p>O jackpot m\u00ednimo garantido para o PowerBall AU \u00e9 de AUD $3 milh\u00f5es e n\u00e3o h\u00e1 limite de acumula\u00e7\u00e3o, por isso o jackpot pode crescer para pr\u00e9mios multimilion\u00e1rios.<\/p>\n<p>O jackpot recorde at\u00e9 \u00e0 data \u00e9 de AUD $80 milh\u00f5es angariados em Julho de 2009 e partilhados por dois vencedores de New South Wales e Victoria.<\/p>\n<p>Desde a \u00faltima atualiza\u00e7\u00e3o das regras em abril de 2018, apenas o jackpot acumulado foi entregue duas vezes:<\/p>\n<ul>\n<li>Em 19 de abril de 2018, correspondente ao primeiro sorteio da nova norma, foi concedido um pr\u00eamio de primeira categoria no valor de AUD $ 8 milh\u00f5es.<\/li>\n<li>Um jackpot n\u00e3o foi ganho novamente at\u00e9 7 de Junho de 2018, no qual o vencedor ganhou novamente um pr\u00e9mio de primeira categoria no valor de AUD $ 50 milh\u00f5es.<\/li>\n<\/ul>\n<h2><strong>Probabilidades de ganhar um pr\u00eamio na Powerball AU<\/strong><\/h2>\n<p><!--more--><\/p>\n","protected":false},"excerpt":{"rendered":"","protected":false},"author":2,"featured_media":0,"parent":3820,"menu_order":17,"comment_status":"closed","ping_status":"closed","template":"powerball-au-info.php","meta":{"_et_pb_use_builder":"","_et_pb_old_content":"","_et_gb_content_width":"","exclude_from_search":false,"footnotes":""},"class_list":["post-3843","page","type-page","status-publish","hentry"],"yoast_head":"<!-- This site is optimized with the Yoast SEO plugin v23.7 - https:\/\/yoast.com\/wordpress\/plugins\/seo\/ -->\n<title>Todas as informa\u00e7\u00f5es sobre a Australia Powerball (AU)<\/title>\n<meta name=\"description\" content=\"Jogar na loteria Powerball Australiana nunca foi t\u00e3o f\u00e1cil. Quer saber tudo sobre suas regras, jackpots, pr\u00eamios e os \u00faltimos resultados? Venha aqui!\" \/>\n<meta name=\"robots\" content=\"index, follow, max-snippet:-1, max-image-preview:large, max-video-preview:-1\" \/>\n<link rel=\"canonical\" href=\"https:\/\/lottohoy.com\/pt-pt\/lotarias\/powerball-au\/\" \/>\n<meta property=\"og:locale\" content=\"pt_PT\" \/>\n<meta property=\"og:type\" content=\"article\" \/>\n<meta property=\"og:title\" content=\"Todas as informa\u00e7\u00f5es sobre a Australia Powerball (AU)\" \/>\n<meta property=\"og:description\" content=\"Jogar na loteria Powerball Australiana nunca foi t\u00e3o f\u00e1cil. Quer saber tudo sobre suas regras, jackpots, pr\u00eamios e os \u00faltimos resultados? Venha aqui!\" \/>\n<meta property=\"og:url\" content=\"https:\/\/lottohoy.com\/pt-pt\/lotarias\/powerball-au\/\" \/>\n<meta property=\"og:site_name\" content=\"Lottohoy\" \/>\n<meta property=\"article:modified_time\" content=\"2025-03-25T15:13:52+00:00\" \/>\n<meta name=\"twitter:card\" content=\"summary_large_image\" \/>\n<meta name=\"twitter:label1\" content=\"Est. reading time\" \/>\n\t<meta name=\"twitter:data1\" content=\"2 minutes\" \/>\n<script type=\"application\/ld+json\" class=\"yoast-schema-graph\">{\"@context\":\"https:\/\/schema.org\",\"@graph\":[{\"@type\":\"WebPage\",\"@id\":\"https:\/\/lottohoy.com\/pt-pt\/lotarias\/powerball-au\/\",\"url\":\"https:\/\/lottohoy.com\/pt-pt\/lotarias\/powerball-au\/\",\"name\":\"Todas as informa\u00e7\u00f5es sobre a Australia Powerball (AU)\",\"isPartOf\":{\"@id\":\"https:\/\/lottohoy.com\/pt-pt\/#website\"},\"datePublished\":\"2018-08-21T09:29:37+00:00\",\"dateModified\":\"2025-03-25T15:13:52+00:00\",\"description\":\"Jogar na loteria Powerball Australiana nunca foi t\u00e3o f\u00e1cil. Quer saber tudo sobre suas regras, jackpots, pr\u00eamios e os \u00faltimos resultados? Venha aqui!\",\"breadcrumb\":{\"@id\":\"https:\/\/lottohoy.com\/pt-pt\/lotarias\/powerball-au\/#breadcrumb\"},\"inLanguage\":\"pt-ts\",\"potentialAction\":[{\"@type\":\"ReadAction\",\"target\":[\"https:\/\/lottohoy.com\/pt-pt\/lotarias\/powerball-au\/\"]}]},{\"@type\":\"BreadcrumbList\",\"@id\":\"https:\/\/lottohoy.com\/pt-pt\/lotarias\/powerball-au\/#breadcrumb\",\"itemListElement\":[{\"@type\":\"ListItem\",\"position\":1,\"name\":\"Home\",\"item\":\"https:\/\/lottohoy.com\/pt-pt\/\"},{\"@type\":\"ListItem\",\"position\":2,\"name\":\"Tudo sobre a loteria online\",\"item\":\"https:\/\/lottohoy.com\/pt-pt\/lotarias\/\"},{\"@type\":\"ListItem\",\"position\":3,\"name\":\"Informa\u00e7\u00e3o Powerball AU\"}]},{\"@type\":\"WebSite\",\"@id\":\"https:\/\/lottohoy.com\/pt-pt\/#website\",\"url\":\"https:\/\/lottohoy.com\/pt-pt\/\",\"name\":\"Lottohoy\",\"description\":\"\",\"potentialAction\":[{\"@type\":\"SearchAction\",\"target\":{\"@type\":\"EntryPoint\",\"urlTemplate\":\"https:\/\/lottohoy.com\/pt-pt\/?s={search_term_string}\"},\"query-input\":{\"@type\":\"PropertyValueSpecification\",\"valueRequired\":true,\"valueName\":\"search_term_string\"}}],\"inLanguage\":\"pt-ts\"}]}<\/script>\n<!-- \/ Yoast SEO plugin. -->","yoast_head_json":{"title":"Todas as informa\u00e7\u00f5es sobre a Australia Powerball (AU)","description":"Jogar na loteria Powerball Australiana nunca foi t\u00e3o f\u00e1cil. Quer saber tudo sobre suas regras, jackpots, pr\u00eamios e os \u00faltimos resultados? Venha aqui!","robots":{"index":"index","follow":"follow","max-snippet":"max-snippet:-1","max-image-preview":"max-image-preview:large","max-video-preview":"max-video-preview:-1"},"canonical":"https:\/\/lottohoy.com\/pt-pt\/lotarias\/powerball-au\/","og_locale":"pt_PT","og_type":"article","og_title":"Todas as informa\u00e7\u00f5es sobre a Australia Powerball (AU)","og_description":"Jogar na loteria Powerball Australiana nunca foi t\u00e3o f\u00e1cil. Quer saber tudo sobre suas regras, jackpots, pr\u00eamios e os \u00faltimos resultados? Venha aqui!","og_url":"https:\/\/lottohoy.com\/pt-pt\/lotarias\/powerball-au\/","og_site_name":"Lottohoy","article_modified_time":"2025-03-25T15:13:52+00:00","twitter_card":"summary_large_image","twitter_misc":{"Est. reading time":"2 minutes"},"schema":{"@context":"https:\/\/schema.org","@graph":[{"@type":"WebPage","@id":"https:\/\/lottohoy.com\/pt-pt\/lotarias\/powerball-au\/","url":"https:\/\/lottohoy.com\/pt-pt\/lotarias\/powerball-au\/","name":"Todas as informa\u00e7\u00f5es sobre a Australia Powerball (AU)","isPartOf":{"@id":"https:\/\/lottohoy.com\/pt-pt\/#website"},"datePublished":"2018-08-21T09:29:37+00:00","dateModified":"2025-03-25T15:13:52+00:00","description":"Jogar na loteria Powerball Australiana nunca foi t\u00e3o f\u00e1cil. Quer saber tudo sobre suas regras, jackpots, pr\u00eamios e os \u00faltimos resultados? Venha aqui!","breadcrumb":{"@id":"https:\/\/lottohoy.com\/pt-pt\/lotarias\/powerball-au\/#breadcrumb"},"inLanguage":"pt-ts","potentialAction":[{"@type":"ReadAction","target":["https:\/\/lottohoy.com\/pt-pt\/lotarias\/powerball-au\/"]}]},{"@type":"BreadcrumbList","@id":"https:\/\/lottohoy.com\/pt-pt\/lotarias\/powerball-au\/#breadcrumb","itemListElement":[{"@type":"ListItem","position":1,"name":"Home","item":"https:\/\/lottohoy.com\/pt-pt\/"},{"@type":"ListItem","position":2,"name":"Tudo sobre a loteria online","item":"https:\/\/lottohoy.com\/pt-pt\/lotarias\/"},{"@type":"ListItem","position":3,"name":"Informa\u00e7\u00e3o Powerball AU"}]},{"@type":"WebSite","@id":"https:\/\/lottohoy.com\/pt-pt\/#website","url":"https:\/\/lottohoy.com\/pt-pt\/","name":"Lottohoy","description":"","potentialAction":[{"@type":"SearchAction","target":{"@type":"EntryPoint","urlTemplate":"https:\/\/lottohoy.com\/pt-pt\/?s={search_term_string}"},"query-input":{"@type":"PropertyValueSpecification","valueRequired":true,"valueName":"search_term_string"}}],"inLanguage":"pt-ts"}]}},"_links":{"self":[{"href":"https:\/\/lottohoy.com\/pt-pt\/wp-json\/wp\/v2\/pages\/3843","targetHints":{"allow":["GET"]}}],"collection":[{"href":"https:\/\/lottohoy.com\/pt-pt\/wp-json\/wp\/v2\/pages"}],"about":[{"href":"https:\/\/lottohoy.com\/pt-pt\/wp-json\/wp\/v2\/types\/page"}],"author":[{"embeddable":true,"href":"https:\/\/lottohoy.com\/pt-pt\/wp-json\/wp\/v2\/users\/2"}],"replies":[{"embeddable":true,"href":"https:\/\/lottohoy.com\/pt-pt\/wp-json\/wp\/v2\/comments?post=3843"}],"version-history":[{"count":1,"href":"https:\/\/lottohoy.com\/pt-pt\/wp-json\/wp\/v2\/pages\/3843\/revisions"}],"predecessor-version":[{"id":10887,"href":"https:\/\/lottohoy.com\/pt-pt\/wp-json\/wp\/v2\/pages\/3843\/revisions\/10887"}],"up":[{"embeddable":true,"href":"https:\/\/lottohoy.com\/pt-pt\/wp-json\/wp\/v2\/pages\/3820"}],"wp:attachment":[{"href":"https:\/\/lottohoy.com\/pt-pt\/wp-json\/wp\/v2\/media?parent=3843"}],"curies":[{"name":"wp","href":"https:\/\/api.w.org\/{rel}","templated":true}]}}