{"id":3833,"date":"2018-05-03T14:23:34","date_gmt":"2018-05-03T13:23:34","guid":{"rendered":"https:\/\/www.lottohoy.com\/?page_id=3833"},"modified":"2025-05-28T18:10:22","modified_gmt":"2025-05-28T17:10:22","slug":"mega-millions","status":"publish","type":"page","link":"https:\/\/lottohoy.com\/pt-pt\/lotarias\/mega-millions\/","title":{"rendered":"Informa\u00e7\u00e3o MegaMillions"},"content":{"rendered":"<p><!--more--><\/p>\n<p data-start=\"184\" data-end=\"429\">O MegaMillions \u00e9 um jogo de loteria dos Estados Unidos atualmente oferecido em 44 estados<strong data-start=\"184\" data-end=\"278\">. <\/strong>A seguir, voc\u00ea pode ver informa\u00e7\u00f5es gerais sobre quando ocorrem os sorteios, como jogar e todos os dados que voc\u00ea precisa para <a href=\"https:\/\/lottohoy.com\/pt-pt\/jogar\/mega-millions\/\">jogar o MegaMillions.<\/a><\/p>\n<h3 data-start=\"431\" data-end=\"461\">Como jogar o MegaMillions?<\/h3>\n<p data-start=\"463\" data-end=\"568\">Jogar o MegaMillions \u00e9 muito f\u00e1cil; na p\u00e1gina do jogo, voc\u00ea ver\u00e1 uma tela inicial composta por 5 colunas.<\/p>\n<p data-start=\"570\" data-end=\"778\">Em uma aposta simples, voc\u00ea usar\u00e1 a primeira coluna, onde dever\u00e1 escolher 5 n\u00fameros na parte superior do quadro (numerados de 1 a 75) e um n\u00famero adicional chamado <strong data-start=\"734\" data-end=\"746\">MegaBall<\/strong>, no segundo quadro (de 1 a 25).<\/p>\n<p data-start=\"780\" data-end=\"934\">Voc\u00ea pode escolher a combina\u00e7\u00e3o desejada manualmente clicando nos n\u00fameros ou, se preferir, deixar que o sistema selecione aleatoriamente os 5 + 1 n\u00fameros.<\/p>\n<p data-start=\"936\" data-end=\"1133\">Na nossa plataforma, voc\u00ea pode jogar quantos bilhetes quiser, bastando clicar em <strong data-start=\"1017\" data-end=\"1042\">adicionar mais linhas<\/strong>, at\u00e9 o limite de 20. Quanto mais apostas voc\u00ea fizer, maiores ser\u00e3o suas chances de ganhar.<\/p>\n<h3 data-start=\"1135\" data-end=\"1169\">Loteria americana MegaMillions<\/h3>\n<p data-start=\"1171\" data-end=\"1289\">A loteria MegaMillions, em seu formato atual, existe desde 2002, embora em 1996 fosse conhecida como <strong data-start=\"1272\" data-end=\"1288\">The Big Game<\/strong>.<\/p>\n<p data-start=\"1291\" data-end=\"1413\">Ao longo dos \u00faltimos 24 anos, v\u00e1rias mudan\u00e7as foram implementadas para tornar os pr\u00eamios mais atrativos para os jogadores.<\/p>\n<p data-start=\"1415\" data-end=\"1643\">A partir de abril de 2025, entrou em vigor uma nova reestrutura\u00e7\u00e3o das regras, incluindo: aumento do pr\u00eamio m\u00ednimo garantido, um <strong data-start=\"1544\" data-end=\"1561\">multiplicador<\/strong> que antes era opcional (com custo adicional) e mudan\u00e7a no valor do bilhete comum.<\/p>\n<p data-start=\"1645\" data-end=\"1909\">O pr\u00eamio m\u00ednimo para a primeira categoria passa a ser de US$ 40 milh\u00f5es. As demais categorias de pr\u00eamios tamb\u00e9m foram atualizadas, permitindo multiplicar os valores por x2, x3, x4, x5 ou at\u00e9 x10 com o <strong data-start=\"1846\" data-end=\"1860\">Multiplier<\/strong>, agora obrigat\u00f3rio em cada <a href=\"https:\/\/lottohoy.com\/pt-pt\/jogar\/mega-millions\/\">bilhete MegaMillions<\/a>.<\/p>\n<p data-start=\"1911\" data-end=\"2014\">Esse multiplicador \u00e9 gerado aleatoriamente pelo pr\u00f3prio sistema, adicionando ainda mais emo\u00e7\u00e3o ao jogo.<\/p>\n<p data-start=\"2016\" data-end=\"2359\">Um dos objetivos estabelecidos pelos organizadores era atingir US$ 1 bilh\u00e3o como pr\u00eamio de primeira categoria para um \u00fanico ganhador. At\u00e9 o momento, o maior pr\u00eamio j\u00e1 concedido foi de US$ 1,602 bilh\u00e3o, em 9 de agosto de 2023 (valor que j\u00e1 foi superado pela concorrente <a href=\"https:\/\/lottohoy.com\/pt-pt\/jogar\/powerball\/\"><strong data-start=\"2285\" data-end=\"2298\">Powerball<\/strong><\/a>, com um pr\u00eamio de US$ 2,4 bilh\u00f5es em 7 de novembro de 2022).<\/p>\n<p data-start=\"2361\" data-end=\"2533\">Os bilhetes do MegaMillions podem ser comprados tanto por cidad\u00e3os norte-americanos quanto por estrangeiros, conforme estabelecido em seus regulamentos e legisla\u00e7\u00e3o fiscal.<\/p>\n<h3 data-start=\"2535\" data-end=\"2573\">Como comprar o MegaMillions online<\/h3>\n<p data-start=\"2575\" data-end=\"2745\">Atrav\u00e9s da nossa plataforma lottohoy.com, \u00e9 muito f\u00e1cil comprar esta loteria. Basta <a href=\"https:\/\/lottohoy.com\/pt-pt\/login\/\"><strong data-start=\"2683\" data-end=\"2707\">acessar como usu\u00e1rio<\/strong><\/a> ou <a href=\"https:\/\/lottohoy.com\/pt-pt\/registration\/\"><strong data-start=\"2711\" data-end=\"2730\">criar uma conta<\/strong><\/a> gratuitamente.<\/p>\n<p data-start=\"2747\" data-end=\"2931\">Criar uma conta \u00e9 simples e gratuito. No canto superior direito da tela, clique em <strong data-start=\"2830\" data-end=\"2843\">Registrar<\/strong>, preencha o formul\u00e1rio com seu e-mail, escolha uma senha f\u00e1cil de lembrar e confirme-a.<\/p>\n<p data-start=\"2933\" data-end=\"3072\">Em seguida, voc\u00ea receber\u00e1 um e-mail para confirmar e ativar sua conta, ganhando acesso a todas as funcionalidades do seu perfil de usu\u00e1rio.<\/p>\n<p data-start=\"3074\" data-end=\"3290\">Depois que tudo estiver configurado, voc\u00ea poder\u00e1 fazer um dep\u00f3sito para sua conta ou pagar diretamente pelas apostas no <a href=\"https:\/\/lottohoy.com\/pt-pt\/jogar\/mega-millions\/\">MegaMillions<\/a> ou em qualquer outra <a class=\"\" href=\"https:\/\/lottohoy.com\/pt-pt\/jogar\/\" target=\"_new\" rel=\"noopener\" data-start=\"3228\" data-end=\"3266\">loteria online<\/a> dispon\u00edvel no LottoHoy.<\/p>\n<p data-start=\"3292\" data-end=\"3456\">Ter dinheiro depositado em sua conta facilita a compra de bilhetes em qualquer hora e lugar. Mas se voc\u00ea preferir comprar bilhetes individualmente, n\u00e3o h\u00e1 problema.<\/p>\n<h3 data-start=\"3458\" data-end=\"3500\">Vantagens de jogar MegaMillions online<\/h3>\n<p data-start=\"3502\" data-end=\"3731\">Na LottoHoy, al\u00e9m de oferecer as maiores loterias do mundo, tamb\u00e9m fornecemos as informa\u00e7\u00f5es mais atualizadas sobre resultados e pr\u00eamios, uma ampla variedade de m\u00e9todos de pagamento e a seguran\u00e7a de uma empresa s\u00e9ria e confi\u00e1vel.<\/p>\n<p data-start=\"3733\" data-end=\"3830\">Comprar um bilhete atrav\u00e9s da nossa plataforma \u00e9 como compr\u00e1-lo fisicamente em um ponto de venda.<\/p>\n<p data-start=\"3832\" data-end=\"3882\">Aqui est\u00e3o algumas das vantagens de jogar conosco:<\/p>\n<p data-start=\"3884\" data-end=\"4514\">\u25cf <strong data-start=\"3886\" data-end=\"3900\">Comodidade<\/strong> na compra de bilhetes MegaMillions com protocolos seguros via lottohoy.com<br data-start=\"3999\" data-end=\"4002\" \/>\u25cf <strong data-start=\"4004\" data-end=\"4034\">Informa\u00e7\u00f5es personalizadas<\/strong> sobre novos sorteios e promo\u00e7\u00f5es<br data-start=\"4067\" data-end=\"4070\" \/>\u25cf <strong data-start=\"4072\" data-end=\"4096\">Atualiza\u00e7\u00e3o imediata<\/strong> dos <a href=\"https:\/\/lottohoy.com\/pt-pt\/resultados\/mega-millions\/\">resultados do MegaMillions<\/a> ap\u00f3s cada sorteio<br data-start=\"4145\" data-end=\"4148\" \/>\u25cf <strong data-start=\"4150\" data-end=\"4170\">Cr\u00e9dito imediato<\/strong> dos pr\u00eamios na sua conta de usu\u00e1rio<br data-start=\"4206\" data-end=\"4209\" \/>\u25cf <strong data-start=\"4211\" data-end=\"4229\">Controle total<\/strong> de todas as suas transa\u00e7\u00f5es: dep\u00f3sitos, pagamentos, pr\u00eamios etc.<br data-start=\"4294\" data-end=\"4297\" \/>\u25cf <strong data-start=\"4299\" data-end=\"4345\">Facilidade nos m\u00e9todos de dep\u00f3sito e saque<\/strong><br data-start=\"4345\" data-end=\"4348\" \/>\u25cf <strong data-start=\"4350\" data-end=\"4397\">Participa\u00e7\u00e3o em sorteios e b\u00f4nus exclusivos<\/strong> criados pela lottohoy.com<br data-start=\"4423\" data-end=\"4426\" \/>\u25cf <strong data-start=\"4428\" data-end=\"4451\">Servi\u00e7os adicionais<\/strong> que ser\u00e3o incorporados para a satisfa\u00e7\u00e3o dos nossos clientes<\/p>\n<p data-start=\"4516\" data-end=\"4587\">E tudo isso sem sair de casa, do trabalho ou onde quer que voc\u00ea esteja.<\/p>\n<h3 data-start=\"4589\" data-end=\"4646\">Pagamentos do MegaMillions e probabilidades de ganhar<\/h3>\n<p data-start=\"4648\" data-end=\"4837\">Na tabela a seguir, voc\u00ea pode ver a distribui\u00e7\u00e3o dos pr\u00eamios no MegaMillions e as probabilidades de ganhar em cada categoria, com base no Multiplicador adicionado aleatoriamente ao bilhete.<\/p>\n<div class=\"_tableContainer_16hzy_1\">\n<div class=\"_tableWrapper_16hzy_14 group flex w-fit flex-col-reverse\">\n<table class=\"w-fit min-w-(--thread-content-width)\" style=\"height: 325px\" width=\"707\" data-start=\"4839\" data-end=\"5997\">\n<thead data-start=\"4839\" data-end=\"4937\">\n<tr data-start=\"4839\" data-end=\"4937\">\n<th style=\"width: 62.2812px\" data-start=\"4839\" data-end=\"4853\" data-col-size=\"sm\">Acertos<\/th>\n<th style=\"width: 93.4219px\" data-start=\"4853\" data-end=\"4870\" data-col-size=\"sm\">Pr\u00eamio<\/th>\n<th style=\"width: 99.4375px\" data-start=\"4870\" data-end=\"4883\" data-col-size=\"sm\">x2<\/th>\n<th style=\"width: 99.4375px\" data-start=\"4883\" data-end=\"4896\" data-col-size=\"sm\">x3<\/th>\n<th style=\"width: 99.4375px\" data-start=\"4896\" data-end=\"4909\" data-col-size=\"sm\">x4<\/th>\n<th style=\"width: 99.4375px\" data-start=\"4909\" data-end=\"4922\" data-col-size=\"sm\">x5<\/th>\n<th style=\"width: 107.547px\" data-start=\"4922\" data-end=\"4937\" data-col-size=\"sm\">x10<\/th>\n<\/tr>\n<\/thead>\n<tbody data-start=\"5037\" data-end=\"5997\">\n<tr data-start=\"5037\" data-end=\"5085\">\n<td style=\"width: 62.2812px;text-align: center\" data-start=\"5037\" data-end=\"5051\" data-col-size=\"sm\">5 + MB<\/td>\n<td style=\"width: 93.4219px\" data-start=\"5051\" data-end=\"5068\" data-col-size=\"sm\">Jackpot<\/td>\n<td style=\"width: 99.4375px\" data-start=\"5068\" data-end=\"5085\" data-col-size=\"sm\">N\u00e3o se aplica<\/td>\n<td style=\"width: 99.4375px\" data-col-size=\"sm\">N\u00e3o se aplica<\/td>\n<td style=\"width: 99.4375px\" data-col-size=\"sm\">N\u00e3o se aplica<\/td>\n<td style=\"width: 99.4375px\" data-col-size=\"sm\">N\u00e3o se aplica<\/td>\n<td style=\"width: 107.547px\" data-col-size=\"sm\">N\u00e3o se aplica<\/td>\n<\/tr>\n<tr data-start=\"5086\" data-end=\"5199\">\n<td style=\"width: 62.2812px;text-align: center\" data-start=\"5086\" data-end=\"5100\" data-col-size=\"sm\">5 de 5<\/td>\n<td style=\"width: 93.4219px\" data-start=\"5100\" data-end=\"5117\" data-col-size=\"sm\">US$ 1.000.000<\/td>\n<td style=\"width: 99.4375px\" data-start=\"5117\" data-end=\"5133\" data-col-size=\"sm\">US$ 2.000.000<\/td>\n<td style=\"width: 99.4375px\" data-start=\"5133\" data-end=\"5149\" data-col-size=\"sm\">US$ 3.000.000<\/td>\n<td style=\"width: 99.4375px\" data-start=\"5149\" data-end=\"5165\" data-col-size=\"sm\">US$ 4.000.000<\/td>\n<td style=\"width: 99.4375px\" data-start=\"5165\" data-end=\"5181\" data-col-size=\"sm\">US$ 5.000.000<\/td>\n<td style=\"width: 107.547px\" data-start=\"5181\" data-end=\"5199\" data-col-size=\"sm\">US$ 10.000.000<\/td>\n<\/tr>\n<tr data-start=\"5200\" data-end=\"5313\">\n<td style=\"width: 62.2812px;text-align: center\" data-start=\"5200\" data-end=\"5214\" data-col-size=\"sm\">4 + MB<\/td>\n<td style=\"width: 93.4219px\" data-start=\"5214\" data-end=\"5231\" data-col-size=\"sm\">US$ 10.000<\/td>\n<td style=\"width: 99.4375px\" data-start=\"5231\" data-end=\"5247\" data-col-size=\"sm\">US$ 20.000<\/td>\n<td style=\"width: 99.4375px\" data-start=\"5247\" data-end=\"5263\" data-col-size=\"sm\">US$ 30.000<\/td>\n<td style=\"width: 99.4375px\" data-start=\"5263\" data-end=\"5279\" data-col-size=\"sm\">US$ 40.000<\/td>\n<td style=\"width: 99.4375px\" data-start=\"5279\" data-end=\"5295\" data-col-size=\"sm\">US$ 50.000<\/td>\n<td style=\"width: 107.547px\" data-start=\"5295\" data-end=\"5313\" data-col-size=\"sm\">US$ 100.000<\/td>\n<\/tr>\n<tr data-start=\"5314\" data-end=\"5427\">\n<td style=\"width: 62.2812px;text-align: center\" data-start=\"5314\" data-end=\"5328\" data-col-size=\"sm\">4 de 5<\/td>\n<td style=\"width: 93.4219px\" data-start=\"5328\" data-end=\"5345\" data-col-size=\"sm\">US$ 500<\/td>\n<td style=\"width: 99.4375px\" data-start=\"5345\" data-end=\"5361\" data-col-size=\"sm\">US$ 1.000<\/td>\n<td style=\"width: 99.4375px\" data-start=\"5361\" data-end=\"5377\" data-col-size=\"sm\">US$ 1.500<\/td>\n<td style=\"width: 99.4375px\" data-start=\"5377\" data-end=\"5393\" data-col-size=\"sm\">US$ 2.000<\/td>\n<td style=\"width: 99.4375px\" data-start=\"5393\" data-end=\"5409\" data-col-size=\"sm\">US$ 2.500<\/td>\n<td style=\"width: 107.547px\" data-start=\"5409\" data-end=\"5427\" data-col-size=\"sm\">US$ 5.000<\/td>\n<\/tr>\n<tr data-start=\"5428\" data-end=\"5541\">\n<td style=\"width: 62.2812px;text-align: center\" data-start=\"5428\" data-end=\"5442\" data-col-size=\"sm\">3 + MB<\/td>\n<td style=\"width: 93.4219px\" data-start=\"5442\" data-end=\"5459\" data-col-size=\"sm\">US$ 200<\/td>\n<td style=\"width: 99.4375px\" data-start=\"5459\" data-end=\"5475\" data-col-size=\"sm\">US$ 400<\/td>\n<td style=\"width: 99.4375px\" data-start=\"5475\" data-end=\"5491\" data-col-size=\"sm\">US$ 600<\/td>\n<td style=\"width: 99.4375px\" data-start=\"5491\" data-end=\"5507\" data-col-size=\"sm\">US$ 800<\/td>\n<td style=\"width: 99.4375px\" data-col-size=\"sm\" data-start=\"5507\" data-end=\"5523\">US$ 1.000<\/td>\n<td style=\"width: 107.547px\" data-col-size=\"sm\" data-start=\"5523\" data-end=\"5541\">US$ 2.000<\/td>\n<\/tr>\n<tr data-start=\"5542\" data-end=\"5655\">\n<td style=\"width: 62.2812px;text-align: center\" data-start=\"5542\" data-end=\"5556\" data-col-size=\"sm\">3 de 5<\/td>\n<td style=\"width: 93.4219px\" data-start=\"5556\" data-end=\"5573\" data-col-size=\"sm\">US$ 10<\/td>\n<td style=\"width: 99.4375px\" data-start=\"5573\" data-end=\"5589\" data-col-size=\"sm\">US$ 20<\/td>\n<td style=\"width: 99.4375px\" data-start=\"5589\" data-end=\"5605\" data-col-size=\"sm\">US$ 30<\/td>\n<td style=\"width: 99.4375px\" data-start=\"5605\" data-end=\"5621\" data-col-size=\"sm\">US$ 40<\/td>\n<td style=\"width: 99.4375px\" data-start=\"5621\" data-end=\"5637\" data-col-size=\"sm\">US$ 50<\/td>\n<td style=\"width: 107.547px\" data-start=\"5637\" data-end=\"5655\" data-col-size=\"sm\">US$ 100<\/td>\n<\/tr>\n<tr data-start=\"5656\" data-end=\"5769\">\n<td style=\"width: 62.2812px;text-align: center\" data-start=\"5656\" data-end=\"5670\" data-col-size=\"sm\">2 + MB<\/td>\n<td style=\"width: 93.4219px\" data-start=\"5670\" data-end=\"5687\" data-col-size=\"sm\">US$ 10<\/td>\n<td style=\"width: 99.4375px\" data-start=\"5687\" data-end=\"5703\" data-col-size=\"sm\">US$ 20<\/td>\n<td style=\"width: 99.4375px\" data-start=\"5703\" data-end=\"5719\" data-col-size=\"sm\">US$ 30<\/td>\n<td style=\"width: 99.4375px\" data-start=\"5719\" data-end=\"5735\" data-col-size=\"sm\">US$ 40<\/td>\n<td style=\"width: 99.4375px\" data-col-size=\"sm\" data-start=\"5735\" data-end=\"5751\">US$ 50<\/td>\n<td style=\"width: 107.547px\" data-col-size=\"sm\" data-start=\"5751\" data-end=\"5769\">US$ 100<\/td>\n<\/tr>\n<tr data-start=\"5770\" data-end=\"5883\">\n<td style=\"width: 62.2812px;text-align: center\" data-start=\"5770\" data-end=\"5784\" data-col-size=\"sm\">1 + MB<\/td>\n<td style=\"width: 93.4219px\" data-start=\"5784\" data-end=\"5801\" data-col-size=\"sm\">US$ 7<\/td>\n<td style=\"width: 99.4375px\" data-start=\"5801\" data-end=\"5817\" data-col-size=\"sm\">US$ 14<\/td>\n<td style=\"width: 99.4375px\" data-start=\"5817\" data-end=\"5833\" data-col-size=\"sm\">US$ 21<\/td>\n<td style=\"width: 99.4375px\" data-start=\"5833\" data-end=\"5849\" data-col-size=\"sm\">US$ 28<\/td>\n<td style=\"width: 99.4375px\" data-start=\"5849\" data-end=\"5865\" data-col-size=\"sm\">US$ 35<\/td>\n<td style=\"width: 107.547px\" data-start=\"5865\" data-end=\"5883\" data-col-size=\"sm\">US$ 70<\/td>\n<\/tr>\n<tr data-start=\"5884\" data-end=\"5997\">\n<td style=\"width: 62.2812px;text-align: center\" data-start=\"5884\" data-end=\"5898\" data-col-size=\"sm\">MB<\/td>\n<td style=\"width: 93.4219px\" data-start=\"5898\" data-end=\"5915\" data-col-size=\"sm\">US$ 5<\/td>\n<td style=\"width: 99.4375px\" data-start=\"5915\" data-end=\"5931\" data-col-size=\"sm\">US$ 10<\/td>\n<td style=\"width: 99.4375px\" data-start=\"5931\" data-end=\"5947\" data-col-size=\"sm\">US$ 15<\/td>\n<td style=\"width: 99.4375px\" data-start=\"5947\" data-end=\"5963\" data-col-size=\"sm\">US$ 20<\/td>\n<td style=\"width: 99.4375px\" data-start=\"5963\" data-end=\"5979\" data-col-size=\"sm\">US$ 25<\/td>\n<td style=\"width: 107.547px\" data-col-size=\"sm\" data-start=\"5979\" data-end=\"5997\">US$ 50<\/td>\n<\/tr>\n<\/tbody>\n<\/table>\n<div class=\"sticky end-(--thread-content-margin) h-0 self-end select-none\">\n<div class=\"absolute end-0 flex items-end\"><\/div>\n<\/div>\n<\/div>\n<\/div>\n<p data-start=\"5999\" data-end=\"6150\">Agora, n\u00e3o se trata apenas de acertar seis n\u00fameros \u2014 <strong data-start=\"6052\" data-end=\"6088\">cada pr\u00eamio pode ser emocionante<\/strong>, porque o multiplicador aleat\u00f3rio adiciona ainda mais emo\u00e7\u00e3o.<\/p>\n<h3 data-start=\"6152\" data-end=\"6187\">Probabilidades do multiplicador<\/h3>\n<div class=\"_tableContainer_16hzy_1\">\n<div class=\"_tableWrapper_16hzy_14 group flex w-fit flex-col-reverse\">\n<table class=\"w-fit min-w-(--thread-content-width)\" style=\"height: 184px\" width=\"261\" data-start=\"6189\" data-end=\"6438\">\n<thead data-start=\"6189\" data-end=\"6222\">\n<tr data-start=\"6189\" data-end=\"6222\">\n<th style=\"width: 118.812px;text-align: center\" data-start=\"6189\" data-end=\"6205\" data-col-size=\"sm\">Multiplicador<\/th>\n<th style=\"width: 126.188px;text-align: center\" data-start=\"6205\" data-end=\"6222\" data-col-size=\"sm\">Probabilidade<\/th>\n<\/tr>\n<\/thead>\n<tbody data-start=\"6259\" data-end=\"6438\">\n<tr data-start=\"6259\" data-end=\"6294\">\n<td style=\"width: 118.812px;text-align: center\" data-start=\"6259\" data-end=\"6276\" data-col-size=\"sm\">x10<\/td>\n<td style=\"width: 126.188px;text-align: center\" data-start=\"6276\" data-end=\"6294\" data-col-size=\"sm\">1 em 32<\/td>\n<\/tr>\n<tr data-start=\"6295\" data-end=\"6330\">\n<td style=\"width: 118.812px;text-align: center\" data-start=\"6295\" data-end=\"6312\" data-col-size=\"sm\">x5<\/td>\n<td style=\"width: 126.188px;text-align: center\" data-start=\"6312\" data-end=\"6330\" data-col-size=\"sm\">1 em 16<\/td>\n<\/tr>\n<tr data-start=\"6331\" data-end=\"6366\">\n<td style=\"width: 118.812px;text-align: center\" data-start=\"6331\" data-end=\"6348\" data-col-size=\"sm\">x4<\/td>\n<td style=\"width: 126.188px;text-align: center\" data-start=\"6348\" data-end=\"6366\" data-col-size=\"sm\">1 em 8<\/td>\n<\/tr>\n<tr data-start=\"6367\" data-end=\"6402\">\n<td style=\"width: 118.812px;text-align: center\" data-start=\"6367\" data-end=\"6384\" data-col-size=\"sm\">x3<\/td>\n<td style=\"width: 126.188px;text-align: center\" data-start=\"6384\" data-end=\"6402\" data-col-size=\"sm\">1 em 3<\/td>\n<\/tr>\n<tr data-start=\"6403\" data-end=\"6438\">\n<td style=\"width: 118.812px;text-align: center\" data-start=\"6403\" data-end=\"6420\" data-col-size=\"sm\">x2<\/td>\n<td style=\"width: 126.188px;text-align: center\" data-start=\"6420\" data-end=\"6438\" data-col-size=\"sm\">1 em 2<\/td>\n<\/tr>\n<\/tbody>\n<\/table>\n<div class=\"sticky end-(--thread-content-margin) h-0 self-end select-none\">\n<div class=\"absolute end-0 flex items-end\"><\/div>\n<\/div>\n<\/div>\n<\/div>\n<p data-start=\"6440\" data-end=\"6545\">Os pr\u00eamios correspondem a 50% do total das vendas. A chance geral de ganhar qualquer pr\u00eamio \u00e9 de 1 em 24.<\/p>\n<p><!--more--><\/p>\n","protected":false},"excerpt":{"rendered":"","protected":false},"author":2,"featured_media":0,"parent":3820,"menu_order":2,"comment_status":"closed","ping_status":"closed","template":"megamillion-info.php","meta":{"_et_pb_use_builder":"","_et_pb_old_content":"","_et_gb_content_width":"","exclude_from_search":false,"footnotes":""},"class_list":["post-3833","page","type-page","status-publish","hentry"],"yoast_head":"<!-- This site is optimized with the Yoast SEO plugin v23.7 - https:\/\/yoast.com\/wordpress\/plugins\/seo\/ -->\n<title>Mega Millions Information - Como apostar, benef\u00edcios e muito mais<\/title>\n<meta name=\"description\" content=\"O Mega Millions \u00e9 um jogo de loteria dos Estados Unidos atualmente oferecido em 44 estados. Agora voc\u00ea pode jogar online de forma r\u00e1pida e segura.\" \/>\n<meta name=\"robots\" content=\"index, follow, max-snippet:-1, max-image-preview:large, max-video-preview:-1\" \/>\n<link rel=\"canonical\" href=\"https:\/\/lottohoy.com\/pt-pt\/lotarias\/mega-millions\/\" \/>\n<meta property=\"og:locale\" content=\"pt_PT\" \/>\n<meta property=\"og:type\" content=\"article\" \/>\n<meta property=\"og:title\" content=\"Mega Millions Information - Como apostar, benef\u00edcios e muito mais\" \/>\n<meta property=\"og:description\" content=\"O Mega Millions \u00e9 um jogo de loteria dos Estados Unidos atualmente oferecido em 44 estados. Agora voc\u00ea pode jogar online de forma r\u00e1pida e segura.\" \/>\n<meta property=\"og:url\" content=\"https:\/\/lottohoy.com\/pt-pt\/lotarias\/mega-millions\/\" \/>\n<meta property=\"og:site_name\" content=\"Lottohoy\" \/>\n<meta property=\"article:modified_time\" content=\"2025-05-28T17:10:22+00:00\" \/>\n<meta name=\"twitter:card\" content=\"summary_large_image\" \/>\n<meta name=\"twitter:label1\" content=\"Est. reading time\" \/>\n\t<meta name=\"twitter:data1\" content=\"4 minutes\" \/>\n<script type=\"application\/ld+json\" class=\"yoast-schema-graph\">{\"@context\":\"https:\/\/schema.org\",\"@graph\":[{\"@type\":\"WebPage\",\"@id\":\"https:\/\/lottohoy.com\/pt-pt\/lotarias\/mega-millions\/\",\"url\":\"https:\/\/lottohoy.com\/pt-pt\/lotarias\/mega-millions\/\",\"name\":\"Mega Millions Information - Como apostar, benef\u00edcios e muito mais\",\"isPartOf\":{\"@id\":\"https:\/\/lottohoy.com\/pt-pt\/#website\"},\"datePublished\":\"2018-05-03T13:23:34+00:00\",\"dateModified\":\"2025-05-28T17:10:22+00:00\",\"description\":\"O Mega Millions \u00e9 um jogo de loteria dos Estados Unidos atualmente oferecido em 44 estados. Agora voc\u00ea pode jogar online de forma r\u00e1pida e segura.\",\"breadcrumb\":{\"@id\":\"https:\/\/lottohoy.com\/pt-pt\/lotarias\/mega-millions\/#breadcrumb\"},\"inLanguage\":\"pt-ts\",\"potentialAction\":[{\"@type\":\"ReadAction\",\"target\":[\"https:\/\/lottohoy.com\/pt-pt\/lotarias\/mega-millions\/\"]}]},{\"@type\":\"BreadcrumbList\",\"@id\":\"https:\/\/lottohoy.com\/pt-pt\/lotarias\/mega-millions\/#breadcrumb\",\"itemListElement\":[{\"@type\":\"ListItem\",\"position\":1,\"name\":\"Home\",\"item\":\"https:\/\/lottohoy.com\/pt-pt\/\"},{\"@type\":\"ListItem\",\"position\":2,\"name\":\"Tudo sobre a loteria online\",\"item\":\"https:\/\/lottohoy.com\/pt-pt\/lotarias\/\"},{\"@type\":\"ListItem\",\"position\":3,\"name\":\"Informa\u00e7\u00e3o MegaMillions\"}]},{\"@type\":\"WebSite\",\"@id\":\"https:\/\/lottohoy.com\/pt-pt\/#website\",\"url\":\"https:\/\/lottohoy.com\/pt-pt\/\",\"name\":\"Lottohoy\",\"description\":\"\",\"potentialAction\":[{\"@type\":\"SearchAction\",\"target\":{\"@type\":\"EntryPoint\",\"urlTemplate\":\"https:\/\/lottohoy.com\/pt-pt\/?s={search_term_string}\"},\"query-input\":{\"@type\":\"PropertyValueSpecification\",\"valueRequired\":true,\"valueName\":\"search_term_string\"}}],\"inLanguage\":\"pt-ts\"}]}<\/script>\n<!-- \/ Yoast SEO plugin. -->","yoast_head_json":{"title":"Mega Millions Information - Como apostar, benef\u00edcios e muito mais","description":"O Mega Millions \u00e9 um jogo de loteria dos Estados Unidos atualmente oferecido em 44 estados. Agora voc\u00ea pode jogar online de forma r\u00e1pida e segura.","robots":{"index":"index","follow":"follow","max-snippet":"max-snippet:-1","max-image-preview":"max-image-preview:large","max-video-preview":"max-video-preview:-1"},"canonical":"https:\/\/lottohoy.com\/pt-pt\/lotarias\/mega-millions\/","og_locale":"pt_PT","og_type":"article","og_title":"Mega Millions Information - Como apostar, benef\u00edcios e muito mais","og_description":"O Mega Millions \u00e9 um jogo de loteria dos Estados Unidos atualmente oferecido em 44 estados. Agora voc\u00ea pode jogar online de forma r\u00e1pida e segura.","og_url":"https:\/\/lottohoy.com\/pt-pt\/lotarias\/mega-millions\/","og_site_name":"Lottohoy","article_modified_time":"2025-05-28T17:10:22+00:00","twitter_card":"summary_large_image","twitter_misc":{"Est. reading time":"4 minutes"},"schema":{"@context":"https:\/\/schema.org","@graph":[{"@type":"WebPage","@id":"https:\/\/lottohoy.com\/pt-pt\/lotarias\/mega-millions\/","url":"https:\/\/lottohoy.com\/pt-pt\/lotarias\/mega-millions\/","name":"Mega Millions Information - Como apostar, benef\u00edcios e muito mais","isPartOf":{"@id":"https:\/\/lottohoy.com\/pt-pt\/#website"},"datePublished":"2018-05-03T13:23:34+00:00","dateModified":"2025-05-28T17:10:22+00:00","description":"O Mega Millions \u00e9 um jogo de loteria dos Estados Unidos atualmente oferecido em 44 estados. Agora voc\u00ea pode jogar online de forma r\u00e1pida e segura.","breadcrumb":{"@id":"https:\/\/lottohoy.com\/pt-pt\/lotarias\/mega-millions\/#breadcrumb"},"inLanguage":"pt-ts","potentialAction":[{"@type":"ReadAction","target":["https:\/\/lottohoy.com\/pt-pt\/lotarias\/mega-millions\/"]}]},{"@type":"BreadcrumbList","@id":"https:\/\/lottohoy.com\/pt-pt\/lotarias\/mega-millions\/#breadcrumb","itemListElement":[{"@type":"ListItem","position":1,"name":"Home","item":"https:\/\/lottohoy.com\/pt-pt\/"},{"@type":"ListItem","position":2,"name":"Tudo sobre a loteria online","item":"https:\/\/lottohoy.com\/pt-pt\/lotarias\/"},{"@type":"ListItem","position":3,"name":"Informa\u00e7\u00e3o MegaMillions"}]},{"@type":"WebSite","@id":"https:\/\/lottohoy.com\/pt-pt\/#website","url":"https:\/\/lottohoy.com\/pt-pt\/","name":"Lottohoy","description":"","potentialAction":[{"@type":"SearchAction","target":{"@type":"EntryPoint","urlTemplate":"https:\/\/lottohoy.com\/pt-pt\/?s={search_term_string}"},"query-input":{"@type":"PropertyValueSpecification","valueRequired":true,"valueName":"search_term_string"}}],"inLanguage":"pt-ts"}]}},"_links":{"self":[{"href":"https:\/\/lottohoy.com\/pt-pt\/wp-json\/wp\/v2\/pages\/3833","targetHints":{"allow":["GET"]}}],"collection":[{"href":"https:\/\/lottohoy.com\/pt-pt\/wp-json\/wp\/v2\/pages"}],"about":[{"href":"https:\/\/lottohoy.com\/pt-pt\/wp-json\/wp\/v2\/types\/page"}],"author":[{"embeddable":true,"href":"https:\/\/lottohoy.com\/pt-pt\/wp-json\/wp\/v2\/users\/2"}],"replies":[{"embeddable":true,"href":"https:\/\/lottohoy.com\/pt-pt\/wp-json\/wp\/v2\/comments?post=3833"}],"version-history":[{"count":4,"href":"https:\/\/lottohoy.com\/pt-pt\/wp-json\/wp\/v2\/pages\/3833\/revisions"}],"predecessor-version":[{"id":20052,"href":"https:\/\/lottohoy.com\/pt-pt\/wp-json\/wp\/v2\/pages\/3833\/revisions\/20052"}],"up":[{"embeddable":true,"href":"https:\/\/lottohoy.com\/pt-pt\/wp-json\/wp\/v2\/pages\/3820"}],"wp:attachment":[{"href":"https:\/\/lottohoy.com\/pt-pt\/wp-json\/wp\/v2\/media?parent=3833"}],"curies":[{"name":"wp","href":"https:\/\/api.w.org\/{rel}","templated":true}]}}