{"id":3830,"date":"2019-02-13T18:30:53","date_gmt":"2019-02-13T18:30:53","guid":{"rendered":"https:\/\/www.lottohoy.com\/?page_id=3830"},"modified":"2025-02-13T16:24:41","modified_gmt":"2025-02-13T16:24:41","slug":"el-gordo-primitiva","status":"publish","type":"page","link":"https:\/\/lottohoy.com\/pt-pt\/lotarias\/el-gordo-primitiva\/","title":{"rendered":"Informa\u00e7\u00e3o El Gordo de la Primitiva"},"content":{"rendered":"<p><!--more--><\/p>\n<p>O jogo El Gordo de ls Primitiva \u00e9 criado por Loter\u00edas y Apuestas del estado (LAE) na Espanha, como um complemento aos outros dois jogos de loteria (o Primitiva e o BonoLoto).<\/p>\n<p>O primeiro sorteio \u00e9 realizado em 31 de outubro de 1993, e nasceu com a peculiaridade de realizar um \u00fanico sorteio mensal, o \u00faltimo domingo do m\u00eas.<\/p>\n<p>Com um pre\u00e7o inicial de 500 Pts. (o equivalente hoje a 3,00 \u20ac) foi dada aos jogadores uma dupla possibilidade de participa\u00e7\u00e3o no jogo. Poder-se-ia optar pela compra de um bilhete pr\u00e9-impresso com a combina\u00e7\u00e3o dos 5 n\u00fameros principais mais o n\u00famero de reembolso. Ou que foi o jogador que por meio de um bilhete de cor diferente marcou diretamente a combina\u00e7\u00e3o de n\u00fameros que eram do seu agrado.<\/p>\n<p>Este sistema \u00e9 mantido at\u00e9 quatro anos depois, quando em outubro de 1997, os sorteios tornam-se semanais, mas sempre como data no domingo e com algumas mudan\u00e7as importantes em suas regulamenta\u00e7\u00f5es.<\/p>\n<p>Para os sorteios seguintes s\u00e3o determinados e reservados para os vencedores da primeira categoria a possibilidade de acesso a um jackpot no caso de n\u00e3o haver vencedor no sorteio anterior, tamb\u00e9m reduz o valor da aposta para 250 Pts.<\/p>\n<p>Em 31 de janeiro de 2005, h\u00e1 uma importante mudan\u00e7a no regulamento, incorporando um pr\u00eamio m\u00ednimo garantido de 5.000.000 \u20ac e at\u00e9 oito categorias de pr\u00eamios, mais o reembolso. Como resultado, a expectativa de obter um pr\u00eamio aumenta consideravelmente.<\/p>\n<h2><strong>O que \u00e9 o Gordo de la Primitiva?<\/strong><\/h2>\n<p>Gordo de la Primitiva \u00e9 basicamente um jogo de azar, no qual o jogador tem de obter tantos n\u00fameros quanto poss\u00edvel.<\/p>\n<p>Quando o sorteio se realiza, 5 bolas s\u00e3o sorteadas aleatoriamente das 54 bolas que cont\u00e9m, com n\u00fameros entre 1 e 54.<\/p>\n<p>Da mesma forma, e de um segundo round, uma bola \u00e9 extra\u00edda de 10, numerada de 0 a 9, que consiste no n\u00famero chave ou reembolso.<\/p>\n<p>O jogador pode colocar quantas apostas quiser, e ele pode faz\u00ea-lo manualmente, decidindo os n\u00fameros ele mesmo ou permitindo que o sistema para escolher uma combina\u00e7\u00e3o aleatoriamente.<\/p>\n<h2><strong>Pre\u00e7o do Gordo de La Primitiva<\/strong><\/h2>\n<p>Cada bilhete Gordo de la Primitiva custa a partir de \u20ac 3, e voc\u00ea pode fazer quantas apostas quiser.<\/p>\n<h2><strong>Probabilidades de ganhar a Gordo de La Primitiva<\/strong><\/h2>\n<p>As chances de ganhar um pr\u00eamio s\u00e3o de 1 em 19 (acerte 2 n\u00fameros principais), enquanto as chances de ganhar o primeiro pr\u00eamio s\u00e3o de 1 em 31.625.100.<\/p>\n<p>Pode parecer muito distante se compararmos com La Primitiva, onde as probabilidades s\u00e3o 1 de 13.983.816, e muito mais f\u00e1cil do que Euromilh\u00f5es onde as probabilidades s\u00e3o 1 de 76.275.360.<\/p>\n<h2><strong>Os n\u00fameros mais premiados de El Gordo de La Primitiva<\/strong><\/h2>\n<p>Se olharmos para os 10 n\u00fameros que em mais ocasi\u00f5es t\u00eam sa\u00eddo nas combina\u00e7\u00f5es vencedoras desde o primeiro sorteio, vemos que eles est\u00e3o nesta ordem de mais para menos: 3, 6, 18, 21, 23, 11, 34, 27, 9 e 4.<\/p>\n<p>Por outro lado, os n\u00fameros mais relutantes em sair foram de menos para mais: 52, 50, 54, 51, 49, 46, 48, 48, 47, 43 e 53.<\/p>\n<p>Curioso, n\u00e3o \u00e9? Que os n\u00fameros que em menos ocasi\u00f5es sa\u00edram do tambor baixo s\u00e3o precisamente os n\u00fameros mais altos<\/p>\n<p><!--more--><\/p>\n","protected":false},"excerpt":{"rendered":"","protected":false},"author":2,"featured_media":0,"parent":3820,"menu_order":6,"comment_status":"closed","ping_status":"closed","template":"el-gordo-info.php","meta":{"_et_pb_use_builder":"","_et_pb_old_content":"","_et_gb_content_width":"","exclude_from_search":false,"footnotes":""},"class_list":["post-3830","page","type-page","status-publish","hentry"],"yoast_head":"<!-- This site is optimized with the Yoast SEO plugin v23.7 - https:\/\/yoast.com\/wordpress\/plugins\/seo\/ -->\n<title>Tudo sobre El Gordo de La Primitiva - Guia da Loteria Online - LottoHoy<\/title>\n<meta name=\"description\" content=\"O que \u00e9 a Gordo da Primitiva? Quanto custa? Posso participar? Todas as respostas est\u00e3o neste guia do sorteio do El Gordo.\" \/>\n<meta name=\"robots\" content=\"index, follow, max-snippet:-1, max-image-preview:large, max-video-preview:-1\" \/>\n<link rel=\"canonical\" href=\"https:\/\/lottohoy.com\/pt-pt\/lotarias\/el-gordo-primitiva\/\" \/>\n<meta property=\"og:locale\" content=\"pt_PT\" \/>\n<meta property=\"og:type\" content=\"article\" \/>\n<meta property=\"og:title\" content=\"Tudo sobre El Gordo de La Primitiva - Guia da Loteria Online - LottoHoy\" \/>\n<meta property=\"og:description\" content=\"O que \u00e9 a Gordo da Primitiva? Quanto custa? Posso participar? Todas as respostas est\u00e3o neste guia do sorteio do El Gordo.\" \/>\n<meta property=\"og:url\" content=\"https:\/\/lottohoy.com\/pt-pt\/lotarias\/el-gordo-primitiva\/\" \/>\n<meta property=\"og:site_name\" content=\"Lottohoy\" \/>\n<meta property=\"article:modified_time\" content=\"2025-02-13T16:24:41+00:00\" \/>\n<meta name=\"twitter:card\" content=\"summary_large_image\" \/>\n<meta name=\"twitter:label1\" content=\"Est. reading time\" \/>\n\t<meta name=\"twitter:data1\" content=\"3 minutes\" \/>\n<script type=\"application\/ld+json\" class=\"yoast-schema-graph\">{\"@context\":\"https:\/\/schema.org\",\"@graph\":[{\"@type\":\"WebPage\",\"@id\":\"https:\/\/lottohoy.com\/pt-pt\/lotarias\/el-gordo-primitiva\/\",\"url\":\"https:\/\/lottohoy.com\/pt-pt\/lotarias\/el-gordo-primitiva\/\",\"name\":\"Tudo sobre El Gordo de La Primitiva - Guia da Loteria Online - LottoHoy\",\"isPartOf\":{\"@id\":\"https:\/\/lottohoy.com\/pt-pt\/#website\"},\"datePublished\":\"2019-02-13T18:30:53+00:00\",\"dateModified\":\"2025-02-13T16:24:41+00:00\",\"description\":\"O que \u00e9 a Gordo da Primitiva? Quanto custa? Posso participar? Todas as respostas est\u00e3o neste guia do sorteio do El Gordo.\",\"breadcrumb\":{\"@id\":\"https:\/\/lottohoy.com\/pt-pt\/lotarias\/el-gordo-primitiva\/#breadcrumb\"},\"inLanguage\":\"pt-ts\",\"potentialAction\":[{\"@type\":\"ReadAction\",\"target\":[\"https:\/\/lottohoy.com\/pt-pt\/lotarias\/el-gordo-primitiva\/\"]}]},{\"@type\":\"BreadcrumbList\",\"@id\":\"https:\/\/lottohoy.com\/pt-pt\/lotarias\/el-gordo-primitiva\/#breadcrumb\",\"itemListElement\":[{\"@type\":\"ListItem\",\"position\":1,\"name\":\"Home\",\"item\":\"https:\/\/lottohoy.com\/pt-pt\/\"},{\"@type\":\"ListItem\",\"position\":2,\"name\":\"Tudo sobre a loteria online\",\"item\":\"https:\/\/lottohoy.com\/pt-pt\/lotarias\/\"},{\"@type\":\"ListItem\",\"position\":3,\"name\":\"Informa\u00e7\u00e3o El Gordo de la Primitiva\"}]},{\"@type\":\"WebSite\",\"@id\":\"https:\/\/lottohoy.com\/pt-pt\/#website\",\"url\":\"https:\/\/lottohoy.com\/pt-pt\/\",\"name\":\"Lottohoy\",\"description\":\"\",\"potentialAction\":[{\"@type\":\"SearchAction\",\"target\":{\"@type\":\"EntryPoint\",\"urlTemplate\":\"https:\/\/lottohoy.com\/pt-pt\/?s={search_term_string}\"},\"query-input\":{\"@type\":\"PropertyValueSpecification\",\"valueRequired\":true,\"valueName\":\"search_term_string\"}}],\"inLanguage\":\"pt-ts\"}]}<\/script>\n<!-- \/ Yoast SEO plugin. -->","yoast_head_json":{"title":"Tudo sobre El Gordo de La Primitiva - Guia da Loteria Online - LottoHoy","description":"O que \u00e9 a Gordo da Primitiva? Quanto custa? Posso participar? Todas as respostas est\u00e3o neste guia do sorteio do El Gordo.","robots":{"index":"index","follow":"follow","max-snippet":"max-snippet:-1","max-image-preview":"max-image-preview:large","max-video-preview":"max-video-preview:-1"},"canonical":"https:\/\/lottohoy.com\/pt-pt\/lotarias\/el-gordo-primitiva\/","og_locale":"pt_PT","og_type":"article","og_title":"Tudo sobre El Gordo de La Primitiva - Guia da Loteria Online - LottoHoy","og_description":"O que \u00e9 a Gordo da Primitiva? Quanto custa? Posso participar? Todas as respostas est\u00e3o neste guia do sorteio do El Gordo.","og_url":"https:\/\/lottohoy.com\/pt-pt\/lotarias\/el-gordo-primitiva\/","og_site_name":"Lottohoy","article_modified_time":"2025-02-13T16:24:41+00:00","twitter_card":"summary_large_image","twitter_misc":{"Est. reading time":"3 minutes"},"schema":{"@context":"https:\/\/schema.org","@graph":[{"@type":"WebPage","@id":"https:\/\/lottohoy.com\/pt-pt\/lotarias\/el-gordo-primitiva\/","url":"https:\/\/lottohoy.com\/pt-pt\/lotarias\/el-gordo-primitiva\/","name":"Tudo sobre El Gordo de La Primitiva - Guia da Loteria Online - LottoHoy","isPartOf":{"@id":"https:\/\/lottohoy.com\/pt-pt\/#website"},"datePublished":"2019-02-13T18:30:53+00:00","dateModified":"2025-02-13T16:24:41+00:00","description":"O que \u00e9 a Gordo da Primitiva? Quanto custa? Posso participar? Todas as respostas est\u00e3o neste guia do sorteio do El Gordo.","breadcrumb":{"@id":"https:\/\/lottohoy.com\/pt-pt\/lotarias\/el-gordo-primitiva\/#breadcrumb"},"inLanguage":"pt-ts","potentialAction":[{"@type":"ReadAction","target":["https:\/\/lottohoy.com\/pt-pt\/lotarias\/el-gordo-primitiva\/"]}]},{"@type":"BreadcrumbList","@id":"https:\/\/lottohoy.com\/pt-pt\/lotarias\/el-gordo-primitiva\/#breadcrumb","itemListElement":[{"@type":"ListItem","position":1,"name":"Home","item":"https:\/\/lottohoy.com\/pt-pt\/"},{"@type":"ListItem","position":2,"name":"Tudo sobre a loteria online","item":"https:\/\/lottohoy.com\/pt-pt\/lotarias\/"},{"@type":"ListItem","position":3,"name":"Informa\u00e7\u00e3o El Gordo de la Primitiva"}]},{"@type":"WebSite","@id":"https:\/\/lottohoy.com\/pt-pt\/#website","url":"https:\/\/lottohoy.com\/pt-pt\/","name":"Lottohoy","description":"","potentialAction":[{"@type":"SearchAction","target":{"@type":"EntryPoint","urlTemplate":"https:\/\/lottohoy.com\/pt-pt\/?s={search_term_string}"},"query-input":{"@type":"PropertyValueSpecification","valueRequired":true,"valueName":"search_term_string"}}],"inLanguage":"pt-ts"}]}},"_links":{"self":[{"href":"https:\/\/lottohoy.com\/pt-pt\/wp-json\/wp\/v2\/pages\/3830","targetHints":{"allow":["GET"]}}],"collection":[{"href":"https:\/\/lottohoy.com\/pt-pt\/wp-json\/wp\/v2\/pages"}],"about":[{"href":"https:\/\/lottohoy.com\/pt-pt\/wp-json\/wp\/v2\/types\/page"}],"author":[{"embeddable":true,"href":"https:\/\/lottohoy.com\/pt-pt\/wp-json\/wp\/v2\/users\/2"}],"replies":[{"embeddable":true,"href":"https:\/\/lottohoy.com\/pt-pt\/wp-json\/wp\/v2\/comments?post=3830"}],"version-history":[{"count":2,"href":"https:\/\/lottohoy.com\/pt-pt\/wp-json\/wp\/v2\/pages\/3830\/revisions"}],"predecessor-version":[{"id":14843,"href":"https:\/\/lottohoy.com\/pt-pt\/wp-json\/wp\/v2\/pages\/3830\/revisions\/14843"}],"up":[{"embeddable":true,"href":"https:\/\/lottohoy.com\/pt-pt\/wp-json\/wp\/v2\/pages\/3820"}],"wp:attachment":[{"href":"https:\/\/lottohoy.com\/pt-pt\/wp-json\/wp\/v2\/media?parent=3830"}],"curies":[{"name":"wp","href":"https:\/\/api.w.org\/{rel}","templated":true}]}}