{"id":3828,"date":"2019-03-22T16:10:01","date_gmt":"2019-03-22T16:10:01","guid":{"rendered":"https:\/\/www.lottohoy.com\/?page_id=3828"},"modified":"2025-02-13T17:07:22","modified_gmt":"2025-02-13T17:07:22","slug":"lotto-fr","status":"publish","type":"page","link":"https:\/\/lottohoy.com\/pt-pt\/lotarias\/lotto-fr\/","title":{"rendered":"Informa\u00e7\u00e3o French Lotto"},"content":{"rendered":"<p><!--more--><\/p>\n<h2><strong>O que \u00e9 a Loto Francesa (French Lotto)?<\/strong><\/h2>\n<p>Esta loteria foi criada em 1976, sendo operada pelo governo franc\u00eas, embora desde 2018, seja tornada p\u00fablica em 50% com a id\u00e9ia de torn\u00e1-la mais competitiva.<\/p>\n<p>O jackpot m\u00ednimo garantido para os vencedores da primeira categoria (5+1) \u00e9 de \u20ac2.000.000. Este montante \u00e9 aumentado em 1.000.000 \u20ac se n\u00e3o houver vencedores, configurando um jackpot que pode acumular para um m\u00e1ximo de 34 sorteios.<\/p>\n<p>Se n\u00e3o houver vencedores ap\u00f3s estas 34 ocasi\u00f5es, o valor acumulado ser\u00e1 distribu\u00eddo entre as seguintes categorias no pr\u00f3ximo sorteio.<\/p>\n<h2><strong>Como eu jogo na Loto Francesa (French Lotto)?<\/strong><\/h2>\n<p>Para apostar nos sorteios da <a href=\"https:\/\/lottohoy.com\/pt-pt\/jogar\/lotto-fr\/\"><span style=\"color: #993366;\"><strong>French Lotto<\/strong><\/span><\/a>, o apostador deve configurar sua previs\u00e3o selecionando 5 n\u00fameros entre 1 e 49, e uma bola extra numerada de 1 a 10 inclusive.<\/p>\n<h2><strong>Categorias de pr\u00eamios French Lotto<\/strong><\/h2>\n<p>H\u00e1 9 categorias de pr\u00eamios no total. Com excep\u00e7\u00e3o da primeira categoria que opta pelo jackpot, as restantes categorias de pr\u00e9mios t\u00eam um montante fixo para cada categoria, como se pode ver na caixa seguinte:<\/p>\n<table style=\"width: 476px;\">\n<tbody>\n<tr>\n<td style=\"width: 123px; text-align: center;\"><span style=\"color: #993366;\"><strong>Categorias<\/strong><\/span><\/td>\n<td style=\"width: 193px; text-align: center;\"><span style=\"color: #993366;\"><strong>Precis\u00e3o<\/strong><\/span><\/td>\n<td style=\"width: 150px; text-align: center;\"><span style=\"color: #993366;\"><strong>Pr\u00eamios<\/strong><\/span><\/td>\n<\/tr>\n<tr>\n<td style=\"width: 123px; text-align: center;\">I<\/td>\n<td style=\"width: 193px; text-align: center;\">5 + Bola Chance<\/td>\n<td style=\"width: 150px; text-align: center;\">Jackpot<\/td>\n<\/tr>\n<tr>\n<td style=\"width: 123px; text-align: center;\">II<\/td>\n<td style=\"width: 193px; text-align: center;\">5<\/td>\n<td style=\"width: 150px; text-align: center;\">100.000 \u20ac<\/td>\n<\/tr>\n<tr>\n<td style=\"width: 123px; text-align: center;\">III<\/td>\n<td style=\"width: 193px; text-align: center;\">4 + Bola Chance<\/td>\n<td style=\"width: 150px; text-align: center;\">1000 \u20ac<\/td>\n<\/tr>\n<tr>\n<td style=\"width: 123px; text-align: center;\">IV<\/td>\n<td style=\"width: 193px; text-align: center;\">4<\/td>\n<td style=\"width: 150px; text-align: center;\">500 \u20ac<\/td>\n<\/tr>\n<tr>\n<td style=\"width: 123px; text-align: center;\">V<\/td>\n<td style=\"width: 193px; text-align: center;\">3 +Bola Chance<\/td>\n<td style=\"width: 150px; text-align: center;\">50 \u20ac<\/td>\n<\/tr>\n<tr>\n<td style=\"width: 123px; text-align: center;\">VI<\/td>\n<td style=\"width: 193px; text-align: center;\">3<\/td>\n<td style=\"width: 150px; text-align: center;\">20 \u20ac<\/td>\n<\/tr>\n<tr>\n<td style=\"width: 123px; text-align: center;\">VII.<\/td>\n<td style=\"width: 193px; text-align: center;\">2 + Bola Chance<\/td>\n<td style=\"width: 150px; text-align: center;\">10 \u20ac<\/td>\n<\/tr>\n<tr>\n<td style=\"width: 123px; text-align: center;\">VIII<\/td>\n<td style=\"width: 193px; text-align: center;\">2<\/td>\n<td style=\"width: 150px; text-align: center;\">5 \u20ac<\/td>\n<\/tr>\n<tr>\n<td style=\"width: 123px; text-align: center;\">IX<\/td>\n<td style=\"width: 193px; text-align: center;\">Bola Chance<\/td>\n<td style=\"width: 150px; text-align: center;\">2,20 \u20ac<\/td>\n<\/tr>\n<\/tbody>\n<\/table>\n<p>Al\u00e9m disso, 10 pr\u00eamios de \u20ac20.000 entram em jogo em cada sorteio em formato de rifa, de modo que todos os bilhetes f\u00edsicos entram em jogo, e as chances de ganhar dependem do n\u00famero de participantes no sorteio.<\/p>\n<h2><strong>Pre\u00e7o da Loteria Francesa (French Lotto)<\/strong><\/h2>\n<p>O pre\u00e7o de cada aposta na LottoHoy \u00e9 de 3,50 \u20ac.<\/p>\n<h2><strong>Sorteios especiais da loteria francesa (French Lotto)<\/strong><\/h2>\n<p>Basicamente, h\u00e1 dois sorteios especiais: o <strong>sorteio na sexta-feira, dia 13<\/strong>, e a <strong>Grande Loteria No\u00ebl:<\/strong><\/p>\n<p><strong>Sexta-feira 13<\/strong> &#8211; Cada vez que sexta-feira 13 \u00e9 a mesma, \u00e9 realizado um sorteio extraordin\u00e1rio com um pr\u00e9mio especial de \u20ac13.000.000 mais 50 pr\u00e9mios fixos num sistema de sorteio de \u20ac20.000.<\/p>\n<p>Para muitos, a data de sexta-feira 13, \u00e9 uma data de supersti\u00e7\u00e3o, mas no caso da Loteria Francesa, \u00e9 algo especial porque o primeiro sorteio da Loteria Nacional Francesa, foi realizado na sexta-feira 13, 1930.<\/p>\n<p><strong>No\u00ebl Grand Lotto<\/strong> &#8211; A No\u00ebl Grand Lotto \u00e9 outro sorteio especial realizado na Fran\u00e7a a cada 22 de dezembro, assim como a Gordo de Natal na Espanha.<\/p>\n<p>O primeiro pr\u00e9mio da categoria est\u00e1 avaliado em 20.000.000 \u20ac e, para al\u00e9m dos pr\u00e9mios nas outras 8 categorias, existe um sorteio especial para 100 c\u00f3digos de sorteio, com um pr\u00e9mio garantido de 20.000 \u20ac cada.<\/p>\n<h2><strong>Possibilidades de ganhar na French Lotto<\/strong><\/h2>\n<p>A probabilidade de ganhar a primeira categoria de pr\u00e9mio \u00e9 de 1 em 19.068.840, correspondendo aos 5 n\u00fameros principais mais a bola de sorte.<\/p>\n<p>Enquanto que para obter qualquer um dos pr\u00e9mios que oferece, as probabilidades s\u00e3o de 1 em 5.99.<\/p>\n<p>Podemos ver na caixa seguinte todas as probabilidades matem\u00e1ticas:<\/p>\n<p><!--more--><\/p>\n","protected":false},"excerpt":{"rendered":"","protected":false},"author":2,"featured_media":0,"parent":3820,"menu_order":12,"comment_status":"closed","ping_status":"closed","template":"lotto-fr-info.php","meta":{"_et_pb_use_builder":"","_et_pb_old_content":"","_et_gb_content_width":"","exclude_from_search":false,"footnotes":""},"class_list":["post-3828","page","type-page","status-publish","hentry"],"yoast_head":"<!-- This site is optimized with the Yoast SEO plugin v23.7 - https:\/\/yoast.com\/wordpress\/plugins\/seo\/ -->\n<title>Todas as informa\u00e7\u00f5es sobre a Loteria da Fran\u00e7a na LottoToday<\/title>\n<meta name=\"description\" content=\"A loteria francesa \u00e9 uma das mais antigas e d\u00e1 mais pr\u00eamios. Encontre todas as informa\u00e7\u00f5es sobre pr\u00eamios, probabilidades e regras para ganhar.\" \/>\n<meta name=\"robots\" content=\"index, follow, max-snippet:-1, max-image-preview:large, max-video-preview:-1\" \/>\n<link rel=\"canonical\" href=\"https:\/\/lottohoy.com\/pt-pt\/lotarias\/lotto-fr\/\" \/>\n<meta property=\"og:locale\" content=\"pt_PT\" \/>\n<meta property=\"og:type\" content=\"article\" \/>\n<meta property=\"og:title\" content=\"Todas as informa\u00e7\u00f5es sobre a Loteria da Fran\u00e7a na LottoToday\" \/>\n<meta property=\"og:description\" content=\"A loteria francesa \u00e9 uma das mais antigas e d\u00e1 mais pr\u00eamios. Encontre todas as informa\u00e7\u00f5es sobre pr\u00eamios, probabilidades e regras para ganhar.\" \/>\n<meta property=\"og:url\" content=\"https:\/\/lottohoy.com\/pt-pt\/lotarias\/lotto-fr\/\" \/>\n<meta property=\"og:site_name\" content=\"Lottohoy\" \/>\n<meta property=\"article:modified_time\" content=\"2025-02-13T17:07:22+00:00\" \/>\n<meta name=\"twitter:card\" content=\"summary_large_image\" \/>\n<meta name=\"twitter:label1\" content=\"Est. reading time\" \/>\n\t<meta name=\"twitter:data1\" content=\"3 minutes\" \/>\n<script type=\"application\/ld+json\" class=\"yoast-schema-graph\">{\"@context\":\"https:\/\/schema.org\",\"@graph\":[{\"@type\":\"WebPage\",\"@id\":\"https:\/\/lottohoy.com\/pt-pt\/lotarias\/lotto-fr\/\",\"url\":\"https:\/\/lottohoy.com\/pt-pt\/lotarias\/lotto-fr\/\",\"name\":\"Todas as informa\u00e7\u00f5es sobre a Loteria da Fran\u00e7a na LottoToday\",\"isPartOf\":{\"@id\":\"https:\/\/lottohoy.com\/pt-pt\/#website\"},\"datePublished\":\"2019-03-22T16:10:01+00:00\",\"dateModified\":\"2025-02-13T17:07:22+00:00\",\"description\":\"A loteria francesa \u00e9 uma das mais antigas e d\u00e1 mais pr\u00eamios. Encontre todas as informa\u00e7\u00f5es sobre pr\u00eamios, probabilidades e regras para ganhar.\",\"breadcrumb\":{\"@id\":\"https:\/\/lottohoy.com\/pt-pt\/lotarias\/lotto-fr\/#breadcrumb\"},\"inLanguage\":\"pt-ts\",\"potentialAction\":[{\"@type\":\"ReadAction\",\"target\":[\"https:\/\/lottohoy.com\/pt-pt\/lotarias\/lotto-fr\/\"]}]},{\"@type\":\"BreadcrumbList\",\"@id\":\"https:\/\/lottohoy.com\/pt-pt\/lotarias\/lotto-fr\/#breadcrumb\",\"itemListElement\":[{\"@type\":\"ListItem\",\"position\":1,\"name\":\"Home\",\"item\":\"https:\/\/lottohoy.com\/pt-pt\/\"},{\"@type\":\"ListItem\",\"position\":2,\"name\":\"Tudo sobre a loteria online\",\"item\":\"https:\/\/lottohoy.com\/pt-pt\/lotarias\/\"},{\"@type\":\"ListItem\",\"position\":3,\"name\":\"Informa\u00e7\u00e3o French Lotto\"}]},{\"@type\":\"WebSite\",\"@id\":\"https:\/\/lottohoy.com\/pt-pt\/#website\",\"url\":\"https:\/\/lottohoy.com\/pt-pt\/\",\"name\":\"Lottohoy\",\"description\":\"\",\"potentialAction\":[{\"@type\":\"SearchAction\",\"target\":{\"@type\":\"EntryPoint\",\"urlTemplate\":\"https:\/\/lottohoy.com\/pt-pt\/?s={search_term_string}\"},\"query-input\":{\"@type\":\"PropertyValueSpecification\",\"valueRequired\":true,\"valueName\":\"search_term_string\"}}],\"inLanguage\":\"pt-ts\"}]}<\/script>\n<!-- \/ Yoast SEO plugin. -->","yoast_head_json":{"title":"Todas as informa\u00e7\u00f5es sobre a Loteria da Fran\u00e7a na LottoToday","description":"A loteria francesa \u00e9 uma das mais antigas e d\u00e1 mais pr\u00eamios. Encontre todas as informa\u00e7\u00f5es sobre pr\u00eamios, probabilidades e regras para ganhar.","robots":{"index":"index","follow":"follow","max-snippet":"max-snippet:-1","max-image-preview":"max-image-preview:large","max-video-preview":"max-video-preview:-1"},"canonical":"https:\/\/lottohoy.com\/pt-pt\/lotarias\/lotto-fr\/","og_locale":"pt_PT","og_type":"article","og_title":"Todas as informa\u00e7\u00f5es sobre a Loteria da Fran\u00e7a na LottoToday","og_description":"A loteria francesa \u00e9 uma das mais antigas e d\u00e1 mais pr\u00eamios. Encontre todas as informa\u00e7\u00f5es sobre pr\u00eamios, probabilidades e regras para ganhar.","og_url":"https:\/\/lottohoy.com\/pt-pt\/lotarias\/lotto-fr\/","og_site_name":"Lottohoy","article_modified_time":"2025-02-13T17:07:22+00:00","twitter_card":"summary_large_image","twitter_misc":{"Est. reading time":"3 minutes"},"schema":{"@context":"https:\/\/schema.org","@graph":[{"@type":"WebPage","@id":"https:\/\/lottohoy.com\/pt-pt\/lotarias\/lotto-fr\/","url":"https:\/\/lottohoy.com\/pt-pt\/lotarias\/lotto-fr\/","name":"Todas as informa\u00e7\u00f5es sobre a Loteria da Fran\u00e7a na LottoToday","isPartOf":{"@id":"https:\/\/lottohoy.com\/pt-pt\/#website"},"datePublished":"2019-03-22T16:10:01+00:00","dateModified":"2025-02-13T17:07:22+00:00","description":"A loteria francesa \u00e9 uma das mais antigas e d\u00e1 mais pr\u00eamios. Encontre todas as informa\u00e7\u00f5es sobre pr\u00eamios, probabilidades e regras para ganhar.","breadcrumb":{"@id":"https:\/\/lottohoy.com\/pt-pt\/lotarias\/lotto-fr\/#breadcrumb"},"inLanguage":"pt-ts","potentialAction":[{"@type":"ReadAction","target":["https:\/\/lottohoy.com\/pt-pt\/lotarias\/lotto-fr\/"]}]},{"@type":"BreadcrumbList","@id":"https:\/\/lottohoy.com\/pt-pt\/lotarias\/lotto-fr\/#breadcrumb","itemListElement":[{"@type":"ListItem","position":1,"name":"Home","item":"https:\/\/lottohoy.com\/pt-pt\/"},{"@type":"ListItem","position":2,"name":"Tudo sobre a loteria online","item":"https:\/\/lottohoy.com\/pt-pt\/lotarias\/"},{"@type":"ListItem","position":3,"name":"Informa\u00e7\u00e3o French Lotto"}]},{"@type":"WebSite","@id":"https:\/\/lottohoy.com\/pt-pt\/#website","url":"https:\/\/lottohoy.com\/pt-pt\/","name":"Lottohoy","description":"","potentialAction":[{"@type":"SearchAction","target":{"@type":"EntryPoint","urlTemplate":"https:\/\/lottohoy.com\/pt-pt\/?s={search_term_string}"},"query-input":{"@type":"PropertyValueSpecification","valueRequired":true,"valueName":"search_term_string"}}],"inLanguage":"pt-ts"}]}},"_links":{"self":[{"href":"https:\/\/lottohoy.com\/pt-pt\/wp-json\/wp\/v2\/pages\/3828","targetHints":{"allow":["GET"]}}],"collection":[{"href":"https:\/\/lottohoy.com\/pt-pt\/wp-json\/wp\/v2\/pages"}],"about":[{"href":"https:\/\/lottohoy.com\/pt-pt\/wp-json\/wp\/v2\/types\/page"}],"author":[{"embeddable":true,"href":"https:\/\/lottohoy.com\/pt-pt\/wp-json\/wp\/v2\/users\/2"}],"replies":[{"embeddable":true,"href":"https:\/\/lottohoy.com\/pt-pt\/wp-json\/wp\/v2\/comments?post=3828"}],"version-history":[{"count":3,"href":"https:\/\/lottohoy.com\/pt-pt\/wp-json\/wp\/v2\/pages\/3828\/revisions"}],"predecessor-version":[{"id":14868,"href":"https:\/\/lottohoy.com\/pt-pt\/wp-json\/wp\/v2\/pages\/3828\/revisions\/14868"}],"up":[{"embeddable":true,"href":"https:\/\/lottohoy.com\/pt-pt\/wp-json\/wp\/v2\/pages\/3820"}],"wp:attachment":[{"href":"https:\/\/lottohoy.com\/pt-pt\/wp-json\/wp\/v2\/media?parent=3828"}],"curies":[{"name":"wp","href":"https:\/\/api.w.org\/{rel}","templated":true}]}}