{"id":3826,"date":"2018-05-03T14:23:33","date_gmt":"2018-05-03T13:23:33","guid":{"rendered":"https:\/\/www.lottohoy.com\/?page_id=3826"},"modified":"2025-03-25T12:20:59","modified_gmt":"2025-03-25T12:20:59","slug":"euromillions","status":"publish","type":"page","link":"https:\/\/lottohoy.com\/pt-pt\/lotarias\/euromillions\/","title":{"rendered":"Informa\u00e7\u00e3o Euromilh\u00f5es"},"content":{"rendered":"<p><!--more--><\/p>\r\n<h2>O que \u00e9 o Euromilh\u00f5es?<\/h2>\r\n<p>Euromilh\u00f5es \u00e9 um <strong>jogo de loteria<\/strong> realizado todas as ter\u00e7as e sextas-feiras \u00e0s 21:30 em Paris. \u00c9 a lotaria mais importante da Europa, pois \u00e9 o jogo que re\u00fane a maioria dos participantes e tamb\u00e9m distribui os pr\u00e9mios mais elevados.<\/p>\r\n<p>O primeiro sorteio foi realizado em 13 de fevereiro de 2004, no qual tr\u00eas pa\u00edses foram os principais promotores da loteria, especificamente as ag\u00eancias lot\u00e9ricas do Reino Unido (Loteria Natcional), Fran\u00e7a (La Fran\u00e7aise des Jeux) e Espanha (Loterias Estaduais e Jogos de azar). Apenas alguns meses ap\u00f3s este primeiro sorteio, seis outros pa\u00edses aderiram: \u00c1ustria, B\u00e9lgica, Irlanda, Luxemburgo, Portugal e Su\u00ed\u00e7a.<\/p>\r\n<p>Estamos a falar de uma loteria muito jovem, uma vez que foi criada a partir da entrada da moeda da UE, o euro (\u20ac), embora durante mais de uma d\u00e9cada tenha estudado a possibilidade de criar uma lotaria comum para os 500 milh\u00f5es de habitantes da Uni\u00e3o Europeia.<\/p>\r\n<p>Nesta <strong>loteria Euromilh\u00f5es<\/strong>, um pr\u00eamio m\u00ednimo de <strong>\u20ac20.000.000<\/strong> \u00e9 garantido para a primeira categoria de ganhadores, e um <del>m\u00e1ximo atualmente estabelecido de at\u00e9 \u20ac190.000.000.000<\/del> (este valor foi concedido em <strong>tr\u00eas ocasi\u00f5es<\/strong> at\u00e9 hoje).<\/p>\r\n<p>Na ter\u00e7a-feira, 4 de fevereiro de 2020, entrar\u00e3o em vigor novas mudan\u00e7as no EuroMilh\u00f5es. O teto sobre o valor do pr\u00eamio ser\u00e1 aumentado para <strong>200 milh\u00f5es de euros<\/strong>, com um teto progressivo de 250 milh\u00f5es de euros. As mudan\u00e7as tamb\u00e9m se aplicam \u00e0s porcentagens de pr\u00eamios atribu\u00eddos \u00e0s categorias.<\/p>\r\n<h2>Como jogar Euromilh\u00f5es?<\/h2>\r\n<p>H\u00e1 tr\u00eas factores importantes a ter em conta para conhecer o jogo <strong>Euromilh\u00f5es<\/strong>: As regras que regulam o jogo, as categorias de pr\u00eamios, a distribui\u00e7\u00e3o do mesmo e os &#8220;jackpots&#8221;.<\/p>\r\n<p>Essencialmente, trata-se de seleccionar 5 n\u00fameros entre 1 e 50, e 2 estrelas entre 1 e 12. Quanto mais n\u00fameros e estrelas acertarmos, maior ser\u00e1 o nosso pr\u00e9mio. \u00c9 assim t\u00e3o f\u00e1cil!<\/p>\r\n<p>Ao entrar na sec\u00e7\u00e3o <strong>jogar Euromilh\u00f5es<\/strong> ver\u00e1 uma linha composta por 5 colunas, cada uma das quais \u00e9 composta por 50 quadrados numerados de 1 a 50, e uma segunda parte composta por 12 quadrados (estrelas da sorte) tamb\u00e9m numerados de 1 a 12.<\/p>\r\n<p>Como voc\u00ea pode ver, inicialmente h\u00e1 uma linha com 5 colunas de jogo para fazer nossas apostas, mas podemos expandir o n\u00famero de linhas simplesmente clicando na caixa MORE LINES.<\/p>\r\n<p>Em cada uma destas tabelas ou linhas \u00e9 onde devemos fazer a nossa previs\u00e3o (5 n\u00fameros e 2 estrelas). Al\u00e9m disso, podemos faz\u00ea-lo manualmente escolhendo nossos n\u00fameros favoritos ou aleatoriamente usando o bot\u00e3o SELEC\u00c7\u00c3O R\u00c1PIDA que aparece acima de cada coluna.<\/p>\r\n<p>Depois de ter preenchido todos os bilhetes que deseja jogar, poder\u00e1 consultar o montante total no canto inferior direito.<\/p>\r\n<p>Clicando na caixa CONTINUAR nos levar\u00e1 a confirmar o pedido e fazer o pagamento, onde voc\u00ea pode escolher entre faz\u00ea-lo com seus fundos previamente depositados ou com qualquer um dos mais de <strong>20 m\u00e9todos de pagamento<\/strong> que temos.<\/p>\r\n<h3>Pre\u00e7o da Aposta Euromilh\u00f5es<\/h3>\r\n<p>O pre\u00e7o oficial de cada aposta varia de acordo com o pa\u00eds e sua moeda. Ter uma ideia aproximada em compara\u00e7\u00e3o com o Euro.<\/p>\r\n<p>Juntamente com o montante da aposta da Euromilh\u00f5es, em alguns dos pa\u00edses organizadores desta lotaria foi estabelecido um complemento: <strong>o Milh\u00e3o<\/strong>.<\/p>\r\n<p>Este sorteio \u00e9 realizado todas as semanas em cada um destes pa\u00edses, comprando a aposta \u00e0s sextas-feiras. Um c\u00f3digo \u00fanico \u00e9 fornecido automaticamente, se o n\u00famero vencedor corresponder ao seu bilhete, voc\u00ea ganhar\u00e1 <strong>\u20ac1.000.000<\/strong>, independentemente de sua combina\u00e7\u00e3o ter sido premiada ou n\u00e3o.<\/p>\r\n<h3>Saques Especiais Euromilh\u00f5es<\/h3>\r\n<p>H\u00e1 Euromilh\u00f5es de sorteios complementares que se realizam nos v\u00e1rios pa\u00edses organizadores. Em alguns casos com o mesmo montante da aposta de Euromilh\u00f5es, e em outros casos com um pre\u00e7o separado.<\/p>\r\n<h4>&#8220;A chuva de milh\u00f5es&#8221;<\/h4>\r\n<p>A <strong>chuva do Euromilh\u00f5es<\/strong> \u00e9 um sorteio no qual todos os pa\u00edses participantes do sorteio jogam e criam v\u00e1rios milion\u00e1rios de forma garantida em um \u00fanico sorteio.<\/p>\r\n<p>Os vencedores ser\u00e3o seleccionados aleatoriamente de entre todos os bilhetes inscritos no sorteio com este evento especial que ter\u00e1 lugar em ocasi\u00f5es designadas ao longo do ano.<\/p>\r\n<h4>O &#8220;Super Sorteio&#8221;:<\/h4>\r\n<p>\u00c9 quando as organiza\u00e7\u00f5es lot\u00e9ricas participantes decidem oferecer um fundo especial garantido para a primeira categoria (jackpot), podendo participar de qualquer sorteio anunciado. Desde 2017, foram realizados dois sorteios deste tipo todos os anos, com um montante de \u20ac130.000.000. Desde 2017, foram realizados dois sorteios deste tipo todos os anos, com um montante de \u20ac130.000.000. A partir de 1\u00ba de fevereiro de 2020, haver\u00e1 tr\u00eas (3) &#8220;super sorteios&#8221; por ano e, em princ\u00edpio, est\u00e1 previsto o aumento do valor garantido, independentemente do valor do sorteio anterior, vencido ou n\u00e3o.<\/p>\r\n<p>No caso de n\u00e3o haver vencedor da primeira categoria, o jackpot ser\u00e1 acumulado para o pr\u00f3ximo sorteio at\u00e9 alcan\u00e7ar o m\u00e1ximo de 190.000.000.000\u20ac ou a previs\u00e3o da modifica\u00e7\u00e3o de fevereiro de 2020.<\/p>\r\n<h4>Os Desenhos Especiais:<\/h4>\r\n<p>Tamb\u00e9m chamados de Big Friday, estes s\u00e3o sorteios com um jackpot m\u00ednimo garantido de nove d\u00edgitos e funcionam exatamente com as mesmas regras dos sorteios normais.<\/p>\r\n<p>O fundo do jackpot da Euromilh\u00f5es Big Friday \u00e9 formado ao receber 4,8% do Fundo de Pr\u00e9mio Comum para as primeiras acumula\u00e7\u00f5es ap\u00f3s o jackpot come\u00e7ar novamente com o montante m\u00ednimo garantido. Ap\u00f3s oito sorteios posteriores, 21% s\u00e3o pagos ao Fundo Refor\u00e7ador.<\/p>\r\n<h3>Probabilidades de ganhar Euromilh\u00f5es<\/h3>\r\n<p>Abaixo pode ver uma tabela na qual compilamos todas as probabilidades de ganhar um pr\u00e9mio em cada uma das categorias.<\/p>\r\n<p>Combine estas probabilidades com o estudo dos \u00faltimos resultados da Euromilh\u00f5es para aumentar as suas hip\u00f3teses de ganhar um pr\u00e9mio.<\/p>\r\n<p><!--more--><\/p><p>&nbsp;<\/p>","protected":false},"excerpt":{"rendered":"","protected":false},"author":2,"featured_media":0,"parent":3820,"menu_order":3,"comment_status":"closed","ping_status":"closed","template":"euromillions-at-info.php","meta":{"_et_pb_use_builder":"","_et_pb_old_content":"","_et_gb_content_width":"","exclude_from_search":false,"footnotes":""},"class_list":["post-3826","page","type-page","status-publish","hentry"],"yoast_head":"<!-- This site is optimized with the Yoast SEO plugin v23.7 - https:\/\/yoast.com\/wordpress\/plugins\/seo\/ -->\n<title>Toda a informa\u00e7\u00e3o sobre o Euromilh\u00f5es - LottoHoy.com<\/title>\n<meta name=\"description\" content=\"Euromilh\u00f5es \u00e9 a loteria mais importante da Europa, pois \u00e9 o jogo que re\u00fane mais participantes e tamb\u00e9m distribui os pr\u00eamios mais altos.\" \/>\n<meta name=\"robots\" content=\"index, follow, max-snippet:-1, max-image-preview:large, max-video-preview:-1\" \/>\n<link rel=\"canonical\" href=\"https:\/\/lottohoy.com\/pt-pt\/lotarias\/euromillions\/\" \/>\n<meta property=\"og:locale\" content=\"pt_PT\" \/>\n<meta property=\"og:type\" content=\"article\" \/>\n<meta property=\"og:title\" content=\"Toda a informa\u00e7\u00e3o sobre o Euromilh\u00f5es - LottoHoy.com\" \/>\n<meta property=\"og:description\" content=\"Euromilh\u00f5es \u00e9 a loteria mais importante da Europa, pois \u00e9 o jogo que re\u00fane mais participantes e tamb\u00e9m distribui os pr\u00eamios mais altos.\" \/>\n<meta property=\"og:url\" content=\"https:\/\/lottohoy.com\/pt-pt\/lotarias\/euromillions\/\" \/>\n<meta property=\"og:site_name\" content=\"Lottohoy\" \/>\n<meta property=\"article:modified_time\" content=\"2025-03-25T12:20:59+00:00\" \/>\n<meta name=\"twitter:card\" content=\"summary_large_image\" \/>\n<meta name=\"twitter:label1\" content=\"Est. reading time\" \/>\n\t<meta name=\"twitter:data1\" content=\"4 minutes\" \/>\n<script type=\"application\/ld+json\" class=\"yoast-schema-graph\">{\"@context\":\"https:\/\/schema.org\",\"@graph\":[{\"@type\":\"WebPage\",\"@id\":\"https:\/\/lottohoy.com\/pt-pt\/lotarias\/euromillions\/\",\"url\":\"https:\/\/lottohoy.com\/pt-pt\/lotarias\/euromillions\/\",\"name\":\"Toda a informa\u00e7\u00e3o sobre o Euromilh\u00f5es - LottoHoy.com\",\"isPartOf\":{\"@id\":\"https:\/\/lottohoy.com\/pt-pt\/#website\"},\"datePublished\":\"2018-05-03T13:23:33+00:00\",\"dateModified\":\"2025-03-25T12:20:59+00:00\",\"description\":\"Euromilh\u00f5es \u00e9 a loteria mais importante da Europa, pois \u00e9 o jogo que re\u00fane mais participantes e tamb\u00e9m distribui os pr\u00eamios mais altos.\",\"breadcrumb\":{\"@id\":\"https:\/\/lottohoy.com\/pt-pt\/lotarias\/euromillions\/#breadcrumb\"},\"inLanguage\":\"pt-ts\",\"potentialAction\":[{\"@type\":\"ReadAction\",\"target\":[\"https:\/\/lottohoy.com\/pt-pt\/lotarias\/euromillions\/\"]}]},{\"@type\":\"BreadcrumbList\",\"@id\":\"https:\/\/lottohoy.com\/pt-pt\/lotarias\/euromillions\/#breadcrumb\",\"itemListElement\":[{\"@type\":\"ListItem\",\"position\":1,\"name\":\"Home\",\"item\":\"https:\/\/lottohoy.com\/pt-pt\/\"},{\"@type\":\"ListItem\",\"position\":2,\"name\":\"Tudo sobre a loteria online\",\"item\":\"https:\/\/lottohoy.com\/pt-pt\/lotarias\/\"},{\"@type\":\"ListItem\",\"position\":3,\"name\":\"Informa\u00e7\u00e3o Euromilh\u00f5es\"}]},{\"@type\":\"WebSite\",\"@id\":\"https:\/\/lottohoy.com\/pt-pt\/#website\",\"url\":\"https:\/\/lottohoy.com\/pt-pt\/\",\"name\":\"Lottohoy\",\"description\":\"\",\"potentialAction\":[{\"@type\":\"SearchAction\",\"target\":{\"@type\":\"EntryPoint\",\"urlTemplate\":\"https:\/\/lottohoy.com\/pt-pt\/?s={search_term_string}\"},\"query-input\":{\"@type\":\"PropertyValueSpecification\",\"valueRequired\":true,\"valueName\":\"search_term_string\"}}],\"inLanguage\":\"pt-ts\"}]}<\/script>\n<!-- \/ Yoast SEO plugin. -->","yoast_head_json":{"title":"Toda a informa\u00e7\u00e3o sobre o Euromilh\u00f5es - LottoHoy.com","description":"Euromilh\u00f5es \u00e9 a loteria mais importante da Europa, pois \u00e9 o jogo que re\u00fane mais participantes e tamb\u00e9m distribui os pr\u00eamios mais altos.","robots":{"index":"index","follow":"follow","max-snippet":"max-snippet:-1","max-image-preview":"max-image-preview:large","max-video-preview":"max-video-preview:-1"},"canonical":"https:\/\/lottohoy.com\/pt-pt\/lotarias\/euromillions\/","og_locale":"pt_PT","og_type":"article","og_title":"Toda a informa\u00e7\u00e3o sobre o Euromilh\u00f5es - LottoHoy.com","og_description":"Euromilh\u00f5es \u00e9 a loteria mais importante da Europa, pois \u00e9 o jogo que re\u00fane mais participantes e tamb\u00e9m distribui os pr\u00eamios mais altos.","og_url":"https:\/\/lottohoy.com\/pt-pt\/lotarias\/euromillions\/","og_site_name":"Lottohoy","article_modified_time":"2025-03-25T12:20:59+00:00","twitter_card":"summary_large_image","twitter_misc":{"Est. reading time":"4 minutes"},"schema":{"@context":"https:\/\/schema.org","@graph":[{"@type":"WebPage","@id":"https:\/\/lottohoy.com\/pt-pt\/lotarias\/euromillions\/","url":"https:\/\/lottohoy.com\/pt-pt\/lotarias\/euromillions\/","name":"Toda a informa\u00e7\u00e3o sobre o Euromilh\u00f5es - LottoHoy.com","isPartOf":{"@id":"https:\/\/lottohoy.com\/pt-pt\/#website"},"datePublished":"2018-05-03T13:23:33+00:00","dateModified":"2025-03-25T12:20:59+00:00","description":"Euromilh\u00f5es \u00e9 a loteria mais importante da Europa, pois \u00e9 o jogo que re\u00fane mais participantes e tamb\u00e9m distribui os pr\u00eamios mais altos.","breadcrumb":{"@id":"https:\/\/lottohoy.com\/pt-pt\/lotarias\/euromillions\/#breadcrumb"},"inLanguage":"pt-ts","potentialAction":[{"@type":"ReadAction","target":["https:\/\/lottohoy.com\/pt-pt\/lotarias\/euromillions\/"]}]},{"@type":"BreadcrumbList","@id":"https:\/\/lottohoy.com\/pt-pt\/lotarias\/euromillions\/#breadcrumb","itemListElement":[{"@type":"ListItem","position":1,"name":"Home","item":"https:\/\/lottohoy.com\/pt-pt\/"},{"@type":"ListItem","position":2,"name":"Tudo sobre a loteria online","item":"https:\/\/lottohoy.com\/pt-pt\/lotarias\/"},{"@type":"ListItem","position":3,"name":"Informa\u00e7\u00e3o Euromilh\u00f5es"}]},{"@type":"WebSite","@id":"https:\/\/lottohoy.com\/pt-pt\/#website","url":"https:\/\/lottohoy.com\/pt-pt\/","name":"Lottohoy","description":"","potentialAction":[{"@type":"SearchAction","target":{"@type":"EntryPoint","urlTemplate":"https:\/\/lottohoy.com\/pt-pt\/?s={search_term_string}"},"query-input":{"@type":"PropertyValueSpecification","valueRequired":true,"valueName":"search_term_string"}}],"inLanguage":"pt-ts"}]}},"_links":{"self":[{"href":"https:\/\/lottohoy.com\/pt-pt\/wp-json\/wp\/v2\/pages\/3826","targetHints":{"allow":["GET"]}}],"collection":[{"href":"https:\/\/lottohoy.com\/pt-pt\/wp-json\/wp\/v2\/pages"}],"about":[{"href":"https:\/\/lottohoy.com\/pt-pt\/wp-json\/wp\/v2\/types\/page"}],"author":[{"embeddable":true,"href":"https:\/\/lottohoy.com\/pt-pt\/wp-json\/wp\/v2\/users\/2"}],"replies":[{"embeddable":true,"href":"https:\/\/lottohoy.com\/pt-pt\/wp-json\/wp\/v2\/comments?post=3826"}],"version-history":[{"count":2,"href":"https:\/\/lottohoy.com\/pt-pt\/wp-json\/wp\/v2\/pages\/3826\/revisions"}],"predecessor-version":[{"id":16783,"href":"https:\/\/lottohoy.com\/pt-pt\/wp-json\/wp\/v2\/pages\/3826\/revisions\/16783"}],"up":[{"embeddable":true,"href":"https:\/\/lottohoy.com\/pt-pt\/wp-json\/wp\/v2\/pages\/3820"}],"wp:attachment":[{"href":"https:\/\/lottohoy.com\/pt-pt\/wp-json\/wp\/v2\/media?parent=3826"}],"curies":[{"name":"wp","href":"https:\/\/api.w.org\/{rel}","templated":true}]}}