{"id":3824,"date":"2018-05-03T14:23:33","date_gmt":"2018-05-03T13:23:33","guid":{"rendered":"https:\/\/www.lottohoy.com\/?page_id=3824"},"modified":"2025-02-13T11:47:07","modified_gmt":"2025-02-13T11:47:07","slug":"eurojackpot","status":"publish","type":"page","link":"https:\/\/lottohoy.com\/pt-pt\/lotarias\/eurojackpot\/","title":{"rendered":"Informa\u00e7\u00e3o Eurojackpot"},"content":{"rendered":"<p><!--more--><\/p>\n<p>O jogo Eurojackpot \u00e9 realizado desde 2012 e conta com a participa\u00e7\u00e3o de 17 pa\u00edses europeus. O sorteio acontece toda ter\u00e7a e sexta-feira;Voc\u00ea pode comprar ingressos fisicamente e online jogando conosco.<\/p>\n<h2>Eurojackpot Loteria de la ONCE<\/h2>\n<p>A loteria Eurojackpot em Espanha, est\u00e1 normalmente associada \u00e0 ONCE (<em>Organiza\u00e7\u00e3o Nacional de Cegos em Espanha<\/em>) por ser uma das ag\u00eancias participantes nessa loteria.<\/p>\n<p>Em 2005 e como conseq\u00fc\u00eancia do enorme sucesso que estava alcan\u00e7ando a <a href=\"https:\/\/lottohoy.com\/pt-pt\/jogar\/euromillions\/\"><span style=\"color: #993366;\"><strong>loteria Euromilh\u00f5es<\/strong><\/span><\/a>, come\u00e7ou a gestatear a possibilidade de criar uma nova loteria de car\u00e1ter europeu.<\/p>\n<p>Mas n\u00e3o seria at\u00e9 2011, quando um acordo final foi alcan\u00e7ado para lan\u00e7ar o jogo.<\/p>\n<p>Os pa\u00edses que inicialmente assinaram o acordo foram: Alemanha, Dinamarca, Est\u00f3nia, Eslov\u00e9nia, Finl\u00e2ndia e Pa\u00edses Baixos. Posteriormente, a It\u00e1lia aderiu, e n\u00e3o foi at\u00e9 30 de junho de 2012, quando a Espanha aderiu \u00e0 m\u00e3o da ONCE.<\/p>\n<p>Em Fevereiro de 2013, os pa\u00edses da Cro\u00e1cia, Isl\u00e2ndia, Let\u00f3nia, Litu\u00e2nia, Noruega e Su\u00e9cia juntam-se como participantes organizadores. Em Outubro de 2014 s\u00e3o a Hungria e a Rep\u00fablica Checa, Em 2015 a Eslov\u00e1quia e finalmente em 2017 a Pol\u00f3nia, para completar os <strong>18 pa\u00edses participantes na Eurojackpot<\/strong>.<\/p>\n<p>Semelhante \u00e0 Euromilh\u00f5es, esta loteria difere principalmente porque limita o <strong>jackpot m\u00e1ximo a 90 milh\u00f5es de euros<\/strong>, ao contr\u00e1rio da Euromilh\u00f5es que classifica seu teto em 190 milh\u00f5es de euros.<\/p>\n<p>No entanto, as probabilidades de ganhar um grande pr\u00e9mio na Eurojackpot s\u00e3o maiores do que na Euromilh\u00f5es e at\u00e9 mesmo em outras lotarias.<\/p>\n<h2><strong>Em que dias joga a EuroJackpot?<\/strong><\/h2>\n<p><strong>O sorteio da EuroJackpot <\/strong>tem lugar todas as Ter\u00e7as e sextas-feiras \u00e0s 21:00 GTM da cidade de Hels\u00ednquia. Em Espanha, \u00e9 transmitido na televis\u00e3o diferida \u00e0s sextas-feiras a partir das 22:15 horas.<\/p>\n<h3><strong>Pre\u00e7o Eurojackpot<\/strong><\/h3>\n<p>O <strong>pre\u00e7o oficial<\/strong> de cada bilhete da Eurojackpot em 16 dos 18 pa\u00edses que fazem parte desta lotaria europeia \u00e9 de 2\u20ac (na Isl\u00e2ndia e na Noruega, este pre\u00e7o \u00e9 calculado nas respectivas moedas).<\/p>\n<p>Na LottoHoy.com pode <strong>jogar na Eurojackpot<\/strong> a partir de \u20ac3,95\u00a0 (possivelmente o pre\u00e7o mais baixo comparado com outras plataformas de lotaria online).<\/p>\n<p>A diferen\u00e7a entre o pre\u00e7o oficial do bilhete e o pre\u00e7o oferecido on-line \u00e9 causada principalmente pelos custos de gest\u00e3o decorrentes da compra, quando realizada fora dos pa\u00edses organizadores, e pelos servi\u00e7os adicionais oferecidos pelas plataformas de <a href=\"https:\/\/lottohoy.com\/pt-pt\/jogar\/\"><span style=\"color: #993366;\"><strong>loteria on-line<\/strong><\/span><\/a>.<\/p>\n<h3><strong>Eurojackpot: jackpot e probabilidades vs. outras loterias.<\/strong><\/h3>\n<p>Na caixa abaixo podemos ver uma compara\u00e7\u00e3o entre a <strong>Eurojackpot <\/strong>e as lotarias mais populares: os pre\u00e7os dos bilhetes em compra f\u00edsica no pa\u00eds de origem, o custo da compra online e as probabilidades de obter o primeiro pr\u00e9mio da categoria ou jackpot em cada lotaria, para que possa decidir qual a lotaria que melhor se adapta a si.<\/p>\n<table style=\"width: 624.625px; height: 283px;\">\n<tbody>\n<tr>\n<td style=\"text-align: center; width: 119px;\"><span style=\"color: #993366;\"><strong>Loteria<\/strong><\/span><\/td>\n<td style=\"text-align: center; width: 66px;\"><span style=\"color: #993366;\"><strong>Pre\u00e7o<\/strong><\/span><\/td>\n<td style=\"text-align: center; width: 91px;\"><span style=\"color: #993366;\"><strong>Pre\u00e7o online<\/strong><\/span><\/td>\n<td style=\"text-align: center; width: 171px;\"><span style=\"color: #993366;\"><strong>Pr\u00eamio m\u00e1ximo<\/strong><\/span><\/td>\n<td style=\"text-align: center; width: 160.625px;\"><span style=\"color: #993366;\"><strong>Probabilidades<\/strong><\/span><\/td>\n<\/tr>\n<tr>\n<td style=\"width: 119px;\">Eurojackpot<\/td>\n<td style=\"text-align: center; width: 66px;\">2,00 \u20ac<\/td>\n<td style=\"text-align: center; width: 91px;\">3,95 \u20ac<\/td>\n<td style=\"text-align: center; width: 171px;\">120.000.000 \u20ac<\/td>\n<td style=\"text-align: center; width: 160.625px;\">1 em 95.344.200<\/td>\n<\/tr>\n<tr>\n<td style=\"width: 119px;\">Euromillones<\/td>\n<td style=\"text-align: center; width: 66px;\">2,50 \u20ac<\/td>\n<td style=\"text-align: center; width: 91px;\">3,95 \u20ac<\/td>\n<td style=\"text-align: center; width: 171px;\">250.000.000 \u20ac<\/td>\n<td style=\"text-align: center; width: 160.625px;\">1 em 139.838.160<\/td>\n<\/tr>\n<tr>\n<td style=\"width: 119px;\">SuperEnalotto<\/td>\n<td style=\"text-align: center; width: 66px;\">1,00 \u20ac<\/td>\n<td style=\"text-align: center; width: 91px;\">3,00 \u20ac<\/td>\n<td style=\"text-align: center; width: 171px;\">sem limites<\/td>\n<td style=\"text-align: center; width: 160.625px;\">1 em 622.614.630<\/td>\n<\/tr>\n<tr>\n<td style=\"width: 119px;\">PowerBall US<\/td>\n<td style=\"text-align: center; width: 66px;\">2,00 $<\/td>\n<td style=\"text-align: center; width: 91px;\">3,95 \u20ac<\/td>\n<td style=\"text-align: center; width: 171px;\">sem limites<\/td>\n<td style=\"text-align: center; width: 160.625px;\">1 em 292.201.338<\/td>\n<\/tr>\n<tr>\n<td style=\"width: 119px;\">MegaMillions<\/td>\n<td style=\"text-align: center; width: 66px;\">2,00 $<\/td>\n<td style=\"text-align: center; width: 91px;\">3.95 \u20ac<\/td>\n<td style=\"text-align: center; width: 171px;\">sem limites<\/td>\n<td style=\"text-align: center; width: 160.625px;\">1 em 302.575.350<\/td>\n<\/tr>\n<tr>\n<td style=\"width: 119px;\">La Primitiva<\/td>\n<td style=\"text-align: center; width: 66px;\">1,00 \u20ac<\/td>\n<td style=\"text-align: center; width: 91px;\">2,00 \u20ac<\/td>\n<td style=\"text-align: center; width: 171px;\">sem limites<\/td>\n<td style=\"text-align: center; width: 160.625px;\">1 em 139.838.160<\/td>\n<\/tr>\n<tr>\n<td style=\"width: 119px;\">PowerBall AU<\/td>\n<td style=\"text-align: center; width: 66px;\">1,20 $<\/td>\n<td style=\"text-align: center; width: 91px;\">2,00 \u20ac<\/td>\n<td style=\"text-align: center; width: 171px;\">sem limites<\/td>\n<td style=\"text-align: center; width: 160.625px;\">1 em 134.490.400<\/td>\n<\/tr>\n<tr>\n<td style=\"width: 119px;\">UK Lottery<\/td>\n<td style=\"text-align: center; width: 66px;\">2,00 \u00a3<\/td>\n<td style=\"text-align: center; width: 91px;\">4,00 \u20ac<\/td>\n<td style=\"text-align: center; width: 171px;\">22.000.000 \u00a3<\/td>\n<td style=\"text-align: center; width: 160.625px;\">1 em 45.057.474<\/td>\n<\/tr>\n<tr>\n<td style=\"width: 119px;\">French Lotto<\/td>\n<td style=\"text-align: center; width: 66px;\">2,20 \u20ac<\/td>\n<td style=\"text-align: center; width: 91px;\">3,50 \u20ac<\/td>\n<td style=\"text-align: center; width: 171px;\">Jackpot At\u00e9 34 acumula\u00e7\u00f5es<\/td>\n<td style=\"text-align: center; width: 160.625px;\">1 em 19.068.840<\/td>\n<\/tr>\n<\/tbody>\n<\/table>\n<p>Como pode ver, <strong>as probabilidades de ganhar o jackpot da Eurojackpot<\/strong> s\u00e3o melhores em compara\u00e7\u00e3o com outras lotarias. \u00c9 por isso que a Eurojackpot ganhou tanta fama entre os amantes da lotaria.<\/p>\n<h2><strong>Vantagens de jogar Eurojackpot Online<\/strong><\/h2>\n<ul>\n<li><strong>Conforto<\/strong>: E facilidade em adquirir a Eurojackpot atrav\u00e9s de protocolos seguros implementados na LottoHoy.com<\/li>\n<li><strong>Disponibilidade total<\/strong>: Aberto 24\/7, 365 dias por ano. A partir de qualquer ponto sempre que estiver dispon\u00edvel uma liga\u00e7\u00e3o \u00e0 Internet, para dispositivos m\u00f3veis, tablets ou computadores de secret\u00e1ria.<\/li>\n<li><strong>Informa\u00e7\u00f5es espec\u00edficas<\/strong>: <a href=\"https:\/\/lottohoy.com\/pt-pt\/resultados\/eurojackpot\/\"><span style=\"color: #993366;\">Resultados da Eurojackpot<\/span><\/a>, promo\u00e7\u00f5es, jackpots acumulados e novos sorteios.<\/li>\n<li><strong>Entrada imediata de pr\u00e9mios:<\/strong> De forma autom\u00e1tica, todos os pr\u00e9mios s\u00e3o introduzidos na conta do utilizador e\/ou \u00e9 indicado como proceder.<\/li>\n<li><strong>Controle total<\/strong>: Atrav\u00e9s da conta de usu\u00e1rio, sempre ser capaz de ver o status das contas, os movimentos de receitas, pagamentos, pr\u00eamios, etc<\/li>\n<li><strong>Meios de pagamento<\/strong>: Vasta gama de meios de pagamento, tanto para efectuar dep\u00f3sitos como levantamentos.<\/li>\n<li><strong>Apoio<\/strong>: Equipe de profissionais para ajudar a resolver qualquer situa\u00e7\u00e3o.<\/li>\n<li><strong>Not\u00edcias actuais<\/strong> sobre o jogo Eurojackpot.<\/li>\n<li><strong>Extras<\/strong> : Participa\u00e7\u00e3o em sorteios e b\u00f3nus criados pela LottoHoy.com.<\/li>\n<\/ul>\n<h2><strong>Possibilidades de ganhar um pr\u00e9mio na Eurojackpot<\/strong><\/h2>\n<p>Compil\u00e1mos a probabilidade real de ganhar em cada uma <strong>das categorias de pr\u00e9mios<\/strong> da Eurojackpot. Voc\u00ea tamb\u00e9m pode ver a % do valor do pr\u00eamio que \u00e9 distribu\u00eddo e o pr\u00eamio estimado em cada n\u00edvel.<\/p>\n<p><!--more--><\/p>\n","protected":false},"excerpt":{"rendered":"","protected":false},"author":2,"featured_media":0,"parent":3820,"menu_order":4,"comment_status":"closed","ping_status":"closed","template":"eurojackpot-info.php","meta":{"_et_pb_use_builder":"","_et_pb_old_content":"","_et_gb_content_width":"","exclude_from_search":false,"footnotes":""},"class_list":["post-3824","page","type-page","status-publish","hentry"],"yoast_head":"<!-- This site is optimized with the Yoast SEO plugin v23.7 - https:\/\/yoast.com\/wordpress\/plugins\/seo\/ -->\n<title>Eurojackpot Online - Pre\u00e7os, Pr\u00e9mios, Not\u00edcias - LottoHoy.com<\/title>\n<meta name=\"description\" content=\"Conhe\u00e7a a Eurojackpot, uma das loterias mais populares. Agora pode comprar os seus bilhetes online jogando connosco.\" \/>\n<meta name=\"robots\" content=\"index, follow, max-snippet:-1, max-image-preview:large, max-video-preview:-1\" \/>\n<link rel=\"canonical\" href=\"https:\/\/lottohoy.com\/pt-pt\/lotarias\/eurojackpot\/\" \/>\n<meta property=\"og:locale\" content=\"pt_PT\" \/>\n<meta property=\"og:type\" content=\"article\" \/>\n<meta property=\"og:title\" content=\"Eurojackpot Online - Pre\u00e7os, Pr\u00e9mios, Not\u00edcias - LottoHoy.com\" \/>\n<meta property=\"og:description\" content=\"Conhe\u00e7a a Eurojackpot, uma das loterias mais populares. Agora pode comprar os seus bilhetes online jogando connosco.\" \/>\n<meta property=\"og:url\" content=\"https:\/\/lottohoy.com\/pt-pt\/lotarias\/eurojackpot\/\" \/>\n<meta property=\"og:site_name\" content=\"Lottohoy\" \/>\n<meta property=\"article:modified_time\" content=\"2025-02-13T11:47:07+00:00\" \/>\n<meta name=\"twitter:card\" content=\"summary_large_image\" \/>\n<meta name=\"twitter:label1\" content=\"Est. reading time\" \/>\n\t<meta name=\"twitter:data1\" content=\"4 minutes\" \/>\n<script type=\"application\/ld+json\" class=\"yoast-schema-graph\">{\"@context\":\"https:\/\/schema.org\",\"@graph\":[{\"@type\":\"WebPage\",\"@id\":\"https:\/\/lottohoy.com\/pt-pt\/lotarias\/eurojackpot\/\",\"url\":\"https:\/\/lottohoy.com\/pt-pt\/lotarias\/eurojackpot\/\",\"name\":\"Eurojackpot Online - Pre\u00e7os, Pr\u00e9mios, Not\u00edcias - LottoHoy.com\",\"isPartOf\":{\"@id\":\"https:\/\/lottohoy.com\/pt-pt\/#website\"},\"datePublished\":\"2018-05-03T13:23:33+00:00\",\"dateModified\":\"2025-02-13T11:47:07+00:00\",\"description\":\"Conhe\u00e7a a Eurojackpot, uma das loterias mais populares. Agora pode comprar os seus bilhetes online jogando connosco.\",\"breadcrumb\":{\"@id\":\"https:\/\/lottohoy.com\/pt-pt\/lotarias\/eurojackpot\/#breadcrumb\"},\"inLanguage\":\"pt-ts\",\"potentialAction\":[{\"@type\":\"ReadAction\",\"target\":[\"https:\/\/lottohoy.com\/pt-pt\/lotarias\/eurojackpot\/\"]}]},{\"@type\":\"BreadcrumbList\",\"@id\":\"https:\/\/lottohoy.com\/pt-pt\/lotarias\/eurojackpot\/#breadcrumb\",\"itemListElement\":[{\"@type\":\"ListItem\",\"position\":1,\"name\":\"Home\",\"item\":\"https:\/\/lottohoy.com\/pt-pt\/\"},{\"@type\":\"ListItem\",\"position\":2,\"name\":\"Tudo sobre a loteria online\",\"item\":\"https:\/\/lottohoy.com\/pt-pt\/lotarias\/\"},{\"@type\":\"ListItem\",\"position\":3,\"name\":\"Informa\u00e7\u00e3o Eurojackpot\"}]},{\"@type\":\"WebSite\",\"@id\":\"https:\/\/lottohoy.com\/pt-pt\/#website\",\"url\":\"https:\/\/lottohoy.com\/pt-pt\/\",\"name\":\"Lottohoy\",\"description\":\"\",\"potentialAction\":[{\"@type\":\"SearchAction\",\"target\":{\"@type\":\"EntryPoint\",\"urlTemplate\":\"https:\/\/lottohoy.com\/pt-pt\/?s={search_term_string}\"},\"query-input\":{\"@type\":\"PropertyValueSpecification\",\"valueRequired\":true,\"valueName\":\"search_term_string\"}}],\"inLanguage\":\"pt-ts\"}]}<\/script>\n<!-- \/ Yoast SEO plugin. -->","yoast_head_json":{"title":"Eurojackpot Online - Pre\u00e7os, Pr\u00e9mios, Not\u00edcias - LottoHoy.com","description":"Conhe\u00e7a a Eurojackpot, uma das loterias mais populares. Agora pode comprar os seus bilhetes online jogando connosco.","robots":{"index":"index","follow":"follow","max-snippet":"max-snippet:-1","max-image-preview":"max-image-preview:large","max-video-preview":"max-video-preview:-1"},"canonical":"https:\/\/lottohoy.com\/pt-pt\/lotarias\/eurojackpot\/","og_locale":"pt_PT","og_type":"article","og_title":"Eurojackpot Online - Pre\u00e7os, Pr\u00e9mios, Not\u00edcias - LottoHoy.com","og_description":"Conhe\u00e7a a Eurojackpot, uma das loterias mais populares. Agora pode comprar os seus bilhetes online jogando connosco.","og_url":"https:\/\/lottohoy.com\/pt-pt\/lotarias\/eurojackpot\/","og_site_name":"Lottohoy","article_modified_time":"2025-02-13T11:47:07+00:00","twitter_card":"summary_large_image","twitter_misc":{"Est. reading time":"4 minutes"},"schema":{"@context":"https:\/\/schema.org","@graph":[{"@type":"WebPage","@id":"https:\/\/lottohoy.com\/pt-pt\/lotarias\/eurojackpot\/","url":"https:\/\/lottohoy.com\/pt-pt\/lotarias\/eurojackpot\/","name":"Eurojackpot Online - Pre\u00e7os, Pr\u00e9mios, Not\u00edcias - LottoHoy.com","isPartOf":{"@id":"https:\/\/lottohoy.com\/pt-pt\/#website"},"datePublished":"2018-05-03T13:23:33+00:00","dateModified":"2025-02-13T11:47:07+00:00","description":"Conhe\u00e7a a Eurojackpot, uma das loterias mais populares. Agora pode comprar os seus bilhetes online jogando connosco.","breadcrumb":{"@id":"https:\/\/lottohoy.com\/pt-pt\/lotarias\/eurojackpot\/#breadcrumb"},"inLanguage":"pt-ts","potentialAction":[{"@type":"ReadAction","target":["https:\/\/lottohoy.com\/pt-pt\/lotarias\/eurojackpot\/"]}]},{"@type":"BreadcrumbList","@id":"https:\/\/lottohoy.com\/pt-pt\/lotarias\/eurojackpot\/#breadcrumb","itemListElement":[{"@type":"ListItem","position":1,"name":"Home","item":"https:\/\/lottohoy.com\/pt-pt\/"},{"@type":"ListItem","position":2,"name":"Tudo sobre a loteria online","item":"https:\/\/lottohoy.com\/pt-pt\/lotarias\/"},{"@type":"ListItem","position":3,"name":"Informa\u00e7\u00e3o Eurojackpot"}]},{"@type":"WebSite","@id":"https:\/\/lottohoy.com\/pt-pt\/#website","url":"https:\/\/lottohoy.com\/pt-pt\/","name":"Lottohoy","description":"","potentialAction":[{"@type":"SearchAction","target":{"@type":"EntryPoint","urlTemplate":"https:\/\/lottohoy.com\/pt-pt\/?s={search_term_string}"},"query-input":{"@type":"PropertyValueSpecification","valueRequired":true,"valueName":"search_term_string"}}],"inLanguage":"pt-ts"}]}},"_links":{"self":[{"href":"https:\/\/lottohoy.com\/pt-pt\/wp-json\/wp\/v2\/pages\/3824","targetHints":{"allow":["GET"]}}],"collection":[{"href":"https:\/\/lottohoy.com\/pt-pt\/wp-json\/wp\/v2\/pages"}],"about":[{"href":"https:\/\/lottohoy.com\/pt-pt\/wp-json\/wp\/v2\/types\/page"}],"author":[{"embeddable":true,"href":"https:\/\/lottohoy.com\/pt-pt\/wp-json\/wp\/v2\/users\/2"}],"replies":[{"embeddable":true,"href":"https:\/\/lottohoy.com\/pt-pt\/wp-json\/wp\/v2\/comments?post=3824"}],"version-history":[{"count":4,"href":"https:\/\/lottohoy.com\/pt-pt\/wp-json\/wp\/v2\/pages\/3824\/revisions"}],"predecessor-version":[{"id":14818,"href":"https:\/\/lottohoy.com\/pt-pt\/wp-json\/wp\/v2\/pages\/3824\/revisions\/14818"}],"up":[{"embeddable":true,"href":"https:\/\/lottohoy.com\/pt-pt\/wp-json\/wp\/v2\/pages\/3820"}],"wp:attachment":[{"href":"https:\/\/lottohoy.com\/pt-pt\/wp-json\/wp\/v2\/media?parent=3824"}],"curies":[{"name":"wp","href":"https:\/\/api.w.org\/{rel}","templated":true}]}}