{"id":3820,"date":"2018-05-03T14:23:32","date_gmt":"2018-05-03T13:23:32","guid":{"rendered":"https:\/\/www.lottohoy.com\/?page_id=3820"},"modified":"2025-02-12T11:37:34","modified_gmt":"2025-02-12T11:37:34","slug":"lotarias","status":"publish","type":"page","link":"https:\/\/lottohoy.com\/pt-pt\/lotarias\/","title":{"rendered":"Tudo sobre a loteria online"},"content":{"rendered":"<p>Os tempos passam, as tradi\u00e7\u00f5es s\u00e3o ultrapassadas pelas inova\u00e7\u00f5es, tudo muda, tudo se torna mais r\u00e1pido e f\u00e1cil, voc\u00ea vai al\u00e9m e aproveita melhor. E a loteria n\u00e3o ia ser menor, hoje em dia <a href=\"https:\/\/lottohoy.com\/pt-pt\/jogar\/\"><span style=\"color: #993366;\"><strong>jogar na loteria online<\/strong><\/span><\/a> est\u00e1 dispon\u00edvel para todos e em todo o mundo atrav\u00e9s da Internet.<\/p>\n<p><!--more--><\/p>\n<h2><strong>O que \u00e9 a loteria online?<\/strong><\/h2>\n<p>A <strong>loteria online<\/strong> ainda \u00e9 a loteria &#8220;sempre&#8221;, mas fazendo a compra atrav\u00e9s da Internet, assim voc\u00ea pode jogar de qualquer ponto da geografia at\u00e9 quase todas as loterias do mundo.<\/p>\n<p>N\u00e3o importa em que pa\u00eds voc\u00ea esteja, voc\u00ea pode jogar na loteria do outro lado do mundo. Os mesmos pr\u00e9mios, as mesmas possibilidades para todos. Um jogador das Filipinas pode comprar a lotaria American <a href=\"https:\/\/lottohoy.com\/pt-pt\/jogar\/mega-millions\/\"><span style=\"color: #993366;\"><strong>MegaMillions<\/strong><\/span><\/a>, e um canadense pode comprar a<a href=\"https:\/\/lottohoy.com\/pt-pt\/jogar\/euromillions\/\"><span style=\"color: #993366;\"><strong> Euromillions<\/strong><\/span><\/a>.<\/p>\n<h2><strong>Posso comprar bilhetes de loteria on-line?<\/strong><\/h2>\n<p>Claro e de uma forma f\u00e1cil. Basta <a href=\"https:\/\/lottohoy.com\/pt-pt\/auth\/registo-abra-a-sua-conta-de-jogador\/\"><span style=\"color: #993366;\"><strong>registrar-se no LottoHoy<\/strong><\/span><\/a> via celular, laptop ou desktop e come\u00e7ar a jogar seus jogos favoritos.<\/p>\n<h2><strong>Como apostar na loteria online?<\/strong><\/h2>\n<p>Quando voc\u00ea entra no LottoHoy voc\u00ea s\u00f3 tem que escolher a loteria ou loterias em que voc\u00ea quer fazer a compra. Siga as instru\u00e7\u00f5es indicadas para marcar a combina\u00e7\u00e3o e preencher as colunas desejadas e efectuar o pagamento com um dos v\u00e1rios m\u00e9todos de pagamento que oferecemos.<\/p>\n<h2><strong>Como ganhar a loteria?<\/strong><\/h2>\n<p>Se a combina\u00e7\u00e3o de n\u00fameros ou bolas escolhida coincidir total ou parcialmente com o <a href=\"https:\/\/lottohoy.com\/pt-pt\/resultados\/euromillions\/\"><span style=\"color: #993366;\"><strong>resultado oficial da loteria<\/strong><\/span><\/a> na qual voc\u00ea participa, o pr\u00eamio ou pr\u00eamios correspondentes ser\u00e3o creditados diretamente na conta do usu\u00e1rio e estar\u00e3o dispon\u00edveis a partir desse momento.<\/p>\n<h2><strong>Qual \u00e9 a melhor loteria online?<\/strong><\/h2>\n<p>Cada loteria tem suas vantagens, voc\u00ea s\u00f3 precisa encontrar qual delas oferece os recursos que voc\u00ea est\u00e1 procurando.<\/p>\n<p>H\u00e1 <strong>loterias<\/strong> que t\u00eam um super pr\u00eamio para os vencedores da primeira categoria, em que \u00e0s vezes h\u00e1 <strong><a href=\"https:\/\/lottohoy.com\/pt-pt\/jackpots-da-loteria\/\"><span style=\"color: #993366;\">jackpots acumulados de sorteios<\/span><\/a> anteriores<\/strong> sem um vencedor e que atingem quantias de dinheiro de at\u00e9 10 n\u00fameros (<del>o maior jackpot concedido at\u00e9 \u00e0 data foi de <strong>1.500 milh\u00f5es de d\u00f3lares<\/strong>)<\/del>.Isso foi em outubro de 2023, mas hoje esse n\u00famero foi ultrapassado em 2 ocasi\u00f5es, sendo as duas loterias americanas as que det\u00eam os maiores pr\u00eamios at\u00e9 hoje, primeiro dia do ano de 2025.<br \/>\n<strong>Loteria Powerball com recorde de US$ 2.040 milh\u00f5es e, no caso da loteria Megamillions, com US$ 1.602 milh\u00f5es<\/strong><\/p>\n<p>H\u00e1 tamb\u00e9m loterias que distribuem o valor alocado aos pr\u00eamios entre v\u00e1rias categorias, de modo que muitas mais podem ser premiadas, mesmo que seja em valores menores para cada uma delas.<\/p>\n","protected":false},"excerpt":{"rendered":"<p>Os tempos passam, as tradi\u00e7\u00f5es s\u00e3o ultrapassadas pelas inova\u00e7\u00f5es, tudo muda, tudo se torna mais r\u00e1pido e f\u00e1cil, voc\u00ea vai al\u00e9m e aproveita melhor. E a loteria n\u00e3o ia ser menor, hoje em dia jogar na loteria online est\u00e1 dispon\u00edvel para todos e em todo o mundo atrav\u00e9s da Internet.<\/p>\n","protected":false},"author":2,"featured_media":0,"parent":0,"menu_order":3,"comment_status":"closed","ping_status":"closed","template":"Information.php","meta":{"_et_pb_use_builder":"","_et_pb_old_content":"","_et_gb_content_width":"","exclude_from_search":false,"footnotes":""},"class_list":["post-3820","page","type-page","status-publish","hentry"],"yoast_head":"<!-- This site is optimized with the Yoast SEO plugin v23.7 - https:\/\/yoast.com\/wordpress\/plugins\/seo\/ -->\n<title>Tudo Sobre a Loteria Online - Guia da Loteria - LottoHoy<\/title>\n<meta name=\"description\" content=\"Os tempos est\u00e3o avan\u00e7ando e a loteria n\u00e3o ia ser menor, hoje a loteria online est\u00e1 dispon\u00edvel para todos e ao redor do mundo atrav\u00e9s da Internet.\" \/>\n<meta name=\"robots\" content=\"index, follow, max-snippet:-1, max-image-preview:large, max-video-preview:-1\" \/>\n<link rel=\"canonical\" href=\"https:\/\/lottohoy.com\/pt-pt\/lotarias\/\" \/>\n<meta property=\"og:locale\" content=\"pt_PT\" \/>\n<meta property=\"og:type\" content=\"article\" \/>\n<meta property=\"og:title\" content=\"Tudo Sobre a Loteria Online - Guia da Loteria - LottoHoy\" \/>\n<meta property=\"og:description\" content=\"Os tempos est\u00e3o avan\u00e7ando e a loteria n\u00e3o ia ser menor, hoje a loteria online est\u00e1 dispon\u00edvel para todos e ao redor do mundo atrav\u00e9s da Internet.\" \/>\n<meta property=\"og:url\" content=\"https:\/\/lottohoy.com\/pt-pt\/lotarias\/\" \/>\n<meta property=\"og:site_name\" content=\"Lottohoy\" \/>\n<meta property=\"article:modified_time\" content=\"2025-02-12T11:37:34+00:00\" \/>\n<meta name=\"twitter:card\" content=\"summary_large_image\" \/>\n<meta name=\"twitter:label1\" content=\"Est. reading time\" \/>\n\t<meta name=\"twitter:data1\" content=\"2 minutes\" \/>\n<script type=\"application\/ld+json\" class=\"yoast-schema-graph\">{\"@context\":\"https:\/\/schema.org\",\"@graph\":[{\"@type\":\"WebPage\",\"@id\":\"https:\/\/lottohoy.com\/pt-pt\/lotarias\/\",\"url\":\"https:\/\/lottohoy.com\/pt-pt\/lotarias\/\",\"name\":\"Tudo Sobre a Loteria Online - Guia da Loteria - LottoHoy\",\"isPartOf\":{\"@id\":\"https:\/\/lottohoy.com\/pt-pt\/#website\"},\"datePublished\":\"2018-05-03T13:23:32+00:00\",\"dateModified\":\"2025-02-12T11:37:34+00:00\",\"description\":\"Os tempos est\u00e3o avan\u00e7ando e a loteria n\u00e3o ia ser menor, hoje a loteria online est\u00e1 dispon\u00edvel para todos e ao redor do mundo atrav\u00e9s da Internet.\",\"breadcrumb\":{\"@id\":\"https:\/\/lottohoy.com\/pt-pt\/lotarias\/#breadcrumb\"},\"inLanguage\":\"pt-ts\",\"potentialAction\":[{\"@type\":\"ReadAction\",\"target\":[\"https:\/\/lottohoy.com\/pt-pt\/lotarias\/\"]}]},{\"@type\":\"BreadcrumbList\",\"@id\":\"https:\/\/lottohoy.com\/pt-pt\/lotarias\/#breadcrumb\",\"itemListElement\":[{\"@type\":\"ListItem\",\"position\":1,\"name\":\"Home\",\"item\":\"https:\/\/lottohoy.com\/pt-pt\/\"},{\"@type\":\"ListItem\",\"position\":2,\"name\":\"Tudo sobre a loteria online\"}]},{\"@type\":\"WebSite\",\"@id\":\"https:\/\/lottohoy.com\/pt-pt\/#website\",\"url\":\"https:\/\/lottohoy.com\/pt-pt\/\",\"name\":\"Lottohoy\",\"description\":\"\",\"potentialAction\":[{\"@type\":\"SearchAction\",\"target\":{\"@type\":\"EntryPoint\",\"urlTemplate\":\"https:\/\/lottohoy.com\/pt-pt\/?s={search_term_string}\"},\"query-input\":{\"@type\":\"PropertyValueSpecification\",\"valueRequired\":true,\"valueName\":\"search_term_string\"}}],\"inLanguage\":\"pt-ts\"}]}<\/script>\n<!-- \/ Yoast SEO plugin. -->","yoast_head_json":{"title":"Tudo Sobre a Loteria Online - Guia da Loteria - LottoHoy","description":"Os tempos est\u00e3o avan\u00e7ando e a loteria n\u00e3o ia ser menor, hoje a loteria online est\u00e1 dispon\u00edvel para todos e ao redor do mundo atrav\u00e9s da Internet.","robots":{"index":"index","follow":"follow","max-snippet":"max-snippet:-1","max-image-preview":"max-image-preview:large","max-video-preview":"max-video-preview:-1"},"canonical":"https:\/\/lottohoy.com\/pt-pt\/lotarias\/","og_locale":"pt_PT","og_type":"article","og_title":"Tudo Sobre a Loteria Online - Guia da Loteria - LottoHoy","og_description":"Os tempos est\u00e3o avan\u00e7ando e a loteria n\u00e3o ia ser menor, hoje a loteria online est\u00e1 dispon\u00edvel para todos e ao redor do mundo atrav\u00e9s da Internet.","og_url":"https:\/\/lottohoy.com\/pt-pt\/lotarias\/","og_site_name":"Lottohoy","article_modified_time":"2025-02-12T11:37:34+00:00","twitter_card":"summary_large_image","twitter_misc":{"Est. reading time":"2 minutes"},"schema":{"@context":"https:\/\/schema.org","@graph":[{"@type":"WebPage","@id":"https:\/\/lottohoy.com\/pt-pt\/lotarias\/","url":"https:\/\/lottohoy.com\/pt-pt\/lotarias\/","name":"Tudo Sobre a Loteria Online - Guia da Loteria - LottoHoy","isPartOf":{"@id":"https:\/\/lottohoy.com\/pt-pt\/#website"},"datePublished":"2018-05-03T13:23:32+00:00","dateModified":"2025-02-12T11:37:34+00:00","description":"Os tempos est\u00e3o avan\u00e7ando e a loteria n\u00e3o ia ser menor, hoje a loteria online est\u00e1 dispon\u00edvel para todos e ao redor do mundo atrav\u00e9s da Internet.","breadcrumb":{"@id":"https:\/\/lottohoy.com\/pt-pt\/lotarias\/#breadcrumb"},"inLanguage":"pt-ts","potentialAction":[{"@type":"ReadAction","target":["https:\/\/lottohoy.com\/pt-pt\/lotarias\/"]}]},{"@type":"BreadcrumbList","@id":"https:\/\/lottohoy.com\/pt-pt\/lotarias\/#breadcrumb","itemListElement":[{"@type":"ListItem","position":1,"name":"Home","item":"https:\/\/lottohoy.com\/pt-pt\/"},{"@type":"ListItem","position":2,"name":"Tudo sobre a loteria online"}]},{"@type":"WebSite","@id":"https:\/\/lottohoy.com\/pt-pt\/#website","url":"https:\/\/lottohoy.com\/pt-pt\/","name":"Lottohoy","description":"","potentialAction":[{"@type":"SearchAction","target":{"@type":"EntryPoint","urlTemplate":"https:\/\/lottohoy.com\/pt-pt\/?s={search_term_string}"},"query-input":{"@type":"PropertyValueSpecification","valueRequired":true,"valueName":"search_term_string"}}],"inLanguage":"pt-ts"}]}},"_links":{"self":[{"href":"https:\/\/lottohoy.com\/pt-pt\/wp-json\/wp\/v2\/pages\/3820","targetHints":{"allow":["GET"]}}],"collection":[{"href":"https:\/\/lottohoy.com\/pt-pt\/wp-json\/wp\/v2\/pages"}],"about":[{"href":"https:\/\/lottohoy.com\/pt-pt\/wp-json\/wp\/v2\/types\/page"}],"author":[{"embeddable":true,"href":"https:\/\/lottohoy.com\/pt-pt\/wp-json\/wp\/v2\/users\/2"}],"replies":[{"embeddable":true,"href":"https:\/\/lottohoy.com\/pt-pt\/wp-json\/wp\/v2\/comments?post=3820"}],"version-history":[{"count":2,"href":"https:\/\/lottohoy.com\/pt-pt\/wp-json\/wp\/v2\/pages\/3820\/revisions"}],"predecessor-version":[{"id":14722,"href":"https:\/\/lottohoy.com\/pt-pt\/wp-json\/wp\/v2\/pages\/3820\/revisions\/14722"}],"wp:attachment":[{"href":"https:\/\/lottohoy.com\/pt-pt\/wp-json\/wp\/v2\/media?parent=3820"}],"curies":[{"name":"wp","href":"https:\/\/api.w.org\/{rel}","templated":true}]}}