{"id":3796,"date":"2018-05-03T14:23:31","date_gmt":"2018-05-03T13:23:31","guid":{"rendered":"https:\/\/www.lottohoy.com\/?page_id=3796"},"modified":"2025-02-16T11:27:43","modified_gmt":"2025-02-16T11:27:43","slug":"inicio","status":"publish","type":"page","link":"https:\/\/lottohoy.com\/pt-pt\/","title":{"rendered":"Comprar bilhetes de lotaria e ganhar os maiores jackpots do mundo"},"content":{"rendered":"<div class=\"page\" title=\"Page 1\">\n<div class=\"layoutArea\">\n<div class=\"column\">\n<p>Jogar em loterias ao redor do mundo, e faze\u0302-lo no conforto da sua casa, no trabalho, no o\u0302nibus ou em qualquer circunsta\u0302ncia,&#8230; simplesmente ter uma conexa\u0303o com a internet, abre um leque de possibilidades para ganhar pre\u0302mios de milho\u0303es de do\u0301lares.<\/p>\n<p>Se voce\u0302 nunca jogou em loterias online ate\u0301 agora, <a href=\"https:\/\/lottohoy.com\/pt-pt\/\">lottohoy.com<\/a> oferece agora e a partir daqui a possibilidade de acessar as loterias mundiais que jogam <a href=\"https:\/\/lottohoy.com\/pt-pt\/jackpots-da-loteria\/\">os maiores jackpots<\/a> em cada sorteio.<\/p>\n<h2>Jogar na loteria local ou em qualquer loteria do mundo?<\/h2>\n<p>A\u0300s vezes pode ser bom ir ao seu lugar habitual onde voce\u0302 compra aquele bilhete para jogar na loteria local; tenha esse bilhete em ma\u0303os para conferir no dia do sorteio se ganhou algum pre\u0302mio.<\/p>\n<p>Mas melhor ainda, hoje a Internet, atrave\u0301s de plataformas como a nossa, oferece-lhe a possibilidade de continuar a jogar nas mesmas lotarias locais e abrir um leque mais vasto de possibilidades, aceder<br \/>\na lotarias internacionais que oferecem pre\u0301mios extraordina\u0301rios de milho\u0303es de do\u0301lares e que por vezes ultrapassam os mil milho\u0303es .<\/p>\n<p>Se somarmos a isso a tranquilidade de poder jogar qualquer empate antecipadamente; que os pre\u0302mios ganhos sejam comunicados diretamente a voce\u0302 e que dependendo do valor ganho, os valores cheguem diretamente na sua conta &#8211; <strong>gostaria de jogar no<\/strong> <a href=\"https:\/\/lottohoy.com\/pt-pt\/\">lottohoy.com<\/a>?<\/p>\n<h2>Na\u0303o importa em que pai\u0301s voce\u0302 mora para jogar nas loterias online.<\/h2>\n<p>Ao comprar bilhetes de loteria online, <strong>na\u0303o importa o seu pai\u0301s de reside\u0302ncia<\/strong>. Na\u0303o ha\u0301 necessidade de viajar para comprar um bilhete de loteria em um pai\u0301s estrangeiro. .<\/p>\n<\/div>\n<\/div>\n<\/div>\n<div class=\"page\" title=\"Page 2\">\n<div class=\"layoutArea\">\n<div class=\"column\">\n<p>Atendemos clientes de quase todos os pai\u0301ses com nosso servic\u0327o mundial.<\/p>\n<h2>Como funciona o servic\u0327o de bilhetes de loteria online<\/h2>\n<p>Em lottohoy.com, Voce\u0302 pode ver uma variedade de jogos de loteria diferentes de todo o mundo. Voce\u0302 pode escolher aqueles que deseja jogar e comprar online. E\u0301 muito mais fa\u0301cil do que voce\u0302 imagina.<\/p>\n<p>Voce\u0302 pode escolher tudo relacionado ao seu bilhete de loteria:<\/p>\n<p style=\"padding-left: 40px;\">\u2022 Selecione a loteria que coloca em jogo o maior jackpot, se desejar.<\/p>\n<p style=\"padding-left: 40px;\">\u2022 Escolha os nu\u0301meros manualmente ou permita que o pro\u0301prio sistema escolha por voce\u0302 aleatoriamente uma combinac\u0327a\u0303o.<\/p>\n<p style=\"padding-left: 40px;\">\u2022 Voce\u0302 pode jogar quantas apostas (linhas) com as combinac\u0327o\u0303es que desejar.<\/p>\n<p style=\"padding-left: 40px;\">\u2022 Voce\u0302 pode escolher entre jogar um u\u0301nico empate ou va\u0301rios sorteios seguidos<\/p>\n<h2>Superloterias com jackpots no valor de centenas de milho\u0303es<\/h2>\n<p>Loterias como a P<a href=\"https:\/\/lottohoy.com\/pt-pt\/jogar\/powerball\/\">owerball<\/a> americana ou <a href=\"https:\/\/lottohoy.com\/pt-pt\/jogar\/mega-millions\/\">MegaMillions,<\/a> o Euromilho\u0303es Europeu , <a href=\"https:\/\/lottohoy.com\/pt-pt\/jogar\/eurojackpot\/\">EuroJackpot <\/a>e a <a href=\"https:\/\/lottohoy.com\/pt-pt\/jogar\/superenalotto\/\">SuperEnalotto<\/a> Italiano.<\/p>\n<p>Voce\u0302 sabia que o <a href=\"https:\/\/lottohoy.com\/pt-pt\/jackpots-da-loteria\/\">maior pre\u0302mio da Powerball<\/a> ate\u0301 hoje foi de US$ 2,04 bilho\u0303es, ganho no ano de 2022. Pode parecer um sonho ganhar um pre\u0302mio no valor de centenas de milho\u0303es, mas e\u0301 uma realidade!<\/p>\n<h3>Certamente voce\u0302 pode se fazer muitas perguntas:<\/h3>\n<p style=\"padding-left: 40px;\">\u2022 Voce\u0302 deve sempre procurar o pote mais alto?<\/p>\n<p style=\"padding-left: 40px;\">\u2022 O valor do jackpot mais alto e\u0301 o u\u0301nico crite\u0301rio na escolha de qual loteria jogar on-line?<\/p>\n<p style=\"padding-left: 40px;\">\u2022Mas e se o pre\u0302mio da segunda categoria for grande o suficiente Como mudar sua vida?<\/p>\n<p style=\"padding-left: 40px;\">\u2022 Alguns jackpots crescem tanto porque sa\u0303o difi\u0301ceis de ganhar. as chances de ganhar um pre\u0302mio de segunda classe eram muito melhores do que as de ganhar o jackpot em alguma loteria?<\/p>\n<p style=\"padding-left: 40px;\">\u2022 Ha\u0301 outros fatores que devem ser levados em considerac\u0327a\u0303o ao jogar em loterias online?<\/p>\n<\/div>\n<\/div>\n<\/div>\n<div class=\"page\" title=\"Page 3\">\n<div class=\"layoutArea\">\n<div class=\"column\">\n<p>todas as loterias te\u0302m as mesmas chances de ganhar. <strong>E\u0301 perfeitamente lo\u0301gico procurar os maiores jackpots,<\/strong> mas tambe\u0301m faz sentido verificar onde lhe sa\u0303o oferecidas as melhores probabilidades de ganhar um grande pre\u0301mio.<\/p>\n<\/div>\n<\/div>\n<div class=\"layoutArea\">\n<div class=\"column\">\n<p>Temos uma grande variedade de loterias para jogar para todos os gostos.<br \/>\nDivirta-se experimentando algo novo, jogos que voce\u0302 talvez nunca tenha visto ou ouvido antes. Voce\u0302 pode se surpreender com todas as opc\u0327o\u0303es que oferecemos.<\/p>\n<h2>Como funciona o servic\u0327o oferecido por lottohoy.com?<\/h2>\n<p>Depois de criar a sua pec\u0327a ou as pec\u0327as que pretende, bastara\u0301 confirmar a encomenda e efetuar o pagamento online (existem va\u0301rias opc\u0327o\u0303es de pagamento online)<\/p>\n<p>Se voce\u0302 ainda na\u0303o criou sua conta de usua\u0301rio, precisara\u0301 cria\u0301-la e verifica\u0301-la durante esse processo usando um enderec\u0327o de e-mail va\u0301lido e uma senha para logins subsequentes.<\/p>\n<p>Assim que seu pedido for verificado e o pagamento confirmado, um de nossos agentes procedera\u0301 a\u0300 efetivac\u0327a\u0303o da compra do bilhete ou bilhetes de loteria no pai\u0301s onde o sorteio for realizado.<\/p>\n<p>Uma digitalizac\u0327a\u0303o do seu bilhete sera\u0301 enta\u0303o carregada na sua conta de usua\u0301rio.<\/p>\n<p>Esta operac\u0327a\u0303o requer tempo para ser processada e para que a verificac\u0327a\u0303o fique visi\u0301vel em sua conta. A qualquer momento podera\u0301 consultar a sua conta de utilizador, na secc\u0327a\u0303o \u201cmeus bilhetes\u201d onde podera\u0301 consultar a sua encomenda e os nu\u0301meros por si seleccionados.<\/p>\n<p>Uma vez realizado o sorteio, os dados do vencedor estara\u0303o disponi\u0301veis e os seus nu\u0301meros correspondentes e, se for o caso, os valores do pre\u0302mio ganho aparecera\u0303o na sua conta.<\/p>\n<\/div>\n<\/div>\n<\/div>\n<div class=\"page\" title=\"Page 4\">\n<div class=\"layoutArea\">\n<div class=\"column\">\n<h3>Ok, e se eu ganhar&#8230; o que acontece?<\/h3>\n<p>Cuidar dos nossos clientes em todo o mundo quando eles ganham e\u0301 uma parte importante do nosso servic\u0327o de emissa\u0303o de bilhetes online.<\/p>\n<p>Voce\u0302 na\u0303o precisa residir no pai\u0301s onde a loteria e\u0301 realizada.<br \/>\nSimplesmente <strong>compramos os ingressos para voce\u0302 localmente<\/strong> , como se voce\u0302 estivesse passando fe\u0301rias naquele pai\u0301s!<\/p>\n<p>Garantir que voce\u0302 receba o pagamento quando ganhar tambe\u0301m faz parte do nosso servic\u0327o de emissa\u0303o de ingressos online.<\/p>\n<p>Os pre\u0302mios ganhos ate\u0301 aproximadamente \u20ac\/ $2.500 sa\u0303o pagos <strong>e depositados diretamente em<\/strong><br \/>\n<strong>sua conta de usua\u0301rio\/jogador<\/strong> e ficam imediatamente disponi\u0301veis para solicitac\u0327a\u0303o de saque ou para compra de sorteios subsequentes em qualquer uma das loterias.<\/p>\n<p>Para ganhos maiores, nosso atendimento ao cliente fornecera\u0301 nosso servic\u0327o de vencedor VIP.<\/p>\n<h3>Caso tenha alguma du\u0301vida, este servic\u0327o e\u0301 perfeitamente legal e aconselhamos e ajudamos na gesta\u0303o de cobranc\u0327as.<\/h3>\n<p><strong>Seu pre\u0302mio sera\u0301 pago integralmente<\/strong> e nenhuma taxa ou comissa\u0303o sera\u0301 deduzida de seus ganhos, <strong>sujeita a\u0300s regulamentac\u0327o\u0303es fiscais do pai\u0301s da loteria e do seu pai\u0301s de reside\u0302ncia.<\/strong><\/p>\n<p>Em alguns casos e excecionalmente, podera\u0303o incorrer despesas de gesta\u0303o de cobranc\u0327a na situac\u0327a\u0303o<br \/>\nem que o vencedor na\u0303o possa deslocar-se ao pai\u0301s pagador do pre\u0301mio, devendo uma pessoa ou empresa devidamente credenciada para o fazer intervir em seu nome.<\/p>\n<h2>Em lottohoy.com voce\u0302 pode encontrar informac\u0327o\u0303es e conselhos para jogar nas melhores loterias online<\/h2>\n<p>Voce\u0302 pode encontrar tudo isso aqui em nosso site. Na\u0303o apenas fornecemos as probabilidades e<br \/>\nregras exatas para cada loteria, mas tambe\u0301m temos artigos sobre todos os tipos de aspectos diferentes da loteria.<\/p>\n<\/div>\n<\/div>\n<\/div>\n<div class=\"page\" title=\"Page 5\">\n<div class=\"layoutArea\">\n<div class=\"column\">\n<p>Damos-lhe conselhos sobre como aumentar as suas hipo\u0301teses de ganhar e tambe\u0301m encontrara\u0301 os resultados mais recentes e um arquivo dos resultados mais antigos de todas as lotarias no nosso website.<\/p>\n<\/div>\n<\/div>\n<\/div>\n","protected":false},"excerpt":{"rendered":"<p>Jogar em loterias ao redor do mundo, e faze\u0302-lo no conforto da sua casa, no trabalho, no o\u0302nibus ou em qualquer circunsta\u0302ncia,&#8230; simplesmente ter uma conexa\u0303o com a internet, abre um leque de possibilidades para ganhar pre\u0302mios de milho\u0303es de do\u0301lares. Se voce\u0302 nunca jogou em loterias online ate\u0301 agora, lottohoy.com oferece agora e a [&hellip;]<\/p>\n","protected":false},"author":2,"featured_media":0,"parent":0,"menu_order":1,"comment_status":"closed","ping_status":"closed","template":"lotto.php","meta":{"_et_pb_use_builder":"","_et_pb_old_content":"","_et_gb_content_width":"","exclude_from_search":false,"footnotes":""},"class_list":["post-3796","page","type-page","status-publish","hentry"],"yoast_head":"<!-- This site is optimized with the Yoast SEO plugin v23.7 - https:\/\/yoast.com\/wordpress\/plugins\/seo\/ -->\n<title>LottoHoy.com - Loteria Internacional Online - Seguro e confi\u00e1vel \u2713<\/title>\n<meta name=\"description\" content=\"As loterias mais importantes do mundo est\u00e3o na LottoHoy. Ganhe os maiores jackpots da EuroMilh\u00f5es, Powerball, Megamilh\u00f5es e muito mais. R\u00e1pido e seguro.\" \/>\n<meta name=\"robots\" content=\"index, follow, max-snippet:-1, max-image-preview:large, max-video-preview:-1\" \/>\n<link rel=\"canonical\" href=\"https:\/\/lottohoy.com\/pt-pt\/\" \/>\n<meta property=\"og:locale\" content=\"pt_PT\" \/>\n<meta property=\"og:type\" content=\"article\" \/>\n<meta property=\"og:title\" content=\"LottoHoy.com - Loteria Internacional Online - Seguro e confi\u00e1vel \u2713\" \/>\n<meta property=\"og:description\" content=\"As loterias mais importantes do mundo est\u00e3o na LottoHoy. Ganhe os maiores jackpots da EuroMilh\u00f5es, Powerball, Megamilh\u00f5es e muito mais. R\u00e1pido e seguro.\" \/>\n<meta property=\"og:url\" content=\"https:\/\/lottohoy.com\/pt-pt\/\" \/>\n<meta property=\"og:site_name\" content=\"Lottohoy\" \/>\n<meta property=\"article:modified_time\" content=\"2025-02-16T11:27:43+00:00\" \/>\n<meta name=\"twitter:card\" content=\"summary_large_image\" \/>\n<meta name=\"twitter:label1\" content=\"Est. reading time\" \/>\n\t<meta name=\"twitter:data1\" content=\"5 minutes\" \/>\n<script type=\"application\/ld+json\" class=\"yoast-schema-graph\">{\"@context\":\"https:\/\/schema.org\",\"@graph\":[{\"@type\":\"WebPage\",\"@id\":\"https:\/\/lottohoy.com\/pt-pt\/\",\"url\":\"https:\/\/lottohoy.com\/pt-pt\/\",\"name\":\"LottoHoy.com - Loteria Internacional Online - Seguro e confi\u00e1vel \u2713\",\"isPartOf\":{\"@id\":\"https:\/\/lottohoy.com\/pt-pt\/#website\"},\"datePublished\":\"2018-05-03T13:23:31+00:00\",\"dateModified\":\"2025-02-16T11:27:43+00:00\",\"description\":\"As loterias mais importantes do mundo est\u00e3o na LottoHoy. Ganhe os maiores jackpots da EuroMilh\u00f5es, Powerball, Megamilh\u00f5es e muito mais. R\u00e1pido e seguro.\",\"breadcrumb\":{\"@id\":\"https:\/\/lottohoy.com\/pt-pt\/#breadcrumb\"},\"inLanguage\":\"pt-ts\",\"potentialAction\":[{\"@type\":\"ReadAction\",\"target\":[\"https:\/\/lottohoy.com\/pt-pt\/\"]}]},{\"@type\":\"BreadcrumbList\",\"@id\":\"https:\/\/lottohoy.com\/pt-pt\/#breadcrumb\",\"itemListElement\":[{\"@type\":\"ListItem\",\"position\":1,\"name\":\"Home\",\"item\":\"https:\/\/lottohoy.com\/pt-pt\/\"},{\"@type\":\"ListItem\",\"position\":2,\"name\":\"Comprar bilhetes de lotaria e ganhar os maiores jackpots do mundo\"}]},{\"@type\":\"WebSite\",\"@id\":\"https:\/\/lottohoy.com\/pt-pt\/#website\",\"url\":\"https:\/\/lottohoy.com\/pt-pt\/\",\"name\":\"Lottohoy\",\"description\":\"\",\"potentialAction\":[{\"@type\":\"SearchAction\",\"target\":{\"@type\":\"EntryPoint\",\"urlTemplate\":\"https:\/\/lottohoy.com\/pt-pt\/?s={search_term_string}\"},\"query-input\":{\"@type\":\"PropertyValueSpecification\",\"valueRequired\":true,\"valueName\":\"search_term_string\"}}],\"inLanguage\":\"pt-ts\"}]}<\/script>\n<!-- \/ Yoast SEO plugin. -->","yoast_head_json":{"title":"LottoHoy.com - Loteria Internacional Online - Seguro e confi\u00e1vel \u2713","description":"As loterias mais importantes do mundo est\u00e3o na LottoHoy. Ganhe os maiores jackpots da EuroMilh\u00f5es, Powerball, Megamilh\u00f5es e muito mais. R\u00e1pido e seguro.","robots":{"index":"index","follow":"follow","max-snippet":"max-snippet:-1","max-image-preview":"max-image-preview:large","max-video-preview":"max-video-preview:-1"},"canonical":"https:\/\/lottohoy.com\/pt-pt\/","og_locale":"pt_PT","og_type":"article","og_title":"LottoHoy.com - Loteria Internacional Online - Seguro e confi\u00e1vel \u2713","og_description":"As loterias mais importantes do mundo est\u00e3o na LottoHoy. Ganhe os maiores jackpots da EuroMilh\u00f5es, Powerball, Megamilh\u00f5es e muito mais. R\u00e1pido e seguro.","og_url":"https:\/\/lottohoy.com\/pt-pt\/","og_site_name":"Lottohoy","article_modified_time":"2025-02-16T11:27:43+00:00","twitter_card":"summary_large_image","twitter_misc":{"Est. reading time":"5 minutes"},"schema":{"@context":"https:\/\/schema.org","@graph":[{"@type":"WebPage","@id":"https:\/\/lottohoy.com\/pt-pt\/","url":"https:\/\/lottohoy.com\/pt-pt\/","name":"LottoHoy.com - Loteria Internacional Online - Seguro e confi\u00e1vel \u2713","isPartOf":{"@id":"https:\/\/lottohoy.com\/pt-pt\/#website"},"datePublished":"2018-05-03T13:23:31+00:00","dateModified":"2025-02-16T11:27:43+00:00","description":"As loterias mais importantes do mundo est\u00e3o na LottoHoy. Ganhe os maiores jackpots da EuroMilh\u00f5es, Powerball, Megamilh\u00f5es e muito mais. R\u00e1pido e seguro.","breadcrumb":{"@id":"https:\/\/lottohoy.com\/pt-pt\/#breadcrumb"},"inLanguage":"pt-ts","potentialAction":[{"@type":"ReadAction","target":["https:\/\/lottohoy.com\/pt-pt\/"]}]},{"@type":"BreadcrumbList","@id":"https:\/\/lottohoy.com\/pt-pt\/#breadcrumb","itemListElement":[{"@type":"ListItem","position":1,"name":"Home","item":"https:\/\/lottohoy.com\/pt-pt\/"},{"@type":"ListItem","position":2,"name":"Comprar bilhetes de lotaria e ganhar os maiores jackpots do mundo"}]},{"@type":"WebSite","@id":"https:\/\/lottohoy.com\/pt-pt\/#website","url":"https:\/\/lottohoy.com\/pt-pt\/","name":"Lottohoy","description":"","potentialAction":[{"@type":"SearchAction","target":{"@type":"EntryPoint","urlTemplate":"https:\/\/lottohoy.com\/pt-pt\/?s={search_term_string}"},"query-input":{"@type":"PropertyValueSpecification","valueRequired":true,"valueName":"search_term_string"}}],"inLanguage":"pt-ts"}]}},"_links":{"self":[{"href":"https:\/\/lottohoy.com\/pt-pt\/wp-json\/wp\/v2\/pages\/3796","targetHints":{"allow":["GET"]}}],"collection":[{"href":"https:\/\/lottohoy.com\/pt-pt\/wp-json\/wp\/v2\/pages"}],"about":[{"href":"https:\/\/lottohoy.com\/pt-pt\/wp-json\/wp\/v2\/types\/page"}],"author":[{"embeddable":true,"href":"https:\/\/lottohoy.com\/pt-pt\/wp-json\/wp\/v2\/users\/2"}],"replies":[{"embeddable":true,"href":"https:\/\/lottohoy.com\/pt-pt\/wp-json\/wp\/v2\/comments?post=3796"}],"version-history":[{"count":7,"href":"https:\/\/lottohoy.com\/pt-pt\/wp-json\/wp\/v2\/pages\/3796\/revisions"}],"predecessor-version":[{"id":12496,"href":"https:\/\/lottohoy.com\/pt-pt\/wp-json\/wp\/v2\/pages\/3796\/revisions\/12496"}],"wp:attachment":[{"href":"https:\/\/lottohoy.com\/pt-pt\/wp-json\/wp\/v2\/media?parent=3796"}],"curies":[{"name":"wp","href":"https:\/\/api.w.org\/{rel}","templated":true}]}}