{"id":20676,"date":"2025-06-13T13:21:53","date_gmt":"2025-06-13T12:21:53","guid":{"rendered":"https:\/\/lottohoy.com\/?page_id=20676"},"modified":"2025-06-15T12:01:31","modified_gmt":"2025-06-15T11:01:31","slug":"informacoes-sobre-o-euromillions-uk","status":"publish","type":"page","link":"https:\/\/lottohoy.com\/pt-pt\/lotarias\/informacoes-sobre-o-euromillions-uk\/","title":{"rendered":"Informa\u00e7\u00f5es sobre o EuroMillions UK"},"content":{"rendered":"<h1 data-start=\"347\" data-end=\"605\">EuroMillions UK \u2013 Perguntas frequentes sobre regras, pr\u00eamios e sorteios<\/h1>\n<p data-start=\"347\" data-end=\"605\">O EuroMillions UK \u00e9 a vers\u00e3o brit\u00e2nica da maior loteria transnacional da Europa. Os sorteios acontecem <strong data-start=\"450\" data-end=\"513\">todas as ter\u00e7as e sextas-feiras \u00e0s 21h30 (hor\u00e1rio de Paris)<\/strong>. \u00c9 a <strong data-start=\"519\" data-end=\"552\">loteria europeia mais popular<\/strong>, com milh\u00f5es de participantes e pr\u00eamios milion\u00e1rios.<\/p>\n<p data-start=\"607\" data-end=\"910\">O primeiro sorteio ocorreu em <strong data-start=\"637\" data-end=\"664\">13 de fevereiro de 2004<\/strong>, promovido pelas loterias nacionais do <strong data-start=\"704\" data-end=\"738\">Reino Unido (National Lottery)<\/strong>, da <strong data-start=\"743\" data-end=\"777\">Fran\u00e7a (La Fran\u00e7aise des Jeux)<\/strong> e da <strong data-start=\"783\" data-end=\"827\">Espanha (Loter\u00edas y Apuestas del Estado)<\/strong>. Logo depois, juntaram-se \u00c1ustria, B\u00e9lgica, Irlanda, Luxemburgo, Portugal e Su\u00ed\u00e7a.<\/p>\n<p data-start=\"912\" data-end=\"1045\">Criada junto com o euro (\u20ac), essa loteria foi pensada para <strong data-start=\"971\" data-end=\"1011\">unir mais de 500 milh\u00f5es de europeus<\/strong> em uma experi\u00eancia comum de jogo.<\/p>\n<p data-start=\"1047\" data-end=\"1163\">O <strong data-start=\"1049\" data-end=\"1077\">jackpot m\u00ednimo garantido<\/strong> \u00e9 de <strong data-start=\"1083\" data-end=\"1106\">17 milh\u00f5es de euros<\/strong>, e desde 2020 pode atingir at\u00e9 <strong data-start=\"1138\" data-end=\"1162\">250 milh\u00f5es de euros<\/strong>.<\/p>\n<h2 data-start=\"1170\" data-end=\"1205\">O que \u00e9 o UK Millionaire Maker?<\/h2>\n<p data-start=\"1207\" data-end=\"1488\">O UK Millionaire Maker \u00e9 um <strong data-start=\"1235\" data-end=\"1281\">sorteio adicional exclusivo do Reino Unido<\/strong>, inclu\u00eddo automaticamente em todo bilhete EuroMillions UK. Cada bilhete gera um <strong data-start=\"1362\" data-end=\"1414\">c\u00f3digo alfanum\u00e9rico \u00fanico (4 letras + 5 n\u00fameros)<\/strong> e garante que <strong data-start=\"1429\" data-end=\"1487\">pelo menos um jogador ganhe \u00a31.000.000 em cada sorteio<\/strong>.<\/p>\n<p data-start=\"1490\" data-end=\"1623\">Sorteios promocionais especiais tamb\u00e9m s\u00e3o realizados, nos quais <strong data-start=\"1555\" data-end=\"1622\">v\u00e1rios jogadores podem se tornar milion\u00e1rios em uma \u00fanica noite<\/strong>.<\/p>\n<h2 data-start=\"1630\" data-end=\"1664\">Como jogar no EuroMillions UK?<\/h2>\n<p data-start=\"1666\" data-end=\"1748\">As regras s\u00e3o as mesmas em todos os pa\u00edses participantes. O jogador deve escolher:<\/p>\n<ul data-start=\"1750\" data-end=\"1810\">\n<li data-start=\"1750\" data-end=\"1780\">\n<p data-start=\"1752\" data-end=\"1780\"><strong data-start=\"1752\" data-end=\"1778\">5 n\u00fameros entre 1 e 50<\/strong><\/p>\n<\/li>\n<li data-start=\"1781\" data-end=\"1810\">\n<p data-start=\"1783\" data-end=\"1810\"><strong data-start=\"1783\" data-end=\"1810\">2 estrelas entre 1 e 12<\/strong><\/p>\n<\/li>\n<\/ul>\n<p data-start=\"1812\" data-end=\"1876\">Quanto mais n\u00fameros e estrelas acertar, <strong data-start=\"1852\" data-end=\"1875\">maior ser\u00e1 o pr\u00eamio<\/strong>.<\/p>\n<p data-start=\"1878\" data-end=\"2244\">Acesse <a class=\"\" href=\"https:\/\/lottohoy.com\/pt-pt\/jogar\/\" target=\"_new\" rel=\"noopener\" data-start=\"1885\" data-end=\"1940\">LottoHoy<\/a>, escolha seus n\u00fameros manualmente ou utilize o bot\u00e3o de <strong data-start=\"1997\" data-end=\"2034\">SELE\u00c7\u00c3O R\u00c1PIDA (SELECCI\u00d3N R\u00c1PIDA)<\/strong>. \u00c9 poss\u00edvel adicionar mais linhas clicando em <strong data-start=\"2081\" data-end=\"2111\">&#8220;MAIS LINHAS&#8221; (M\u00c1S L\u00cdNEAS)<\/strong>. O valor total aparece no canto inferior direito. Clique em <strong data-start=\"2172\" data-end=\"2199\">&#8220;CONTINUAR&#8221; (CONTINUAR)<\/strong> para confirmar e prosseguir com o pagamento.<\/p>\n<h2 data-start=\"2251\" data-end=\"2298\">Quanto custa um bilhete do EuroMillions UK?<\/h2>\n<p data-start=\"2300\" data-end=\"2467\">O pre\u00e7o varia conforme o pa\u00eds. Na plataforma <strong data-start=\"2345\" data-end=\"2357\">LottoHoy<\/strong>, o custo de uma aposta padr\u00e3o do EuroMillions UK, j\u00e1 com o <strong data-start=\"2417\" data-end=\"2450\">UK Millionaire Maker inclu\u00eddo<\/strong>, \u00e9 de <strong data-start=\"2457\" data-end=\"2466\">\u20ac6,75<\/strong>.<\/p>\n<p data-start=\"2469\" data-end=\"2658\">Esse valor d\u00e1 direito \u00e0 participa\u00e7\u00e3o tanto no sorteio principal quanto no sorteio de c\u00f3digo exclusivo para concorrer a <strong data-start=\"2588\" data-end=\"2602\">\u00a31.000.000<\/strong>, mesmo que seus n\u00fameros principais n\u00e3o sejam sorteados.<\/p>\n<h2 data-start=\"2665\" data-end=\"2704\">Outros sorteios especiais (offline)<\/h2>\n<p data-start=\"2706\" data-end=\"2842\">Alguns pa\u00edses realizam <strong data-start=\"2729\" data-end=\"2752\">sorteios adicionais<\/strong>, que podem estar inclu\u00eddos no bilhete ou dispon\u00edveis como op\u00e7\u00e3o extra. Os principais s\u00e3o:<\/p>\n<h3 data-start=\"2849\" data-end=\"2898\">Chuva de Milion\u00e1rios<\/h3>\n<p data-start=\"2900\" data-end=\"3070\">Um evento especial que garante que <strong data-start=\"2935\" data-end=\"2972\">v\u00e1rios jogadores ganhem \u20ac1 milh\u00e3o<\/strong> em uma \u00fanica noite. Os vencedores s\u00e3o selecionados aleatoriamente entre todos os c\u00f3digos v\u00e1lidos.<\/p>\n<h3 data-start=\"3192\" data-end=\"3228\">Super Sorteio<\/h3>\n<p data-start=\"3230\" data-end=\"3411\">Sorteio com <strong data-start=\"3242\" data-end=\"3290\">jackpot garantido de pelo menos \u20ac130 milh\u00f5es<\/strong>. Desde 2020, s\u00e3o realizados <strong data-start=\"3319\" data-end=\"3350\">tr\u00eas super sorteios por ano<\/strong>, com possibilidade de acumular at\u00e9 atingir <strong data-start=\"3394\" data-end=\"3410\">\u20ac250 milh\u00f5es<\/strong>.<\/p>\n<h3 data-start=\"3517\" data-end=\"3535\">Big Friday<\/h3>\n<p data-start=\"3537\" data-end=\"3803\">O Big Friday \u00e9 um sorteio especial com <strong data-start=\"3576\" data-end=\"3613\">jackpot garantido de nove d\u00edgitos<\/strong>. Segue as mesmas regras do sorteio principal, mas \u00e9 financiado com <strong data-start=\"3681\" data-end=\"3715\">4,8% do fundo comum de pr\u00eamios<\/strong> e, ap\u00f3s oito sorteios consecutivos, <strong data-start=\"3752\" data-end=\"3802\">21% adicionais s\u00e3o somados ao fundo de refor\u00e7o<\/strong>.<\/p>\n<h2 data-start=\"3810\" data-end=\"3864\">Quais s\u00e3o as chances de ganhar no EuroMillions UK?<\/h2>\n<p data-start=\"3866\" data-end=\"4075\">Voc\u00ea pode consultar a tabela completa com <strong data-start=\"3908\" data-end=\"3976\">as probabilidades de ganhar nas 13 categorias oficiais de pr\u00eamio<\/strong>. Combine essas informa\u00e7\u00f5es com o hist\u00f3rico de resultados para <strong data-start=\"4039\" data-end=\"4074\">melhorar sua estrat\u00e9gia de jogo<\/strong>.<\/p>\n<p data-start=\"4077\" data-end=\"4209\"><a href=\"https:\/\/lottohoy.com\/pt-pt\/resultados\/\">Resultados e estat\u00edsticas:<\/a><br data-start=\"4106\" data-end=\"4109\" \/><\/p>\n","protected":false},"excerpt":{"rendered":"<p>EuroMillions UK \u2013 Perguntas frequentes sobre regras, pr\u00eamios e sorteios O EuroMillions UK \u00e9 a vers\u00e3o brit\u00e2nica da maior loteria transnacional da Europa. Os sorteios acontecem todas as ter\u00e7as e sextas-feiras \u00e0s 21h30 (hor\u00e1rio de Paris). \u00c9 a loteria europeia mais popular, com milh\u00f5es de participantes e pr\u00eamios milion\u00e1rios. O primeiro sorteio ocorreu em 13 [&hellip;]<\/p>\n","protected":false},"author":8,"featured_media":0,"parent":3820,"menu_order":0,"comment_status":"closed","ping_status":"closed","template":"euromillions-info.php","meta":{"_et_pb_use_builder":"","_et_pb_old_content":"","_et_gb_content_width":"","exclude_from_search":false,"footnotes":""},"class_list":["post-20676","page","type-page","status-publish","hentry"],"yoast_head":"<!-- This site is optimized with the Yoast SEO plugin v23.7 - https:\/\/yoast.com\/wordpress\/plugins\/seo\/ -->\n<title>Informa\u00e7\u00f5es sobre o EuroMillions UK \u2013 Tudo o que voc\u00ea precisa saber<\/title>\n<meta name=\"description\" content=\"Aprenda como funciona o EuroMillions UK. Veja como jogar, o que \u00e9 o Millionaire Maker e como ganhar at\u00e9 \u20ac250 milh\u00f5es. Tire suas d\u00favidas aqui.\" \/>\n<meta name=\"robots\" content=\"index, follow, max-snippet:-1, max-image-preview:large, max-video-preview:-1\" \/>\n<link rel=\"canonical\" href=\"https:\/\/lottohoy.com\/pt-pt\/lotarias\/informacoes-sobre-o-euromillions-uk\/\" \/>\n<meta property=\"og:locale\" content=\"pt_PT\" \/>\n<meta property=\"og:type\" content=\"article\" \/>\n<meta property=\"og:title\" content=\"Informa\u00e7\u00f5es sobre o EuroMillions UK \u2013 Tudo o que voc\u00ea precisa saber\" \/>\n<meta property=\"og:description\" content=\"Aprenda como funciona o EuroMillions UK. Veja como jogar, o que \u00e9 o Millionaire Maker e como ganhar at\u00e9 \u20ac250 milh\u00f5es. Tire suas d\u00favidas aqui.\" \/>\n<meta property=\"og:url\" content=\"https:\/\/lottohoy.com\/pt-pt\/lotarias\/informacoes-sobre-o-euromillions-uk\/\" \/>\n<meta property=\"og:site_name\" content=\"Lottohoy\" \/>\n<meta property=\"article:modified_time\" content=\"2025-06-15T11:01:31+00:00\" \/>\n<meta name=\"twitter:card\" content=\"summary_large_image\" \/>\n<meta name=\"twitter:label1\" content=\"Est. reading time\" \/>\n\t<meta name=\"twitter:data1\" content=\"3 minutes\" \/>\n<script type=\"application\/ld+json\" class=\"yoast-schema-graph\">{\"@context\":\"https:\/\/schema.org\",\"@graph\":[{\"@type\":\"WebPage\",\"@id\":\"https:\/\/lottohoy.com\/pt-pt\/lotarias\/informacoes-sobre-o-euromillions-uk\/\",\"url\":\"https:\/\/lottohoy.com\/pt-pt\/lotarias\/informacoes-sobre-o-euromillions-uk\/\",\"name\":\"Informa\u00e7\u00f5es sobre o EuroMillions UK \u2013 Tudo o que voc\u00ea precisa saber\",\"isPartOf\":{\"@id\":\"https:\/\/lottohoy.com\/pt-pt\/#website\"},\"datePublished\":\"2025-06-13T12:21:53+00:00\",\"dateModified\":\"2025-06-15T11:01:31+00:00\",\"description\":\"Aprenda como funciona o EuroMillions UK. Veja como jogar, o que \u00e9 o Millionaire Maker e como ganhar at\u00e9 \u20ac250 milh\u00f5es. Tire suas d\u00favidas aqui.\",\"breadcrumb\":{\"@id\":\"https:\/\/lottohoy.com\/pt-pt\/lotarias\/informacoes-sobre-o-euromillions-uk\/#breadcrumb\"},\"inLanguage\":\"pt-ts\",\"potentialAction\":[{\"@type\":\"ReadAction\",\"target\":[\"https:\/\/lottohoy.com\/pt-pt\/lotarias\/informacoes-sobre-o-euromillions-uk\/\"]}]},{\"@type\":\"BreadcrumbList\",\"@id\":\"https:\/\/lottohoy.com\/pt-pt\/lotarias\/informacoes-sobre-o-euromillions-uk\/#breadcrumb\",\"itemListElement\":[{\"@type\":\"ListItem\",\"position\":1,\"name\":\"Home\",\"item\":\"https:\/\/lottohoy.com\/pt-pt\/\"},{\"@type\":\"ListItem\",\"position\":2,\"name\":\"Tudo sobre a loteria online\",\"item\":\"https:\/\/lottohoy.com\/pt-pt\/lotarias\/\"},{\"@type\":\"ListItem\",\"position\":3,\"name\":\"Informa\u00e7\u00f5es sobre o EuroMillions UK\"}]},{\"@type\":\"WebSite\",\"@id\":\"https:\/\/lottohoy.com\/pt-pt\/#website\",\"url\":\"https:\/\/lottohoy.com\/pt-pt\/\",\"name\":\"Lottohoy\",\"description\":\"\",\"potentialAction\":[{\"@type\":\"SearchAction\",\"target\":{\"@type\":\"EntryPoint\",\"urlTemplate\":\"https:\/\/lottohoy.com\/pt-pt\/?s={search_term_string}\"},\"query-input\":{\"@type\":\"PropertyValueSpecification\",\"valueRequired\":true,\"valueName\":\"search_term_string\"}}],\"inLanguage\":\"pt-ts\"}]}<\/script>\n<!-- \/ Yoast SEO plugin. -->","yoast_head_json":{"title":"Informa\u00e7\u00f5es sobre o EuroMillions UK \u2013 Tudo o que voc\u00ea precisa saber","description":"Aprenda como funciona o EuroMillions UK. Veja como jogar, o que \u00e9 o Millionaire Maker e como ganhar at\u00e9 \u20ac250 milh\u00f5es. Tire suas d\u00favidas aqui.","robots":{"index":"index","follow":"follow","max-snippet":"max-snippet:-1","max-image-preview":"max-image-preview:large","max-video-preview":"max-video-preview:-1"},"canonical":"https:\/\/lottohoy.com\/pt-pt\/lotarias\/informacoes-sobre-o-euromillions-uk\/","og_locale":"pt_PT","og_type":"article","og_title":"Informa\u00e7\u00f5es sobre o EuroMillions UK \u2013 Tudo o que voc\u00ea precisa saber","og_description":"Aprenda como funciona o EuroMillions UK. Veja como jogar, o que \u00e9 o Millionaire Maker e como ganhar at\u00e9 \u20ac250 milh\u00f5es. Tire suas d\u00favidas aqui.","og_url":"https:\/\/lottohoy.com\/pt-pt\/lotarias\/informacoes-sobre-o-euromillions-uk\/","og_site_name":"Lottohoy","article_modified_time":"2025-06-15T11:01:31+00:00","twitter_card":"summary_large_image","twitter_misc":{"Est. reading time":"3 minutes"},"schema":{"@context":"https:\/\/schema.org","@graph":[{"@type":"WebPage","@id":"https:\/\/lottohoy.com\/pt-pt\/lotarias\/informacoes-sobre-o-euromillions-uk\/","url":"https:\/\/lottohoy.com\/pt-pt\/lotarias\/informacoes-sobre-o-euromillions-uk\/","name":"Informa\u00e7\u00f5es sobre o EuroMillions UK \u2013 Tudo o que voc\u00ea precisa saber","isPartOf":{"@id":"https:\/\/lottohoy.com\/pt-pt\/#website"},"datePublished":"2025-06-13T12:21:53+00:00","dateModified":"2025-06-15T11:01:31+00:00","description":"Aprenda como funciona o EuroMillions UK. Veja como jogar, o que \u00e9 o Millionaire Maker e como ganhar at\u00e9 \u20ac250 milh\u00f5es. Tire suas d\u00favidas aqui.","breadcrumb":{"@id":"https:\/\/lottohoy.com\/pt-pt\/lotarias\/informacoes-sobre-o-euromillions-uk\/#breadcrumb"},"inLanguage":"pt-ts","potentialAction":[{"@type":"ReadAction","target":["https:\/\/lottohoy.com\/pt-pt\/lotarias\/informacoes-sobre-o-euromillions-uk\/"]}]},{"@type":"BreadcrumbList","@id":"https:\/\/lottohoy.com\/pt-pt\/lotarias\/informacoes-sobre-o-euromillions-uk\/#breadcrumb","itemListElement":[{"@type":"ListItem","position":1,"name":"Home","item":"https:\/\/lottohoy.com\/pt-pt\/"},{"@type":"ListItem","position":2,"name":"Tudo sobre a loteria online","item":"https:\/\/lottohoy.com\/pt-pt\/lotarias\/"},{"@type":"ListItem","position":3,"name":"Informa\u00e7\u00f5es sobre o EuroMillions UK"}]},{"@type":"WebSite","@id":"https:\/\/lottohoy.com\/pt-pt\/#website","url":"https:\/\/lottohoy.com\/pt-pt\/","name":"Lottohoy","description":"","potentialAction":[{"@type":"SearchAction","target":{"@type":"EntryPoint","urlTemplate":"https:\/\/lottohoy.com\/pt-pt\/?s={search_term_string}"},"query-input":{"@type":"PropertyValueSpecification","valueRequired":true,"valueName":"search_term_string"}}],"inLanguage":"pt-ts"}]}},"_links":{"self":[{"href":"https:\/\/lottohoy.com\/pt-pt\/wp-json\/wp\/v2\/pages\/20676","targetHints":{"allow":["GET"]}}],"collection":[{"href":"https:\/\/lottohoy.com\/pt-pt\/wp-json\/wp\/v2\/pages"}],"about":[{"href":"https:\/\/lottohoy.com\/pt-pt\/wp-json\/wp\/v2\/types\/page"}],"author":[{"embeddable":true,"href":"https:\/\/lottohoy.com\/pt-pt\/wp-json\/wp\/v2\/users\/8"}],"replies":[{"embeddable":true,"href":"https:\/\/lottohoy.com\/pt-pt\/wp-json\/wp\/v2\/comments?post=20676"}],"version-history":[{"count":1,"href":"https:\/\/lottohoy.com\/pt-pt\/wp-json\/wp\/v2\/pages\/20676\/revisions"}],"predecessor-version":[{"id":20677,"href":"https:\/\/lottohoy.com\/pt-pt\/wp-json\/wp\/v2\/pages\/20676\/revisions\/20677"}],"up":[{"embeddable":true,"href":"https:\/\/lottohoy.com\/pt-pt\/wp-json\/wp\/v2\/pages\/3820"}],"wp:attachment":[{"href":"https:\/\/lottohoy.com\/pt-pt\/wp-json\/wp\/v2\/media?parent=20676"}],"curies":[{"name":"wp","href":"https:\/\/api.w.org\/{rel}","templated":true}]}}