{"id":20621,"date":"2025-06-13T13:21:14","date_gmt":"2025-06-13T12:21:14","guid":{"rendered":"https:\/\/lottohoy.com\/?page_id=20621"},"modified":"2025-06-14T16:59:04","modified_gmt":"2025-06-14T15:59:04","slug":"resultados-do-euromillions-uk","status":"publish","type":"page","link":"https:\/\/lottohoy.com\/pt-pt\/resultados\/resultados-do-euromillions-uk\/","title":{"rendered":"Resultados do EuroMillions UK"},"content":{"rendered":"<h1 data-start=\"289\" data-end=\"349\">Como verificar os resultados do sorteio EuroMillions UK?<\/h1>\n<p data-start=\"351\" data-end=\"547\">Para conferir os resultados do EuroMillions UK \u2014 incluindo o c\u00f3digo vencedor do <strong data-start=\"431\" data-end=\"455\">UK Millionaire Maker<\/strong> \u2014 basta comparar os n\u00fameros do seu bilhete com a combina\u00e7\u00e3o vencedora exibida nesta p\u00e1gina.<\/p>\n<p data-start=\"549\" data-end=\"783\">Se voc\u00ea comprou seu bilhete de forma offline, recomendamos que verifique os resultados mais de uma vez. N\u00e3o \u00e9 incomum que jogadores descartem por engano um bilhete premiado, perdendo grandes valores ou at\u00e9 mesmo um jackpot milion\u00e1rio.<\/p>\n<p data-start=\"785\" data-end=\"979\">Na LottoHoy, voc\u00ea tamb\u00e9m pode consultar o <strong data-start=\"827\" data-end=\"855\">jackpot acumulado do dia<\/strong>, ver o n\u00famero de ganhadores por categoria e acessar os resultados de sorteios anteriores com at\u00e9 <strong data-start=\"953\" data-end=\"978\">24 meses de hist\u00f3rico<\/strong>.<\/p>\n<h2 data-start=\"986\" data-end=\"1064\">Vantagens de verificar os resultados do EuroMillions UK online na LottoHoy<\/h2>\n<p data-start=\"1066\" data-end=\"1229\">Ao criar uma conta gratuita em nossa plataforma, voc\u00ea ser\u00e1 automaticamente notificado se sua aposta foi premiada \u2014 sem precisar procurar os resultados manualmente.<\/p>\n<p data-start=\"1231\" data-end=\"1441\">Se sua aposta for vencedora no sorteio de ter\u00e7a ou sexta-feira, e o pr\u00eamio for de at\u00e9 <strong data-start=\"1319\" data-end=\"1338\">\u20ac2.500 \/ \u00a32.500<\/strong>, o valor ser\u00e1 <strong data-start=\"1353\" data-end=\"1382\">creditado automaticamente<\/strong> na sua conta de usu\u00e1rio e estar\u00e1 dispon\u00edvel imediatamente.<\/p>\n<p data-start=\"1443\" data-end=\"1685\">Para pr\u00eamios de valor mais alto, nossa equipe jur\u00eddica entrar\u00e1 em contato com voc\u00ea para orient\u00e1-lo em todo o processo de <strong data-start=\"1568\" data-end=\"1602\">valida\u00e7\u00e3o e retirada do pr\u00eamio<\/strong>. Oferecemos um suporte <strong data-start=\"1626\" data-end=\"1658\">personalizado e confidencial<\/strong>, garantindo sua seguran\u00e7a.<\/p>\n<h2 data-start=\"1692\" data-end=\"1738\">Distribui\u00e7\u00e3o de pr\u00eamios do EuroMillions UK<\/h2>\n<p data-start=\"1740\" data-end=\"1921\">Abaixo est\u00e1 a tabela com a <strong data-start=\"1767\" data-end=\"1828\">combina\u00e7\u00e3o vencedora do \u00faltimo sorteio do EuroMillions UK<\/strong>, juntamente com a <strong data-start=\"1847\" data-end=\"1875\">distribui\u00e7\u00e3o dos pr\u00eamios<\/strong> para cada uma das <strong data-start=\"1894\" data-end=\"1920\">13 categorias oficiais<\/strong>.<\/p>\n<p data-start=\"1923\" data-end=\"1942\">Esta tabela mostra:<\/p>\n<ul data-start=\"1944\" data-end=\"2174\">\n<li data-start=\"1944\" data-end=\"2014\">\n<p data-start=\"1946\" data-end=\"2014\">A quantidade de n\u00fameros e estrelas necess\u00e1rias para cada categoria<\/p>\n<\/li>\n<li data-start=\"2015\" data-end=\"2068\">\n<p data-start=\"2017\" data-end=\"2068\">O n\u00famero de ganhadores em cada faixa de premia\u00e7\u00e3o<\/p>\n<\/li>\n<li data-start=\"2069\" data-end=\"2174\">\n<p data-start=\"2071\" data-end=\"2174\">O valor atribu\u00eddo a cada ganhador em <strong data-start=\"2108\" data-end=\"2121\">euros (\u20ac)<\/strong> (<em data-start=\"2123\" data-end=\"2173\">o pagamento final \u00e9 feito em libras esterlinas \u00a3<\/em>)<\/p>\n<\/li>\n<\/ul>\n<p data-start=\"2176\" data-end=\"2311\">\ud83d\udc49 Voc\u00ea tamb\u00e9m pode acessar o hist\u00f3rico <a href=\"https:\/\/lottohoy.com\/pt-pt\/jackpots-da-loteria\/\">recente de jackpots<\/a> aqui:<br data-start=\"2241\" data-end=\"2244\" \/>\n<\/p>\n<p data-start=\"2313\" data-end=\"2499\">\ud83d\udc49 Ainda n\u00e3o tem uma conta? <a href=\"https:\/\/lottohoy.com\/pt-pt\/registration\/\">Cadastre-se gratuitamente aqui<\/a>:<br data-start=\"2369\" data-end=\"2372\" \/><\/p>\n","protected":false},"excerpt":{"rendered":"<p>Como verificar os resultados do sorteio EuroMillions UK? Para conferir os resultados do EuroMillions UK \u2014 incluindo o c\u00f3digo vencedor do UK Millionaire Maker \u2014 basta comparar os n\u00fameros do seu bilhete com a combina\u00e7\u00e3o vencedora exibida nesta p\u00e1gina. Se voc\u00ea comprou seu bilhete de forma offline, recomendamos que verifique os resultados mais de uma [&hellip;]<\/p>\n","protected":false},"author":8,"featured_media":0,"parent":3855,"menu_order":0,"comment_status":"closed","ping_status":"closed","template":"euromillions-results.php","meta":{"_et_pb_use_builder":"","_et_pb_old_content":"","_et_gb_content_width":"","exclude_from_search":false,"footnotes":""},"class_list":["post-20621","page","type-page","status-publish","hentry"],"yoast_head":"<!-- This site is optimized with the Yoast SEO plugin v23.7 - https:\/\/yoast.com\/wordpress\/plugins\/seo\/ -->\n<title>Confira os resultados do EuroMillions UK \u2013 Saiba se voc\u00ea ganhou<\/title>\n<meta name=\"description\" content=\"Veja os resultados do EuroMillions UK online. Verifique seu bilhete, receba seus pr\u00eamios e consulte sorteios anteriores na plataforma LottoHoy.\" \/>\n<meta name=\"robots\" content=\"index, follow, max-snippet:-1, max-image-preview:large, max-video-preview:-1\" \/>\n<link rel=\"canonical\" href=\"https:\/\/lottohoy.com\/pt-pt\/resultados\/resultados-do-euromillions-uk\/\" \/>\n<meta property=\"og:locale\" content=\"pt_PT\" \/>\n<meta property=\"og:type\" content=\"article\" \/>\n<meta property=\"og:title\" content=\"Confira os resultados do EuroMillions UK \u2013 Saiba se voc\u00ea ganhou\" \/>\n<meta property=\"og:description\" content=\"Veja os resultados do EuroMillions UK online. Verifique seu bilhete, receba seus pr\u00eamios e consulte sorteios anteriores na plataforma LottoHoy.\" \/>\n<meta property=\"og:url\" content=\"https:\/\/lottohoy.com\/pt-pt\/resultados\/resultados-do-euromillions-uk\/\" \/>\n<meta property=\"og:site_name\" content=\"Lottohoy\" \/>\n<meta property=\"article:modified_time\" content=\"2025-06-14T15:59:04+00:00\" \/>\n<meta name=\"twitter:card\" content=\"summary_large_image\" \/>\n<meta name=\"twitter:label1\" content=\"Est. reading time\" \/>\n\t<meta name=\"twitter:data1\" content=\"2 minutes\" \/>\n<script type=\"application\/ld+json\" class=\"yoast-schema-graph\">{\"@context\":\"https:\/\/schema.org\",\"@graph\":[{\"@type\":\"WebPage\",\"@id\":\"https:\/\/lottohoy.com\/pt-pt\/resultados\/resultados-do-euromillions-uk\/\",\"url\":\"https:\/\/lottohoy.com\/pt-pt\/resultados\/resultados-do-euromillions-uk\/\",\"name\":\"Confira os resultados do EuroMillions UK \u2013 Saiba se voc\u00ea ganhou\",\"isPartOf\":{\"@id\":\"https:\/\/lottohoy.com\/pt-pt\/#website\"},\"datePublished\":\"2025-06-13T12:21:14+00:00\",\"dateModified\":\"2025-06-14T15:59:04+00:00\",\"description\":\"Veja os resultados do EuroMillions UK online. Verifique seu bilhete, receba seus pr\u00eamios e consulte sorteios anteriores na plataforma LottoHoy.\",\"breadcrumb\":{\"@id\":\"https:\/\/lottohoy.com\/pt-pt\/resultados\/resultados-do-euromillions-uk\/#breadcrumb\"},\"inLanguage\":\"pt-ts\",\"potentialAction\":[{\"@type\":\"ReadAction\",\"target\":[\"https:\/\/lottohoy.com\/pt-pt\/resultados\/resultados-do-euromillions-uk\/\"]}]},{\"@type\":\"BreadcrumbList\",\"@id\":\"https:\/\/lottohoy.com\/pt-pt\/resultados\/resultados-do-euromillions-uk\/#breadcrumb\",\"itemListElement\":[{\"@type\":\"ListItem\",\"position\":1,\"name\":\"Home\",\"item\":\"https:\/\/lottohoy.com\/pt-pt\/\"},{\"@type\":\"ListItem\",\"position\":2,\"name\":\"Resultados da Lotaria Online\",\"item\":\"https:\/\/lottohoy.com\/pt-pt\/resultados\/\"},{\"@type\":\"ListItem\",\"position\":3,\"name\":\"Resultados do EuroMillions UK\"}]},{\"@type\":\"WebSite\",\"@id\":\"https:\/\/lottohoy.com\/pt-pt\/#website\",\"url\":\"https:\/\/lottohoy.com\/pt-pt\/\",\"name\":\"Lottohoy\",\"description\":\"\",\"potentialAction\":[{\"@type\":\"SearchAction\",\"target\":{\"@type\":\"EntryPoint\",\"urlTemplate\":\"https:\/\/lottohoy.com\/pt-pt\/?s={search_term_string}\"},\"query-input\":{\"@type\":\"PropertyValueSpecification\",\"valueRequired\":true,\"valueName\":\"search_term_string\"}}],\"inLanguage\":\"pt-ts\"}]}<\/script>\n<!-- \/ Yoast SEO plugin. -->","yoast_head_json":{"title":"Confira os resultados do EuroMillions UK \u2013 Saiba se voc\u00ea ganhou","description":"Veja os resultados do EuroMillions UK online. Verifique seu bilhete, receba seus pr\u00eamios e consulte sorteios anteriores na plataforma LottoHoy.","robots":{"index":"index","follow":"follow","max-snippet":"max-snippet:-1","max-image-preview":"max-image-preview:large","max-video-preview":"max-video-preview:-1"},"canonical":"https:\/\/lottohoy.com\/pt-pt\/resultados\/resultados-do-euromillions-uk\/","og_locale":"pt_PT","og_type":"article","og_title":"Confira os resultados do EuroMillions UK \u2013 Saiba se voc\u00ea ganhou","og_description":"Veja os resultados do EuroMillions UK online. Verifique seu bilhete, receba seus pr\u00eamios e consulte sorteios anteriores na plataforma LottoHoy.","og_url":"https:\/\/lottohoy.com\/pt-pt\/resultados\/resultados-do-euromillions-uk\/","og_site_name":"Lottohoy","article_modified_time":"2025-06-14T15:59:04+00:00","twitter_card":"summary_large_image","twitter_misc":{"Est. reading time":"2 minutes"},"schema":{"@context":"https:\/\/schema.org","@graph":[{"@type":"WebPage","@id":"https:\/\/lottohoy.com\/pt-pt\/resultados\/resultados-do-euromillions-uk\/","url":"https:\/\/lottohoy.com\/pt-pt\/resultados\/resultados-do-euromillions-uk\/","name":"Confira os resultados do EuroMillions UK \u2013 Saiba se voc\u00ea ganhou","isPartOf":{"@id":"https:\/\/lottohoy.com\/pt-pt\/#website"},"datePublished":"2025-06-13T12:21:14+00:00","dateModified":"2025-06-14T15:59:04+00:00","description":"Veja os resultados do EuroMillions UK online. Verifique seu bilhete, receba seus pr\u00eamios e consulte sorteios anteriores na plataforma LottoHoy.","breadcrumb":{"@id":"https:\/\/lottohoy.com\/pt-pt\/resultados\/resultados-do-euromillions-uk\/#breadcrumb"},"inLanguage":"pt-ts","potentialAction":[{"@type":"ReadAction","target":["https:\/\/lottohoy.com\/pt-pt\/resultados\/resultados-do-euromillions-uk\/"]}]},{"@type":"BreadcrumbList","@id":"https:\/\/lottohoy.com\/pt-pt\/resultados\/resultados-do-euromillions-uk\/#breadcrumb","itemListElement":[{"@type":"ListItem","position":1,"name":"Home","item":"https:\/\/lottohoy.com\/pt-pt\/"},{"@type":"ListItem","position":2,"name":"Resultados da Lotaria Online","item":"https:\/\/lottohoy.com\/pt-pt\/resultados\/"},{"@type":"ListItem","position":3,"name":"Resultados do EuroMillions UK"}]},{"@type":"WebSite","@id":"https:\/\/lottohoy.com\/pt-pt\/#website","url":"https:\/\/lottohoy.com\/pt-pt\/","name":"Lottohoy","description":"","potentialAction":[{"@type":"SearchAction","target":{"@type":"EntryPoint","urlTemplate":"https:\/\/lottohoy.com\/pt-pt\/?s={search_term_string}"},"query-input":{"@type":"PropertyValueSpecification","valueRequired":true,"valueName":"search_term_string"}}],"inLanguage":"pt-ts"}]}},"_links":{"self":[{"href":"https:\/\/lottohoy.com\/pt-pt\/wp-json\/wp\/v2\/pages\/20621","targetHints":{"allow":["GET"]}}],"collection":[{"href":"https:\/\/lottohoy.com\/pt-pt\/wp-json\/wp\/v2\/pages"}],"about":[{"href":"https:\/\/lottohoy.com\/pt-pt\/wp-json\/wp\/v2\/types\/page"}],"author":[{"embeddable":true,"href":"https:\/\/lottohoy.com\/pt-pt\/wp-json\/wp\/v2\/users\/8"}],"replies":[{"embeddable":true,"href":"https:\/\/lottohoy.com\/pt-pt\/wp-json\/wp\/v2\/comments?post=20621"}],"version-history":[{"count":1,"href":"https:\/\/lottohoy.com\/pt-pt\/wp-json\/wp\/v2\/pages\/20621\/revisions"}],"predecessor-version":[{"id":20622,"href":"https:\/\/lottohoy.com\/pt-pt\/wp-json\/wp\/v2\/pages\/20621\/revisions\/20622"}],"up":[{"embeddable":true,"href":"https:\/\/lottohoy.com\/pt-pt\/wp-json\/wp\/v2\/pages\/3855"}],"wp:attachment":[{"href":"https:\/\/lottohoy.com\/pt-pt\/wp-json\/wp\/v2\/media?parent=20621"}],"curies":[{"name":"wp","href":"https:\/\/api.w.org\/{rel}","templated":true}]}}