{"id":20545,"date":"2025-06-13T12:40:52","date_gmt":"2025-06-13T11:40:52","guid":{"rendered":"https:\/\/lottohoy.com\/?page_id=20545"},"modified":"2025-06-13T18:45:52","modified_gmt":"2025-06-13T17:45:52","slug":"jogar-euromillions-uk","status":"publish","type":"page","link":"https:\/\/lottohoy.com\/pt-pt\/jogar\/jogar-euromillions-uk\/","title":{"rendered":"Jogar EuroMillions UK"},"content":{"rendered":"<h1 data-start=\"243\" data-end=\"281\">Jogar EuroMillions UK \u2013 Introdu\u00e7\u00e3o<\/h1>\n<p data-start=\"283\" data-end=\"681\">O EuroMillions \u00e9 um jogo de loteria administrado de forma independente por cada pa\u00eds participante.<br data-start=\"381\" data-end=\"384\" \/>Foi criado em 2004 por iniciativa da \u201cFran\u00e7aise des Jeux\u201d (Fran\u00e7a), \u201cLoter\u00edas y Apuestas del Estado\u201d (Espanha) e \u201cCamelot\u201d (Reino Unido). Mais tarde, outras loterias nacionais se juntaram, totalizando 9 pa\u00edses: Fran\u00e7a, Espanha, Reino Unido, \u00c1ustria, B\u00e9lgica, Irlanda, Luxemburgo, Portugal e Su\u00ed\u00e7a.<\/p>\n<p data-start=\"683\" data-end=\"879\">Ap\u00f3s o Brexit, o Reino Unido deixou a Uni\u00e3o Europeia, mas continua participando dos sorteios do EuroMillions com as mesmas regras dos demais pa\u00edses, com pequenas diferen\u00e7as. (Ver mais informa\u00e7\u00f5es)<\/p>\n<p data-start=\"881\" data-end=\"1064\">No Reino Unido, todo bilhete EuroMillions inclui automaticamente a participa\u00e7\u00e3o no UK Millionaire Maker \u2013 um jogo com c\u00f3digo \u00fanico e um pr\u00eamio garantido de \u00a31.000.000 em cada sorteio.<\/p>\n<h2 data-start=\"1071\" data-end=\"1106\">Como jogar EuroMillions online?<\/h2>\n<p data-start=\"1108\" data-end=\"1313\">\u00c9 muito simples. Primeiro, crie uma conta de usu\u00e1rio em <a class=\"\" href=\"https:\/\/lottohoy.com\/pt-pt\/registration\/\" target=\"_new\" rel=\"noopener\" data-start=\"1164\" data-end=\"1199\">lottohoy.com<\/a> para acessar a plataforma completa: console de jogo, informa\u00e7\u00f5es sobre a loteria, resultados e se\u00e7\u00e3o de not\u00edcias.<\/p>\n<p data-start=\"1315\" data-end=\"1458\">No console de jogo, voc\u00ea encontrar\u00e1 5 grades (cada uma representa uma aposta), divididas entre n\u00fameros principais (1 a 50) e estrelas (1 a 12).<\/p>\n<p data-start=\"1460\" data-end=\"1555\">Voc\u00ea pode escolher seus n\u00fameros manualmente ou deixar o sistema gerar uma combina\u00e7\u00e3o aleat\u00f3ria.<\/p>\n<p data-start=\"1557\" data-end=\"1610\">\u00c9 importante conhecer as diferentes formas de aposta:<\/p>\n<h3 data-start=\"1617\" data-end=\"1651\">Aposta simples EuroMillions UK<\/h3>\n<p data-start=\"1653\" data-end=\"1753\">Cada grade representa uma aposta simples.<br data-start=\"1694\" data-end=\"1697\" \/>Escolha 5 n\u00fameros de 1 a 50 e mais 2 estrelas de 1 a 12.<\/p>\n<h3 data-start=\"1760\" data-end=\"1795\">Aposta m\u00faltipla EuroMillions UK<\/h3>\n<p data-start=\"1797\" data-end=\"1954\">No momento, n\u00e3o \u00e9 poss\u00edvel fazer apostas m\u00faltiplas na nossa plataforma online, mas&#8230;<br data-start=\"1882\" data-end=\"1885\" \/>Nossa equipe t\u00e9cnica est\u00e1 trabalhando para disponibilizar essa op\u00e7\u00e3o.<\/p>\n<p data-start=\"1956\" data-end=\"2087\">Offline, a aposta m\u00faltipla \u00e9 poss\u00edvel.<br data-start=\"1994\" data-end=\"1997\" \/>Basta usar a primeira grade e selecionar de 6 a 10 n\u00fameros principais e de 2 a 6 estrelas.<\/p>\n<p data-start=\"2089\" data-end=\"2171\">Quanto mais combina\u00e7\u00f5es, maior ser\u00e1 o valor total da aposta. Veja a tabela abaixo:<\/p>\n<div class=\"_tableContainer_16hzy_1\">\n<div class=\"_tableWrapper_16hzy_14 group flex w-fit flex-col-reverse\">\n<table class=\"w-fit min-w-(--thread-content-width)\" data-start=\"2173\" data-end=\"2555\">\n<thead data-start=\"2173\" data-end=\"2235\">\n<tr data-start=\"2173\" data-end=\"2235\">\n<th data-start=\"2173\" data-end=\"2194\" data-col-size=\"sm\">Estrelas \\ N\u00fameros<\/th>\n<th data-start=\"2194\" data-end=\"2199\" data-col-size=\"sm\">5<\/th>\n<th data-start=\"2199\" data-end=\"2204\" data-col-size=\"sm\">6<\/th>\n<th data-start=\"2204\" data-end=\"2210\" data-col-size=\"sm\">7<\/th>\n<th data-start=\"2210\" data-end=\"2217\" data-col-size=\"sm\">8<\/th>\n<th data-start=\"2217\" data-end=\"2225\" data-col-size=\"sm\">9<\/th>\n<th data-start=\"2225\" data-end=\"2235\" data-col-size=\"sm\">10<\/th>\n<\/tr>\n<\/thead>\n<tbody data-start=\"2300\" data-end=\"2555\">\n<tr data-start=\"2300\" data-end=\"2363\">\n<td data-start=\"2300\" data-end=\"2322\" data-col-size=\"sm\">2<\/td>\n<td data-start=\"2322\" data-end=\"2327\" data-col-size=\"sm\">\u2013<\/td>\n<td data-start=\"2327\" data-end=\"2332\" data-col-size=\"sm\">6<\/td>\n<td data-start=\"2332\" data-end=\"2338\" data-col-size=\"sm\">21<\/td>\n<td data-start=\"2338\" data-end=\"2345\" data-col-size=\"sm\">56<\/td>\n<td data-start=\"2345\" data-end=\"2353\" data-col-size=\"sm\">126<\/td>\n<td data-start=\"2353\" data-end=\"2363\" data-col-size=\"sm\">252<\/td>\n<\/tr>\n<tr data-start=\"2364\" data-end=\"2427\">\n<td data-start=\"2364\" data-end=\"2386\" data-col-size=\"sm\">3<\/td>\n<td data-start=\"2386\" data-end=\"2391\" data-col-size=\"sm\">3<\/td>\n<td data-start=\"2391\" data-end=\"2396\" data-col-size=\"sm\">18<\/td>\n<td data-start=\"2396\" data-end=\"2402\" data-col-size=\"sm\">63<\/td>\n<td data-start=\"2402\" data-end=\"2409\" data-col-size=\"sm\">168<\/td>\n<td data-start=\"2409\" data-end=\"2417\" data-col-size=\"sm\">378<\/td>\n<td data-start=\"2417\" data-end=\"2427\" data-col-size=\"sm\">756<\/td>\n<\/tr>\n<tr data-start=\"2428\" data-end=\"2491\">\n<td data-start=\"2428\" data-end=\"2450\" data-col-size=\"sm\">4<\/td>\n<td data-start=\"2450\" data-end=\"2455\" data-col-size=\"sm\">6<\/td>\n<td data-start=\"2455\" data-end=\"2460\" data-col-size=\"sm\">36<\/td>\n<td data-start=\"2460\" data-end=\"2466\" data-col-size=\"sm\">126<\/td>\n<td data-start=\"2466\" data-end=\"2473\" data-col-size=\"sm\">336<\/td>\n<td data-start=\"2473\" data-end=\"2481\" data-col-size=\"sm\">756<\/td>\n<td data-start=\"2481\" data-end=\"2491\" data-col-size=\"sm\">1.512<\/td>\n<\/tr>\n<tr data-start=\"2492\" data-end=\"2555\">\n<td data-start=\"2492\" data-end=\"2514\" data-col-size=\"sm\">5<\/td>\n<td data-start=\"2514\" data-end=\"2519\" data-col-size=\"sm\">10<\/td>\n<td data-start=\"2519\" data-end=\"2524\" data-col-size=\"sm\">60<\/td>\n<td data-start=\"2524\" data-end=\"2530\" data-col-size=\"sm\">210<\/td>\n<td data-start=\"2530\" data-end=\"2537\" data-col-size=\"sm\">560<\/td>\n<td data-start=\"2537\" data-end=\"2545\" data-col-size=\"sm\">1.260<\/td>\n<td data-start=\"2545\" data-end=\"2555\" data-col-size=\"sm\">2.520<\/td>\n<\/tr>\n<\/tbody>\n<\/table>\n<div class=\"sticky end-(--thread-content-margin) h-0 self-end select-none\">\n<div class=\"absolute end-0 flex items-end\"><\/div>\n<\/div>\n<\/div>\n<\/div>\n<h3 data-start=\"2562\" data-end=\"2597\">Aposta reduzida EuroMillions UK<\/h3>\n<p data-start=\"2599\" data-end=\"2709\">Assim como a aposta m\u00faltipla, esta op\u00e7\u00e3o s\u00f3 est\u00e1 dispon\u00edvel offline. Apresentamos aqui apenas como refer\u00eancia.<\/p>\n<p data-start=\"2711\" data-end=\"2844\">\u00c9 uma varia\u00e7\u00e3o que combina apostas simples e m\u00faltiplas, permitindo que o jogador use n\u00fameros repetidos para gerar v\u00e1rias combina\u00e7\u00f5es.<\/p>\n<p data-start=\"2846\" data-end=\"2855\">Exemplos:<\/p>\n<ul data-start=\"2857\" data-end=\"3186\">\n<li data-start=\"2857\" data-end=\"2929\">\n<p data-start=\"2859\" data-end=\"2929\">10 n\u00fameros + 2 estrelas = 14 apostas (vs. 252 combina\u00e7\u00f5es completas)<\/p>\n<\/li>\n<li data-start=\"2930\" data-end=\"2993\">\n<p data-start=\"2932\" data-end=\"2993\">10 n\u00fameros + 4 estrelas = 28 apostas (vs. 1512 combina\u00e7\u00f5es)<\/p>\n<\/li>\n<li data-start=\"2994\" data-end=\"3057\">\n<p data-start=\"2996\" data-end=\"3057\">10 n\u00fameros + 3 estrelas = 84 apostas (vs. 1512 combina\u00e7\u00f5es)<\/p>\n<\/li>\n<li data-start=\"3058\" data-end=\"3122\">\n<p data-start=\"3060\" data-end=\"3122\">12 n\u00fameros + 3 estrelas = 114 apostas (vs. 2376 combina\u00e7\u00f5es)<\/p>\n<\/li>\n<li data-start=\"3123\" data-end=\"3186\">\n<p data-start=\"3125\" data-end=\"3186\">15 n\u00fameros + 4 estrelas = 30 apostas (vs. 18.018 combina\u00e7\u00f5es)<\/p>\n<\/li>\n<\/ul>\n<h2 data-start=\"3193\" data-end=\"3236\">Quando s\u00e3o os sorteios do EuroMillions?<\/h2>\n<p data-start=\"3238\" data-end=\"3344\">O EuroMillions realiza seus sorteios todas as ter\u00e7as e sextas-feiras \u00e0s 21:30 (hor\u00e1rio da Europa Central).<\/p>\n<p data-start=\"3346\" data-end=\"3515\">A plataforma fecha a compra de bilhetes algumas horas antes do sorteio (o hor\u00e1rio \u00e9 exibido na tela de jogo) para que nossos representantes validem os bilhetes em tempo.<\/p>\n<p data-start=\"3517\" data-end=\"3620\">Se voc\u00ea comprar fora do hor\u00e1rio, seu bilhete ser\u00e1 v\u00e1lido para o sorteio seguinte, nas mesmas condi\u00e7\u00f5es.<\/p>\n<p data-start=\"3622\" data-end=\"3749\">Em apostas recorrentes, apenas o primeiro bilhete deve ser comprado antes do prazo \u2013 os pr\u00f3ximos s\u00e3o agendados automaticamente.<\/p>\n<h2 data-start=\"3756\" data-end=\"3809\">Vantagens de comprar bilhetes EuroMillions online<\/h2>\n<p data-start=\"3811\" data-end=\"3865\">A modernidade e a comodidade trazem v\u00e1rios benef\u00edcios:<\/p>\n<ul data-start=\"3867\" data-end=\"4378\">\n<li data-start=\"3867\" data-end=\"3904\">\n<p data-start=\"3869\" data-end=\"3904\"><strong data-start=\"3869\" data-end=\"3902\">Seguran\u00e7a com protocolo HTTPS<\/strong><\/p>\n<\/li>\n<li data-start=\"3905\" data-end=\"3961\">\n<p data-start=\"3907\" data-end=\"3961\"><strong data-start=\"3907\" data-end=\"3959\">Diversos m\u00e9todos de pagamento e saque confi\u00e1veis<\/strong><\/p>\n<\/li>\n<li data-start=\"3962\" data-end=\"4007\">\n<p data-start=\"3964\" data-end=\"4007\"><strong data-start=\"3964\" data-end=\"4005\">Dispon\u00edvel 24\/7, todos os dias do ano<\/strong><\/p>\n<\/li>\n<li data-start=\"4008\" data-end=\"4065\">\n<p data-start=\"4010\" data-end=\"4065\"><strong data-start=\"4010\" data-end=\"4063\">Sem filas ou deslocamentos \u2013 jogue de onde quiser<\/strong><\/p>\n<\/li>\n<li data-start=\"4066\" data-end=\"4123\">\n<p data-start=\"4068\" data-end=\"4123\"><strong data-start=\"4068\" data-end=\"4121\">Bilhetes salvos na sua conta \u2013 sem risco de perda<\/strong><\/p>\n<\/li>\n<li data-start=\"4124\" data-end=\"4179\">\n<p data-start=\"4126\" data-end=\"4179\"><strong data-start=\"4126\" data-end=\"4177\">Pr\u00eamios creditados automaticamente em sua conta<\/strong><\/p>\n<\/li>\n<li data-start=\"4180\" data-end=\"4325\">\n<p data-start=\"4182\" data-end=\"4325\"><strong data-start=\"4182\" data-end=\"4252\">Receba atualiza\u00e7\u00f5es sobre jackpots, sorteios especiais e novidades<\/strong><br data-start=\"4252\" data-end=\"4255\" \/>\u27a4 <a class=\"\" href=\"https:\/\/lottohoy.com\/pt-pt\/jackpots-da-loteria\/\" target=\"_new\" rel=\"noopener\" data-start=\"4259\" data-end=\"4323\">https:\/\/lottohoy.com\/jackpots<\/a><\/p>\n<\/li>\n<li data-start=\"4326\" data-end=\"4378\">\n<p data-start=\"4328\" data-end=\"4378\"><strong data-start=\"4328\" data-end=\"4378\">Resultados enviados por e-mail automaticamente<\/strong><\/p>\n<\/li>\n<\/ul>\n","protected":false},"excerpt":{"rendered":"<p>Jogar EuroMillions UK \u2013 Introdu\u00e7\u00e3o O EuroMillions \u00e9 um jogo de loteria administrado de forma independente por cada pa\u00eds participante.Foi criado em 2004 por iniciativa da \u201cFran\u00e7aise des Jeux\u201d (Fran\u00e7a), \u201cLoter\u00edas y Apuestas del Estado\u201d (Espanha) e \u201cCamelot\u201d (Reino Unido). Mais tarde, outras loterias nacionais se juntaram, totalizando 9 pa\u00edses: Fran\u00e7a, Espanha, Reino Unido, \u00c1ustria, [&hellip;]<\/p>\n","protected":false},"author":8,"featured_media":0,"parent":3904,"menu_order":0,"comment_status":"closed","ping_status":"closed","template":"euromillions.php","meta":{"_et_pb_use_builder":"","_et_pb_old_content":"","_et_gb_content_width":"","exclude_from_search":false,"footnotes":""},"class_list":["post-20545","page","type-page","status-publish","hentry"],"yoast_head":"<!-- This site is optimized with the Yoast SEO plugin v23.7 - https:\/\/yoast.com\/wordpress\/plugins\/seo\/ -->\n<title>Jogue EuroMillions UK online \u2013 Regras, pr\u00eamios e sorteios | LottoHoy<\/title>\n<meta name=\"description\" content=\"Saiba como jogar EuroMillions UK online. Regras, hor\u00e1rios dos sorteios e pr\u00eamio garantido do UK Millionaire Maker. Jogue com seguran\u00e7a via LottoHoy.\" \/>\n<meta name=\"robots\" content=\"index, follow, max-snippet:-1, max-image-preview:large, max-video-preview:-1\" \/>\n<link rel=\"canonical\" href=\"https:\/\/lottohoy.com\/pt-pt\/jogar\/jogar-euromillions-uk\/\" \/>\n<meta property=\"og:locale\" content=\"pt_PT\" \/>\n<meta property=\"og:type\" content=\"article\" \/>\n<meta property=\"og:title\" content=\"Jogue EuroMillions UK online \u2013 Regras, pr\u00eamios e sorteios | LottoHoy\" \/>\n<meta property=\"og:description\" content=\"Saiba como jogar EuroMillions UK online. Regras, hor\u00e1rios dos sorteios e pr\u00eamio garantido do UK Millionaire Maker. Jogue com seguran\u00e7a via LottoHoy.\" \/>\n<meta property=\"og:url\" content=\"https:\/\/lottohoy.com\/pt-pt\/jogar\/jogar-euromillions-uk\/\" \/>\n<meta property=\"og:site_name\" content=\"Lottohoy\" \/>\n<meta property=\"article:modified_time\" content=\"2025-06-13T17:45:52+00:00\" \/>\n<meta name=\"twitter:card\" content=\"summary_large_image\" \/>\n<meta name=\"twitter:label1\" content=\"Est. reading time\" \/>\n\t<meta name=\"twitter:data1\" content=\"3 minutes\" \/>\n<script type=\"application\/ld+json\" class=\"yoast-schema-graph\">{\"@context\":\"https:\/\/schema.org\",\"@graph\":[{\"@type\":\"WebPage\",\"@id\":\"https:\/\/lottohoy.com\/pt-pt\/jogar\/jogar-euromillions-uk\/\",\"url\":\"https:\/\/lottohoy.com\/pt-pt\/jogar\/jogar-euromillions-uk\/\",\"name\":\"Jogue EuroMillions UK online \u2013 Regras, pr\u00eamios e sorteios | LottoHoy\",\"isPartOf\":{\"@id\":\"https:\/\/lottohoy.com\/pt-pt\/#website\"},\"datePublished\":\"2025-06-13T11:40:52+00:00\",\"dateModified\":\"2025-06-13T17:45:52+00:00\",\"description\":\"Saiba como jogar EuroMillions UK online. Regras, hor\u00e1rios dos sorteios e pr\u00eamio garantido do UK Millionaire Maker. Jogue com seguran\u00e7a via LottoHoy.\",\"breadcrumb\":{\"@id\":\"https:\/\/lottohoy.com\/pt-pt\/jogar\/jogar-euromillions-uk\/#breadcrumb\"},\"inLanguage\":\"pt-ts\",\"potentialAction\":[{\"@type\":\"ReadAction\",\"target\":[\"https:\/\/lottohoy.com\/pt-pt\/jogar\/jogar-euromillions-uk\/\"]}]},{\"@type\":\"BreadcrumbList\",\"@id\":\"https:\/\/lottohoy.com\/pt-pt\/jogar\/jogar-euromillions-uk\/#breadcrumb\",\"itemListElement\":[{\"@type\":\"ListItem\",\"position\":1,\"name\":\"Home\",\"item\":\"https:\/\/lottohoy.com\/pt-pt\/\"},{\"@type\":\"ListItem\",\"position\":2,\"name\":\"Compre bilhetes de loteria online\",\"item\":\"https:\/\/lottohoy.com\/pt-pt\/jogar\/\"},{\"@type\":\"ListItem\",\"position\":3,\"name\":\"Jogar EuroMillions UK\"}]},{\"@type\":\"WebSite\",\"@id\":\"https:\/\/lottohoy.com\/pt-pt\/#website\",\"url\":\"https:\/\/lottohoy.com\/pt-pt\/\",\"name\":\"Lottohoy\",\"description\":\"\",\"potentialAction\":[{\"@type\":\"SearchAction\",\"target\":{\"@type\":\"EntryPoint\",\"urlTemplate\":\"https:\/\/lottohoy.com\/pt-pt\/?s={search_term_string}\"},\"query-input\":{\"@type\":\"PropertyValueSpecification\",\"valueRequired\":true,\"valueName\":\"search_term_string\"}}],\"inLanguage\":\"pt-ts\"}]}<\/script>\n<!-- \/ Yoast SEO plugin. -->","yoast_head_json":{"title":"Jogue EuroMillions UK online \u2013 Regras, pr\u00eamios e sorteios | LottoHoy","description":"Saiba como jogar EuroMillions UK online. Regras, hor\u00e1rios dos sorteios e pr\u00eamio garantido do UK Millionaire Maker. Jogue com seguran\u00e7a via LottoHoy.","robots":{"index":"index","follow":"follow","max-snippet":"max-snippet:-1","max-image-preview":"max-image-preview:large","max-video-preview":"max-video-preview:-1"},"canonical":"https:\/\/lottohoy.com\/pt-pt\/jogar\/jogar-euromillions-uk\/","og_locale":"pt_PT","og_type":"article","og_title":"Jogue EuroMillions UK online \u2013 Regras, pr\u00eamios e sorteios | LottoHoy","og_description":"Saiba como jogar EuroMillions UK online. Regras, hor\u00e1rios dos sorteios e pr\u00eamio garantido do UK Millionaire Maker. Jogue com seguran\u00e7a via LottoHoy.","og_url":"https:\/\/lottohoy.com\/pt-pt\/jogar\/jogar-euromillions-uk\/","og_site_name":"Lottohoy","article_modified_time":"2025-06-13T17:45:52+00:00","twitter_card":"summary_large_image","twitter_misc":{"Est. reading time":"3 minutes"},"schema":{"@context":"https:\/\/schema.org","@graph":[{"@type":"WebPage","@id":"https:\/\/lottohoy.com\/pt-pt\/jogar\/jogar-euromillions-uk\/","url":"https:\/\/lottohoy.com\/pt-pt\/jogar\/jogar-euromillions-uk\/","name":"Jogue EuroMillions UK online \u2013 Regras, pr\u00eamios e sorteios | LottoHoy","isPartOf":{"@id":"https:\/\/lottohoy.com\/pt-pt\/#website"},"datePublished":"2025-06-13T11:40:52+00:00","dateModified":"2025-06-13T17:45:52+00:00","description":"Saiba como jogar EuroMillions UK online. Regras, hor\u00e1rios dos sorteios e pr\u00eamio garantido do UK Millionaire Maker. Jogue com seguran\u00e7a via LottoHoy.","breadcrumb":{"@id":"https:\/\/lottohoy.com\/pt-pt\/jogar\/jogar-euromillions-uk\/#breadcrumb"},"inLanguage":"pt-ts","potentialAction":[{"@type":"ReadAction","target":["https:\/\/lottohoy.com\/pt-pt\/jogar\/jogar-euromillions-uk\/"]}]},{"@type":"BreadcrumbList","@id":"https:\/\/lottohoy.com\/pt-pt\/jogar\/jogar-euromillions-uk\/#breadcrumb","itemListElement":[{"@type":"ListItem","position":1,"name":"Home","item":"https:\/\/lottohoy.com\/pt-pt\/"},{"@type":"ListItem","position":2,"name":"Compre bilhetes de loteria online","item":"https:\/\/lottohoy.com\/pt-pt\/jogar\/"},{"@type":"ListItem","position":3,"name":"Jogar EuroMillions UK"}]},{"@type":"WebSite","@id":"https:\/\/lottohoy.com\/pt-pt\/#website","url":"https:\/\/lottohoy.com\/pt-pt\/","name":"Lottohoy","description":"","potentialAction":[{"@type":"SearchAction","target":{"@type":"EntryPoint","urlTemplate":"https:\/\/lottohoy.com\/pt-pt\/?s={search_term_string}"},"query-input":{"@type":"PropertyValueSpecification","valueRequired":true,"valueName":"search_term_string"}}],"inLanguage":"pt-ts"}]}},"_links":{"self":[{"href":"https:\/\/lottohoy.com\/pt-pt\/wp-json\/wp\/v2\/pages\/20545","targetHints":{"allow":["GET"]}}],"collection":[{"href":"https:\/\/lottohoy.com\/pt-pt\/wp-json\/wp\/v2\/pages"}],"about":[{"href":"https:\/\/lottohoy.com\/pt-pt\/wp-json\/wp\/v2\/types\/page"}],"author":[{"embeddable":true,"href":"https:\/\/lottohoy.com\/pt-pt\/wp-json\/wp\/v2\/users\/8"}],"replies":[{"embeddable":true,"href":"https:\/\/lottohoy.com\/pt-pt\/wp-json\/wp\/v2\/comments?post=20545"}],"version-history":[{"count":1,"href":"https:\/\/lottohoy.com\/pt-pt\/wp-json\/wp\/v2\/pages\/20545\/revisions"}],"predecessor-version":[{"id":20546,"href":"https:\/\/lottohoy.com\/pt-pt\/wp-json\/wp\/v2\/pages\/20545\/revisions\/20546"}],"up":[{"embeddable":true,"href":"https:\/\/lottohoy.com\/pt-pt\/wp-json\/wp\/v2\/pages\/3904"}],"wp:attachment":[{"href":"https:\/\/lottohoy.com\/pt-pt\/wp-json\/wp\/v2\/media?parent=20545"}],"curies":[{"name":"wp","href":"https:\/\/api.w.org\/{rel}","templated":true}]}}