{"id":10984,"date":"2024-10-23T09:10:38","date_gmt":"2024-10-23T08:10:38","guid":{"rendered":"https:\/\/lottohoy.xyz\/jackpots-da-loteria\/"},"modified":"2025-02-15T16:56:04","modified_gmt":"2025-02-15T16:56:04","slug":"jackpots-da-loteria","status":"publish","type":"page","link":"https:\/\/lottohoy.com\/pt-pt\/jackpots-da-loteria\/","title":{"rendered":"Jackpots da Loteria"},"content":{"rendered":"<p>Abaixo voc\u00ea pode encontrar uma tabela de resumo com todos os <strong>jackpots de loteria<\/strong> hoje e semanalmente. Esta sec\u00e7\u00e3o \u00e9 actualizada automaticamente ap\u00f3s cada sorteio para lhe mostrar os jackpots de Euromilh\u00f5es, Mega Milh\u00f5es, Powerball, La Primitiva, Eurojackpot e muito mais. Ao clicar em &#8220;<strong>Jogar<\/strong>&#8221; voc\u00ea poder\u00e1 comprar bilhetes para o pr\u00f3ximo sorteio de cada uma das loterias listadas.<\/p>\n<p><!--more--><\/p>\n<p><strong>O que s\u00e3o os jackpots e como funcionam<\/strong><\/p>\n<p>Em jogos de azar e loterias, a palavra <strong>jackpot<\/strong> refere-se a um montante de dinheiro acumulado de pr\u00e9mios n\u00e3o atribu\u00eddos em alguns sorteios anteriores. Isto \u00e9 muitas vezes referido como um jackpot.<\/p>\n<p><img loading=\"lazy\" decoding=\"async\" class=\"alignnone wp-image-4172 size-medium\" src=\"https:\/\/lottohoy.com\/wp-content\/uploads\/sites\/4\/botes-495x169.jpg\" alt=\"\" width=\"495\" height=\"169\" \/><\/p>\n<p>Todas as loterias modernas adaptaram suas regras para atrair jogadores para uma maior participa\u00e7\u00e3o e, assim, tornar irresist\u00edvel a tenta\u00e7\u00e3o de jogar. Os <strong>jackpots da loteria<\/strong> contribuem para atrair um p\u00fablico maior, pois oferecem a possibilidade de ganhar pr\u00eamios que podem se tornar astron\u00f4micos.<\/p>\n<p>Um jackpot ou jackpot \u00e9 criado quando n\u00e3o h\u00e1 nenhum vencedor de nenhuma das categorias nos sorteios da loteria. Cada jogo tem sua pr\u00f3pria maneira de determinar a quantidade de <strong>jackpots poss\u00edveis para cada sorteio<\/strong>, como o dinheiro arrecadado \u00e9 distribu\u00eddo, qual parte vai para cada categoria de pr\u00eamio, se h\u00e1 um m\u00ednimo garantido ou se h\u00e1 um n\u00famero m\u00e1ximo de vezes que um jackpot pode ser acumulado.<\/p>\n<p><strong>Jackpots m\u00ednimos e m\u00e1ximos garantidos nas loterias<\/strong><\/p>\n<p>Se analisarmos as loterias que acumulam <strong>maiores jackpots<\/strong>, vemos que alguns come\u00e7am a partir de um m\u00ednimo para adicionar a parte que corresponde \u00e0 cole\u00e7\u00e3o para o sorteio. Cada entidade organizadora decide qual \u00e9 o m\u00ednimo dependendo da cobran\u00e7a estimada, sendo as loterias americanas as que come\u00e7am com maior jackpot.<\/p>\n<p>Vamos ver uma mesa que nos mostre isso:<\/p>\n<table>\n<tbody>\n<tr>\n<td><strong>Jackpots<\/strong><\/td>\n<td><strong>M\u00ednimo garantido<\/strong><\/td>\n<td><strong>M\u00e1ximo Jackpot<\/strong><\/td>\n<td><strong>Acumula\u00e7\u00e3o<\/strong><\/td>\n<\/tr>\n<tr>\n<td>Jackpot de PowerBall<\/td>\n<td>$ 40 Milh\u00f5es<\/td>\n<td>Ilimitada<\/td>\n<td>Ilimitada<\/td>\n<\/tr>\n<tr>\n<td>Jackpot\u00a0 de MegaMillions<\/td>\n<td>$ 40 Milh\u00f5es*<\/td>\n<td>Ilimitada<\/td>\n<td>Ilimitada<\/td>\n<\/tr>\n<tr>\n<td>Jackpot\u00a0 de Euromillones<\/td>\n<td>\u20ac 20 Milh\u00f5es<\/td>\n<td>\u20ac 250 Milh\u00f5es<\/td>\n<td>4<\/td>\n<\/tr>\n<tr>\n<td>Jackpot\u00a0 de Eurojackpot<\/td>\n<td>\u20ac 10 Milh\u00f5es<\/td>\n<td>\u20ac 120 Milh\u00f5es<\/td>\n<td>1<\/td>\n<\/tr>\n<tr>\n<td>Jackpot\u00a0 de SuperEnalotto<\/td>\n<td>\u20ac 2 Milh\u00f5es<\/td>\n<td>Ilimitada<\/td>\n<td>Ilimitada<\/td>\n<\/tr>\n<tr>\n<td>Jackpot\u00a0 de La Primitiva<\/td>\n<td>\u20ac 2 Milh\u00f5es<\/td>\n<td>Ilimitada<\/td>\n<td>Ilimitada<\/td>\n<\/tr>\n<tr>\n<td>Jackpot\u00a0 de OZ PowerBall<\/td>\n<td>AU $ 3 Milh\u00f5es<\/td>\n<td>Ilimitada<\/td>\n<td>Ilimitada<\/td>\n<\/tr>\n<tr>\n<td>Jackpot\u00a0 de BonoLoto<\/td>\n<td>\u20ac 0,400 Milh\u00f5es<\/td>\n<td>Ilimitada<\/td>\n<td>Ilimitada<\/td>\n<\/tr>\n<tr>\n<td>Jackpot Gordo Primitiva<\/td>\n<td>\u20ac 5 Milh\u00f5es<\/td>\n<td>Ilimitada<\/td>\n<td>Ilimitada<\/td>\n<\/tr>\n<tr>\n<td>Jackpot\u00a0 de UK Lottery<\/td>\n<td>\u00a3 2 Milh\u00f5es**<\/td>\n<td>\u00a3 22 Milh\u00f5es<\/td>\n<td>4<\/td>\n<\/tr>\n<tr>\n<td>Jackpot\u00a0 Polish Lotto<\/td>\n<td>z\u0142 2 Milh\u00f5es<\/td>\n<td>Ilimitada<\/td>\n<td>Ilimitada<\/td>\n<\/tr>\n<\/tbody>\n<\/table>\n<p><em>* \u00a0Durante a pandemia da COVID 19, o pr\u00eamio m\u00ednimo garantido foi reduzido para $20M. <\/em><\/p>\n<p>** <em>N\u00e3o garantido, mas o montante m\u00ednimo \u00e9 estimado<\/em><\/p>\n<p><strong>Como se acumulam os pr\u00eamios acumulados na loteria<\/strong><\/p>\n<p>Independentemente de a loteria em quest\u00e3o ter um m\u00ednimo garantido para o pr\u00eamio principal, os <strong>percentuais de cole\u00e7\u00e3o<\/strong> determinados por cada regulamento para as outras categorias tamb\u00e9m fazem parte desses pr\u00eamios acumulados.<\/p>\n<p>No entanto, existem loterias como a PowerBall, a MegaMillions e outras, que determinam <strong>valores fixos<\/strong> para pr\u00eamios na segunda categoria e categorias subsequentes e n\u00e3o apenas para o jackpot.<\/p>\n<p><strong>Decomposi\u00e7\u00e3o da Cole\u00e7\u00e3o Jackpot da Loteria<\/strong><\/p>\n<p>Em geral, quando h\u00e1 um valor de jackpot pr\u00e9-existente acumulado em sorteios anteriores, a porcentagem de cobran\u00e7a para o pr\u00f3ximo jackpot \u00e9 adicionada ao <strong>jackpot existente<\/strong>. Existem loterias que alocam uma alta porcentagem dos lucros de cada sorteio para aumentar o jackpot, e outras, pelo contr\u00e1rio, preferem distribu\u00ed-lo entre as v\u00e1rias categorias fornecidas.<\/p>\n<p>Vamos ver como as loterias que acumulam mais jackpots:<\/p>\n<table>\n<tbody>\n<tr>\n<td><strong>Loterias<\/strong><\/td>\n<td><strong>Percentagem atribu\u00edda aos jackpots<\/strong><\/td>\n<\/tr>\n<tr>\n<td><strong>PowerBall<\/strong><\/td>\n<td>68,01 % + Jackpot Acumulado<\/td>\n<\/tr>\n<tr>\n<td><strong>MegaMillions<\/strong><\/td>\n<td>65,15% + Jackpot Acumulado<\/td>\n<\/tr>\n<tr>\n<td><strong>Euromillones<\/strong><\/td>\n<td>43,20% 6 sorteios no ciclo, e 27% depois disso<\/td>\n<\/tr>\n<tr>\n<td><strong>Eurojackpot<\/strong><\/td>\n<td>18% + Jackpot Acumulado<\/td>\n<\/tr>\n<tr>\n<td><strong>SuperEnalotto<\/strong><\/td>\n<td>17,4%<\/td>\n<\/tr>\n<tr>\n<td><strong>La Primitiva<\/strong><\/td>\n<td>6,18%<\/td>\n<\/tr>\n<tr>\n<td><strong>OZ PowerBall<\/strong><\/td>\n<td>35%<\/td>\n<\/tr>\n<tr>\n<td><strong>BonoLoto<\/strong><\/td>\n<td>45%<\/td>\n<\/tr>\n<tr>\n<td><strong>El Gordo<\/strong><\/td>\n<td>22%<\/td>\n<\/tr>\n<tr>\n<td><strong>UK Lottery<\/strong><\/td>\n<td>Iniciais 83%, e 27% depois disso<\/td>\n<\/tr>\n<tr>\n<td><strong>Polish Lotto<\/strong><\/td>\n<td>Iniciais 44%, e 27% depois disso<\/td>\n<\/tr>\n<\/tbody>\n<\/table>\n<h2><strong>Maiores jackpots ou jackpots ganhos<\/strong><\/h2>\n<p>Os maiores jackpots em dinheiro entregues correspondem \u00e0s loterias americanas (PowerBall e MegaMilh\u00f5es), mas os<strong> jackpots<\/strong> das loterias europ\u00e9ias (Euromilh\u00f5es, Eurojackpot, SuperEnalotto, La Primitiva e loterias nacionais de v\u00e1rios pa\u00edses) n\u00e3o s\u00e3o desprez\u00edveis.<\/p>\n<h3><strong>Os maiores jackpots das loterias americanas<\/strong><\/h3>\n<p>Deixamos aqui uma lista dos maiores jackpots da hist\u00f3ria das loterias americanas:<\/p>\n<p><strong>US$ 2,04 bilh\u00f5es<\/strong>, atualmente em 2025, o maior jackpot concedido pela<strong><span style=\"color: #ff6600;\"> loteria Powerball,<\/span><\/strong> em novembro de 2022<\/p>\n<p><strong>US$ 1,6 bilh\u00e3o<\/strong>. Novo recorde estabelecido em 23 de outubro de 2018 na <strong><span style=\"color: #ff6600;\">MegaMillions<\/span><\/strong>.<\/p>\n<h3><strong>Os maiores pr\u00eamios nas loterias europeias<\/strong><\/h3>\n<p>Ao contr\u00e1rio das lotarias americanas, os pr\u00e9mios das lotarias europeias do EuroMilh\u00f5es, Eurojackpot e outros geralmente n\u00e3o est\u00e3o sujeitos a impostos, exceto em alguns pa\u00edses, como Espanha, Portugal ou It\u00e1lia.<\/p>\n<p>Os maiores jackpots da loteria europeia at\u00e9 o momento foram os seguintes:<\/p>\n<p>O maior jackpot da loteria <strong><span style=\"color: #ff6600;\">EuroMilh\u00f5es<\/span><\/strong> \u00e9 de <strong>240 milh\u00f5es de euros<\/strong> em 8 de dezembro de 2023 para um vencedor da \u00c1ustria.<\/p>\n<p>O maior jackpot da loteria <strong><span style=\"color: #ff6600;\">SuperEnalotto<\/span><\/strong>. foi de 3<strong>71,1 milh\u00f5es de euros<\/strong> em 16\/02\/2023<\/p>\n<p>A lotaria <strong><span style=\"color: #ff6600;\">Eurojackpot<\/span><\/strong>, atualmente o jackpot m\u00e1ximo \u00e9 de <strong>120 milh\u00f5es de euros<\/strong> e, durante 2024, foi atribu\u00eddo at\u00e9 4 vezes.\u201c<em>Anteriormente, o jackpot m\u00e1ximo era de 90 milh\u00f5es de euros e j\u00e1 tinha sido atribu\u00eddo cinco vezes\u201d<\/em><\/p>\n<p>O jackpot mais alto do <strong><span style=\"color: #ff6600;\">BonoLoto<\/span><\/strong> \u00e9 de <strong>\u20ac 10,6 milh\u00f5es de euros,<\/strong> em 17\/01\/2024<\/p>\n<p><strong><span style=\"color: #ff6600;\">Loteria La Primitiva<\/span> \u20ac 101,7 milh\u00f5es<\/strong>, at\u00e9 hoje, em 10 anos, n\u00e3o foi ultrapassado<\/p>\n<p><strong>\u00a3 66.070.646<\/strong> em 01\/09\/2016 na <strong>loteria do Reino Unido<\/strong>. Posteriormente, foi limitado a \u00a3 22 milh\u00f5es.<\/p>\n<p><strong>Z\u0142 56 milh\u00f5es<\/strong> (quase 13 milh\u00f5es de euros) em setembro de 2011 na <strong>loteria polonesa.<\/strong><\/p>\n<p>Se voc\u00ea quiser tentar a sua sorte e participar do pr\u00f3ximo sorteio das principais loterias do mundo, basta clicar em qualquer um dos links &#8220;Jogar&#8221; encontrados na tabela no topo desta p\u00e1gina. O que voc\u00ea est\u00e1 esperando? Podes ser o pr\u00f3ximo vencedor de um destes <strong>jackpots da lotaria<\/strong>.<\/p>\n","protected":false},"excerpt":{"rendered":"<p>Abaixo voc\u00ea pode encontrar uma tabela de resumo com todos os jackpots de loteria hoje e semanalmente. Esta sec\u00e7\u00e3o \u00e9 actualizada automaticamente ap\u00f3s cada sorteio para lhe mostrar os jackpots de Euromilh\u00f5es, Mega Milh\u00f5es, Powerball, La Primitiva, Eurojackpot e muito mais. Ao clicar em &#8220;Jogar&#8221; voc\u00ea poder\u00e1 comprar bilhetes para o pr\u00f3ximo sorteio de cada [&hellip;]<\/p>\n","protected":false},"author":1,"featured_media":0,"parent":0,"menu_order":6,"comment_status":"closed","ping_status":"closed","template":"","meta":{"_et_pb_use_builder":"","_et_pb_old_content":"","_et_gb_content_width":"","exclude_from_search":false,"footnotes":""},"class_list":["post-10984","page","type-page","status-publish","hentry"],"yoast_head":"<!-- This site is optimized with the Yoast SEO plugin v23.7 - https:\/\/yoast.com\/wordpress\/plugins\/seo\/ -->\n<title>Todos os jackpots de loteria - Melhores jackpots de loteria - LottoHoy.com<\/title>\n<meta name=\"description\" content=\"Verifique os jackpots da loteria com os pre\u00e7os mais altos atualizados automaticamente. Tente a sua sorte jogando na loteria online. \u2717\" \/>\n<meta name=\"robots\" content=\"index, follow, max-snippet:-1, max-image-preview:large, max-video-preview:-1\" \/>\n<link rel=\"canonical\" href=\"https:\/\/lottohoy.com\/pt-pt\/jackpots-da-loteria\/\" \/>\n<meta property=\"og:locale\" content=\"pt_PT\" \/>\n<meta property=\"og:type\" content=\"article\" \/>\n<meta property=\"og:title\" content=\"Todos os jackpots de loteria - Melhores jackpots de loteria - LottoHoy.com\" \/>\n<meta property=\"og:description\" content=\"Verifique os jackpots da loteria com os pre\u00e7os mais altos atualizados automaticamente. Tente a sua sorte jogando na loteria online. \u2717\" \/>\n<meta property=\"og:url\" content=\"https:\/\/lottohoy.com\/pt-pt\/jackpots-da-loteria\/\" \/>\n<meta property=\"og:site_name\" content=\"Lottohoy\" \/>\n<meta property=\"article:modified_time\" content=\"2025-02-15T16:56:04+00:00\" \/>\n<meta property=\"og:image\" content=\"https:\/\/lottohoy.com\/wp-content\/uploads\/sites\/4\/botes-495x169.jpg\" \/>\n<meta name=\"twitter:card\" content=\"summary_large_image\" \/>\n<meta name=\"twitter:label1\" content=\"Est. reading time\" \/>\n\t<meta name=\"twitter:data1\" content=\"5 minutes\" \/>\n<script type=\"application\/ld+json\" class=\"yoast-schema-graph\">{\"@context\":\"https:\/\/schema.org\",\"@graph\":[{\"@type\":\"WebPage\",\"@id\":\"https:\/\/lottohoy.com\/pt-pt\/jackpots-da-loteria\/\",\"url\":\"https:\/\/lottohoy.com\/pt-pt\/jackpots-da-loteria\/\",\"name\":\"Todos os jackpots de loteria - Melhores jackpots de loteria - LottoHoy.com\",\"isPartOf\":{\"@id\":\"https:\/\/lottohoy.com\/pt-pt\/#website\"},\"primaryImageOfPage\":{\"@id\":\"https:\/\/lottohoy.com\/pt-pt\/jackpots-da-loteria\/#primaryimage\"},\"image\":{\"@id\":\"https:\/\/lottohoy.com\/pt-pt\/jackpots-da-loteria\/#primaryimage\"},\"thumbnailUrl\":\"https:\/\/lottohoy.com\/wp-content\/uploads\/sites\/4\/botes-495x169.jpg\",\"datePublished\":\"2024-10-23T08:10:38+00:00\",\"dateModified\":\"2025-02-15T16:56:04+00:00\",\"description\":\"Verifique os jackpots da loteria com os pre\u00e7os mais altos atualizados automaticamente. Tente a sua sorte jogando na loteria online. \u2717\",\"breadcrumb\":{\"@id\":\"https:\/\/lottohoy.com\/pt-pt\/jackpots-da-loteria\/#breadcrumb\"},\"inLanguage\":\"pt-ts\",\"potentialAction\":[{\"@type\":\"ReadAction\",\"target\":[\"https:\/\/lottohoy.com\/pt-pt\/jackpots-da-loteria\/\"]}]},{\"@type\":\"ImageObject\",\"inLanguage\":\"pt-ts\",\"@id\":\"https:\/\/lottohoy.com\/pt-pt\/jackpots-da-loteria\/#primaryimage\",\"url\":\"https:\/\/lottohoy.com\/wp-content\/uploads\/sites\/4\/botes-495x169.jpg\",\"contentUrl\":\"https:\/\/lottohoy.com\/wp-content\/uploads\/sites\/4\/botes-495x169.jpg\"},{\"@type\":\"BreadcrumbList\",\"@id\":\"https:\/\/lottohoy.com\/pt-pt\/jackpots-da-loteria\/#breadcrumb\",\"itemListElement\":[{\"@type\":\"ListItem\",\"position\":1,\"name\":\"Home\",\"item\":\"https:\/\/lottohoy.com\/pt-pt\/\"},{\"@type\":\"ListItem\",\"position\":2,\"name\":\"Jackpots da Loteria\"}]},{\"@type\":\"WebSite\",\"@id\":\"https:\/\/lottohoy.com\/pt-pt\/#website\",\"url\":\"https:\/\/lottohoy.com\/pt-pt\/\",\"name\":\"Lottohoy\",\"description\":\"\",\"potentialAction\":[{\"@type\":\"SearchAction\",\"target\":{\"@type\":\"EntryPoint\",\"urlTemplate\":\"https:\/\/lottohoy.com\/pt-pt\/?s={search_term_string}\"},\"query-input\":{\"@type\":\"PropertyValueSpecification\",\"valueRequired\":true,\"valueName\":\"search_term_string\"}}],\"inLanguage\":\"pt-ts\"}]}<\/script>\n<!-- \/ Yoast SEO plugin. -->","yoast_head_json":{"title":"Todos os jackpots de loteria - Melhores jackpots de loteria - LottoHoy.com","description":"Verifique os jackpots da loteria com os pre\u00e7os mais altos atualizados automaticamente. Tente a sua sorte jogando na loteria online. \u2717","robots":{"index":"index","follow":"follow","max-snippet":"max-snippet:-1","max-image-preview":"max-image-preview:large","max-video-preview":"max-video-preview:-1"},"canonical":"https:\/\/lottohoy.com\/pt-pt\/jackpots-da-loteria\/","og_locale":"pt_PT","og_type":"article","og_title":"Todos os jackpots de loteria - Melhores jackpots de loteria - LottoHoy.com","og_description":"Verifique os jackpots da loteria com os pre\u00e7os mais altos atualizados automaticamente. Tente a sua sorte jogando na loteria online. \u2717","og_url":"https:\/\/lottohoy.com\/pt-pt\/jackpots-da-loteria\/","og_site_name":"Lottohoy","article_modified_time":"2025-02-15T16:56:04+00:00","og_image":[{"url":"https:\/\/lottohoy.com\/wp-content\/uploads\/sites\/4\/botes-495x169.jpg"}],"twitter_card":"summary_large_image","twitter_misc":{"Est. reading time":"5 minutes"},"schema":{"@context":"https:\/\/schema.org","@graph":[{"@type":"WebPage","@id":"https:\/\/lottohoy.com\/pt-pt\/jackpots-da-loteria\/","url":"https:\/\/lottohoy.com\/pt-pt\/jackpots-da-loteria\/","name":"Todos os jackpots de loteria - Melhores jackpots de loteria - LottoHoy.com","isPartOf":{"@id":"https:\/\/lottohoy.com\/pt-pt\/#website"},"primaryImageOfPage":{"@id":"https:\/\/lottohoy.com\/pt-pt\/jackpots-da-loteria\/#primaryimage"},"image":{"@id":"https:\/\/lottohoy.com\/pt-pt\/jackpots-da-loteria\/#primaryimage"},"thumbnailUrl":"https:\/\/lottohoy.com\/wp-content\/uploads\/sites\/4\/botes-495x169.jpg","datePublished":"2024-10-23T08:10:38+00:00","dateModified":"2025-02-15T16:56:04+00:00","description":"Verifique os jackpots da loteria com os pre\u00e7os mais altos atualizados automaticamente. Tente a sua sorte jogando na loteria online. \u2717","breadcrumb":{"@id":"https:\/\/lottohoy.com\/pt-pt\/jackpots-da-loteria\/#breadcrumb"},"inLanguage":"pt-ts","potentialAction":[{"@type":"ReadAction","target":["https:\/\/lottohoy.com\/pt-pt\/jackpots-da-loteria\/"]}]},{"@type":"ImageObject","inLanguage":"pt-ts","@id":"https:\/\/lottohoy.com\/pt-pt\/jackpots-da-loteria\/#primaryimage","url":"https:\/\/lottohoy.com\/wp-content\/uploads\/sites\/4\/botes-495x169.jpg","contentUrl":"https:\/\/lottohoy.com\/wp-content\/uploads\/sites\/4\/botes-495x169.jpg"},{"@type":"BreadcrumbList","@id":"https:\/\/lottohoy.com\/pt-pt\/jackpots-da-loteria\/#breadcrumb","itemListElement":[{"@type":"ListItem","position":1,"name":"Home","item":"https:\/\/lottohoy.com\/pt-pt\/"},{"@type":"ListItem","position":2,"name":"Jackpots da Loteria"}]},{"@type":"WebSite","@id":"https:\/\/lottohoy.com\/pt-pt\/#website","url":"https:\/\/lottohoy.com\/pt-pt\/","name":"Lottohoy","description":"","potentialAction":[{"@type":"SearchAction","target":{"@type":"EntryPoint","urlTemplate":"https:\/\/lottohoy.com\/pt-pt\/?s={search_term_string}"},"query-input":{"@type":"PropertyValueSpecification","valueRequired":true,"valueName":"search_term_string"}}],"inLanguage":"pt-ts"}]}},"_links":{"self":[{"href":"https:\/\/lottohoy.com\/pt-pt\/wp-json\/wp\/v2\/pages\/10984","targetHints":{"allow":["GET"]}}],"collection":[{"href":"https:\/\/lottohoy.com\/pt-pt\/wp-json\/wp\/v2\/pages"}],"about":[{"href":"https:\/\/lottohoy.com\/pt-pt\/wp-json\/wp\/v2\/types\/page"}],"author":[{"embeddable":true,"href":"https:\/\/lottohoy.com\/pt-pt\/wp-json\/wp\/v2\/users\/1"}],"replies":[{"embeddable":true,"href":"https:\/\/lottohoy.com\/pt-pt\/wp-json\/wp\/v2\/comments?post=10984"}],"version-history":[{"count":2,"href":"https:\/\/lottohoy.com\/pt-pt\/wp-json\/wp\/v2\/pages\/10984\/revisions"}],"predecessor-version":[{"id":15098,"href":"https:\/\/lottohoy.com\/pt-pt\/wp-json\/wp\/v2\/pages\/10984\/revisions\/15098"}],"wp:attachment":[{"href":"https:\/\/lottohoy.com\/pt-pt\/wp-json\/wp\/v2\/media?parent=10984"}],"curies":[{"name":"wp","href":"https:\/\/api.w.org\/{rel}","templated":true}]}}