{"id":20672,"date":"2025-06-13T13:21:53","date_gmt":"2025-06-13T12:21:53","guid":{"rendered":"https:\/\/lottohoy.com\/?page_id=20672"},"modified":"2025-06-15T11:54:02","modified_gmt":"2025-06-15T10:54:02","slug":"informazioni-su-euromillions-uk","status":"publish","type":"page","link":"https:\/\/lottohoy.com\/it\/domande-frequenti-sulla-lotteria-online\/informazioni-su-euromillions-uk\/","title":{"rendered":"Informazioni su EuroMillions UK"},"content":{"rendered":"<article class=\"text-token-text-primary w-full\" dir=\"auto\" data-testid=\"conversation-turn-86\" data-scroll-anchor=\"false\">\n<div class=\"text-base my-auto mx-auto py-5 [--thread-content-margin:--spacing(4)] @[37rem]:[--thread-content-margin:--spacing(6)] @[72rem]:[--thread-content-margin:--spacing(16)] px-(--thread-content-margin)\">\n<div class=\"[--thread-content-max-width:32rem] @[34rem]:[--thread-content-max-width:40rem] @[64rem]:[--thread-content-max-width:48rem] mx-auto flex max-w-(--thread-content-max-width) flex-1 text-base gap-4 md:gap-5 lg:gap-6 group\/turn-messages focus-visible:outline-hidden\">\n<div class=\"group\/conversation-turn relative flex w-full min-w-0 flex-col agent-turn\">\n<div class=\"relative flex-col gap-1 md:gap-3\">\n<div class=\"flex max-w-full flex-col grow\">\n<div class=\"min-h-8 text-message relative flex w-full flex-col items-end gap-2 text-start break-words whitespace-normal [.text-message+&amp;]:mt-5\" dir=\"auto\" data-message-author-role=\"assistant\" data-message-id=\"ed8aa295-3385-4233-9ee7-db93412fcb2b\" data-message-model-slug=\"gpt-4o\">\n<div class=\"flex w-full flex-col gap-1 empty:hidden first:pt-[3px]\">\n<div class=\"markdown prose dark:prose-invert w-full break-words light\">\n<h1 data-start=\"315\" data-end=\"590\">Informazioni su EuroMillions UK: Domande frequenti su regole, premi e estrazioni<\/h1>\n<p data-start=\"315\" data-end=\"590\">EuroMillions UK \u00e8 la versione britannica della pi\u00f9 grande lotteria transnazionale europea. I sorteggi si tengono <strong data-start=\"428\" data-end=\"481\">ogni marted\u00ec e venerd\u00ec alle 21:30 (ora di Parigi)<\/strong>. \u00c8 la <strong data-start=\"488\" data-end=\"521\">lotteria europea pi\u00f9 popolare<\/strong>, con milioni di partecipanti e alcuni dei jackpot pi\u00f9 alti al mondo.<\/p>\n<p data-start=\"592\" data-end=\"893\">Il primo sorteggio si \u00e8 tenuto il <strong data-start=\"626\" data-end=\"646\">13 febbraio 2004<\/strong>, promosso dalle lotterie nazionali di <strong data-start=\"685\" data-end=\"719\">Regno Unito (National Lottery)<\/strong>, <strong data-start=\"721\" data-end=\"756\">Francia (La Fran\u00e7aise des Jeux)<\/strong> e <strong data-start=\"759\" data-end=\"802\">Spagna (Loter\u00edas y Apuestas del Estado)<\/strong>. Poco dopo, si sono aggiunti Austria, Belgio, Irlanda, Lussemburgo, Portogallo e Svizzera.<\/p>\n<p data-start=\"895\" data-end=\"1097\">Questa lotteria \u00e8 relativamente recente, creata in concomitanza con l\u2019introduzione dell\u2019euro (\u20ac), ed \u00e8 stata pensata per <strong data-start=\"1016\" data-end=\"1064\">unire oltre 500 milioni di cittadini europei<\/strong> in un&#8217;unica esperienza di gioco.<\/p>\n<p data-start=\"1099\" data-end=\"1232\">Il <strong data-start=\"1102\" data-end=\"1130\">jackpot minimo garantito<\/strong> \u00e8 di <strong data-start=\"1136\" data-end=\"1158\">17 milioni di euro<\/strong>, e dal 2020 pu\u00f2 crescere progressivamente fino a <strong data-start=\"1208\" data-end=\"1231\">250 milioni di euro<\/strong>.<\/p>\n<h2 data-start=\"1239\" data-end=\"1277\">Che cos\u2019\u00e8 il UK Millionaire Maker?<\/h2>\n<p data-start=\"1279\" data-end=\"1568\">UK Millionaire Maker \u00e8 un <strong data-start=\"1305\" data-end=\"1351\">gioco aggiuntivo esclusivo del Regno Unito<\/strong>, incluso automaticamente in ogni biglietto EuroMillions UK. Ogni biglietto riceve un <strong data-start=\"1437\" data-end=\"1488\">codice alfanumerico unico (4 lettere + 5 cifre)<\/strong> che garantisce che <strong data-start=\"1508\" data-end=\"1567\">almeno un giocatore vinca \u00a31.000.000 ad ogni estrazione<\/strong>.<\/p>\n<p data-start=\"1570\" data-end=\"1696\">In occasioni speciali si tengono anche sorteggi promozionali in cui <strong data-start=\"1638\" data-end=\"1695\">pi\u00f9 giocatori diventano milionari nella stessa serata<\/strong>.<\/p>\n<h2 data-start=\"1703\" data-end=\"1739\">Come si gioca a EuroMillions UK?<\/h2>\n<p data-start=\"1741\" data-end=\"1827\">Le regole sono le stesse in tutti i paesi partecipanti. Ogni giocatore deve scegliere:<\/p>\n<ul data-start=\"1829\" data-end=\"1880\">\n<li data-start=\"1829\" data-end=\"1855\">\n<p data-start=\"1831\" data-end=\"1855\"><strong data-start=\"1831\" data-end=\"1853\">5 numeri da 1 a 50<\/strong><\/p>\n<\/li>\n<li data-start=\"1856\" data-end=\"1880\">\n<p data-start=\"1858\" data-end=\"1880\"><strong data-start=\"1858\" data-end=\"1880\">2 stelle da 1 a 12<\/strong><\/p>\n<\/li>\n<\/ul>\n<p data-start=\"1882\" data-end=\"1940\">Pi\u00f9 numeri e stelle indovini, <strong data-start=\"1912\" data-end=\"1939\">pi\u00f9 alto sar\u00e0 il premio<\/strong>.<\/p>\n<p data-start=\"1942\" data-end=\"2279\">Vai su <a class=\"\" href=\"https:\/\/lottohoy.com\/it\/gioca\/\" target=\"_new\" rel=\"noopener\" data-start=\"1949\" data-end=\"2004\">LottoHoy<\/a>, scegli i tuoi numeri manualmente o usa l&#8217;opzione <strong data-start=\"2055\" data-end=\"2094\">SELEZIONE RAPIDA (SELECCI\u00d3N R\u00c1PIDA)<\/strong>. Puoi aggiungere pi\u00f9 righe cliccando su <strong data-start=\"2135\" data-end=\"2163\">&#8220;PI\u00d9 RIGHE&#8221; (M\u00c1S L\u00cdNEAS)<\/strong>. Il prezzo totale sar\u00e0 visibile in basso a destra. Clicca su <strong data-start=\"2225\" data-end=\"2251\">&#8220;CONTINUA&#8221; (CONTINUAR)<\/strong> per procedere al pagamento.<\/p>\n<h2 data-start=\"2286\" data-end=\"2332\">Quanto costa un biglietto EuroMillions UK?<\/h2>\n<p data-start=\"2334\" data-end=\"2491\">Il prezzo varia a seconda del paese. Su <strong data-start=\"2374\" data-end=\"2386\">LottoHoy<\/strong>, una giocata standard di EuroMillions UK che include anche il <strong data-start=\"2449\" data-end=\"2473\">UK Millionaire Maker<\/strong> costa <strong data-start=\"2480\" data-end=\"2490\">6,75 \u20ac<\/strong>.<\/p>\n<p data-start=\"2493\" data-end=\"2660\">Con questo importo partecipi sia all&#8217;estrazione principale sia al sorteggio con codice unico per vincere <strong data-start=\"2598\" data-end=\"2612\">\u00a31.000.000<\/strong>, anche se i tuoi numeri principali non vincono.<\/p>\n<h2 data-start=\"2667\" data-end=\"2709\">Altri sorteggi speciali (solo offline)<\/h2>\n<p data-start=\"2711\" data-end=\"2852\">Alcuni paesi organizzano <strong data-start=\"2736\" data-end=\"2761\">estrazioni aggiuntive<\/strong>, incluse nel prezzo del biglietto o disponibili come opzione separata. Ecco le principali:<\/p>\n<h3 data-start=\"2859\" data-end=\"2908\">Pioggia di Milionari<\/h3>\n<p data-start=\"2910\" data-end=\"3076\">Un evento speciale in cui <strong data-start=\"2936\" data-end=\"2972\">pi\u00f9 giocatori vincono \u20ac1 milione<\/strong> in un\u2019unica estrazione. I codici vincenti vengono selezionati casualmente tra tutti i biglietti validi.<\/p>\n<h3 data-start=\"3209\" data-end=\"3248\">Super Estrazione<\/h3>\n<p data-start=\"3250\" data-end=\"3422\" data-is-last-node=\"\" data-is-only-node=\"\">Una speciale estrazione con <strong data-start=\"3278\" data-end=\"3322\">jackpot garantito di almeno \u20ac130 milioni<\/strong>. Dal 2020, si tengono <strong data-start=\"3345\" data-end=\"3379\">tre super estrazioni ogni anno<\/strong>, e il premio pu\u00f2 accumularsi fino a **\u20ac250<\/p>\n<\/div>\n<\/div>\n<\/div>\n<\/div>\n<div class=\"flex min-h-[46px] justify-start\"><\/div>\n<\/div>\n<\/div>\n<\/div>\n<\/div>\n<\/article>\n<article class=\"text-token-text-primary w-full\" dir=\"auto\" data-testid=\"conversation-turn-88\" data-scroll-anchor=\"true\">\n<div class=\"text-base my-auto mx-auto py-5 [--thread-content-margin:--spacing(4)] @[37rem]:[--thread-content-margin:--spacing(6)] @[72rem]:[--thread-content-margin:--spacing(16)] px-(--thread-content-margin)\">\n<div class=\"[--thread-content-max-width:32rem] @[34rem]:[--thread-content-max-width:40rem] @[64rem]:[--thread-content-max-width:48rem] mx-auto flex max-w-(--thread-content-max-width) flex-1 text-base gap-4 md:gap-5 lg:gap-6 group\/turn-messages focus-visible:outline-hidden\">\n<div class=\"group\/conversation-turn relative flex w-full min-w-0 flex-col agent-turn\">\n<div class=\"relative flex-col gap-1 md:gap-3\">\n<div class=\"flex max-w-full flex-col grow\">\n<div class=\"min-h-8 text-message relative flex w-full flex-col items-end gap-2 text-start break-words whitespace-normal [.text-message+&amp;]:mt-5\" dir=\"auto\" data-message-author-role=\"assistant\" data-message-id=\"c5348a00-1a9d-45d5-b740-c07d25c84515\" data-message-model-slug=\"gpt-4o\">\n<div class=\"flex w-full flex-col gap-1 empty:hidden first:pt-[3px]\">\n<div class=\"markdown prose dark:prose-invert w-full break-words light\">\n<h3 data-start=\"202\" data-end=\"241\">Super Estrazione<\/h3>\n<p data-start=\"243\" data-end=\"493\">Una speciale estrazione con <strong data-start=\"271\" data-end=\"315\">jackpot garantito di almeno \u20ac130 milioni<\/strong>. Dal 2020, si tengono <strong data-start=\"338\" data-end=\"372\">tre super estrazioni ogni anno<\/strong>, e il premio pu\u00f2 accumularsi fino a raggiungere il tetto massimo di <strong data-start=\"441\" data-end=\"457\">\u20ac250 milioni<\/strong>, se non viene vinto al primo colpo.<\/p>\n<h3 data-start=\"611\" data-end=\"629\">Big Friday<\/h3>\n<p data-start=\"631\" data-end=\"941\">Il <strong data-start=\"634\" data-end=\"648\">Big Friday<\/strong> \u00e8 una speciale estrazione con <strong data-start=\"679\" data-end=\"713\">jackpot a nove cifre garantito<\/strong>. Si applicano le stesse regole del sorteggio classico, ma il fondo premi viene rafforzato con il <strong data-start=\"811\" data-end=\"836\">4,8% del fondo comune<\/strong>, e dopo otto estrazioni consecutive senza vincitore si aggiunge anche il <strong data-start=\"910\" data-end=\"940\">21% al fondo supplementare<\/strong>.<\/p>\n<h2 data-start=\"948\" data-end=\"1007\">Quali sono le probabilit\u00e0 di vincere a EuroMillions UK?<\/h2>\n<p data-start=\"1009\" data-end=\"1237\">Abbiamo preparato una tabella dettagliata con <strong data-start=\"1055\" data-end=\"1135\">le probabilit\u00e0 di vincita per ciascuna delle 13 categorie ufficiali di premi<\/strong>. Puoi usarla insieme all\u2019analisi dei risultati precedenti per <strong data-start=\"1198\" data-end=\"1236\">aumentare le tue possibilit\u00e0 reali<\/strong>.<\/p>\n<p data-start=\"1239\" data-end=\"1378\"><a href=\"https:\/\/lottohoy.com\/it\/risultati-della-lotteria\/\">Consulta risultati e statistiche<\/a>:<br data-start=\"1275\" data-end=\"1278\" \/>\n<\/p>\n<\/div>\n<\/div>\n<\/div>\n<\/div>\n<\/div>\n<\/div>\n<\/div>\n<\/div>\n<\/article>\n","protected":false},"excerpt":{"rendered":"<p>Informazioni su EuroMillions UK: Domande frequenti su regole, premi e estrazioni EuroMillions UK \u00e8 la versione britannica della pi\u00f9 grande lotteria transnazionale europea. I sorteggi si tengono ogni marted\u00ec e venerd\u00ec alle 21:30 (ora di Parigi). \u00c8 la lotteria europea pi\u00f9 popolare, con milioni di partecipanti e alcuni dei jackpot pi\u00f9 alti al mondo. Il [&hellip;]<\/p>\n","protected":false},"author":8,"featured_media":0,"parent":16743,"menu_order":0,"comment_status":"closed","ping_status":"closed","template":"euromillions-info.php","meta":{"_et_pb_use_builder":"","_et_pb_old_content":"","_et_gb_content_width":"","exclude_from_search":false,"footnotes":""},"class_list":["post-20672","page","type-page","status-publish","hentry"],"yoast_head":"<!-- This site is optimized with the Yoast SEO plugin v23.7 - https:\/\/yoast.com\/wordpress\/plugins\/seo\/ -->\n<title>Informazioni su EuroMillions UK \u2013 Tutto quello che devi sapere<\/title>\n<meta name=\"description\" content=\"Scopri come funziona EuroMillions UK: come si gioca, cos\u2019\u00e8 il Millionaire Maker e come vincere fino a \u20ac250 milioni. Risposte alle domande pi\u00f9 frequenti\" \/>\n<meta name=\"robots\" content=\"index, follow, max-snippet:-1, max-image-preview:large, max-video-preview:-1\" \/>\n<link rel=\"canonical\" href=\"https:\/\/lottohoy.com\/it\/domande-frequenti-sulla-lotteria-online\/informazioni-su-euromillions-uk\/\" \/>\n<meta property=\"og:locale\" content=\"it_IT\" \/>\n<meta property=\"og:type\" content=\"article\" \/>\n<meta property=\"og:title\" content=\"Informazioni su EuroMillions UK \u2013 Tutto quello che devi sapere\" \/>\n<meta property=\"og:description\" content=\"Scopri come funziona EuroMillions UK: come si gioca, cos\u2019\u00e8 il Millionaire Maker e come vincere fino a \u20ac250 milioni. Risposte alle domande pi\u00f9 frequenti\" \/>\n<meta property=\"og:url\" content=\"https:\/\/lottohoy.com\/it\/domande-frequenti-sulla-lotteria-online\/informazioni-su-euromillions-uk\/\" \/>\n<meta property=\"og:site_name\" content=\"Lottohoy\" \/>\n<meta property=\"article:modified_time\" content=\"2025-06-15T10:54:02+00:00\" \/>\n<meta name=\"twitter:card\" content=\"summary_large_image\" \/>\n<meta name=\"twitter:label1\" content=\"Tempo di lettura stimato\" \/>\n\t<meta name=\"twitter:data1\" content=\"3 minuti\" \/>\n<script type=\"application\/ld+json\" class=\"yoast-schema-graph\">{\"@context\":\"https:\/\/schema.org\",\"@graph\":[{\"@type\":\"WebPage\",\"@id\":\"https:\/\/lottohoy.com\/it\/domande-frequenti-sulla-lotteria-online\/informazioni-su-euromillions-uk\/\",\"url\":\"https:\/\/lottohoy.com\/it\/domande-frequenti-sulla-lotteria-online\/informazioni-su-euromillions-uk\/\",\"name\":\"Informazioni su EuroMillions UK \u2013 Tutto quello che devi sapere\",\"isPartOf\":{\"@id\":\"https:\/\/lottohoy.com\/it\/#website\"},\"datePublished\":\"2025-06-13T12:21:53+00:00\",\"dateModified\":\"2025-06-15T10:54:02+00:00\",\"description\":\"Scopri come funziona EuroMillions UK: come si gioca, cos\u2019\u00e8 il Millionaire Maker e come vincere fino a \u20ac250 milioni. Risposte alle domande pi\u00f9 frequenti\",\"breadcrumb\":{\"@id\":\"https:\/\/lottohoy.com\/it\/domande-frequenti-sulla-lotteria-online\/informazioni-su-euromillions-uk\/#breadcrumb\"},\"inLanguage\":\"it-IT\",\"potentialAction\":[{\"@type\":\"ReadAction\",\"target\":[\"https:\/\/lottohoy.com\/it\/domande-frequenti-sulla-lotteria-online\/informazioni-su-euromillions-uk\/\"]}]},{\"@type\":\"BreadcrumbList\",\"@id\":\"https:\/\/lottohoy.com\/it\/domande-frequenti-sulla-lotteria-online\/informazioni-su-euromillions-uk\/#breadcrumb\",\"itemListElement\":[{\"@type\":\"ListItem\",\"position\":1,\"name\":\"Home\",\"item\":\"https:\/\/lottohoy.com\/it\/\"},{\"@type\":\"ListItem\",\"position\":2,\"name\":\"Domande frequenti sulla lotteria online\",\"item\":\"https:\/\/lottohoy.com\/it\/domande-frequenti-sulla-lotteria-online\/\"},{\"@type\":\"ListItem\",\"position\":3,\"name\":\"Informazioni su EuroMillions UK\"}]},{\"@type\":\"WebSite\",\"@id\":\"https:\/\/lottohoy.com\/it\/#website\",\"url\":\"https:\/\/lottohoy.com\/it\/\",\"name\":\"Lottohoy\",\"description\":\"\",\"potentialAction\":[{\"@type\":\"SearchAction\",\"target\":{\"@type\":\"EntryPoint\",\"urlTemplate\":\"https:\/\/lottohoy.com\/it\/?s={search_term_string}\"},\"query-input\":{\"@type\":\"PropertyValueSpecification\",\"valueRequired\":true,\"valueName\":\"search_term_string\"}}],\"inLanguage\":\"it-IT\"}]}<\/script>\n<!-- \/ Yoast SEO plugin. -->","yoast_head_json":{"title":"Informazioni su EuroMillions UK \u2013 Tutto quello che devi sapere","description":"Scopri come funziona EuroMillions UK: come si gioca, cos\u2019\u00e8 il Millionaire Maker e come vincere fino a \u20ac250 milioni. Risposte alle domande pi\u00f9 frequenti","robots":{"index":"index","follow":"follow","max-snippet":"max-snippet:-1","max-image-preview":"max-image-preview:large","max-video-preview":"max-video-preview:-1"},"canonical":"https:\/\/lottohoy.com\/it\/domande-frequenti-sulla-lotteria-online\/informazioni-su-euromillions-uk\/","og_locale":"it_IT","og_type":"article","og_title":"Informazioni su EuroMillions UK \u2013 Tutto quello che devi sapere","og_description":"Scopri come funziona EuroMillions UK: come si gioca, cos\u2019\u00e8 il Millionaire Maker e come vincere fino a \u20ac250 milioni. Risposte alle domande pi\u00f9 frequenti","og_url":"https:\/\/lottohoy.com\/it\/domande-frequenti-sulla-lotteria-online\/informazioni-su-euromillions-uk\/","og_site_name":"Lottohoy","article_modified_time":"2025-06-15T10:54:02+00:00","twitter_card":"summary_large_image","twitter_misc":{"Tempo di lettura stimato":"3 minuti"},"schema":{"@context":"https:\/\/schema.org","@graph":[{"@type":"WebPage","@id":"https:\/\/lottohoy.com\/it\/domande-frequenti-sulla-lotteria-online\/informazioni-su-euromillions-uk\/","url":"https:\/\/lottohoy.com\/it\/domande-frequenti-sulla-lotteria-online\/informazioni-su-euromillions-uk\/","name":"Informazioni su EuroMillions UK \u2013 Tutto quello che devi sapere","isPartOf":{"@id":"https:\/\/lottohoy.com\/it\/#website"},"datePublished":"2025-06-13T12:21:53+00:00","dateModified":"2025-06-15T10:54:02+00:00","description":"Scopri come funziona EuroMillions UK: come si gioca, cos\u2019\u00e8 il Millionaire Maker e come vincere fino a \u20ac250 milioni. Risposte alle domande pi\u00f9 frequenti","breadcrumb":{"@id":"https:\/\/lottohoy.com\/it\/domande-frequenti-sulla-lotteria-online\/informazioni-su-euromillions-uk\/#breadcrumb"},"inLanguage":"it-IT","potentialAction":[{"@type":"ReadAction","target":["https:\/\/lottohoy.com\/it\/domande-frequenti-sulla-lotteria-online\/informazioni-su-euromillions-uk\/"]}]},{"@type":"BreadcrumbList","@id":"https:\/\/lottohoy.com\/it\/domande-frequenti-sulla-lotteria-online\/informazioni-su-euromillions-uk\/#breadcrumb","itemListElement":[{"@type":"ListItem","position":1,"name":"Home","item":"https:\/\/lottohoy.com\/it\/"},{"@type":"ListItem","position":2,"name":"Domande frequenti sulla lotteria online","item":"https:\/\/lottohoy.com\/it\/domande-frequenti-sulla-lotteria-online\/"},{"@type":"ListItem","position":3,"name":"Informazioni su EuroMillions UK"}]},{"@type":"WebSite","@id":"https:\/\/lottohoy.com\/it\/#website","url":"https:\/\/lottohoy.com\/it\/","name":"Lottohoy","description":"","potentialAction":[{"@type":"SearchAction","target":{"@type":"EntryPoint","urlTemplate":"https:\/\/lottohoy.com\/it\/?s={search_term_string}"},"query-input":{"@type":"PropertyValueSpecification","valueRequired":true,"valueName":"search_term_string"}}],"inLanguage":"it-IT"}]}},"_links":{"self":[{"href":"https:\/\/lottohoy.com\/it\/wp-json\/wp\/v2\/pages\/20672","targetHints":{"allow":["GET"]}}],"collection":[{"href":"https:\/\/lottohoy.com\/it\/wp-json\/wp\/v2\/pages"}],"about":[{"href":"https:\/\/lottohoy.com\/it\/wp-json\/wp\/v2\/types\/page"}],"author":[{"embeddable":true,"href":"https:\/\/lottohoy.com\/it\/wp-json\/wp\/v2\/users\/8"}],"replies":[{"embeddable":true,"href":"https:\/\/lottohoy.com\/it\/wp-json\/wp\/v2\/comments?post=20672"}],"version-history":[{"count":1,"href":"https:\/\/lottohoy.com\/it\/wp-json\/wp\/v2\/pages\/20672\/revisions"}],"predecessor-version":[{"id":20673,"href":"https:\/\/lottohoy.com\/it\/wp-json\/wp\/v2\/pages\/20672\/revisions\/20673"}],"up":[{"embeddable":true,"href":"https:\/\/lottohoy.com\/it\/wp-json\/wp\/v2\/pages\/16743"}],"wp:attachment":[{"href":"https:\/\/lottohoy.com\/it\/wp-json\/wp\/v2\/media?parent=20672"}],"curies":[{"name":"wp","href":"https:\/\/api.w.org\/{rel}","templated":true}]}}