{"id":20615,"date":"2025-06-13T13:21:14","date_gmt":"2025-06-13T12:21:14","guid":{"rendered":"https:\/\/lottohoy.com\/?page_id=20615"},"modified":"2025-06-14T16:54:32","modified_gmt":"2025-06-14T15:54:32","slug":"risultati-euromillions-uk","status":"publish","type":"page","link":"https:\/\/lottohoy.com\/it\/risultati-della-lotteria\/risultati-euromillions-uk\/","title":{"rendered":"Risultati EuroMillions UK"},"content":{"rendered":"<h1 data-start=\"280\" data-end=\"345\">Risultati EuroMillions UK \u2013 Controlla il tuo biglietto subito<\/h1>\n<p data-start=\"347\" data-end=\"580\">Per verificare i risultati dell\u2019estrazione EuroMillions UK \u2014 incluso il codice vincente del <strong data-start=\"439\" data-end=\"463\">UK Millionaire Maker<\/strong> \u2014 basta confrontare i numeri riportati sul proprio biglietto con la combinazione vincente mostrata in questa pagina.<\/p>\n<p data-start=\"582\" data-end=\"825\">Se hai acquistato il tuo biglietto offline, ti consigliamo vivamente di controllare pi\u00f9 volte i risultati. Non \u00e8 raro che i giocatori gettino via per errore un biglietto vincente, perdendo cos\u00ec premi importanti o persino un jackpot milionario.<\/p>\n<p data-start=\"827\" data-end=\"1000\">Su LottoHoy puoi anche consultare il <strong data-start=\"864\" data-end=\"883\">jackpot attuale<\/strong>, vedere il numero di vincitori per categoria e accedere ai risultati delle estrazioni precedenti fino a <strong data-start=\"988\" data-end=\"999\">24 mesi<\/strong>.<\/p>\n<h2 data-start=\"1007\" data-end=\"1081\">Vantaggi di controllare i risultati EuroMillions UK online su LottoHoy<\/h2>\n<p data-start=\"1083\" data-end=\"1217\">Creando un account utente gratuito sulla nostra piattaforma, saprai subito se hai vinto \u2014 senza dover cercare i risultati manualmente.<\/p>\n<p data-start=\"1219\" data-end=\"1447\">Se la tua giocata \u00e8 vincente nell\u2019estrazione di marted\u00ec o venerd\u00ec, e l\u2019importo vinto \u00e8 pari o inferiore a <strong data-start=\"1327\" data-end=\"1342\">2.500 \u20ac \/ \u00a3<\/strong>, il premio viene <strong data-start=\"1360\" data-end=\"1391\">accreditato automaticamente<\/strong> sul tuo conto utente e sar\u00e0 disponibile immediatamente.<\/p>\n<p data-start=\"1449\" data-end=\"1686\">Per premi di importo superiore, il nostro team legale ti contatter\u00e0 per aiutarti in tutte le fasi della <strong data-start=\"1557\" data-end=\"1583\">verifica e riscossione<\/strong> del premio. Ti offriamo un <strong data-start=\"1611\" data-end=\"1650\">supporto personalizzato e riservato<\/strong> per garantire la massima sicurezza.<\/p>\n<h2 data-start=\"1693\" data-end=\"1735\">Suddivisione dei premi EuroMillions UK<\/h2>\n<p data-start=\"1737\" data-end=\"1924\">Di seguito trovi la tabella con la <strong data-start=\"1772\" data-end=\"1836\">combinazione vincente dell\u2019ultima estrazione EuroMillions UK<\/strong>, insieme alla <strong data-start=\"1851\" data-end=\"1877\">ripartizione dei premi<\/strong> per ciascuna delle <strong data-start=\"1897\" data-end=\"1923\">13 categorie ufficiali<\/strong>.<\/p>\n<p data-start=\"1926\" data-end=\"1944\">La tabella mostra:<\/p>\n<ul data-start=\"1946\" data-end=\"2167\">\n<li data-start=\"1946\" data-end=\"2013\">\n<p data-start=\"1948\" data-end=\"2013\">La combinazione di numeri e stelle richiesta per ogni categoria<\/p>\n<\/li>\n<li data-start=\"2014\" data-end=\"2063\">\n<p data-start=\"2016\" data-end=\"2063\">Il numero di vincitori per ciascuna categoria<\/p>\n<\/li>\n<li data-start=\"2064\" data-end=\"2167\">\n<p data-start=\"2066\" data-end=\"2167\">L\u2019importo del premio in <strong data-start=\"2090\" data-end=\"2102\">euro (\u20ac)<\/strong> per vincitore (<em data-start=\"2118\" data-end=\"2166\">il pagamento avviene in sterline britanniche \u00a3<\/em>)<\/p>\n<\/li>\n<\/ul>\n<p data-start=\"2169\" data-end=\"2305\">\ud83d\udc49 Consulta anche la cronologia dei <a href=\"https:\/\/lottohoy.com\/it\/jackpot-della-lotteria\/\">jackpot recenti<\/a> a questo link:<\/p>\n<p data-start=\"2307\" data-end=\"2493\">\ud83d\udc49 Non hai ancora un account? <a href=\"https:\/\/lottohoy.com\/it\/registrazione\/\">Registrati gratuitamente qui<\/a>:<\/p>\n","protected":false},"excerpt":{"rendered":"<p>Risultati EuroMillions UK \u2013 Controlla il tuo biglietto subito Per verificare i risultati dell\u2019estrazione EuroMillions UK \u2014 incluso il codice vincente del UK Millionaire Maker \u2014 basta confrontare i numeri riportati sul proprio biglietto con la combinazione vincente mostrata in questa pagina. Se hai acquistato il tuo biglietto offline, ti consigliamo vivamente di controllare pi\u00f9 [&hellip;]<\/p>\n","protected":false},"author":8,"featured_media":0,"parent":16891,"menu_order":0,"comment_status":"closed","ping_status":"closed","template":"euromillions-results.php","meta":{"_et_pb_use_builder":"","_et_pb_old_content":"","_et_gb_content_width":"","exclude_from_search":false,"footnotes":""},"class_list":["post-20615","page","type-page","status-publish","hentry"],"yoast_head":"<!-- This site is optimized with the Yoast SEO plugin v23.7 - https:\/\/yoast.com\/wordpress\/plugins\/seo\/ -->\n<title>Controlla i risultati EuroMillions UK online \u2013 Scopri se hai vinto<\/title>\n<meta name=\"description\" content=\"Verifica i risultati EuroMillions UK online. Controlla il tuo biglietto e riscuoti i premi facilmente con LottoHoy. Disponibili anche i risultati passati.\" \/>\n<meta name=\"robots\" content=\"index, follow, max-snippet:-1, max-image-preview:large, max-video-preview:-1\" \/>\n<link rel=\"canonical\" href=\"https:\/\/lottohoy.com\/it\/risultati-della-lotteria\/risultati-euromillions-uk\/\" \/>\n<meta property=\"og:locale\" content=\"it_IT\" \/>\n<meta property=\"og:type\" content=\"article\" \/>\n<meta property=\"og:title\" content=\"Controlla i risultati EuroMillions UK online \u2013 Scopri se hai vinto\" \/>\n<meta property=\"og:description\" content=\"Verifica i risultati EuroMillions UK online. Controlla il tuo biglietto e riscuoti i premi facilmente con LottoHoy. Disponibili anche i risultati passati.\" \/>\n<meta property=\"og:url\" content=\"https:\/\/lottohoy.com\/it\/risultati-della-lotteria\/risultati-euromillions-uk\/\" \/>\n<meta property=\"og:site_name\" content=\"Lottohoy\" \/>\n<meta property=\"article:modified_time\" content=\"2025-06-14T15:54:32+00:00\" \/>\n<meta name=\"twitter:card\" content=\"summary_large_image\" \/>\n<meta name=\"twitter:label1\" content=\"Tempo di lettura stimato\" \/>\n\t<meta name=\"twitter:data1\" content=\"2 minuti\" \/>\n<script type=\"application\/ld+json\" class=\"yoast-schema-graph\">{\"@context\":\"https:\/\/schema.org\",\"@graph\":[{\"@type\":\"WebPage\",\"@id\":\"https:\/\/lottohoy.com\/it\/risultati-della-lotteria\/risultati-euromillions-uk\/\",\"url\":\"https:\/\/lottohoy.com\/it\/risultati-della-lotteria\/risultati-euromillions-uk\/\",\"name\":\"Controlla i risultati EuroMillions UK online \u2013 Scopri se hai vinto\",\"isPartOf\":{\"@id\":\"https:\/\/lottohoy.com\/it\/#website\"},\"datePublished\":\"2025-06-13T12:21:14+00:00\",\"dateModified\":\"2025-06-14T15:54:32+00:00\",\"description\":\"Verifica i risultati EuroMillions UK online. Controlla il tuo biglietto e riscuoti i premi facilmente con LottoHoy. Disponibili anche i risultati passati.\",\"breadcrumb\":{\"@id\":\"https:\/\/lottohoy.com\/it\/risultati-della-lotteria\/risultati-euromillions-uk\/#breadcrumb\"},\"inLanguage\":\"it-IT\",\"potentialAction\":[{\"@type\":\"ReadAction\",\"target\":[\"https:\/\/lottohoy.com\/it\/risultati-della-lotteria\/risultati-euromillions-uk\/\"]}]},{\"@type\":\"BreadcrumbList\",\"@id\":\"https:\/\/lottohoy.com\/it\/risultati-della-lotteria\/risultati-euromillions-uk\/#breadcrumb\",\"itemListElement\":[{\"@type\":\"ListItem\",\"position\":1,\"name\":\"Home\",\"item\":\"https:\/\/lottohoy.com\/it\/\"},{\"@type\":\"ListItem\",\"position\":2,\"name\":\"Risultati della lotteria\",\"item\":\"https:\/\/lottohoy.com\/it\/risultati-della-lotteria\/\"},{\"@type\":\"ListItem\",\"position\":3,\"name\":\"Risultati EuroMillions UK\"}]},{\"@type\":\"WebSite\",\"@id\":\"https:\/\/lottohoy.com\/it\/#website\",\"url\":\"https:\/\/lottohoy.com\/it\/\",\"name\":\"Lottohoy\",\"description\":\"\",\"potentialAction\":[{\"@type\":\"SearchAction\",\"target\":{\"@type\":\"EntryPoint\",\"urlTemplate\":\"https:\/\/lottohoy.com\/it\/?s={search_term_string}\"},\"query-input\":{\"@type\":\"PropertyValueSpecification\",\"valueRequired\":true,\"valueName\":\"search_term_string\"}}],\"inLanguage\":\"it-IT\"}]}<\/script>\n<!-- \/ Yoast SEO plugin. -->","yoast_head_json":{"title":"Controlla i risultati EuroMillions UK online \u2013 Scopri se hai vinto","description":"Verifica i risultati EuroMillions UK online. Controlla il tuo biglietto e riscuoti i premi facilmente con LottoHoy. Disponibili anche i risultati passati.","robots":{"index":"index","follow":"follow","max-snippet":"max-snippet:-1","max-image-preview":"max-image-preview:large","max-video-preview":"max-video-preview:-1"},"canonical":"https:\/\/lottohoy.com\/it\/risultati-della-lotteria\/risultati-euromillions-uk\/","og_locale":"it_IT","og_type":"article","og_title":"Controlla i risultati EuroMillions UK online \u2013 Scopri se hai vinto","og_description":"Verifica i risultati EuroMillions UK online. Controlla il tuo biglietto e riscuoti i premi facilmente con LottoHoy. Disponibili anche i risultati passati.","og_url":"https:\/\/lottohoy.com\/it\/risultati-della-lotteria\/risultati-euromillions-uk\/","og_site_name":"Lottohoy","article_modified_time":"2025-06-14T15:54:32+00:00","twitter_card":"summary_large_image","twitter_misc":{"Tempo di lettura stimato":"2 minuti"},"schema":{"@context":"https:\/\/schema.org","@graph":[{"@type":"WebPage","@id":"https:\/\/lottohoy.com\/it\/risultati-della-lotteria\/risultati-euromillions-uk\/","url":"https:\/\/lottohoy.com\/it\/risultati-della-lotteria\/risultati-euromillions-uk\/","name":"Controlla i risultati EuroMillions UK online \u2013 Scopri se hai vinto","isPartOf":{"@id":"https:\/\/lottohoy.com\/it\/#website"},"datePublished":"2025-06-13T12:21:14+00:00","dateModified":"2025-06-14T15:54:32+00:00","description":"Verifica i risultati EuroMillions UK online. Controlla il tuo biglietto e riscuoti i premi facilmente con LottoHoy. Disponibili anche i risultati passati.","breadcrumb":{"@id":"https:\/\/lottohoy.com\/it\/risultati-della-lotteria\/risultati-euromillions-uk\/#breadcrumb"},"inLanguage":"it-IT","potentialAction":[{"@type":"ReadAction","target":["https:\/\/lottohoy.com\/it\/risultati-della-lotteria\/risultati-euromillions-uk\/"]}]},{"@type":"BreadcrumbList","@id":"https:\/\/lottohoy.com\/it\/risultati-della-lotteria\/risultati-euromillions-uk\/#breadcrumb","itemListElement":[{"@type":"ListItem","position":1,"name":"Home","item":"https:\/\/lottohoy.com\/it\/"},{"@type":"ListItem","position":2,"name":"Risultati della lotteria","item":"https:\/\/lottohoy.com\/it\/risultati-della-lotteria\/"},{"@type":"ListItem","position":3,"name":"Risultati EuroMillions UK"}]},{"@type":"WebSite","@id":"https:\/\/lottohoy.com\/it\/#website","url":"https:\/\/lottohoy.com\/it\/","name":"Lottohoy","description":"","potentialAction":[{"@type":"SearchAction","target":{"@type":"EntryPoint","urlTemplate":"https:\/\/lottohoy.com\/it\/?s={search_term_string}"},"query-input":{"@type":"PropertyValueSpecification","valueRequired":true,"valueName":"search_term_string"}}],"inLanguage":"it-IT"}]}},"_links":{"self":[{"href":"https:\/\/lottohoy.com\/it\/wp-json\/wp\/v2\/pages\/20615","targetHints":{"allow":["GET"]}}],"collection":[{"href":"https:\/\/lottohoy.com\/it\/wp-json\/wp\/v2\/pages"}],"about":[{"href":"https:\/\/lottohoy.com\/it\/wp-json\/wp\/v2\/types\/page"}],"author":[{"embeddable":true,"href":"https:\/\/lottohoy.com\/it\/wp-json\/wp\/v2\/users\/8"}],"replies":[{"embeddable":true,"href":"https:\/\/lottohoy.com\/it\/wp-json\/wp\/v2\/comments?post=20615"}],"version-history":[{"count":3,"href":"https:\/\/lottohoy.com\/it\/wp-json\/wp\/v2\/pages\/20615\/revisions"}],"predecessor-version":[{"id":20620,"href":"https:\/\/lottohoy.com\/it\/wp-json\/wp\/v2\/pages\/20615\/revisions\/20620"}],"up":[{"embeddable":true,"href":"https:\/\/lottohoy.com\/it\/wp-json\/wp\/v2\/pages\/16891"}],"wp:attachment":[{"href":"https:\/\/lottohoy.com\/it\/wp-json\/wp\/v2\/media?parent=20615"}],"curies":[{"name":"wp","href":"https:\/\/api.w.org\/{rel}","templated":true}]}}