{"id":20542,"date":"2025-06-13T12:40:52","date_gmt":"2025-06-13T11:40:52","guid":{"rendered":"https:\/\/lottohoy.com\/?page_id=20542"},"modified":"2025-06-13T18:40:26","modified_gmt":"2025-06-13T17:40:26","slug":"giocare-a-euromillions-uk","status":"publish","type":"page","link":"https:\/\/lottohoy.com\/it\/gioca\/giocare-a-euromillions-uk\/","title":{"rendered":"Giocare a EuroMillions UK"},"content":{"rendered":"<h1 data-start=\"239\" data-end=\"283\">Giocare a EuroMillions UK \u2013 Introduzione<\/h1>\n<p data-start=\"285\" data-end=\"712\">EuroMillions \u00e8 un gioco della lotteria gestito in modo indipendente da ciascun paese partecipante.<br data-start=\"383\" data-end=\"386\" \/>\u00c8 stato creato nel 2004 su iniziativa di \u201cFran\u00e7aise des Jeux\u201d (Francia), \u201cLoter\u00edas y Apuestas del Estado\u201d (Spagna) e \u201cCamelot\u201d (Regno Unito). Successivamente si sono aggiunte altre lotterie nazionali, arrivando a un totale di 9 paesi: Francia, Spagna, Regno Unito, Austria, Belgio, Irlanda, Lussemburgo, Portogallo e Svizzera.<\/p>\n<p data-start=\"714\" data-end=\"898\">Dopo la Brexit, il Regno Unito ha lasciato l\u2019Unione Europea, ma continua a partecipare a EuroMillions con le stesse regole degli altri paesi, con alcune piccole differenze. (Vedi info)<\/p>\n<p data-start=\"900\" data-end=\"1104\">Nel Regno Unito, ogni schedina di EuroMillions include automaticamente la partecipazione al UK Millionaire Maker, un gioco con codice univoco che garantisce un vincitore da 1.000.000 \u00a3 ad ogni estrazione.<\/p>\n<h2 data-start=\"1111\" data-end=\"1150\">Come giocare a EuroMillions online?<\/h2>\n<p data-start=\"1152\" data-end=\"1338\">\u00c8 molto semplice. Crea un account utente su <a class=\"\" href=\"https:\/\/lottohoy.com\/it\/registrazione\/\" target=\"_new\" rel=\"noopener\" data-start=\"1196\" data-end=\"1231\">lottohoy.com<\/a> per accedere alla console di gioco, alle informazioni sulla lotteria, ai risultati e alla sezione notizie.<\/p>\n<p data-start=\"1340\" data-end=\"1482\">Nella console di gioco troverai 5 griglie (ciascuna rappresenta una giocata), suddivise in numeri principali (da 1 a 50) e stelle (da 1 a 12).<\/p>\n<p data-start=\"1484\" data-end=\"1588\">Puoi compilare manualmente la tua combinazione oppure lasciare che il sistema la generi in modo casuale.<\/p>\n<p data-start=\"1590\" data-end=\"1641\">\u00c8 importante conoscere i diversi tipi di scommessa:<\/p>\n<h3 data-start=\"1648\" data-end=\"1684\">Giocata semplice EuroMillions UK<\/h3>\n<p data-start=\"1686\" data-end=\"1796\">Ogni griglia \u00e8 una giocata singola.<br data-start=\"1721\" data-end=\"1724\" \/>Seleziona 5 numeri da 1 a 50 e 2 stelle da 1 a 12 nella parte inferiore.<\/p>\n<h3 data-start=\"1803\" data-end=\"1839\">Giocata multipla EuroMillions UK<\/h3>\n<p data-start=\"1841\" data-end=\"2008\">Attualmente, tramite la nostra piattaforma online non \u00e8 possibile effettuare giocate multiple, ma&#8230;<br data-start=\"1941\" data-end=\"1944\" \/>I nostri sviluppatori stanno lavorando per renderla disponibile.<\/p>\n<p data-start=\"2010\" data-end=\"2133\">Offline invece \u00e8 possibile.<br data-start=\"2037\" data-end=\"2040\" \/>Puoi utilizzare una sola griglia e selezionare da 6 a 10 numeri principali e da 2 a 6 stelle.<\/p>\n<p data-start=\"2135\" data-end=\"2205\">Pi\u00f9 combinazioni scegli, maggiore sar\u00e0 il prezzo. Tabella orientativa:<\/p>\n<div class=\"_tableContainer_16hzy_1\">\n<div class=\"_tableWrapper_16hzy_14 group flex w-fit flex-col-reverse\">\n<table class=\"w-fit min-w-(--thread-content-width)\" data-start=\"2207\" data-end=\"2571\">\n<thead data-start=\"2207\" data-end=\"2266\">\n<tr data-start=\"2207\" data-end=\"2266\">\n<th data-start=\"2207\" data-end=\"2225\" data-col-size=\"sm\">Stelle \\ Numeri<\/th>\n<th data-start=\"2225\" data-end=\"2230\" data-col-size=\"sm\">5<\/th>\n<th data-start=\"2230\" data-end=\"2235\" data-col-size=\"sm\">6<\/th>\n<th data-start=\"2235\" data-end=\"2241\" data-col-size=\"sm\">7<\/th>\n<th data-start=\"2241\" data-end=\"2248\" data-col-size=\"sm\">8<\/th>\n<th data-start=\"2248\" data-end=\"2256\" data-col-size=\"sm\">9<\/th>\n<th data-start=\"2256\" data-end=\"2266\" data-col-size=\"sm\">10<\/th>\n<\/tr>\n<\/thead>\n<tbody data-start=\"2328\" data-end=\"2571\">\n<tr data-start=\"2328\" data-end=\"2388\">\n<td data-start=\"2328\" data-end=\"2347\" data-col-size=\"sm\">2<\/td>\n<td data-start=\"2347\" data-end=\"2352\" data-col-size=\"sm\">\u2013<\/td>\n<td data-start=\"2352\" data-end=\"2357\" data-col-size=\"sm\">6<\/td>\n<td data-start=\"2357\" data-end=\"2363\" data-col-size=\"sm\">21<\/td>\n<td data-start=\"2363\" data-end=\"2370\" data-col-size=\"sm\">56<\/td>\n<td data-start=\"2370\" data-end=\"2378\" data-col-size=\"sm\">126<\/td>\n<td data-start=\"2378\" data-end=\"2388\" data-col-size=\"sm\">252<\/td>\n<\/tr>\n<tr data-start=\"2389\" data-end=\"2449\">\n<td data-start=\"2389\" data-end=\"2408\" data-col-size=\"sm\">3<\/td>\n<td data-start=\"2408\" data-end=\"2413\" data-col-size=\"sm\">3<\/td>\n<td data-start=\"2413\" data-end=\"2418\" data-col-size=\"sm\">18<\/td>\n<td data-start=\"2418\" data-end=\"2424\" data-col-size=\"sm\">63<\/td>\n<td data-start=\"2424\" data-end=\"2431\" data-col-size=\"sm\">168<\/td>\n<td data-start=\"2431\" data-end=\"2439\" data-col-size=\"sm\">378<\/td>\n<td data-start=\"2439\" data-end=\"2449\" data-col-size=\"sm\">756<\/td>\n<\/tr>\n<tr data-start=\"2450\" data-end=\"2510\">\n<td data-start=\"2450\" data-end=\"2469\" data-col-size=\"sm\">4<\/td>\n<td data-start=\"2469\" data-end=\"2474\" data-col-size=\"sm\">6<\/td>\n<td data-start=\"2474\" data-end=\"2479\" data-col-size=\"sm\">36<\/td>\n<td data-start=\"2479\" data-end=\"2485\" data-col-size=\"sm\">126<\/td>\n<td data-start=\"2485\" data-end=\"2492\" data-col-size=\"sm\">336<\/td>\n<td data-start=\"2492\" data-end=\"2500\" data-col-size=\"sm\">756<\/td>\n<td data-start=\"2500\" data-end=\"2510\" data-col-size=\"sm\">1.512<\/td>\n<\/tr>\n<tr data-start=\"2511\" data-end=\"2571\">\n<td data-start=\"2511\" data-end=\"2530\" data-col-size=\"sm\">5<\/td>\n<td data-start=\"2530\" data-end=\"2535\" data-col-size=\"sm\">10<\/td>\n<td data-start=\"2535\" data-end=\"2540\" data-col-size=\"sm\">60<\/td>\n<td data-start=\"2540\" data-end=\"2546\" data-col-size=\"sm\">210<\/td>\n<td data-start=\"2546\" data-end=\"2553\" data-col-size=\"sm\">560<\/td>\n<td data-start=\"2553\" data-end=\"2561\" data-col-size=\"sm\">1.260<\/td>\n<td data-start=\"2561\" data-end=\"2571\" data-col-size=\"sm\">2.520<\/td>\n<\/tr>\n<\/tbody>\n<\/table>\n<div class=\"sticky end-(--thread-content-margin) h-0 self-end select-none\">\n<div class=\"absolute end-0 flex items-end\"><\/div>\n<\/div>\n<\/div>\n<\/div>\n<h2 data-start=\"2578\" data-end=\"2613\">Giocata ridotta EuroMillions UK<\/h2>\n<p data-start=\"2615\" data-end=\"2704\">Come la giocata multipla, \u00e8 disponibile solo offline. La riportiamo a titolo informativo.<\/p>\n<p data-start=\"2706\" data-end=\"2811\">\u00c8 una variante che consente di combinare pi\u00f9 giocate usando alcuni numeri ripetuti sulla stessa schedina.<\/p>\n<p data-start=\"2813\" data-end=\"2820\">Esempi:<\/p>\n<ul data-start=\"2822\" data-end=\"3099\">\n<li data-start=\"2822\" data-end=\"2886\">\n<p data-start=\"2824\" data-end=\"2886\">10 numeri + 2 stelle = 14 giocate (anzich\u00e9 252 combinazioni)<\/p>\n<\/li>\n<li data-start=\"2887\" data-end=\"2939\">\n<p data-start=\"2889\" data-end=\"2939\">10 numeri + 4 stelle = 28 giocate (anzich\u00e9 1512)<\/p>\n<\/li>\n<li data-start=\"2940\" data-end=\"2992\">\n<p data-start=\"2942\" data-end=\"2992\">10 numeri + 3 stelle = 84 giocate (anzich\u00e9 1512)<\/p>\n<\/li>\n<li data-start=\"2993\" data-end=\"3046\">\n<p data-start=\"2995\" data-end=\"3046\">12 numeri + 3 stelle = 114 giocate (anzich\u00e9 2376)<\/p>\n<\/li>\n<li data-start=\"3047\" data-end=\"3099\">\n<p data-start=\"3049\" data-end=\"3099\">15 numeri + 4 stelle = 30 giocate (anzich\u00e9 18.018)<\/p>\n<\/li>\n<\/ul>\n<h2 data-start=\"3106\" data-end=\"3158\">Quando si tengono le estrazioni di EuroMillions?<\/h2>\n<p data-start=\"3160\" data-end=\"3282\">EuroMillions \u00e8 una lotteria unica, e le estrazioni avvengono ogni marted\u00ec e venerd\u00ec alle 21:30 (ora dell\u2019Europa centrale).<\/p>\n<p data-start=\"3284\" data-end=\"3464\">La nostra piattaforma chiude le vendite qualche ora prima dell\u2019estrazione (visualizzata nella console) per permettere la convalida dei biglietti da parte dei nostri rappresentanti.<\/p>\n<p data-start=\"3466\" data-end=\"3550\">Se acquisti oltre il limite, la tua giocata sar\u00e0 valida per l\u2019estrazione successiva.<\/p>\n<p data-start=\"3552\" data-end=\"3679\">Per giocate ricorrenti, solo la prima deve essere convalidata in anticipo \u2013 le successive verranno programmate automaticamente.<\/p>\n<h2 data-start=\"3686\" data-end=\"3745\">Vantaggi dell\u2019acquisto di biglietti EuroMillions online<\/h2>\n<p data-start=\"3747\" data-end=\"3801\">I nuovi comportamenti digitali portano molti vantaggi:<\/p>\n<ul data-start=\"3803\" data-end=\"4347\">\n<li data-start=\"3803\" data-end=\"3849\">\n<p data-start=\"3805\" data-end=\"3849\"><strong data-start=\"3805\" data-end=\"3847\">Massima sicurezza con protocollo HTTPS<\/strong><\/p>\n<\/li>\n<li data-start=\"3850\" data-end=\"3907\">\n<p data-start=\"3852\" data-end=\"3907\"><strong data-start=\"3852\" data-end=\"3905\">Diversi metodi di pagamento e prelievo affidabili<\/strong><\/p>\n<\/li>\n<li data-start=\"3908\" data-end=\"3955\">\n<p data-start=\"3910\" data-end=\"3955\"><strong data-start=\"3910\" data-end=\"3953\">Acquisti disponibili 24\/7, tutto l\u2019anno<\/strong><\/p>\n<\/li>\n<li data-start=\"3956\" data-end=\"4002\">\n<p data-start=\"3958\" data-end=\"4002\"><strong data-start=\"3958\" data-end=\"4000\">Gioca ovunque senza file o spostamenti<\/strong><\/p>\n<\/li>\n<li data-start=\"4003\" data-end=\"4081\">\n<p data-start=\"4005\" data-end=\"4081\"><strong data-start=\"4005\" data-end=\"4079\">Nessun rischio di perdere il biglietto \u2013 tutto salvato nel tuo account<\/strong><\/p>\n<\/li>\n<li data-start=\"4082\" data-end=\"4150\">\n<p data-start=\"4084\" data-end=\"4150\"><strong data-start=\"4084\" data-end=\"4148\">Le vincite vengono accreditate automaticamente sul tuo conto<\/strong><\/p>\n<\/li>\n<li data-start=\"4151\" data-end=\"4291\">\n<p data-start=\"4153\" data-end=\"4291\"><strong data-start=\"4153\" data-end=\"4218\">Ricevi aggiornamenti su jackpot, estrazioni speciali e novit\u00e0<\/strong><br data-start=\"4218\" data-end=\"4221\" \/>\u27a4 <a class=\"\" href=\"https:\/\/lottohoy.com\/it\/jackpot-della-lotteria\/\" target=\"_new\" rel=\"noopener\" data-start=\"4225\" data-end=\"4289\">https:\/\/lottohoy.com\/jackpots<\/a><\/p>\n<\/li>\n<li data-start=\"4292\" data-end=\"4347\">\n<p data-start=\"4294\" data-end=\"4347\"><strong data-start=\"4294\" data-end=\"4347\">I risultati ti arrivano via email automaticamente<\/strong><\/p>\n<\/li>\n<\/ul>\n","protected":false},"excerpt":{"rendered":"<p>Giocare a EuroMillions UK \u2013 Introduzione EuroMillions \u00e8 un gioco della lotteria gestito in modo indipendente da ciascun paese partecipante.\u00c8 stato creato nel 2004 su iniziativa di \u201cFran\u00e7aise des Jeux\u201d (Francia), \u201cLoter\u00edas y Apuestas del Estado\u201d (Spagna) e \u201cCamelot\u201d (Regno Unito). Successivamente si sono aggiunte altre lotterie nazionali, arrivando a un totale di 9 paesi: [&hellip;]<\/p>\n","protected":false},"author":8,"featured_media":0,"parent":16587,"menu_order":0,"comment_status":"closed","ping_status":"closed","template":"euromillions.php","meta":{"_et_pb_use_builder":"","_et_pb_old_content":"","_et_gb_content_width":"","exclude_from_search":false,"footnotes":""},"class_list":["post-20542","page","type-page","status-publish","hentry"],"yoast_head":"<!-- This site is optimized with the Yoast SEO plugin v23.7 - https:\/\/yoast.com\/wordpress\/plugins\/seo\/ -->\n<title>Gioca a EuroMillions UK online \u2013 Regole e jackpot | LottoHoy<\/title>\n<meta name=\"description\" content=\"Scopri come giocare a EuroMillions UK online. Regole, orari delle estrazioni e premi del Millionaire Maker. Gioca in modo sicuro con LottoHoy.\" \/>\n<meta name=\"robots\" content=\"index, follow, max-snippet:-1, max-image-preview:large, max-video-preview:-1\" \/>\n<link rel=\"canonical\" href=\"https:\/\/lottohoy.com\/it\/gioca\/giocare-a-euromillions-uk\/\" \/>\n<meta property=\"og:locale\" content=\"it_IT\" \/>\n<meta property=\"og:type\" content=\"article\" \/>\n<meta property=\"og:title\" content=\"Gioca a EuroMillions UK online \u2013 Regole e jackpot | LottoHoy\" \/>\n<meta property=\"og:description\" content=\"Scopri come giocare a EuroMillions UK online. Regole, orari delle estrazioni e premi del Millionaire Maker. Gioca in modo sicuro con LottoHoy.\" \/>\n<meta property=\"og:url\" content=\"https:\/\/lottohoy.com\/it\/gioca\/giocare-a-euromillions-uk\/\" \/>\n<meta property=\"og:site_name\" content=\"Lottohoy\" \/>\n<meta property=\"article:modified_time\" content=\"2025-06-13T17:40:26+00:00\" \/>\n<meta name=\"twitter:card\" content=\"summary_large_image\" \/>\n<meta name=\"twitter:label1\" content=\"Tempo di lettura stimato\" \/>\n\t<meta name=\"twitter:data1\" content=\"3 minuti\" \/>\n<script type=\"application\/ld+json\" class=\"yoast-schema-graph\">{\"@context\":\"https:\/\/schema.org\",\"@graph\":[{\"@type\":\"WebPage\",\"@id\":\"https:\/\/lottohoy.com\/it\/gioca\/giocare-a-euromillions-uk\/\",\"url\":\"https:\/\/lottohoy.com\/it\/gioca\/giocare-a-euromillions-uk\/\",\"name\":\"Gioca a EuroMillions UK online \u2013 Regole e jackpot | LottoHoy\",\"isPartOf\":{\"@id\":\"https:\/\/lottohoy.com\/it\/#website\"},\"datePublished\":\"2025-06-13T11:40:52+00:00\",\"dateModified\":\"2025-06-13T17:40:26+00:00\",\"description\":\"Scopri come giocare a EuroMillions UK online. Regole, orari delle estrazioni e premi del Millionaire Maker. Gioca in modo sicuro con LottoHoy.\",\"breadcrumb\":{\"@id\":\"https:\/\/lottohoy.com\/it\/gioca\/giocare-a-euromillions-uk\/#breadcrumb\"},\"inLanguage\":\"it-IT\",\"potentialAction\":[{\"@type\":\"ReadAction\",\"target\":[\"https:\/\/lottohoy.com\/it\/gioca\/giocare-a-euromillions-uk\/\"]}]},{\"@type\":\"BreadcrumbList\",\"@id\":\"https:\/\/lottohoy.com\/it\/gioca\/giocare-a-euromillions-uk\/#breadcrumb\",\"itemListElement\":[{\"@type\":\"ListItem\",\"position\":1,\"name\":\"Home\",\"item\":\"https:\/\/lottohoy.com\/it\/\"},{\"@type\":\"ListItem\",\"position\":2,\"name\":\"Gioca alla lotteria online\",\"item\":\"https:\/\/lottohoy.com\/it\/gioca\/\"},{\"@type\":\"ListItem\",\"position\":3,\"name\":\"Giocare a EuroMillions UK\"}]},{\"@type\":\"WebSite\",\"@id\":\"https:\/\/lottohoy.com\/it\/#website\",\"url\":\"https:\/\/lottohoy.com\/it\/\",\"name\":\"Lottohoy\",\"description\":\"\",\"potentialAction\":[{\"@type\":\"SearchAction\",\"target\":{\"@type\":\"EntryPoint\",\"urlTemplate\":\"https:\/\/lottohoy.com\/it\/?s={search_term_string}\"},\"query-input\":{\"@type\":\"PropertyValueSpecification\",\"valueRequired\":true,\"valueName\":\"search_term_string\"}}],\"inLanguage\":\"it-IT\"}]}<\/script>\n<!-- \/ Yoast SEO plugin. -->","yoast_head_json":{"title":"Gioca a EuroMillions UK online \u2013 Regole e jackpot | LottoHoy","description":"Scopri come giocare a EuroMillions UK online. Regole, orari delle estrazioni e premi del Millionaire Maker. Gioca in modo sicuro con LottoHoy.","robots":{"index":"index","follow":"follow","max-snippet":"max-snippet:-1","max-image-preview":"max-image-preview:large","max-video-preview":"max-video-preview:-1"},"canonical":"https:\/\/lottohoy.com\/it\/gioca\/giocare-a-euromillions-uk\/","og_locale":"it_IT","og_type":"article","og_title":"Gioca a EuroMillions UK online \u2013 Regole e jackpot | LottoHoy","og_description":"Scopri come giocare a EuroMillions UK online. Regole, orari delle estrazioni e premi del Millionaire Maker. Gioca in modo sicuro con LottoHoy.","og_url":"https:\/\/lottohoy.com\/it\/gioca\/giocare-a-euromillions-uk\/","og_site_name":"Lottohoy","article_modified_time":"2025-06-13T17:40:26+00:00","twitter_card":"summary_large_image","twitter_misc":{"Tempo di lettura stimato":"3 minuti"},"schema":{"@context":"https:\/\/schema.org","@graph":[{"@type":"WebPage","@id":"https:\/\/lottohoy.com\/it\/gioca\/giocare-a-euromillions-uk\/","url":"https:\/\/lottohoy.com\/it\/gioca\/giocare-a-euromillions-uk\/","name":"Gioca a EuroMillions UK online \u2013 Regole e jackpot | LottoHoy","isPartOf":{"@id":"https:\/\/lottohoy.com\/it\/#website"},"datePublished":"2025-06-13T11:40:52+00:00","dateModified":"2025-06-13T17:40:26+00:00","description":"Scopri come giocare a EuroMillions UK online. Regole, orari delle estrazioni e premi del Millionaire Maker. Gioca in modo sicuro con LottoHoy.","breadcrumb":{"@id":"https:\/\/lottohoy.com\/it\/gioca\/giocare-a-euromillions-uk\/#breadcrumb"},"inLanguage":"it-IT","potentialAction":[{"@type":"ReadAction","target":["https:\/\/lottohoy.com\/it\/gioca\/giocare-a-euromillions-uk\/"]}]},{"@type":"BreadcrumbList","@id":"https:\/\/lottohoy.com\/it\/gioca\/giocare-a-euromillions-uk\/#breadcrumb","itemListElement":[{"@type":"ListItem","position":1,"name":"Home","item":"https:\/\/lottohoy.com\/it\/"},{"@type":"ListItem","position":2,"name":"Gioca alla lotteria online","item":"https:\/\/lottohoy.com\/it\/gioca\/"},{"@type":"ListItem","position":3,"name":"Giocare a EuroMillions UK"}]},{"@type":"WebSite","@id":"https:\/\/lottohoy.com\/it\/#website","url":"https:\/\/lottohoy.com\/it\/","name":"Lottohoy","description":"","potentialAction":[{"@type":"SearchAction","target":{"@type":"EntryPoint","urlTemplate":"https:\/\/lottohoy.com\/it\/?s={search_term_string}"},"query-input":{"@type":"PropertyValueSpecification","valueRequired":true,"valueName":"search_term_string"}}],"inLanguage":"it-IT"}]}},"_links":{"self":[{"href":"https:\/\/lottohoy.com\/it\/wp-json\/wp\/v2\/pages\/20542","targetHints":{"allow":["GET"]}}],"collection":[{"href":"https:\/\/lottohoy.com\/it\/wp-json\/wp\/v2\/pages"}],"about":[{"href":"https:\/\/lottohoy.com\/it\/wp-json\/wp\/v2\/types\/page"}],"author":[{"embeddable":true,"href":"https:\/\/lottohoy.com\/it\/wp-json\/wp\/v2\/users\/8"}],"replies":[{"embeddable":true,"href":"https:\/\/lottohoy.com\/it\/wp-json\/wp\/v2\/comments?post=20542"}],"version-history":[{"count":1,"href":"https:\/\/lottohoy.com\/it\/wp-json\/wp\/v2\/pages\/20542\/revisions"}],"predecessor-version":[{"id":20543,"href":"https:\/\/lottohoy.com\/it\/wp-json\/wp\/v2\/pages\/20542\/revisions\/20543"}],"up":[{"embeddable":true,"href":"https:\/\/lottohoy.com\/it\/wp-json\/wp\/v2\/pages\/16587"}],"wp:attachment":[{"href":"https:\/\/lottohoy.com\/it\/wp-json\/wp\/v2\/media?parent=20542"}],"curies":[{"name":"wp","href":"https:\/\/api.w.org\/{rel}","templated":true}]}}