{"id":16973,"date":"2020-08-10T17:41:07","date_gmt":"2020-08-10T16:41:07","guid":{"rendered":"https:\/\/lottohoy.com\/risultati-della-lotteria\/risultati-thunderball\/"},"modified":"2020-08-10T17:41:07","modified_gmt":"2020-08-10T16:41:07","slug":"risultati-thunderball","status":"publish","type":"page","link":"https:\/\/lottohoy.com\/it\/risultati-della-lotteria\/risultati-thunderball\/","title":{"rendered":"Risultati Thunderball"},"content":{"rendered":"<h2>Come verificare i risultati di Thunderball?<\/h2>\n<p>Per vedere la combinazione vincente delle estrazioni della lotteria Thunderball, basta confrontare i numeri della combinazione sul biglietto con il risultato mostrato in questa pagina. \u00c8 inoltre possibile accedere al proprio account utente, dove verranno mostrati tutti i movimenti, compresi i premi vinti<\/p>\n<p>In questa stessa pagina \u00e8 anche possibile consultare l&#8217;accumulo, i vincitori e i premi di ciascuna delle categorie e delle estrazioni precedenti fino a 24 mesi fa.<\/p>\n<p>Come vengono distribuiti i premi nel Thunderball?<\/p>\n<p>Il Thunderball \u00e8 una lotteria che distribuisce fino a 9 categorie di premi, quindi solo indovinando il numero complementare del Thunderball si ottiene un premio, con una possibilit\u00e0 su 36.<\/p>\n<p>Se sei un utente registrato, i premi ottenuti vengono depositati direttamente sul tuo conto utente e puoi avere denaro nel tuo saldo, in modo da poter giocare di nuovo o richiedere un prelievo se lo desideri.<\/p>\n<h2>Il Gran Premio Thunderball<\/h2>\n<p>Un premio fisso di 500.000 sterline \u00e8 stabilito per ogni vincitore della prima categoria.<\/p>\n<p>Se non ci sono vincitori di prima categoria, il premio non sar\u00e0 cumulativo, poich\u00e9 sar\u00e0 sempre lo stesso importo del premio di 500.000 sterline.<\/p>\n<p>Anche le altre categorie hanno un premio fisso per ciascuno dei vincitori di quella categoria.<\/p>\n<h2>Quali sono le probabilit\u00e0 di vincere un premio?<\/h2>\n<p>Le probabilit\u00e0 di vincere il jackpot sono 1 su 8.060.598.<\/p>\n<p>Mentre le probabilit\u00e0 di vincere un premio qualsiasi sono 1 su 13.<\/p>\n","protected":false},"excerpt":{"rendered":"<p>Come verificare i risultati di Thunderball? Per vedere la combinazione vincente delle estrazioni della lotteria Thunderball, basta confrontare i numeri della combinazione sul biglietto con il risultato mostrato in questa pagina. \u00c8 inoltre possibile accedere al proprio account utente, dove verranno mostrati tutti i movimenti, compresi i premi vinti In questa stessa pagina \u00e8 anche [&hellip;]<\/p>\n","protected":false},"author":2,"featured_media":0,"parent":16891,"menu_order":10,"comment_status":"closed","ping_status":"closed","template":"thunderball-results.php","meta":{"_et_pb_use_builder":"","_et_pb_old_content":"","_et_gb_content_width":"","exclude_from_search":false,"footnotes":""},"class_list":["post-16973","page","type-page","status-publish","hentry"],"yoast_head":"<!-- This site is optimized with the Yoast SEO plugin v23.7 - https:\/\/yoast.com\/wordpress\/plugins\/seo\/ -->\n<title>Risultati Thunderball \u21d2 Controlla i risultati dell&#039;estrazione Thunderball<\/title>\n<meta name=\"description\" content=\"Guarda i risultati di Thunderball di quest&#039;ultima estrazione e anche di quelle precedenti per vedere se sei stato fortunato e hai vinto un premio\" \/>\n<meta name=\"robots\" content=\"index, follow, max-snippet:-1, max-image-preview:large, max-video-preview:-1\" \/>\n<link rel=\"canonical\" href=\"https:\/\/lottohoy.com\/it\/risultati-della-lotteria\/risultati-thunderball\/\" \/>\n<meta property=\"og:locale\" content=\"it_IT\" \/>\n<meta property=\"og:type\" content=\"article\" \/>\n<meta property=\"og:title\" content=\"Risultati Thunderball \u21d2 Controlla i risultati dell&#039;estrazione Thunderball\" \/>\n<meta property=\"og:description\" content=\"Guarda i risultati di Thunderball di quest&#039;ultima estrazione e anche di quelle precedenti per vedere se sei stato fortunato e hai vinto un premio\" \/>\n<meta property=\"og:url\" content=\"https:\/\/lottohoy.com\/it\/risultati-della-lotteria\/risultati-thunderball\/\" \/>\n<meta property=\"og:site_name\" content=\"Lottohoy\" \/>\n<meta name=\"twitter:card\" content=\"summary_large_image\" \/>\n<meta name=\"twitter:label1\" content=\"Tempo di lettura stimato\" \/>\n\t<meta name=\"twitter:data1\" content=\"1 minuto\" \/>\n<script type=\"application\/ld+json\" class=\"yoast-schema-graph\">{\"@context\":\"https:\/\/schema.org\",\"@graph\":[{\"@type\":\"WebPage\",\"@id\":\"https:\/\/lottohoy.com\/it\/risultati-della-lotteria\/risultati-thunderball\/\",\"url\":\"https:\/\/lottohoy.com\/it\/risultati-della-lotteria\/risultati-thunderball\/\",\"name\":\"Risultati Thunderball \u21d2 Controlla i risultati dell'estrazione Thunderball\",\"isPartOf\":{\"@id\":\"https:\/\/lottohoy.com\/it\/#website\"},\"datePublished\":\"2020-08-10T16:41:07+00:00\",\"dateModified\":\"2020-08-10T16:41:07+00:00\",\"description\":\"Guarda i risultati di Thunderball di quest'ultima estrazione e anche di quelle precedenti per vedere se sei stato fortunato e hai vinto un premio\",\"breadcrumb\":{\"@id\":\"https:\/\/lottohoy.com\/it\/risultati-della-lotteria\/risultati-thunderball\/#breadcrumb\"},\"inLanguage\":\"it-IT\",\"potentialAction\":[{\"@type\":\"ReadAction\",\"target\":[\"https:\/\/lottohoy.com\/it\/risultati-della-lotteria\/risultati-thunderball\/\"]}]},{\"@type\":\"BreadcrumbList\",\"@id\":\"https:\/\/lottohoy.com\/it\/risultati-della-lotteria\/risultati-thunderball\/#breadcrumb\",\"itemListElement\":[{\"@type\":\"ListItem\",\"position\":1,\"name\":\"Home\",\"item\":\"https:\/\/lottohoy.com\/it\/\"},{\"@type\":\"ListItem\",\"position\":2,\"name\":\"Risultati della lotteria\",\"item\":\"https:\/\/lottohoy.com\/it\/risultati-della-lotteria\/\"},{\"@type\":\"ListItem\",\"position\":3,\"name\":\"Risultati Thunderball\"}]},{\"@type\":\"WebSite\",\"@id\":\"https:\/\/lottohoy.com\/it\/#website\",\"url\":\"https:\/\/lottohoy.com\/it\/\",\"name\":\"Lottohoy\",\"description\":\"\",\"potentialAction\":[{\"@type\":\"SearchAction\",\"target\":{\"@type\":\"EntryPoint\",\"urlTemplate\":\"https:\/\/lottohoy.com\/it\/?s={search_term_string}\"},\"query-input\":{\"@type\":\"PropertyValueSpecification\",\"valueRequired\":true,\"valueName\":\"search_term_string\"}}],\"inLanguage\":\"it-IT\"}]}<\/script>\n<!-- \/ Yoast SEO plugin. -->","yoast_head_json":{"title":"Risultati Thunderball \u21d2 Controlla i risultati dell'estrazione Thunderball","description":"Guarda i risultati di Thunderball di quest'ultima estrazione e anche di quelle precedenti per vedere se sei stato fortunato e hai vinto un premio","robots":{"index":"index","follow":"follow","max-snippet":"max-snippet:-1","max-image-preview":"max-image-preview:large","max-video-preview":"max-video-preview:-1"},"canonical":"https:\/\/lottohoy.com\/it\/risultati-della-lotteria\/risultati-thunderball\/","og_locale":"it_IT","og_type":"article","og_title":"Risultati Thunderball \u21d2 Controlla i risultati dell'estrazione Thunderball","og_description":"Guarda i risultati di Thunderball di quest'ultima estrazione e anche di quelle precedenti per vedere se sei stato fortunato e hai vinto un premio","og_url":"https:\/\/lottohoy.com\/it\/risultati-della-lotteria\/risultati-thunderball\/","og_site_name":"Lottohoy","twitter_card":"summary_large_image","twitter_misc":{"Tempo di lettura stimato":"1 minuto"},"schema":{"@context":"https:\/\/schema.org","@graph":[{"@type":"WebPage","@id":"https:\/\/lottohoy.com\/it\/risultati-della-lotteria\/risultati-thunderball\/","url":"https:\/\/lottohoy.com\/it\/risultati-della-lotteria\/risultati-thunderball\/","name":"Risultati Thunderball \u21d2 Controlla i risultati dell'estrazione Thunderball","isPartOf":{"@id":"https:\/\/lottohoy.com\/it\/#website"},"datePublished":"2020-08-10T16:41:07+00:00","dateModified":"2020-08-10T16:41:07+00:00","description":"Guarda i risultati di Thunderball di quest'ultima estrazione e anche di quelle precedenti per vedere se sei stato fortunato e hai vinto un premio","breadcrumb":{"@id":"https:\/\/lottohoy.com\/it\/risultati-della-lotteria\/risultati-thunderball\/#breadcrumb"},"inLanguage":"it-IT","potentialAction":[{"@type":"ReadAction","target":["https:\/\/lottohoy.com\/it\/risultati-della-lotteria\/risultati-thunderball\/"]}]},{"@type":"BreadcrumbList","@id":"https:\/\/lottohoy.com\/it\/risultati-della-lotteria\/risultati-thunderball\/#breadcrumb","itemListElement":[{"@type":"ListItem","position":1,"name":"Home","item":"https:\/\/lottohoy.com\/it\/"},{"@type":"ListItem","position":2,"name":"Risultati della lotteria","item":"https:\/\/lottohoy.com\/it\/risultati-della-lotteria\/"},{"@type":"ListItem","position":3,"name":"Risultati Thunderball"}]},{"@type":"WebSite","@id":"https:\/\/lottohoy.com\/it\/#website","url":"https:\/\/lottohoy.com\/it\/","name":"Lottohoy","description":"","potentialAction":[{"@type":"SearchAction","target":{"@type":"EntryPoint","urlTemplate":"https:\/\/lottohoy.com\/it\/?s={search_term_string}"},"query-input":{"@type":"PropertyValueSpecification","valueRequired":true,"valueName":"search_term_string"}}],"inLanguage":"it-IT"}]}},"_links":{"self":[{"href":"https:\/\/lottohoy.com\/it\/wp-json\/wp\/v2\/pages\/16973","targetHints":{"allow":["GET"]}}],"collection":[{"href":"https:\/\/lottohoy.com\/it\/wp-json\/wp\/v2\/pages"}],"about":[{"href":"https:\/\/lottohoy.com\/it\/wp-json\/wp\/v2\/types\/page"}],"author":[{"embeddable":true,"href":"https:\/\/lottohoy.com\/it\/wp-json\/wp\/v2\/users\/2"}],"replies":[{"embeddable":true,"href":"https:\/\/lottohoy.com\/it\/wp-json\/wp\/v2\/comments?post=16973"}],"version-history":[{"count":0,"href":"https:\/\/lottohoy.com\/it\/wp-json\/wp\/v2\/pages\/16973\/revisions"}],"up":[{"embeddable":true,"href":"https:\/\/lottohoy.com\/it\/wp-json\/wp\/v2\/pages\/16891"}],"wp:attachment":[{"href":"https:\/\/lottohoy.com\/it\/wp-json\/wp\/v2\/media?parent=16973"}],"curies":[{"name":"wp","href":"https:\/\/api.w.org\/{rel}","templated":true}]}}