{"id":16968,"date":"2018-05-03T14:23:40","date_gmt":"2018-05-03T13:23:40","guid":{"rendered":"https:\/\/lottohoy.com\/risultati-della-lotteria\/risultati-del-lotto-del-regno-unito\/"},"modified":"2018-05-03T14:23:40","modified_gmt":"2018-05-03T13:23:40","slug":"risultati-del-lotto-del-regno-unito","status":"publish","type":"page","link":"https:\/\/lottohoy.com\/it\/risultati-della-lotteria\/risultati-del-lotto-del-regno-unito\/","title":{"rendered":"Risultati del Lotto del Regno Unito"},"content":{"rendered":"<p>Ecco gli ultimi risultati del Lotto del Regno Unito. \u00c8 inoltre possibile controllare i risultati dell&#8217;estrazione dell&#8217;archivio della lotteria britannica.<\/p>\n<h2><strong>Ultimi risultati del Lotto del Regno Unito<\/strong><\/h2>\n<p>Dopo aver <a href=\"https:\/\/lottohoy.com\/play\/lotto-uk\/\"><b>giocato al Lotto del Regno Unito<\/b><\/a>, \u00e8 possibile controllare la combinazione dei numeri vincenti dell&#8217;estrazione precedente e la ripartizione dei premi del lotto corrispondente a ciascuna delle categorie in questa pagina.<\/p>\n<p>La tabella mostra la combinazione dei sei numeri principali. \u00c8 anche possibile selezionare un numero bonus extra per assegnare un premio a chi ha indovinato sei numeri principali.<\/p>\n<h2><strong>Estrazioni precedenti del Lotto britannico<\/strong><\/h2>\n<p>In questa pagina abbiamo anche la possibilit\u00e0 di accedere ai risultati delle estrazioni precedenti, per vedere non solo le combinazioni vincenti, ma anche la ripartizione dei premi della lotteria per le diverse categorie.<\/p>\n<p>Nella parte in alto a destra in grigio, c&#8217;\u00e8 il calendario dove \u00e8 possibile selezionare la data di cui si desidera controllare i risultati. \u00c8 possibile accedere ai risultati degli ultimi due anni.<\/p>\n<h2>Premi del Lotto per sabato<\/h2>\n<p>Il Lotto del Regno Unito si gioca ogni mercoled\u00ec e sabato, e qui potrai controllare la ripartizione dei premi dei risultati della lotteria per entrambe le estrazioni settimanali subito dopo la conferma dei risultati ufficiali.<\/p>\n","protected":false},"excerpt":{"rendered":"<p>Ecco gli ultimi risultati del Lotto del Regno Unito. \u00c8 inoltre possibile controllare i risultati dell&#8217;estrazione dell&#8217;archivio della lotteria britannica. Ultimi risultati del Lotto del Regno Unito Dopo aver giocato al Lotto del Regno Unito, \u00e8 possibile controllare la combinazione dei numeri vincenti dell&#8217;estrazione precedente e la ripartizione dei premi del lotto corrispondente a ciascuna [&hellip;]<\/p>\n","protected":false},"author":2,"featured_media":0,"parent":16891,"menu_order":9,"comment_status":"closed","ping_status":"closed","template":"lotto-uk-results.php","meta":{"_et_pb_use_builder":"","_et_pb_old_content":"","_et_gb_content_width":"","exclude_from_search":false,"footnotes":""},"class_list":["post-16968","page","type-page","status-publish","hentry"],"yoast_head":"<!-- This site is optimized with the Yoast SEO plugin v23.7 - https:\/\/yoast.com\/wordpress\/plugins\/seo\/ -->\n<title>Risultati del Lotto del Regno Unito \u25b7 Ripartizione dei premi del Lotto | Lottohoy<\/title>\n<meta name=\"description\" content=\"Controlla gli ultimi risultati del Lotto del Regno Unito, la lotteria pi\u00f9 popolare nel Regno Unito. Trova i dati aggiornat\" \/>\n<meta name=\"robots\" content=\"index, follow, max-snippet:-1, max-image-preview:large, max-video-preview:-1\" \/>\n<link rel=\"canonical\" href=\"https:\/\/lottohoy.com\/it\/risultati-della-lotteria\/risultati-del-lotto-del-regno-unito\/\" \/>\n<meta property=\"og:locale\" content=\"it_IT\" \/>\n<meta property=\"og:type\" content=\"article\" \/>\n<meta property=\"og:title\" content=\"Risultati del Lotto del Regno Unito \u25b7 Ripartizione dei premi del Lotto | Lottohoy\" \/>\n<meta property=\"og:description\" content=\"Controlla gli ultimi risultati del Lotto del Regno Unito, la lotteria pi\u00f9 popolare nel Regno Unito. Trova i dati aggiornat\" \/>\n<meta property=\"og:url\" content=\"https:\/\/lottohoy.com\/it\/risultati-della-lotteria\/risultati-del-lotto-del-regno-unito\/\" \/>\n<meta property=\"og:site_name\" content=\"Lottohoy\" \/>\n<meta name=\"twitter:card\" content=\"summary_large_image\" \/>\n<meta name=\"twitter:label1\" content=\"Tempo di lettura stimato\" \/>\n\t<meta name=\"twitter:data1\" content=\"1 minuto\" \/>\n<script type=\"application\/ld+json\" class=\"yoast-schema-graph\">{\"@context\":\"https:\/\/schema.org\",\"@graph\":[{\"@type\":\"WebPage\",\"@id\":\"https:\/\/lottohoy.com\/it\/risultati-della-lotteria\/risultati-del-lotto-del-regno-unito\/\",\"url\":\"https:\/\/lottohoy.com\/it\/risultati-della-lotteria\/risultati-del-lotto-del-regno-unito\/\",\"name\":\"Risultati del Lotto del Regno Unito \u25b7 Ripartizione dei premi del Lotto | Lottohoy\",\"isPartOf\":{\"@id\":\"https:\/\/lottohoy.com\/it\/#website\"},\"datePublished\":\"2018-05-03T13:23:40+00:00\",\"dateModified\":\"2018-05-03T13:23:40+00:00\",\"description\":\"Controlla gli ultimi risultati del Lotto del Regno Unito, la lotteria pi\u00f9 popolare nel Regno Unito. Trova i dati aggiornat\",\"breadcrumb\":{\"@id\":\"https:\/\/lottohoy.com\/it\/risultati-della-lotteria\/risultati-del-lotto-del-regno-unito\/#breadcrumb\"},\"inLanguage\":\"it-IT\",\"potentialAction\":[{\"@type\":\"ReadAction\",\"target\":[\"https:\/\/lottohoy.com\/it\/risultati-della-lotteria\/risultati-del-lotto-del-regno-unito\/\"]}]},{\"@type\":\"BreadcrumbList\",\"@id\":\"https:\/\/lottohoy.com\/it\/risultati-della-lotteria\/risultati-del-lotto-del-regno-unito\/#breadcrumb\",\"itemListElement\":[{\"@type\":\"ListItem\",\"position\":1,\"name\":\"Home\",\"item\":\"https:\/\/lottohoy.com\/it\/\"},{\"@type\":\"ListItem\",\"position\":2,\"name\":\"Risultati della lotteria\",\"item\":\"https:\/\/lottohoy.com\/it\/risultati-della-lotteria\/\"},{\"@type\":\"ListItem\",\"position\":3,\"name\":\"Risultati del Lotto del Regno Unito\"}]},{\"@type\":\"WebSite\",\"@id\":\"https:\/\/lottohoy.com\/it\/#website\",\"url\":\"https:\/\/lottohoy.com\/it\/\",\"name\":\"Lottohoy\",\"description\":\"\",\"potentialAction\":[{\"@type\":\"SearchAction\",\"target\":{\"@type\":\"EntryPoint\",\"urlTemplate\":\"https:\/\/lottohoy.com\/it\/?s={search_term_string}\"},\"query-input\":{\"@type\":\"PropertyValueSpecification\",\"valueRequired\":true,\"valueName\":\"search_term_string\"}}],\"inLanguage\":\"it-IT\"}]}<\/script>\n<!-- \/ Yoast SEO plugin. -->","yoast_head_json":{"title":"Risultati del Lotto del Regno Unito \u25b7 Ripartizione dei premi del Lotto | Lottohoy","description":"Controlla gli ultimi risultati del Lotto del Regno Unito, la lotteria pi\u00f9 popolare nel Regno Unito. Trova i dati aggiornat","robots":{"index":"index","follow":"follow","max-snippet":"max-snippet:-1","max-image-preview":"max-image-preview:large","max-video-preview":"max-video-preview:-1"},"canonical":"https:\/\/lottohoy.com\/it\/risultati-della-lotteria\/risultati-del-lotto-del-regno-unito\/","og_locale":"it_IT","og_type":"article","og_title":"Risultati del Lotto del Regno Unito \u25b7 Ripartizione dei premi del Lotto | Lottohoy","og_description":"Controlla gli ultimi risultati del Lotto del Regno Unito, la lotteria pi\u00f9 popolare nel Regno Unito. Trova i dati aggiornat","og_url":"https:\/\/lottohoy.com\/it\/risultati-della-lotteria\/risultati-del-lotto-del-regno-unito\/","og_site_name":"Lottohoy","twitter_card":"summary_large_image","twitter_misc":{"Tempo di lettura stimato":"1 minuto"},"schema":{"@context":"https:\/\/schema.org","@graph":[{"@type":"WebPage","@id":"https:\/\/lottohoy.com\/it\/risultati-della-lotteria\/risultati-del-lotto-del-regno-unito\/","url":"https:\/\/lottohoy.com\/it\/risultati-della-lotteria\/risultati-del-lotto-del-regno-unito\/","name":"Risultati del Lotto del Regno Unito \u25b7 Ripartizione dei premi del Lotto | Lottohoy","isPartOf":{"@id":"https:\/\/lottohoy.com\/it\/#website"},"datePublished":"2018-05-03T13:23:40+00:00","dateModified":"2018-05-03T13:23:40+00:00","description":"Controlla gli ultimi risultati del Lotto del Regno Unito, la lotteria pi\u00f9 popolare nel Regno Unito. Trova i dati aggiornat","breadcrumb":{"@id":"https:\/\/lottohoy.com\/it\/risultati-della-lotteria\/risultati-del-lotto-del-regno-unito\/#breadcrumb"},"inLanguage":"it-IT","potentialAction":[{"@type":"ReadAction","target":["https:\/\/lottohoy.com\/it\/risultati-della-lotteria\/risultati-del-lotto-del-regno-unito\/"]}]},{"@type":"BreadcrumbList","@id":"https:\/\/lottohoy.com\/it\/risultati-della-lotteria\/risultati-del-lotto-del-regno-unito\/#breadcrumb","itemListElement":[{"@type":"ListItem","position":1,"name":"Home","item":"https:\/\/lottohoy.com\/it\/"},{"@type":"ListItem","position":2,"name":"Risultati della lotteria","item":"https:\/\/lottohoy.com\/it\/risultati-della-lotteria\/"},{"@type":"ListItem","position":3,"name":"Risultati del Lotto del Regno Unito"}]},{"@type":"WebSite","@id":"https:\/\/lottohoy.com\/it\/#website","url":"https:\/\/lottohoy.com\/it\/","name":"Lottohoy","description":"","potentialAction":[{"@type":"SearchAction","target":{"@type":"EntryPoint","urlTemplate":"https:\/\/lottohoy.com\/it\/?s={search_term_string}"},"query-input":{"@type":"PropertyValueSpecification","valueRequired":true,"valueName":"search_term_string"}}],"inLanguage":"it-IT"}]}},"_links":{"self":[{"href":"https:\/\/lottohoy.com\/it\/wp-json\/wp\/v2\/pages\/16968","targetHints":{"allow":["GET"]}}],"collection":[{"href":"https:\/\/lottohoy.com\/it\/wp-json\/wp\/v2\/pages"}],"about":[{"href":"https:\/\/lottohoy.com\/it\/wp-json\/wp\/v2\/types\/page"}],"author":[{"embeddable":true,"href":"https:\/\/lottohoy.com\/it\/wp-json\/wp\/v2\/users\/2"}],"replies":[{"embeddable":true,"href":"https:\/\/lottohoy.com\/it\/wp-json\/wp\/v2\/comments?post=16968"}],"version-history":[{"count":0,"href":"https:\/\/lottohoy.com\/it\/wp-json\/wp\/v2\/pages\/16968\/revisions"}],"up":[{"embeddable":true,"href":"https:\/\/lottohoy.com\/it\/wp-json\/wp\/v2\/pages\/16891"}],"wp:attachment":[{"href":"https:\/\/lottohoy.com\/it\/wp-json\/wp\/v2\/media?parent=16968"}],"curies":[{"name":"wp","href":"https:\/\/api.w.org\/{rel}","templated":true}]}}