{"id":16924,"date":"2018-05-03T14:23:37","date_gmt":"2018-05-03T13:23:37","guid":{"rendered":"https:\/\/lottohoy.com\/risultati-della-lotteria\/risultati-euromillions\/"},"modified":"2018-05-03T14:23:37","modified_gmt":"2018-05-03T13:23:37","slug":"risultati-euromillions","status":"publish","type":"page","link":"https:\/\/lottohoy.com\/it\/risultati-della-lotteria\/risultati-euromillions\/","title":{"rendered":"Risultati EuroMillions"},"content":{"rendered":"<h2>Controlla i risultati EuroMillions<\/h2>\n<p>Per controllare <b>l&#8217;euromillions<\/b>, sar\u00e0 sufficiente confrontare i numeri della combinazione riportata sul biglietto con il risultato mostrato in questa pagina. Si consiglia di controllare pi\u00f9 volte il biglietto dell&#8217;EuroMillions per avere la massima sicurezza, prima di gettare il biglietto o i biglietti.<\/p>\n<p>Puoi anche controllare i <a href=\"https:\/\/lottohoy.com\/jackpots\/\"><b>jackpot accumulati oggi<\/b><\/a>, i vincitori e la ripartizione dei premi per ciascuna delle categorie e le estrazioni precedenti fino a 24 mesi fa.<\/p>\n<h3>Il vantaggio di controllare Euromillions in LottoHoy<\/h3>\n<p>Dopo aver <a href=\"https:\/\/lottohoy.com\/signup\/\"><b>creato un account utente<\/b><\/a> nella nostra piattaforma, avrai informazioni precise sui risultati positivi che sono stati prodotti in ognuna delle tue <b>partite di lotteria<\/b>.<\/p>\n<p>In caso di vincita di un premio nelle <a href=\"https:\/\/lottohoy.com\/play\/euromillions\/\"><b>diverse categorie dell&#8217;EuroMillions<\/b><\/a>, i numeri vincenti e l&#8217;importo della vincita saranno automaticamente riportati nell&#8217;account utente dell&#8217;area clienti e saranno disponibili da quel momento.<\/p>\n<h2>Distribuzione dei premi Euromillions<\/h2>\n<p>Questa tabella mostra la combinazione vincente dell&#8217;<b>ultima estrazione dell&#8217;Euromillions<\/b> e la ripartizione dei premi corrispondenti a ciascuna delle 13 categorie.<\/p>\n<p>La tabella mostra la combinazione di numeri e stelle che devono essere indovinati per vincere il primo premio e il resto delle categorie, i <b>vincitori<\/b> che sono stati in ciascuna delle categorie e il <b>premio<\/b> in euro (\u20ac) che corrisponde a ciascun vincitore.<\/p>\n<h2>Si vince con 2 numeri all&#8217;Euromillions?<\/h2>\n<p>S\u00ec, con 2 numeri si ottiene il premio della categoria pi\u00f9 bassa. In totale ci sono 13 categorie di premi.<\/p>\n<h2>Risultati precedenti di Euromillions<\/h2>\n<p>In questa stessa pagina, abbiamo la possibilit\u00e0 di accedere ai risultati delle <b>precedenti estrazioni di Euromillions<\/b> per vedere non solo le combinazioni vincenti, ma anche le distribuzioni per ogni livello di premio.<\/p>\n<p>Nella parte in alto a destra di questa pagina, c&#8217;\u00e8 la funzionalit\u00e0 del calendario. Con essa, possiamo navigare uno per uno tra i risultati precedenti o selezionare attraverso una lista la data specifica che vogliamo consultare.<\/p>\n<p>Per ogni data, possiamo vedere la combinazione vincente, i vincitori e i premi ricevuti da ciascuno di loro.<\/p>\n<h2>Premi e jackpot pi\u00f9 grandi dell&#8217;Euromillions<\/h2>\n<p><a href=\"https:\/\/lottohoy.com\/the-biggest-prizes-in-euromillions-history\/\"><b>I jackpot dell&#8217;Euromillions<\/b><\/a> sono famosi in tutto il mondo. Il jackpot minimo garantito per i vincitori principali \u00e8 di 17.000.000 <b>di euro<\/b>. Ogni volta che qualcuno vince il jackpot, questo ricomincia.<\/p>\n<p>Se non ci sono vincitori di prima categoria, il jackpot viene rinnovato ad ogni estrazione fino a un massimo di <b>190.000.000 \u20ac<\/b> (dal 1<sup>\u00b0 febbraio<\/sup> 2020, tale importo sar\u00e0 di <b>200.000.000 \u20ac<\/b>). Una volta raggiunto questo importo, il jackpot verr\u00e0 mantenuto per quattro estrazioni e, se in nessuna di queste estrazioni non ci sar\u00e0 un vincitore di questa categoria, a partire dalla successiva, il premio verr\u00e0 distribuito con i vincitori della categoria immediatamente inferiore, ovvero cinque numeri e una stella.<\/p>\n<p>Un altro importante cambiamento che avr\u00e0 il jackpot dell&#8217;Euromillions a partire da febbraio 2020 \u00e8 che una volta che il premio di <b>200 milioni<\/b> sar\u00e0 stato assegnato al vincitore della prima categoria o che questo premio sar\u00e0 stato distribuito tra i vincitori della categoria successiva, l&#8217;importo del premio sar\u00e0 aumentato di <b>10.000.000<\/b> \u20ac per le estrazioni future, in modo che il premio massimo raggiungibile sar\u00e0 di <b>\u20ac 210.000.000<\/b>. Il valore del jackpot aumenter\u00e0 di altri <b>\u20ac 10.000.000<\/b> per raggiungere il massimo di <b>\u20ac 250.000.000<\/b> previsto dall&#8217;organizzazione, che \u00e8 il pi\u00f9 grande jackpot della lotteria in Europa.<\/p>\n<p>Euromillions \u00e8 noto come il creatore di milionari europei, poich\u00e9 ogni marted\u00ec e venerd\u00ec mette in palio milioni di euro.<\/p>\n<p>E ora, giocare online a Euromillions \u00e8 diventato il modo pi\u00f9 semplice per ottenere una vincita istantanea selezionando i propri numeri fortunati. Giocatori da tutto il mondo, da Svezia, Finlandia, Spagna, Colombia, Sudafrica possono giocare e vincere all&#8217;estrazione di stasera di Euromillions.<\/p>\n","protected":false},"excerpt":{"rendered":"<p>Controlla i risultati EuroMillions Per controllare l&#8217;euromillions, sar\u00e0 sufficiente confrontare i numeri della combinazione riportata sul biglietto con il risultato mostrato in questa pagina. Si consiglia di controllare pi\u00f9 volte il biglietto dell&#8217;EuroMillions per avere la massima sicurezza, prima di gettare il biglietto o i biglietti. Puoi anche controllare i jackpot accumulati oggi, i vincitori [&hellip;]<\/p>\n","protected":false},"author":2,"featured_media":0,"parent":16891,"menu_order":3,"comment_status":"closed","ping_status":"closed","template":"euromillions-results.php","meta":{"_et_pb_use_builder":"","_et_pb_old_content":"","_et_gb_content_width":"","exclude_from_search":false,"footnotes":""},"class_list":["post-16924","page","type-page","status-publish","hentry"],"yoast_head":"<!-- This site is optimized with the Yoast SEO plugin v23.7 - https:\/\/yoast.com\/wordpress\/plugins\/seo\/ -->\n<title>Risultati Euromillions \u25b7 Elenco premi Euromillions<\/title>\n<meta name=\"description\" content=\"Scopri se sei il vincitore dell&#039;ultimo jackpot Euromillions. Acquista subito il tuo biglietto online sulla nostra piattaforma sicura e veloce.\" \/>\n<meta name=\"robots\" content=\"index, follow, max-snippet:-1, max-image-preview:large, max-video-preview:-1\" \/>\n<link rel=\"canonical\" href=\"https:\/\/lottohoy.com\/it\/risultati-della-lotteria\/risultati-euromillions\/\" \/>\n<meta property=\"og:locale\" content=\"it_IT\" \/>\n<meta property=\"og:type\" content=\"article\" \/>\n<meta property=\"og:title\" content=\"Risultati Euromillions \u25b7 Elenco premi Euromillions\" \/>\n<meta property=\"og:description\" content=\"Scopri se sei il vincitore dell&#039;ultimo jackpot Euromillions. Acquista subito il tuo biglietto online sulla nostra piattaforma sicura e veloce.\" \/>\n<meta property=\"og:url\" content=\"https:\/\/lottohoy.com\/it\/risultati-della-lotteria\/risultati-euromillions\/\" \/>\n<meta property=\"og:site_name\" content=\"Lottohoy\" \/>\n<meta name=\"twitter:card\" content=\"summary_large_image\" \/>\n<meta name=\"twitter:label1\" content=\"Tempo di lettura stimato\" \/>\n\t<meta name=\"twitter:data1\" content=\"3 minuti\" \/>\n<script type=\"application\/ld+json\" class=\"yoast-schema-graph\">{\"@context\":\"https:\/\/schema.org\",\"@graph\":[{\"@type\":\"WebPage\",\"@id\":\"https:\/\/lottohoy.com\/it\/risultati-della-lotteria\/risultati-euromillions\/\",\"url\":\"https:\/\/lottohoy.com\/it\/risultati-della-lotteria\/risultati-euromillions\/\",\"name\":\"Risultati Euromillions \u25b7 Elenco premi Euromillions\",\"isPartOf\":{\"@id\":\"https:\/\/lottohoy.com\/it\/#website\"},\"datePublished\":\"2018-05-03T13:23:37+00:00\",\"dateModified\":\"2018-05-03T13:23:37+00:00\",\"description\":\"Scopri se sei il vincitore dell'ultimo jackpot Euromillions. Acquista subito il tuo biglietto online sulla nostra piattaforma sicura e veloce.\",\"breadcrumb\":{\"@id\":\"https:\/\/lottohoy.com\/it\/risultati-della-lotteria\/risultati-euromillions\/#breadcrumb\"},\"inLanguage\":\"it-IT\",\"potentialAction\":[{\"@type\":\"ReadAction\",\"target\":[\"https:\/\/lottohoy.com\/it\/risultati-della-lotteria\/risultati-euromillions\/\"]}]},{\"@type\":\"BreadcrumbList\",\"@id\":\"https:\/\/lottohoy.com\/it\/risultati-della-lotteria\/risultati-euromillions\/#breadcrumb\",\"itemListElement\":[{\"@type\":\"ListItem\",\"position\":1,\"name\":\"Home\",\"item\":\"https:\/\/lottohoy.com\/it\/\"},{\"@type\":\"ListItem\",\"position\":2,\"name\":\"Risultati della lotteria\",\"item\":\"https:\/\/lottohoy.com\/it\/risultati-della-lotteria\/\"},{\"@type\":\"ListItem\",\"position\":3,\"name\":\"Risultati EuroMillions\"}]},{\"@type\":\"WebSite\",\"@id\":\"https:\/\/lottohoy.com\/it\/#website\",\"url\":\"https:\/\/lottohoy.com\/it\/\",\"name\":\"Lottohoy\",\"description\":\"\",\"potentialAction\":[{\"@type\":\"SearchAction\",\"target\":{\"@type\":\"EntryPoint\",\"urlTemplate\":\"https:\/\/lottohoy.com\/it\/?s={search_term_string}\"},\"query-input\":{\"@type\":\"PropertyValueSpecification\",\"valueRequired\":true,\"valueName\":\"search_term_string\"}}],\"inLanguage\":\"it-IT\"}]}<\/script>\n<!-- \/ Yoast SEO plugin. -->","yoast_head_json":{"title":"Risultati Euromillions \u25b7 Elenco premi Euromillions","description":"Scopri se sei il vincitore dell'ultimo jackpot Euromillions. Acquista subito il tuo biglietto online sulla nostra piattaforma sicura e veloce.","robots":{"index":"index","follow":"follow","max-snippet":"max-snippet:-1","max-image-preview":"max-image-preview:large","max-video-preview":"max-video-preview:-1"},"canonical":"https:\/\/lottohoy.com\/it\/risultati-della-lotteria\/risultati-euromillions\/","og_locale":"it_IT","og_type":"article","og_title":"Risultati Euromillions \u25b7 Elenco premi Euromillions","og_description":"Scopri se sei il vincitore dell'ultimo jackpot Euromillions. Acquista subito il tuo biglietto online sulla nostra piattaforma sicura e veloce.","og_url":"https:\/\/lottohoy.com\/it\/risultati-della-lotteria\/risultati-euromillions\/","og_site_name":"Lottohoy","twitter_card":"summary_large_image","twitter_misc":{"Tempo di lettura stimato":"3 minuti"},"schema":{"@context":"https:\/\/schema.org","@graph":[{"@type":"WebPage","@id":"https:\/\/lottohoy.com\/it\/risultati-della-lotteria\/risultati-euromillions\/","url":"https:\/\/lottohoy.com\/it\/risultati-della-lotteria\/risultati-euromillions\/","name":"Risultati Euromillions \u25b7 Elenco premi Euromillions","isPartOf":{"@id":"https:\/\/lottohoy.com\/it\/#website"},"datePublished":"2018-05-03T13:23:37+00:00","dateModified":"2018-05-03T13:23:37+00:00","description":"Scopri se sei il vincitore dell'ultimo jackpot Euromillions. Acquista subito il tuo biglietto online sulla nostra piattaforma sicura e veloce.","breadcrumb":{"@id":"https:\/\/lottohoy.com\/it\/risultati-della-lotteria\/risultati-euromillions\/#breadcrumb"},"inLanguage":"it-IT","potentialAction":[{"@type":"ReadAction","target":["https:\/\/lottohoy.com\/it\/risultati-della-lotteria\/risultati-euromillions\/"]}]},{"@type":"BreadcrumbList","@id":"https:\/\/lottohoy.com\/it\/risultati-della-lotteria\/risultati-euromillions\/#breadcrumb","itemListElement":[{"@type":"ListItem","position":1,"name":"Home","item":"https:\/\/lottohoy.com\/it\/"},{"@type":"ListItem","position":2,"name":"Risultati della lotteria","item":"https:\/\/lottohoy.com\/it\/risultati-della-lotteria\/"},{"@type":"ListItem","position":3,"name":"Risultati EuroMillions"}]},{"@type":"WebSite","@id":"https:\/\/lottohoy.com\/it\/#website","url":"https:\/\/lottohoy.com\/it\/","name":"Lottohoy","description":"","potentialAction":[{"@type":"SearchAction","target":{"@type":"EntryPoint","urlTemplate":"https:\/\/lottohoy.com\/it\/?s={search_term_string}"},"query-input":{"@type":"PropertyValueSpecification","valueRequired":true,"valueName":"search_term_string"}}],"inLanguage":"it-IT"}]}},"_links":{"self":[{"href":"https:\/\/lottohoy.com\/it\/wp-json\/wp\/v2\/pages\/16924","targetHints":{"allow":["GET"]}}],"collection":[{"href":"https:\/\/lottohoy.com\/it\/wp-json\/wp\/v2\/pages"}],"about":[{"href":"https:\/\/lottohoy.com\/it\/wp-json\/wp\/v2\/types\/page"}],"author":[{"embeddable":true,"href":"https:\/\/lottohoy.com\/it\/wp-json\/wp\/v2\/users\/2"}],"replies":[{"embeddable":true,"href":"https:\/\/lottohoy.com\/it\/wp-json\/wp\/v2\/comments?post=16924"}],"version-history":[{"count":0,"href":"https:\/\/lottohoy.com\/it\/wp-json\/wp\/v2\/pages\/16924\/revisions"}],"up":[{"embeddable":true,"href":"https:\/\/lottohoy.com\/it\/wp-json\/wp\/v2\/pages\/16891"}],"wp:attachment":[{"href":"https:\/\/lottohoy.com\/it\/wp-json\/wp\/v2\/media?parent=16924"}],"curies":[{"name":"wp","href":"https:\/\/api.w.org\/{rel}","templated":true}]}}