{"id":16891,"date":"2018-05-03T14:23:36","date_gmt":"2018-05-03T13:23:36","guid":{"rendered":"https:\/\/lottohoy.com\/risultati-della-lotteria\/"},"modified":"2018-05-03T14:23:36","modified_gmt":"2018-05-03T13:23:36","slug":"risultati-della-lotteria","status":"publish","type":"page","link":"https:\/\/lottohoy.com\/it\/risultati-della-lotteria\/","title":{"rendered":"Risultati della lotteria"},"content":{"rendered":"<p>Una volta terminate le estrazioni, <a href=\"https:\/\/lottohoy.com\/play\/\"><b>tutti gli organizzatori della lotteria<\/b><\/a> pubblicano il risultato ufficiale sui media. In alcuni casi, le estrazioni possono anche essere seguite in diretta e vengono trasmesse in TV.<\/p>\n<p>Su LottoHoy pubblichiamo tutti i risultati vincenti degli operatori della lotteria non appena l&#8217;estrazione ufficiale \u00e8 stata completata, in modo che tutti gli utenti possano controllare la <b>ripartizione dei premi<\/b>.<\/p>\n<h2>Ultimi risultati della lotteria<\/h2>\n<p>Per controllare i risultati della lotteria, \u00e8 possibile consultare gli organizzatori della lotteria in questione o i media di informazione generale (radio e TV o la stampa del giorno successivo).<\/p>\n<p>Fortunatamente, gli utenti della nostra piattaforma ricevono informazioni sui risultati nel loro account e queste vengono riportate sul sito. In caso di vincita, l&#8217;importo viene depositato direttamente sul saldo dell&#8217;utente.<\/p>\n<p>Inoltre, se vuoi controllare i risultati di marted\u00ec di qualsiasi lotteria, i risultati del Powerball USA, dell&#8217;Euromillions o di qualsiasi altro biglietto della lotteria giocato, puoi controllarli sul nostro sito web.<\/p>\n<h2>Premi della lotteria e divisioni dei premi<\/h2>\n<p>Ogni lotteria ha il proprio regolamento e la propria distribuzione dei premi. In alcuni casi, e ad eccezione del premio principale della prima categoria (il jackpot stimato), l&#8217;importo assegnato a queste categorie \u00e8 determinato da percentuali della raccolta per quella estrazione, mentre in altre lotterie \u00e8 un importo fisso.<\/p>\n<p>Il premio principale di solito ha un importo minimo fisso garantito, pi\u00f9 una percentuale della raccolta per quella estrazione. Allo stesso modo, alcune lotterie fissano un tetto massimo per il jackpot o il numero massimo di rollover.<\/p>\n<p>In alcune lotterie, se non c&#8217;\u00e8 un vincitore della prima categoria, l&#8217;importo previsto per l&#8217;assegnazione di quella categoria viene diviso tra le altre categorie.<\/p>\n<p>In altri casi, ed \u00e8 qui che alcune lotterie diventano pi\u00f9 allettanti, se non c&#8217;\u00e8 un vincitore di quella prima categoria, l&#8217;importo viene accumulato e trasferito all&#8217;estrazione successiva, generando jackpot accumulati che raggiungono cifre astronomiche per una singola vincita al lotto.<\/p>\n<p>Il premio pi\u00f9 grande fino ad oggi \u00e8 stato assegnato alla <a href=\"https:\/\/lottohoy.com\/play\/powerball\/\"><b>Powerball lottery<\/b><\/a> con un jackpot stimato <del>di 1,5 miliardi di dollari<\/del>. Nel novembre 2022 ha superato quella cifra, lasciando un record fino ad oggi di 2,04 miliardi di dollari.<\/p>\n","protected":false},"excerpt":{"rendered":"<p>Una volta terminate le estrazioni, tutti gli organizzatori della lotteria pubblicano il risultato ufficiale sui media. In alcuni casi, le estrazioni possono anche essere seguite in diretta e vengono trasmesse in TV. Su LottoHoy pubblichiamo tutti i risultati vincenti degli operatori della lotteria non appena l&#8217;estrazione ufficiale \u00e8 stata completata, in modo che tutti gli [&hellip;]<\/p>\n","protected":false},"author":2,"featured_media":0,"parent":0,"menu_order":4,"comment_status":"closed","ping_status":"closed","template":"Results.php","meta":{"_et_pb_use_builder":"","_et_pb_old_content":"","_et_gb_content_width":"","exclude_from_search":false,"footnotes":""},"class_list":["post-16891","page","type-page","status-publish","hentry"],"yoast_head":"<!-- This site is optimized with the Yoast SEO plugin v23.7 - https:\/\/yoast.com\/wordpress\/plugins\/seo\/ -->\n<title>Risultati della lotteria - Vincitori e ripartizione dei premi \u2794<\/title>\n<meta name=\"description\" content=\"Risultati della lotteria subito dopo ogni estrazione. Scopri se sei il vincitore di Powerball, Mega Millions, Euromillions, UK Lotto e molte altre lotterie!\" \/>\n<meta name=\"robots\" content=\"index, follow, max-snippet:-1, max-image-preview:large, max-video-preview:-1\" \/>\n<link rel=\"canonical\" href=\"https:\/\/lottohoy.com\/it\/risultati-della-lotteria\/\" \/>\n<meta property=\"og:locale\" content=\"it_IT\" \/>\n<meta property=\"og:type\" content=\"article\" \/>\n<meta property=\"og:title\" content=\"Risultati della lotteria - Vincitori e ripartizione dei premi \u2794\" \/>\n<meta property=\"og:description\" content=\"Risultati della lotteria subito dopo ogni estrazione. Scopri se sei il vincitore di Powerball, Mega Millions, Euromillions, UK Lotto e molte altre lotterie!\" \/>\n<meta property=\"og:url\" content=\"https:\/\/lottohoy.com\/it\/risultati-della-lotteria\/\" \/>\n<meta property=\"og:site_name\" content=\"Lottohoy\" \/>\n<meta name=\"twitter:card\" content=\"summary_large_image\" \/>\n<meta name=\"twitter:label1\" content=\"Tempo di lettura stimato\" \/>\n\t<meta name=\"twitter:data1\" content=\"2 minuti\" \/>\n<script type=\"application\/ld+json\" class=\"yoast-schema-graph\">{\"@context\":\"https:\/\/schema.org\",\"@graph\":[{\"@type\":\"WebPage\",\"@id\":\"https:\/\/lottohoy.com\/it\/risultati-della-lotteria\/\",\"url\":\"https:\/\/lottohoy.com\/it\/risultati-della-lotteria\/\",\"name\":\"Risultati della lotteria - Vincitori e ripartizione dei premi \u2794\",\"isPartOf\":{\"@id\":\"https:\/\/lottohoy.com\/it\/#website\"},\"datePublished\":\"2018-05-03T13:23:36+00:00\",\"dateModified\":\"2018-05-03T13:23:36+00:00\",\"description\":\"Risultati della lotteria subito dopo ogni estrazione. Scopri se sei il vincitore di Powerball, Mega Millions, Euromillions, UK Lotto e molte altre lotterie!\",\"breadcrumb\":{\"@id\":\"https:\/\/lottohoy.com\/it\/risultati-della-lotteria\/#breadcrumb\"},\"inLanguage\":\"it-IT\",\"potentialAction\":[{\"@type\":\"ReadAction\",\"target\":[\"https:\/\/lottohoy.com\/it\/risultati-della-lotteria\/\"]}]},{\"@type\":\"BreadcrumbList\",\"@id\":\"https:\/\/lottohoy.com\/it\/risultati-della-lotteria\/#breadcrumb\",\"itemListElement\":[{\"@type\":\"ListItem\",\"position\":1,\"name\":\"Home\",\"item\":\"https:\/\/lottohoy.com\/it\/\"},{\"@type\":\"ListItem\",\"position\":2,\"name\":\"Risultati della lotteria\"}]},{\"@type\":\"WebSite\",\"@id\":\"https:\/\/lottohoy.com\/it\/#website\",\"url\":\"https:\/\/lottohoy.com\/it\/\",\"name\":\"Lottohoy\",\"description\":\"\",\"potentialAction\":[{\"@type\":\"SearchAction\",\"target\":{\"@type\":\"EntryPoint\",\"urlTemplate\":\"https:\/\/lottohoy.com\/it\/?s={search_term_string}\"},\"query-input\":{\"@type\":\"PropertyValueSpecification\",\"valueRequired\":true,\"valueName\":\"search_term_string\"}}],\"inLanguage\":\"it-IT\"}]}<\/script>\n<!-- \/ Yoast SEO plugin. -->","yoast_head_json":{"title":"Risultati della lotteria - Vincitori e ripartizione dei premi \u2794","description":"Risultati della lotteria subito dopo ogni estrazione. Scopri se sei il vincitore di Powerball, Mega Millions, Euromillions, UK Lotto e molte altre lotterie!","robots":{"index":"index","follow":"follow","max-snippet":"max-snippet:-1","max-image-preview":"max-image-preview:large","max-video-preview":"max-video-preview:-1"},"canonical":"https:\/\/lottohoy.com\/it\/risultati-della-lotteria\/","og_locale":"it_IT","og_type":"article","og_title":"Risultati della lotteria - Vincitori e ripartizione dei premi \u2794","og_description":"Risultati della lotteria subito dopo ogni estrazione. Scopri se sei il vincitore di Powerball, Mega Millions, Euromillions, UK Lotto e molte altre lotterie!","og_url":"https:\/\/lottohoy.com\/it\/risultati-della-lotteria\/","og_site_name":"Lottohoy","twitter_card":"summary_large_image","twitter_misc":{"Tempo di lettura stimato":"2 minuti"},"schema":{"@context":"https:\/\/schema.org","@graph":[{"@type":"WebPage","@id":"https:\/\/lottohoy.com\/it\/risultati-della-lotteria\/","url":"https:\/\/lottohoy.com\/it\/risultati-della-lotteria\/","name":"Risultati della lotteria - Vincitori e ripartizione dei premi \u2794","isPartOf":{"@id":"https:\/\/lottohoy.com\/it\/#website"},"datePublished":"2018-05-03T13:23:36+00:00","dateModified":"2018-05-03T13:23:36+00:00","description":"Risultati della lotteria subito dopo ogni estrazione. Scopri se sei il vincitore di Powerball, Mega Millions, Euromillions, UK Lotto e molte altre lotterie!","breadcrumb":{"@id":"https:\/\/lottohoy.com\/it\/risultati-della-lotteria\/#breadcrumb"},"inLanguage":"it-IT","potentialAction":[{"@type":"ReadAction","target":["https:\/\/lottohoy.com\/it\/risultati-della-lotteria\/"]}]},{"@type":"BreadcrumbList","@id":"https:\/\/lottohoy.com\/it\/risultati-della-lotteria\/#breadcrumb","itemListElement":[{"@type":"ListItem","position":1,"name":"Home","item":"https:\/\/lottohoy.com\/it\/"},{"@type":"ListItem","position":2,"name":"Risultati della lotteria"}]},{"@type":"WebSite","@id":"https:\/\/lottohoy.com\/it\/#website","url":"https:\/\/lottohoy.com\/it\/","name":"Lottohoy","description":"","potentialAction":[{"@type":"SearchAction","target":{"@type":"EntryPoint","urlTemplate":"https:\/\/lottohoy.com\/it\/?s={search_term_string}"},"query-input":{"@type":"PropertyValueSpecification","valueRequired":true,"valueName":"search_term_string"}}],"inLanguage":"it-IT"}]}},"_links":{"self":[{"href":"https:\/\/lottohoy.com\/it\/wp-json\/wp\/v2\/pages\/16891","targetHints":{"allow":["GET"]}}],"collection":[{"href":"https:\/\/lottohoy.com\/it\/wp-json\/wp\/v2\/pages"}],"about":[{"href":"https:\/\/lottohoy.com\/it\/wp-json\/wp\/v2\/types\/page"}],"author":[{"embeddable":true,"href":"https:\/\/lottohoy.com\/it\/wp-json\/wp\/v2\/users\/2"}],"replies":[{"embeddable":true,"href":"https:\/\/lottohoy.com\/it\/wp-json\/wp\/v2\/comments?post=16891"}],"version-history":[{"count":0,"href":"https:\/\/lottohoy.com\/it\/wp-json\/wp\/v2\/pages\/16891\/revisions"}],"wp:attachment":[{"href":"https:\/\/lottohoy.com\/it\/wp-json\/wp\/v2\/media?parent=16891"}],"curies":[{"name":"wp","href":"https:\/\/api.w.org\/{rel}","templated":true}]}}