{"id":16881,"date":"2018-08-23T10:32:43","date_gmt":"2018-08-23T09:32:43","guid":{"rendered":"https:\/\/lottohoy.com\/domande-frequenti-sulla-lotteria-online\/faq-del-saturday-lotto\/"},"modified":"2018-08-23T10:32:43","modified_gmt":"2018-08-23T09:32:43","slug":"faq-del-saturday-lotto","status":"publish","type":"page","link":"https:\/\/lottohoy.com\/it\/domande-frequenti-sulla-lotteria-online\/faq-del-saturday-lotto\/","title":{"rendered":"FAQ del Saturday Lotto"},"content":{"rendered":"<p>Il Saturday Lotto \u00e8 una lotteria nazionale australiana che viene estratta il sabato sera. Pur essendo una lotteria di portata nazionale, \u00e8 conosciuta con nomi diversi a seconda del territorio in cui viene commercializzata.<\/p>\n<h2><b>Regole della lotteria australiana del sabato<\/b><\/h2>\n<p>Il Saturday Lotto \u00e8 una lotteria facile da capire e da giocare. Il giocatore deve semplicemente scegliere sei numeri su 45 possibili, corrispondenti alle palline numerate da 1 a 45 compreso.<\/p>\n<p>I premi sono distribuiti per categorie in base ai numeri indovinati dal giocatore, che sono indicati in questo riquadro:<\/p>\n<p>1\u00aa Categoria 6 numeri indovinati<\/p>\n<p>2\u00aa Categoria 5 numeri indovinati + 1 o 2 numeri complementari<\/p>\n<p>3\u00aa Categoria 5 numeri indovinati<\/p>\n<p>4\u00aa Categoria 4 numeri indovinati<\/p>\n<p>5\u00aa Categoria 3 numeri indovinati + 1 o 2 numeri complementari<\/p>\n<p>6\u00aa Categoria 1 o 2 numeri indovinati + i 2 numeri complementari <\/p>\n<p><strong>Quali sono i numeri complementari del Saturday Lotto?<\/strong><\/p>\n<p>Oltre alle sei palline che comporranno la combinazione dei numeri vincenti, vengono estratte altre due palline chiamate \u201ccomplementari\u201d.<\/p>\n<p>Queste palline extra o complementari non influenzano la categoria di premio massima, ma vengono utilizzate per determinare la seconda e la quinta categoria di premi.<\/p>\n<p>Allo stesso modo, questi numeri complementari sono necessari per completare uno o due numeri vincenti della combinazione principale, e questo configurer\u00e0 la sesta categoria di premi.<\/p>\n<p><strong>Jackpot del Saturday Lotto<\/strong><\/p>\n<p>Nel Saturday Lotto, non si pu\u00f2 considerare il primo premio di categoria come un jackpot come in altre lotterie, poich\u00e9 il premio \u00e8 predeterminato in anticipo. Questo premio \u00e8 di 1.000.000 di dollari australiani per vincitore, fino a un massimo di quattro milioni.<\/p>\n<p>Nel caso in cui ci siano pi\u00f9 di quattro vincitori, l&#8217;importo totale di 4.000.000 di dollari australiani viene diviso equamente tra tutti i vincitori.<\/p>\n<p>In generale, poich\u00e9 \u00e8 relativamente facile indovinare i sei numeri su 45, \u00e8 molto comune che molte lotterie abbiano diversi vincitori e che il premio venga diviso.<\/p>\n","protected":false},"excerpt":{"rendered":"<p>Il Saturday Lotto \u00e8 una lotteria nazionale australiana che viene estratta il sabato sera. Pur essendo una lotteria di portata nazionale, \u00e8 conosciuta con nomi diversi a seconda del territorio in cui viene commercializzata. Regole della lotteria australiana del sabato Il Saturday Lotto \u00e8 una lotteria facile da capire e da giocare. Il giocatore deve [&hellip;]<\/p>\n","protected":false},"author":2,"featured_media":0,"parent":16743,"menu_order":19,"comment_status":"closed","ping_status":"closed","template":"saturday-lotto-info.php","meta":{"_et_pb_use_builder":"","_et_pb_old_content":"","_et_gb_content_width":"","exclude_from_search":false,"footnotes":""},"class_list":["post-16881","page","type-page","status-publish","hentry"],"yoast_head":"<!-- This site is optimized with the Yoast SEO plugin v23.7 - https:\/\/yoast.com\/wordpress\/plugins\/seo\/ -->\n<title>FAQ sul Saturday Lotto - La lotteria australiana del fine settimana<\/title>\n<meta name=\"description\" content=\"Il Saturday Lotto \u00e8 un gioco facile da capire e da giocare. Devi solo scegliere 6 numeri su 45 possibili. Scopri tutte le regole e i trucchi migliori!\" \/>\n<meta name=\"robots\" content=\"index, follow, max-snippet:-1, max-image-preview:large, max-video-preview:-1\" \/>\n<link rel=\"canonical\" href=\"https:\/\/lottohoy.com\/it\/domande-frequenti-sulla-lotteria-online\/faq-del-saturday-lotto\/\" \/>\n<meta property=\"og:locale\" content=\"it_IT\" \/>\n<meta property=\"og:type\" content=\"article\" \/>\n<meta property=\"og:title\" content=\"FAQ sul Saturday Lotto - La lotteria australiana del fine settimana\" \/>\n<meta property=\"og:description\" content=\"Il Saturday Lotto \u00e8 un gioco facile da capire e da giocare. Devi solo scegliere 6 numeri su 45 possibili. Scopri tutte le regole e i trucchi migliori!\" \/>\n<meta property=\"og:url\" content=\"https:\/\/lottohoy.com\/it\/domande-frequenti-sulla-lotteria-online\/faq-del-saturday-lotto\/\" \/>\n<meta property=\"og:site_name\" content=\"Lottohoy\" \/>\n<meta name=\"twitter:card\" content=\"summary_large_image\" \/>\n<meta name=\"twitter:label1\" content=\"Tempo di lettura stimato\" \/>\n\t<meta name=\"twitter:data1\" content=\"1 minuto\" \/>\n<script type=\"application\/ld+json\" class=\"yoast-schema-graph\">{\"@context\":\"https:\/\/schema.org\",\"@graph\":[{\"@type\":\"WebPage\",\"@id\":\"https:\/\/lottohoy.com\/it\/domande-frequenti-sulla-lotteria-online\/faq-del-saturday-lotto\/\",\"url\":\"https:\/\/lottohoy.com\/it\/domande-frequenti-sulla-lotteria-online\/faq-del-saturday-lotto\/\",\"name\":\"FAQ sul Saturday Lotto - La lotteria australiana del fine settimana\",\"isPartOf\":{\"@id\":\"https:\/\/lottohoy.com\/it\/#website\"},\"datePublished\":\"2018-08-23T09:32:43+00:00\",\"dateModified\":\"2018-08-23T09:32:43+00:00\",\"description\":\"Il Saturday Lotto \u00e8 un gioco facile da capire e da giocare. Devi solo scegliere 6 numeri su 45 possibili. Scopri tutte le regole e i trucchi migliori!\",\"breadcrumb\":{\"@id\":\"https:\/\/lottohoy.com\/it\/domande-frequenti-sulla-lotteria-online\/faq-del-saturday-lotto\/#breadcrumb\"},\"inLanguage\":\"it-IT\",\"potentialAction\":[{\"@type\":\"ReadAction\",\"target\":[\"https:\/\/lottohoy.com\/it\/domande-frequenti-sulla-lotteria-online\/faq-del-saturday-lotto\/\"]}]},{\"@type\":\"BreadcrumbList\",\"@id\":\"https:\/\/lottohoy.com\/it\/domande-frequenti-sulla-lotteria-online\/faq-del-saturday-lotto\/#breadcrumb\",\"itemListElement\":[{\"@type\":\"ListItem\",\"position\":1,\"name\":\"Home\",\"item\":\"https:\/\/lottohoy.com\/it\/\"},{\"@type\":\"ListItem\",\"position\":2,\"name\":\"Domande frequenti sulla lotteria online\",\"item\":\"https:\/\/lottohoy.com\/it\/domande-frequenti-sulla-lotteria-online\/\"},{\"@type\":\"ListItem\",\"position\":3,\"name\":\"FAQ del Saturday Lotto\"}]},{\"@type\":\"WebSite\",\"@id\":\"https:\/\/lottohoy.com\/it\/#website\",\"url\":\"https:\/\/lottohoy.com\/it\/\",\"name\":\"Lottohoy\",\"description\":\"\",\"potentialAction\":[{\"@type\":\"SearchAction\",\"target\":{\"@type\":\"EntryPoint\",\"urlTemplate\":\"https:\/\/lottohoy.com\/it\/?s={search_term_string}\"},\"query-input\":{\"@type\":\"PropertyValueSpecification\",\"valueRequired\":true,\"valueName\":\"search_term_string\"}}],\"inLanguage\":\"it-IT\"}]}<\/script>\n<!-- \/ Yoast SEO plugin. -->","yoast_head_json":{"title":"FAQ sul Saturday Lotto - La lotteria australiana del fine settimana","description":"Il Saturday Lotto \u00e8 un gioco facile da capire e da giocare. Devi solo scegliere 6 numeri su 45 possibili. Scopri tutte le regole e i trucchi migliori!","robots":{"index":"index","follow":"follow","max-snippet":"max-snippet:-1","max-image-preview":"max-image-preview:large","max-video-preview":"max-video-preview:-1"},"canonical":"https:\/\/lottohoy.com\/it\/domande-frequenti-sulla-lotteria-online\/faq-del-saturday-lotto\/","og_locale":"it_IT","og_type":"article","og_title":"FAQ sul Saturday Lotto - La lotteria australiana del fine settimana","og_description":"Il Saturday Lotto \u00e8 un gioco facile da capire e da giocare. Devi solo scegliere 6 numeri su 45 possibili. Scopri tutte le regole e i trucchi migliori!","og_url":"https:\/\/lottohoy.com\/it\/domande-frequenti-sulla-lotteria-online\/faq-del-saturday-lotto\/","og_site_name":"Lottohoy","twitter_card":"summary_large_image","twitter_misc":{"Tempo di lettura stimato":"1 minuto"},"schema":{"@context":"https:\/\/schema.org","@graph":[{"@type":"WebPage","@id":"https:\/\/lottohoy.com\/it\/domande-frequenti-sulla-lotteria-online\/faq-del-saturday-lotto\/","url":"https:\/\/lottohoy.com\/it\/domande-frequenti-sulla-lotteria-online\/faq-del-saturday-lotto\/","name":"FAQ sul Saturday Lotto - La lotteria australiana del fine settimana","isPartOf":{"@id":"https:\/\/lottohoy.com\/it\/#website"},"datePublished":"2018-08-23T09:32:43+00:00","dateModified":"2018-08-23T09:32:43+00:00","description":"Il Saturday Lotto \u00e8 un gioco facile da capire e da giocare. Devi solo scegliere 6 numeri su 45 possibili. Scopri tutte le regole e i trucchi migliori!","breadcrumb":{"@id":"https:\/\/lottohoy.com\/it\/domande-frequenti-sulla-lotteria-online\/faq-del-saturday-lotto\/#breadcrumb"},"inLanguage":"it-IT","potentialAction":[{"@type":"ReadAction","target":["https:\/\/lottohoy.com\/it\/domande-frequenti-sulla-lotteria-online\/faq-del-saturday-lotto\/"]}]},{"@type":"BreadcrumbList","@id":"https:\/\/lottohoy.com\/it\/domande-frequenti-sulla-lotteria-online\/faq-del-saturday-lotto\/#breadcrumb","itemListElement":[{"@type":"ListItem","position":1,"name":"Home","item":"https:\/\/lottohoy.com\/it\/"},{"@type":"ListItem","position":2,"name":"Domande frequenti sulla lotteria online","item":"https:\/\/lottohoy.com\/it\/domande-frequenti-sulla-lotteria-online\/"},{"@type":"ListItem","position":3,"name":"FAQ del Saturday Lotto"}]},{"@type":"WebSite","@id":"https:\/\/lottohoy.com\/it\/#website","url":"https:\/\/lottohoy.com\/it\/","name":"Lottohoy","description":"","potentialAction":[{"@type":"SearchAction","target":{"@type":"EntryPoint","urlTemplate":"https:\/\/lottohoy.com\/it\/?s={search_term_string}"},"query-input":{"@type":"PropertyValueSpecification","valueRequired":true,"valueName":"search_term_string"}}],"inLanguage":"it-IT"}]}},"_links":{"self":[{"href":"https:\/\/lottohoy.com\/it\/wp-json\/wp\/v2\/pages\/16881","targetHints":{"allow":["GET"]}}],"collection":[{"href":"https:\/\/lottohoy.com\/it\/wp-json\/wp\/v2\/pages"}],"about":[{"href":"https:\/\/lottohoy.com\/it\/wp-json\/wp\/v2\/types\/page"}],"author":[{"embeddable":true,"href":"https:\/\/lottohoy.com\/it\/wp-json\/wp\/v2\/users\/2"}],"replies":[{"embeddable":true,"href":"https:\/\/lottohoy.com\/it\/wp-json\/wp\/v2\/comments?post=16881"}],"version-history":[{"count":0,"href":"https:\/\/lottohoy.com\/it\/wp-json\/wp\/v2\/pages\/16881\/revisions"}],"up":[{"embeddable":true,"href":"https:\/\/lottohoy.com\/it\/wp-json\/wp\/v2\/pages\/16743"}],"wp:attachment":[{"href":"https:\/\/lottohoy.com\/it\/wp-json\/wp\/v2\/media?parent=16881"}],"curies":[{"name":"wp","href":"https:\/\/api.w.org\/{rel}","templated":true}]}}