{"id":16877,"date":"2018-08-21T10:29:37","date_gmt":"2018-08-21T09:29:37","guid":{"rendered":"https:\/\/lottohoy.com\/domande-frequenti-sulla-lotteria-online\/powerball-au-faq\/"},"modified":"2018-08-21T10:29:37","modified_gmt":"2018-08-21T09:29:37","slug":"powerball-au-faq","status":"publish","type":"page","link":"https:\/\/lottohoy.com\/it\/domande-frequenti-sulla-lotteria-online\/powerball-au-faq\/","title":{"rendered":"Powerball AU FAQ"},"content":{"rendered":"<p>Il PowerBall AU \u00e8 apparso sul mercato il 23 marzo 1996. Inizialmente il giocatore doveva scegliere 5 numeri tra i 45 che formavano la prima parte della tabella, e scegliere anche 1 numero aggiuntivo noto come \u201cPowerball\u201d del secondo gruppo.<\/p>\n<h2>Regole del Powerball AU<\/h2>\n<p>Nel marzo 2013, il regolamento \u00e8 stato modificato e si \u00e8 stabilito che la combinazione vincente deve essere ottenuta da 6 numeri su 40 del primo gruppo nella colonna e da una pallina tra i 20 numeri possibili in basso. Questa modifica ha portato all&#8217;introduzione di una nuova categoria di premi.<\/p>\n<p>Da aprile 2018, c&#8217;\u00e8 stata una nuova variazione, \u00e8 stato stabilito che le palline che fanno parte del primo gruppo sono state ridotte a 35, e che invece di 6 palline per ottenere la combinazione vincente, devono essere 7 palline pi\u00f9 la pallina Powerball del secondo gruppo, che rimane invariato.<\/p>\n<h2><strong>Premi PowerBall Australia<\/strong><\/h2>\n<p>Le categorie di premi in PowerBall AU sono le seguenti:<\/p>\n<p>1a categoria 7 palline + powerball<\/p>\n<p>2\u00aa categoria 7 palline<\/p>\n<p>3\u00aa categoria 6 palline + powerball<\/p>\n<p>4\u00aa categoria 6 palline<\/p>\n<p>5\u00aa categoria 5 palline + powerball<\/p>\n<p>6\u00aa categoria 4 palline + powerball<\/p>\n<p>7\u00aa categoria 5 palline<\/p>\n<p>8\u00aa categoria 3 palline + powerball<\/p>\n<p>9\u00aa categoria 2 palline + powerball<\/p>\n<h2>Vantaggi di giocare online al PowerBall australiano<\/h2>\n<ul>\n<li>Gioca in modo facile, veloce e comodo<\/li>\n<li>Senza dover viaggiare in Australia per partecipare ai loro jackpot milionari<\/li>\n<li>Gioca da qualsiasi dispositivo mobile, tablet o desktop, con una connessione internet di base.<\/li>\n<li>Hai informazioni costanti su tutte le estrazioni, i jackpot accumulati e i premi vinti<\/li>\n<li>\u00c8 sicuro e affidabile per tutti i metodi di pagamento.<\/li>\n<li>Quando un utente registrato ha vinto un premio, aggiungiamo automaticamente tale importo al suo conto utente.<\/li>\n<\/ul>\n<h2>Jackpot PowerBall AU<\/h2>\n<p>Il jackpot minimo garantito per il PowerBall AU \u00e8 di 3 milioni di dollari australiani e non vi \u00e8 alcun limite di accumulo, quindi il jackpot pu\u00f2 arrivare a superare i molti milioni di dollari.<\/p>\n<p>Il jackpot record fino ad oggi \u00e8 di 80 milioni di dollari australiani, raggiunto nel luglio 2009 e condiviso da due vincitori del New South Wales e del Victoria.<\/p>\n<p>Dall&#8217;ultimo aggiornamento delle regole nell&#8217;aprile 2018, il jackpot \u00e8 stato vinto solo due volte:<\/p>\n<ul>\n<li>Il 19 aprile<sup> 2018,<\/sup> in occasione della prima estrazione secondo le nuove regole, \u00e8 stato assegnato un premio di prima categoria per un importo di 8 milioni di dollari australiani.<\/li>\n<li>Il 7 giugno 2018, il vincitore ha ottenuto un premio di prima categoria per un importo di 50 milioni di dollari australiani.<\/li>\n<\/ul>\n<p>Il Saturday Lotto \u00e8 una lotteria nazionale australiana che viene estratta il sabato sera. Pur essendo una lotteria di portata nazionale, \u00e8 conosciuta con nomi diversi a seconda del territorio in cui viene commercializzata.<\/p>\n","protected":false},"excerpt":{"rendered":"<p>Il PowerBall AU \u00e8 apparso sul mercato il 23 marzo 1996. Inizialmente il giocatore doveva scegliere 5 numeri tra i 45 che formavano la prima parte della tabella, e scegliere anche 1 numero aggiuntivo noto come \u201cPowerball\u201d del secondo gruppo. Regole del Powerball AU Nel marzo 2013, il regolamento \u00e8 stato modificato e si \u00e8 [&hellip;]<\/p>\n","protected":false},"author":2,"featured_media":0,"parent":16743,"menu_order":17,"comment_status":"closed","ping_status":"closed","template":"powerball-au-info.php","meta":{"_et_pb_use_builder":"","_et_pb_old_content":"","_et_gb_content_width":"","exclude_from_search":false,"footnotes":""},"class_list":["post-16877","page","type-page","status-publish","hentry"],"yoast_head":"<!-- This site is optimized with the Yoast SEO plugin v23.7 - https:\/\/yoast.com\/wordpress\/plugins\/seo\/ -->\n<title>\u25b7 Powerball AU FAQ \u25b7 Regole del Powerball Australia | Lottohoy<\/title>\n<meta name=\"description\" content=\"Il PowerBall AU \u00e8 la pi\u00f9 grande lotteria australiana. Di seguito troverete tutte le informazioni su questo gioco: regole, risultati, jackpot e alcuni trucchi per vincere di pi\u00f9.\" \/>\n<meta name=\"robots\" content=\"index, follow, max-snippet:-1, max-image-preview:large, max-video-preview:-1\" \/>\n<link rel=\"canonical\" href=\"https:\/\/lottohoy.com\/it\/domande-frequenti-sulla-lotteria-online\/powerball-au-faq\/\" \/>\n<meta property=\"og:locale\" content=\"it_IT\" \/>\n<meta property=\"og:type\" content=\"article\" \/>\n<meta property=\"og:title\" content=\"\u25b7 Powerball AU FAQ \u25b7 Regole del Powerball Australia | Lottohoy\" \/>\n<meta property=\"og:description\" content=\"Il PowerBall AU \u00e8 la pi\u00f9 grande lotteria australiana. Di seguito troverete tutte le informazioni su questo gioco: regole, risultati, jackpot e alcuni trucchi per vincere di pi\u00f9.\" \/>\n<meta property=\"og:url\" content=\"https:\/\/lottohoy.com\/it\/domande-frequenti-sulla-lotteria-online\/powerball-au-faq\/\" \/>\n<meta property=\"og:site_name\" content=\"Lottohoy\" \/>\n<meta name=\"twitter:card\" content=\"summary_large_image\" \/>\n<meta name=\"twitter:label1\" content=\"Tempo di lettura stimato\" \/>\n\t<meta name=\"twitter:data1\" content=\"2 minuti\" \/>\n<script type=\"application\/ld+json\" class=\"yoast-schema-graph\">{\"@context\":\"https:\/\/schema.org\",\"@graph\":[{\"@type\":\"WebPage\",\"@id\":\"https:\/\/lottohoy.com\/it\/domande-frequenti-sulla-lotteria-online\/powerball-au-faq\/\",\"url\":\"https:\/\/lottohoy.com\/it\/domande-frequenti-sulla-lotteria-online\/powerball-au-faq\/\",\"name\":\"\u25b7 Powerball AU FAQ \u25b7 Regole del Powerball Australia | Lottohoy\",\"isPartOf\":{\"@id\":\"https:\/\/lottohoy.com\/it\/#website\"},\"datePublished\":\"2018-08-21T09:29:37+00:00\",\"dateModified\":\"2018-08-21T09:29:37+00:00\",\"description\":\"Il PowerBall AU \u00e8 la pi\u00f9 grande lotteria australiana. Di seguito troverete tutte le informazioni su questo gioco: regole, risultati, jackpot e alcuni trucchi per vincere di pi\u00f9.\",\"breadcrumb\":{\"@id\":\"https:\/\/lottohoy.com\/it\/domande-frequenti-sulla-lotteria-online\/powerball-au-faq\/#breadcrumb\"},\"inLanguage\":\"it-IT\",\"potentialAction\":[{\"@type\":\"ReadAction\",\"target\":[\"https:\/\/lottohoy.com\/it\/domande-frequenti-sulla-lotteria-online\/powerball-au-faq\/\"]}]},{\"@type\":\"BreadcrumbList\",\"@id\":\"https:\/\/lottohoy.com\/it\/domande-frequenti-sulla-lotteria-online\/powerball-au-faq\/#breadcrumb\",\"itemListElement\":[{\"@type\":\"ListItem\",\"position\":1,\"name\":\"Home\",\"item\":\"https:\/\/lottohoy.com\/it\/\"},{\"@type\":\"ListItem\",\"position\":2,\"name\":\"Domande frequenti sulla lotteria online\",\"item\":\"https:\/\/lottohoy.com\/it\/domande-frequenti-sulla-lotteria-online\/\"},{\"@type\":\"ListItem\",\"position\":3,\"name\":\"Powerball AU FAQ\"}]},{\"@type\":\"WebSite\",\"@id\":\"https:\/\/lottohoy.com\/it\/#website\",\"url\":\"https:\/\/lottohoy.com\/it\/\",\"name\":\"Lottohoy\",\"description\":\"\",\"potentialAction\":[{\"@type\":\"SearchAction\",\"target\":{\"@type\":\"EntryPoint\",\"urlTemplate\":\"https:\/\/lottohoy.com\/it\/?s={search_term_string}\"},\"query-input\":{\"@type\":\"PropertyValueSpecification\",\"valueRequired\":true,\"valueName\":\"search_term_string\"}}],\"inLanguage\":\"it-IT\"}]}<\/script>\n<!-- \/ Yoast SEO plugin. -->","yoast_head_json":{"title":"\u25b7 Powerball AU FAQ \u25b7 Regole del Powerball Australia | Lottohoy","description":"Il PowerBall AU \u00e8 la pi\u00f9 grande lotteria australiana. Di seguito troverete tutte le informazioni su questo gioco: regole, risultati, jackpot e alcuni trucchi per vincere di pi\u00f9.","robots":{"index":"index","follow":"follow","max-snippet":"max-snippet:-1","max-image-preview":"max-image-preview:large","max-video-preview":"max-video-preview:-1"},"canonical":"https:\/\/lottohoy.com\/it\/domande-frequenti-sulla-lotteria-online\/powerball-au-faq\/","og_locale":"it_IT","og_type":"article","og_title":"\u25b7 Powerball AU FAQ \u25b7 Regole del Powerball Australia | Lottohoy","og_description":"Il PowerBall AU \u00e8 la pi\u00f9 grande lotteria australiana. Di seguito troverete tutte le informazioni su questo gioco: regole, risultati, jackpot e alcuni trucchi per vincere di pi\u00f9.","og_url":"https:\/\/lottohoy.com\/it\/domande-frequenti-sulla-lotteria-online\/powerball-au-faq\/","og_site_name":"Lottohoy","twitter_card":"summary_large_image","twitter_misc":{"Tempo di lettura stimato":"2 minuti"},"schema":{"@context":"https:\/\/schema.org","@graph":[{"@type":"WebPage","@id":"https:\/\/lottohoy.com\/it\/domande-frequenti-sulla-lotteria-online\/powerball-au-faq\/","url":"https:\/\/lottohoy.com\/it\/domande-frequenti-sulla-lotteria-online\/powerball-au-faq\/","name":"\u25b7 Powerball AU FAQ \u25b7 Regole del Powerball Australia | Lottohoy","isPartOf":{"@id":"https:\/\/lottohoy.com\/it\/#website"},"datePublished":"2018-08-21T09:29:37+00:00","dateModified":"2018-08-21T09:29:37+00:00","description":"Il PowerBall AU \u00e8 la pi\u00f9 grande lotteria australiana. Di seguito troverete tutte le informazioni su questo gioco: regole, risultati, jackpot e alcuni trucchi per vincere di pi\u00f9.","breadcrumb":{"@id":"https:\/\/lottohoy.com\/it\/domande-frequenti-sulla-lotteria-online\/powerball-au-faq\/#breadcrumb"},"inLanguage":"it-IT","potentialAction":[{"@type":"ReadAction","target":["https:\/\/lottohoy.com\/it\/domande-frequenti-sulla-lotteria-online\/powerball-au-faq\/"]}]},{"@type":"BreadcrumbList","@id":"https:\/\/lottohoy.com\/it\/domande-frequenti-sulla-lotteria-online\/powerball-au-faq\/#breadcrumb","itemListElement":[{"@type":"ListItem","position":1,"name":"Home","item":"https:\/\/lottohoy.com\/it\/"},{"@type":"ListItem","position":2,"name":"Domande frequenti sulla lotteria online","item":"https:\/\/lottohoy.com\/it\/domande-frequenti-sulla-lotteria-online\/"},{"@type":"ListItem","position":3,"name":"Powerball AU FAQ"}]},{"@type":"WebSite","@id":"https:\/\/lottohoy.com\/it\/#website","url":"https:\/\/lottohoy.com\/it\/","name":"Lottohoy","description":"","potentialAction":[{"@type":"SearchAction","target":{"@type":"EntryPoint","urlTemplate":"https:\/\/lottohoy.com\/it\/?s={search_term_string}"},"query-input":{"@type":"PropertyValueSpecification","valueRequired":true,"valueName":"search_term_string"}}],"inLanguage":"it-IT"}]}},"_links":{"self":[{"href":"https:\/\/lottohoy.com\/it\/wp-json\/wp\/v2\/pages\/16877","targetHints":{"allow":["GET"]}}],"collection":[{"href":"https:\/\/lottohoy.com\/it\/wp-json\/wp\/v2\/pages"}],"about":[{"href":"https:\/\/lottohoy.com\/it\/wp-json\/wp\/v2\/types\/page"}],"author":[{"embeddable":true,"href":"https:\/\/lottohoy.com\/it\/wp-json\/wp\/v2\/users\/2"}],"replies":[{"embeddable":true,"href":"https:\/\/lottohoy.com\/it\/wp-json\/wp\/v2\/comments?post=16877"}],"version-history":[{"count":0,"href":"https:\/\/lottohoy.com\/it\/wp-json\/wp\/v2\/pages\/16877\/revisions"}],"up":[{"embeddable":true,"href":"https:\/\/lottohoy.com\/it\/wp-json\/wp\/v2\/pages\/16743"}],"wp:attachment":[{"href":"https:\/\/lottohoy.com\/it\/wp-json\/wp\/v2\/media?parent=16877"}],"curies":[{"name":"wp","href":"https:\/\/api.w.org\/{rel}","templated":true}]}}