{"id":16866,"date":"2020-08-10T16:00:00","date_gmt":"2020-08-10T15:00:00","guid":{"rendered":"https:\/\/lottohoy.com\/domande-frequenti-sulla-lotteria-online\/informazioni-sulla-mega-sena\/"},"modified":"2020-08-10T16:00:00","modified_gmt":"2020-08-10T15:00:00","slug":"informazioni-sulla-mega-sena","status":"publish","type":"page","link":"https:\/\/lottohoy.com\/it\/domande-frequenti-sulla-lotteria-online\/informazioni-sulla-mega-sena\/","title":{"rendered":"Informazioni sulla Mega Sena"},"content":{"rendered":"<h2>Cos&#8217;\u00e8 la Mega Sena?<\/h2>\n<p>Questa lotteria \u00e8 stata creata nel marzo 1996 ed \u00e8 gestita dalla banca federale Caixa Economica, un istituto finanziario che dipende dal governo federale brasiliano come societ\u00e0 pubblica, con il 100% del capitale<\/p>\n<p>Questa lotteria, la pi\u00f9 grande di tutto il Sud America, ha un premio minimo garantito di 2.000.000 di R$ per i vincitori di prima categoria (6 numeri)<\/p>\n<p>Nel caso in cui non ci sia alcun vincitore nella prima categoria, l&#8217;importo sar\u00e0 accumulato indefinitamente per le estrazioni successive, fino a quando non ci saranno vincitori.<\/p>\n<h2>Come si gioca a Mega Sena?<\/h2>\n<p>Per giocare alle estrazioni online di Mega Sena, il giocatore deve impostare la sua previsione selezionando 6 numeri tra 1 e 60, e pu\u00f2 farlo in modo tradizionale, cio\u00e8 segnando manualmente le sei caselle, oppure lasciando che sia il sistema stesso a scegliere la combinazione a caso.<\/p>\n<p>Le scommesse multiple, che possono essere effettuate con biglietti fisici, non sono possibili (almeno per il momento) sulla nostra piattaforma online.<\/p>\n<h2>Prezzo delle scommesse<\/h2>\n<p>Il prezzo di ogni scommessa Mega Sena su LottoHoy \u00e8 di 2 \u20ac.<\/p>\n<h2>Estrazione speciale di fine anno Mega Sena<\/h2>\n<p>Alla fine dell&#8217;anno si tiene un&#8217;estrazione speciale e il premio si accumula raccogliendo il 5% dei proventi delle normali estrazioni durante tutto l&#8217;anno.<\/p>\n<p>Questa estrazione speciale si chiama Mega Sena da Virada e i biglietti vengono venduti tra novembre e dicembre per l&#8217;estrazione del 31 dicembre.<\/p>\n<p>La distribuzione dei premi \u00e8 molto simile alle normali estrazioni settimanali, il 62% dei premi raccolti andr\u00e0 ai vincitori della prima categoria (6 numeri) chiamata anche Sena,<\/p>\n<p>La seconda categoria di premi (o Kina 5 colpi) della Mega Virada, distribuisce il 19% del denaro raccolto, cos\u00ec come la terza categoria (Quadra 4 colpi)<\/p>\n<p>Se non ci sono vincitori nella prima categoria, il premio sar\u00e0 accumulato per i possibili vincitori nella seconda categoria, e se non ci sono vincitori nella prima e nella seconda categoria, il premio sar\u00e0 distribuito tra i vincitori di 4 partite nella terza categoria.<\/p>\n<p>Se non ci sono vincitori in nessuna delle categorie, l&#8217;importo dei premi sar\u00e0 accumulato per l&#8217;estrazione successiva nelle rispettive categorie.<\/p>\n<h2>Estrazioni straordinarie della lotteria Mega Sena<\/h2>\n<p>Oltre alla speciale estrazione di Capodanno Maga Sena da Virada, ci sono un paio di altre estrazioni in cui i giocatori possono tentare la fortuna.<\/p>\n<p>La Lotof\u00e1cil da Independ\u00eancia, che coincide con la data dell&#8217;indipendenza del paese, il 7 settembre.<\/p>\n<p>E il DuplaSena che coincide con la Pasqua, e si chiama Dupla de Pascoa<\/p>\n<h3>Categorie di premi<\/h3>\n<p>Ci sono 3 categorie di premi in totale, come si pu\u00f2 vedere nella tabella sottostante<\/p>\n","protected":false},"excerpt":{"rendered":"<p>Cos&#8217;\u00e8 la Mega Sena? Questa lotteria \u00e8 stata creata nel marzo 1996 ed \u00e8 gestita dalla banca federale Caixa Economica, un istituto finanziario che dipende dal governo federale brasiliano come societ\u00e0 pubblica, con il 100% del capitale Questa lotteria, la pi\u00f9 grande di tutto il Sud America, ha un premio minimo garantito di 2.000.000 di [&hellip;]<\/p>\n","protected":false},"author":2,"featured_media":0,"parent":16743,"menu_order":16,"comment_status":"closed","ping_status":"closed","template":"megasena-info.php","meta":{"_et_pb_use_builder":"","_et_pb_old_content":"","_et_gb_content_width":"","exclude_from_search":false,"footnotes":""},"class_list":["post-16866","page","type-page","status-publish","hentry"],"yoast_head":"<!-- This site is optimized with the Yoast SEO plugin v23.7 - https:\/\/yoast.com\/wordpress\/plugins\/seo\/ -->\n<title>Informazioni sulla lotteria Mega Sena - Lottohoy.com<\/title>\n<meta name=\"description\" content=\"Tutti i dettagli e le informazioni sulla lotteria Mega Sena, dettagli su prezzi, giocate e vantaggi del gioco online\" \/>\n<meta name=\"robots\" content=\"index, follow, max-snippet:-1, max-image-preview:large, max-video-preview:-1\" \/>\n<link rel=\"canonical\" href=\"https:\/\/lottohoy.com\/it\/domande-frequenti-sulla-lotteria-online\/informazioni-sulla-mega-sena\/\" \/>\n<meta property=\"og:locale\" content=\"it_IT\" \/>\n<meta property=\"og:type\" content=\"article\" \/>\n<meta property=\"og:title\" content=\"Informazioni sulla lotteria Mega Sena - Lottohoy.com\" \/>\n<meta property=\"og:description\" content=\"Tutti i dettagli e le informazioni sulla lotteria Mega Sena, dettagli su prezzi, giocate e vantaggi del gioco online\" \/>\n<meta property=\"og:url\" content=\"https:\/\/lottohoy.com\/it\/domande-frequenti-sulla-lotteria-online\/informazioni-sulla-mega-sena\/\" \/>\n<meta property=\"og:site_name\" content=\"Lottohoy\" \/>\n<meta name=\"twitter:card\" content=\"summary_large_image\" \/>\n<meta name=\"twitter:label1\" content=\"Tempo di lettura stimato\" \/>\n\t<meta name=\"twitter:data1\" content=\"2 minuti\" \/>\n<script type=\"application\/ld+json\" class=\"yoast-schema-graph\">{\"@context\":\"https:\/\/schema.org\",\"@graph\":[{\"@type\":\"WebPage\",\"@id\":\"https:\/\/lottohoy.com\/it\/domande-frequenti-sulla-lotteria-online\/informazioni-sulla-mega-sena\/\",\"url\":\"https:\/\/lottohoy.com\/it\/domande-frequenti-sulla-lotteria-online\/informazioni-sulla-mega-sena\/\",\"name\":\"Informazioni sulla lotteria Mega Sena - Lottohoy.com\",\"isPartOf\":{\"@id\":\"https:\/\/lottohoy.com\/it\/#website\"},\"datePublished\":\"2020-08-10T15:00:00+00:00\",\"dateModified\":\"2020-08-10T15:00:00+00:00\",\"description\":\"Tutti i dettagli e le informazioni sulla lotteria Mega Sena, dettagli su prezzi, giocate e vantaggi del gioco online\",\"breadcrumb\":{\"@id\":\"https:\/\/lottohoy.com\/it\/domande-frequenti-sulla-lotteria-online\/informazioni-sulla-mega-sena\/#breadcrumb\"},\"inLanguage\":\"it-IT\",\"potentialAction\":[{\"@type\":\"ReadAction\",\"target\":[\"https:\/\/lottohoy.com\/it\/domande-frequenti-sulla-lotteria-online\/informazioni-sulla-mega-sena\/\"]}]},{\"@type\":\"BreadcrumbList\",\"@id\":\"https:\/\/lottohoy.com\/it\/domande-frequenti-sulla-lotteria-online\/informazioni-sulla-mega-sena\/#breadcrumb\",\"itemListElement\":[{\"@type\":\"ListItem\",\"position\":1,\"name\":\"Home\",\"item\":\"https:\/\/lottohoy.com\/it\/\"},{\"@type\":\"ListItem\",\"position\":2,\"name\":\"Domande frequenti sulla lotteria online\",\"item\":\"https:\/\/lottohoy.com\/it\/domande-frequenti-sulla-lotteria-online\/\"},{\"@type\":\"ListItem\",\"position\":3,\"name\":\"Informazioni sulla Mega Sena\"}]},{\"@type\":\"WebSite\",\"@id\":\"https:\/\/lottohoy.com\/it\/#website\",\"url\":\"https:\/\/lottohoy.com\/it\/\",\"name\":\"Lottohoy\",\"description\":\"\",\"potentialAction\":[{\"@type\":\"SearchAction\",\"target\":{\"@type\":\"EntryPoint\",\"urlTemplate\":\"https:\/\/lottohoy.com\/it\/?s={search_term_string}\"},\"query-input\":{\"@type\":\"PropertyValueSpecification\",\"valueRequired\":true,\"valueName\":\"search_term_string\"}}],\"inLanguage\":\"it-IT\"}]}<\/script>\n<!-- \/ Yoast SEO plugin. -->","yoast_head_json":{"title":"Informazioni sulla lotteria Mega Sena - Lottohoy.com","description":"Tutti i dettagli e le informazioni sulla lotteria Mega Sena, dettagli su prezzi, giocate e vantaggi del gioco online","robots":{"index":"index","follow":"follow","max-snippet":"max-snippet:-1","max-image-preview":"max-image-preview:large","max-video-preview":"max-video-preview:-1"},"canonical":"https:\/\/lottohoy.com\/it\/domande-frequenti-sulla-lotteria-online\/informazioni-sulla-mega-sena\/","og_locale":"it_IT","og_type":"article","og_title":"Informazioni sulla lotteria Mega Sena - Lottohoy.com","og_description":"Tutti i dettagli e le informazioni sulla lotteria Mega Sena, dettagli su prezzi, giocate e vantaggi del gioco online","og_url":"https:\/\/lottohoy.com\/it\/domande-frequenti-sulla-lotteria-online\/informazioni-sulla-mega-sena\/","og_site_name":"Lottohoy","twitter_card":"summary_large_image","twitter_misc":{"Tempo di lettura stimato":"2 minuti"},"schema":{"@context":"https:\/\/schema.org","@graph":[{"@type":"WebPage","@id":"https:\/\/lottohoy.com\/it\/domande-frequenti-sulla-lotteria-online\/informazioni-sulla-mega-sena\/","url":"https:\/\/lottohoy.com\/it\/domande-frequenti-sulla-lotteria-online\/informazioni-sulla-mega-sena\/","name":"Informazioni sulla lotteria Mega Sena - Lottohoy.com","isPartOf":{"@id":"https:\/\/lottohoy.com\/it\/#website"},"datePublished":"2020-08-10T15:00:00+00:00","dateModified":"2020-08-10T15:00:00+00:00","description":"Tutti i dettagli e le informazioni sulla lotteria Mega Sena, dettagli su prezzi, giocate e vantaggi del gioco online","breadcrumb":{"@id":"https:\/\/lottohoy.com\/it\/domande-frequenti-sulla-lotteria-online\/informazioni-sulla-mega-sena\/#breadcrumb"},"inLanguage":"it-IT","potentialAction":[{"@type":"ReadAction","target":["https:\/\/lottohoy.com\/it\/domande-frequenti-sulla-lotteria-online\/informazioni-sulla-mega-sena\/"]}]},{"@type":"BreadcrumbList","@id":"https:\/\/lottohoy.com\/it\/domande-frequenti-sulla-lotteria-online\/informazioni-sulla-mega-sena\/#breadcrumb","itemListElement":[{"@type":"ListItem","position":1,"name":"Home","item":"https:\/\/lottohoy.com\/it\/"},{"@type":"ListItem","position":2,"name":"Domande frequenti sulla lotteria online","item":"https:\/\/lottohoy.com\/it\/domande-frequenti-sulla-lotteria-online\/"},{"@type":"ListItem","position":3,"name":"Informazioni sulla Mega Sena"}]},{"@type":"WebSite","@id":"https:\/\/lottohoy.com\/it\/#website","url":"https:\/\/lottohoy.com\/it\/","name":"Lottohoy","description":"","potentialAction":[{"@type":"SearchAction","target":{"@type":"EntryPoint","urlTemplate":"https:\/\/lottohoy.com\/it\/?s={search_term_string}"},"query-input":{"@type":"PropertyValueSpecification","valueRequired":true,"valueName":"search_term_string"}}],"inLanguage":"it-IT"}]}},"_links":{"self":[{"href":"https:\/\/lottohoy.com\/it\/wp-json\/wp\/v2\/pages\/16866","targetHints":{"allow":["GET"]}}],"collection":[{"href":"https:\/\/lottohoy.com\/it\/wp-json\/wp\/v2\/pages"}],"about":[{"href":"https:\/\/lottohoy.com\/it\/wp-json\/wp\/v2\/types\/page"}],"author":[{"embeddable":true,"href":"https:\/\/lottohoy.com\/it\/wp-json\/wp\/v2\/users\/2"}],"replies":[{"embeddable":true,"href":"https:\/\/lottohoy.com\/it\/wp-json\/wp\/v2\/comments?post=16866"}],"version-history":[{"count":0,"href":"https:\/\/lottohoy.com\/it\/wp-json\/wp\/v2\/pages\/16866\/revisions"}],"up":[{"embeddable":true,"href":"https:\/\/lottohoy.com\/it\/wp-json\/wp\/v2\/pages\/16743"}],"wp:attachment":[{"href":"https:\/\/lottohoy.com\/it\/wp-json\/wp\/v2\/media?parent=16866"}],"curies":[{"name":"wp","href":"https:\/\/api.w.org\/{rel}","templated":true}]}}