{"id":16863,"date":"2020-08-10T21:42:04","date_gmt":"2020-08-10T20:42:04","guid":{"rendered":"https:\/\/lottohoy.com\/domande-frequenti-sulla-lotteria-online\/informazioni-sul-lotto-america\/"},"modified":"2020-08-10T21:42:04","modified_gmt":"2020-08-10T20:42:04","slug":"informazioni-sul-lotto-america","status":"publish","type":"page","link":"https:\/\/lottohoy.com\/it\/domande-frequenti-sulla-lotteria-online\/informazioni-sul-lotto-america\/","title":{"rendered":"Informazioni sul Lotto America"},"content":{"rendered":"<p>Il Lotto America \u00e8 una lotteria multi-stato nata nel 1988, gestita dalla Multi-State Lottery Association con la partecipazione iniziale di 7 stati e sviluppatasi nel corso degli anni fino al 1992 con l&#8217;emergere dell&#8217;attuale Powerball. Nel novembre 2017 sar\u00e0 rilanciata con il suo sistema attuale, dando ai partecipanti la possibilit\u00e0 di vincere premi in nove diverse categorie.<\/p>\n<h2>Regole del Lotto America<\/h2>\n<p>Lotto America \u00e8 una lotteria facile da capire e da giocare. Sul biglietto della scommessa singola il giocatore deve scegliere 5 numeri tra i 52 possibili nel primo quadrante e 1 numero in pi\u00f9 per la stella da 1 a 10, nella casella inferiore della colonna.<\/p>\n<p>Inoltre, con lo stesso biglietto, la giocata principale pu\u00f2 essere integrata con l&#8217;All Star, che, a un costo aggiuntivo, offre ai giocatori la possibilit\u00e0 di vincere il premio (eccetto la prima categoria) moltiplicato per 2, 3 o 4 volte. (La funzione All Star non \u00e8 attualmente disponibile su LottoHoy).<\/p>\n<p>Per giocare al Lotto America \u00e8 necessario essere maggiorenni (nello stato dell&#8217;Iowa, la maggiore et\u00e0 \u00e8 di 21 anni).<\/p>\n<h2>Vantaggi di giocare a Lotto America online<\/h2>\n<p>Non \u00e8 necessario recarsi in nessuno degli stati degli Stati Uniti che fanno parte di questa lotteria (Delaware, Idaho, Iowa, Kansas, Maine, Minnesota, Montana, New Mexico, North Dakota, South Dakota, Oklahoma, Tennessee, West Virginia) per partecipare ai loro jackpot milionari.<\/p>\n<p>Attraverso la nostra piattaforma hai accesso a lotterie di tutto il mondo, come nel caso di Lotto America. Da qualsiasi dispositivo mobile, tablet o computer desktop.<\/p>\n<p>Ci sono informazioni costanti su tutte le estrazioni, i jackpot accumulati, i premi vinti e molte altre cose.<\/p>\n<p>Giocare a Lotto America attraverso una piattaforma online come LottoHoy.com \u00e8 sicuro e affidabile per tutte le transazioni di deposito e prelievo.<\/p>\n<p>Se vinci un premio, l&#8217;importo di tale premio, fino a 2500 euro, viene automaticamente accreditato immediatamente sul tuo conto utente.<\/p>\n<h2>I premi del Lotto America sono tassabili?<\/h2>\n<p>S\u00ec, tutti i premi superiori a 600 dollari USA sono soggetti a una ritenuta alla fonte federale pari al 28% (non residenti o giocatori di altri paesi, 30%).<\/p>\n<h2>Quali sono le probabilit\u00e0 di vincere il jackpot del Lotto America?<\/h2>\n<p>Le probabilit\u00e0 di vincere il jackpot del Lotto America sono 1 su 25.989.600. Questo lo rende una delle lotterie con una delle pi\u00f9 alte probabilit\u00e0 di vincita.<\/p>\n<h2>Quali sono le probabilit\u00e0 di vincere un premio del Lotto America?<\/h2>\n<p>Le probabilit\u00e0 di vincere un premio in una qualsiasi delle categorie del gioco standard sono 1 su 17.<\/p>\n","protected":false},"excerpt":{"rendered":"<p>Il Lotto America \u00e8 una lotteria multi-stato nata nel 1988, gestita dalla Multi-State Lottery Association con la partecipazione iniziale di 7 stati e sviluppatasi nel corso degli anni fino al 1992 con l&#8217;emergere dell&#8217;attuale Powerball. Nel novembre 2017 sar\u00e0 rilanciata con il suo sistema attuale, dando ai partecipanti la possibilit\u00e0 di vincere premi in nove [&hellip;]<\/p>\n","protected":false},"author":2,"featured_media":0,"parent":16743,"menu_order":15,"comment_status":"closed","ping_status":"closed","template":"lotto-america-info.php","meta":{"_et_pb_use_builder":"","_et_pb_old_content":"","_et_gb_content_width":"","exclude_from_search":false,"footnotes":""},"class_list":["post-16863","page","type-page","status-publish","hentry"],"yoast_head":"<!-- This site is optimized with the Yoast SEO plugin v23.7 - https:\/\/yoast.com\/wordpress\/plugins\/seo\/ -->\n<title>Informazioni, regole e regolamenti del Lotto America - LottoHoy.com<\/title>\n<meta name=\"description\" content=\"Otto delle nove categorie con premi fissi e una prima categoria con premio speciale e jackpot progressivo, Informazioni sul Lotto America\" \/>\n<meta name=\"robots\" content=\"index, follow, max-snippet:-1, max-image-preview:large, max-video-preview:-1\" \/>\n<link rel=\"canonical\" href=\"https:\/\/lottohoy.com\/it\/domande-frequenti-sulla-lotteria-online\/informazioni-sul-lotto-america\/\" \/>\n<meta property=\"og:locale\" content=\"it_IT\" \/>\n<meta property=\"og:type\" content=\"article\" \/>\n<meta property=\"og:title\" content=\"Informazioni, regole e regolamenti del Lotto America - LottoHoy.com\" \/>\n<meta property=\"og:description\" content=\"Otto delle nove categorie con premi fissi e una prima categoria con premio speciale e jackpot progressivo, Informazioni sul Lotto America\" \/>\n<meta property=\"og:url\" content=\"https:\/\/lottohoy.com\/it\/domande-frequenti-sulla-lotteria-online\/informazioni-sul-lotto-america\/\" \/>\n<meta property=\"og:site_name\" content=\"Lottohoy\" \/>\n<meta name=\"twitter:card\" content=\"summary_large_image\" \/>\n<meta name=\"twitter:label1\" content=\"Tempo di lettura stimato\" \/>\n\t<meta name=\"twitter:data1\" content=\"2 minuti\" \/>\n<script type=\"application\/ld+json\" class=\"yoast-schema-graph\">{\"@context\":\"https:\/\/schema.org\",\"@graph\":[{\"@type\":\"WebPage\",\"@id\":\"https:\/\/lottohoy.com\/it\/domande-frequenti-sulla-lotteria-online\/informazioni-sul-lotto-america\/\",\"url\":\"https:\/\/lottohoy.com\/it\/domande-frequenti-sulla-lotteria-online\/informazioni-sul-lotto-america\/\",\"name\":\"Informazioni, regole e regolamenti del Lotto America - LottoHoy.com\",\"isPartOf\":{\"@id\":\"https:\/\/lottohoy.com\/it\/#website\"},\"datePublished\":\"2020-08-10T20:42:04+00:00\",\"dateModified\":\"2020-08-10T20:42:04+00:00\",\"description\":\"Otto delle nove categorie con premi fissi e una prima categoria con premio speciale e jackpot progressivo, Informazioni sul Lotto America\",\"breadcrumb\":{\"@id\":\"https:\/\/lottohoy.com\/it\/domande-frequenti-sulla-lotteria-online\/informazioni-sul-lotto-america\/#breadcrumb\"},\"inLanguage\":\"it-IT\",\"potentialAction\":[{\"@type\":\"ReadAction\",\"target\":[\"https:\/\/lottohoy.com\/it\/domande-frequenti-sulla-lotteria-online\/informazioni-sul-lotto-america\/\"]}]},{\"@type\":\"BreadcrumbList\",\"@id\":\"https:\/\/lottohoy.com\/it\/domande-frequenti-sulla-lotteria-online\/informazioni-sul-lotto-america\/#breadcrumb\",\"itemListElement\":[{\"@type\":\"ListItem\",\"position\":1,\"name\":\"Home\",\"item\":\"https:\/\/lottohoy.com\/it\/\"},{\"@type\":\"ListItem\",\"position\":2,\"name\":\"Domande frequenti sulla lotteria online\",\"item\":\"https:\/\/lottohoy.com\/it\/domande-frequenti-sulla-lotteria-online\/\"},{\"@type\":\"ListItem\",\"position\":3,\"name\":\"Informazioni sul Lotto America\"}]},{\"@type\":\"WebSite\",\"@id\":\"https:\/\/lottohoy.com\/it\/#website\",\"url\":\"https:\/\/lottohoy.com\/it\/\",\"name\":\"Lottohoy\",\"description\":\"\",\"potentialAction\":[{\"@type\":\"SearchAction\",\"target\":{\"@type\":\"EntryPoint\",\"urlTemplate\":\"https:\/\/lottohoy.com\/it\/?s={search_term_string}\"},\"query-input\":{\"@type\":\"PropertyValueSpecification\",\"valueRequired\":true,\"valueName\":\"search_term_string\"}}],\"inLanguage\":\"it-IT\"}]}<\/script>\n<!-- \/ Yoast SEO plugin. -->","yoast_head_json":{"title":"Informazioni, regole e regolamenti del Lotto America - LottoHoy.com","description":"Otto delle nove categorie con premi fissi e una prima categoria con premio speciale e jackpot progressivo, Informazioni sul Lotto America","robots":{"index":"index","follow":"follow","max-snippet":"max-snippet:-1","max-image-preview":"max-image-preview:large","max-video-preview":"max-video-preview:-1"},"canonical":"https:\/\/lottohoy.com\/it\/domande-frequenti-sulla-lotteria-online\/informazioni-sul-lotto-america\/","og_locale":"it_IT","og_type":"article","og_title":"Informazioni, regole e regolamenti del Lotto America - LottoHoy.com","og_description":"Otto delle nove categorie con premi fissi e una prima categoria con premio speciale e jackpot progressivo, Informazioni sul Lotto America","og_url":"https:\/\/lottohoy.com\/it\/domande-frequenti-sulla-lotteria-online\/informazioni-sul-lotto-america\/","og_site_name":"Lottohoy","twitter_card":"summary_large_image","twitter_misc":{"Tempo di lettura stimato":"2 minuti"},"schema":{"@context":"https:\/\/schema.org","@graph":[{"@type":"WebPage","@id":"https:\/\/lottohoy.com\/it\/domande-frequenti-sulla-lotteria-online\/informazioni-sul-lotto-america\/","url":"https:\/\/lottohoy.com\/it\/domande-frequenti-sulla-lotteria-online\/informazioni-sul-lotto-america\/","name":"Informazioni, regole e regolamenti del Lotto America - LottoHoy.com","isPartOf":{"@id":"https:\/\/lottohoy.com\/it\/#website"},"datePublished":"2020-08-10T20:42:04+00:00","dateModified":"2020-08-10T20:42:04+00:00","description":"Otto delle nove categorie con premi fissi e una prima categoria con premio speciale e jackpot progressivo, Informazioni sul Lotto America","breadcrumb":{"@id":"https:\/\/lottohoy.com\/it\/domande-frequenti-sulla-lotteria-online\/informazioni-sul-lotto-america\/#breadcrumb"},"inLanguage":"it-IT","potentialAction":[{"@type":"ReadAction","target":["https:\/\/lottohoy.com\/it\/domande-frequenti-sulla-lotteria-online\/informazioni-sul-lotto-america\/"]}]},{"@type":"BreadcrumbList","@id":"https:\/\/lottohoy.com\/it\/domande-frequenti-sulla-lotteria-online\/informazioni-sul-lotto-america\/#breadcrumb","itemListElement":[{"@type":"ListItem","position":1,"name":"Home","item":"https:\/\/lottohoy.com\/it\/"},{"@type":"ListItem","position":2,"name":"Domande frequenti sulla lotteria online","item":"https:\/\/lottohoy.com\/it\/domande-frequenti-sulla-lotteria-online\/"},{"@type":"ListItem","position":3,"name":"Informazioni sul Lotto America"}]},{"@type":"WebSite","@id":"https:\/\/lottohoy.com\/it\/#website","url":"https:\/\/lottohoy.com\/it\/","name":"Lottohoy","description":"","potentialAction":[{"@type":"SearchAction","target":{"@type":"EntryPoint","urlTemplate":"https:\/\/lottohoy.com\/it\/?s={search_term_string}"},"query-input":{"@type":"PropertyValueSpecification","valueRequired":true,"valueName":"search_term_string"}}],"inLanguage":"it-IT"}]}},"_links":{"self":[{"href":"https:\/\/lottohoy.com\/it\/wp-json\/wp\/v2\/pages\/16863","targetHints":{"allow":["GET"]}}],"collection":[{"href":"https:\/\/lottohoy.com\/it\/wp-json\/wp\/v2\/pages"}],"about":[{"href":"https:\/\/lottohoy.com\/it\/wp-json\/wp\/v2\/types\/page"}],"author":[{"embeddable":true,"href":"https:\/\/lottohoy.com\/it\/wp-json\/wp\/v2\/users\/2"}],"replies":[{"embeddable":true,"href":"https:\/\/lottohoy.com\/it\/wp-json\/wp\/v2\/comments?post=16863"}],"version-history":[{"count":0,"href":"https:\/\/lottohoy.com\/it\/wp-json\/wp\/v2\/pages\/16863\/revisions"}],"up":[{"embeddable":true,"href":"https:\/\/lottohoy.com\/it\/wp-json\/wp\/v2\/pages\/16743"}],"wp:attachment":[{"href":"https:\/\/lottohoy.com\/it\/wp-json\/wp\/v2\/media?parent=16863"}],"curies":[{"name":"wp","href":"https:\/\/api.w.org\/{rel}","templated":true}]}}