{"id":16854,"date":"2020-08-10T22:53:11","date_gmt":"2020-08-10T21:53:11","guid":{"rendered":"https:\/\/lottohoy.com\/domande-frequenti-sulla-lotteria-online\/informazioni-sul-lotto-6aus49\/"},"modified":"2020-08-10T22:53:11","modified_gmt":"2020-08-10T21:53:11","slug":"informazioni-sul-lotto-6aus49","status":"publish","type":"page","link":"https:\/\/lottohoy.com\/it\/domande-frequenti-sulla-lotteria-online\/informazioni-sul-lotto-6aus49\/","title":{"rendered":"Informazioni sul Lotto 6aus49"},"content":{"rendered":"<h2>La lotteria tedesca, nota anche come Lotto 6aus49<\/h2>\n<p>\u00c8 una delle pi\u00f9 antiche lotterie europee, la sua prima estrazione risale al 9 ottobre 1955. Attualmente questa lotteria \u00e8 gestita da Deutscher Lotto- und Totoblock, un gruppo di 16 operatori di lotterie in Germania.<\/p>\n<p>Ciascuna di queste lotterie gestisce il gruppo a turno e ogni tre anni una di esse \u00e8 responsabile della gestione del gruppo.<\/p>\n<p>Le estrazioni della lotteria tedesca si tenevano inizialmente una volta alla settimana, il sabato, ma nel 1982 \u00e8 stata aggiunta una nuova estrazione settimanale, il mercoled\u00ec.<\/p>\n<p>Inizialmente la matrice del gioco era 7\/38, ovvero si dovevano scegliere 7 numeri tra i 38 che componevano il tabellone. Nel giugno 1986 \u00e8 stata modificata in 6\/40, che \u00e8 quella attuale, e nel maggio 2013 \u00e8 stato aggiunto il Superzahl, che ha migliorato notevolmente le possibilit\u00e0 di vincere un premio, passando da un totale di 1 su 54 a 1 su 31.<\/p>\n<h2>Vantaggi del gioco online Lotto 6aus49<\/h2>\n<p>&#8211; Uno dei grandi vantaggi del gioco tedesco 6aus49 \u00e8 la comodit\u00e0 di poterlo fare a qualsiasi ora del giorno e della notte, 24 ore su 24, 7 giorni su 7, 365 giorni all&#8217;anno. Basta avere un dispositivo mobile, un tablet o un computer desktop, e da qualsiasi parte del mondo.<\/p>\n<p>&#8211; I non residenti in Germania, attraverso piattaforme online come LottoHoy.com, hanno la possibilit\u00e0 concreta di accedere a questa succulenta lotteria e ai suoi grandi jackpot.<\/p>\n<p>&#8211; Il biglietto viene acquistato direttamente dal rivenditore autorizzato e quindi la partecipazione \u00e8 reale.<\/p>\n<p>&#8211; I premi vinti vengono registrati immediatamente, fino a 2500 euro, dopo la pubblicazione dei risultati ufficiali.<\/p>\n<p>&#8211; Esiste anche una banca dati con tutte le operazioni effettuate e la custodia dei biglietti acquistati, evitando cos\u00ec possibili perdite o dimenticanze.<\/p>\n<p>&#8211; Informazioni tempestive su tutte le estrazioni, in modo da non perdere l&#8217;opportunit\u00e0 di partecipare.<\/p>\n<p>&#8211; Un&#8217;ampia variet\u00e0 di metodi di pagamento, depositi e prelievi.<\/p>\n<h2>Probabilit\u00e0 di vincere un premio al Lotto 6aus49<\/h2>\n<p>Vedi la tabella qui sotto per la somma media di denaro che pu\u00f2 essere vinta in ciascuna delle categorie, pi\u00f9 la probabilit\u00e0 statistica di vincere il jackpot o uno qualsiasi degli altri premi nelle restanti 8 categorie.<\/p>\n","protected":false},"excerpt":{"rendered":"<p>La lotteria tedesca, nota anche come Lotto 6aus49 \u00c8 una delle pi\u00f9 antiche lotterie europee, la sua prima estrazione risale al 9 ottobre 1955. Attualmente questa lotteria \u00e8 gestita da Deutscher Lotto- und Totoblock, un gruppo di 16 operatori di lotterie in Germania. Ciascuna di queste lotterie gestisce il gruppo a turno e ogni tre [&hellip;]<\/p>\n","protected":false},"author":2,"featured_media":0,"parent":16743,"menu_order":13,"comment_status":"closed","ping_status":"closed","template":"lotto-german-info.php","meta":{"_et_pb_use_builder":"","_et_pb_old_content":"","_et_gb_content_width":"","exclude_from_search":false,"footnotes":""},"class_list":["post-16854","page","type-page","status-publish","hentry"],"yoast_head":"<!-- This site is optimized with the Yoast SEO plugin v23.7 - https:\/\/yoast.com\/wordpress\/plugins\/seo\/ -->\n<title>Tutte le informazioni dal lotto 6aus49 - LottoHoy.com<\/title>\n<meta name=\"description\" content=\"Avrai in mano le informazioni del lotto 6aus49, per le tue scommesse alla lotteria sono studiate in ogni momento\" \/>\n<meta name=\"robots\" content=\"index, follow, max-snippet:-1, max-image-preview:large, max-video-preview:-1\" \/>\n<link rel=\"canonical\" href=\"https:\/\/lottohoy.com\/it\/domande-frequenti-sulla-lotteria-online\/informazioni-sul-lotto-6aus49\/\" \/>\n<meta property=\"og:locale\" content=\"it_IT\" \/>\n<meta property=\"og:type\" content=\"article\" \/>\n<meta property=\"og:title\" content=\"Tutte le informazioni dal lotto 6aus49 - LottoHoy.com\" \/>\n<meta property=\"og:description\" content=\"Avrai in mano le informazioni del lotto 6aus49, per le tue scommesse alla lotteria sono studiate in ogni momento\" \/>\n<meta property=\"og:url\" content=\"https:\/\/lottohoy.com\/it\/domande-frequenti-sulla-lotteria-online\/informazioni-sul-lotto-6aus49\/\" \/>\n<meta property=\"og:site_name\" content=\"Lottohoy\" \/>\n<meta name=\"twitter:card\" content=\"summary_large_image\" \/>\n<meta name=\"twitter:label1\" content=\"Tempo di lettura stimato\" \/>\n\t<meta name=\"twitter:data1\" content=\"2 minuti\" \/>\n<script type=\"application\/ld+json\" class=\"yoast-schema-graph\">{\"@context\":\"https:\/\/schema.org\",\"@graph\":[{\"@type\":\"WebPage\",\"@id\":\"https:\/\/lottohoy.com\/it\/domande-frequenti-sulla-lotteria-online\/informazioni-sul-lotto-6aus49\/\",\"url\":\"https:\/\/lottohoy.com\/it\/domande-frequenti-sulla-lotteria-online\/informazioni-sul-lotto-6aus49\/\",\"name\":\"Tutte le informazioni dal lotto 6aus49 - LottoHoy.com\",\"isPartOf\":{\"@id\":\"https:\/\/lottohoy.com\/it\/#website\"},\"datePublished\":\"2020-08-10T21:53:11+00:00\",\"dateModified\":\"2020-08-10T21:53:11+00:00\",\"description\":\"Avrai in mano le informazioni del lotto 6aus49, per le tue scommesse alla lotteria sono studiate in ogni momento\",\"breadcrumb\":{\"@id\":\"https:\/\/lottohoy.com\/it\/domande-frequenti-sulla-lotteria-online\/informazioni-sul-lotto-6aus49\/#breadcrumb\"},\"inLanguage\":\"it-IT\",\"potentialAction\":[{\"@type\":\"ReadAction\",\"target\":[\"https:\/\/lottohoy.com\/it\/domande-frequenti-sulla-lotteria-online\/informazioni-sul-lotto-6aus49\/\"]}]},{\"@type\":\"BreadcrumbList\",\"@id\":\"https:\/\/lottohoy.com\/it\/domande-frequenti-sulla-lotteria-online\/informazioni-sul-lotto-6aus49\/#breadcrumb\",\"itemListElement\":[{\"@type\":\"ListItem\",\"position\":1,\"name\":\"Home\",\"item\":\"https:\/\/lottohoy.com\/it\/\"},{\"@type\":\"ListItem\",\"position\":2,\"name\":\"Domande frequenti sulla lotteria online\",\"item\":\"https:\/\/lottohoy.com\/it\/domande-frequenti-sulla-lotteria-online\/\"},{\"@type\":\"ListItem\",\"position\":3,\"name\":\"Informazioni sul Lotto 6aus49\"}]},{\"@type\":\"WebSite\",\"@id\":\"https:\/\/lottohoy.com\/it\/#website\",\"url\":\"https:\/\/lottohoy.com\/it\/\",\"name\":\"Lottohoy\",\"description\":\"\",\"potentialAction\":[{\"@type\":\"SearchAction\",\"target\":{\"@type\":\"EntryPoint\",\"urlTemplate\":\"https:\/\/lottohoy.com\/it\/?s={search_term_string}\"},\"query-input\":{\"@type\":\"PropertyValueSpecification\",\"valueRequired\":true,\"valueName\":\"search_term_string\"}}],\"inLanguage\":\"it-IT\"}]}<\/script>\n<!-- \/ Yoast SEO plugin. -->","yoast_head_json":{"title":"Tutte le informazioni dal lotto 6aus49 - LottoHoy.com","description":"Avrai in mano le informazioni del lotto 6aus49, per le tue scommesse alla lotteria sono studiate in ogni momento","robots":{"index":"index","follow":"follow","max-snippet":"max-snippet:-1","max-image-preview":"max-image-preview:large","max-video-preview":"max-video-preview:-1"},"canonical":"https:\/\/lottohoy.com\/it\/domande-frequenti-sulla-lotteria-online\/informazioni-sul-lotto-6aus49\/","og_locale":"it_IT","og_type":"article","og_title":"Tutte le informazioni dal lotto 6aus49 - LottoHoy.com","og_description":"Avrai in mano le informazioni del lotto 6aus49, per le tue scommesse alla lotteria sono studiate in ogni momento","og_url":"https:\/\/lottohoy.com\/it\/domande-frequenti-sulla-lotteria-online\/informazioni-sul-lotto-6aus49\/","og_site_name":"Lottohoy","twitter_card":"summary_large_image","twitter_misc":{"Tempo di lettura stimato":"2 minuti"},"schema":{"@context":"https:\/\/schema.org","@graph":[{"@type":"WebPage","@id":"https:\/\/lottohoy.com\/it\/domande-frequenti-sulla-lotteria-online\/informazioni-sul-lotto-6aus49\/","url":"https:\/\/lottohoy.com\/it\/domande-frequenti-sulla-lotteria-online\/informazioni-sul-lotto-6aus49\/","name":"Tutte le informazioni dal lotto 6aus49 - LottoHoy.com","isPartOf":{"@id":"https:\/\/lottohoy.com\/it\/#website"},"datePublished":"2020-08-10T21:53:11+00:00","dateModified":"2020-08-10T21:53:11+00:00","description":"Avrai in mano le informazioni del lotto 6aus49, per le tue scommesse alla lotteria sono studiate in ogni momento","breadcrumb":{"@id":"https:\/\/lottohoy.com\/it\/domande-frequenti-sulla-lotteria-online\/informazioni-sul-lotto-6aus49\/#breadcrumb"},"inLanguage":"it-IT","potentialAction":[{"@type":"ReadAction","target":["https:\/\/lottohoy.com\/it\/domande-frequenti-sulla-lotteria-online\/informazioni-sul-lotto-6aus49\/"]}]},{"@type":"BreadcrumbList","@id":"https:\/\/lottohoy.com\/it\/domande-frequenti-sulla-lotteria-online\/informazioni-sul-lotto-6aus49\/#breadcrumb","itemListElement":[{"@type":"ListItem","position":1,"name":"Home","item":"https:\/\/lottohoy.com\/it\/"},{"@type":"ListItem","position":2,"name":"Domande frequenti sulla lotteria online","item":"https:\/\/lottohoy.com\/it\/domande-frequenti-sulla-lotteria-online\/"},{"@type":"ListItem","position":3,"name":"Informazioni sul Lotto 6aus49"}]},{"@type":"WebSite","@id":"https:\/\/lottohoy.com\/it\/#website","url":"https:\/\/lottohoy.com\/it\/","name":"Lottohoy","description":"","potentialAction":[{"@type":"SearchAction","target":{"@type":"EntryPoint","urlTemplate":"https:\/\/lottohoy.com\/it\/?s={search_term_string}"},"query-input":{"@type":"PropertyValueSpecification","valueRequired":true,"valueName":"search_term_string"}}],"inLanguage":"it-IT"}]}},"_links":{"self":[{"href":"https:\/\/lottohoy.com\/it\/wp-json\/wp\/v2\/pages\/16854","targetHints":{"allow":["GET"]}}],"collection":[{"href":"https:\/\/lottohoy.com\/it\/wp-json\/wp\/v2\/pages"}],"about":[{"href":"https:\/\/lottohoy.com\/it\/wp-json\/wp\/v2\/types\/page"}],"author":[{"embeddable":true,"href":"https:\/\/lottohoy.com\/it\/wp-json\/wp\/v2\/users\/2"}],"replies":[{"embeddable":true,"href":"https:\/\/lottohoy.com\/it\/wp-json\/wp\/v2\/comments?post=16854"}],"version-history":[{"count":0,"href":"https:\/\/lottohoy.com\/it\/wp-json\/wp\/v2\/pages\/16854\/revisions"}],"up":[{"embeddable":true,"href":"https:\/\/lottohoy.com\/it\/wp-json\/wp\/v2\/pages\/16743"}],"wp:attachment":[{"href":"https:\/\/lottohoy.com\/it\/wp-json\/wp\/v2\/media?parent=16854"}],"curies":[{"name":"wp","href":"https:\/\/api.w.org\/{rel}","templated":true}]}}