{"id":16851,"date":"2019-03-22T16:10:01","date_gmt":"2019-03-22T16:10:01","guid":{"rendered":"https:\/\/lottohoy.com\/domande-frequenti-sulla-lotteria-online\/domande-frequenti-sul-lotto-francese\/"},"modified":"2019-03-22T16:10:01","modified_gmt":"2019-03-22T16:10:01","slug":"domande-frequenti-sul-lotto-francese","status":"publish","type":"page","link":"https:\/\/lottohoy.com\/it\/domande-frequenti-sulla-lotteria-online\/domande-frequenti-sul-lotto-francese\/","title":{"rendered":"Domande frequenti sul Lotto francese"},"content":{"rendered":"<h2><b>Cos&#8217;\u00e8 il Lotto francese?<\/b><\/h2>\n<p>Questa lotteria \u00e8 stata creata nel 1976 ed \u00e8 gestita dal governo francese. Dal 2018, tuttavia, il 50% \u00e8 stato reso pubblico con l&#8217;idea di renderla pi\u00f9 competitiva.<\/p>\n<p>Il jackpot minimo garantito per i vincitori principali (5 + 1) \u00e8 di 2.000.000 \u20ac. Questo importo viene aumentato di 1.000.000 \u20ac se non ci sono vincitori, configurando un jackpot che pu\u00f2 essere accumulato per un massimo di 34 estrazioni.<\/p>\n<p>Nel caso in cui non ci siano vincitori dopo queste 34 estrazioni successive, l&#8217;importo accumulato sar\u00e0 diviso tra le seguenti categorie nella prossima estrazione.<\/p>\n<h2><b>Come si gioca al Lotto francese?<\/b><\/h2>\n<p>Per giocare alle estrazioni del <a href=\"https:\/\/lottohoy.com\/play\/lotto-fr\/\"><b>Lotto francese<\/b><\/a>, il giocatore deve configurare le proprie scommesse selezionando cinque numeri compresi tra 1 e 49 e una palla extra numerata da 1 a 10, entrambi inclusi.<\/p>\n<h2><strong>Categorie del montepremi<\/strong><\/h2>\n<p>Ci sono nove categorie di premi in totale. Ad eccezione della prima categoria (il jackpot), il resto delle categorie di premi ha un importo fisso per ciascuna, come possiamo vedere nella seguente tabella:<\/p>\n<p><b>Categorie Partite Importo del premio<\/b><\/p>\n<p>1a categoria 5 + pallina chance Jackpot<\/p>\n<p>2a categoria 5 \u20ac 100.000<\/p>\n<p>3a categoria 4 + pallina chance 1000 \u20ac<\/p>\n<p>4\u00b0 Categoria 4 500 \u20ac<\/p>\n<p>5\u00b0 Categoria 3 + pallina chance 50 \u20ac<\/p>\n<p>6\u00b0 Categoria 3 20 \u20ac<\/p>\n<p>7\u00b0 Categoria 2 + pallina chance 10 \u20ac<\/p>\n<p>8\u00b0 Categoria 2 5 \u20ac<\/p>\n<p>9\u00b0 Categoria Pallina chance 2,20 \u20ac<\/p>\n<p>Inoltre, in ogni formato di estrazione entrano in gioco 10 premi da 20.000 \u20ac, quindi tutti i biglietti fisici entrano in gioco e le probabilit\u00e0 di vincita dipendono dal numero di partecipanti all&#8217;estrazione.<\/p>\n<h2><strong>Quanto costa giocare al Lotto francese?<\/strong><\/h2>\n<p>Il prezzo di ogni biglietto del Lotto francese su LottoHoy \u00e8 di 3,50 \u20ac.<\/p>\n<h2><b>Estrazioni speciali del Lotto francese<\/b><\/h2>\n<p>Fondamentalmente, ci sono due estrazioni speciali: l&#8217;<b>estrazione del Venerd\u00ec 13<sup> e il<\/sup> sorteggio<\/b> del <b>Grand Loto de No\u00ebl:<\/b><\/p>\n<p><b>l&#8217;estrazione del Venerd\u00ec 13<sup>.<\/sup><\/b> Ogni volta che il 13 del mese cade di venerd\u00ec, si tiene un&#8217;estrazione eccezionale con un premio speciale di 13.000.000 \u20ac pi\u00f9 50 premi fissi in un sistema di estrazione da 20.000 \u20ac.<\/p>\n<p>Per molti, venerd\u00ec 13 \u00e8 un giorno di superstizione, ma nel caso del Lotto francese \u00e8 speciale: la prima estrazione della Lotteria Nazionale Francese si tenne proprio venerd\u00ec 13<sup> ottobre 1930.<\/sup><\/p>\n<p><b>Grand Loto de No\u00ebl<\/b>. Il Grand Loto de No\u00ebl \u00e8 un&#8217;altra lotteria speciale che si tiene in Francia ogni 22 dicembre, cos\u00ec come il <b>Gordo di Natale in Spagna<\/b>.<\/p>\n<p>Il primo premio di categoria \u00e8 valutato 20.000.000 \u20ac e oltre ai premi delle altre otto categorie, c&#8217;\u00e8 un&#8217;estrazione speciale per 100 codici di estrazione, con un premio garantito di 20.000 \u20ac ciascuno.<\/p>\n<h2><b>Probabilit\u00e0 di vincere al Lotto francese<\/b><\/h2>\n<p>Le probabilit\u00e0 di vincere il primo premio di categoria sono di 1 su 19.068.840, indovinando i primi 5 numeri pi\u00f9 il numero chance.<\/p>\n<p>Mentre per ottenere uno qualsiasi dei premi offerti, le probabilit\u00e0 sono di 1 su 5,99<\/p>\n<p>Possiamo vedere nel riquadro seguente tutte le probabilit\u00e0 matematiche:<\/p>\n","protected":false},"excerpt":{"rendered":"<p>Cos&#8217;\u00e8 il Lotto francese? Questa lotteria \u00e8 stata creata nel 1976 ed \u00e8 gestita dal governo francese. Dal 2018, tuttavia, il 50% \u00e8 stato reso pubblico con l&#8217;idea di renderla pi\u00f9 competitiva. Il jackpot minimo garantito per i vincitori principali (5 + 1) \u00e8 di 2.000.000 \u20ac. Questo importo viene aumentato di 1.000.000 \u20ac se [&hellip;]<\/p>\n","protected":false},"author":2,"featured_media":0,"parent":16743,"menu_order":12,"comment_status":"closed","ping_status":"closed","template":"lotto-fr-info.php","meta":{"_et_pb_use_builder":"","_et_pb_old_content":"","_et_gb_content_width":"","exclude_from_search":false,"footnotes":""},"class_list":["post-16851","page","type-page","status-publish","hentry"],"yoast_head":"<!-- This site is optimized with the Yoast SEO plugin v23.7 - https:\/\/yoast.com\/wordpress\/plugins\/seo\/ -->\n<title>\u25b7 Tutte le domande e risposte sul Lotto francese | LottoHoy<\/title>\n<meta name=\"description\" content=\"Tutte le informazioni che devi sapere sulla pi\u00f9 grande lotteria giocata in Francia. Regole, probabilit\u00e0, categorie di premi e qualsiasi altra domanda tu possa avere.\" \/>\n<meta name=\"robots\" content=\"index, follow, max-snippet:-1, max-image-preview:large, max-video-preview:-1\" \/>\n<link rel=\"canonical\" href=\"https:\/\/lottohoy.com\/it\/domande-frequenti-sulla-lotteria-online\/domande-frequenti-sul-lotto-francese\/\" \/>\n<meta property=\"og:locale\" content=\"it_IT\" \/>\n<meta property=\"og:type\" content=\"article\" \/>\n<meta property=\"og:title\" content=\"\u25b7 Tutte le domande e risposte sul Lotto francese | LottoHoy\" \/>\n<meta property=\"og:description\" content=\"Tutte le informazioni che devi sapere sulla pi\u00f9 grande lotteria giocata in Francia. Regole, probabilit\u00e0, categorie di premi e qualsiasi altra domanda tu possa avere.\" \/>\n<meta property=\"og:url\" content=\"https:\/\/lottohoy.com\/it\/domande-frequenti-sulla-lotteria-online\/domande-frequenti-sul-lotto-francese\/\" \/>\n<meta property=\"og:site_name\" content=\"Lottohoy\" \/>\n<meta name=\"twitter:card\" content=\"summary_large_image\" \/>\n<meta name=\"twitter:label1\" content=\"Tempo di lettura stimato\" \/>\n\t<meta name=\"twitter:data1\" content=\"2 minuti\" \/>\n<script type=\"application\/ld+json\" class=\"yoast-schema-graph\">{\"@context\":\"https:\/\/schema.org\",\"@graph\":[{\"@type\":\"WebPage\",\"@id\":\"https:\/\/lottohoy.com\/it\/domande-frequenti-sulla-lotteria-online\/domande-frequenti-sul-lotto-francese\/\",\"url\":\"https:\/\/lottohoy.com\/it\/domande-frequenti-sulla-lotteria-online\/domande-frequenti-sul-lotto-francese\/\",\"name\":\"\u25b7 Tutte le domande e risposte sul Lotto francese | LottoHoy\",\"isPartOf\":{\"@id\":\"https:\/\/lottohoy.com\/it\/#website\"},\"datePublished\":\"2019-03-22T16:10:01+00:00\",\"dateModified\":\"2019-03-22T16:10:01+00:00\",\"description\":\"Tutte le informazioni che devi sapere sulla pi\u00f9 grande lotteria giocata in Francia. Regole, probabilit\u00e0, categorie di premi e qualsiasi altra domanda tu possa avere.\",\"breadcrumb\":{\"@id\":\"https:\/\/lottohoy.com\/it\/domande-frequenti-sulla-lotteria-online\/domande-frequenti-sul-lotto-francese\/#breadcrumb\"},\"inLanguage\":\"it-IT\",\"potentialAction\":[{\"@type\":\"ReadAction\",\"target\":[\"https:\/\/lottohoy.com\/it\/domande-frequenti-sulla-lotteria-online\/domande-frequenti-sul-lotto-francese\/\"]}]},{\"@type\":\"BreadcrumbList\",\"@id\":\"https:\/\/lottohoy.com\/it\/domande-frequenti-sulla-lotteria-online\/domande-frequenti-sul-lotto-francese\/#breadcrumb\",\"itemListElement\":[{\"@type\":\"ListItem\",\"position\":1,\"name\":\"Home\",\"item\":\"https:\/\/lottohoy.com\/it\/\"},{\"@type\":\"ListItem\",\"position\":2,\"name\":\"Domande frequenti sulla lotteria online\",\"item\":\"https:\/\/lottohoy.com\/it\/domande-frequenti-sulla-lotteria-online\/\"},{\"@type\":\"ListItem\",\"position\":3,\"name\":\"Domande frequenti sul Lotto francese\"}]},{\"@type\":\"WebSite\",\"@id\":\"https:\/\/lottohoy.com\/it\/#website\",\"url\":\"https:\/\/lottohoy.com\/it\/\",\"name\":\"Lottohoy\",\"description\":\"\",\"potentialAction\":[{\"@type\":\"SearchAction\",\"target\":{\"@type\":\"EntryPoint\",\"urlTemplate\":\"https:\/\/lottohoy.com\/it\/?s={search_term_string}\"},\"query-input\":{\"@type\":\"PropertyValueSpecification\",\"valueRequired\":true,\"valueName\":\"search_term_string\"}}],\"inLanguage\":\"it-IT\"}]}<\/script>\n<!-- \/ Yoast SEO plugin. -->","yoast_head_json":{"title":"\u25b7 Tutte le domande e risposte sul Lotto francese | LottoHoy","description":"Tutte le informazioni che devi sapere sulla pi\u00f9 grande lotteria giocata in Francia. Regole, probabilit\u00e0, categorie di premi e qualsiasi altra domanda tu possa avere.","robots":{"index":"index","follow":"follow","max-snippet":"max-snippet:-1","max-image-preview":"max-image-preview:large","max-video-preview":"max-video-preview:-1"},"canonical":"https:\/\/lottohoy.com\/it\/domande-frequenti-sulla-lotteria-online\/domande-frequenti-sul-lotto-francese\/","og_locale":"it_IT","og_type":"article","og_title":"\u25b7 Tutte le domande e risposte sul Lotto francese | LottoHoy","og_description":"Tutte le informazioni che devi sapere sulla pi\u00f9 grande lotteria giocata in Francia. Regole, probabilit\u00e0, categorie di premi e qualsiasi altra domanda tu possa avere.","og_url":"https:\/\/lottohoy.com\/it\/domande-frequenti-sulla-lotteria-online\/domande-frequenti-sul-lotto-francese\/","og_site_name":"Lottohoy","twitter_card":"summary_large_image","twitter_misc":{"Tempo di lettura stimato":"2 minuti"},"schema":{"@context":"https:\/\/schema.org","@graph":[{"@type":"WebPage","@id":"https:\/\/lottohoy.com\/it\/domande-frequenti-sulla-lotteria-online\/domande-frequenti-sul-lotto-francese\/","url":"https:\/\/lottohoy.com\/it\/domande-frequenti-sulla-lotteria-online\/domande-frequenti-sul-lotto-francese\/","name":"\u25b7 Tutte le domande e risposte sul Lotto francese | LottoHoy","isPartOf":{"@id":"https:\/\/lottohoy.com\/it\/#website"},"datePublished":"2019-03-22T16:10:01+00:00","dateModified":"2019-03-22T16:10:01+00:00","description":"Tutte le informazioni che devi sapere sulla pi\u00f9 grande lotteria giocata in Francia. Regole, probabilit\u00e0, categorie di premi e qualsiasi altra domanda tu possa avere.","breadcrumb":{"@id":"https:\/\/lottohoy.com\/it\/domande-frequenti-sulla-lotteria-online\/domande-frequenti-sul-lotto-francese\/#breadcrumb"},"inLanguage":"it-IT","potentialAction":[{"@type":"ReadAction","target":["https:\/\/lottohoy.com\/it\/domande-frequenti-sulla-lotteria-online\/domande-frequenti-sul-lotto-francese\/"]}]},{"@type":"BreadcrumbList","@id":"https:\/\/lottohoy.com\/it\/domande-frequenti-sulla-lotteria-online\/domande-frequenti-sul-lotto-francese\/#breadcrumb","itemListElement":[{"@type":"ListItem","position":1,"name":"Home","item":"https:\/\/lottohoy.com\/it\/"},{"@type":"ListItem","position":2,"name":"Domande frequenti sulla lotteria online","item":"https:\/\/lottohoy.com\/it\/domande-frequenti-sulla-lotteria-online\/"},{"@type":"ListItem","position":3,"name":"Domande frequenti sul Lotto francese"}]},{"@type":"WebSite","@id":"https:\/\/lottohoy.com\/it\/#website","url":"https:\/\/lottohoy.com\/it\/","name":"Lottohoy","description":"","potentialAction":[{"@type":"SearchAction","target":{"@type":"EntryPoint","urlTemplate":"https:\/\/lottohoy.com\/it\/?s={search_term_string}"},"query-input":{"@type":"PropertyValueSpecification","valueRequired":true,"valueName":"search_term_string"}}],"inLanguage":"it-IT"}]}},"_links":{"self":[{"href":"https:\/\/lottohoy.com\/it\/wp-json\/wp\/v2\/pages\/16851","targetHints":{"allow":["GET"]}}],"collection":[{"href":"https:\/\/lottohoy.com\/it\/wp-json\/wp\/v2\/pages"}],"about":[{"href":"https:\/\/lottohoy.com\/it\/wp-json\/wp\/v2\/types\/page"}],"author":[{"embeddable":true,"href":"https:\/\/lottohoy.com\/it\/wp-json\/wp\/v2\/users\/2"}],"replies":[{"embeddable":true,"href":"https:\/\/lottohoy.com\/it\/wp-json\/wp\/v2\/comments?post=16851"}],"version-history":[{"count":0,"href":"https:\/\/lottohoy.com\/it\/wp-json\/wp\/v2\/pages\/16851\/revisions"}],"up":[{"embeddable":true,"href":"https:\/\/lottohoy.com\/it\/wp-json\/wp\/v2\/pages\/16743"}],"wp:attachment":[{"href":"https:\/\/lottohoy.com\/it\/wp-json\/wp\/v2\/media?parent=16851"}],"curies":[{"name":"wp","href":"https:\/\/api.w.org\/{rel}","templated":true}]}}