{"id":16820,"date":"2018-08-21T10:17:14","date_gmt":"2018-08-21T09:17:14","guid":{"rendered":"https:\/\/lottohoy.com\/?page_id=16820"},"modified":"2025-03-25T13:04:25","modified_gmt":"2025-03-25T13:04:25","slug":"domande-frequenti-su-la-primitiva","status":"publish","type":"page","link":"https:\/\/lottohoy.com\/it\/domande-frequenti-sulla-lotteria-online\/domande-frequenti-su-la-primitiva\/","title":{"rendered":"Domande frequenti su La Primitiva"},"content":{"rendered":"<p>La Primitiva \u00e8 una lotteria basata sulla previsione di sei numeri su un totale di 49. Il gioco della Primitiva risale alle origini della lotteria spagnola nel 1763.<\/p>\n<h2>Regole di La Primitiva<\/h2>\n<p>Le regole di La Primitiva sono molto semplici. Il gioco consiste nel pronosticare sei numeri da una tabella contenente 49 caselle, numerate da 1 a 49.<\/p>\n<p>Inoltre, si possono fare scommesse semplici o multiple. In una singola si devono pronosticare 6 numeri e si pu\u00f2 giocare su tutte le colonne che si desidera. Si possono anche fare scommesse multiple usando solo la prima delle colonne previste, e segnare 7 o pi\u00f9 numeri fino a un massimo di 11.<\/p>\n<ul>\n<li>Una scommessa multipla di 7 numeri della Primitiva equivale a 7 scommesse<\/li>\n<li>Una scommessa multipla di 8 numeri della Primitiva equivale a 28 scommesse<\/li>\n<li>Una scommessa multipla di 9 numeri della Primitiva equivale a 84 scommesse<\/li>\n<li>Una scommessa multipla di 10 numeri della Primitiva equivale a 210 scommesse<\/li>\n<li>Una scommessa multipla di 11 numeri della Primitiva equivale a 462 scommesse<\/li>\n<\/ul>\n<p>Oltre a queste scommesse, \u00e8 anche possibile giocare 5 numeri in un biglietto ufficiale, che \u00e8 una scommessa multipla in cui il numero mancante \u00e8 sempre automaticamente corretto. In questo caso, sarebbe l&#8217;equivalente di fare 44 scommesse.<\/p>\n<h2><b>Qual \u00e8 il numero di rimborso per La Primitiva?<\/b><\/h2>\n<p>Il rimborso di La Primitiva \u00e8 un numero assegnato casualmente dal sistema al momento della convalida della scommessa.<\/p>\n<p>Il premio consiste in un pagamento fisso equivalente all&#8217;importo di una scommessa semplice, per ognuno dei biglietti contenenti quel numero che viene estratto da un secondo tamburo contenente palline numerate da 0 a 9.<\/p>\n<h2><b>Vantaggi di giocare a Primitiva online<\/b><\/h2>\n<p>Le nuove tendenze del mercato rendono <a href=\"https:\/\/lottohoy.com\/play\/la-primitiva\/\"><b>giocare alla Primitiva<\/b><\/a> semplice come navigare in Internet.<\/p>\n<p>Dalla comodit\u00e0 di casa, del luogo di lavoro o di svago, con una semplice connessione Internet, \u00e8 possibile avere accesso immediato per piazzare scommesse su tutte le lotterie e, naturalmente, sulla Primitiva.<\/p>\n<p>Ci sono molti vantaggi nel giocare online:<\/p>\n<ul>\n<li>\u00c8 semplice, veloce, comodo e non comporta code.<\/li>\n<li>Avere un account utente su una piattaforma di lotteria online significa anche avere informazioni costanti su tutte le estrazioni, i jackpot accumulati e i premi vinti.<\/li>\n<li>\u00c8 un metodo sicuro e affidabile per tutte le transazioni bancarie.<\/li>\n<li>Come utente registrato, non perdi mai un biglietto, sei sempre prontamente informato di tutte le operazioni effettuate: acquisti, pagamenti, incassi, ecc.<\/li>\n<li>Quando un utente registrato vince un premio, l&#8217;importo di tale premio viene automaticamente depositato sul suo conto utente.<\/li>\n<\/ul>\n<h2><b>Il jackpot di La Primitiva<\/b><\/h2>\n<p>Il premio speciale di categoria, noto anche come jackpot, parte sempre da un minimo garantito di 2.000.000 di euro.<\/p>\n<p>Nel caso in cui non ci sia un vincitore della categoria massima in un&#8217;estrazione, l&#8217;importo viene accumulato per l&#8217;estrazione successiva nella stessa categoria fino a quando qualcuno non vince il grande premio.<\/p>\n<p>Il primo jackpot pagato nella storia di La Primitiva \u00e8 stato di 62 milioni di pesetas (circa 372.000 \u20ac). Il pi\u00f9 grande jackpot pagato fino ad oggi \u00e8 stato di 101.724.559,10 \u20ac e ha avuto un unico vincitore a Barcellona, il 15 ottobre<sup> 2015.<\/sup><\/p>\n<h2>La Primitiva Joker<\/h2>\n<p>Il \u201cjolly\u201d \u00e8 un gioco opzionale associato al Primitiva disponibile dal 2012.<\/p>\n<p>Quando si gioca il biglietto fisico e si desidera giocare anche il jolly, \u00e8 sufficiente spuntare la casella corrispondente. Il sistema assegner\u00e0 automaticamente e in modo casuale al biglietto del Primitiva una combinazione di 7 cifre che vanno da 0.000.000 a 9.999.999, entrambi inclusi. Questo numero \u00e8 unico, quindi non \u00e8 possibile che ci sia pi\u00f9 di un vincitore della prima categoria.<\/p>\n<h3><b>L&#8217;estrazione del Joker<\/b><\/h3>\n<p>L&#8217;estrazione avviene estraendo sette palline da un tamburo diverso da quello utilizzato per l&#8217;estrazione del Primitiva. Questo tamburo contiene 10 palline numerate da 0 a 9. Dopo ogni estrazione, la pallina viene reintrodotta nel tamburo, il che significa che la stessa pallina pu\u00f2 uscire pi\u00f9 di una volta.<\/p>\n<h3><b>Premi Joker<\/b><\/h3>\n<p>Per ottenere un premio, i numeri devono coincidere nello stesso ordine di quelli estratti.<\/p>\n<p>Ci sono sei categorie di premi, con un&#8217;assegnazione fissa per ogni categoria.<\/p>\n<p><b>Categorie Premi vincenti<\/b><\/p>\n<p>1-7 1.000.000 \u20ac<\/p>\n<p>2-6 100.000 \u20ac<\/p>\n<p>3-5 10.000 \u20ac<\/p>\n<p>4-4 1.000 \u20ac<\/p>\n<p>5-3 \u20ac 100<\/p>\n<p>6-2 10 \u20ac<\/p>\n","protected":false},"excerpt":{"rendered":"<p>La Primitiva \u00e8 una lotteria basata sulla previsione di sei numeri su un totale di 49. Il gioco della Primitiva risale alle origini della lotteria spagnola nel 1763. Regole di La Primitiva Le regole di La Primitiva sono molto semplici. Il gioco consiste nel pronosticare sei numeri da una tabella contenente 49 caselle, numerate da [&hellip;]<\/p>\n","protected":false},"author":7,"featured_media":0,"parent":16743,"menu_order":6,"comment_status":"closed","ping_status":"closed","template":"la-primitiva-info.php","meta":{"_et_pb_use_builder":"","_et_pb_old_content":"","_et_gb_content_width":"","exclude_from_search":false,"footnotes":""},"class_list":["post-16820","page","type-page","status-publish","hentry"],"yoast_head":"<!-- This site is optimized with the Yoast SEO plugin v23.7 - https:\/\/yoast.com\/wordpress\/plugins\/seo\/ -->\n<title>La Primitiva FAQ - Guida alla lotteria online - Lottohoy<\/title>\n<meta name=\"description\" content=\"Le regole de La Primitiva sono molto semplici. Il gioco consiste nel pronosticare 6 numeri di una tabella contenente 49 caselle numerate da 1 a 49.\" \/>\n<meta name=\"robots\" content=\"index, follow, max-snippet:-1, max-image-preview:large, max-video-preview:-1\" \/>\n<link rel=\"canonical\" href=\"https:\/\/lottohoy.com\/it\/domande-frequenti-sulla-lotteria-online\/domande-frequenti-su-la-primitiva\/\" \/>\n<meta property=\"og:locale\" content=\"it_IT\" \/>\n<meta property=\"og:type\" content=\"article\" \/>\n<meta property=\"og:title\" content=\"La Primitiva FAQ - Guida alla lotteria online - Lottohoy\" \/>\n<meta property=\"og:description\" content=\"Le regole de La Primitiva sono molto semplici. Il gioco consiste nel pronosticare 6 numeri di una tabella contenente 49 caselle numerate da 1 a 49.\" \/>\n<meta property=\"og:url\" content=\"https:\/\/lottohoy.com\/it\/domande-frequenti-sulla-lotteria-online\/domande-frequenti-su-la-primitiva\/\" \/>\n<meta property=\"og:site_name\" content=\"Lottohoy\" \/>\n<meta property=\"article:modified_time\" content=\"2025-03-25T13:04:25+00:00\" \/>\n<meta name=\"twitter:card\" content=\"summary_large_image\" \/>\n<meta name=\"twitter:label1\" content=\"Tempo di lettura stimato\" \/>\n\t<meta name=\"twitter:data1\" content=\"4 minuti\" \/>\n<script type=\"application\/ld+json\" class=\"yoast-schema-graph\">{\"@context\":\"https:\/\/schema.org\",\"@graph\":[{\"@type\":\"WebPage\",\"@id\":\"https:\/\/lottohoy.com\/it\/domande-frequenti-sulla-lotteria-online\/domande-frequenti-su-la-primitiva\/\",\"url\":\"https:\/\/lottohoy.com\/it\/domande-frequenti-sulla-lotteria-online\/domande-frequenti-su-la-primitiva\/\",\"name\":\"La Primitiva FAQ - Guida alla lotteria online - Lottohoy\",\"isPartOf\":{\"@id\":\"https:\/\/lottohoy.com\/it\/#website\"},\"datePublished\":\"2018-08-21T09:17:14+00:00\",\"dateModified\":\"2025-03-25T13:04:25+00:00\",\"description\":\"Le regole de La Primitiva sono molto semplici. Il gioco consiste nel pronosticare 6 numeri di una tabella contenente 49 caselle numerate da 1 a 49.\",\"breadcrumb\":{\"@id\":\"https:\/\/lottohoy.com\/it\/domande-frequenti-sulla-lotteria-online\/domande-frequenti-su-la-primitiva\/#breadcrumb\"},\"inLanguage\":\"it-IT\",\"potentialAction\":[{\"@type\":\"ReadAction\",\"target\":[\"https:\/\/lottohoy.com\/it\/domande-frequenti-sulla-lotteria-online\/domande-frequenti-su-la-primitiva\/\"]}]},{\"@type\":\"BreadcrumbList\",\"@id\":\"https:\/\/lottohoy.com\/it\/domande-frequenti-sulla-lotteria-online\/domande-frequenti-su-la-primitiva\/#breadcrumb\",\"itemListElement\":[{\"@type\":\"ListItem\",\"position\":1,\"name\":\"Home\",\"item\":\"https:\/\/lottohoy.com\/it\/\"},{\"@type\":\"ListItem\",\"position\":2,\"name\":\"Domande frequenti sulla lotteria online\",\"item\":\"https:\/\/lottohoy.com\/it\/domande-frequenti-sulla-lotteria-online\/\"},{\"@type\":\"ListItem\",\"position\":3,\"name\":\"Domande frequenti su La Primitiva\"}]},{\"@type\":\"WebSite\",\"@id\":\"https:\/\/lottohoy.com\/it\/#website\",\"url\":\"https:\/\/lottohoy.com\/it\/\",\"name\":\"Lottohoy\",\"description\":\"\",\"potentialAction\":[{\"@type\":\"SearchAction\",\"target\":{\"@type\":\"EntryPoint\",\"urlTemplate\":\"https:\/\/lottohoy.com\/it\/?s={search_term_string}\"},\"query-input\":{\"@type\":\"PropertyValueSpecification\",\"valueRequired\":true,\"valueName\":\"search_term_string\"}}],\"inLanguage\":\"it-IT\"}]}<\/script>\n<!-- \/ Yoast SEO plugin. -->","yoast_head_json":{"title":"La Primitiva FAQ - Guida alla lotteria online - Lottohoy","description":"Le regole de La Primitiva sono molto semplici. Il gioco consiste nel pronosticare 6 numeri di una tabella contenente 49 caselle numerate da 1 a 49.","robots":{"index":"index","follow":"follow","max-snippet":"max-snippet:-1","max-image-preview":"max-image-preview:large","max-video-preview":"max-video-preview:-1"},"canonical":"https:\/\/lottohoy.com\/it\/domande-frequenti-sulla-lotteria-online\/domande-frequenti-su-la-primitiva\/","og_locale":"it_IT","og_type":"article","og_title":"La Primitiva FAQ - Guida alla lotteria online - Lottohoy","og_description":"Le regole de La Primitiva sono molto semplici. Il gioco consiste nel pronosticare 6 numeri di una tabella contenente 49 caselle numerate da 1 a 49.","og_url":"https:\/\/lottohoy.com\/it\/domande-frequenti-sulla-lotteria-online\/domande-frequenti-su-la-primitiva\/","og_site_name":"Lottohoy","article_modified_time":"2025-03-25T13:04:25+00:00","twitter_card":"summary_large_image","twitter_misc":{"Tempo di lettura stimato":"4 minuti"},"schema":{"@context":"https:\/\/schema.org","@graph":[{"@type":"WebPage","@id":"https:\/\/lottohoy.com\/it\/domande-frequenti-sulla-lotteria-online\/domande-frequenti-su-la-primitiva\/","url":"https:\/\/lottohoy.com\/it\/domande-frequenti-sulla-lotteria-online\/domande-frequenti-su-la-primitiva\/","name":"La Primitiva FAQ - Guida alla lotteria online - Lottohoy","isPartOf":{"@id":"https:\/\/lottohoy.com\/it\/#website"},"datePublished":"2018-08-21T09:17:14+00:00","dateModified":"2025-03-25T13:04:25+00:00","description":"Le regole de La Primitiva sono molto semplici. Il gioco consiste nel pronosticare 6 numeri di una tabella contenente 49 caselle numerate da 1 a 49.","breadcrumb":{"@id":"https:\/\/lottohoy.com\/it\/domande-frequenti-sulla-lotteria-online\/domande-frequenti-su-la-primitiva\/#breadcrumb"},"inLanguage":"it-IT","potentialAction":[{"@type":"ReadAction","target":["https:\/\/lottohoy.com\/it\/domande-frequenti-sulla-lotteria-online\/domande-frequenti-su-la-primitiva\/"]}]},{"@type":"BreadcrumbList","@id":"https:\/\/lottohoy.com\/it\/domande-frequenti-sulla-lotteria-online\/domande-frequenti-su-la-primitiva\/#breadcrumb","itemListElement":[{"@type":"ListItem","position":1,"name":"Home","item":"https:\/\/lottohoy.com\/it\/"},{"@type":"ListItem","position":2,"name":"Domande frequenti sulla lotteria online","item":"https:\/\/lottohoy.com\/it\/domande-frequenti-sulla-lotteria-online\/"},{"@type":"ListItem","position":3,"name":"Domande frequenti su La Primitiva"}]},{"@type":"WebSite","@id":"https:\/\/lottohoy.com\/it\/#website","url":"https:\/\/lottohoy.com\/it\/","name":"Lottohoy","description":"","potentialAction":[{"@type":"SearchAction","target":{"@type":"EntryPoint","urlTemplate":"https:\/\/lottohoy.com\/it\/?s={search_term_string}"},"query-input":{"@type":"PropertyValueSpecification","valueRequired":true,"valueName":"search_term_string"}}],"inLanguage":"it-IT"}]}},"_links":{"self":[{"href":"https:\/\/lottohoy.com\/it\/wp-json\/wp\/v2\/pages\/16820","targetHints":{"allow":["GET"]}}],"collection":[{"href":"https:\/\/lottohoy.com\/it\/wp-json\/wp\/v2\/pages"}],"about":[{"href":"https:\/\/lottohoy.com\/it\/wp-json\/wp\/v2\/types\/page"}],"author":[{"embeddable":true,"href":"https:\/\/lottohoy.com\/it\/wp-json\/wp\/v2\/users\/7"}],"replies":[{"embeddable":true,"href":"https:\/\/lottohoy.com\/it\/wp-json\/wp\/v2\/comments?post=16820"}],"version-history":[{"count":1,"href":"https:\/\/lottohoy.com\/it\/wp-json\/wp\/v2\/pages\/16820\/revisions"}],"predecessor-version":[{"id":16821,"href":"https:\/\/lottohoy.com\/it\/wp-json\/wp\/v2\/pages\/16820\/revisions\/16821"}],"up":[{"embeddable":true,"href":"https:\/\/lottohoy.com\/it\/wp-json\/wp\/v2\/pages\/16743"}],"wp:attachment":[{"href":"https:\/\/lottohoy.com\/it\/wp-json\/wp\/v2\/media?parent=16820"}],"curies":[{"name":"wp","href":"https:\/\/api.w.org\/{rel}","templated":true}]}}