{"id":16815,"date":"2019-02-13T18:30:53","date_gmt":"2019-02-13T18:30:53","guid":{"rendered":"https:\/\/lottohoy.com\/domande-frequenti-sulla-lotteria-online\/informazioni-su-el-gordo-de-la-primitiva\/"},"modified":"2019-02-13T18:30:53","modified_gmt":"2019-02-13T18:30:53","slug":"informazioni-su-el-gordo-de-la-primitiva","status":"publish","type":"page","link":"https:\/\/lottohoy.com\/it\/domande-frequenti-sulla-lotteria-online\/informazioni-su-el-gordo-de-la-primitiva\/","title":{"rendered":"Informazioni su El Gordo de la Primitiva"},"content":{"rendered":"<p>El Gordo de la Primitiva \u00e8 stato creato da Loterias y Apuestas del Estado (LAE) in Spagna, come complemento agli altri due giochi del lotto (la Primitiva e il BonoLoto).<\/p>\n<p>La prima estrazione si \u00e8 tenuta il 31<sup> ottobre<\/sup> 1993 e, cosa insolita, si \u00e8 tenuta una sola estrazione mensile, l&#8217;ultima domenica del mese.<\/p>\n<p>Con un prezzo iniziale di 500 pesetas (l&#8217;equivalente odierno \u00e8 di 3,00 \u20ac), i giocatori avevano una doppia possibilit\u00e0 di partecipare al gioco. Si poteva optare per l&#8217;acquisto di un biglietto prestampato con la combinazione dei 5 numeri principali, pi\u00f9 il numero di rimborso. L&#8217;altra opzione permetteva al giocatore di scegliere i propri numeri attraverso un biglietto di colore diverso.<\/p>\n<p>Questo sistema \u00e8 stato mantenuto fino a quattro anni dopo, quando nell&#8217;ottobre 1997 le estrazioni sono diventate settimanali di domenica con alcune modifiche significative al regolamento.<\/p>\n<p>Poich\u00e9 le estrazioni sono determinate e riservate ai vincitori di prima categoria, \u00e8 possibile accedere a un jackpot cumulativo solo se non c&#8217;\u00e8 un vincitore nell&#8217;estrazione precedente.<\/p>\n<p>Il 31 gennaio<sup> del 2005<\/sup>, il regolamento ha subito una modifica significativa, con l&#8217;introduzione di un jackpot minimo garantito di 5.000.000 di euro e fino a otto categorie di premi, oltre al rimborso. Le aspettative di vincita sono aumentate considerevolmente.<\/p>\n<h2><b>Cos&#8217;\u00e8 El Gordo de la Primitiva?<\/b><\/h2>\n<p>El Gordo de la Primitiva \u00e8 fondamentalmente un gioco d&#8217;azzardo, in cui il giocatore deve ottenere il maggior numero possibile di numeri corrispondenti.<\/p>\n<p>Quando si tiene la lotteria, vengono estratte a caso cinque palline da uno dei 54 contenitori, con numeri compresi tra 1 e 54.<\/p>\n<p>Allo stesso modo, viene estratta una pallina da un secondo contenitore, numerato da 0 a 9, che contiene il numero chiave o il rimborso.<\/p>\n<p>Il giocatore pu\u00f2 fare tutte le scommesse che desidera e pu\u00f2 farlo manualmente scegliendo i propri numeri o lasciando che sia il sistema a scegliere una combinazione casuale.<\/p>\n<h2><strong>Prezzo di El Gordo de la Primitiva<\/strong><\/h2>\n<p>Ogni biglietto di El Gordo costa 3 \u20ac e si possono fare tutte le scommesse che si desidera.<\/p>\n<h2><b>Probabilit\u00e0 di vincere El Gordo de la Primitiva<\/b><\/h2>\n<p>Le probabilit\u00e0 di vincere un premio sono di 1 su 19 (indovinando due numeri principali), mentre le probabilit\u00e0 di vincere il premio di prima categoria scendono a 1 su 31.625.100.<\/p>\n<p>Pu\u00f2 sembrare molto distante se lo confrontiamo con <b>La Primitiva<\/b>, dove le probabilit\u00e0 sono 1 su 13.983.816, e molto pi\u00f9 facile di Euromillions, dove le probabilit\u00e0 sono 1 su 76.275.360<\/p>\n<h2>Numeri pi\u00f9 premiati di El Gordo<\/h2>\n<p>I 10 numeri vincenti estratti pi\u00f9 frequentemente dalla prima estrazione, in ordine crescente, sono: 3, 6, 18, 21, 23, 11, 34, 27, 9 e 4<\/p>\n<p>D&#8217;altro canto, i numeri che pi\u00f9 raramente escono in un&#8217;estrazione sono: 52, 50, 54, 51, 49, 46, 48, 47, 43 e 53.<\/p>\n<p>Curioso, vero? I numeri meno probabili sembrano essere quelli di maggior valore.<\/p>\n","protected":false},"excerpt":{"rendered":"<p>El Gordo de la Primitiva \u00e8 stato creato da Loterias y Apuestas del Estado (LAE) in Spagna, come complemento agli altri due giochi del lotto (la Primitiva e il BonoLoto). La prima estrazione si \u00e8 tenuta il 31 ottobre 1993 e, cosa insolita, si \u00e8 tenuta una sola estrazione mensile, l&#8217;ultima domenica del mese. Con [&hellip;]<\/p>\n","protected":false},"author":2,"featured_media":0,"parent":16743,"menu_order":6,"comment_status":"closed","ping_status":"closed","template":"el-gordo-info.php","meta":{"_et_pb_use_builder":"","_et_pb_old_content":"","_et_gb_content_width":"","exclude_from_search":false,"footnotes":""},"class_list":["post-16815","page","type-page","status-publish","hentry"],"yoast_head":"<!-- This site is optimized with the Yoast SEO plugin v23.7 - https:\/\/yoast.com\/wordpress\/plugins\/seo\/ -->\n<title>Informazioni su El Gordo de la Primitiva - Lottohoy<\/title>\n<meta name=\"description\" content=\"Tutto quello che c&#039;\u00e8 da sapere su El Gordo de la Primitiva, una delle lotterie pi\u00f9 famose della Spagna, si trova nella nostra guida alle lotterie.\" \/>\n<meta name=\"robots\" content=\"index, follow, max-snippet:-1, max-image-preview:large, max-video-preview:-1\" \/>\n<link rel=\"canonical\" href=\"https:\/\/lottohoy.com\/it\/domande-frequenti-sulla-lotteria-online\/informazioni-su-el-gordo-de-la-primitiva\/\" \/>\n<meta property=\"og:locale\" content=\"it_IT\" \/>\n<meta property=\"og:type\" content=\"article\" \/>\n<meta property=\"og:title\" content=\"Informazioni su El Gordo de la Primitiva - Lottohoy\" \/>\n<meta property=\"og:description\" content=\"Tutto quello che c&#039;\u00e8 da sapere su El Gordo de la Primitiva, una delle lotterie pi\u00f9 famose della Spagna, si trova nella nostra guida alle lotterie.\" \/>\n<meta property=\"og:url\" content=\"https:\/\/lottohoy.com\/it\/domande-frequenti-sulla-lotteria-online\/informazioni-su-el-gordo-de-la-primitiva\/\" \/>\n<meta property=\"og:site_name\" content=\"Lottohoy\" \/>\n<meta name=\"twitter:card\" content=\"summary_large_image\" \/>\n<meta name=\"twitter:label1\" content=\"Tempo di lettura stimato\" \/>\n\t<meta name=\"twitter:data1\" content=\"2 minuti\" \/>\n<script type=\"application\/ld+json\" class=\"yoast-schema-graph\">{\"@context\":\"https:\/\/schema.org\",\"@graph\":[{\"@type\":\"WebPage\",\"@id\":\"https:\/\/lottohoy.com\/it\/domande-frequenti-sulla-lotteria-online\/informazioni-su-el-gordo-de-la-primitiva\/\",\"url\":\"https:\/\/lottohoy.com\/it\/domande-frequenti-sulla-lotteria-online\/informazioni-su-el-gordo-de-la-primitiva\/\",\"name\":\"Informazioni su El Gordo de la Primitiva - Lottohoy\",\"isPartOf\":{\"@id\":\"https:\/\/lottohoy.com\/it\/#website\"},\"datePublished\":\"2019-02-13T18:30:53+00:00\",\"dateModified\":\"2019-02-13T18:30:53+00:00\",\"description\":\"Tutto quello che c'\u00e8 da sapere su El Gordo de la Primitiva, una delle lotterie pi\u00f9 famose della Spagna, si trova nella nostra guida alle lotterie.\",\"breadcrumb\":{\"@id\":\"https:\/\/lottohoy.com\/it\/domande-frequenti-sulla-lotteria-online\/informazioni-su-el-gordo-de-la-primitiva\/#breadcrumb\"},\"inLanguage\":\"it-IT\",\"potentialAction\":[{\"@type\":\"ReadAction\",\"target\":[\"https:\/\/lottohoy.com\/it\/domande-frequenti-sulla-lotteria-online\/informazioni-su-el-gordo-de-la-primitiva\/\"]}]},{\"@type\":\"BreadcrumbList\",\"@id\":\"https:\/\/lottohoy.com\/it\/domande-frequenti-sulla-lotteria-online\/informazioni-su-el-gordo-de-la-primitiva\/#breadcrumb\",\"itemListElement\":[{\"@type\":\"ListItem\",\"position\":1,\"name\":\"Home\",\"item\":\"https:\/\/lottohoy.com\/it\/\"},{\"@type\":\"ListItem\",\"position\":2,\"name\":\"Domande frequenti sulla lotteria online\",\"item\":\"https:\/\/lottohoy.com\/it\/domande-frequenti-sulla-lotteria-online\/\"},{\"@type\":\"ListItem\",\"position\":3,\"name\":\"Informazioni su El Gordo de la Primitiva\"}]},{\"@type\":\"WebSite\",\"@id\":\"https:\/\/lottohoy.com\/it\/#website\",\"url\":\"https:\/\/lottohoy.com\/it\/\",\"name\":\"Lottohoy\",\"description\":\"\",\"potentialAction\":[{\"@type\":\"SearchAction\",\"target\":{\"@type\":\"EntryPoint\",\"urlTemplate\":\"https:\/\/lottohoy.com\/it\/?s={search_term_string}\"},\"query-input\":{\"@type\":\"PropertyValueSpecification\",\"valueRequired\":true,\"valueName\":\"search_term_string\"}}],\"inLanguage\":\"it-IT\"}]}<\/script>\n<!-- \/ Yoast SEO plugin. -->","yoast_head_json":{"title":"Informazioni su El Gordo de la Primitiva - Lottohoy","description":"Tutto quello che c'\u00e8 da sapere su El Gordo de la Primitiva, una delle lotterie pi\u00f9 famose della Spagna, si trova nella nostra guida alle lotterie.","robots":{"index":"index","follow":"follow","max-snippet":"max-snippet:-1","max-image-preview":"max-image-preview:large","max-video-preview":"max-video-preview:-1"},"canonical":"https:\/\/lottohoy.com\/it\/domande-frequenti-sulla-lotteria-online\/informazioni-su-el-gordo-de-la-primitiva\/","og_locale":"it_IT","og_type":"article","og_title":"Informazioni su El Gordo de la Primitiva - Lottohoy","og_description":"Tutto quello che c'\u00e8 da sapere su El Gordo de la Primitiva, una delle lotterie pi\u00f9 famose della Spagna, si trova nella nostra guida alle lotterie.","og_url":"https:\/\/lottohoy.com\/it\/domande-frequenti-sulla-lotteria-online\/informazioni-su-el-gordo-de-la-primitiva\/","og_site_name":"Lottohoy","twitter_card":"summary_large_image","twitter_misc":{"Tempo di lettura stimato":"2 minuti"},"schema":{"@context":"https:\/\/schema.org","@graph":[{"@type":"WebPage","@id":"https:\/\/lottohoy.com\/it\/domande-frequenti-sulla-lotteria-online\/informazioni-su-el-gordo-de-la-primitiva\/","url":"https:\/\/lottohoy.com\/it\/domande-frequenti-sulla-lotteria-online\/informazioni-su-el-gordo-de-la-primitiva\/","name":"Informazioni su El Gordo de la Primitiva - Lottohoy","isPartOf":{"@id":"https:\/\/lottohoy.com\/it\/#website"},"datePublished":"2019-02-13T18:30:53+00:00","dateModified":"2019-02-13T18:30:53+00:00","description":"Tutto quello che c'\u00e8 da sapere su El Gordo de la Primitiva, una delle lotterie pi\u00f9 famose della Spagna, si trova nella nostra guida alle lotterie.","breadcrumb":{"@id":"https:\/\/lottohoy.com\/it\/domande-frequenti-sulla-lotteria-online\/informazioni-su-el-gordo-de-la-primitiva\/#breadcrumb"},"inLanguage":"it-IT","potentialAction":[{"@type":"ReadAction","target":["https:\/\/lottohoy.com\/it\/domande-frequenti-sulla-lotteria-online\/informazioni-su-el-gordo-de-la-primitiva\/"]}]},{"@type":"BreadcrumbList","@id":"https:\/\/lottohoy.com\/it\/domande-frequenti-sulla-lotteria-online\/informazioni-su-el-gordo-de-la-primitiva\/#breadcrumb","itemListElement":[{"@type":"ListItem","position":1,"name":"Home","item":"https:\/\/lottohoy.com\/it\/"},{"@type":"ListItem","position":2,"name":"Domande frequenti sulla lotteria online","item":"https:\/\/lottohoy.com\/it\/domande-frequenti-sulla-lotteria-online\/"},{"@type":"ListItem","position":3,"name":"Informazioni su El Gordo de la Primitiva"}]},{"@type":"WebSite","@id":"https:\/\/lottohoy.com\/it\/#website","url":"https:\/\/lottohoy.com\/it\/","name":"Lottohoy","description":"","potentialAction":[{"@type":"SearchAction","target":{"@type":"EntryPoint","urlTemplate":"https:\/\/lottohoy.com\/it\/?s={search_term_string}"},"query-input":{"@type":"PropertyValueSpecification","valueRequired":true,"valueName":"search_term_string"}}],"inLanguage":"it-IT"}]}},"_links":{"self":[{"href":"https:\/\/lottohoy.com\/it\/wp-json\/wp\/v2\/pages\/16815","targetHints":{"allow":["GET"]}}],"collection":[{"href":"https:\/\/lottohoy.com\/it\/wp-json\/wp\/v2\/pages"}],"about":[{"href":"https:\/\/lottohoy.com\/it\/wp-json\/wp\/v2\/types\/page"}],"author":[{"embeddable":true,"href":"https:\/\/lottohoy.com\/it\/wp-json\/wp\/v2\/users\/2"}],"replies":[{"embeddable":true,"href":"https:\/\/lottohoy.com\/it\/wp-json\/wp\/v2\/comments?post=16815"}],"version-history":[{"count":0,"href":"https:\/\/lottohoy.com\/it\/wp-json\/wp\/v2\/pages\/16815\/revisions"}],"up":[{"embeddable":true,"href":"https:\/\/lottohoy.com\/it\/wp-json\/wp\/v2\/pages\/16743"}],"wp:attachment":[{"href":"https:\/\/lottohoy.com\/it\/wp-json\/wp\/v2\/media?parent=16815"}],"curies":[{"name":"wp","href":"https:\/\/api.w.org\/{rel}","templated":true}]}}