{"id":16800,"date":"2018-05-03T14:23:35","date_gmt":"2018-05-03T13:23:35","guid":{"rendered":"https:\/\/lottohoy.com\/?page_id=16800"},"modified":"2025-03-25T12:49:06","modified_gmt":"2025-03-25T12:49:06","slug":"faq-sulla-lotteria-superenalotto","status":"publish","type":"page","link":"https:\/\/lottohoy.com\/it\/domande-frequenti-sulla-lotteria-online\/faq-sulla-lotteria-superenalotto\/","title":{"rendered":"FAQ sulla lotteria SuperEnalotto"},"content":{"rendered":"<h2><strong>SuperEnalotto Italia<\/strong><\/h2>\n<p>Il SuperEnalotto esiste dal 1997, anno in cui ha sostituito l&#8217;Enalotto, il suo predecessore. All&#8217;inizio, la selezione della combinazione vincente era piuttosto complessa, poich\u00e9 si basava sull&#8217;estrazione della prima pallina da ciascuno dei tamburi celebrati nelle citt\u00e0 di Bari, Firenze, Milano, Roma, Napoli e Palermo.<\/p>\n<p>Vale a dire che ognuna di queste citt\u00e0 ha fatto una propria estrazione e la prima pallina estratta da ciascun tamburo \u00e8 stata quella che ha composto la combinazione vincente del SuperEnalotto. Nel caso in cui una di quelle palline fosse uscita con lo stesso numero di altre palline, questa pallina \u00e8 stata sostituita dalla seconda, dalla terza, ecc.<\/p>\n<p>Per completare l&#8217;intero gioco, la prima pallina estratta dal tamburo di Venezia riceveva la categoria di Jolly, mentre per determinare il Super Star veniva selezionata la prima pallina estratta dal tamburo nazionale.<\/p>\n<p>Tutta questa complessit\u00e0 \u00e8 stata semplificata nel 2009 con il nuovo regolamento, che prevede il prelievo delle palline direttamente da due tamburi unici. Uno contiene le palline che determineranno la combinazione di sei numeri, pi\u00f9 una settima pallina per il Jolly, e l&#8217;altro per estrarre la pallina per il Super Star.<\/p>\n<h2><strong>Come funziona il SuperEnalotto?<\/strong><\/h2>\n<p>Il SuperEnalotto \u00e8 una delle lotterie pi\u00f9 semplici da giocare. Basta selezionare 6 numeri compresi tra 1 e 90 e attendere i risultati.<\/p>\n<p>Per giocare su LottoHoy, basta creare un account e andare alla pagina <a href=\"https:\/\/lottohoy.com\/play\/superenalotto\/\"><b>Gioca al Superenalotto<\/b><\/a> per selezionare la combinazione preferita. Dopo l&#8217;estrazione, riceverai informazioni sui numeri vincenti e i premi verranno accreditati sul tuo account utente.<\/p>\n<h2><strong>Quando si svolge l&#8217;estrazione del SuperEnalotto?<\/strong><\/h2>\n<p>Ci sono tre estrazioni del Superenalotto a settimana: marted\u00ec, gioved\u00ec e sabato, e si svolgono alle 20:00 CET.<\/p>\n<p>Se il giorno dell&#8217;estrazione \u00e8 festivo, la data pu\u00f2 essere modificata. Questo sar\u00e0 annunciato in anticipo.<\/p>\n<h2><strong>Come si gioca al SuperEnalotto online<\/strong><\/h2>\n<p>Ci sono molti vantaggi nel giocare al Superenalotto online:<\/p>\n<ul>\n<li>Uno dei grandi vantaggi di giocare al Superenalotto online \u00e8 che potrai farlo a qualsiasi ora del giorno e della notte, 24 ore su 24, 7 giorni su 7, 365 giorni all&#8217;anno. Semplicemente avendo un dispositivo mobile, un tablet o un computer, e da qualsiasi parte del mondo.<\/li>\n<li>I non residenti in Italia, attraverso LottoHoy.com hanno la reale possibilit\u00e0 di accedere a questa succulenta lotteria e ai suoi grandi jackpot.<\/li>\n<li>Il biglietto viene acquistato direttamente presso lo stabilimento autorizzato e in questo modo la partecipazione \u00e8 reale. Oppure tramite assicurazione.<\/li>\n<li>Ricevi le tue vincite immediatamente dopo la pubblicazione dei <a href=\"https:\/\/lottohoy.com\/results\/superenalotto\/\"><b>risultati del Superenalotto<\/b><\/a>.<\/li>\n<li>Informazioni su tutte le operazioni effettuate.<\/li>\n<li>Custodia dei biglietti acquistati, evitando cos\u00ec possibili perdite o sviste.<\/li>\n<li>Informazioni puntuali su tutti i jackpot man mano che si accumulano, in modo da non perdere l&#8217;opportunit\u00e0 di partecipare.<\/li>\n<li>Un&#8217;ampia variet\u00e0 di metodi di pagamento.<\/li>\n<\/ul>\n<h2><strong>Quanto costa giocare al SuperEnalotto?<\/strong><\/h2>\n<p>Su LottoHoy puoi giocare al SuperEnalotto a partire da 2 \u20ac. Questo \u00e8 il miglior prezzo su Internet per un&#8217;esperienza sicura e veloce.<\/p>\n<h2><strong>Probabilit\u00e0 di vincere un premio al SuperEnalotto<\/strong><\/h2>\n<p>Controlla la quantit\u00e0 media di denaro che pu\u00f2 essere vinta in ciascuna delle categorie, oltre alla probabilit\u00e0 statistica di vincere uno dei premi.<\/p>\n","protected":false},"excerpt":{"rendered":"<p>SuperEnalotto Italia Il SuperEnalotto esiste dal 1997, anno in cui ha sostituito l&#8217;Enalotto, il suo predecessore. All&#8217;inizio, la selezione della combinazione vincente era piuttosto complessa, poich\u00e9 si basava sull&#8217;estrazione della prima pallina da ciascuno dei tamburi celebrati nelle citt\u00e0 di Bari, Firenze, Milano, Roma, Napoli e Palermo. Vale a dire che ognuna di queste citt\u00e0 [&hellip;]<\/p>\n","protected":false},"author":7,"featured_media":0,"parent":16743,"menu_order":5,"comment_status":"closed","ping_status":"closed","template":"superenalotto-info.php","meta":{"_et_pb_use_builder":"","_et_pb_old_content":"","_et_gb_content_width":"","exclude_from_search":false,"footnotes":""},"class_list":["post-16800","page","type-page","status-publish","hentry"],"yoast_head":"<!-- This site is optimized with the Yoast SEO plugin v23.7 - https:\/\/yoast.com\/wordpress\/plugins\/seo\/ -->\n<title>\u25b7 SuperEnalotto FAQ - La pi\u00f9 grande lotteria d&#039;Italia<\/title>\n<meta name=\"description\" content=\"Il SuperEnalotto \u00e8 una delle migliori lotterie a cui giocare. Basta scegliere 6 numeri da 1 a 90 e attendere i risultati. Provalo online ora!\" \/>\n<meta name=\"robots\" content=\"index, follow, max-snippet:-1, max-image-preview:large, max-video-preview:-1\" \/>\n<link rel=\"canonical\" href=\"https:\/\/lottohoy.com\/it\/domande-frequenti-sulla-lotteria-online\/faq-sulla-lotteria-superenalotto\/\" \/>\n<meta property=\"og:locale\" content=\"it_IT\" \/>\n<meta property=\"og:type\" content=\"article\" \/>\n<meta property=\"og:title\" content=\"\u25b7 SuperEnalotto FAQ - La pi\u00f9 grande lotteria d&#039;Italia\" \/>\n<meta property=\"og:description\" content=\"Il SuperEnalotto \u00e8 una delle migliori lotterie a cui giocare. Basta scegliere 6 numeri da 1 a 90 e attendere i risultati. Provalo online ora!\" \/>\n<meta property=\"og:url\" content=\"https:\/\/lottohoy.com\/it\/domande-frequenti-sulla-lotteria-online\/faq-sulla-lotteria-superenalotto\/\" \/>\n<meta property=\"og:site_name\" content=\"Lottohoy\" \/>\n<meta property=\"article:modified_time\" content=\"2025-03-25T12:49:06+00:00\" \/>\n<meta name=\"twitter:card\" content=\"summary_large_image\" \/>\n<meta name=\"twitter:label1\" content=\"Tempo di lettura stimato\" \/>\n\t<meta name=\"twitter:data1\" content=\"3 minuti\" \/>\n<script type=\"application\/ld+json\" class=\"yoast-schema-graph\">{\"@context\":\"https:\/\/schema.org\",\"@graph\":[{\"@type\":\"WebPage\",\"@id\":\"https:\/\/lottohoy.com\/it\/domande-frequenti-sulla-lotteria-online\/faq-sulla-lotteria-superenalotto\/\",\"url\":\"https:\/\/lottohoy.com\/it\/domande-frequenti-sulla-lotteria-online\/faq-sulla-lotteria-superenalotto\/\",\"name\":\"\u25b7 SuperEnalotto FAQ - La pi\u00f9 grande lotteria d'Italia\",\"isPartOf\":{\"@id\":\"https:\/\/lottohoy.com\/it\/#website\"},\"datePublished\":\"2018-05-03T13:23:35+00:00\",\"dateModified\":\"2025-03-25T12:49:06+00:00\",\"description\":\"Il SuperEnalotto \u00e8 una delle migliori lotterie a cui giocare. Basta scegliere 6 numeri da 1 a 90 e attendere i risultati. Provalo online ora!\",\"breadcrumb\":{\"@id\":\"https:\/\/lottohoy.com\/it\/domande-frequenti-sulla-lotteria-online\/faq-sulla-lotteria-superenalotto\/#breadcrumb\"},\"inLanguage\":\"it-IT\",\"potentialAction\":[{\"@type\":\"ReadAction\",\"target\":[\"https:\/\/lottohoy.com\/it\/domande-frequenti-sulla-lotteria-online\/faq-sulla-lotteria-superenalotto\/\"]}]},{\"@type\":\"BreadcrumbList\",\"@id\":\"https:\/\/lottohoy.com\/it\/domande-frequenti-sulla-lotteria-online\/faq-sulla-lotteria-superenalotto\/#breadcrumb\",\"itemListElement\":[{\"@type\":\"ListItem\",\"position\":1,\"name\":\"Home\",\"item\":\"https:\/\/lottohoy.com\/it\/\"},{\"@type\":\"ListItem\",\"position\":2,\"name\":\"Domande frequenti sulla lotteria online\",\"item\":\"https:\/\/lottohoy.com\/it\/domande-frequenti-sulla-lotteria-online\/\"},{\"@type\":\"ListItem\",\"position\":3,\"name\":\"FAQ sulla lotteria SuperEnalotto\"}]},{\"@type\":\"WebSite\",\"@id\":\"https:\/\/lottohoy.com\/it\/#website\",\"url\":\"https:\/\/lottohoy.com\/it\/\",\"name\":\"Lottohoy\",\"description\":\"\",\"potentialAction\":[{\"@type\":\"SearchAction\",\"target\":{\"@type\":\"EntryPoint\",\"urlTemplate\":\"https:\/\/lottohoy.com\/it\/?s={search_term_string}\"},\"query-input\":{\"@type\":\"PropertyValueSpecification\",\"valueRequired\":true,\"valueName\":\"search_term_string\"}}],\"inLanguage\":\"it-IT\"}]}<\/script>\n<!-- \/ Yoast SEO plugin. -->","yoast_head_json":{"title":"\u25b7 SuperEnalotto FAQ - La pi\u00f9 grande lotteria d'Italia","description":"Il SuperEnalotto \u00e8 una delle migliori lotterie a cui giocare. Basta scegliere 6 numeri da 1 a 90 e attendere i risultati. Provalo online ora!","robots":{"index":"index","follow":"follow","max-snippet":"max-snippet:-1","max-image-preview":"max-image-preview:large","max-video-preview":"max-video-preview:-1"},"canonical":"https:\/\/lottohoy.com\/it\/domande-frequenti-sulla-lotteria-online\/faq-sulla-lotteria-superenalotto\/","og_locale":"it_IT","og_type":"article","og_title":"\u25b7 SuperEnalotto FAQ - La pi\u00f9 grande lotteria d'Italia","og_description":"Il SuperEnalotto \u00e8 una delle migliori lotterie a cui giocare. Basta scegliere 6 numeri da 1 a 90 e attendere i risultati. Provalo online ora!","og_url":"https:\/\/lottohoy.com\/it\/domande-frequenti-sulla-lotteria-online\/faq-sulla-lotteria-superenalotto\/","og_site_name":"Lottohoy","article_modified_time":"2025-03-25T12:49:06+00:00","twitter_card":"summary_large_image","twitter_misc":{"Tempo di lettura stimato":"3 minuti"},"schema":{"@context":"https:\/\/schema.org","@graph":[{"@type":"WebPage","@id":"https:\/\/lottohoy.com\/it\/domande-frequenti-sulla-lotteria-online\/faq-sulla-lotteria-superenalotto\/","url":"https:\/\/lottohoy.com\/it\/domande-frequenti-sulla-lotteria-online\/faq-sulla-lotteria-superenalotto\/","name":"\u25b7 SuperEnalotto FAQ - La pi\u00f9 grande lotteria d'Italia","isPartOf":{"@id":"https:\/\/lottohoy.com\/it\/#website"},"datePublished":"2018-05-03T13:23:35+00:00","dateModified":"2025-03-25T12:49:06+00:00","description":"Il SuperEnalotto \u00e8 una delle migliori lotterie a cui giocare. Basta scegliere 6 numeri da 1 a 90 e attendere i risultati. Provalo online ora!","breadcrumb":{"@id":"https:\/\/lottohoy.com\/it\/domande-frequenti-sulla-lotteria-online\/faq-sulla-lotteria-superenalotto\/#breadcrumb"},"inLanguage":"it-IT","potentialAction":[{"@type":"ReadAction","target":["https:\/\/lottohoy.com\/it\/domande-frequenti-sulla-lotteria-online\/faq-sulla-lotteria-superenalotto\/"]}]},{"@type":"BreadcrumbList","@id":"https:\/\/lottohoy.com\/it\/domande-frequenti-sulla-lotteria-online\/faq-sulla-lotteria-superenalotto\/#breadcrumb","itemListElement":[{"@type":"ListItem","position":1,"name":"Home","item":"https:\/\/lottohoy.com\/it\/"},{"@type":"ListItem","position":2,"name":"Domande frequenti sulla lotteria online","item":"https:\/\/lottohoy.com\/it\/domande-frequenti-sulla-lotteria-online\/"},{"@type":"ListItem","position":3,"name":"FAQ sulla lotteria SuperEnalotto"}]},{"@type":"WebSite","@id":"https:\/\/lottohoy.com\/it\/#website","url":"https:\/\/lottohoy.com\/it\/","name":"Lottohoy","description":"","potentialAction":[{"@type":"SearchAction","target":{"@type":"EntryPoint","urlTemplate":"https:\/\/lottohoy.com\/it\/?s={search_term_string}"},"query-input":{"@type":"PropertyValueSpecification","valueRequired":true,"valueName":"search_term_string"}}],"inLanguage":"it-IT"}]}},"_links":{"self":[{"href":"https:\/\/lottohoy.com\/it\/wp-json\/wp\/v2\/pages\/16800","targetHints":{"allow":["GET"]}}],"collection":[{"href":"https:\/\/lottohoy.com\/it\/wp-json\/wp\/v2\/pages"}],"about":[{"href":"https:\/\/lottohoy.com\/it\/wp-json\/wp\/v2\/types\/page"}],"author":[{"embeddable":true,"href":"https:\/\/lottohoy.com\/it\/wp-json\/wp\/v2\/users\/7"}],"replies":[{"embeddable":true,"href":"https:\/\/lottohoy.com\/it\/wp-json\/wp\/v2\/comments?post=16800"}],"version-history":[{"count":1,"href":"https:\/\/lottohoy.com\/it\/wp-json\/wp\/v2\/pages\/16800\/revisions"}],"predecessor-version":[{"id":16801,"href":"https:\/\/lottohoy.com\/it\/wp-json\/wp\/v2\/pages\/16800\/revisions\/16801"}],"up":[{"embeddable":true,"href":"https:\/\/lottohoy.com\/it\/wp-json\/wp\/v2\/pages\/16743"}],"wp:attachment":[{"href":"https:\/\/lottohoy.com\/it\/wp-json\/wp\/v2\/media?parent=16800"}],"curies":[{"name":"wp","href":"https:\/\/api.w.org\/{rel}","templated":true}]}}