{"id":16795,"date":"2018-05-03T14:23:33","date_gmt":"2018-05-03T13:23:33","guid":{"rendered":"https:\/\/lottohoy.com\/domande-frequenti-sulla-lotteria-online\/domande-frequenti-sulla-lotteria-eurojackpot\/"},"modified":"2018-05-03T14:23:33","modified_gmt":"2018-05-03T13:23:33","slug":"domande-frequenti-sulla-lotteria-eurojackpot","status":"publish","type":"page","link":"https:\/\/lottohoy.com\/it\/domande-frequenti-sulla-lotteria-online\/domande-frequenti-sulla-lotteria-eurojackpot\/","title":{"rendered":"Domande frequenti sulla lotteria Eurojackpot"},"content":{"rendered":"<p>Il gioco Eurojackpot \u00e8 in corso dal 2012 e vi partecipano 17 paesi europei. L&#8217;estrazione avviene ogni marted\u00ec e venerd\u00ec; \u00e8 possibile acquistare i biglietti sia di persona che online giocando con noi.<\/p>\n<h2><strong>Lotteria Eurojackpot ONCE<\/strong><\/h2>\n<p>La lotteria Eurojackpot in Spagna \u00e8 solitamente associata alla ONCE (Organizzazione Nazionale dei Ciechi in Spagna) in quanto \u00e8 una delle organizzazioni che partecipano alla lotteria.<\/p>\n<p>Nel 2005, grazie al crescente successo della <a href=\"https:\/\/lottohoy.com\/play\/euromillions\/\"><b>lotteria Euromillions<\/b><\/a>, inizi\u00f2 a prendere forma la possibilit\u00e0 di creare una nuova lotteria europea. Ma fu solo <b>nel 2011<\/b> che fu raggiunto un accordo definitivo per lanciare l&#8217;Eurojackpot.<\/p>\n<p>I paesi che inizialmente firmarono l&#8217;accordo furono Germania, Danimarca, Estonia, Slovenia, Finlandia e Paesi Bassi. Successivamente si un\u00ec l&#8217;Italia e solo il 30 giugno<sup> del 2012<\/sup> si un\u00ec la Spagna.<\/p>\n<p>Nel febbraio 2013, i paesi partecipanti che si sono uniti sono stati Croazia, Islanda, Lettonia, Lituania, Norvegia e Svezia. Nell&#8217;ottobre 2014 si sono uniti Ungheria e Repubblica Ceca, nel 2015 la Slovacchia e infine la Polonia nel 2017, per completare gli attuali <b>18 paesi che partecipano all&#8217;Eurojackpot<\/b>.<\/p>\n<p>Con caratteristiche simili a quelle dell&#8217;EuroMillions, questa lotteria si differenzia principalmente perch\u00e9 limita il jackpot massimo a <b>120 milioni di euro<\/b>, a differenza dell&#8217;EuroMillions, che ha un tetto massimo di 250 milioni.<\/p>\n<h2><strong>Come giocare all&#8217;Eurojackpot online<\/strong><\/h2>\n<p>Giocare alla <b>lotteria Eurojackpot<\/b> su LottoHoy \u00e8 davvero facile. Basta seguire questi passaggi:<\/p>\n<ul>\n<li style=\"list-style-type: none;\">\n<ul>\n<li>Vai alla pagina <a href=\"https:\/\/lottohoy.com\/play\/eurojackpot\/\"><b>Gioca all&#8217;Eurojackpot<\/b><\/a>.<\/li>\n<li>Seleziona <b>cinque numeri<\/b> da 1 a 50<\/li>\n<li>Seleziona <b>due numeri<\/b> da 1 a 10<\/li>\n<li>Effettua il pagamento<\/li>\n<li>Attendi la prossima estrazione dell&#8217;Eurojackpot e potresti diventare milionario!<\/li>\n<\/ul>\n<\/li>\n<\/ul>\n<p>Ma prima devi <a href=\"https:\/\/lottohoy.com\/signup\/\">aprire il tuo conto<\/a> su Lottohoy!<\/p>\n<h2><strong>Quando viene estratto l&#8217;Eurojackpot?<\/strong><\/h2>\n<p>L&#8217;Eurojackpot viene estratto <b>marted\u00ec e venerd\u00ec alle 21:00 GMT<\/b> e si tiene a Helsinki. Ci sono molti paesi che trasmettono lo spettacolo in diretta, e altri come la Spagna dove viene trasmesso il venerd\u00ec a partire dalle 22:15.<\/p>\n<h2><strong>Prezzo dell&#8217;Eurojackpot<\/strong><\/h2>\n<p>Il prezzo ufficiale di ogni biglietto dell&#8217;Eurojackpot in 16 dei 18 paesi che fanno parte di questa lotteria europea \u00e8 di 2 \u20ac (in Islanda e Norvegia, questo prezzo \u00e8 calcolato nelle rispettive valute).<\/p>\n<p>Su LottoHoy.com puoi giocare all&#8217;Eurojackpot a partire da 3,5 \u20ac (forse il prezzo pi\u00f9 basso rispetto ad altre piattaforme di lotterie online)<\/p>\n<p><b>Prezzo EuroJackpot <\/b>\u20ac 2<\/p>\n<p><b>Prezzo Eurojackpot online <\/b>\u20ac 3,50<\/p>\n<h2>Eurojackpot vs altre lotterie<\/h2>\n<p>Se controlli la tabella qui sotto, capirai <b>perch\u00e9 l&#8217;Eurojackpot \u00e8 cos\u00ec famoso<\/b> tra gli appassionati di lotterie.<\/p>\n<p><b>Prezzo lotteria Prezzo online Jackpot Probabilit\u00e0<\/b><\/p>\n<p>Eurojackpot 2,00 \u20ac 3,00 \u20ac 120.000.000 \u20ac 1 su 95.344.200<\/p>\n<p>Euromillions 2,50 \u20ac 3,30 \u20ac 250.000.000 \u20ac 1 su 139.838.160<\/p>\n<p>SuperEnalotto 1,00 \u20ac 3,00 \u20ac Nessun limite 1 su 622.614.630<\/p>\n<p>PowerBall US 2,00 $ 3,00 \u20ac Nessun limite 1 su 292.201.338<\/p>\n<p>MegaMillions 2,00 $ 3,00 \u20ac Nessun limite 1 su 302.575.350<\/p>\n<p>La Primitiva 1,00 \u20ac 2,00 \u20ac Nessun limite 1 su 139.838.160<\/p>\n<p>PowerBall AU 1,20 $ 1,50 \u20ac Nessun limite 1 su 134.490.400<\/p>\n<p>Lotteria del Regno Unito 2,00 \u00a3 4,00 \u20ac 22.000.000 \u00a3 1 su 45.057.474<\/p>\n<p>Eurojackpot non solo offre la possibilit\u00e0 di vincere <a href=\"https:\/\/lottohoy.com\/jackpots\/\">grandi jackpot<\/a>, ma anche alcune delle <b>migliori probabilit\u00e0<\/b> rispetto ad altre lotterie.<\/p>\n<h2><strong>Probabilit\u00e0 di vincere un premio all&#8217;Eurojackpot<\/strong><\/h2>\n<p>Abbiamo compilato la probabilit\u00e0 effettiva di essere premiati in ciascuna delle categorie di premi. \u00c8 inoltre possibile vedere la percentuale dell&#8217;importo assegnato ai premi distribuiti e la quantit\u00e0 stimata di denaro per ogni livello sui risultati dell&#8217;<a href=\"https:\/\/lottohoy.com\/results\/eurojackpot\/\">Eurojackpot.<\/a><\/p>\n","protected":false},"excerpt":{"rendered":"<p>Il gioco Eurojackpot \u00e8 in corso dal 2012 e vi partecipano 17 paesi europei. L&#8217;estrazione avviene ogni marted\u00ec e venerd\u00ec; \u00e8 possibile acquistare i biglietti sia di persona che online giocando con noi. Lotteria Eurojackpot ONCE La lotteria Eurojackpot in Spagna \u00e8 solitamente associata alla ONCE (Organizzazione Nazionale dei Ciechi in Spagna) in quanto \u00e8 [&hellip;]<\/p>\n","protected":false},"author":2,"featured_media":0,"parent":16743,"menu_order":4,"comment_status":"closed","ping_status":"closed","template":"eurojackpot-info.php","meta":{"_et_pb_use_builder":"","_et_pb_old_content":"","_et_gb_content_width":"","exclude_from_search":false,"footnotes":""},"class_list":["post-16795","page","type-page","status-publish","hentry"],"yoast_head":"<!-- This site is optimized with the Yoast SEO plugin v23.7 - https:\/\/yoast.com\/wordpress\/plugins\/seo\/ -->\n<title>\u25b7 Eurojackpot Online\u3010Gioca alla lotteria online\u3011- Lottohoy<\/title>\n<meta name=\"description\" content=\"L&#039;Eurojackpot \u00e8 una delle migliori lotterie in circolazione grazie ai suoi enormi jackpot. Acquista subito il tuo biglietto e partecipa alla prossima estrazione!\" \/>\n<meta name=\"robots\" content=\"index, follow, max-snippet:-1, max-image-preview:large, max-video-preview:-1\" \/>\n<link rel=\"canonical\" href=\"https:\/\/lottohoy.com\/it\/domande-frequenti-sulla-lotteria-online\/domande-frequenti-sulla-lotteria-eurojackpot\/\" \/>\n<meta property=\"og:locale\" content=\"it_IT\" \/>\n<meta property=\"og:type\" content=\"article\" \/>\n<meta property=\"og:title\" content=\"\u25b7 Eurojackpot Online\u3010Gioca alla lotteria online\u3011- Lottohoy\" \/>\n<meta property=\"og:description\" content=\"L&#039;Eurojackpot \u00e8 una delle migliori lotterie in circolazione grazie ai suoi enormi jackpot. Acquista subito il tuo biglietto e partecipa alla prossima estrazione!\" \/>\n<meta property=\"og:url\" content=\"https:\/\/lottohoy.com\/it\/domande-frequenti-sulla-lotteria-online\/domande-frequenti-sulla-lotteria-eurojackpot\/\" \/>\n<meta property=\"og:site_name\" content=\"Lottohoy\" \/>\n<meta name=\"twitter:card\" content=\"summary_large_image\" \/>\n<meta name=\"twitter:label1\" content=\"Tempo di lettura stimato\" \/>\n\t<meta name=\"twitter:data1\" content=\"2 minuti\" \/>\n<script type=\"application\/ld+json\" class=\"yoast-schema-graph\">{\"@context\":\"https:\/\/schema.org\",\"@graph\":[{\"@type\":\"WebPage\",\"@id\":\"https:\/\/lottohoy.com\/it\/domande-frequenti-sulla-lotteria-online\/domande-frequenti-sulla-lotteria-eurojackpot\/\",\"url\":\"https:\/\/lottohoy.com\/it\/domande-frequenti-sulla-lotteria-online\/domande-frequenti-sulla-lotteria-eurojackpot\/\",\"name\":\"\u25b7 Eurojackpot Online\u3010Gioca alla lotteria online\u3011- Lottohoy\",\"isPartOf\":{\"@id\":\"https:\/\/lottohoy.com\/it\/#website\"},\"datePublished\":\"2018-05-03T13:23:33+00:00\",\"dateModified\":\"2018-05-03T13:23:33+00:00\",\"description\":\"L'Eurojackpot \u00e8 una delle migliori lotterie in circolazione grazie ai suoi enormi jackpot. Acquista subito il tuo biglietto e partecipa alla prossima estrazione!\",\"breadcrumb\":{\"@id\":\"https:\/\/lottohoy.com\/it\/domande-frequenti-sulla-lotteria-online\/domande-frequenti-sulla-lotteria-eurojackpot\/#breadcrumb\"},\"inLanguage\":\"it-IT\",\"potentialAction\":[{\"@type\":\"ReadAction\",\"target\":[\"https:\/\/lottohoy.com\/it\/domande-frequenti-sulla-lotteria-online\/domande-frequenti-sulla-lotteria-eurojackpot\/\"]}]},{\"@type\":\"BreadcrumbList\",\"@id\":\"https:\/\/lottohoy.com\/it\/domande-frequenti-sulla-lotteria-online\/domande-frequenti-sulla-lotteria-eurojackpot\/#breadcrumb\",\"itemListElement\":[{\"@type\":\"ListItem\",\"position\":1,\"name\":\"Home\",\"item\":\"https:\/\/lottohoy.com\/it\/\"},{\"@type\":\"ListItem\",\"position\":2,\"name\":\"Domande frequenti sulla lotteria online\",\"item\":\"https:\/\/lottohoy.com\/it\/domande-frequenti-sulla-lotteria-online\/\"},{\"@type\":\"ListItem\",\"position\":3,\"name\":\"Domande frequenti sulla lotteria Eurojackpot\"}]},{\"@type\":\"WebSite\",\"@id\":\"https:\/\/lottohoy.com\/it\/#website\",\"url\":\"https:\/\/lottohoy.com\/it\/\",\"name\":\"Lottohoy\",\"description\":\"\",\"potentialAction\":[{\"@type\":\"SearchAction\",\"target\":{\"@type\":\"EntryPoint\",\"urlTemplate\":\"https:\/\/lottohoy.com\/it\/?s={search_term_string}\"},\"query-input\":{\"@type\":\"PropertyValueSpecification\",\"valueRequired\":true,\"valueName\":\"search_term_string\"}}],\"inLanguage\":\"it-IT\"}]}<\/script>\n<!-- \/ Yoast SEO plugin. -->","yoast_head_json":{"title":"\u25b7 Eurojackpot Online\u3010Gioca alla lotteria online\u3011- Lottohoy","description":"L'Eurojackpot \u00e8 una delle migliori lotterie in circolazione grazie ai suoi enormi jackpot. Acquista subito il tuo biglietto e partecipa alla prossima estrazione!","robots":{"index":"index","follow":"follow","max-snippet":"max-snippet:-1","max-image-preview":"max-image-preview:large","max-video-preview":"max-video-preview:-1"},"canonical":"https:\/\/lottohoy.com\/it\/domande-frequenti-sulla-lotteria-online\/domande-frequenti-sulla-lotteria-eurojackpot\/","og_locale":"it_IT","og_type":"article","og_title":"\u25b7 Eurojackpot Online\u3010Gioca alla lotteria online\u3011- Lottohoy","og_description":"L'Eurojackpot \u00e8 una delle migliori lotterie in circolazione grazie ai suoi enormi jackpot. Acquista subito il tuo biglietto e partecipa alla prossima estrazione!","og_url":"https:\/\/lottohoy.com\/it\/domande-frequenti-sulla-lotteria-online\/domande-frequenti-sulla-lotteria-eurojackpot\/","og_site_name":"Lottohoy","twitter_card":"summary_large_image","twitter_misc":{"Tempo di lettura stimato":"2 minuti"},"schema":{"@context":"https:\/\/schema.org","@graph":[{"@type":"WebPage","@id":"https:\/\/lottohoy.com\/it\/domande-frequenti-sulla-lotteria-online\/domande-frequenti-sulla-lotteria-eurojackpot\/","url":"https:\/\/lottohoy.com\/it\/domande-frequenti-sulla-lotteria-online\/domande-frequenti-sulla-lotteria-eurojackpot\/","name":"\u25b7 Eurojackpot Online\u3010Gioca alla lotteria online\u3011- Lottohoy","isPartOf":{"@id":"https:\/\/lottohoy.com\/it\/#website"},"datePublished":"2018-05-03T13:23:33+00:00","dateModified":"2018-05-03T13:23:33+00:00","description":"L'Eurojackpot \u00e8 una delle migliori lotterie in circolazione grazie ai suoi enormi jackpot. Acquista subito il tuo biglietto e partecipa alla prossima estrazione!","breadcrumb":{"@id":"https:\/\/lottohoy.com\/it\/domande-frequenti-sulla-lotteria-online\/domande-frequenti-sulla-lotteria-eurojackpot\/#breadcrumb"},"inLanguage":"it-IT","potentialAction":[{"@type":"ReadAction","target":["https:\/\/lottohoy.com\/it\/domande-frequenti-sulla-lotteria-online\/domande-frequenti-sulla-lotteria-eurojackpot\/"]}]},{"@type":"BreadcrumbList","@id":"https:\/\/lottohoy.com\/it\/domande-frequenti-sulla-lotteria-online\/domande-frequenti-sulla-lotteria-eurojackpot\/#breadcrumb","itemListElement":[{"@type":"ListItem","position":1,"name":"Home","item":"https:\/\/lottohoy.com\/it\/"},{"@type":"ListItem","position":2,"name":"Domande frequenti sulla lotteria online","item":"https:\/\/lottohoy.com\/it\/domande-frequenti-sulla-lotteria-online\/"},{"@type":"ListItem","position":3,"name":"Domande frequenti sulla lotteria Eurojackpot"}]},{"@type":"WebSite","@id":"https:\/\/lottohoy.com\/it\/#website","url":"https:\/\/lottohoy.com\/it\/","name":"Lottohoy","description":"","potentialAction":[{"@type":"SearchAction","target":{"@type":"EntryPoint","urlTemplate":"https:\/\/lottohoy.com\/it\/?s={search_term_string}"},"query-input":{"@type":"PropertyValueSpecification","valueRequired":true,"valueName":"search_term_string"}}],"inLanguage":"it-IT"}]}},"_links":{"self":[{"href":"https:\/\/lottohoy.com\/it\/wp-json\/wp\/v2\/pages\/16795","targetHints":{"allow":["GET"]}}],"collection":[{"href":"https:\/\/lottohoy.com\/it\/wp-json\/wp\/v2\/pages"}],"about":[{"href":"https:\/\/lottohoy.com\/it\/wp-json\/wp\/v2\/types\/page"}],"author":[{"embeddable":true,"href":"https:\/\/lottohoy.com\/it\/wp-json\/wp\/v2\/users\/2"}],"replies":[{"embeddable":true,"href":"https:\/\/lottohoy.com\/it\/wp-json\/wp\/v2\/comments?post=16795"}],"version-history":[{"count":0,"href":"https:\/\/lottohoy.com\/it\/wp-json\/wp\/v2\/pages\/16795\/revisions"}],"up":[{"embeddable":true,"href":"https:\/\/lottohoy.com\/it\/wp-json\/wp\/v2\/pages\/16743"}],"wp:attachment":[{"href":"https:\/\/lottohoy.com\/it\/wp-json\/wp\/v2\/media?parent=16795"}],"curies":[{"name":"wp","href":"https:\/\/api.w.org\/{rel}","templated":true}]}}