{"id":16785,"date":"2018-05-03T14:23:36","date_gmt":"2018-05-03T13:23:36","guid":{"rendered":"https:\/\/lottohoy.com\/domande-frequenti-sulla-lotteria-online\/uk-lottery-faq\/"},"modified":"2018-05-03T14:23:36","modified_gmt":"2018-05-03T13:23:36","slug":"uk-lottery-faq","status":"publish","type":"page","link":"https:\/\/lottohoy.com\/it\/domande-frequenti-sulla-lotteria-online\/uk-lottery-faq\/","title":{"rendered":"UK Lottery FAQ"},"content":{"rendered":"<p>UK Lottery \u00e8 stata lanciata nel 1994. Questa lotteria britannica offre un jackpot minimo di 2.500.000 sterline.<\/p>\n<p>Le estrazioni si tengono il mercoled\u00ec e il sabato.<\/p>\n<h2><strong>Cos&#8217;\u00e8 la UK Lotto?<\/strong><\/h2>\n<p>Lotto UK \u00e8 la lotteria nazionale del Regno Unito. \u00c8 stata creata nel 1994 e da allora l&#8217;interesse nei suoi confronti \u00e8 cresciuto.<\/p>\n<p>Le palline che determinano le combinazioni vincenti, che sono in totale 59, sono divise per colori in modo che ogni sequenza di dieci numeri sia di un colore diverso (dal 1 al 9 sono bianche, dal 10 al 19 blu, poi rosa, verdi, gialle e viola).<\/p>\n<p>L&#8217;estrazione consiste nell&#8217;estrarre sei palline + una settima come \u201cbonus\u201d, ogni biglietto scommessa ha un codice di lettere e numeri allegato per partecipare alla Millionaire Raffle senza alcun costo, nelle amministrazioni fisiche.<\/p>\n<p>Il jackpot minimo garantito \u00e8 di 2.500.000 sterline, mentre il massimo raggiungibile con vari rollover \u00e8 di 22 milioni di sterline.<\/p>\n<p>Ci sono sei categorie di premi per i <a href=\"https:\/\/lottohoy.com\/results\/lotto-uk\/\">risultati del lotto nel Regno Unito<\/a>:<\/p>\n<ul>\n<li>Prima categoria: indovinando i 6 numeri della combinazione estratta.<\/li>\n<li>Seconda categoria: indovinando 5 numeri + il numero bonus, si vince un premio stimato di 50.000 sterline.<\/li>\n<li>Terza categoria: indovinando cinque numeri, si vince un premio stimato di 1.000 sterline.<\/li>\n<li>Quarta categoria: indovinando quattro numeri, si vince un premio stimato di 100 sterline.<\/li>\n<li>Quinta categoria: indovinando tre numeri, si vincono 25 sterline.<\/li>\n<li>Sesta categoria: indovinando due numeri, si vince un biglietto gratuito del Lotto Lucky Lotto.<\/li>\n<\/ul>\n<h2><strong>Come si gioca al Lotto del Regno Unito?<\/strong><\/h2>\n<p>Giocare al Lotto UK su LottoHoy.com \u00e8 molto facile. Se hai gi\u00e0 un account utente, devi semplicemente trovare la pagina del Lotto UK, fare le scommesse che vuoi e procedere al pagamento.<\/p>\n<p>Per coloro che non hanno ancora un account utente, possono registrarsi in pochi secondi; la procedura di iscrizione \u00e8 la stessa.<\/p>\n<p>Una volta sulla pagina del gioco UK Lotto, vedrai cinque blocchi o colonne con caselle numerate rispettivamente da 1 a 59, e devi scegliere sei numeri dalla prima colonna (un biglietto) se vuoi fare una scommessa singola.<\/p>\n<p>Se vuoi giocare pi\u00f9 colonne, questa pagina mostra fino a cinque colonne, ma cliccando sul quadrato che dice PI\u00d9 LINEE ti d\u00e0 la possibilit\u00e0 di avere tutti i biglietti che vuoi.<\/p>\n<p>Una volta deciso, clicca su CONTINUA ed effettua il pagamento.<\/p>\n<h2><strong>Quanto costano i biglietti del Lotto del Regno Unito?<\/strong><\/h2>\n<p>Su LottoHoy, puoi acquistare i tuoi biglietti per la lotteria del Regno Unito a partire da 4,75 \u20ac.<\/p>\n<h2><strong>Probabilit\u00e0 di vincere al Lotto del Regno Unito<\/strong><\/h2>\n<p>Quando <a href=\"https:\/\/lottohoy.com\/play\/lotto-uk\/\"><b>giochiamo al Lotto del Regno Unito<\/b><\/a>, tutti vogliamo vincere pi\u00f9 soldi possibile. Nella tabella seguente puoi verificare le probabilit\u00e0 di vincere uno dei premi.<\/p>\n","protected":false},"excerpt":{"rendered":"<p>UK Lottery \u00e8 stata lanciata nel 1994. Questa lotteria britannica offre un jackpot minimo di 2.500.000 sterline. Le estrazioni si tengono il mercoled\u00ec e il sabato. Cos&#8217;\u00e8 la UK Lotto? Lotto UK \u00e8 la lotteria nazionale del Regno Unito. \u00c8 stata creata nel 1994 e da allora l&#8217;interesse nei suoi confronti \u00e8 cresciuto. Le palline [&hellip;]<\/p>\n","protected":false},"author":2,"featured_media":0,"parent":16743,"menu_order":3,"comment_status":"closed","ping_status":"closed","template":"lotto-uk-info.php","meta":{"_et_pb_use_builder":"","_et_pb_old_content":"","_et_gb_content_width":"","exclude_from_search":false,"footnotes":""},"class_list":["post-16785","page","type-page","status-publish","hentry"],"yoast_head":"<!-- This site is optimized with the Yoast SEO plugin v23.7 - https:\/\/yoast.com\/wordpress\/plugins\/seo\/ -->\n<title>\u25b7 Lotteria del Regno Unito | Come si gioca, jackpot, premi - Lottohoy<\/title>\n<meta name=\"description\" content=\"Il Lotto del Regno Unito \u00e8 una delle lotterie pi\u00f9 popolari in circolazione. Scegli i tuoi numeri preferiti e acquista subito il biglietto. Ti aspettano enormi jackpot.\" \/>\n<meta name=\"robots\" content=\"index, follow, max-snippet:-1, max-image-preview:large, max-video-preview:-1\" \/>\n<link rel=\"canonical\" href=\"https:\/\/lottohoy.com\/it\/domande-frequenti-sulla-lotteria-online\/uk-lottery-faq\/\" \/>\n<meta property=\"og:locale\" content=\"it_IT\" \/>\n<meta property=\"og:type\" content=\"article\" \/>\n<meta property=\"og:title\" content=\"\u25b7 Lotteria del Regno Unito | Come si gioca, jackpot, premi - Lottohoy\" \/>\n<meta property=\"og:description\" content=\"Il Lotto del Regno Unito \u00e8 una delle lotterie pi\u00f9 popolari in circolazione. Scegli i tuoi numeri preferiti e acquista subito il biglietto. Ti aspettano enormi jackpot.\" \/>\n<meta property=\"og:url\" content=\"https:\/\/lottohoy.com\/it\/domande-frequenti-sulla-lotteria-online\/uk-lottery-faq\/\" \/>\n<meta property=\"og:site_name\" content=\"Lottohoy\" \/>\n<meta name=\"twitter:card\" content=\"summary_large_image\" \/>\n<meta name=\"twitter:label1\" content=\"Tempo di lettura stimato\" \/>\n\t<meta name=\"twitter:data1\" content=\"2 minuti\" \/>\n<script type=\"application\/ld+json\" class=\"yoast-schema-graph\">{\"@context\":\"https:\/\/schema.org\",\"@graph\":[{\"@type\":\"WebPage\",\"@id\":\"https:\/\/lottohoy.com\/it\/domande-frequenti-sulla-lotteria-online\/uk-lottery-faq\/\",\"url\":\"https:\/\/lottohoy.com\/it\/domande-frequenti-sulla-lotteria-online\/uk-lottery-faq\/\",\"name\":\"\u25b7 Lotteria del Regno Unito | Come si gioca, jackpot, premi - Lottohoy\",\"isPartOf\":{\"@id\":\"https:\/\/lottohoy.com\/it\/#website\"},\"datePublished\":\"2018-05-03T13:23:36+00:00\",\"dateModified\":\"2018-05-03T13:23:36+00:00\",\"description\":\"Il Lotto del Regno Unito \u00e8 una delle lotterie pi\u00f9 popolari in circolazione. Scegli i tuoi numeri preferiti e acquista subito il biglietto. Ti aspettano enormi jackpot.\",\"breadcrumb\":{\"@id\":\"https:\/\/lottohoy.com\/it\/domande-frequenti-sulla-lotteria-online\/uk-lottery-faq\/#breadcrumb\"},\"inLanguage\":\"it-IT\",\"potentialAction\":[{\"@type\":\"ReadAction\",\"target\":[\"https:\/\/lottohoy.com\/it\/domande-frequenti-sulla-lotteria-online\/uk-lottery-faq\/\"]}]},{\"@type\":\"BreadcrumbList\",\"@id\":\"https:\/\/lottohoy.com\/it\/domande-frequenti-sulla-lotteria-online\/uk-lottery-faq\/#breadcrumb\",\"itemListElement\":[{\"@type\":\"ListItem\",\"position\":1,\"name\":\"Home\",\"item\":\"https:\/\/lottohoy.com\/it\/\"},{\"@type\":\"ListItem\",\"position\":2,\"name\":\"Domande frequenti sulla lotteria online\",\"item\":\"https:\/\/lottohoy.com\/it\/domande-frequenti-sulla-lotteria-online\/\"},{\"@type\":\"ListItem\",\"position\":3,\"name\":\"UK Lottery FAQ\"}]},{\"@type\":\"WebSite\",\"@id\":\"https:\/\/lottohoy.com\/it\/#website\",\"url\":\"https:\/\/lottohoy.com\/it\/\",\"name\":\"Lottohoy\",\"description\":\"\",\"potentialAction\":[{\"@type\":\"SearchAction\",\"target\":{\"@type\":\"EntryPoint\",\"urlTemplate\":\"https:\/\/lottohoy.com\/it\/?s={search_term_string}\"},\"query-input\":{\"@type\":\"PropertyValueSpecification\",\"valueRequired\":true,\"valueName\":\"search_term_string\"}}],\"inLanguage\":\"it-IT\"}]}<\/script>\n<!-- \/ Yoast SEO plugin. -->","yoast_head_json":{"title":"\u25b7 Lotteria del Regno Unito | Come si gioca, jackpot, premi - Lottohoy","description":"Il Lotto del Regno Unito \u00e8 una delle lotterie pi\u00f9 popolari in circolazione. Scegli i tuoi numeri preferiti e acquista subito il biglietto. Ti aspettano enormi jackpot.","robots":{"index":"index","follow":"follow","max-snippet":"max-snippet:-1","max-image-preview":"max-image-preview:large","max-video-preview":"max-video-preview:-1"},"canonical":"https:\/\/lottohoy.com\/it\/domande-frequenti-sulla-lotteria-online\/uk-lottery-faq\/","og_locale":"it_IT","og_type":"article","og_title":"\u25b7 Lotteria del Regno Unito | Come si gioca, jackpot, premi - Lottohoy","og_description":"Il Lotto del Regno Unito \u00e8 una delle lotterie pi\u00f9 popolari in circolazione. Scegli i tuoi numeri preferiti e acquista subito il biglietto. Ti aspettano enormi jackpot.","og_url":"https:\/\/lottohoy.com\/it\/domande-frequenti-sulla-lotteria-online\/uk-lottery-faq\/","og_site_name":"Lottohoy","twitter_card":"summary_large_image","twitter_misc":{"Tempo di lettura stimato":"2 minuti"},"schema":{"@context":"https:\/\/schema.org","@graph":[{"@type":"WebPage","@id":"https:\/\/lottohoy.com\/it\/domande-frequenti-sulla-lotteria-online\/uk-lottery-faq\/","url":"https:\/\/lottohoy.com\/it\/domande-frequenti-sulla-lotteria-online\/uk-lottery-faq\/","name":"\u25b7 Lotteria del Regno Unito | Come si gioca, jackpot, premi - Lottohoy","isPartOf":{"@id":"https:\/\/lottohoy.com\/it\/#website"},"datePublished":"2018-05-03T13:23:36+00:00","dateModified":"2018-05-03T13:23:36+00:00","description":"Il Lotto del Regno Unito \u00e8 una delle lotterie pi\u00f9 popolari in circolazione. Scegli i tuoi numeri preferiti e acquista subito il biglietto. Ti aspettano enormi jackpot.","breadcrumb":{"@id":"https:\/\/lottohoy.com\/it\/domande-frequenti-sulla-lotteria-online\/uk-lottery-faq\/#breadcrumb"},"inLanguage":"it-IT","potentialAction":[{"@type":"ReadAction","target":["https:\/\/lottohoy.com\/it\/domande-frequenti-sulla-lotteria-online\/uk-lottery-faq\/"]}]},{"@type":"BreadcrumbList","@id":"https:\/\/lottohoy.com\/it\/domande-frequenti-sulla-lotteria-online\/uk-lottery-faq\/#breadcrumb","itemListElement":[{"@type":"ListItem","position":1,"name":"Home","item":"https:\/\/lottohoy.com\/it\/"},{"@type":"ListItem","position":2,"name":"Domande frequenti sulla lotteria online","item":"https:\/\/lottohoy.com\/it\/domande-frequenti-sulla-lotteria-online\/"},{"@type":"ListItem","position":3,"name":"UK Lottery FAQ"}]},{"@type":"WebSite","@id":"https:\/\/lottohoy.com\/it\/#website","url":"https:\/\/lottohoy.com\/it\/","name":"Lottohoy","description":"","potentialAction":[{"@type":"SearchAction","target":{"@type":"EntryPoint","urlTemplate":"https:\/\/lottohoy.com\/it\/?s={search_term_string}"},"query-input":{"@type":"PropertyValueSpecification","valueRequired":true,"valueName":"search_term_string"}}],"inLanguage":"it-IT"}]}},"_links":{"self":[{"href":"https:\/\/lottohoy.com\/it\/wp-json\/wp\/v2\/pages\/16785","targetHints":{"allow":["GET"]}}],"collection":[{"href":"https:\/\/lottohoy.com\/it\/wp-json\/wp\/v2\/pages"}],"about":[{"href":"https:\/\/lottohoy.com\/it\/wp-json\/wp\/v2\/types\/page"}],"author":[{"embeddable":true,"href":"https:\/\/lottohoy.com\/it\/wp-json\/wp\/v2\/users\/2"}],"replies":[{"embeddable":true,"href":"https:\/\/lottohoy.com\/it\/wp-json\/wp\/v2\/comments?post=16785"}],"version-history":[{"count":0,"href":"https:\/\/lottohoy.com\/it\/wp-json\/wp\/v2\/pages\/16785\/revisions"}],"up":[{"embeddable":true,"href":"https:\/\/lottohoy.com\/it\/wp-json\/wp\/v2\/pages\/16743"}],"wp:attachment":[{"href":"https:\/\/lottohoy.com\/it\/wp-json\/wp\/v2\/media?parent=16785"}],"curies":[{"name":"wp","href":"https:\/\/api.w.org\/{rel}","templated":true}]}}