{"id":16779,"date":"2018-05-03T14:23:33","date_gmt":"2018-05-03T13:23:33","guid":{"rendered":"https:\/\/lottohoy.com\/domande-frequenti-sulla-lotteria-online\/domande-frequenti-sulla-lotteria-euromillions\/"},"modified":"2018-05-03T14:23:33","modified_gmt":"2018-05-03T13:23:33","slug":"domande-frequenti-sulla-lotteria-euromillions","status":"publish","type":"page","link":"https:\/\/lottohoy.com\/it\/domande-frequenti-sulla-lotteria-online\/domande-frequenti-sulla-lotteria-euromillions\/","title":{"rendered":"Domande frequenti sulla lotteria EuroMillions"},"content":{"rendered":"<h2>Cos&#8217;\u00e8 Euromillions?<\/h2>\n<p>Euromillions \u00e8 una <b>lotteria<\/b> che si tiene ogni marted\u00ec e venerd\u00ec alle 21:30 a Parigi. \u00c8 la lotteria pi\u00f9 importante d&#8217;Europa, in quanto raccoglie il maggior numero di partecipanti e distribuisce i premi pi\u00f9 alti.<\/p>\n<p>La prima estrazione si \u00e8 tenuta il 13 febbraio 2004, con tre paesi come principali promotori della lotteria, nello specifico le agenzie di lotteria del Regno Unito (Nattional Lottery), Francia (La Fran\u00e7aise des Jeux) e Spagna (Lotterie e giochi di stato). Solo pochi mesi dopo questa prima estrazione, si sono aggiunti altri sei paesi: Austria, Belgio, Irlanda, Lussemburgo, Portogallo e Svizzera.<\/p>\n<p>Si tratta di una lotteria piuttosto recente, poich\u00e9 \u00e8 stata istituita a partire dalla nascita dell&#8217;euro (\u20ac), la moneta dell&#8217;Unione Europea. Per oltre un decennio si \u00e8 studiata la possibilit\u00e0 di creare una lotteria comune per i 500 milioni di abitanti dell&#8217;Unione Europea.<\/p>\n<p>In questa lotteria EuroMillions, \u00e8 garantito un premio minimo di 20.000.000 \u20ac per la prima categoria di vincitori e un <del>massimo attualmente stabilito fino a 190.000.000<\/del> \u20ac (questo importo \u00e8 stato assegnato in <b>tre occasioni<\/b> fino ad oggi).<\/p>\n<p>Marted\u00ec 4 febbraio 2020 entrano in vigore nuove modifiche all&#8217;Euromillions. Il tetto massimo che pu\u00f2 raggiungere l&#8217;importo del premio destinato alla prima categoria sale a <b>200 milioni di euro<\/b>, potendo raggiungere progressivamente i 250 milioni di euro come limite massimo. Le modifiche vengono applicate anche alle percentuali destinate ai premi per categoria.<\/p>\n<h2>Come si gioca all&#8217;Euromillions?<\/h2>\n<p>Ci sono tre fattori importanti da tenere in considerazione nel gioco Euromillions: le regole che lo regolano, le categorie di premio e la distribuzione del premio e del \u201cjackpot\u201d.<\/p>\n<p>In sostanza, si tratta di selezionare cinque numeri tra 1 e 50 e due stelle tra 1 e 12. Pi\u00f9 numeri e stelle indovini, pi\u00f9 grande sar\u00e0 il premio. \u00c8 cos\u00ec semplice!<\/p>\n<p>Quando si entra nella sezione <b>Gioca a Euromillions,<\/b> si vede una riga composta da cinque colonne, ognuna delle quali \u00e8 composta da 50 caselle numerate da 1 a 50, e una seconda parte che \u00e8 composta da 12 caselle (stelle fortunate), numerate da 1 a 12.<\/p>\n<p>Come puoi vedere, inizialmente c&#8217;\u00e8 una riga con cinque colonne di gioco per effettuare le scommesse, ma il numero di righe pu\u00f2 essere ampliato semplicemente cliccando sulla casella PI\u00d9 RIGHE.<\/p>\n<p>In ognuna di queste tabelle o righe si devono effettuare i pronostici (cinque numeri e due stelle). Inoltre, si pu\u00f2 fare manualmente, scegliendo i numeri preferiti, o in modo casuale utilizzando il pulsante SELEZIONE RAPIDA che appare sopra ogni colonna.<\/p>\n<p>Una volta compilati tutti i biglietti che si desidera giocare, sar\u00e0 possibile consultare l&#8217;importo totale nell&#8217;angolo in basso a destra.<\/p>\n<p>Cliccando sulla casella CONTINUA si potr\u00e0 confermare l&#8217;ordine ed effettuare il pagamento, scegliendo tra i fondi precedentemente depositati o uno degli oltre <b>20 metodi di pagamento<\/b> offerti.<\/p>\n<h3>Prezzo della scommessa Euromillions<\/h3>\n<p>Il prezzo ufficiale di ogni scommessa varia a seconda del paese e della sua valuta. Per avere un&#8217;idea approssimativa, viene confrontato con l&#8217;euro.<\/p>\n<p>Insieme al totale delle scommesse Euromillions, in alcuni dei paesi organizzatori di questa lotteria \u00e8 stato istituito un complemento: <b>il Million<\/b>.<\/p>\n<p>Questa estrazione si tiene ogni settimana in ciascuno di questi paesi con le scommesse acquistate il venerd\u00ec. Viene fornito automaticamente un codice univoco e se il numero vincente corrisponde al tuo biglietto, vincerai 1.000.000 di euro indipendentemente dal fatto che la tua combinazione sia stata premiata o meno.<\/p>\n<h2>Estrazioni speciali Euromillions<\/h2>\n<p><b>Le estrazioni complementari Euromillions<\/b> si svolgono nei vari paesi organizzatori. In alcuni casi, con lo stesso importo delle scommesse Euromillions, e in altri casi, con un importo separato.<\/p>\n<h4><em>\u201cLa pioggia di milioni\u201d<\/em><\/h4>\n<p>La <b>pioggia di milioni \u00e8 un&#8217;estrazione <\/b>in cui tutti i paesi partecipanti giocano e creano pi\u00f9 milionari in un&#8217;unica estrazione.<\/p>\n<p>I vincitori saranno selezionati a caso tra tutti i biglietti partecipanti all&#8217;estrazione durante questo evento speciale che si svolger\u00e0 in occasioni prestabilite durante l&#8217;anno.<\/p>\n<p><b><em>Il \u201cSuper Sorteggio\u201d:<\/em><\/b><\/p>\n<p>\u00c8 quando le organizzazioni di lotterie partecipanti decidono di offrire un <b>speciale fondo garantito<\/b> per la prima categoria (jackpot), presente in ogni estrazione annunciata.<\/p>\n<p>Dal 2017 si tengono due estrazioni di questo tipo all&#8217;anno, con un montepremi di 130.000.000 \u20ac. <b>Dal 1\u00b0<sup> febbraio<\/sup> 2020, ci saranno tre \u201csuper estrazioni\u201d all&#8217;anno<\/b> e, in linea di principio, l&#8217;importo garantito dovrebbe aumentare, indipendentemente dal valore dell&#8217;estrazione precedente, che sia stato vinto o meno.<\/p>\n<p>Nel caso in cui non ci sia un vincitore di prima categoria, il jackpot verr\u00e0 accumulato per l&#8217;estrazione successiva fino a raggiungere un massimo di 190.000.000 \u20ac.<\/p>\n<h4><em>Le estrazioni speciali:<\/em><\/h4>\n<p>Chiamate anche <b>Big Friday<\/b>, sono estrazioni con un jackpot minimo garantito di nove cifre e funzionano esattamente con le stesse regole delle estrazioni ordinarie.<\/p>\n<p>Il montepremi dell&#8217;<b>\u201cBig Friday\u201d<\/b> di Euromillions \u00e8 composto dal 4,8% del montepremi comune per i primi accumuli dopo il riavvio del jackpot con l&#8217;importo minimo garantito. Dopo otto estrazioni successive, il 21% viene versato al Fondo Booster.<\/p>\n<h3>Probabilit\u00e0 di vincere Euromillions<\/h3>\n<p>Di seguito \u00e8 riportata una tabella in cui abbiamo compilato tutte le probabilit\u00e0 di vincere un premio in ciascuna delle categorie. Combina queste probabilit\u00e0 con gli ultimi <b>risultati dell&#8217;Euromillions<\/b> per aumentare le tue possibilit\u00e0 di vincere un premio.<\/p>\n","protected":false},"excerpt":{"rendered":"<p>Cos&#8217;\u00e8 Euromillions? Euromillions \u00e8 una lotteria che si tiene ogni marted\u00ec e venerd\u00ec alle 21:30 a Parigi. \u00c8 la lotteria pi\u00f9 importante d&#8217;Europa, in quanto raccoglie il maggior numero di partecipanti e distribuisce i premi pi\u00f9 alti. La prima estrazione si \u00e8 tenuta il 13 febbraio 2004, con tre paesi come principali promotori della lotteria, [&hellip;]<\/p>\n","protected":false},"author":2,"featured_media":0,"parent":16743,"menu_order":3,"comment_status":"closed","ping_status":"closed","template":"euromillions-at-info.php","meta":{"_et_pb_use_builder":"","_et_pb_old_content":"","_et_gb_content_width":"","exclude_from_search":false,"footnotes":""},"class_list":["post-16779","page","type-page","status-publish","hentry"],"yoast_head":"<!-- This site is optimized with the Yoast SEO plugin v23.7 - https:\/\/yoast.com\/wordpress\/plugins\/seo\/ -->\n<title>\u25b7 Guida alla lotteria Euromillions\u30102021\u3011Come giocare a Lottohoy<\/title>\n<meta name=\"description\" content=\"Euromillions \u00e8 la lotteria pi\u00f9 grande e popolare d&#039;Europa. Scopri di pi\u00f9 sulle regole, sulla ripartizione dei premi e sui rollover del jackpot nella nostra pagina delle FAQ.\" \/>\n<meta name=\"robots\" content=\"index, follow, max-snippet:-1, max-image-preview:large, max-video-preview:-1\" \/>\n<link rel=\"canonical\" href=\"https:\/\/lottohoy.com\/it\/domande-frequenti-sulla-lotteria-online\/domande-frequenti-sulla-lotteria-euromillions\/\" \/>\n<meta property=\"og:locale\" content=\"it_IT\" \/>\n<meta property=\"og:type\" content=\"article\" \/>\n<meta property=\"og:title\" content=\"\u25b7 Guida alla lotteria Euromillions\u30102021\u3011Come giocare a Lottohoy\" \/>\n<meta property=\"og:description\" content=\"Euromillions \u00e8 la lotteria pi\u00f9 grande e popolare d&#039;Europa. Scopri di pi\u00f9 sulle regole, sulla ripartizione dei premi e sui rollover del jackpot nella nostra pagina delle FAQ.\" \/>\n<meta property=\"og:url\" content=\"https:\/\/lottohoy.com\/it\/domande-frequenti-sulla-lotteria-online\/domande-frequenti-sulla-lotteria-euromillions\/\" \/>\n<meta property=\"og:site_name\" content=\"Lottohoy\" \/>\n<meta name=\"twitter:card\" content=\"summary_large_image\" \/>\n<meta name=\"twitter:label1\" content=\"Tempo di lettura stimato\" \/>\n\t<meta name=\"twitter:data1\" content=\"4 minuti\" \/>\n<script type=\"application\/ld+json\" class=\"yoast-schema-graph\">{\"@context\":\"https:\/\/schema.org\",\"@graph\":[{\"@type\":\"WebPage\",\"@id\":\"https:\/\/lottohoy.com\/it\/domande-frequenti-sulla-lotteria-online\/domande-frequenti-sulla-lotteria-euromillions\/\",\"url\":\"https:\/\/lottohoy.com\/it\/domande-frequenti-sulla-lotteria-online\/domande-frequenti-sulla-lotteria-euromillions\/\",\"name\":\"\u25b7 Guida alla lotteria Euromillions\u30102021\u3011Come giocare a Lottohoy\",\"isPartOf\":{\"@id\":\"https:\/\/lottohoy.com\/it\/#website\"},\"datePublished\":\"2018-05-03T13:23:33+00:00\",\"dateModified\":\"2018-05-03T13:23:33+00:00\",\"description\":\"Euromillions \u00e8 la lotteria pi\u00f9 grande e popolare d'Europa. Scopri di pi\u00f9 sulle regole, sulla ripartizione dei premi e sui rollover del jackpot nella nostra pagina delle FAQ.\",\"breadcrumb\":{\"@id\":\"https:\/\/lottohoy.com\/it\/domande-frequenti-sulla-lotteria-online\/domande-frequenti-sulla-lotteria-euromillions\/#breadcrumb\"},\"inLanguage\":\"it-IT\",\"potentialAction\":[{\"@type\":\"ReadAction\",\"target\":[\"https:\/\/lottohoy.com\/it\/domande-frequenti-sulla-lotteria-online\/domande-frequenti-sulla-lotteria-euromillions\/\"]}]},{\"@type\":\"BreadcrumbList\",\"@id\":\"https:\/\/lottohoy.com\/it\/domande-frequenti-sulla-lotteria-online\/domande-frequenti-sulla-lotteria-euromillions\/#breadcrumb\",\"itemListElement\":[{\"@type\":\"ListItem\",\"position\":1,\"name\":\"Home\",\"item\":\"https:\/\/lottohoy.com\/it\/\"},{\"@type\":\"ListItem\",\"position\":2,\"name\":\"Domande frequenti sulla lotteria online\",\"item\":\"https:\/\/lottohoy.com\/it\/domande-frequenti-sulla-lotteria-online\/\"},{\"@type\":\"ListItem\",\"position\":3,\"name\":\"Domande frequenti sulla lotteria EuroMillions\"}]},{\"@type\":\"WebSite\",\"@id\":\"https:\/\/lottohoy.com\/it\/#website\",\"url\":\"https:\/\/lottohoy.com\/it\/\",\"name\":\"Lottohoy\",\"description\":\"\",\"potentialAction\":[{\"@type\":\"SearchAction\",\"target\":{\"@type\":\"EntryPoint\",\"urlTemplate\":\"https:\/\/lottohoy.com\/it\/?s={search_term_string}\"},\"query-input\":{\"@type\":\"PropertyValueSpecification\",\"valueRequired\":true,\"valueName\":\"search_term_string\"}}],\"inLanguage\":\"it-IT\"}]}<\/script>\n<!-- \/ Yoast SEO plugin. -->","yoast_head_json":{"title":"\u25b7 Guida alla lotteria Euromillions\u30102021\u3011Come giocare a Lottohoy","description":"Euromillions \u00e8 la lotteria pi\u00f9 grande e popolare d'Europa. Scopri di pi\u00f9 sulle regole, sulla ripartizione dei premi e sui rollover del jackpot nella nostra pagina delle FAQ.","robots":{"index":"index","follow":"follow","max-snippet":"max-snippet:-1","max-image-preview":"max-image-preview:large","max-video-preview":"max-video-preview:-1"},"canonical":"https:\/\/lottohoy.com\/it\/domande-frequenti-sulla-lotteria-online\/domande-frequenti-sulla-lotteria-euromillions\/","og_locale":"it_IT","og_type":"article","og_title":"\u25b7 Guida alla lotteria Euromillions\u30102021\u3011Come giocare a Lottohoy","og_description":"Euromillions \u00e8 la lotteria pi\u00f9 grande e popolare d'Europa. Scopri di pi\u00f9 sulle regole, sulla ripartizione dei premi e sui rollover del jackpot nella nostra pagina delle FAQ.","og_url":"https:\/\/lottohoy.com\/it\/domande-frequenti-sulla-lotteria-online\/domande-frequenti-sulla-lotteria-euromillions\/","og_site_name":"Lottohoy","twitter_card":"summary_large_image","twitter_misc":{"Tempo di lettura stimato":"4 minuti"},"schema":{"@context":"https:\/\/schema.org","@graph":[{"@type":"WebPage","@id":"https:\/\/lottohoy.com\/it\/domande-frequenti-sulla-lotteria-online\/domande-frequenti-sulla-lotteria-euromillions\/","url":"https:\/\/lottohoy.com\/it\/domande-frequenti-sulla-lotteria-online\/domande-frequenti-sulla-lotteria-euromillions\/","name":"\u25b7 Guida alla lotteria Euromillions\u30102021\u3011Come giocare a Lottohoy","isPartOf":{"@id":"https:\/\/lottohoy.com\/it\/#website"},"datePublished":"2018-05-03T13:23:33+00:00","dateModified":"2018-05-03T13:23:33+00:00","description":"Euromillions \u00e8 la lotteria pi\u00f9 grande e popolare d'Europa. Scopri di pi\u00f9 sulle regole, sulla ripartizione dei premi e sui rollover del jackpot nella nostra pagina delle FAQ.","breadcrumb":{"@id":"https:\/\/lottohoy.com\/it\/domande-frequenti-sulla-lotteria-online\/domande-frequenti-sulla-lotteria-euromillions\/#breadcrumb"},"inLanguage":"it-IT","potentialAction":[{"@type":"ReadAction","target":["https:\/\/lottohoy.com\/it\/domande-frequenti-sulla-lotteria-online\/domande-frequenti-sulla-lotteria-euromillions\/"]}]},{"@type":"BreadcrumbList","@id":"https:\/\/lottohoy.com\/it\/domande-frequenti-sulla-lotteria-online\/domande-frequenti-sulla-lotteria-euromillions\/#breadcrumb","itemListElement":[{"@type":"ListItem","position":1,"name":"Home","item":"https:\/\/lottohoy.com\/it\/"},{"@type":"ListItem","position":2,"name":"Domande frequenti sulla lotteria online","item":"https:\/\/lottohoy.com\/it\/domande-frequenti-sulla-lotteria-online\/"},{"@type":"ListItem","position":3,"name":"Domande frequenti sulla lotteria EuroMillions"}]},{"@type":"WebSite","@id":"https:\/\/lottohoy.com\/it\/#website","url":"https:\/\/lottohoy.com\/it\/","name":"Lottohoy","description":"","potentialAction":[{"@type":"SearchAction","target":{"@type":"EntryPoint","urlTemplate":"https:\/\/lottohoy.com\/it\/?s={search_term_string}"},"query-input":{"@type":"PropertyValueSpecification","valueRequired":true,"valueName":"search_term_string"}}],"inLanguage":"it-IT"}]}},"_links":{"self":[{"href":"https:\/\/lottohoy.com\/it\/wp-json\/wp\/v2\/pages\/16779","targetHints":{"allow":["GET"]}}],"collection":[{"href":"https:\/\/lottohoy.com\/it\/wp-json\/wp\/v2\/pages"}],"about":[{"href":"https:\/\/lottohoy.com\/it\/wp-json\/wp\/v2\/types\/page"}],"author":[{"embeddable":true,"href":"https:\/\/lottohoy.com\/it\/wp-json\/wp\/v2\/users\/2"}],"replies":[{"embeddable":true,"href":"https:\/\/lottohoy.com\/it\/wp-json\/wp\/v2\/comments?post=16779"}],"version-history":[{"count":0,"href":"https:\/\/lottohoy.com\/it\/wp-json\/wp\/v2\/pages\/16779\/revisions"}],"up":[{"embeddable":true,"href":"https:\/\/lottohoy.com\/it\/wp-json\/wp\/v2\/pages\/16743"}],"wp:attachment":[{"href":"https:\/\/lottohoy.com\/it\/wp-json\/wp\/v2\/media?parent=16779"}],"curies":[{"name":"wp","href":"https:\/\/api.w.org\/{rel}","templated":true}]}}