{"id":16743,"date":"2018-05-03T14:23:32","date_gmt":"2018-05-03T13:23:32","guid":{"rendered":"https:\/\/lottohoy.com\/domande-frequenti-sulla-lotteria-online\/"},"modified":"2018-05-03T14:23:32","modified_gmt":"2018-05-03T13:23:32","slug":"domande-frequenti-sulla-lotteria-online","status":"publish","type":"page","link":"https:\/\/lottohoy.com\/it\/domande-frequenti-sulla-lotteria-online\/","title":{"rendered":"Domande frequenti sulla lotteria online"},"content":{"rendered":"<p>Viviamo in tempi nuovi e le innovazioni stanno superando le tradizioni. Tutto sta cambiando e tutto sta diventando pi\u00f9 veloce e pi\u00f9 facile per ottenere di pi\u00f9 e sfruttare al meglio la vita.<\/p>\n<p>Questo include la lotteria e, al giorno d&#8217;oggi, <a href=\"https:\/\/lottohoy.com\/play\/\"><b>giocare alla lotteria online<\/b><\/a> \u00e8 possibile per tutti in tutto il mondo tramite Internet.<\/p>\n<h2><b>Cos&#8217;\u00e8 la lotteria online?<\/b><\/h2>\n<p>La <b>lotteria online<\/b> \u00e8 ancora la lotteria \u201ctipica\u201d, tranne per il fatto che gli acquisti vengono effettuati online tramite Internet. Quasi tutte le lotterie del mondo sono accessibili da qualsiasi parte del mondo!<\/p>\n<p>Ovunque tu sia, potrai giocare alle lotterie pi\u00f9 conosciute dall&#8217;altra parte del mondo. Stessi premi, stesse possibilit\u00e0. Un giocatore delle Filippine potrebbe giocare alla <a href=\"https:\/\/lottohoy.com\/play\/mega-millions\/\"><b>MegaMillions Lottery<\/b><\/a> americana, o un giocatore canadese potrebbe .<\/p>\n<h2>Come richiedere il premio in denaro?<\/h2>\n<p>In caso di corrispondenza totale o parziale con la combinazione dei numeri o delle palline scelte con il risultato <a href=\"https:\/\/lottohoy.com\/results\/\"><b>ufficiale della lotteria<\/b><\/a> giocata, il premio corrispondente viene depositato direttamente sul conto dell&#8217;utente. Questi fondi sono disponibili da quel momento.<\/p>\n<h2>Si pu\u00f2 giocare alla lotteria online?<\/h2>\n<p>Certo, \u00e8 molto facile. Basta <a href=\"https:\/\/lottohoy.com\/signup\/\"><b>iscriversi a LottoHoy<\/b><\/a> con il cellulare, il portatile o il computer e iniziare a giocare ai propri giochi preferiti, indipendentemente dalla propria posizione .<\/p>\n<h2><b>Come acquistare i biglietti della lotteria online<\/b><\/h2>\n<p>Quando accedi a LottoHoy, devi scegliere la lotteria a cui vuoi giocare. Segui le istruzioni indicate per selezionare la tua combinazione e completa tutte le colonne che vuoi.<\/p>\n<p>Quindi, devi solo effettuare il pagamento con uno dei vari metodi di pagamento che offriamo e il biglietto o i biglietti della lotteria saranno immediatamente tuoi.<\/p>\n<h2><b>Qual \u00e8 la migliore lotteria online?<\/b><\/h2>\n<p>Ogni lotteria ha i suoi vantaggi, devi semplicemente trovare quella che offre le caratteristiche pi\u00f9 adatte a te.<\/p>\n<p>Alcune lotterie hanno <a href=\"https:\/\/lottohoy.com\/jackpots\/\"><b>enormi jackpot<\/b><\/a> per i vincitori di prima categoria, in cui sono stati accumulati i jackpot delle estrazioni precedenti senza vincitori. Alcune hanno raggiunto somme di denaro fino a 10 cifre (<del>il pi\u00f9 grande jackpot assegnato fino ad oggi \u00e8 stato di <\/del><b><del>1,5 miliardi di dollari<\/del><\/b>). Era l&#8217;ottobre 2023, ma oggi quella cifra \u00e8 stata superata in due occasioni, con le due lotterie americane che detengono i premi pi\u00f9 alti fino ad oggi, il primo giorno dell&#8217;anno 2025.<\/p>\n<p><strong>Lotteria Powerball con un record di 2.040 milioni di dollari e nel caso della lotteria Megamillions con 1.602 milioni di dollari<\/strong><\/p>\n<p>Ci sono altre lotterie che distribuiscono le estrazioni dei premi tra diverse categorie, in modo che ci possano essere molti pi\u00f9 vincitori con somme minori.<\/p>\n","protected":false},"excerpt":{"rendered":"<p>Viviamo in tempi nuovi e le innovazioni stanno superando le tradizioni. Tutto sta cambiando e tutto sta diventando pi\u00f9 veloce e pi\u00f9 facile per ottenere di pi\u00f9 e sfruttare al meglio la vita. Questo include la lotteria e, al giorno d&#8217;oggi, giocare alla lotteria online \u00e8 possibile per tutti in tutto il mondo tramite Internet. [&hellip;]<\/p>\n","protected":false},"author":2,"featured_media":0,"parent":0,"menu_order":3,"comment_status":"closed","ping_status":"closed","template":"Information.php","meta":{"_et_pb_use_builder":"","_et_pb_old_content":"","_et_gb_content_width":"","exclude_from_search":false,"footnotes":""},"class_list":["post-16743","page","type-page","status-publish","hentry"],"yoast_head":"<!-- This site is optimized with the Yoast SEO plugin v23.7 - https:\/\/yoast.com\/wordpress\/plugins\/seo\/ -->\n<title>Domande frequenti sulla lotteria online - Lottohoy<\/title>\n<meta name=\"description\" content=\"Tutto quello che c&#039;\u00e8 da sapere sulla lotteria online! Trova la risposta alle domande pi\u00f9 frequenti e realizza i tuoi sogni su Lottohoy.\" \/>\n<meta name=\"robots\" content=\"index, follow, max-snippet:-1, max-image-preview:large, max-video-preview:-1\" \/>\n<link rel=\"canonical\" href=\"https:\/\/lottohoy.com\/it\/domande-frequenti-sulla-lotteria-online\/\" \/>\n<meta property=\"og:locale\" content=\"it_IT\" \/>\n<meta property=\"og:type\" content=\"article\" \/>\n<meta property=\"og:title\" content=\"Domande frequenti sulla lotteria online - Lottohoy\" \/>\n<meta property=\"og:description\" content=\"Tutto quello che c&#039;\u00e8 da sapere sulla lotteria online! Trova la risposta alle domande pi\u00f9 frequenti e realizza i tuoi sogni su Lottohoy.\" \/>\n<meta property=\"og:url\" content=\"https:\/\/lottohoy.com\/it\/domande-frequenti-sulla-lotteria-online\/\" \/>\n<meta property=\"og:site_name\" content=\"Lottohoy\" \/>\n<meta name=\"twitter:card\" content=\"summary_large_image\" \/>\n<meta name=\"twitter:label1\" content=\"Tempo di lettura stimato\" \/>\n\t<meta name=\"twitter:data1\" content=\"2 minuti\" \/>\n<script type=\"application\/ld+json\" class=\"yoast-schema-graph\">{\"@context\":\"https:\/\/schema.org\",\"@graph\":[{\"@type\":\"WebPage\",\"@id\":\"https:\/\/lottohoy.com\/it\/domande-frequenti-sulla-lotteria-online\/\",\"url\":\"https:\/\/lottohoy.com\/it\/domande-frequenti-sulla-lotteria-online\/\",\"name\":\"Domande frequenti sulla lotteria online - Lottohoy\",\"isPartOf\":{\"@id\":\"https:\/\/lottohoy.com\/it\/#website\"},\"datePublished\":\"2018-05-03T13:23:32+00:00\",\"dateModified\":\"2018-05-03T13:23:32+00:00\",\"description\":\"Tutto quello che c'\u00e8 da sapere sulla lotteria online! Trova la risposta alle domande pi\u00f9 frequenti e realizza i tuoi sogni su Lottohoy.\",\"breadcrumb\":{\"@id\":\"https:\/\/lottohoy.com\/it\/domande-frequenti-sulla-lotteria-online\/#breadcrumb\"},\"inLanguage\":\"it-IT\",\"potentialAction\":[{\"@type\":\"ReadAction\",\"target\":[\"https:\/\/lottohoy.com\/it\/domande-frequenti-sulla-lotteria-online\/\"]}]},{\"@type\":\"BreadcrumbList\",\"@id\":\"https:\/\/lottohoy.com\/it\/domande-frequenti-sulla-lotteria-online\/#breadcrumb\",\"itemListElement\":[{\"@type\":\"ListItem\",\"position\":1,\"name\":\"Home\",\"item\":\"https:\/\/lottohoy.com\/it\/\"},{\"@type\":\"ListItem\",\"position\":2,\"name\":\"Domande frequenti sulla lotteria online\"}]},{\"@type\":\"WebSite\",\"@id\":\"https:\/\/lottohoy.com\/it\/#website\",\"url\":\"https:\/\/lottohoy.com\/it\/\",\"name\":\"Lottohoy\",\"description\":\"\",\"potentialAction\":[{\"@type\":\"SearchAction\",\"target\":{\"@type\":\"EntryPoint\",\"urlTemplate\":\"https:\/\/lottohoy.com\/it\/?s={search_term_string}\"},\"query-input\":{\"@type\":\"PropertyValueSpecification\",\"valueRequired\":true,\"valueName\":\"search_term_string\"}}],\"inLanguage\":\"it-IT\"}]}<\/script>\n<!-- \/ Yoast SEO plugin. -->","yoast_head_json":{"title":"Domande frequenti sulla lotteria online - Lottohoy","description":"Tutto quello che c'\u00e8 da sapere sulla lotteria online! Trova la risposta alle domande pi\u00f9 frequenti e realizza i tuoi sogni su Lottohoy.","robots":{"index":"index","follow":"follow","max-snippet":"max-snippet:-1","max-image-preview":"max-image-preview:large","max-video-preview":"max-video-preview:-1"},"canonical":"https:\/\/lottohoy.com\/it\/domande-frequenti-sulla-lotteria-online\/","og_locale":"it_IT","og_type":"article","og_title":"Domande frequenti sulla lotteria online - Lottohoy","og_description":"Tutto quello che c'\u00e8 da sapere sulla lotteria online! Trova la risposta alle domande pi\u00f9 frequenti e realizza i tuoi sogni su Lottohoy.","og_url":"https:\/\/lottohoy.com\/it\/domande-frequenti-sulla-lotteria-online\/","og_site_name":"Lottohoy","twitter_card":"summary_large_image","twitter_misc":{"Tempo di lettura stimato":"2 minuti"},"schema":{"@context":"https:\/\/schema.org","@graph":[{"@type":"WebPage","@id":"https:\/\/lottohoy.com\/it\/domande-frequenti-sulla-lotteria-online\/","url":"https:\/\/lottohoy.com\/it\/domande-frequenti-sulla-lotteria-online\/","name":"Domande frequenti sulla lotteria online - Lottohoy","isPartOf":{"@id":"https:\/\/lottohoy.com\/it\/#website"},"datePublished":"2018-05-03T13:23:32+00:00","dateModified":"2018-05-03T13:23:32+00:00","description":"Tutto quello che c'\u00e8 da sapere sulla lotteria online! Trova la risposta alle domande pi\u00f9 frequenti e realizza i tuoi sogni su Lottohoy.","breadcrumb":{"@id":"https:\/\/lottohoy.com\/it\/domande-frequenti-sulla-lotteria-online\/#breadcrumb"},"inLanguage":"it-IT","potentialAction":[{"@type":"ReadAction","target":["https:\/\/lottohoy.com\/it\/domande-frequenti-sulla-lotteria-online\/"]}]},{"@type":"BreadcrumbList","@id":"https:\/\/lottohoy.com\/it\/domande-frequenti-sulla-lotteria-online\/#breadcrumb","itemListElement":[{"@type":"ListItem","position":1,"name":"Home","item":"https:\/\/lottohoy.com\/it\/"},{"@type":"ListItem","position":2,"name":"Domande frequenti sulla lotteria online"}]},{"@type":"WebSite","@id":"https:\/\/lottohoy.com\/it\/#website","url":"https:\/\/lottohoy.com\/it\/","name":"Lottohoy","description":"","potentialAction":[{"@type":"SearchAction","target":{"@type":"EntryPoint","urlTemplate":"https:\/\/lottohoy.com\/it\/?s={search_term_string}"},"query-input":{"@type":"PropertyValueSpecification","valueRequired":true,"valueName":"search_term_string"}}],"inLanguage":"it-IT"}]}},"_links":{"self":[{"href":"https:\/\/lottohoy.com\/it\/wp-json\/wp\/v2\/pages\/16743","targetHints":{"allow":["GET"]}}],"collection":[{"href":"https:\/\/lottohoy.com\/it\/wp-json\/wp\/v2\/pages"}],"about":[{"href":"https:\/\/lottohoy.com\/it\/wp-json\/wp\/v2\/types\/page"}],"author":[{"embeddable":true,"href":"https:\/\/lottohoy.com\/it\/wp-json\/wp\/v2\/users\/2"}],"replies":[{"embeddable":true,"href":"https:\/\/lottohoy.com\/it\/wp-json\/wp\/v2\/comments?post=16743"}],"version-history":[{"count":0,"href":"https:\/\/lottohoy.com\/it\/wp-json\/wp\/v2\/pages\/16743\/revisions"}],"wp:attachment":[{"href":"https:\/\/lottohoy.com\/it\/wp-json\/wp\/v2\/media?parent=16743"}],"curies":[{"name":"wp","href":"https:\/\/api.w.org\/{rel}","templated":true}]}}