{"id":16730,"date":"2018-08-22T10:27:06","date_gmt":"2018-08-22T09:27:06","guid":{"rendered":"https:\/\/lottohoy.com\/gioca\/giocare-al-powerball-au\/"},"modified":"2018-08-22T10:27:06","modified_gmt":"2018-08-22T09:27:06","slug":"giocare-al-powerball-au","status":"publish","type":"page","link":"https:\/\/lottohoy.com\/it\/gioca\/giocare-al-powerball-au\/","title":{"rendered":"Giocare al Powerball AU"},"content":{"rendered":"<p>Il Powerball AU \u00e8 stato creato nel 1996 ed \u00e8 ufficialmente supervisionato dal governo australiano, sebbene sia gestito dal Tatts Group.<\/p>\n<p>Nell&#8217;aprile 2018, \u00e8 stata apportata una modifica significativa alle sue regole per adattarsi all&#8217;offerta di altre lotterie mondiali e aumentare cos\u00ec la probabilit\u00e0 di vincere jackpot pi\u00f9 grandi.<\/p>\n<p>Non confondere il Powerball australiano con quello statunitense, perch\u00e9 sebbene presentino delle somiglianze, ci sono differenze significative.<\/p>\n<p>Alcuni vantaggi che vale la pena prendere in considerazione quando si scommette sul Powerball australiano sono:<\/p>\n<ul>\n<li>Non trattiene le tasse dai premi<\/li>\n<li>I vincitori ricevono l&#8217;intero premio in denaro ottenuto, mentre il Powerball statunitense consente la riscossione in rendite o, se si opta per un pagamento unico, si deve affrontare una quantit\u00e0 significativa di tasse federali, statali e provinciali.<\/li>\n<li>Il sistema di distribuzione dei premi per le categorie inferiori \u00e8 proporzionale alla raccolta, invece di specificare importi fissi come negli Stati Uniti.<\/li>\n<\/ul>\n<h2><strong>Come si gioca al PowerBall australiano?<\/strong><\/h2>\n<p>Come molte lotterie basate sui numeri, il PowerBall AU \u00e8 composto da due sezioni diverse in ogni colonna di gioco:<\/p>\n<p>La prima \u00e8 composta da numeri compresi tra 1 e 35, dove si devono scegliere sette numeri. In basso c&#8217;\u00e8 la seconda sezione in cui dovremo scegliere il numero Powerball tra 1 e 20.<\/p>\n<p>Per qualificarsi per un premio minimo il giocatore deve indovinare due numeri e il Powerball.<\/p>\n<h2><strong>Quando viene estratto l&#8217;Australia PowerBall?<\/strong><\/h2>\n<p>C&#8217;\u00e8 una sola estrazione settimanale, che si tiene ogni gioved\u00ec alle 21:30 ora locale. La vendita dei biglietti chiude un&#8217;ora prima dell&#8217;estrazione e, una volta terminata, viene riaperta per l&#8217;estrazione della settimana successiva.<\/p>\n<h2><strong>Quanto costa l&#8217;Australia PowerBall?<\/strong><\/h2>\n<p>Su LottoHoy, puoi giocare al Powerball australiano a partire da 2 \u20ac per colonna. In questa lotteria \u00e8 obbligatorio giocare un minimo di quattro colonne. (Questo importo pu\u00f2 variare a seconda del tasso di cambio del dollaro rispetto all&#8217;euro)<\/p>\n<h2><strong>Come giocare al PowerBall australiano<\/strong><\/h2>\n<p>Acquistare i biglietti del PowerBall australiano e partecipare a tutte le estrazioni \u00e8 davvero facile e intuitivo attraverso la nostra piattaforma online.<\/p>\n<p>Quando accediamo alla pagina del gioco, la piattaforma ha cinque colonne (<i>chiamate anche linee<\/i>), ma \u00e8 possibile espanderle tutte le volte che si desidera semplicemente cliccando sulla casella \u201c<b>Altre linee<\/b>\u201d<\/p>\n<p>\u00c8 possibile piazzare una scommessa su ogni colonna e riempire tutte le colonne che si desidera. Per impostare la scommessa, devo segnare sette caselle in ogni colonna del primo gruppo e una casella rotonda del secondo gruppo.<\/p>\n<p>Inoltre, hai la possibilit\u00e0 di consentire al sistema stesso di scegliere combinazioni casuali per il giocatore. Questa selezione casuale viene effettuata passando il cursore sulla colonna e appare una casella superiore che indica \u201cSelezione rapida\u201d.<\/p>\n<p>Una volta piazzato il numero desiderato di colonne (scommesse), apparir\u00e0 una casella verde con la scritta \u201cContinua\u201d. Cliccandoci sopra, si accede alla schermata di conformit\u00e0 dove si proceder\u00e0 al pagamento cliccando nella casella \u201cPaga ora\u201d.<\/p>\n<p>Una nuova schermata mostra i metodi di pagamento disponibili. Dalle carte di credito e sistemi noti come Skrill o Neteller, a un&#8217;ampia variet\u00e0 di metodi, comprese le criptovalute.<\/p>\n","protected":false},"excerpt":{"rendered":"<p>Il Powerball AU \u00e8 stato creato nel 1996 ed \u00e8 ufficialmente supervisionato dal governo australiano, sebbene sia gestito dal Tatts Group. Nell&#8217;aprile 2018, \u00e8 stata apportata una modifica significativa alle sue regole per adattarsi all&#8217;offerta di altre lotterie mondiali e aumentare cos\u00ec la probabilit\u00e0 di vincere jackpot pi\u00f9 grandi. Non confondere il Powerball australiano con [&hellip;]<\/p>\n","protected":false},"author":2,"featured_media":0,"parent":16587,"menu_order":17,"comment_status":"closed","ping_status":"closed","template":"powerball-au.php","meta":{"_et_pb_use_builder":"","_et_pb_old_content":"","_et_gb_content_width":"","exclude_from_search":false,"footnotes":""},"class_list":["post-16730","page","type-page","status-publish","hentry"],"yoast_head":"<!-- This site is optimized with the Yoast SEO plugin v23.7 - https:\/\/yoast.com\/wordpress\/plugins\/seo\/ -->\n<title>Gioca a PowerBall AU - Vinci il jackpot al lotto australiano<\/title>\n<meta name=\"description\" content=\"Scegli i tuoi 7 numeri preferiti da 1 a 35 compresi e seleziona il numero Powerball da 1 a 20. \u00c8 cos\u00ec facile diventare milionari!\" \/>\n<meta name=\"robots\" content=\"index, follow, max-snippet:-1, max-image-preview:large, max-video-preview:-1\" \/>\n<link rel=\"canonical\" href=\"https:\/\/lottohoy.com\/it\/gioca\/giocare-al-powerball-au\/\" \/>\n<meta property=\"og:locale\" content=\"it_IT\" \/>\n<meta property=\"og:type\" content=\"article\" \/>\n<meta property=\"og:title\" content=\"Gioca a PowerBall AU - Vinci il jackpot al lotto australiano\" \/>\n<meta property=\"og:description\" content=\"Scegli i tuoi 7 numeri preferiti da 1 a 35 compresi e seleziona il numero Powerball da 1 a 20. \u00c8 cos\u00ec facile diventare milionari!\" \/>\n<meta property=\"og:url\" content=\"https:\/\/lottohoy.com\/it\/gioca\/giocare-al-powerball-au\/\" \/>\n<meta property=\"og:site_name\" content=\"Lottohoy\" \/>\n<meta name=\"twitter:card\" content=\"summary_large_image\" \/>\n<meta name=\"twitter:label1\" content=\"Tempo di lettura stimato\" \/>\n\t<meta name=\"twitter:data1\" content=\"2 minuti\" \/>\n<script type=\"application\/ld+json\" class=\"yoast-schema-graph\">{\"@context\":\"https:\/\/schema.org\",\"@graph\":[{\"@type\":\"WebPage\",\"@id\":\"https:\/\/lottohoy.com\/it\/gioca\/giocare-al-powerball-au\/\",\"url\":\"https:\/\/lottohoy.com\/it\/gioca\/giocare-al-powerball-au\/\",\"name\":\"Gioca a PowerBall AU - Vinci il jackpot al lotto australiano\",\"isPartOf\":{\"@id\":\"https:\/\/lottohoy.com\/it\/#website\"},\"datePublished\":\"2018-08-22T09:27:06+00:00\",\"dateModified\":\"2018-08-22T09:27:06+00:00\",\"description\":\"Scegli i tuoi 7 numeri preferiti da 1 a 35 compresi e seleziona il numero Powerball da 1 a 20. \u00c8 cos\u00ec facile diventare milionari!\",\"breadcrumb\":{\"@id\":\"https:\/\/lottohoy.com\/it\/gioca\/giocare-al-powerball-au\/#breadcrumb\"},\"inLanguage\":\"it-IT\",\"potentialAction\":[{\"@type\":\"ReadAction\",\"target\":[\"https:\/\/lottohoy.com\/it\/gioca\/giocare-al-powerball-au\/\"]}]},{\"@type\":\"BreadcrumbList\",\"@id\":\"https:\/\/lottohoy.com\/it\/gioca\/giocare-al-powerball-au\/#breadcrumb\",\"itemListElement\":[{\"@type\":\"ListItem\",\"position\":1,\"name\":\"Home\",\"item\":\"https:\/\/lottohoy.com\/it\/\"},{\"@type\":\"ListItem\",\"position\":2,\"name\":\"Gioca alla lotteria online\",\"item\":\"https:\/\/lottohoy.com\/it\/gioca\/\"},{\"@type\":\"ListItem\",\"position\":3,\"name\":\"Giocare al Powerball AU\"}]},{\"@type\":\"WebSite\",\"@id\":\"https:\/\/lottohoy.com\/it\/#website\",\"url\":\"https:\/\/lottohoy.com\/it\/\",\"name\":\"Lottohoy\",\"description\":\"\",\"potentialAction\":[{\"@type\":\"SearchAction\",\"target\":{\"@type\":\"EntryPoint\",\"urlTemplate\":\"https:\/\/lottohoy.com\/it\/?s={search_term_string}\"},\"query-input\":{\"@type\":\"PropertyValueSpecification\",\"valueRequired\":true,\"valueName\":\"search_term_string\"}}],\"inLanguage\":\"it-IT\"}]}<\/script>\n<!-- \/ Yoast SEO plugin. -->","yoast_head_json":{"title":"Gioca a PowerBall AU - Vinci il jackpot al lotto australiano","description":"Scegli i tuoi 7 numeri preferiti da 1 a 35 compresi e seleziona il numero Powerball da 1 a 20. \u00c8 cos\u00ec facile diventare milionari!","robots":{"index":"index","follow":"follow","max-snippet":"max-snippet:-1","max-image-preview":"max-image-preview:large","max-video-preview":"max-video-preview:-1"},"canonical":"https:\/\/lottohoy.com\/it\/gioca\/giocare-al-powerball-au\/","og_locale":"it_IT","og_type":"article","og_title":"Gioca a PowerBall AU - Vinci il jackpot al lotto australiano","og_description":"Scegli i tuoi 7 numeri preferiti da 1 a 35 compresi e seleziona il numero Powerball da 1 a 20. \u00c8 cos\u00ec facile diventare milionari!","og_url":"https:\/\/lottohoy.com\/it\/gioca\/giocare-al-powerball-au\/","og_site_name":"Lottohoy","twitter_card":"summary_large_image","twitter_misc":{"Tempo di lettura stimato":"2 minuti"},"schema":{"@context":"https:\/\/schema.org","@graph":[{"@type":"WebPage","@id":"https:\/\/lottohoy.com\/it\/gioca\/giocare-al-powerball-au\/","url":"https:\/\/lottohoy.com\/it\/gioca\/giocare-al-powerball-au\/","name":"Gioca a PowerBall AU - Vinci il jackpot al lotto australiano","isPartOf":{"@id":"https:\/\/lottohoy.com\/it\/#website"},"datePublished":"2018-08-22T09:27:06+00:00","dateModified":"2018-08-22T09:27:06+00:00","description":"Scegli i tuoi 7 numeri preferiti da 1 a 35 compresi e seleziona il numero Powerball da 1 a 20. \u00c8 cos\u00ec facile diventare milionari!","breadcrumb":{"@id":"https:\/\/lottohoy.com\/it\/gioca\/giocare-al-powerball-au\/#breadcrumb"},"inLanguage":"it-IT","potentialAction":[{"@type":"ReadAction","target":["https:\/\/lottohoy.com\/it\/gioca\/giocare-al-powerball-au\/"]}]},{"@type":"BreadcrumbList","@id":"https:\/\/lottohoy.com\/it\/gioca\/giocare-al-powerball-au\/#breadcrumb","itemListElement":[{"@type":"ListItem","position":1,"name":"Home","item":"https:\/\/lottohoy.com\/it\/"},{"@type":"ListItem","position":2,"name":"Gioca alla lotteria online","item":"https:\/\/lottohoy.com\/it\/gioca\/"},{"@type":"ListItem","position":3,"name":"Giocare al Powerball AU"}]},{"@type":"WebSite","@id":"https:\/\/lottohoy.com\/it\/#website","url":"https:\/\/lottohoy.com\/it\/","name":"Lottohoy","description":"","potentialAction":[{"@type":"SearchAction","target":{"@type":"EntryPoint","urlTemplate":"https:\/\/lottohoy.com\/it\/?s={search_term_string}"},"query-input":{"@type":"PropertyValueSpecification","valueRequired":true,"valueName":"search_term_string"}}],"inLanguage":"it-IT"}]}},"_links":{"self":[{"href":"https:\/\/lottohoy.com\/it\/wp-json\/wp\/v2\/pages\/16730","targetHints":{"allow":["GET"]}}],"collection":[{"href":"https:\/\/lottohoy.com\/it\/wp-json\/wp\/v2\/pages"}],"about":[{"href":"https:\/\/lottohoy.com\/it\/wp-json\/wp\/v2\/types\/page"}],"author":[{"embeddable":true,"href":"https:\/\/lottohoy.com\/it\/wp-json\/wp\/v2\/users\/2"}],"replies":[{"embeddable":true,"href":"https:\/\/lottohoy.com\/it\/wp-json\/wp\/v2\/comments?post=16730"}],"version-history":[{"count":0,"href":"https:\/\/lottohoy.com\/it\/wp-json\/wp\/v2\/pages\/16730\/revisions"}],"up":[{"embeddable":true,"href":"https:\/\/lottohoy.com\/it\/wp-json\/wp\/v2\/pages\/16587"}],"wp:attachment":[{"href":"https:\/\/lottohoy.com\/it\/wp-json\/wp\/v2\/media?parent=16730"}],"curies":[{"name":"wp","href":"https:\/\/api.w.org\/{rel}","templated":true}]}}