{"id":16727,"date":"2020-08-10T15:56:27","date_gmt":"2020-08-10T14:56:27","guid":{"rendered":"https:\/\/lottohoy.com\/gioca\/giocare-a-mega-sena\/"},"modified":"2020-08-10T15:56:27","modified_gmt":"2020-08-10T14:56:27","slug":"giocare-a-mega-sena","status":"publish","type":"page","link":"https:\/\/lottohoy.com\/it\/gioca\/giocare-a-mega-sena\/","title":{"rendered":"Giocare a Mega Sena"},"content":{"rendered":"<h2>Giocare a Mega Sena online<\/h2>\n<p>Mega-Sena \u00e8 la pi\u00f9 grande lotteria del Brasile e di tutto il Sud America. \u00c8 organizzata dalla banca federale Caixa Economica, dal marzo 1996.<\/p>\n<p>Per giocare alla lotteria Mega Sena online, il giocatore pu\u00f2 farlo direttamente attraverso piattaforme di lotteria come la nostra. Per giocare a Mega Sena \u00e8 indispensabile avere pi\u00f9 di 18 anni, come richiesto dall&#8217;organizzatore.<\/p>\n<p>Una volta che si accede alla pagina del gioco Mega Sena attraverso la nostra piattaforma, appare un modello con varie colonne (chiamate anche linee) di gioco dove si deve indicare la giocata che si vuole fare (ogni colonna o linea corrisponder\u00e0 a una scommessa). Queste colonne iniziali possono essere ingrandite cliccando sulla casella PI\u00d9 LINEE, e appaiono altre colonne, dove \u00e8 possibile piazzare pi\u00f9 scommesse sullo stesso gioco.<\/p>\n<p>Questo pu\u00f2 essere ripetuto tante volte quante sono le colonne o le linee su cui si vuole scommettere.<\/p>\n<p>Per piazzare una scommessa su una colonna, \u00e8 necessario contrassegnare 6 delle 60 caselle nella prima casella.<\/p>\n<p>Questa mossa pu\u00f2 essere effettuata manualmente, cio\u00e8 contrassegnando direttamente ciascuno dei numeri che si desidera far parte della propria combinazione di scommesse. Inoltre, se lo si desidera, \u00e8 possibile consentire al sistema stesso di scegliere la combinazione di scommesse in modo casuale.<\/p>\n<p>Se la scommessa viene assegnata, l&#8217;importo del premio viene automaticamente accreditato sul conto dell&#8217;utente.<\/p>\n<h2>In quali giorni si tengono le estrazioni?<\/h2>\n<p>Mega Sena celebra due estrazioni ogni settimana, il mercoled\u00ec e il sabato alle 20:00 ora locale. (UTC-3)<\/p>\n<p>L&#8217;ammissione dei biglietti online viene ufficialmente chiusa circa 3 ore prima dell&#8217;orario ufficiale e riaperta nuovamente al termine dell&#8217;estrazione, per convalidare i biglietti per le nuove estrazioni.<\/p>\n<h2>Vantaggi dell&#8217;acquisto online di Mega Sena<\/h2>\n<p>Ci sono molti vantaggi nel fare le scommesse Mega Sena online, attraverso la nostra piattaforma, che permette ai giocatori di tutto il mondo di acquistare i biglietti, indipendentemente dal paese in cui risiedono.<\/p>\n<p>Tra i tanti, questi sono alcuni dei principali vantaggi di giocare attraverso LottoHoy:<\/p>\n<ul>\n<li>Sicurezza nelle transazioni.<\/li>\n<li>Accesso 24 ore su 24, 7 giorni su 7, tutti i giorni dell&#8217;anno per acquisti e scommesse.<\/li>\n<li>Acquista i tuoi biglietti da qualsiasi parte del mondo, senza code o viaggi.<\/li>\n<li>Con l&#8217;acquisto online si evitano perdite o smarrimenti, il biglietto rimane sempre al sicuro nell&#8217;account dell&#8217;utente.<\/li>\n<li>I premi vinti vengono inseriti immediatamente nel tuo account utente e sono disponibili fin dal primo momento, dopo la celebrazione dell&#8217;estrazione e una volta pubblicati i risultati ufficiali, gli importi dei premi vinti vengono inseriti nell&#8217;account utente.<\/li>\n<li>Rimani informato sui jackpot accumulati e sulle estrazioni straordinarie.<\/li>\n<\/ul>\n","protected":false},"excerpt":{"rendered":"<p>Giocare a Mega Sena online Mega-Sena \u00e8 la pi\u00f9 grande lotteria del Brasile e di tutto il Sud America. \u00c8 organizzata dalla banca federale Caixa Economica, dal marzo 1996. Per giocare alla lotteria Mega Sena online, il giocatore pu\u00f2 farlo direttamente attraverso piattaforme di lotteria come la nostra. Per giocare a Mega Sena \u00e8 indispensabile [&hellip;]<\/p>\n","protected":false},"author":2,"featured_media":0,"parent":16587,"menu_order":16,"comment_status":"closed","ping_status":"closed","template":"megasena.php","meta":{"_et_pb_use_builder":"","_et_pb_old_content":"","_et_gb_content_width":"","exclude_from_search":false,"footnotes":""},"class_list":["post-16727","page","type-page","status-publish","hentry"],"yoast_head":"<!-- This site is optimized with the Yoast SEO plugin v23.7 - https:\/\/yoast.com\/wordpress\/plugins\/seo\/ -->\n<title>Gioca alla lotteria Mega Sena online - LottoHoy.com<\/title>\n<meta name=\"description\" content=\"Scommetti a qualsiasi ora del giorno e della notte, gioca alla lotteria Mega Sena online, senza fare la fila e senza doverti spostare\" \/>\n<meta name=\"robots\" content=\"index, follow, max-snippet:-1, max-image-preview:large, max-video-preview:-1\" \/>\n<link rel=\"canonical\" href=\"https:\/\/lottohoy.com\/it\/gioca\/giocare-a-mega-sena\/\" \/>\n<meta property=\"og:locale\" content=\"it_IT\" \/>\n<meta property=\"og:type\" content=\"article\" \/>\n<meta property=\"og:title\" content=\"Gioca alla lotteria Mega Sena online - LottoHoy.com\" \/>\n<meta property=\"og:description\" content=\"Scommetti a qualsiasi ora del giorno e della notte, gioca alla lotteria Mega Sena online, senza fare la fila e senza doverti spostare\" \/>\n<meta property=\"og:url\" content=\"https:\/\/lottohoy.com\/it\/gioca\/giocare-a-mega-sena\/\" \/>\n<meta property=\"og:site_name\" content=\"Lottohoy\" \/>\n<meta name=\"twitter:card\" content=\"summary_large_image\" \/>\n<meta name=\"twitter:label1\" content=\"Tempo di lettura stimato\" \/>\n\t<meta name=\"twitter:data1\" content=\"2 minuti\" \/>\n<script type=\"application\/ld+json\" class=\"yoast-schema-graph\">{\"@context\":\"https:\/\/schema.org\",\"@graph\":[{\"@type\":\"WebPage\",\"@id\":\"https:\/\/lottohoy.com\/it\/gioca\/giocare-a-mega-sena\/\",\"url\":\"https:\/\/lottohoy.com\/it\/gioca\/giocare-a-mega-sena\/\",\"name\":\"Gioca alla lotteria Mega Sena online - LottoHoy.com\",\"isPartOf\":{\"@id\":\"https:\/\/lottohoy.com\/it\/#website\"},\"datePublished\":\"2020-08-10T14:56:27+00:00\",\"dateModified\":\"2020-08-10T14:56:27+00:00\",\"description\":\"Scommetti a qualsiasi ora del giorno e della notte, gioca alla lotteria Mega Sena online, senza fare la fila e senza doverti spostare\",\"breadcrumb\":{\"@id\":\"https:\/\/lottohoy.com\/it\/gioca\/giocare-a-mega-sena\/#breadcrumb\"},\"inLanguage\":\"it-IT\",\"potentialAction\":[{\"@type\":\"ReadAction\",\"target\":[\"https:\/\/lottohoy.com\/it\/gioca\/giocare-a-mega-sena\/\"]}]},{\"@type\":\"BreadcrumbList\",\"@id\":\"https:\/\/lottohoy.com\/it\/gioca\/giocare-a-mega-sena\/#breadcrumb\",\"itemListElement\":[{\"@type\":\"ListItem\",\"position\":1,\"name\":\"Home\",\"item\":\"https:\/\/lottohoy.com\/it\/\"},{\"@type\":\"ListItem\",\"position\":2,\"name\":\"Gioca alla lotteria online\",\"item\":\"https:\/\/lottohoy.com\/it\/gioca\/\"},{\"@type\":\"ListItem\",\"position\":3,\"name\":\"Giocare a Mega Sena\"}]},{\"@type\":\"WebSite\",\"@id\":\"https:\/\/lottohoy.com\/it\/#website\",\"url\":\"https:\/\/lottohoy.com\/it\/\",\"name\":\"Lottohoy\",\"description\":\"\",\"potentialAction\":[{\"@type\":\"SearchAction\",\"target\":{\"@type\":\"EntryPoint\",\"urlTemplate\":\"https:\/\/lottohoy.com\/it\/?s={search_term_string}\"},\"query-input\":{\"@type\":\"PropertyValueSpecification\",\"valueRequired\":true,\"valueName\":\"search_term_string\"}}],\"inLanguage\":\"it-IT\"}]}<\/script>\n<!-- \/ Yoast SEO plugin. -->","yoast_head_json":{"title":"Gioca alla lotteria Mega Sena online - LottoHoy.com","description":"Scommetti a qualsiasi ora del giorno e della notte, gioca alla lotteria Mega Sena online, senza fare la fila e senza doverti spostare","robots":{"index":"index","follow":"follow","max-snippet":"max-snippet:-1","max-image-preview":"max-image-preview:large","max-video-preview":"max-video-preview:-1"},"canonical":"https:\/\/lottohoy.com\/it\/gioca\/giocare-a-mega-sena\/","og_locale":"it_IT","og_type":"article","og_title":"Gioca alla lotteria Mega Sena online - LottoHoy.com","og_description":"Scommetti a qualsiasi ora del giorno e della notte, gioca alla lotteria Mega Sena online, senza fare la fila e senza doverti spostare","og_url":"https:\/\/lottohoy.com\/it\/gioca\/giocare-a-mega-sena\/","og_site_name":"Lottohoy","twitter_card":"summary_large_image","twitter_misc":{"Tempo di lettura stimato":"2 minuti"},"schema":{"@context":"https:\/\/schema.org","@graph":[{"@type":"WebPage","@id":"https:\/\/lottohoy.com\/it\/gioca\/giocare-a-mega-sena\/","url":"https:\/\/lottohoy.com\/it\/gioca\/giocare-a-mega-sena\/","name":"Gioca alla lotteria Mega Sena online - LottoHoy.com","isPartOf":{"@id":"https:\/\/lottohoy.com\/it\/#website"},"datePublished":"2020-08-10T14:56:27+00:00","dateModified":"2020-08-10T14:56:27+00:00","description":"Scommetti a qualsiasi ora del giorno e della notte, gioca alla lotteria Mega Sena online, senza fare la fila e senza doverti spostare","breadcrumb":{"@id":"https:\/\/lottohoy.com\/it\/gioca\/giocare-a-mega-sena\/#breadcrumb"},"inLanguage":"it-IT","potentialAction":[{"@type":"ReadAction","target":["https:\/\/lottohoy.com\/it\/gioca\/giocare-a-mega-sena\/"]}]},{"@type":"BreadcrumbList","@id":"https:\/\/lottohoy.com\/it\/gioca\/giocare-a-mega-sena\/#breadcrumb","itemListElement":[{"@type":"ListItem","position":1,"name":"Home","item":"https:\/\/lottohoy.com\/it\/"},{"@type":"ListItem","position":2,"name":"Gioca alla lotteria online","item":"https:\/\/lottohoy.com\/it\/gioca\/"},{"@type":"ListItem","position":3,"name":"Giocare a Mega Sena"}]},{"@type":"WebSite","@id":"https:\/\/lottohoy.com\/it\/#website","url":"https:\/\/lottohoy.com\/it\/","name":"Lottohoy","description":"","potentialAction":[{"@type":"SearchAction","target":{"@type":"EntryPoint","urlTemplate":"https:\/\/lottohoy.com\/it\/?s={search_term_string}"},"query-input":{"@type":"PropertyValueSpecification","valueRequired":true,"valueName":"search_term_string"}}],"inLanguage":"it-IT"}]}},"_links":{"self":[{"href":"https:\/\/lottohoy.com\/it\/wp-json\/wp\/v2\/pages\/16727","targetHints":{"allow":["GET"]}}],"collection":[{"href":"https:\/\/lottohoy.com\/it\/wp-json\/wp\/v2\/pages"}],"about":[{"href":"https:\/\/lottohoy.com\/it\/wp-json\/wp\/v2\/types\/page"}],"author":[{"embeddable":true,"href":"https:\/\/lottohoy.com\/it\/wp-json\/wp\/v2\/users\/2"}],"replies":[{"embeddable":true,"href":"https:\/\/lottohoy.com\/it\/wp-json\/wp\/v2\/comments?post=16727"}],"version-history":[{"count":0,"href":"https:\/\/lottohoy.com\/it\/wp-json\/wp\/v2\/pages\/16727\/revisions"}],"up":[{"embeddable":true,"href":"https:\/\/lottohoy.com\/it\/wp-json\/wp\/v2\/pages\/16587"}],"wp:attachment":[{"href":"https:\/\/lottohoy.com\/it\/wp-json\/wp\/v2\/media?parent=16727"}],"curies":[{"name":"wp","href":"https:\/\/api.w.org\/{rel}","templated":true}]}}