{"id":16715,"date":"2020-08-10T22:50:30","date_gmt":"2020-08-10T21:50:30","guid":{"rendered":"https:\/\/lottohoy.com\/gioca\/giocare-al-lotto-6aus49\/"},"modified":"2020-08-10T22:50:30","modified_gmt":"2020-08-10T21:50:30","slug":"giocare-al-lotto-6aus49","status":"publish","type":"page","link":"https:\/\/lottohoy.com\/it\/gioca\/giocare-al-lotto-6aus49\/","title":{"rendered":"Giocare al Lotto 6aus49"},"content":{"rendered":"<h2>Giocare al Lotto 6aus49 online<\/h2>\n<p>Il 6aus49 \u00e8 la lotteria pi\u00f9 conosciuta in Germania, nota anche come il lotto tedesco. Le regole sono molto semplici, i giocatori devono selezionare da una tabella composta da 49 caselle, numerate da 1 a 49, i 6 numeri della combinazione principale, pi\u00f9 un numero bonus speciale noto come Superzahl, da un elenco numerato da 0 a 9<\/p>\n<p>L&#8217;estrazione di questi numeri viene effettuata da due macchine. Dalla prima macchina vengono estratte le palline numerate (6 principali) e dall&#8217;altra macchina viene estratta una pallina per determinare il numero Superzahl.<\/p>\n<h2>Come si gioca online a 6aus49?<\/h2>\n<p>Giocare al lotto tedesco 6aus49 online \u00e8 davvero facile, basta creare un account utente su LottoHoy per poter accedere a tutte le informazioni su pagamenti, abbonamenti, biglietti acquistati, statistiche, ecc. e scegliere le estrazioni a cui si vuole giocare.<\/p>\n<p>Nella stessa pagina di gioco ci sono cinque colonne di scommesse (chiamate anche linee), ognuna delle 5 colonne ha delle caselle numerate da 1 a 49) e puoi riempirne quante ne vuoi. Ogni colonna si riferisce a una singola scommessa il cui prezzo \u00e8 di 2,50 \u20ac.<\/p>\n<p>\u00c8 in queste colonne o linee di 49 numeri che deve essere scelta la combinazione desiderata, supponendo che per una giocata semplice si debbano segnare 6 numeri.<\/p>\n<p>Il sistema ci permette di riempire queste caselle manualmente o attraverso l&#8217;opzione di selezione rapida, che appare sopra ogni tabellone, lasciando che sia il sistema stesso a scegliere in modo casuale la combinazione della nostra scommessa.<\/p>\n<p>Una volta effettuata la selezione dei numeri in una o pi\u00f9 colonne, vai alla casella CONTINUA e procedi al pagamento. \u00c8 cos\u00ec semplice.<\/p>\n<h2>Quali premi offre 6aus49?<\/h2>\n<p>Il Lotto 6aus49 ha nove diverse categorie di premi. Per vincere il jackpot, devi indovinare tutti e sei i numeri principali e il Superzahl. Le tue probabilit\u00e0 complessive di vincere un premio Lotto 6aus 9 sono 1 su 31. Il lotto tedesco offre ottime possibilit\u00e0 di vincita.<\/p>\n<p>Ci sono nove categorie per i risultati del 6aus49<\/p>\n<p>Prima categoria: Per i vincitori di 6 numeri + Superzahl.<\/p>\n<p>Seconda categoria: 6 numeri della combinazione principale.<\/p>\n<p>Terza categoria: 5 numeri della combinazione + il Superzahl.<\/p>\n<p>Quarta categoria: 5 numeri della combinazione.<\/p>\n<p>Quinta categoria: 4 numeri della combinazione + il Superzahl.<\/p>\n<p>Sesta categoria: 4 numeri della combinazione principale.<\/p>\n<p>Settima categoria: 3 numeri + il Superzahl.<\/p>\n<p>Ottava categoria: 3 numeri.<\/p>\n<p>Nona categoria: 2 numeri + il Superzahl.<\/p>\n<h2>Quando si estraggono i numeri del 6aus49?<\/h2>\n<p>Le estrazioni della lotteria 6aus49 si tengono ogni mercoled\u00ec alle 18:25 (CET) e il sabato alle 19:25 (CET).<\/p>\n<p>Per giocare al lotto 6aus49 online, l&#8217;ammissione degli acquisti \u00e8 chiusa 2 ore prima della celebrazione delle estrazioni, per questioni amministrative e di sicurezza.<\/p>\n<h2>Quanto costa giocare al 6aus49?<\/h2>\n<p>Il prezzo di ogni biglietto del 6aus49 su LottoHoy parte da 2,50 euro e include tutti i costi di gestione e acquisto tramite venditori ufficiali e\/o simili.<\/p>\n","protected":false},"excerpt":{"rendered":"<p>Giocare al Lotto 6aus49 online Il 6aus49 \u00e8 la lotteria pi\u00f9 conosciuta in Germania, nota anche come il lotto tedesco. Le regole sono molto semplici, i giocatori devono selezionare da una tabella composta da 49 caselle, numerate da 1 a 49, i 6 numeri della combinazione principale, pi\u00f9 un numero bonus speciale noto come Superzahl, [&hellip;]<\/p>\n","protected":false},"author":2,"featured_media":0,"parent":16587,"menu_order":13,"comment_status":"closed","ping_status":"closed","template":"lotto-german.php","meta":{"_et_pb_use_builder":"","_et_pb_old_content":"","_et_gb_content_width":"","exclude_from_search":false,"footnotes":""},"class_list":["post-16715","page","type-page","status-publish","hentry"],"yoast_head":"<!-- This site is optimized with the Yoast SEO plugin v23.7 - https:\/\/yoast.com\/wordpress\/plugins\/seo\/ -->\n<title>Gioca al Lotto 6aus49, la lotteria tedesca - LottoHoy.com<\/title>\n<meta name=\"description\" content=\"Un&#039;alternativa interessante \u00e8 giocare al lotto 6aus49, la lotteria tedesca che ogni settimana genera nuovi fortunati e felici vincitori.\" \/>\n<meta name=\"robots\" content=\"index, follow, max-snippet:-1, max-image-preview:large, max-video-preview:-1\" \/>\n<link rel=\"canonical\" href=\"https:\/\/lottohoy.com\/it\/gioca\/giocare-al-lotto-6aus49\/\" \/>\n<meta property=\"og:locale\" content=\"it_IT\" \/>\n<meta property=\"og:type\" content=\"article\" \/>\n<meta property=\"og:title\" content=\"Gioca al Lotto 6aus49, la lotteria tedesca - LottoHoy.com\" \/>\n<meta property=\"og:description\" content=\"Un&#039;alternativa interessante \u00e8 giocare al lotto 6aus49, la lotteria tedesca che ogni settimana genera nuovi fortunati e felici vincitori.\" \/>\n<meta property=\"og:url\" content=\"https:\/\/lottohoy.com\/it\/gioca\/giocare-al-lotto-6aus49\/\" \/>\n<meta property=\"og:site_name\" content=\"Lottohoy\" \/>\n<meta name=\"twitter:card\" content=\"summary_large_image\" \/>\n<meta name=\"twitter:label1\" content=\"Tempo di lettura stimato\" \/>\n\t<meta name=\"twitter:data1\" content=\"2 minuti\" \/>\n<script type=\"application\/ld+json\" class=\"yoast-schema-graph\">{\"@context\":\"https:\/\/schema.org\",\"@graph\":[{\"@type\":\"WebPage\",\"@id\":\"https:\/\/lottohoy.com\/it\/gioca\/giocare-al-lotto-6aus49\/\",\"url\":\"https:\/\/lottohoy.com\/it\/gioca\/giocare-al-lotto-6aus49\/\",\"name\":\"Gioca al Lotto 6aus49, la lotteria tedesca - LottoHoy.com\",\"isPartOf\":{\"@id\":\"https:\/\/lottohoy.com\/it\/#website\"},\"datePublished\":\"2020-08-10T21:50:30+00:00\",\"dateModified\":\"2020-08-10T21:50:30+00:00\",\"description\":\"Un'alternativa interessante \u00e8 giocare al lotto 6aus49, la lotteria tedesca che ogni settimana genera nuovi fortunati e felici vincitori.\",\"breadcrumb\":{\"@id\":\"https:\/\/lottohoy.com\/it\/gioca\/giocare-al-lotto-6aus49\/#breadcrumb\"},\"inLanguage\":\"it-IT\",\"potentialAction\":[{\"@type\":\"ReadAction\",\"target\":[\"https:\/\/lottohoy.com\/it\/gioca\/giocare-al-lotto-6aus49\/\"]}]},{\"@type\":\"BreadcrumbList\",\"@id\":\"https:\/\/lottohoy.com\/it\/gioca\/giocare-al-lotto-6aus49\/#breadcrumb\",\"itemListElement\":[{\"@type\":\"ListItem\",\"position\":1,\"name\":\"Home\",\"item\":\"https:\/\/lottohoy.com\/it\/\"},{\"@type\":\"ListItem\",\"position\":2,\"name\":\"Gioca alla lotteria online\",\"item\":\"https:\/\/lottohoy.com\/it\/gioca\/\"},{\"@type\":\"ListItem\",\"position\":3,\"name\":\"Giocare al Lotto 6aus49\"}]},{\"@type\":\"WebSite\",\"@id\":\"https:\/\/lottohoy.com\/it\/#website\",\"url\":\"https:\/\/lottohoy.com\/it\/\",\"name\":\"Lottohoy\",\"description\":\"\",\"potentialAction\":[{\"@type\":\"SearchAction\",\"target\":{\"@type\":\"EntryPoint\",\"urlTemplate\":\"https:\/\/lottohoy.com\/it\/?s={search_term_string}\"},\"query-input\":{\"@type\":\"PropertyValueSpecification\",\"valueRequired\":true,\"valueName\":\"search_term_string\"}}],\"inLanguage\":\"it-IT\"}]}<\/script>\n<!-- \/ Yoast SEO plugin. -->","yoast_head_json":{"title":"Gioca al Lotto 6aus49, la lotteria tedesca - LottoHoy.com","description":"Un'alternativa interessante \u00e8 giocare al lotto 6aus49, la lotteria tedesca che ogni settimana genera nuovi fortunati e felici vincitori.","robots":{"index":"index","follow":"follow","max-snippet":"max-snippet:-1","max-image-preview":"max-image-preview:large","max-video-preview":"max-video-preview:-1"},"canonical":"https:\/\/lottohoy.com\/it\/gioca\/giocare-al-lotto-6aus49\/","og_locale":"it_IT","og_type":"article","og_title":"Gioca al Lotto 6aus49, la lotteria tedesca - LottoHoy.com","og_description":"Un'alternativa interessante \u00e8 giocare al lotto 6aus49, la lotteria tedesca che ogni settimana genera nuovi fortunati e felici vincitori.","og_url":"https:\/\/lottohoy.com\/it\/gioca\/giocare-al-lotto-6aus49\/","og_site_name":"Lottohoy","twitter_card":"summary_large_image","twitter_misc":{"Tempo di lettura stimato":"2 minuti"},"schema":{"@context":"https:\/\/schema.org","@graph":[{"@type":"WebPage","@id":"https:\/\/lottohoy.com\/it\/gioca\/giocare-al-lotto-6aus49\/","url":"https:\/\/lottohoy.com\/it\/gioca\/giocare-al-lotto-6aus49\/","name":"Gioca al Lotto 6aus49, la lotteria tedesca - LottoHoy.com","isPartOf":{"@id":"https:\/\/lottohoy.com\/it\/#website"},"datePublished":"2020-08-10T21:50:30+00:00","dateModified":"2020-08-10T21:50:30+00:00","description":"Un'alternativa interessante \u00e8 giocare al lotto 6aus49, la lotteria tedesca che ogni settimana genera nuovi fortunati e felici vincitori.","breadcrumb":{"@id":"https:\/\/lottohoy.com\/it\/gioca\/giocare-al-lotto-6aus49\/#breadcrumb"},"inLanguage":"it-IT","potentialAction":[{"@type":"ReadAction","target":["https:\/\/lottohoy.com\/it\/gioca\/giocare-al-lotto-6aus49\/"]}]},{"@type":"BreadcrumbList","@id":"https:\/\/lottohoy.com\/it\/gioca\/giocare-al-lotto-6aus49\/#breadcrumb","itemListElement":[{"@type":"ListItem","position":1,"name":"Home","item":"https:\/\/lottohoy.com\/it\/"},{"@type":"ListItem","position":2,"name":"Gioca alla lotteria online","item":"https:\/\/lottohoy.com\/it\/gioca\/"},{"@type":"ListItem","position":3,"name":"Giocare al Lotto 6aus49"}]},{"@type":"WebSite","@id":"https:\/\/lottohoy.com\/it\/#website","url":"https:\/\/lottohoy.com\/it\/","name":"Lottohoy","description":"","potentialAction":[{"@type":"SearchAction","target":{"@type":"EntryPoint","urlTemplate":"https:\/\/lottohoy.com\/it\/?s={search_term_string}"},"query-input":{"@type":"PropertyValueSpecification","valueRequired":true,"valueName":"search_term_string"}}],"inLanguage":"it-IT"}]}},"_links":{"self":[{"href":"https:\/\/lottohoy.com\/it\/wp-json\/wp\/v2\/pages\/16715","targetHints":{"allow":["GET"]}}],"collection":[{"href":"https:\/\/lottohoy.com\/it\/wp-json\/wp\/v2\/pages"}],"about":[{"href":"https:\/\/lottohoy.com\/it\/wp-json\/wp\/v2\/types\/page"}],"author":[{"embeddable":true,"href":"https:\/\/lottohoy.com\/it\/wp-json\/wp\/v2\/users\/2"}],"replies":[{"embeddable":true,"href":"https:\/\/lottohoy.com\/it\/wp-json\/wp\/v2\/comments?post=16715"}],"version-history":[{"count":0,"href":"https:\/\/lottohoy.com\/it\/wp-json\/wp\/v2\/pages\/16715\/revisions"}],"up":[{"embeddable":true,"href":"https:\/\/lottohoy.com\/it\/wp-json\/wp\/v2\/pages\/16587"}],"wp:attachment":[{"href":"https:\/\/lottohoy.com\/it\/wp-json\/wp\/v2\/media?parent=16715"}],"curies":[{"name":"wp","href":"https:\/\/api.w.org\/{rel}","templated":true}]}}