{"id":16701,"date":"2019-03-22T15:50:45","date_gmt":"2019-03-22T15:50:45","guid":{"rendered":"https:\/\/lottohoy.com\/?page_id=16701"},"modified":"2025-03-25T10:25:16","modified_gmt":"2025-03-25T10:25:16","slug":"giocare-al-lotto-francese","status":"publish","type":"page","link":"https:\/\/lottohoy.com\/it\/gioca\/giocare-al-lotto-francese\/","title":{"rendered":"Giocare al Lotto francese"},"content":{"rendered":"<h2>Giocare al Lotto francese online<\/h2>\n<p>Il Lotto francese \u00e8 uno dei giochi pi\u00f9 popolari offerti dalla Fran\u00e7aise des Jeux (FDJ), l&#8217;operatore di tutti i giochi della lotteria in Francia.<\/p>\n<p>Come la maggior parte delle lotterie in tutto il mondo, il Lotto francese \u00e8 riservato ai giocatori maggiorenni. In questo caso, la Francia ha stabilito l&#8217;et\u00e0 di 18 anni per poter partecipare e riscuotere i premi in tutti i suoi giochi.<\/p>\n<h2>Come giocare al Lotto francese<\/h2>\n<p>Per giocare al Lotto francese online, ci sono fondamentalmente due possibilit\u00e0: farlo direttamente attraverso il sito web La Fran\u00e7aise des Jeux essendo in Francia o attraverso LottoHoy.<\/p>\n<p>Una volta che si accede alla pagina del gioco del Lotto francese attraverso LottoHoy.com, appare un modello con cinque colonne o linee di gioco dove ogni colonna corrisponder\u00e0 a una scommessa. A queste cinque colonne iniziali se ne possono aggiungere altre cliccando sul pulsante ALTRE LINEE, e appaiono altre cinque colonne dove \u00e8 possibile piazzare altre scommesse sulla stessa giocata.<\/p>\n<p>Questo pu\u00f2 essere ripetuto tante volte quante sono le colonne o le linee su cui si desidera scommettere.<\/p>\n<p>Per piazzare la scommessa in una colonna, \u00e8 necessario <b>selezionare cinque numeri dei 49 che appaiono nel primo quadrante, e un altro numero nella seconda casella tra i cerchi numerati da 1 a 10.<\/b><\/p>\n<p>Questo pu\u00f2 essere fatto manualmente, segnando direttamente su ciascuno dei numeri che si desidera far parte della combinazione di scommessa. Inoltre, se lo si desidera, \u00e8 possibile consentire al sistema stesso di scegliere la combinazione a caso.<\/p>\n<p>Nel caso in cui la scommessa venga premiata, l&#8217;importo del premio viene automaticamente depositato sul conto dell&#8217;utente.<\/p>\n<h2>In quali giorni si gioca al Lotto francese?<\/h2>\n<p>L&#8217;estrazione del Lotto francese si tiene tre volte alla settimana: il luned\u00ec, il mercoled\u00ec e il sabato alle 20:35 ora locale.<\/p>\n<p>La vendita dei biglietti chiude ufficialmente alle 18:00 ora locale e riapre nuovamente alla fine dell&#8217;estrazione per accettare i biglietti per le nuove estrazioni.<\/p>\n<h2>Vantaggi dell&#8217;acquisto online del Lotto francese<\/h2>\n<p>Ci sono molti vantaggi nel giocare al Lotto francese online, soprattutto se si considerano le tendenze dei consumatori e la facilit\u00e0 di gioco.<\/p>\n<p>Tra i tanti, questi sono alcuni dei principali vantaggi di giocare tramite LottoHoy:<\/p>\n<ul>\n<li>Sicurezza nelle transazioni.<\/li>\n<li>Possibilit\u00e0 di accedere 24 ore su 24, 7 giorni su 7, tutti i giorni dell&#8217;anno per acquisti e scommesse.<\/li>\n<li>Acquista i tuoi biglietti da qualsiasi parte del mondo, senza code o viaggi.<\/li>\n<li>Con l&#8217;acquisto online, il biglietto \u00e8 sempre al sicuro nel tuo account utente.<\/li>\n<li>I premi vinti vengono depositati immediatamente sul tuo conto utente dopo la realizzazione dell&#8217;estrazione e una volta pubblicati i <a href=\"https:\/\/lottohoy.com\/results\/lotto-fr\/\"><b>risultati del Lotto francese<\/b><\/a>.<\/li>\n<li>Rimani informato sui rollover e sulle estrazioni speciali.<\/li>\n<\/ul>\n","protected":false},"excerpt":{"rendered":"<p>Giocare al Lotto francese online Il Lotto francese \u00e8 uno dei giochi pi\u00f9 popolari offerti dalla Fran\u00e7aise des Jeux (FDJ), l&#8217;operatore di tutti i giochi della lotteria in Francia. Come la maggior parte delle lotterie in tutto il mondo, il Lotto francese \u00e8 riservato ai giocatori maggiorenni. In questo caso, la Francia ha stabilito l&#8217;et\u00e0 [&hellip;]<\/p>\n","protected":false},"author":7,"featured_media":0,"parent":16587,"menu_order":12,"comment_status":"closed","ping_status":"closed","template":"lotto-fr.php","meta":{"_et_pb_use_builder":"","_et_pb_old_content":"","_et_gb_content_width":"","exclude_from_search":false,"footnotes":""},"class_list":["post-16701","page","type-page","status-publish","hentry"],"yoast_head":"<!-- This site is optimized with the Yoast SEO plugin v23.7 - https:\/\/yoast.com\/wordpress\/plugins\/seo\/ -->\n<title>Gioca al Lotto francese online, la pi\u00f9 grande lotteria di Francia<\/title>\n<meta name=\"description\" content=\"Finalmente disponibile su LottoHoy la pi\u00f9 importante lotteria di Francia. Acquista i tuoi biglietti da qualsiasi luogo e prova l&#039;emozione di vincere al Lotto francese.\" \/>\n<meta name=\"robots\" content=\"index, follow, max-snippet:-1, max-image-preview:large, max-video-preview:-1\" \/>\n<link rel=\"canonical\" href=\"https:\/\/lottohoy.com\/it\/gioca\/giocare-al-lotto-francese\/\" \/>\n<meta property=\"og:locale\" content=\"it_IT\" \/>\n<meta property=\"og:type\" content=\"article\" \/>\n<meta property=\"og:title\" content=\"Gioca al Lotto francese online, la pi\u00f9 grande lotteria di Francia\" \/>\n<meta property=\"og:description\" content=\"Finalmente disponibile su LottoHoy la pi\u00f9 importante lotteria di Francia. Acquista i tuoi biglietti da qualsiasi luogo e prova l&#039;emozione di vincere al Lotto francese.\" \/>\n<meta property=\"og:url\" content=\"https:\/\/lottohoy.com\/it\/gioca\/giocare-al-lotto-francese\/\" \/>\n<meta property=\"og:site_name\" content=\"Lottohoy\" \/>\n<meta property=\"article:modified_time\" content=\"2025-03-25T10:25:16+00:00\" \/>\n<meta name=\"twitter:card\" content=\"summary_large_image\" \/>\n<meta name=\"twitter:label1\" content=\"Tempo di lettura stimato\" \/>\n\t<meta name=\"twitter:data1\" content=\"2 minuti\" \/>\n<script type=\"application\/ld+json\" class=\"yoast-schema-graph\">{\"@context\":\"https:\/\/schema.org\",\"@graph\":[{\"@type\":\"WebPage\",\"@id\":\"https:\/\/lottohoy.com\/it\/gioca\/giocare-al-lotto-francese\/\",\"url\":\"https:\/\/lottohoy.com\/it\/gioca\/giocare-al-lotto-francese\/\",\"name\":\"Gioca al Lotto francese online, la pi\u00f9 grande lotteria di Francia\",\"isPartOf\":{\"@id\":\"https:\/\/lottohoy.com\/it\/#website\"},\"datePublished\":\"2019-03-22T15:50:45+00:00\",\"dateModified\":\"2025-03-25T10:25:16+00:00\",\"description\":\"Finalmente disponibile su LottoHoy la pi\u00f9 importante lotteria di Francia. Acquista i tuoi biglietti da qualsiasi luogo e prova l'emozione di vincere al Lotto francese.\",\"breadcrumb\":{\"@id\":\"https:\/\/lottohoy.com\/it\/gioca\/giocare-al-lotto-francese\/#breadcrumb\"},\"inLanguage\":\"it-IT\",\"potentialAction\":[{\"@type\":\"ReadAction\",\"target\":[\"https:\/\/lottohoy.com\/it\/gioca\/giocare-al-lotto-francese\/\"]}]},{\"@type\":\"BreadcrumbList\",\"@id\":\"https:\/\/lottohoy.com\/it\/gioca\/giocare-al-lotto-francese\/#breadcrumb\",\"itemListElement\":[{\"@type\":\"ListItem\",\"position\":1,\"name\":\"Home\",\"item\":\"https:\/\/lottohoy.com\/it\/\"},{\"@type\":\"ListItem\",\"position\":2,\"name\":\"Gioca alla lotteria online\",\"item\":\"https:\/\/lottohoy.com\/it\/gioca\/\"},{\"@type\":\"ListItem\",\"position\":3,\"name\":\"Giocare al Lotto francese\"}]},{\"@type\":\"WebSite\",\"@id\":\"https:\/\/lottohoy.com\/it\/#website\",\"url\":\"https:\/\/lottohoy.com\/it\/\",\"name\":\"Lottohoy\",\"description\":\"\",\"potentialAction\":[{\"@type\":\"SearchAction\",\"target\":{\"@type\":\"EntryPoint\",\"urlTemplate\":\"https:\/\/lottohoy.com\/it\/?s={search_term_string}\"},\"query-input\":{\"@type\":\"PropertyValueSpecification\",\"valueRequired\":true,\"valueName\":\"search_term_string\"}}],\"inLanguage\":\"it-IT\"}]}<\/script>\n<!-- \/ Yoast SEO plugin. -->","yoast_head_json":{"title":"Gioca al Lotto francese online, la pi\u00f9 grande lotteria di Francia","description":"Finalmente disponibile su LottoHoy la pi\u00f9 importante lotteria di Francia. Acquista i tuoi biglietti da qualsiasi luogo e prova l'emozione di vincere al Lotto francese.","robots":{"index":"index","follow":"follow","max-snippet":"max-snippet:-1","max-image-preview":"max-image-preview:large","max-video-preview":"max-video-preview:-1"},"canonical":"https:\/\/lottohoy.com\/it\/gioca\/giocare-al-lotto-francese\/","og_locale":"it_IT","og_type":"article","og_title":"Gioca al Lotto francese online, la pi\u00f9 grande lotteria di Francia","og_description":"Finalmente disponibile su LottoHoy la pi\u00f9 importante lotteria di Francia. Acquista i tuoi biglietti da qualsiasi luogo e prova l'emozione di vincere al Lotto francese.","og_url":"https:\/\/lottohoy.com\/it\/gioca\/giocare-al-lotto-francese\/","og_site_name":"Lottohoy","article_modified_time":"2025-03-25T10:25:16+00:00","twitter_card":"summary_large_image","twitter_misc":{"Tempo di lettura stimato":"2 minuti"},"schema":{"@context":"https:\/\/schema.org","@graph":[{"@type":"WebPage","@id":"https:\/\/lottohoy.com\/it\/gioca\/giocare-al-lotto-francese\/","url":"https:\/\/lottohoy.com\/it\/gioca\/giocare-al-lotto-francese\/","name":"Gioca al Lotto francese online, la pi\u00f9 grande lotteria di Francia","isPartOf":{"@id":"https:\/\/lottohoy.com\/it\/#website"},"datePublished":"2019-03-22T15:50:45+00:00","dateModified":"2025-03-25T10:25:16+00:00","description":"Finalmente disponibile su LottoHoy la pi\u00f9 importante lotteria di Francia. Acquista i tuoi biglietti da qualsiasi luogo e prova l'emozione di vincere al Lotto francese.","breadcrumb":{"@id":"https:\/\/lottohoy.com\/it\/gioca\/giocare-al-lotto-francese\/#breadcrumb"},"inLanguage":"it-IT","potentialAction":[{"@type":"ReadAction","target":["https:\/\/lottohoy.com\/it\/gioca\/giocare-al-lotto-francese\/"]}]},{"@type":"BreadcrumbList","@id":"https:\/\/lottohoy.com\/it\/gioca\/giocare-al-lotto-francese\/#breadcrumb","itemListElement":[{"@type":"ListItem","position":1,"name":"Home","item":"https:\/\/lottohoy.com\/it\/"},{"@type":"ListItem","position":2,"name":"Gioca alla lotteria online","item":"https:\/\/lottohoy.com\/it\/gioca\/"},{"@type":"ListItem","position":3,"name":"Giocare al Lotto francese"}]},{"@type":"WebSite","@id":"https:\/\/lottohoy.com\/it\/#website","url":"https:\/\/lottohoy.com\/it\/","name":"Lottohoy","description":"","potentialAction":[{"@type":"SearchAction","target":{"@type":"EntryPoint","urlTemplate":"https:\/\/lottohoy.com\/it\/?s={search_term_string}"},"query-input":{"@type":"PropertyValueSpecification","valueRequired":true,"valueName":"search_term_string"}}],"inLanguage":"it-IT"}]}},"_links":{"self":[{"href":"https:\/\/lottohoy.com\/it\/wp-json\/wp\/v2\/pages\/16701","targetHints":{"allow":["GET"]}}],"collection":[{"href":"https:\/\/lottohoy.com\/it\/wp-json\/wp\/v2\/pages"}],"about":[{"href":"https:\/\/lottohoy.com\/it\/wp-json\/wp\/v2\/types\/page"}],"author":[{"embeddable":true,"href":"https:\/\/lottohoy.com\/it\/wp-json\/wp\/v2\/users\/7"}],"replies":[{"embeddable":true,"href":"https:\/\/lottohoy.com\/it\/wp-json\/wp\/v2\/comments?post=16701"}],"version-history":[{"count":1,"href":"https:\/\/lottohoy.com\/it\/wp-json\/wp\/v2\/pages\/16701\/revisions"}],"predecessor-version":[{"id":16702,"href":"https:\/\/lottohoy.com\/it\/wp-json\/wp\/v2\/pages\/16701\/revisions\/16702"}],"up":[{"embeddable":true,"href":"https:\/\/lottohoy.com\/it\/wp-json\/wp\/v2\/pages\/16587"}],"wp:attachment":[{"href":"https:\/\/lottohoy.com\/it\/wp-json\/wp\/v2\/media?parent=16701"}],"curies":[{"name":"wp","href":"https:\/\/api.w.org\/{rel}","templated":true}]}}