{"id":16696,"date":"2020-08-10T17:04:41","date_gmt":"2020-08-10T16:04:41","guid":{"rendered":"https:\/\/lottohoy.com\/gioca\/gioca-a-set-for-life-regno-unito\/"},"modified":"2020-08-10T17:04:41","modified_gmt":"2020-08-10T16:04:41","slug":"gioca-a-set-for-life-regno-unito","status":"publish","type":"page","link":"https:\/\/lottohoy.com\/it\/gioca\/gioca-a-set-for-life-regno-unito\/","title":{"rendered":"Gioca a Set For Life (Regno Unito)"},"content":{"rendered":"<h2>Gioca a Set for Life (Regno Unito)<\/h2>\n<p>Set for Life \u00e8 una lotteria della National Lottery, gestita da Camelot, che offre ai migliori giocatori la possibilit\u00e0 di vincere 10.000 sterline al mese per 30 anni. Tuttavia, per i giocatori non britannici, Camelot fornir\u00e0 un&#8217;alternativa in denaro totale equivalente a quanto avresti dovuto pagare in rendite o l&#8217;importo accumulato per quell&#8217;estrazione nella tua prima categoria. Il modo di giocare \u00e8 molto semplice, i giocatori devono selezionare da una tabella composta da 47 caselle, numerate da 1 a 47, i 5 numeri della combinazione principale, pi\u00f9 un numero bonus speciale noto come Life Ball da un elenco numerato da 1 a 10.<\/p>\n<h2>Come si gioca a Set for Life (UK) online?<\/h2>\n<p>Giocare a Set for Life (UK) online \u00e8 davvero facile, basta creare un account utente su LottoHoy per poter accedere a tutte le informazioni su incassi, pagamenti, abbonamenti, biglietti acquistati, statistiche, ecc&#8230; Nella pagina del gioco sono mostrate cinque colonne di scommesse (chiamate anche linee), ognuna delle 5 colonne ha caselle numerate da 1 a 47 come numeri principali, e scegli un altro numero in fondo alla colonna con i cerchi numerati da 1 a 10) e puoi riempire tutte le colonne o linee di scommesse che desideri. Cliccando sulla casella \u201cpi\u00f9 linee\u201d appaiono altre cinque colonne e cos\u00ec via fino a quando lo desideri. Ogni colonna si riferisce a una singola scommessa il cui prezzo \u00e8 di 4 euro, a seconda del tasso di cambio con la sterlina britannica. Il sistema consente di compilare queste caselle manualmente o tramite la casella di selezione rapida, che appare sopra ogni tabellone, lasciando che il sistema stesso scelga casualmente la combinazione della nostra scommessa. Una volta effettuata la selezione dei numeri in una o pi\u00f9 colonne, andare alla casella CONTINUA e procedere al pagamento della stessa. \u00c8 cos\u00ec semplice.<\/p>\n<h2>Quali premi offre Set for Life (Regno Unito)?<\/h2>\n<p>Set for Life (Regno Unito) ha otto (8) diverse categorie di premi. Per vincere il primo premio, bisogna indovinare i primi cinque numeri e il Life Ball. Ci sono otto categorie per i risultati di Set for Life (UK) &#8211; Prima categoria: Per i 5 numeri + Life Ball &#8211; Seconda categoria: 5 combinazioni principali &#8211; Terza categoria: 4 combinazioni vincenti + Life Ball &#8211; Quarta categoria: 4 combinazioni vincenti &#8211; Quinta categoria: 3 combinazioni vincenti + Life Ball &#8211; Sesta categoria: 3 combinazioni vincenti &#8211; Settima categoria: 2 combinazioni vincenti + Life Ball &#8211; Ottava categoria: 2 combinazioni vincenti<\/p>\n<h2>Quando viene estratta la lotteria Set for Life (UK)?<\/h2>\n<p>Di solito, le estrazioni della lotteria Set for Life (UK) si tengono ogni luned\u00ec e gioved\u00ec, entrambi alle 20:00 GMT. Per la vendita online, l&#8217;ammissione degli acquisti \u00e8 chiusa 2 ore prima della celebrazione delle estrazioni, per questioni amministrative e di sicurezza.<\/p>\n<h2>Quanto costa giocare a Set for Life (UK)?<\/h2>\n<p>Il prezzo di ogni biglietto Set for Life (UK) su LottoHoy parte da 4 \u20ac e include tutti i costi di gestione e di acquisto tramite venditori ufficiali e\/o simili.<\/p>\n","protected":false},"excerpt":{"rendered":"<p>Gioca a Set for Life (Regno Unito) Set for Life \u00e8 una lotteria della National Lottery, gestita da Camelot, che offre ai migliori giocatori la possibilit\u00e0 di vincere 10.000 sterline al mese per 30 anni. Tuttavia, per i giocatori non britannici, Camelot fornir\u00e0 un&#8217;alternativa in denaro totale equivalente a quanto avresti dovuto pagare in rendite [&hellip;]<\/p>\n","protected":false},"author":2,"featured_media":0,"parent":16587,"menu_order":11,"comment_status":"closed","ping_status":"closed","template":"set-for-life.php","meta":{"_et_pb_use_builder":"","_et_pb_old_content":"","_et_gb_content_width":"","exclude_from_search":false,"footnotes":""},"class_list":["post-16696","page","type-page","status-publish","hentry"],"yoast_head":"<!-- This site is optimized with the Yoast SEO plugin v23.7 - https:\/\/yoast.com\/wordpress\/plugins\/seo\/ -->\n<title>Tenta la fortuna giocando alla lotteria Set For Life (UK) - LottoHoy.com<\/title>\n<meta name=\"description\" content=\"Puoi facilmente selezionare i numeri e giocare a Set for Life (UK) online in tutte le estrazioni che desideri, senza perdertene nessuna\" \/>\n<meta name=\"robots\" content=\"index, follow, max-snippet:-1, max-image-preview:large, max-video-preview:-1\" \/>\n<link rel=\"canonical\" href=\"https:\/\/lottohoy.com\/it\/gioca\/gioca-a-set-for-life-regno-unito\/\" \/>\n<meta property=\"og:locale\" content=\"it_IT\" \/>\n<meta property=\"og:type\" content=\"article\" \/>\n<meta property=\"og:title\" content=\"Tenta la fortuna giocando alla lotteria Set For Life (UK) - LottoHoy.com\" \/>\n<meta property=\"og:description\" content=\"Puoi facilmente selezionare i numeri e giocare a Set for Life (UK) online in tutte le estrazioni che desideri, senza perdertene nessuna\" \/>\n<meta property=\"og:url\" content=\"https:\/\/lottohoy.com\/it\/gioca\/gioca-a-set-for-life-regno-unito\/\" \/>\n<meta property=\"og:site_name\" content=\"Lottohoy\" \/>\n<meta name=\"twitter:card\" content=\"summary_large_image\" \/>\n<meta name=\"twitter:label1\" content=\"Tempo di lettura stimato\" \/>\n\t<meta name=\"twitter:data1\" content=\"2 minuti\" \/>\n<script type=\"application\/ld+json\" class=\"yoast-schema-graph\">{\"@context\":\"https:\/\/schema.org\",\"@graph\":[{\"@type\":\"WebPage\",\"@id\":\"https:\/\/lottohoy.com\/it\/gioca\/gioca-a-set-for-life-regno-unito\/\",\"url\":\"https:\/\/lottohoy.com\/it\/gioca\/gioca-a-set-for-life-regno-unito\/\",\"name\":\"Tenta la fortuna giocando alla lotteria Set For Life (UK) - LottoHoy.com\",\"isPartOf\":{\"@id\":\"https:\/\/lottohoy.com\/it\/#website\"},\"datePublished\":\"2020-08-10T16:04:41+00:00\",\"dateModified\":\"2020-08-10T16:04:41+00:00\",\"description\":\"Puoi facilmente selezionare i numeri e giocare a Set for Life (UK) online in tutte le estrazioni che desideri, senza perdertene nessuna\",\"breadcrumb\":{\"@id\":\"https:\/\/lottohoy.com\/it\/gioca\/gioca-a-set-for-life-regno-unito\/#breadcrumb\"},\"inLanguage\":\"it-IT\",\"potentialAction\":[{\"@type\":\"ReadAction\",\"target\":[\"https:\/\/lottohoy.com\/it\/gioca\/gioca-a-set-for-life-regno-unito\/\"]}]},{\"@type\":\"BreadcrumbList\",\"@id\":\"https:\/\/lottohoy.com\/it\/gioca\/gioca-a-set-for-life-regno-unito\/#breadcrumb\",\"itemListElement\":[{\"@type\":\"ListItem\",\"position\":1,\"name\":\"Home\",\"item\":\"https:\/\/lottohoy.com\/it\/\"},{\"@type\":\"ListItem\",\"position\":2,\"name\":\"Gioca alla lotteria online\",\"item\":\"https:\/\/lottohoy.com\/it\/gioca\/\"},{\"@type\":\"ListItem\",\"position\":3,\"name\":\"Gioca a Set For Life (Regno Unito)\"}]},{\"@type\":\"WebSite\",\"@id\":\"https:\/\/lottohoy.com\/it\/#website\",\"url\":\"https:\/\/lottohoy.com\/it\/\",\"name\":\"Lottohoy\",\"description\":\"\",\"potentialAction\":[{\"@type\":\"SearchAction\",\"target\":{\"@type\":\"EntryPoint\",\"urlTemplate\":\"https:\/\/lottohoy.com\/it\/?s={search_term_string}\"},\"query-input\":{\"@type\":\"PropertyValueSpecification\",\"valueRequired\":true,\"valueName\":\"search_term_string\"}}],\"inLanguage\":\"it-IT\"}]}<\/script>\n<!-- \/ Yoast SEO plugin. -->","yoast_head_json":{"title":"Tenta la fortuna giocando alla lotteria Set For Life (UK) - LottoHoy.com","description":"Puoi facilmente selezionare i numeri e giocare a Set for Life (UK) online in tutte le estrazioni che desideri, senza perdertene nessuna","robots":{"index":"index","follow":"follow","max-snippet":"max-snippet:-1","max-image-preview":"max-image-preview:large","max-video-preview":"max-video-preview:-1"},"canonical":"https:\/\/lottohoy.com\/it\/gioca\/gioca-a-set-for-life-regno-unito\/","og_locale":"it_IT","og_type":"article","og_title":"Tenta la fortuna giocando alla lotteria Set For Life (UK) - LottoHoy.com","og_description":"Puoi facilmente selezionare i numeri e giocare a Set for Life (UK) online in tutte le estrazioni che desideri, senza perdertene nessuna","og_url":"https:\/\/lottohoy.com\/it\/gioca\/gioca-a-set-for-life-regno-unito\/","og_site_name":"Lottohoy","twitter_card":"summary_large_image","twitter_misc":{"Tempo di lettura stimato":"2 minuti"},"schema":{"@context":"https:\/\/schema.org","@graph":[{"@type":"WebPage","@id":"https:\/\/lottohoy.com\/it\/gioca\/gioca-a-set-for-life-regno-unito\/","url":"https:\/\/lottohoy.com\/it\/gioca\/gioca-a-set-for-life-regno-unito\/","name":"Tenta la fortuna giocando alla lotteria Set For Life (UK) - LottoHoy.com","isPartOf":{"@id":"https:\/\/lottohoy.com\/it\/#website"},"datePublished":"2020-08-10T16:04:41+00:00","dateModified":"2020-08-10T16:04:41+00:00","description":"Puoi facilmente selezionare i numeri e giocare a Set for Life (UK) online in tutte le estrazioni che desideri, senza perdertene nessuna","breadcrumb":{"@id":"https:\/\/lottohoy.com\/it\/gioca\/gioca-a-set-for-life-regno-unito\/#breadcrumb"},"inLanguage":"it-IT","potentialAction":[{"@type":"ReadAction","target":["https:\/\/lottohoy.com\/it\/gioca\/gioca-a-set-for-life-regno-unito\/"]}]},{"@type":"BreadcrumbList","@id":"https:\/\/lottohoy.com\/it\/gioca\/gioca-a-set-for-life-regno-unito\/#breadcrumb","itemListElement":[{"@type":"ListItem","position":1,"name":"Home","item":"https:\/\/lottohoy.com\/it\/"},{"@type":"ListItem","position":2,"name":"Gioca alla lotteria online","item":"https:\/\/lottohoy.com\/it\/gioca\/"},{"@type":"ListItem","position":3,"name":"Gioca a Set For Life (Regno Unito)"}]},{"@type":"WebSite","@id":"https:\/\/lottohoy.com\/it\/#website","url":"https:\/\/lottohoy.com\/it\/","name":"Lottohoy","description":"","potentialAction":[{"@type":"SearchAction","target":{"@type":"EntryPoint","urlTemplate":"https:\/\/lottohoy.com\/it\/?s={search_term_string}"},"query-input":{"@type":"PropertyValueSpecification","valueRequired":true,"valueName":"search_term_string"}}],"inLanguage":"it-IT"}]}},"_links":{"self":[{"href":"https:\/\/lottohoy.com\/it\/wp-json\/wp\/v2\/pages\/16696","targetHints":{"allow":["GET"]}}],"collection":[{"href":"https:\/\/lottohoy.com\/it\/wp-json\/wp\/v2\/pages"}],"about":[{"href":"https:\/\/lottohoy.com\/it\/wp-json\/wp\/v2\/types\/page"}],"author":[{"embeddable":true,"href":"https:\/\/lottohoy.com\/it\/wp-json\/wp\/v2\/users\/2"}],"replies":[{"embeddable":true,"href":"https:\/\/lottohoy.com\/it\/wp-json\/wp\/v2\/comments?post=16696"}],"version-history":[{"count":0,"href":"https:\/\/lottohoy.com\/it\/wp-json\/wp\/v2\/pages\/16696\/revisions"}],"up":[{"embeddable":true,"href":"https:\/\/lottohoy.com\/it\/wp-json\/wp\/v2\/pages\/16587"}],"wp:attachment":[{"href":"https:\/\/lottohoy.com\/it\/wp-json\/wp\/v2\/media?parent=16696"}],"curies":[{"name":"wp","href":"https:\/\/api.w.org\/{rel}","templated":true}]}}