{"id":16690,"date":"2020-08-10T17:39:45","date_gmt":"2020-08-10T16:39:45","guid":{"rendered":"https:\/\/lottohoy.com\/gioca\/giocare-a-thunderball\/"},"modified":"2020-08-10T17:39:45","modified_gmt":"2020-08-10T16:39:45","slug":"giocare-a-thunderball","status":"publish","type":"page","link":"https:\/\/lottohoy.com\/it\/gioca\/giocare-a-thunderball\/","title":{"rendered":"Giocare a Thunderball"},"content":{"rendered":"<h2>Giocare a Thunderball online<\/h2>\n<p>Thunderball \u00e8 una lotteria atipica con un premio fisso di 500.000 sterline per ciascuno dei vincitori principali, gestita dalla Lotteria Nazionale attraverso Camelot. Per giocare alla lotteria Thunderball online \u00e8 possibile utilizzare una piattaforma di lotteria online come la nostra, che offre tutta la comodit\u00e0 di casa e l&#8217;affidabilit\u00e0 dei dati e delle transazioni criptate per la sicurezza. Come nella maggior parte delle lotterie, per poter riscuotere i premi \u00e8 necessario che il giocatore sia maggiorenne. Una volta che si accede alla pagina del gioco Thunderball attraverso la nostra piattaforma, appare un modello con varie colonne dove \u00e8 possibile piazzare le scommesse, che noi chiamiamo anche linee di gioco. Ogni colonna o linea corrisponder\u00e0 a una scommessa. Queste colonne iniziali possono essere ingrandite cliccando sulla casella PI\u00d9 LINEE, e compaiono altre colonne dove \u00e8 possibile piazzare pi\u00f9 scommesse sulla stessa giocata. Questo pu\u00f2 essere ripetuto tante volte quante sono le colonne o le linee su cui si desidera scommettere. Per piazzare una scommessa su una colonna, \u00e8 necessario contrassegnare 5 delle 39 caselle nella prima casella pi\u00f9 un numero dei cerchi numerati da 1 a 14. La scommessa pu\u00f2 essere effettuata in due modi, manualmente, cio\u00e8 contrassegnando direttamente la casella di ogni numero che si desidera far parte della propria combinazione di scommesse. Oppure, se lo desideri, puoi lasciare che sia il sistema stesso a scegliere la combinazione di scommesse a caso, passando il cursore sopra la parte superiore della colonna dove apparir\u00e0 una casella con la scritta \u201cselezione rapida\u201d e cliccando sulla casella Nel caso in cui la scommessa venga premiata, l&#8217;importo del premio viene automaticamente accreditato sul conto dell&#8217;utente.<\/p>\n<h2>Quando viene estratta la Thunderball?<\/h2>\n<p>Inizialmente l&#8217;estrazione avveniva solo il sabato, ora la Thunderball viene estratta ogni marted\u00ec, mercoled\u00ec, venerd\u00ec e sabato alle 20:00 GMT L&#8217;ammissione dei biglietti online attraverso la nostra piattaforma, chiude circa 2 ore prima dell&#8217;orario ufficiale dell&#8217;estrazione e riapre nuovamente al termine dell&#8217;estrazione, per convalidare i biglietti per l&#8217;estrazione successiva.<\/p>\n<h2>Quali sono i vantaggi di acquistare la Thunderball online?<\/h2>\n<p>Acquistare Thunderball online, attraverso la nostra piattaforma, consente ai giocatori di tutto il mondo di acquistare i biglietti, indipendentemente dal paese in cui vivono e da qualsiasi situazione, con una semplice connessione a Internet e attraverso qualsiasi dispositivo, tablet, cellulare o PC. Tra i molti altri, questi sono alcuni dei principali vantaggi di giocare attraverso LottoHoy: &#8211; Sicurezza in tutte le transazioni economiche e di dati &#8211; Accesso 24 ore su 24, 7 giorni su 7, tutti i giorni dell&#8217;anno per i tuoi acquisti e le tue scommesse. &#8211; Acquistare i biglietti da qualsiasi parte del mondo, senza code o spostamenti e a qualsiasi ora del giorno e della notte. &#8211; Con l&#8217;acquisto online si evitano perdite o smarrimenti, il biglietto rimane sempre al sicuro nell&#8217;account dell&#8217;utente e il biglietto ufficiale nella telecamera di sicurezza. &#8211; I premi vinti vengono immediatamente depositati nell&#8217;account dell&#8217;utente e sono disponibili fin dal primo momento. Dopo l&#8217;estrazione e la pubblicazione dei risultati ufficiali, gli importi dei premi vinti vengono inseriti nell&#8217;account dell&#8217;utente. &#8211; Essere informati dei jackpot accumulati e delle estrazioni straordinarie.<\/p>\n","protected":false},"excerpt":{"rendered":"<p>Giocare a Thunderball online Thunderball \u00e8 una lotteria atipica con un premio fisso di 500.000 sterline per ciascuno dei vincitori principali, gestita dalla Lotteria Nazionale attraverso Camelot. Per giocare alla lotteria Thunderball online \u00e8 possibile utilizzare una piattaforma di lotteria online come la nostra, che offre tutta la comodit\u00e0 di casa e l&#8217;affidabilit\u00e0 dei dati [&hellip;]<\/p>\n","protected":false},"author":2,"featured_media":0,"parent":16587,"menu_order":10,"comment_status":"closed","ping_status":"closed","template":"thunderball.php","meta":{"_et_pb_use_builder":"","_et_pb_old_content":"","_et_gb_content_width":"","exclude_from_search":false,"footnotes":""},"class_list":["post-16690","page","type-page","status-publish","hentry"],"yoast_head":"<!-- This site is optimized with the Yoast SEO plugin v23.7 - https:\/\/yoast.com\/wordpress\/plugins\/seo\/ -->\n<title>Scommettere sulla lotteria Thunderball online - Lottohoy.com<\/title>\n<meta name=\"description\" content=\"Giocare a questa lotteria online rende facile per molti giocatori accedere ai loro premi fissi in tutte le categorie\" \/>\n<meta name=\"robots\" content=\"index, follow, max-snippet:-1, max-image-preview:large, max-video-preview:-1\" \/>\n<link rel=\"canonical\" href=\"https:\/\/lottohoy.com\/it\/gioca\/giocare-a-thunderball\/\" \/>\n<meta property=\"og:locale\" content=\"it_IT\" \/>\n<meta property=\"og:type\" content=\"article\" \/>\n<meta property=\"og:title\" content=\"Scommettere sulla lotteria Thunderball online - Lottohoy.com\" \/>\n<meta property=\"og:description\" content=\"Giocare a questa lotteria online rende facile per molti giocatori accedere ai loro premi fissi in tutte le categorie\" \/>\n<meta property=\"og:url\" content=\"https:\/\/lottohoy.com\/it\/gioca\/giocare-a-thunderball\/\" \/>\n<meta property=\"og:site_name\" content=\"Lottohoy\" \/>\n<meta name=\"twitter:card\" content=\"summary_large_image\" \/>\n<meta name=\"twitter:label1\" content=\"Tempo di lettura stimato\" \/>\n\t<meta name=\"twitter:data1\" content=\"2 minuti\" \/>\n<script type=\"application\/ld+json\" class=\"yoast-schema-graph\">{\"@context\":\"https:\/\/schema.org\",\"@graph\":[{\"@type\":\"WebPage\",\"@id\":\"https:\/\/lottohoy.com\/it\/gioca\/giocare-a-thunderball\/\",\"url\":\"https:\/\/lottohoy.com\/it\/gioca\/giocare-a-thunderball\/\",\"name\":\"Scommettere sulla lotteria Thunderball online - Lottohoy.com\",\"isPartOf\":{\"@id\":\"https:\/\/lottohoy.com\/it\/#website\"},\"datePublished\":\"2020-08-10T16:39:45+00:00\",\"dateModified\":\"2020-08-10T16:39:45+00:00\",\"description\":\"Giocare a questa lotteria online rende facile per molti giocatori accedere ai loro premi fissi in tutte le categorie\",\"breadcrumb\":{\"@id\":\"https:\/\/lottohoy.com\/it\/gioca\/giocare-a-thunderball\/#breadcrumb\"},\"inLanguage\":\"it-IT\",\"potentialAction\":[{\"@type\":\"ReadAction\",\"target\":[\"https:\/\/lottohoy.com\/it\/gioca\/giocare-a-thunderball\/\"]}]},{\"@type\":\"BreadcrumbList\",\"@id\":\"https:\/\/lottohoy.com\/it\/gioca\/giocare-a-thunderball\/#breadcrumb\",\"itemListElement\":[{\"@type\":\"ListItem\",\"position\":1,\"name\":\"Home\",\"item\":\"https:\/\/lottohoy.com\/it\/\"},{\"@type\":\"ListItem\",\"position\":2,\"name\":\"Gioca alla lotteria online\",\"item\":\"https:\/\/lottohoy.com\/it\/gioca\/\"},{\"@type\":\"ListItem\",\"position\":3,\"name\":\"Giocare a Thunderball\"}]},{\"@type\":\"WebSite\",\"@id\":\"https:\/\/lottohoy.com\/it\/#website\",\"url\":\"https:\/\/lottohoy.com\/it\/\",\"name\":\"Lottohoy\",\"description\":\"\",\"potentialAction\":[{\"@type\":\"SearchAction\",\"target\":{\"@type\":\"EntryPoint\",\"urlTemplate\":\"https:\/\/lottohoy.com\/it\/?s={search_term_string}\"},\"query-input\":{\"@type\":\"PropertyValueSpecification\",\"valueRequired\":true,\"valueName\":\"search_term_string\"}}],\"inLanguage\":\"it-IT\"}]}<\/script>\n<!-- \/ Yoast SEO plugin. -->","yoast_head_json":{"title":"Scommettere sulla lotteria Thunderball online - Lottohoy.com","description":"Giocare a questa lotteria online rende facile per molti giocatori accedere ai loro premi fissi in tutte le categorie","robots":{"index":"index","follow":"follow","max-snippet":"max-snippet:-1","max-image-preview":"max-image-preview:large","max-video-preview":"max-video-preview:-1"},"canonical":"https:\/\/lottohoy.com\/it\/gioca\/giocare-a-thunderball\/","og_locale":"it_IT","og_type":"article","og_title":"Scommettere sulla lotteria Thunderball online - Lottohoy.com","og_description":"Giocare a questa lotteria online rende facile per molti giocatori accedere ai loro premi fissi in tutte le categorie","og_url":"https:\/\/lottohoy.com\/it\/gioca\/giocare-a-thunderball\/","og_site_name":"Lottohoy","twitter_card":"summary_large_image","twitter_misc":{"Tempo di lettura stimato":"2 minuti"},"schema":{"@context":"https:\/\/schema.org","@graph":[{"@type":"WebPage","@id":"https:\/\/lottohoy.com\/it\/gioca\/giocare-a-thunderball\/","url":"https:\/\/lottohoy.com\/it\/gioca\/giocare-a-thunderball\/","name":"Scommettere sulla lotteria Thunderball online - Lottohoy.com","isPartOf":{"@id":"https:\/\/lottohoy.com\/it\/#website"},"datePublished":"2020-08-10T16:39:45+00:00","dateModified":"2020-08-10T16:39:45+00:00","description":"Giocare a questa lotteria online rende facile per molti giocatori accedere ai loro premi fissi in tutte le categorie","breadcrumb":{"@id":"https:\/\/lottohoy.com\/it\/gioca\/giocare-a-thunderball\/#breadcrumb"},"inLanguage":"it-IT","potentialAction":[{"@type":"ReadAction","target":["https:\/\/lottohoy.com\/it\/gioca\/giocare-a-thunderball\/"]}]},{"@type":"BreadcrumbList","@id":"https:\/\/lottohoy.com\/it\/gioca\/giocare-a-thunderball\/#breadcrumb","itemListElement":[{"@type":"ListItem","position":1,"name":"Home","item":"https:\/\/lottohoy.com\/it\/"},{"@type":"ListItem","position":2,"name":"Gioca alla lotteria online","item":"https:\/\/lottohoy.com\/it\/gioca\/"},{"@type":"ListItem","position":3,"name":"Giocare a Thunderball"}]},{"@type":"WebSite","@id":"https:\/\/lottohoy.com\/it\/#website","url":"https:\/\/lottohoy.com\/it\/","name":"Lottohoy","description":"","potentialAction":[{"@type":"SearchAction","target":{"@type":"EntryPoint","urlTemplate":"https:\/\/lottohoy.com\/it\/?s={search_term_string}"},"query-input":{"@type":"PropertyValueSpecification","valueRequired":true,"valueName":"search_term_string"}}],"inLanguage":"it-IT"}]}},"_links":{"self":[{"href":"https:\/\/lottohoy.com\/it\/wp-json\/wp\/v2\/pages\/16690","targetHints":{"allow":["GET"]}}],"collection":[{"href":"https:\/\/lottohoy.com\/it\/wp-json\/wp\/v2\/pages"}],"about":[{"href":"https:\/\/lottohoy.com\/it\/wp-json\/wp\/v2\/types\/page"}],"author":[{"embeddable":true,"href":"https:\/\/lottohoy.com\/it\/wp-json\/wp\/v2\/users\/2"}],"replies":[{"embeddable":true,"href":"https:\/\/lottohoy.com\/it\/wp-json\/wp\/v2\/comments?post=16690"}],"version-history":[{"count":0,"href":"https:\/\/lottohoy.com\/it\/wp-json\/wp\/v2\/pages\/16690\/revisions"}],"up":[{"embeddable":true,"href":"https:\/\/lottohoy.com\/it\/wp-json\/wp\/v2\/pages\/16587"}],"wp:attachment":[{"href":"https:\/\/lottohoy.com\/it\/wp-json\/wp\/v2\/media?parent=16690"}],"curies":[{"name":"wp","href":"https:\/\/api.w.org\/{rel}","templated":true}]}}