{"id":16674,"date":"2018-08-21T10:08:33","date_gmt":"2018-08-21T09:08:33","guid":{"rendered":"https:\/\/lottohoy.com\/gioca\/giocare-a-la-primitiva\/"},"modified":"2018-08-21T10:08:33","modified_gmt":"2018-08-21T09:08:33","slug":"giocare-a-la-primitiva","status":"publish","type":"page","link":"https:\/\/lottohoy.com\/it\/gioca\/giocare-a-la-primitiva\/","title":{"rendered":"Giocare a La Primitiva"},"content":{"rendered":"<p>Quella che oggi conosciamo come \u201cLa primitiva\u201d \u00e8 la pi\u00f9 antica lotteria spagnola. Fin dalla sua creazione nel 1763, il suo sviluppo \u00e8 stato molto simile a quello dell&#8217;attuale sistema, offrendo la scelta di quattro numeri su un totale di 90, per questo motivo era conosciuta come la \u201cLotteria dei numeri\u201d. Questa lotteria fu definitivamente chiamata La Primitiva, in seguito alla creazione di una nuova lotteria che veniva commercializzata attraverso biglietti su cui era stampato un numero con cui si partecipava alle estrazioni. Oggi la conosciamo come Lotteria Nazionale. Nel 1862 il governo decise di sopprimere le precedenti estrazioni della Primitiva per dare maggiore risalto alla lotteria con numeri, che stava riscuotendo un grande successo; e solo pi\u00f9 di un secolo dopo, nel 1985, la lotteria Primitiva torn\u00f2 in vita con l&#8217;aiuto di <b>Loter\u00edas y Apuestas del Estado (LAE)<\/b>, l&#8217;ente responsabile delle lotterie in Spagna.<\/p>\n<h2>Variazioni del regolamento fino ad oggi<\/h2>\n<ul>\n<li>La Primitiva \u00e8 passata da un&#8217;estrazione settimanale a due estrazioni (<i>gioved\u00ec e sabato, dal maggio 1990<\/i>).<\/li>\n<li>Il prezzo iniziale era di 25 Ptas. (circa 0,15 \u20ac) ed \u00e8 aumentato gradualmente fino al prezzo attuale.<\/li>\n<li>Nel 1991 \u00e8 stata creata la \u201c<b>rimborso della<\/b> palla\u201d extra.<\/li>\n<li>Nel 2012 \u00e8 stata aggiunta un&#8217;ulteriore possibilit\u00e0 di giocare all&#8217;estrazione della Primitiva con un&#8217;estrazione opzionale associata allo stesso biglietto della Primitiva, il \u201c<b>Joker\u201d<\/b>.<\/li>\n<\/ul>\n<h2>Come si gioca alla Primitiva<\/h2>\n<p>Per giocare alla Primitiva \u00e8 sufficiente scegliere sei numeri di una colonna composta da un totale di 49 (numerati da 1 a 49). Esistono diversi modi per piazzare una scommessa: scommessa singola, multipla e ridotta.<\/p>\n<ul>\n<li><b>Scommessa singola: <\/b>utilizza tutte le colonne di gioco che desideri, con un minimo di 1 e un massimo di 8 colonne. Giocando online puoi scommettere su tutte le colonne che desideri.<\/li>\n<li><b>Scommessa multipla: <\/b>in questo caso verr\u00e0 utilizzata solo la prima colonna del biglietto e potrai scegliere da 7 a 11 numeri. Pi\u00f9 numeri vengono selezionati, maggiore sar\u00e0 il numero di scommesse a cui parteciperai.<\/li>\n<li><b>Scommessa ridotta:<\/b> questa scommessa \u00e8 fornita dal sistema stesso e di solito viene utilizzata esclusivamente nel biglietto fisico.<\/li>\n<\/ul>\n<p>Una singola scommessa su Lottohoy costa solo 2,00 euro.<\/p>\n<h3>Come funziona l&#8217;estrazione della Primitiva?<\/h3>\n<p>L&#8217;estrazione si svolge utilizzando due tamburi. In uno dei tamburi sono contenute le 49 palline numerate da cui verranno estratti i 6 numeri per la combinazione vincente, pi\u00f9 una settima pallina che sar\u00e0 chiamata \u201ccomplementare\u201d. Questo numero complementare non \u00e8 selezionato sul biglietto e, come indica il nome, serve a completare quelle scommesse che corrispondono a cinque dei sei numeri della combinazione vincente. Premio alla seconda categoria di cinque numeri pi\u00f9 il complementare. La palla di rimborso viene estratta dal secondo tamburo. Questo numero di rimborso serve a premiare esclusivamente quei giocatori che hanno indovinato questo numero, ricevendo come premio l&#8217;importo della scommessa singola.<\/p>\n<h2>Quando si gioca a La Primitiva?<\/h2>\n<p>La Primitiva si gioca due volte alla settimana, il gioved\u00ec e il sabato. L&#8217;estrazione avviene alle 21:40, ora spagnola, in una cerimonia pubblica nella sala di estrazione di Loter\u00edas y Apuestas del Estado (LAE) a Madrid. Il regolamento della Primitiva prevede la possibilit\u00e0 di modificare il luogo, la data e l&#8217;ora della celebrazione di un&#8217;estrazione o di modificare le date.<\/p>\n<h2>Quanto costa un biglietto della Primitiva?<\/h2>\n<p>Su LottoHoy puoi giocare alla Primitiva a partire da un prezzo di 2,5 \u20ac per colonna. Anche se ufficialmente solo i residenti in Spagna possono accedere a questo gioco, oggi, attraverso le piattaforme online, \u00e8 possibile acquistare i biglietti e partecipare alle estrazioni da qualsiasi paese.<\/p>\n<h2>Come acquistare La Primitiva online?<\/h2>\n<p>Acquistare e partecipare alle estrazioni della Primitiva attraverso la nostra piattaforma \u00e8 molto semplice, facile e conveniente. Quando si accede alla pagina del gioco, \u00e8 possibile piazzare la scommessa o le scommesse desiderate utilizzando le colonne (chiamate anche linee) che vengono visualizzate. Inizialmente, appariranno cinque colonne, ma possono essere espanse tutte le volte che si desidera semplicemente cliccando sulla casella \u201c<b>Altre linee<\/b>\u201d. In ogni colonna, verranno scelti sei numeri per configurare il gioco. Questa combinazione pu\u00f2 essere effettuata manualmente o lasciando che sia il sistema stesso a scegliere una combinazione casuale per il giocatore. Questa selezione casuale viene effettuata posizionando il cursore sulla colonna e appare una casella superiore che indica \u201cselezione rapida\u201d. Una volta determinato il numero di colonne (scommesse) e quando il giocatore \u00e8 pronto a giocare, appare una casella verde \u201ccontinua\u201d. Una volta nel carrello, appare una nuova schermata che mostra una serie di metodi di pagamento: dalle carte di credito e sistemi noti come Skrill o Neteller, a un&#8217;ampia variet\u00e0 di metodi di pagamento nazionali, anche attraverso criptovalute.<\/p>\n<h2>Premi della Primitiva<\/h2>\n<p>Il 55% di ogni raccolta dell&#8217;estrazione va al pagamento dei premi, il 10% \u00e8 destinato al pagamento del rimborso e del 35% rimanente l&#8217;importo corrispondente al pagamento fisso di 8 \u20ac sar\u00e0 separato per ogni vincitore di quinta categoria, e il resto \u00e8 diviso tra le quattro categorie principali pi\u00f9 la categoria speciale.<\/p>\n<ul>\n<li>Una <b>speciale categoria<\/b> per coloro che indovinano la combinazione vincente completa (sei numeri + il rimborso). Questa categoria prende circa il 6,18% delle entrate pi\u00f9 l&#8217;importo del montepremi accumulato, se presente. \u00c8 garantito un minimo di due milioni di euro.<\/li>\n<li><b>Prima categoria<\/b>, per i vincitori della combinazione principale dei sei numeri. A questa categoria \u00e8 destinato il 12,04% della raccolta, che sar\u00e0 distribuito tra tutti gli utenti di questa categoria che hanno avuto successo.<\/li>\n<li><b>Seconda categoria<\/b>, per i vincitori di cinque numeri pi\u00f9 il numero complementare. In questa categoria i vincitori si dividono l&#8217;1,80% della raccolta.<\/li>\n<li><b>Terza categoria<\/b>, per i vincitori di cinque numeri, che si dividono il 3,91%.<\/li>\n<li><b>Quarta categoria<\/b>, per i vincitori di quattro numeri, che si dividono il 6,32%.<\/li>\n<li><b>Quinta categoria<\/b>, per i vincitori di tre numeri, hanno un premio fisso, di 8 \u20ac ciascuno e che arriva a significare circa il 14,12% della raccolta.<\/li>\n<li><b>Il rimborso<\/b>, per i vincitori del numero considerato come rimborso, \u00e8 stato creato un fondo con il 10% della raccolta di ogni estrazione per effettuare il pagamento fisso equivalente all&#8217;importo di una semplice scommessa.<\/li>\n<\/ul>\n<p>L&#8217;importo dei premi ottenuti viene accreditato direttamente sui conti degli utenti registrati.<\/p>\n","protected":false},"excerpt":{"rendered":"<p>Quella che oggi conosciamo come \u201cLa primitiva\u201d \u00e8 la pi\u00f9 antica lotteria spagnola. Fin dalla sua creazione nel 1763, il suo sviluppo \u00e8 stato molto simile a quello dell&#8217;attuale sistema, offrendo la scelta di quattro numeri su un totale di 90, per questo motivo era conosciuta come la \u201cLotteria dei numeri\u201d. Questa lotteria fu definitivamente [&hellip;]<\/p>\n","protected":false},"author":2,"featured_media":0,"parent":16587,"menu_order":6,"comment_status":"closed","ping_status":"closed","template":"la-primitiva.php","meta":{"_et_pb_use_builder":"","_et_pb_old_content":"","_et_gb_content_width":"","exclude_from_search":false,"footnotes":""},"class_list":["post-16674","page","type-page","status-publish","hentry"],"yoast_head":"<!-- This site is optimized with the Yoast SEO plugin v23.7 - https:\/\/yoast.com\/wordpress\/plugins\/seo\/ -->\n<title>Gioca a La Primitiva online - Lotteria spagnola online - Lottohoy<\/title>\n<meta name=\"description\" content=\"Per giocare alla Primitiva devi solo scegliere 6 numeri di una colonna composta da un totale di 49 (numerati da 1 a 49). Gioca ora e vinci!\" \/>\n<meta name=\"robots\" content=\"index, follow, max-snippet:-1, max-image-preview:large, max-video-preview:-1\" \/>\n<link rel=\"canonical\" href=\"https:\/\/lottohoy.com\/it\/gioca\/giocare-a-la-primitiva\/\" \/>\n<meta property=\"og:locale\" content=\"it_IT\" \/>\n<meta property=\"og:type\" content=\"article\" \/>\n<meta property=\"og:title\" content=\"Gioca a La Primitiva online - Lotteria spagnola online - Lottohoy\" \/>\n<meta property=\"og:description\" content=\"Per giocare alla Primitiva devi solo scegliere 6 numeri di una colonna composta da un totale di 49 (numerati da 1 a 49). Gioca ora e vinci!\" \/>\n<meta property=\"og:url\" content=\"https:\/\/lottohoy.com\/it\/gioca\/giocare-a-la-primitiva\/\" \/>\n<meta property=\"og:site_name\" content=\"Lottohoy\" \/>\n<meta name=\"twitter:card\" content=\"summary_large_image\" \/>\n<meta name=\"twitter:label1\" content=\"Tempo di lettura stimato\" \/>\n\t<meta name=\"twitter:data1\" content=\"5 minuti\" \/>\n<script type=\"application\/ld+json\" class=\"yoast-schema-graph\">{\"@context\":\"https:\/\/schema.org\",\"@graph\":[{\"@type\":\"WebPage\",\"@id\":\"https:\/\/lottohoy.com\/it\/gioca\/giocare-a-la-primitiva\/\",\"url\":\"https:\/\/lottohoy.com\/it\/gioca\/giocare-a-la-primitiva\/\",\"name\":\"Gioca a La Primitiva online - Lotteria spagnola online - Lottohoy\",\"isPartOf\":{\"@id\":\"https:\/\/lottohoy.com\/it\/#website\"},\"datePublished\":\"2018-08-21T09:08:33+00:00\",\"dateModified\":\"2018-08-21T09:08:33+00:00\",\"description\":\"Per giocare alla Primitiva devi solo scegliere 6 numeri di una colonna composta da un totale di 49 (numerati da 1 a 49). Gioca ora e vinci!\",\"breadcrumb\":{\"@id\":\"https:\/\/lottohoy.com\/it\/gioca\/giocare-a-la-primitiva\/#breadcrumb\"},\"inLanguage\":\"it-IT\",\"potentialAction\":[{\"@type\":\"ReadAction\",\"target\":[\"https:\/\/lottohoy.com\/it\/gioca\/giocare-a-la-primitiva\/\"]}]},{\"@type\":\"BreadcrumbList\",\"@id\":\"https:\/\/lottohoy.com\/it\/gioca\/giocare-a-la-primitiva\/#breadcrumb\",\"itemListElement\":[{\"@type\":\"ListItem\",\"position\":1,\"name\":\"Home\",\"item\":\"https:\/\/lottohoy.com\/it\/\"},{\"@type\":\"ListItem\",\"position\":2,\"name\":\"Gioca alla lotteria online\",\"item\":\"https:\/\/lottohoy.com\/it\/gioca\/\"},{\"@type\":\"ListItem\",\"position\":3,\"name\":\"Giocare a La Primitiva\"}]},{\"@type\":\"WebSite\",\"@id\":\"https:\/\/lottohoy.com\/it\/#website\",\"url\":\"https:\/\/lottohoy.com\/it\/\",\"name\":\"Lottohoy\",\"description\":\"\",\"potentialAction\":[{\"@type\":\"SearchAction\",\"target\":{\"@type\":\"EntryPoint\",\"urlTemplate\":\"https:\/\/lottohoy.com\/it\/?s={search_term_string}\"},\"query-input\":{\"@type\":\"PropertyValueSpecification\",\"valueRequired\":true,\"valueName\":\"search_term_string\"}}],\"inLanguage\":\"it-IT\"}]}<\/script>\n<!-- \/ Yoast SEO plugin. -->","yoast_head_json":{"title":"Gioca a La Primitiva online - Lotteria spagnola online - Lottohoy","description":"Per giocare alla Primitiva devi solo scegliere 6 numeri di una colonna composta da un totale di 49 (numerati da 1 a 49). Gioca ora e vinci!","robots":{"index":"index","follow":"follow","max-snippet":"max-snippet:-1","max-image-preview":"max-image-preview:large","max-video-preview":"max-video-preview:-1"},"canonical":"https:\/\/lottohoy.com\/it\/gioca\/giocare-a-la-primitiva\/","og_locale":"it_IT","og_type":"article","og_title":"Gioca a La Primitiva online - Lotteria spagnola online - Lottohoy","og_description":"Per giocare alla Primitiva devi solo scegliere 6 numeri di una colonna composta da un totale di 49 (numerati da 1 a 49). Gioca ora e vinci!","og_url":"https:\/\/lottohoy.com\/it\/gioca\/giocare-a-la-primitiva\/","og_site_name":"Lottohoy","twitter_card":"summary_large_image","twitter_misc":{"Tempo di lettura stimato":"5 minuti"},"schema":{"@context":"https:\/\/schema.org","@graph":[{"@type":"WebPage","@id":"https:\/\/lottohoy.com\/it\/gioca\/giocare-a-la-primitiva\/","url":"https:\/\/lottohoy.com\/it\/gioca\/giocare-a-la-primitiva\/","name":"Gioca a La Primitiva online - Lotteria spagnola online - Lottohoy","isPartOf":{"@id":"https:\/\/lottohoy.com\/it\/#website"},"datePublished":"2018-08-21T09:08:33+00:00","dateModified":"2018-08-21T09:08:33+00:00","description":"Per giocare alla Primitiva devi solo scegliere 6 numeri di una colonna composta da un totale di 49 (numerati da 1 a 49). Gioca ora e vinci!","breadcrumb":{"@id":"https:\/\/lottohoy.com\/it\/gioca\/giocare-a-la-primitiva\/#breadcrumb"},"inLanguage":"it-IT","potentialAction":[{"@type":"ReadAction","target":["https:\/\/lottohoy.com\/it\/gioca\/giocare-a-la-primitiva\/"]}]},{"@type":"BreadcrumbList","@id":"https:\/\/lottohoy.com\/it\/gioca\/giocare-a-la-primitiva\/#breadcrumb","itemListElement":[{"@type":"ListItem","position":1,"name":"Home","item":"https:\/\/lottohoy.com\/it\/"},{"@type":"ListItem","position":2,"name":"Gioca alla lotteria online","item":"https:\/\/lottohoy.com\/it\/gioca\/"},{"@type":"ListItem","position":3,"name":"Giocare a La Primitiva"}]},{"@type":"WebSite","@id":"https:\/\/lottohoy.com\/it\/#website","url":"https:\/\/lottohoy.com\/it\/","name":"Lottohoy","description":"","potentialAction":[{"@type":"SearchAction","target":{"@type":"EntryPoint","urlTemplate":"https:\/\/lottohoy.com\/it\/?s={search_term_string}"},"query-input":{"@type":"PropertyValueSpecification","valueRequired":true,"valueName":"search_term_string"}}],"inLanguage":"it-IT"}]}},"_links":{"self":[{"href":"https:\/\/lottohoy.com\/it\/wp-json\/wp\/v2\/pages\/16674","targetHints":{"allow":["GET"]}}],"collection":[{"href":"https:\/\/lottohoy.com\/it\/wp-json\/wp\/v2\/pages"}],"about":[{"href":"https:\/\/lottohoy.com\/it\/wp-json\/wp\/v2\/types\/page"}],"author":[{"embeddable":true,"href":"https:\/\/lottohoy.com\/it\/wp-json\/wp\/v2\/users\/2"}],"replies":[{"embeddable":true,"href":"https:\/\/lottohoy.com\/it\/wp-json\/wp\/v2\/comments?post=16674"}],"version-history":[{"count":0,"href":"https:\/\/lottohoy.com\/it\/wp-json\/wp\/v2\/pages\/16674\/revisions"}],"up":[{"embeddable":true,"href":"https:\/\/lottohoy.com\/it\/wp-json\/wp\/v2\/pages\/16587"}],"wp:attachment":[{"href":"https:\/\/lottohoy.com\/it\/wp-json\/wp\/v2\/media?parent=16674"}],"curies":[{"name":"wp","href":"https:\/\/api.w.org\/{rel}","templated":true}]}}