{"id":16668,"date":"2019-02-13T18:44:38","date_gmt":"2019-02-13T18:44:38","guid":{"rendered":"https:\/\/lottohoy.com\/gioca\/giocare-a-el-gordo-de-la-primitiva\/"},"modified":"2019-02-13T18:44:38","modified_gmt":"2019-02-13T18:44:38","slug":"giocare-a-el-gordo-de-la-primitiva","status":"publish","type":"page","link":"https:\/\/lottohoy.com\/it\/gioca\/giocare-a-el-gordo-de-la-primitiva\/","title":{"rendered":"Giocare a El Gordo de la Primitiva"},"content":{"rendered":"<h2>Giocare a El Gordo online<\/h2>\n<p>Il 31<sup> ottobre<\/sup> 1993 si tenne la prima estrazione di El Gordo de la Primitiva, estrazione che attualmente si tiene ogni domenica, anche se le prime estrazioni si tenevano solo una volta al mese, l&#8217;ultima domenica del mese. Questa struttura della lotteria \u00e8 stata mantenuta fino all&#8217;estrazione del 12 ottobre 1997. Oggi giocare al Gordo de la Primitiva online \u00e8 davvero semplice. Ti offriamo la possibilit\u00e0 di acquistare i tuoi biglietti tutti i giorni della settimana, 24 ore su 24.<\/p>\n<h2>Come si gioca al Gordo de la Primitiva?<\/h2>\n<p>Giocare al Gordo consiste nel selezionare cinque numeri da una tabella di 54 posizioni numerate da 1 a 54. Inoltre, \u00e8 necessario selezionare un numero chiave da una seconda tabella numerata da 0 a 9. Ci sono fondamentalmente due modi per giocare a El Gordo: la scommessa semplice e la scommessa multipla. La <b>scommessa semplice<\/b> consiste nello scegliere cinque numeri della prima tabella che contiene 54 caselle numerate rispettivamente da 1 a 54, e un numero chiave (chiamato anche rimborso) di una seconda tabella che offre il biglietto e contiene 10 caselle numerate da 0 a 9. Un biglietto costa solo 3 euro se lo si acquista su Lottohoy. Questo numero chiave o rimborso \u00e8 comune a tutte le scommesse o blocchi che vengono messi in gioco sul biglietto singolo. La <b>scommessa multipla <\/b>viene effettuata esclusivamente nel primo blocco del biglietto, ed \u00e8 possibile contrassegnare un minimo di 6 caselle e un massimo di 11 della prima tabella, pi\u00f9 il numero chiave o rimborso della tabella allegata. Quando si compila una scommessa multipla, il numero di numeri che vengono contrassegnati sar\u00e0 direttamente collegato alle scommesse effettuate e ai loro costi.<\/p>\n<p><b>Totale scommesse selezionate<\/b><\/p>\n<p>6 6<\/p>\n<p>7 21<\/p>\n<p>8 56<\/p>\n<p>9 126<\/p>\n<p>10 252<\/p>\n<p>11 462<\/p>\n<h2>\u00a0<\/h2>\n<h2>Quando viene estratto il Gordo de la Primitiva?<\/h2>\n<p>El Gordo de la Primitiva ha un&#8217;unica estrazione settimanale, ogni domenica, e si svolge alle 21:30 (CET) a Madrid. Per accedere a queste estrazioni, \u00e8 necessario tenere conto degli orari limite. Giocando online, l&#8217;orario normalizzato \u00e8 intorno alle 13:00 a seconda del paese in cui si gioca (si consiglia di consultare in anticipo).<\/p>\n<h2>Gioca a Gordo de la Primitiva online<\/h2>\n<p>Giocare al Gordo de la Primitiva online ha molti vantaggi rispetto al gioco tradizionale con la convalida del biglietto presso un&#8217;amministrazione fisica della lotteria. Con l&#8217;avvento delle nuove tecnologie, molte attivit\u00e0 sono state facilitate per ottenere comfort, guadagnare tempo e sicurezza. Le probabilit\u00e0 di vincere un premio del Gordo de la Primitiva giocando online sono esattamente le stesse di quando si acquista un biglietto fisico in un&#8217;amministrazione della lotteria, e le piattaforme di lotteria online come la nostra lo rendono molto facile. Devi semplicemente creare un account utente su LottoHoy e in questo modo accedere a tutte le informazioni sulle estrazioni e sui pagamenti in totale sicurezza. Quando accedi alla sezione del gioco del Gordo de la Primitiva nella nostra piattaforma, in alto c&#8217;\u00e8 una barra dei menu con quattro opzioni:<\/p>\n<ul>\n<li><b>Giocare al Gordo de la Primitiva<\/b>: sezione in cui \u00e8 possibile selezionare i numeri preferiti in tutte le colonne desiderate. In linea di principio, vengono visualizzate cinque colonne, ma la scommessa pu\u00f2 essere estesa a tutte le colonne desiderate, semplicemente cliccando sulla casella sotto la prima colonna che dice \u201cpi\u00f9 linee\u201d<\/li>\n<li><b>Risultati del Gordo de la Primitiva: <\/b>con le informazioni sull&#8217;ultima estrazione, la combinazione vincente e la distribuzione dei premi delle diverse categorie. \u00c8 possibile accedere anche alle informazioni delle estrazioni precedenti e agli importi dei premi.<\/li>\n<li><b>Informazioni sul Gordo de la Primitiva: <\/b>tutte le informazioni relative a questo gioco, le categorie di premi, le percentuali di raccolta assegnate a ciascuna categoria e le possibilit\u00e0 di vincita in ciascuna categoria.<\/li>\n<li><b>Notizie sul Gordo de la Primitiva<\/b>: tutto sulle notizie relative a questo tipo di lotteria.<\/li>\n<\/ul>\n<p>Appena sotto, viene mostrata la prima linea di gioco, composta da cinque colonne (o biglietti). Puoi giocare una singola colonna o quante ne vuoi, puoi anche aggiungere pi\u00f9 righe e giocare pi\u00f9 numeri. Ciascuna delle colonne o righe \u00e8 numerata da 1 a 54 ed \u00e8 dove deve essere effettuata la previsione desiderata, partendo dalla base che <b>cinque caselle o numeri devono essere segnati <\/b>per una mossa semplice. Il sistema consente di compilare manualmente queste caselle con i numeri preferiti o tramite l&#8217;opzione di selezione rapida che appare sopra ogni tabella. In questo modo, \u00e8 il sistema stesso che sceglie casualmente la combinazione da giocare.<\/p>\n","protected":false},"excerpt":{"rendered":"<p>Giocare a El Gordo online Il 31 ottobre 1993 si tenne la prima estrazione di El Gordo de la Primitiva, estrazione che attualmente si tiene ogni domenica, anche se le prime estrazioni si tenevano solo una volta al mese, l&#8217;ultima domenica del mese. Questa struttura della lotteria \u00e8 stata mantenuta fino all&#8217;estrazione del 12 ottobre [&hellip;]<\/p>\n","protected":false},"author":2,"featured_media":0,"parent":16587,"menu_order":6,"comment_status":"closed","ping_status":"closed","template":"el-gordo.php","meta":{"_et_pb_use_builder":"","_et_pb_old_content":"","_et_gb_content_width":"","exclude_from_search":false,"footnotes":""},"class_list":["post-16668","page","type-page","status-publish","hentry"],"yoast_head":"<!-- This site is optimized with the Yoast SEO plugin v23.7 - https:\/\/yoast.com\/wordpress\/plugins\/seo\/ -->\n<title>Lotteria spagnola online<\/title>\n<meta name=\"description\" content=\"Gioca ora El Gordo de La Primitiva, una delle pi\u00f9 famose lotterie spagnole con fantastici premi e jackpot che potrebbero cambiarti la vita per sempre.\" \/>\n<meta name=\"robots\" content=\"index, follow, max-snippet:-1, max-image-preview:large, max-video-preview:-1\" \/>\n<link rel=\"canonical\" href=\"https:\/\/lottohoy.com\/it\/gioca\/giocare-a-el-gordo-de-la-primitiva\/\" \/>\n<meta property=\"og:locale\" content=\"it_IT\" \/>\n<meta property=\"og:type\" content=\"article\" \/>\n<meta property=\"og:title\" content=\"Lotteria spagnola online\" \/>\n<meta property=\"og:description\" content=\"Gioca ora El Gordo de La Primitiva, una delle pi\u00f9 famose lotterie spagnole con fantastici premi e jackpot che potrebbero cambiarti la vita per sempre.\" \/>\n<meta property=\"og:url\" content=\"https:\/\/lottohoy.com\/it\/gioca\/giocare-a-el-gordo-de-la-primitiva\/\" \/>\n<meta property=\"og:site_name\" content=\"Lottohoy\" \/>\n<meta name=\"twitter:card\" content=\"summary_large_image\" \/>\n<meta name=\"twitter:label1\" content=\"Tempo di lettura stimato\" \/>\n\t<meta name=\"twitter:data1\" content=\"3 minuti\" \/>\n<script type=\"application\/ld+json\" class=\"yoast-schema-graph\">{\"@context\":\"https:\/\/schema.org\",\"@graph\":[{\"@type\":\"WebPage\",\"@id\":\"https:\/\/lottohoy.com\/it\/gioca\/giocare-a-el-gordo-de-la-primitiva\/\",\"url\":\"https:\/\/lottohoy.com\/it\/gioca\/giocare-a-el-gordo-de-la-primitiva\/\",\"name\":\"Lotteria spagnola online\",\"isPartOf\":{\"@id\":\"https:\/\/lottohoy.com\/it\/#website\"},\"datePublished\":\"2019-02-13T18:44:38+00:00\",\"dateModified\":\"2019-02-13T18:44:38+00:00\",\"description\":\"Gioca ora El Gordo de La Primitiva, una delle pi\u00f9 famose lotterie spagnole con fantastici premi e jackpot che potrebbero cambiarti la vita per sempre.\",\"breadcrumb\":{\"@id\":\"https:\/\/lottohoy.com\/it\/gioca\/giocare-a-el-gordo-de-la-primitiva\/#breadcrumb\"},\"inLanguage\":\"it-IT\",\"potentialAction\":[{\"@type\":\"ReadAction\",\"target\":[\"https:\/\/lottohoy.com\/it\/gioca\/giocare-a-el-gordo-de-la-primitiva\/\"]}]},{\"@type\":\"BreadcrumbList\",\"@id\":\"https:\/\/lottohoy.com\/it\/gioca\/giocare-a-el-gordo-de-la-primitiva\/#breadcrumb\",\"itemListElement\":[{\"@type\":\"ListItem\",\"position\":1,\"name\":\"Home\",\"item\":\"https:\/\/lottohoy.com\/it\/\"},{\"@type\":\"ListItem\",\"position\":2,\"name\":\"Gioca alla lotteria online\",\"item\":\"https:\/\/lottohoy.com\/it\/gioca\/\"},{\"@type\":\"ListItem\",\"position\":3,\"name\":\"Giocare a El Gordo de la Primitiva\"}]},{\"@type\":\"WebSite\",\"@id\":\"https:\/\/lottohoy.com\/it\/#website\",\"url\":\"https:\/\/lottohoy.com\/it\/\",\"name\":\"Lottohoy\",\"description\":\"\",\"potentialAction\":[{\"@type\":\"SearchAction\",\"target\":{\"@type\":\"EntryPoint\",\"urlTemplate\":\"https:\/\/lottohoy.com\/it\/?s={search_term_string}\"},\"query-input\":{\"@type\":\"PropertyValueSpecification\",\"valueRequired\":true,\"valueName\":\"search_term_string\"}}],\"inLanguage\":\"it-IT\"}]}<\/script>\n<!-- \/ Yoast SEO plugin. -->","yoast_head_json":{"title":"Lotteria spagnola online","description":"Gioca ora El Gordo de La Primitiva, una delle pi\u00f9 famose lotterie spagnole con fantastici premi e jackpot che potrebbero cambiarti la vita per sempre.","robots":{"index":"index","follow":"follow","max-snippet":"max-snippet:-1","max-image-preview":"max-image-preview:large","max-video-preview":"max-video-preview:-1"},"canonical":"https:\/\/lottohoy.com\/it\/gioca\/giocare-a-el-gordo-de-la-primitiva\/","og_locale":"it_IT","og_type":"article","og_title":"Lotteria spagnola online","og_description":"Gioca ora El Gordo de La Primitiva, una delle pi\u00f9 famose lotterie spagnole con fantastici premi e jackpot che potrebbero cambiarti la vita per sempre.","og_url":"https:\/\/lottohoy.com\/it\/gioca\/giocare-a-el-gordo-de-la-primitiva\/","og_site_name":"Lottohoy","twitter_card":"summary_large_image","twitter_misc":{"Tempo di lettura stimato":"3 minuti"},"schema":{"@context":"https:\/\/schema.org","@graph":[{"@type":"WebPage","@id":"https:\/\/lottohoy.com\/it\/gioca\/giocare-a-el-gordo-de-la-primitiva\/","url":"https:\/\/lottohoy.com\/it\/gioca\/giocare-a-el-gordo-de-la-primitiva\/","name":"Lotteria spagnola online","isPartOf":{"@id":"https:\/\/lottohoy.com\/it\/#website"},"datePublished":"2019-02-13T18:44:38+00:00","dateModified":"2019-02-13T18:44:38+00:00","description":"Gioca ora El Gordo de La Primitiva, una delle pi\u00f9 famose lotterie spagnole con fantastici premi e jackpot che potrebbero cambiarti la vita per sempre.","breadcrumb":{"@id":"https:\/\/lottohoy.com\/it\/gioca\/giocare-a-el-gordo-de-la-primitiva\/#breadcrumb"},"inLanguage":"it-IT","potentialAction":[{"@type":"ReadAction","target":["https:\/\/lottohoy.com\/it\/gioca\/giocare-a-el-gordo-de-la-primitiva\/"]}]},{"@type":"BreadcrumbList","@id":"https:\/\/lottohoy.com\/it\/gioca\/giocare-a-el-gordo-de-la-primitiva\/#breadcrumb","itemListElement":[{"@type":"ListItem","position":1,"name":"Home","item":"https:\/\/lottohoy.com\/it\/"},{"@type":"ListItem","position":2,"name":"Gioca alla lotteria online","item":"https:\/\/lottohoy.com\/it\/gioca\/"},{"@type":"ListItem","position":3,"name":"Giocare a El Gordo de la Primitiva"}]},{"@type":"WebSite","@id":"https:\/\/lottohoy.com\/it\/#website","url":"https:\/\/lottohoy.com\/it\/","name":"Lottohoy","description":"","potentialAction":[{"@type":"SearchAction","target":{"@type":"EntryPoint","urlTemplate":"https:\/\/lottohoy.com\/it\/?s={search_term_string}"},"query-input":{"@type":"PropertyValueSpecification","valueRequired":true,"valueName":"search_term_string"}}],"inLanguage":"it-IT"}]}},"_links":{"self":[{"href":"https:\/\/lottohoy.com\/it\/wp-json\/wp\/v2\/pages\/16668","targetHints":{"allow":["GET"]}}],"collection":[{"href":"https:\/\/lottohoy.com\/it\/wp-json\/wp\/v2\/pages"}],"about":[{"href":"https:\/\/lottohoy.com\/it\/wp-json\/wp\/v2\/types\/page"}],"author":[{"embeddable":true,"href":"https:\/\/lottohoy.com\/it\/wp-json\/wp\/v2\/users\/2"}],"replies":[{"embeddable":true,"href":"https:\/\/lottohoy.com\/it\/wp-json\/wp\/v2\/comments?post=16668"}],"version-history":[{"count":0,"href":"https:\/\/lottohoy.com\/it\/wp-json\/wp\/v2\/pages\/16668\/revisions"}],"up":[{"embeddable":true,"href":"https:\/\/lottohoy.com\/it\/wp-json\/wp\/v2\/pages\/16587"}],"wp:attachment":[{"href":"https:\/\/lottohoy.com\/it\/wp-json\/wp\/v2\/media?parent=16668"}],"curies":[{"name":"wp","href":"https:\/\/api.w.org\/{rel}","templated":true}]}}