{"id":16662,"date":"2018-05-03T14:23:27","date_gmt":"2018-05-03T13:23:27","guid":{"rendered":"https:\/\/lottohoy.com\/gioca\/giocare-al-superenalotto\/"},"modified":"2018-05-03T14:23:27","modified_gmt":"2018-05-03T13:23:27","slug":"giocare-al-superenalotto","status":"publish","type":"page","link":"https:\/\/lottohoy.com\/it\/gioca\/giocare-al-superenalotto\/","title":{"rendered":"Giocare al SuperEnalotto"},"content":{"rendered":"<p>Giocare al SuperEnalotto online \u00e8 davvero facile, basta creare un account utente su LottoHoy per accedere a tutte le informazioni su giochi, pagamenti, abbonamenti, biglietti acquistati, statistiche, ecc. In questa stessa pagina ci sono cinque colonne (biglietti), ognuna di queste cinque colonne ha caselle numerate da 1 a 90, e puoi riempirne quante ne vuoi. Basta selezionare sei numeri per una scommessa semplice. La piattaforma ci permette di compilare manualmente queste caselle o di utilizzare la funzione di selezione rapida e lasciare che il sistema stesso scelga casualmente la combinazione della nostra scommessa. Una volta effettuata la selezione dei numeri, vai al pulsante CONTINUA e procedi al pagamento. \u00c8 semplicissimo.<\/p>\n<h2><b><strong>Jackpot del SuperEnalotto<\/strong><\/b><\/h2>\n<p>Il SuperEnalotto ha un jackpot minimo garantito di 2.000.000 \u20ac (due milioni di euro). Pu\u00f2 sembrare una piccola garanzia, ma aumenta rapidamente poich\u00e9 il 60% dei fondi raccolti ad ogni estrazione viene destinato ai premi. Una delle caratteristiche pi\u00f9 importanti di questa lotteria \u00e8 che non c&#8217;\u00e8 un limite massimo per il primo premio. Questo, unito al fatto che il jackpot aumenta rapidamente, crea jackpot multimilionari molto interessanti.<\/p>\n<h2><b><strong>Suddivisione dei premi del SuperEnalotto<\/strong><\/b><\/h2>\n<p>Il SuperEnalotto ha diversi livelli di premi, fino a un totale di 15, tra i premi principali, il Super Star e i premi Instant Win. L&#8217;importo totale dei premi da distribuire varia a seconda degli importi raccolti. Qui ci concentreremo sui premi principali a cui si pu\u00f2 accedere dalla piattaforma online. Vedi la tabella seguente:<\/p>\n<h2><b><strong>Come vincere al SuperEnalotto<\/strong><\/b><\/h2>\n<p>Abbiamo raccolto i trucchi e i consigli pi\u00f9 utili per aumentare le tue possibilit\u00e0 di vincere al SuperEnalotto. Non esiste una strategia magica, ma sicuramente sarai soddisfatto dei risultati di questi passaggi:<\/p>\n<ul>\n<li>Bilancia numeri pari e dispari: mescola i tuoi numeri tra pari e dispari poich\u00e9 solo il 3% delle combinazioni vincenti erano tutte pari o tutte dispari.<\/li>\n<li>Mescola numeri alti e bassi: non concentrarti solo sui numeri bassi (come le date), la maggior parte delle persone lo fa.<\/li>\n<li>Gioca numeri bilanciati: Seleziona i tuoi numeri e sommalo tutti insieme, il risultato dovrebbe essere tra 140 e 240. Circa il 70% delle combinazioni vincenti del passato erano bilanciate.<\/li>\n<li>Non selezionare sequenze consecutive di numeri.<\/li>\n<li>Evita le sequenze vincenti del passato: Se la tua combinazione \u00e8 stata premiata di recente, prova a selezionarne una nuova.<\/li>\n<li>Controlla i numeri pi\u00f9 frequenti: Puoi visitare la nostra pagina dei <a href=\"https:\/\/lottohoy.com\/results\/superenalotto\/\"><b>risultati del SuperEnalotto<\/b><\/a> per vedere quali numeri sono stati scelti pi\u00f9 spesso.<\/li>\n<\/ul>\n<h2><b><strong>Chi pu\u00f2 giocare al SuperEnalotto?<\/strong><\/b><\/h2>\n<p>I giocatori di tutto il mondo sono invitati a giocare al SuperEnalotto su LottoHoy. Non \u00e8 necessario essere in Italia per giocare in un negozio fisico. Ora puoi acquistare i tuoi biglietti ufficiali con noi. Un biglietto semplice costa solo 3,00 euro, quindi perch\u00e9 non tentare la fortuna?<\/p>\n","protected":false},"excerpt":{"rendered":"<p>Giocare al SuperEnalotto online \u00e8 davvero facile, basta creare un account utente su LottoHoy per accedere a tutte le informazioni su giochi, pagamenti, abbonamenti, biglietti acquistati, statistiche, ecc. In questa stessa pagina ci sono cinque colonne (biglietti), ognuna di queste cinque colonne ha caselle numerate da 1 a 90, e puoi riempirne quante ne vuoi. [&hellip;]<\/p>\n","protected":false},"author":2,"featured_media":0,"parent":16587,"menu_order":5,"comment_status":"closed","ping_status":"closed","template":"superenalotto.php","meta":{"_et_pb_use_builder":"","_et_pb_old_content":"","_et_gb_content_width":"","exclude_from_search":false,"footnotes":""},"class_list":["post-16662","page","type-page","status-publish","hentry"],"yoast_head":"<!-- This site is optimized with the Yoast SEO plugin v23.7 - https:\/\/yoast.com\/wordpress\/plugins\/seo\/ -->\n<title>Gioca al SuperEnalotto online - La pi\u00f9 grande lotteria d&#039;Italia - LottoHoy<\/title>\n<meta name=\"description\" content=\"Giocare al Superenalotto non potrebbe essere pi\u00f9 facile. Basta iscriversi, scegliere i numeri preferiti e diventare il prossimo milionario! ??\" \/>\n<meta name=\"robots\" content=\"index, follow, max-snippet:-1, max-image-preview:large, max-video-preview:-1\" \/>\n<link rel=\"canonical\" href=\"https:\/\/lottohoy.com\/it\/gioca\/giocare-al-superenalotto\/\" \/>\n<meta property=\"og:locale\" content=\"it_IT\" \/>\n<meta property=\"og:type\" content=\"article\" \/>\n<meta property=\"og:title\" content=\"Gioca al SuperEnalotto online - La pi\u00f9 grande lotteria d&#039;Italia - LottoHoy\" \/>\n<meta property=\"og:description\" content=\"Giocare al Superenalotto non potrebbe essere pi\u00f9 facile. Basta iscriversi, scegliere i numeri preferiti e diventare il prossimo milionario! ??\" \/>\n<meta property=\"og:url\" content=\"https:\/\/lottohoy.com\/it\/gioca\/giocare-al-superenalotto\/\" \/>\n<meta property=\"og:site_name\" content=\"Lottohoy\" \/>\n<meta name=\"twitter:card\" content=\"summary_large_image\" \/>\n<meta name=\"twitter:label1\" content=\"Tempo di lettura stimato\" \/>\n\t<meta name=\"twitter:data1\" content=\"2 minuti\" \/>\n<script type=\"application\/ld+json\" class=\"yoast-schema-graph\">{\"@context\":\"https:\/\/schema.org\",\"@graph\":[{\"@type\":\"WebPage\",\"@id\":\"https:\/\/lottohoy.com\/it\/gioca\/giocare-al-superenalotto\/\",\"url\":\"https:\/\/lottohoy.com\/it\/gioca\/giocare-al-superenalotto\/\",\"name\":\"Gioca al SuperEnalotto online - La pi\u00f9 grande lotteria d'Italia - LottoHoy\",\"isPartOf\":{\"@id\":\"https:\/\/lottohoy.com\/it\/#website\"},\"datePublished\":\"2018-05-03T13:23:27+00:00\",\"dateModified\":\"2018-05-03T13:23:27+00:00\",\"description\":\"Giocare al Superenalotto non potrebbe essere pi\u00f9 facile. Basta iscriversi, scegliere i numeri preferiti e diventare il prossimo milionario! ??\",\"breadcrumb\":{\"@id\":\"https:\/\/lottohoy.com\/it\/gioca\/giocare-al-superenalotto\/#breadcrumb\"},\"inLanguage\":\"it-IT\",\"potentialAction\":[{\"@type\":\"ReadAction\",\"target\":[\"https:\/\/lottohoy.com\/it\/gioca\/giocare-al-superenalotto\/\"]}]},{\"@type\":\"BreadcrumbList\",\"@id\":\"https:\/\/lottohoy.com\/it\/gioca\/giocare-al-superenalotto\/#breadcrumb\",\"itemListElement\":[{\"@type\":\"ListItem\",\"position\":1,\"name\":\"Home\",\"item\":\"https:\/\/lottohoy.com\/it\/\"},{\"@type\":\"ListItem\",\"position\":2,\"name\":\"Gioca alla lotteria online\",\"item\":\"https:\/\/lottohoy.com\/it\/gioca\/\"},{\"@type\":\"ListItem\",\"position\":3,\"name\":\"Giocare al SuperEnalotto\"}]},{\"@type\":\"WebSite\",\"@id\":\"https:\/\/lottohoy.com\/it\/#website\",\"url\":\"https:\/\/lottohoy.com\/it\/\",\"name\":\"Lottohoy\",\"description\":\"\",\"potentialAction\":[{\"@type\":\"SearchAction\",\"target\":{\"@type\":\"EntryPoint\",\"urlTemplate\":\"https:\/\/lottohoy.com\/it\/?s={search_term_string}\"},\"query-input\":{\"@type\":\"PropertyValueSpecification\",\"valueRequired\":true,\"valueName\":\"search_term_string\"}}],\"inLanguage\":\"it-IT\"}]}<\/script>\n<!-- \/ Yoast SEO plugin. -->","yoast_head_json":{"title":"Gioca al SuperEnalotto online - La pi\u00f9 grande lotteria d'Italia - LottoHoy","description":"Giocare al Superenalotto non potrebbe essere pi\u00f9 facile. Basta iscriversi, scegliere i numeri preferiti e diventare il prossimo milionario! ??","robots":{"index":"index","follow":"follow","max-snippet":"max-snippet:-1","max-image-preview":"max-image-preview:large","max-video-preview":"max-video-preview:-1"},"canonical":"https:\/\/lottohoy.com\/it\/gioca\/giocare-al-superenalotto\/","og_locale":"it_IT","og_type":"article","og_title":"Gioca al SuperEnalotto online - La pi\u00f9 grande lotteria d'Italia - LottoHoy","og_description":"Giocare al Superenalotto non potrebbe essere pi\u00f9 facile. Basta iscriversi, scegliere i numeri preferiti e diventare il prossimo milionario! ??","og_url":"https:\/\/lottohoy.com\/it\/gioca\/giocare-al-superenalotto\/","og_site_name":"Lottohoy","twitter_card":"summary_large_image","twitter_misc":{"Tempo di lettura stimato":"2 minuti"},"schema":{"@context":"https:\/\/schema.org","@graph":[{"@type":"WebPage","@id":"https:\/\/lottohoy.com\/it\/gioca\/giocare-al-superenalotto\/","url":"https:\/\/lottohoy.com\/it\/gioca\/giocare-al-superenalotto\/","name":"Gioca al SuperEnalotto online - La pi\u00f9 grande lotteria d'Italia - LottoHoy","isPartOf":{"@id":"https:\/\/lottohoy.com\/it\/#website"},"datePublished":"2018-05-03T13:23:27+00:00","dateModified":"2018-05-03T13:23:27+00:00","description":"Giocare al Superenalotto non potrebbe essere pi\u00f9 facile. Basta iscriversi, scegliere i numeri preferiti e diventare il prossimo milionario! ??","breadcrumb":{"@id":"https:\/\/lottohoy.com\/it\/gioca\/giocare-al-superenalotto\/#breadcrumb"},"inLanguage":"it-IT","potentialAction":[{"@type":"ReadAction","target":["https:\/\/lottohoy.com\/it\/gioca\/giocare-al-superenalotto\/"]}]},{"@type":"BreadcrumbList","@id":"https:\/\/lottohoy.com\/it\/gioca\/giocare-al-superenalotto\/#breadcrumb","itemListElement":[{"@type":"ListItem","position":1,"name":"Home","item":"https:\/\/lottohoy.com\/it\/"},{"@type":"ListItem","position":2,"name":"Gioca alla lotteria online","item":"https:\/\/lottohoy.com\/it\/gioca\/"},{"@type":"ListItem","position":3,"name":"Giocare al SuperEnalotto"}]},{"@type":"WebSite","@id":"https:\/\/lottohoy.com\/it\/#website","url":"https:\/\/lottohoy.com\/it\/","name":"Lottohoy","description":"","potentialAction":[{"@type":"SearchAction","target":{"@type":"EntryPoint","urlTemplate":"https:\/\/lottohoy.com\/it\/?s={search_term_string}"},"query-input":{"@type":"PropertyValueSpecification","valueRequired":true,"valueName":"search_term_string"}}],"inLanguage":"it-IT"}]}},"_links":{"self":[{"href":"https:\/\/lottohoy.com\/it\/wp-json\/wp\/v2\/pages\/16662","targetHints":{"allow":["GET"]}}],"collection":[{"href":"https:\/\/lottohoy.com\/it\/wp-json\/wp\/v2\/pages"}],"about":[{"href":"https:\/\/lottohoy.com\/it\/wp-json\/wp\/v2\/types\/page"}],"author":[{"embeddable":true,"href":"https:\/\/lottohoy.com\/it\/wp-json\/wp\/v2\/users\/2"}],"replies":[{"embeddable":true,"href":"https:\/\/lottohoy.com\/it\/wp-json\/wp\/v2\/comments?post=16662"}],"version-history":[{"count":0,"href":"https:\/\/lottohoy.com\/it\/wp-json\/wp\/v2\/pages\/16662\/revisions"}],"up":[{"embeddable":true,"href":"https:\/\/lottohoy.com\/it\/wp-json\/wp\/v2\/pages\/16587"}],"wp:attachment":[{"href":"https:\/\/lottohoy.com\/it\/wp-json\/wp\/v2\/media?parent=16662"}],"curies":[{"name":"wp","href":"https:\/\/api.w.org\/{rel}","templated":true}]}}