{"id":16654,"date":"2018-05-03T14:23:25","date_gmt":"2018-05-03T13:23:25","guid":{"rendered":"https:\/\/lottohoy.com\/gioca\/giocare-alleurojackpot\/"},"modified":"2018-05-03T14:23:25","modified_gmt":"2018-05-03T13:23:25","slug":"giocare-alleurojackpot","status":"publish","type":"page","link":"https:\/\/lottohoy.com\/it\/gioca\/giocare-alleurojackpot\/","title":{"rendered":"Giocare all&#8217;Eurojackpot"},"content":{"rendered":"<h2><b><strong>Come si gioca all&#8217;Eurojackpot?<\/strong><\/b><\/h2>\n<p>La lotteria <b>Eurojackpot<\/b> \u00e8 una delle pi\u00f9 grandi d&#8217;Europa ed \u00e8 molto simile alla lotteria <a href=\"https:\/\/lottohoy.com\/play\/euromillions\/\"><b>EuroMillions<\/b><\/a>. Consiste nello scegliere almeno 5 numeri, da 1 a 50. Inoltre, nella seconda parte del biglietto, sono necessari altri 2 numeri, chiamati \u201csoli\u201d, da 1 a 12. Pi\u00f9 numeri e soles indovini, <b>maggiore sar\u00e0 il premio che vincerai<\/b>. Il primo premio di categoria viene assegnato al biglietto con cinque numeri e due soles (<a href=\"https:\/\/lottohoy.com\/jackpots\/\"><b>il jackpot<\/b><\/a>), e poi ci sono altre 11 categorie di premi inferiori. <b>L&#8217;Eurojackpot<\/b> \u00e8 una lotteria europea a cui partecipano 18 paesi: Germania, Croazia, Danimarca, Slovacchia, Slovenia, Spagna, Estonia, Finlandia, Ungheria, Italia, Islanda, Lituania, Lettonia, Norvegia, Paesi Bassi, Polonia, Repubblica Ceca e Svezia. E ora tutti i giocatori possono giocare da casa.<\/p>\n<h2><b><strong>Quanto costano i biglietti dell&#8217;Eurojackpot?<\/strong><\/b><\/h2>\n<p>Puoi acquistare i biglietti per <b>giocare all&#8217;Eurojackpot online<\/b> a partire da <b>3,95 \u20ac<\/b> a biglietto. Su LottoHoy offriamo il miglior prezzo su Internet per giocare sulla piattaforma pi\u00f9 sicura. <a href=\"https:\/\/lottohoy.com\/signup\/\"><b>Apri il tuo conto<\/b><\/a> ora e inizia ad acquistare i biglietti ufficiali della lotteria e a giocare all&#8217;Eurojackpot.<\/p>\n<h2><b><strong>Come vincere all&#8217;Eurojackpot<\/strong><\/b><\/h2>\n<p>Non esiste una strategia che possa garantire che sarai il prossimo vincitore dell&#8217;Eurojackpot. Detto questo, puoi seguire alcuni semplici consigli che aumenteranno le tue probabilit\u00e0 di vincere e di centrare una delle categorie di premi:<\/p>\n<ul>\n<li style=\"list-style-type: none;\">\n<ul>\n<li><b>Mescola numeri pari e dispari<\/b>: tutte le combinazioni di numeri pari o dispari vengono estratte raramente, statisticamente meno del 3%.<\/li>\n<\/ul>\n<\/li>\n<\/ul>\n<ul>\n<li style=\"list-style-type: none;\">\n<ul>\n<li><b>Gruppi di numeri della lotteria<\/b>: Evita di selezionare tutti i numeri appartenenti allo stesso gruppo (i 20, i 30\u2026). Puoi anche controllare il gruppo che \u00e8 stato estratto pi\u00f9 spesso.<\/li>\n<\/ul>\n<\/li>\n<\/ul>\n<ul>\n<li style=\"list-style-type: none;\">\n<ul>\n<li>Controlla i <b>numeri pi\u00f9 frequenti<\/b>: Puoi controllare la nostra pagina dei <a href=\"https:\/\/lottohoy.com\/results\/eurojackpot\/\"><b>risultati dell&#8217;Eurojackpot<\/b><\/a> ed estrarre l&#8217;elenco dei numeri che sono stati estratti pi\u00f9 spesso.<\/li>\n<li><b>Somma dei numeri<\/b>: dopo aver scelto i cinque numeri, assicurati di sommarli e che la somma di tutti sia compresa tra 90 e 160. Il settanta per cento delle combinazioni vincenti rientra in questo intervallo.<\/li>\n<\/ul>\n<\/li>\n<\/ul>\n<ul>\n<li style=\"list-style-type: none;\">\n<ul>\n<li><b>Mescola numeri alti e bassi<\/b>: il sessantaquattro per cento delle combinazioni vincenti ha un mix tra due numeri bassi e tre numeri alti, o viceversa.<\/li>\n<li>Cerca le combinazioni consecutive pi\u00f9 comuni e le combinazioni non consecutive pi\u00f9 comuni.<\/li>\n<\/ul>\n<\/li>\n<\/ul>\n<h2><b><strong>Gioca all&#8217;Eurojackpot online<\/strong><\/b><\/h2>\n<p>Fare una <b>scommessa all&#8217;estrazione dell&#8217;Eurojackpot<\/b> \u00e8 molto semplice. Basta selezionare i cinque numeri preferiti tra 1 e 50 e gli altri due numeri tra 1 e 12 (chiamati \u201csoli\u201d). Nella <a href=\"https:\/\/lottohoy.com\/play\/eurojackpot\/\"><b>pagina di gioco dell&#8217;Eurojackpot<\/b><\/a>, abbiamo cinque colonne iniziali per riga (espandibili fino a otto, tramite l&#8217;opzione PI\u00d9 RIGHE).<\/p>\n<p>Livello #x + x Premio appross.<\/p>\n<p>I 5+2 Jackpot<\/p>\n<p>II 5+1 811.146\u20ac<\/p>\n<p>III 5+0 150.558\u20ac<\/p>\n<p>IV 4+2 4.733\u20ac<\/p>\n<p>V 4+1 249\u20ac<\/p>\n<p>VI 4+0 111\u20ac<\/p>\n<p>VII 3+2 61\u20ac<\/p>\n<p>VIII 2+2 22\u20ac<\/p>\n<p>IX 3+1 18\u20ac<\/p>\n<p>X 3+0 15\u20ac<\/p>\n<p>XI 1+2 10\u20ac<\/p>\n<p>XII 2+1 8\u20ac<\/p>\n<p>Puoi selezionare i numeri della tua combinazione <b>manualmente o lasciare che il sistema li scelga casualmente,<\/b> utilizzando la funzione rapida che abbiamo sviluppato. Se selezioni solo una colonna giocherai una singola partita, quindi ricordati di giocare tutte le colonne che vuoi. Ora puoi anche scegliere quante estrazioni vuoi giocare, da 1 a 16, in modo da non perdere nessuna possibilit\u00e0 di vincere uno dei pi\u00f9 grandi jackpot delle lotterie europee. Una volta selezionata la colonna o le colonne a cui vuoi partecipare, devi semplicemente <b>fare clic su continua<\/b> e procedere al pagamento dei tuoi biglietti Eurojackpot.<\/p>\n<h3>Scommesse multiple all&#8217;Eurojackpot<\/h3>\n<p>A differenza della scommessa semplice, in cui vengono contrassegnati 5 + 2 numeri in ciascuna delle colonne o dei biglietti in cui si desidera giocare, nella scommessa multipla verr\u00e0 utilizzata solo la prima colonna del biglietto e verranno contrassegnati 5, 6, 7, 8, 9 o 10 numeri nelle caselle tra 1 e 50 della matrice principale. \u00c8 anche possibile segnare 2, 3, 4 o 5 numeri nella prima colonna, ma dalla matrice secondaria, i soli. La tabella seguente mostra le combinazioni possibili e le scommesse totali che compongono ogni combinazione di numeri e soli.<\/p>\n<p>Stelle Numeri<\/p>\n<p>5 6 7 8 9 10<\/p>\n<p>2 \u2013 6 21 56 126 252<\/p>\n<p>3 3 18 63 168 378 756<\/p>\n<p>4 6 36 126 336 756 1.512<\/p>\n<p>5 10 60 210 560 1.260 2.520<\/p>\n<h1><b><strong>Jackpot dell&#8217;Eurojackpot<\/strong><\/b><\/h1>\n<p>Il gioco della lotteria Eurojackpot stabilisce un jackpot minimo di 10 milioni di euro per il pagamento dei premi di prima categoria. Allo stesso modo, il regolamento indica che il premio per la prima categoria con jackpot accumulati non pu\u00f2 superare i 120 milioni di euro. Se questo importo viene superato in un&#8217;estrazione, l&#8217;importo eccedente sar\u00e0 utilizzato per aumentare il premio alla seconda categoria di premi. Se in 12 estrazioni consecutive non c&#8217;\u00e8 un vincitore di prima categoria, nell&#8217;estrazione successiva il jackpot totale accumulato fino a quella data sar\u00e0 distribuito obbligatoriamente. Il primo jackpot dell&#8217;Eurojackpot \u00e8 stato vinto da un cittadino tedesco l&#8217;11 maggio 2012, portandosi a casa la bella somma di 19,2 milioni di euro.<\/p>\n<p>* Venerd\u00ec, 6 dicembre 2024 \u20ac120.000.000 * Marted\u00ec 4 giugno 2024 \u20ac120.000.000 * Marted\u00ec 23 aprile 2024 \u20ac120.000.000 * Marted\u00ec 16 gennaio 2024 \u20ac120.000.000 * Venerd\u00ec 23 giugno 2023 \u20ac120.000.000 * Marted\u00ec 8 novembre 2022 \u20ac120.000.000 * Venerd\u00ec 22 luglio 2022 \u20ac120.000.000 * Venerd\u00ec 13 agosto 2021 \u20ac90.000.000<\/p>\n<p>Di seguito sono riportati alcuni dei pi\u00f9 grandi jackpot della lotteria assegnati dall&#8217;Eurojackpot: E anche i giocatori di Argentina, Brasile, Cile, Costa Rica, El Salvador, Honduras, Panama, Paraguay, Per\u00f9, Uruguay, Venezuela&#8230; fanno gi\u00e0 parte della famiglia LottoHoy.com. I nostri servizi sono a disposizione dei giocatori dell&#8217;America Latina, per offrire loro la possibilit\u00e0 di partecipare a varie lotterie mondiali, e anche alla lotteria Eurojackpot. Ora puoi acquistare i biglietti e giocare online all&#8217;Eurojackpot, essere uno dei vincitori e ottenere milioni di euro con il jackpot.<\/p>\n","protected":false},"excerpt":{"rendered":"<p>Come si gioca all&#8217;Eurojackpot? La lotteria Eurojackpot \u00e8 una delle pi\u00f9 grandi d&#8217;Europa ed \u00e8 molto simile alla lotteria EuroMillions. Consiste nello scegliere almeno 5 numeri, da 1 a 50. Inoltre, nella seconda parte del biglietto, sono necessari altri 2 numeri, chiamati \u201csoli\u201d, da 1 a 12. Pi\u00f9 numeri e soles indovini, maggiore sar\u00e0 il [&hellip;]<\/p>\n","protected":false},"author":2,"featured_media":0,"parent":16587,"menu_order":4,"comment_status":"closed","ping_status":"closed","template":"eurojackpot.php","meta":{"_et_pb_use_builder":"","_et_pb_old_content":"","_et_gb_content_width":"","exclude_from_search":false,"footnotes":""},"class_list":["post-16654","page","type-page","status-publish","hentry"],"yoast_head":"<!-- This site is optimized with the Yoast SEO plugin v23.7 - https:\/\/yoast.com\/wordpress\/plugins\/seo\/ -->\n<title>Eurojackpot - Gioca all&#039;Eurojackpot online - Facile e veloce!<\/title>\n<meta name=\"description\" content=\"Scegli almeno 5 numeri e due \u201csoli\u201d e ottieni il tuo biglietto per la prossima estrazione dell&#039;Eurojackpot. Potresti vincere fantastici premi!\" \/>\n<meta name=\"robots\" content=\"index, follow, max-snippet:-1, max-image-preview:large, max-video-preview:-1\" \/>\n<link rel=\"canonical\" href=\"https:\/\/lottohoy.com\/it\/gioca\/giocare-alleurojackpot\/\" \/>\n<meta property=\"og:locale\" content=\"it_IT\" \/>\n<meta property=\"og:type\" content=\"article\" \/>\n<meta property=\"og:title\" content=\"Eurojackpot - Gioca all&#039;Eurojackpot online - Facile e veloce!\" \/>\n<meta property=\"og:description\" content=\"Scegli almeno 5 numeri e due \u201csoli\u201d e ottieni il tuo biglietto per la prossima estrazione dell&#039;Eurojackpot. Potresti vincere fantastici premi!\" \/>\n<meta property=\"og:url\" content=\"https:\/\/lottohoy.com\/it\/gioca\/giocare-alleurojackpot\/\" \/>\n<meta property=\"og:site_name\" content=\"Lottohoy\" \/>\n<meta name=\"twitter:card\" content=\"summary_large_image\" \/>\n<meta name=\"twitter:label1\" content=\"Tempo di lettura stimato\" \/>\n\t<meta name=\"twitter:data1\" content=\"4 minuti\" \/>\n<script type=\"application\/ld+json\" class=\"yoast-schema-graph\">{\"@context\":\"https:\/\/schema.org\",\"@graph\":[{\"@type\":\"WebPage\",\"@id\":\"https:\/\/lottohoy.com\/it\/gioca\/giocare-alleurojackpot\/\",\"url\":\"https:\/\/lottohoy.com\/it\/gioca\/giocare-alleurojackpot\/\",\"name\":\"Eurojackpot - Gioca all'Eurojackpot online - Facile e veloce!\",\"isPartOf\":{\"@id\":\"https:\/\/lottohoy.com\/it\/#website\"},\"datePublished\":\"2018-05-03T13:23:25+00:00\",\"dateModified\":\"2018-05-03T13:23:25+00:00\",\"description\":\"Scegli almeno 5 numeri e due \u201csoli\u201d e ottieni il tuo biglietto per la prossima estrazione dell'Eurojackpot. Potresti vincere fantastici premi!\",\"breadcrumb\":{\"@id\":\"https:\/\/lottohoy.com\/it\/gioca\/giocare-alleurojackpot\/#breadcrumb\"},\"inLanguage\":\"it-IT\",\"potentialAction\":[{\"@type\":\"ReadAction\",\"target\":[\"https:\/\/lottohoy.com\/it\/gioca\/giocare-alleurojackpot\/\"]}]},{\"@type\":\"BreadcrumbList\",\"@id\":\"https:\/\/lottohoy.com\/it\/gioca\/giocare-alleurojackpot\/#breadcrumb\",\"itemListElement\":[{\"@type\":\"ListItem\",\"position\":1,\"name\":\"Home\",\"item\":\"https:\/\/lottohoy.com\/it\/\"},{\"@type\":\"ListItem\",\"position\":2,\"name\":\"Gioca alla lotteria online\",\"item\":\"https:\/\/lottohoy.com\/it\/gioca\/\"},{\"@type\":\"ListItem\",\"position\":3,\"name\":\"Giocare all&#8217;Eurojackpot\"}]},{\"@type\":\"WebSite\",\"@id\":\"https:\/\/lottohoy.com\/it\/#website\",\"url\":\"https:\/\/lottohoy.com\/it\/\",\"name\":\"Lottohoy\",\"description\":\"\",\"potentialAction\":[{\"@type\":\"SearchAction\",\"target\":{\"@type\":\"EntryPoint\",\"urlTemplate\":\"https:\/\/lottohoy.com\/it\/?s={search_term_string}\"},\"query-input\":{\"@type\":\"PropertyValueSpecification\",\"valueRequired\":true,\"valueName\":\"search_term_string\"}}],\"inLanguage\":\"it-IT\"}]}<\/script>\n<!-- \/ Yoast SEO plugin. -->","yoast_head_json":{"title":"Eurojackpot - Gioca all'Eurojackpot online - Facile e veloce!","description":"Scegli almeno 5 numeri e due \u201csoli\u201d e ottieni il tuo biglietto per la prossima estrazione dell'Eurojackpot. Potresti vincere fantastici premi!","robots":{"index":"index","follow":"follow","max-snippet":"max-snippet:-1","max-image-preview":"max-image-preview:large","max-video-preview":"max-video-preview:-1"},"canonical":"https:\/\/lottohoy.com\/it\/gioca\/giocare-alleurojackpot\/","og_locale":"it_IT","og_type":"article","og_title":"Eurojackpot - Gioca all'Eurojackpot online - Facile e veloce!","og_description":"Scegli almeno 5 numeri e due \u201csoli\u201d e ottieni il tuo biglietto per la prossima estrazione dell'Eurojackpot. Potresti vincere fantastici premi!","og_url":"https:\/\/lottohoy.com\/it\/gioca\/giocare-alleurojackpot\/","og_site_name":"Lottohoy","twitter_card":"summary_large_image","twitter_misc":{"Tempo di lettura stimato":"4 minuti"},"schema":{"@context":"https:\/\/schema.org","@graph":[{"@type":"WebPage","@id":"https:\/\/lottohoy.com\/it\/gioca\/giocare-alleurojackpot\/","url":"https:\/\/lottohoy.com\/it\/gioca\/giocare-alleurojackpot\/","name":"Eurojackpot - Gioca all'Eurojackpot online - Facile e veloce!","isPartOf":{"@id":"https:\/\/lottohoy.com\/it\/#website"},"datePublished":"2018-05-03T13:23:25+00:00","dateModified":"2018-05-03T13:23:25+00:00","description":"Scegli almeno 5 numeri e due \u201csoli\u201d e ottieni il tuo biglietto per la prossima estrazione dell'Eurojackpot. Potresti vincere fantastici premi!","breadcrumb":{"@id":"https:\/\/lottohoy.com\/it\/gioca\/giocare-alleurojackpot\/#breadcrumb"},"inLanguage":"it-IT","potentialAction":[{"@type":"ReadAction","target":["https:\/\/lottohoy.com\/it\/gioca\/giocare-alleurojackpot\/"]}]},{"@type":"BreadcrumbList","@id":"https:\/\/lottohoy.com\/it\/gioca\/giocare-alleurojackpot\/#breadcrumb","itemListElement":[{"@type":"ListItem","position":1,"name":"Home","item":"https:\/\/lottohoy.com\/it\/"},{"@type":"ListItem","position":2,"name":"Gioca alla lotteria online","item":"https:\/\/lottohoy.com\/it\/gioca\/"},{"@type":"ListItem","position":3,"name":"Giocare all&#8217;Eurojackpot"}]},{"@type":"WebSite","@id":"https:\/\/lottohoy.com\/it\/#website","url":"https:\/\/lottohoy.com\/it\/","name":"Lottohoy","description":"","potentialAction":[{"@type":"SearchAction","target":{"@type":"EntryPoint","urlTemplate":"https:\/\/lottohoy.com\/it\/?s={search_term_string}"},"query-input":{"@type":"PropertyValueSpecification","valueRequired":true,"valueName":"search_term_string"}}],"inLanguage":"it-IT"}]}},"_links":{"self":[{"href":"https:\/\/lottohoy.com\/it\/wp-json\/wp\/v2\/pages\/16654","targetHints":{"allow":["GET"]}}],"collection":[{"href":"https:\/\/lottohoy.com\/it\/wp-json\/wp\/v2\/pages"}],"about":[{"href":"https:\/\/lottohoy.com\/it\/wp-json\/wp\/v2\/types\/page"}],"author":[{"embeddable":true,"href":"https:\/\/lottohoy.com\/it\/wp-json\/wp\/v2\/users\/2"}],"replies":[{"embeddable":true,"href":"https:\/\/lottohoy.com\/it\/wp-json\/wp\/v2\/comments?post=16654"}],"version-history":[{"count":0,"href":"https:\/\/lottohoy.com\/it\/wp-json\/wp\/v2\/pages\/16654\/revisions"}],"up":[{"embeddable":true,"href":"https:\/\/lottohoy.com\/it\/wp-json\/wp\/v2\/pages\/16587"}],"wp:attachment":[{"href":"https:\/\/lottohoy.com\/it\/wp-json\/wp\/v2\/media?parent=16654"}],"curies":[{"name":"wp","href":"https:\/\/api.w.org\/{rel}","templated":true}]}}