{"id":16640,"date":"2024-11-04T05:24:53","date_gmt":"2024-11-04T05:24:53","guid":{"rendered":"https:\/\/lottohoy.com\/politica-sulla-riservatezza\/"},"modified":"2024-11-04T05:24:53","modified_gmt":"2024-11-04T05:24:53","slug":"politica-sulla-riservatezza","status":"publish","type":"page","link":"https:\/\/lottohoy.com\/it\/politica-sulla-riservatezza\/","title":{"rendered":"Politica sulla riservatezza"},"content":{"rendered":"<p>L&#8217;Informativa sulla privacy di Lottohoy (di seguito denominata Informativa sulla privacy) si applica al sito web lottohoy.com (di seguito denominato Sito web) gestito da LLL World Marketing Limited, Peiraios 30, 1\u00b0 piano, ufficio 1, 2023 Strovolos, Nicosia \u2013 Cipro. Utilizzando il nostro Sito web, l&#8217;utente accetta la seguente Informativa sulla privacy e le nostre Condizioni d&#8217;uso.<\/p>\n<h2>Le informazioni che raccogliamo<\/h2>\n<p>Quando utilizzi il sito web, raccogliamo le seguenti informazioni:<\/p>\n<h2>Informazioni raccolte apertamente da te<\/h2>\n<p>Quando crei un account utente, fornisci il tuo indirizzo e-mail da utilizzare per identificare in modo univoco il tuo account ed eseguire la sua attivazione facoltativa. L&#8217;indirizzo e-mail viene utilizzato anche per consentire al promemoria della password di svolgere la sua funzione.<\/p>\n<p>Potremmo anche utilizzare il tuo indirizzo e-mail e il tuo numero di telefono per inviare notifiche sul funzionamento del sito web (comprese le notifiche richieste dalla legge), notizie sul sito web, informazioni su prodotti e servizi inclusi nel sito web, nonch\u00e9 per altri scopi di marketing, compresi prodotti o servizi di terzi che potrebbero interessarti (di seguito denominate Notifiche). Puoi interrompere la ricezione di notifiche di marketing in qualsiasi momento utilizzando il link di cancellazione incluso in ogni messaggio e-mail che inviamo o contattandoci tramite i mezzi di contatto disponibili: e-mail, telefono o modulo di contatto.<\/p>\n<p>Dopo aver creato un account, \u00e8 possibile completare il proprio profilo con i seguenti dati: nome, cognome, indirizzo di residenza, data di nascita, numero di telefono e fuso orario. Queste informazioni vengono utilizzate per migliorare il processo di pagamento, deposito e prelievo, per la personalizzazione del sito web (comprese le notifiche), nonch\u00e9 per gestire le vincite superiori a 2500 USD in conformit\u00e0 con il paragrafo 3.5 delle Condizioni d&#8217;uso.<\/p>\n<p>Potremmo anche tenere un registro dei dati che ci vengono forniti volontariamente per contattarci tramite il modulo di contatto, una conversazione telefonica, un messaggio postale, Facebook, Twitter o altri mezzi di contatto, compresi nome, indirizzo e-mail, numero di telefono e indirizzo postale. Fornire il proprio nome e indirizzo e-mail \u00e8 necessario per inviare un messaggio tramite il modulo di contatto.<\/p>\n<p>Il contatto con noi attraverso i social media come Facebook o Twitter non deve essere considerato ufficiale. Ci riserviamo il diritto di non rispondere ai messaggi inviati attraverso questo mezzo di contatto, informandovi che faremo del nostro meglio per rispondere. Per ottenere informazioni dettagliate sui dati raccolti dai social media sopra menzionati, \u00e8 necessario prendere visione dei seguenti documenti:<\/p>\n<p>Facebook: informativa sulla privacy e termini e condizioni;<\/p>\n<p>Twitter: informativa sulla privacy e termini di servizio.<\/p>\n<p>Elaboriamo inoltre i dati delle carte di pagamento (numero, data di scadenza, nome e cognome del titolare, codice CVV) per eseguire il processo di pagamento con carta di credito \u2013 <a href=\"https:\/\/lottohoy.xyz\/terms-and-conditions\/\">ulteriori informazioni<\/a>.<\/p>\n<h2>Non raccolti apertamente<\/h2>\n<p>Quando utilizzi il sito web, raccogliamo automaticamente informazioni specifiche e le utilizziamo per gestire le principali funzionalit\u00e0 del sito web, personalizzarlo (comprese le notifiche), monitorare il traffico in entrata e mantenere la sicurezza. Queste includono, tra le altre:<\/p>\n<p>&#8211; indirizzo IP;<\/p>\n<p>&#8211; intestazioni inviate dal browser, in particolare \u201cUser-Agent\u201d, \u201cAccept-Language\u201d e \u201cReferer\u201d che contengono informazioni quali tipo, versione e lingua del browser, tipo e versione del sistema operativo e l&#8217;indirizzo web attraverso il quale \u00e8 stato trovato il sito web;<\/p>\n<p>&#8211; ora di sistema;<\/p>\n<p>&#8211; richieste HTTP;<\/p>\n<p>&#8211; file cookie salvati nel dominio redfoxlotto.com o sottodomini.<\/p>\n<p>Potremmo anche utilizzare l&#8217;indirizzo IP per raccogliere ed elaborare informazioni sulla tua posizione effettiva per migliorare il processo di aggiornamento dei dati e personalizzare il sito web (comprese le notifiche).<\/p>\n<p>Alcuni dei dati resi automaticamente disponibili dai browser web sono memorizzati nei log del server, comprese le richieste HTTP complete, l&#8217;ora del loro arrivo, l&#8217;indirizzo IP e gli indirizzi URL relativi a una richiesta.<\/p>\n<p>Il funzionamento del sito web utilizza la cache del browser. Ci\u00f2 consente di ottimizzare i tempi di caricamento del sito web e di semplificarne l&#8217;utilizzo, memorizzando i dati tra una sessione e l&#8217;altra anche dopo il riavvio del browser.<\/p>\n<p>Le informazioni non raccolte apertamente includono, tra l&#8217;altro, i seguenti dati utilizzati per gestire e migliorare il processo di pagamento:<\/p>\n<p>&#8211; indirizzo e-mail, dati personali (nome, cognome, indirizzo, informazioni di contatto) e ID transazione per effettuare i pagamenti; con il tuo esplicito consenso memorizziamo anche i dati non sensibili delle carte di pagamento che utilizzi per effettuare ulteriori pagamenti pi\u00f9 velocemente; &#8211; indirizzo e-mail, data, stato, importo e ID transazione utilizzati o generati per effettuare pagamenti su tpay.com;<\/p>\n<p>&#8211; indirizzo e-mail, ID account utente, stato, importo e ID transazione utilizzati o generati per effettuare pagamenti Skrill;<\/p>\n<p>&#8211; indirizzo e-mail, ID account utente, dati personali (nome, cognome, indirizzo, data di nascita, sesso, informazioni di contatto, saldo del conto, lingua del conto e valuta) e dati di fatturazione utilizzati o generati per effettuare pagamenti Neteller;<\/p>\n<p>&#8211; indirizzo bitcoin di destinazione e ID transazione utilizzati o generati per effettuare pagamenti;<\/p>\n<p>&#8211; indirizzo e-mail, telefono, paese e ID transazione utilizzati o generati per effettuare pagamenti Sofort.<\/p>\n<p>Per ottenere maggiori informazioni sui dati raccolti durante i pagamenti vi invitiamo a prendere visione delle informative sulla privacy dei diversi gateway di pagamento (<a href=\"https:\/\/lottohoy.xyz\/terms-and-conditions\/\">ulteriori informazioni<\/a>).<\/p>\n<p>Le informazioni non raccolte apertamente vengono utilizzate anche da servizi di terze parti (<a href=\"https:\/\/lottohoy.xyz\/terms-and-conditions\/\">ulteriori informazioni<\/a>).<\/p>\n<h2>Servizi di terze parti<\/h2>\n<p>Statistiche, pubblicit\u00e0 e sicurezza<\/p>\n<p>Per gestire la sicurezza del sito web, nonch\u00e9 per raccogliere e analizzare informazioni sul suo funzionamento, utilizziamo i seguenti servizi di terze parti:<\/p>\n<p>Google Analytics: per monitorare il traffico e mantenere statistiche dettagliate che ci consentono di identificare le fonti delle visite e analizzare il funzionamento del sito web;<\/p>\n<p>Google reCAPTCHA: per migliorare la sicurezza del sito web proteggendolo dagli script automatici;<\/p>\n<p>Facebook Pixel: per monitorare il traffico e mantenere statistiche dettagliate che ci consentono di creare campagne pubblicitarie migliori.<\/p>\n<p>I servizi di cui sopra raccolgono e utilizzano informazioni per funzionare correttamente. Per ottenere informazioni sui dati raccolti dai servizi di Google, vi invitiamo a prendere visione dei termini di servizio di Google e dell&#8217;informativa sulla privacy di Google. Per ottenere informazioni sui dati raccolti dai servizi di Facebook, vi invitiamo a prendere visione delle politiche di Facebook.<\/p>\n<h2>Pagamenti<\/h2>\n<p>Non memorizziamo dati dettagliati sulle carte di pagamento nei nostri database. Per memorizzare i dati delle carte di pagamento, utilizziamo gateway di pagamento di terze parti conformi ai requisiti degli standard di sicurezza PCI-DSS (Payment Card Industry Data Security Standard). I nostri database memorizzano solo i riferimenti alle carte di pagamento archiviate nei gateway di pagamento di terze parti. I riferimenti che memorizziamo contengono solo i dati non sensibili delle carte di pagamento: data di scadenza, nome e cognome del titolare e ultime quattro cifre del numero della carta. I dati delle carte di pagamento vengono utilizzati e memorizzati solo con il tuo esplicito consenso. Puoi cancellare i riferimenti alle carte di pagamento memorizzate in qualsiasi momento. I dati delle carte di pagamento vengono cancellati anche da un particolare gateway di pagamento di terze parti, a condizione che tale funzionalit\u00e0 sia disponibile. \u00c8 necessario ricordare che potrebbe non essere possibile cancellare completamente i dati a causa del modo in cui funziona un particolare gateway di pagamento. Informazioni dettagliate sul tipo di dati memorizzati dai gateway di pagamento che utilizziamo sono disponibili nelle politiche sulla privacy e nei termini di utilizzo dei diversi gateway di pagamento \u2013 saperne di pi\u00f9. La cancellazione dei dati memorizzati delle carte di pagamento non annuller\u00e0 le transazioni avviate.<\/p>\n<p>Per eseguire quanto sopra, elaboriamo i dati delle carte di pagamento forniti attraverso i moduli disponibili sul sito web. Tale operazione \u00e8 pienamente conforme ai requisiti PCI-DSS (Payment Card Industry Data Security Standard). Tutti i dati di pagamento forniti vengono inviati tramite una connessione SSL (Secure Socket Layer) crittografata.<\/p>\n<p>La informiamo che per proteggere i suoi dati adottiamo tutte le misure necessarie per assicurarci che i suoi dati non vengano accidentalmente persi, utilizzati in modo improprio, resi pubblici o in alcun modo modificati o distrutti. Li proteggiamo anche da accessi non autorizzati.<\/p>\n<p>Per ottenere informazioni dettagliate sui dati raccolti dai diversi gateway di pagamento \u00e8 necessario prendere visione dei relativi documenti forniti sui siti web di detti gateway di pagamento.<\/p>\n<h2>Dati condivisi<\/h2>\n<p>Non rendiamo i tuoi dati disponibili ad aziende, organizzazioni o altre terze parti con le seguenti eccezioni:<\/p>\n<p>&#8211; se abbiamo ricevuto il tuo esplicito consenso a renderli disponibili;<\/p>\n<p>&#8211; potremmo inviare i tuoi dati a entit\u00e0 fidate che li elaborano per le nostre esigenze e per scopi definiti esclusivamente da noi, mantenendo la massima riservatezza e sicurezza delle informazioni, in particolare le societ\u00e0 che fanno parte del nostro gruppo o i nostri partner commerciali;<\/p>\n<p>&#8211; quando lo riteniamo giustificato per rispettare la legge a cui siamo soggetti;<\/p>\n<p>&#8211; analizzare le violazioni della sicurezza del sito web, rilevare e prevenire le frodi e migliorare la sicurezza e altre questioni tecniche;<\/p>\n<p>&#8211; potremmo anche condividere dati che non possono essere utilizzati per identificare in modo inequivocabile un individuo per scopi come la visualizzazione delle ultime vincite o la pubblicazione di statistiche generali sull&#8217;utilizzo del sito web.<\/p>\n<h2>Sicurezza dei dati<\/h2>\n<p>Facciamo del nostro meglio per garantire che i vostri dati siano conservati in modo sicuro. In base alla nostra politica di sicurezza, non memorizziamo le password in testo normale. Utilizziamo gli standard e le raccomandazioni pi\u00f9 recenti per garantire che i dati e gli account dei nostri utenti siano completamente sicuri, tra cui:<\/p>\n<p>&#8211; aggiornamento regolare del server;<\/p>\n<p>&#8211; implementazione immediata degli aggiornamenti di sicurezza;<\/p>\n<p>&#8211; soddisfacimento di tutti i requisiti degli standard di sicurezza definiti da PCI-DSS per l&#8217;entit\u00e0 che elabora i dati delle carte di pagamento;<\/p>\n<p>&#8211; l&#8217;applicazione e l&#8217;utilizzo di connessioni sicure, ove possibile;<\/p>\n<p>&#8211; il controllo dei livelli di accesso ai dati che sono disponibili solo a persone, aziende o organizzazioni che hanno bisogno di accedervi; tali soggetti sono inoltre obbligati a mantenere la massima riservatezza o ad affrontare gravi conseguenze;<\/p>\n<p>&#8211; la protezione contro l&#8217;accesso non autorizzato, i blocchi automatici degli attacchi e il monitoraggio generale dell&#8217;attivit\u00e0 del sito web.<\/p>\n<h2>Cancellazione dei dati<\/h2>\n<p>L&#8217;eliminazione dei dati del tuo profilo non \u00e8 sinonimo di cancellazione completa dal nostro sistema. Tali dati potrebbero essere ancora conservati nei sistemi e nei file delle copie di backup per un massimo di un anno. Le copie di backup, a causa della loro importanza e sensibilit\u00e0, sono anche conservate su altri server di nostra propriet\u00e0 e gestiti da noi e da societ\u00e0 terze che gestiscono i nostri server in base ad accordi separati. I tuoi dati contenuti nelle copie di backup potrebbero essere utilizzati solo per ripristinarli in casi speciali che richiedono l&#8217;uso di copie di backup. Le modifiche ai dati del tuo profilo apportate tra la data di creazione di una copia di backup e la data di ripristino andranno perse, di ci\u00f2 sarai esplicitamente informato.<\/p>\n<p>Puoi cancellare il tuo account utente contattandoci per iscritto. I dati dell&#8217;account cancellato saranno conservati per evitare di perdere l&#8217;associazione tra l&#8217;account e le transazioni effettuate, nonch\u00e9 altre azioni da te eseguite nel sistema. Su tua esplicita richiesta, potremmo cancellare completamente i dati del tuo profilo dal sistema sostituendoli con dati anonimi, anche se non cancelleremo i dati relativi alle transazioni effettuate.<\/p>\n<h2>Limiti di et\u00e0<\/h2>\n<p>Il nostro sito web \u00e8 rivolto a persone di et\u00e0 superiore ai 18 anni. Non raccogliamo n\u00e9 utilizziamo mai deliberatamente i dati di persone che sappiamo non soddisfare i nostri criteri di et\u00e0. Ogni volta che notiamo che una persona di et\u00e0 inferiore ai 18 anni ha creato un account sul nostro sito web, facciamo del nostro meglio per cancellare i suoi dati dal nostro sistema.<\/p>\n<h2>Limitazioni dell&#8217;informativa sulla privacy<\/h2>\n<p>La presente Informativa sulla privacy non si applica ai servizi offerti dai nostri partner o da altre entit\u00e0 con pubblicit\u00e0 e\/o riferimenti al nostro sito web, n\u00e9 si applica ad altri siti web a cui il nostro sito web fa riferimento. \u00c8 necessario prendere visione separatamente delle loro informative sulla privacy e dei loro termini di utilizzo.<\/p>\n<h2>Informativa sui cookie<\/h2>\n<p>Per utilizzare le principali funzionalit\u00e0 del sito web \u00e8 necessario abilitare i cookie nel proprio browser web. Se lo si desidera, \u00e8 possibile impostare il browser in modo da non consentire i cookie, anche se ci\u00f2 render\u00e0 l&#8217;utilizzo del nostro sito web molto limitato.<\/p>\n<p>Per sapere come disabilitare i cookie, fare riferimento alla documentazione del proprio browser web.<\/p>\n<h2>Modifiche<\/h2>\n<p>Facciamo del nostro meglio per aggiornare costantemente la presente informativa sulla privacy. In caso di modifiche significative, in particolare quelle che comportano maggiori limitazioni all&#8217;accesso ai dati dell&#8217;utente o un ampliamento della portata della loro condivisione, comunicheremo le modifiche per via elettronica inviando un messaggio all&#8217;indirizzo e-mail dell&#8217;utente, sebbene ci riserviamo il diritto di apportare modifiche alla presente Informativa sulla privacy in modo completamente discreto, senza preavviso. \u00c8 esclusiva responsabilit\u00e0 dell&#8217;utente assicurarsi che non siano state apportate modifiche alla presente Informativa sulla privacy o alle Condizioni d&#8217;uso. Qualsiasi utilizzo del sito web dopo aver apportato modifiche alla politica sulla privacy o alle condizioni d&#8217;uso sar\u00e0 considerato come accettazione delle stesse. \u00c8 possibile rivedere i propri dati o cancellarli in qualsiasi momento in conformit\u00e0 e nell&#8217;ambito definito dalla presente politica sulla privacy.<\/p>\n<h3>Contatti<\/h3>\n<p>In caso di domande relative alla presente politica sulla privacy, contattarci tramite i mezzi di contatto disponibili (e-mail, modulo di contatto).<\/p>\n","protected":false},"excerpt":{"rendered":"<p>L&#8217;Informativa sulla privacy di Lottohoy (di seguito denominata Informativa sulla privacy) si applica al sito web lottohoy.com (di seguito denominato Sito web) gestito da LLL World Marketing Limited, Peiraios 30, 1\u00b0 piano, ufficio 1, 2023 Strovolos, Nicosia \u2013 Cipro. Utilizzando il nostro Sito web, l&#8217;utente accetta la seguente Informativa sulla privacy e le nostre Condizioni [&hellip;]<\/p>\n","protected":false},"author":1,"featured_media":0,"parent":0,"menu_order":0,"comment_status":"closed","ping_status":"closed","template":"","meta":{"_et_pb_use_builder":"","_et_pb_old_content":"","_et_gb_content_width":"","exclude_from_search":false,"footnotes":""},"class_list":["post-16640","page","type-page","status-publish","hentry"],"yoast_head":"<!-- This site is optimized with the Yoast SEO plugin v23.7 - https:\/\/yoast.com\/wordpress\/plugins\/seo\/ -->\n<title>Politica sulla riservatezza - Lottohoy<\/title>\n<meta name=\"robots\" content=\"index, follow, max-snippet:-1, max-image-preview:large, max-video-preview:-1\" \/>\n<link rel=\"canonical\" href=\"https:\/\/lottohoy.com\/it\/politica-sulla-riservatezza\/\" \/>\n<meta property=\"og:locale\" content=\"it_IT\" \/>\n<meta property=\"og:type\" content=\"article\" \/>\n<meta property=\"og:title\" content=\"Politica sulla riservatezza - Lottohoy\" \/>\n<meta property=\"og:description\" content=\"L&#8217;Informativa sulla privacy di Lottohoy (di seguito denominata Informativa sulla privacy) si applica al sito web lottohoy.com (di seguito denominato Sito web) gestito da LLL World Marketing Limited, Peiraios 30, 1\u00b0 piano, ufficio 1, 2023 Strovolos, Nicosia \u2013 Cipro. Utilizzando il nostro Sito web, l&#8217;utente accetta la seguente Informativa sulla privacy e le nostre Condizioni [&hellip;]\" \/>\n<meta property=\"og:url\" content=\"https:\/\/lottohoy.com\/it\/politica-sulla-riservatezza\/\" \/>\n<meta property=\"og:site_name\" content=\"Lottohoy\" \/>\n<meta name=\"twitter:card\" content=\"summary_large_image\" \/>\n<meta name=\"twitter:label1\" content=\"Tempo di lettura stimato\" \/>\n\t<meta name=\"twitter:data1\" content=\"11 minuti\" \/>\n<script type=\"application\/ld+json\" class=\"yoast-schema-graph\">{\"@context\":\"https:\/\/schema.org\",\"@graph\":[{\"@type\":\"WebPage\",\"@id\":\"https:\/\/lottohoy.com\/it\/politica-sulla-riservatezza\/\",\"url\":\"https:\/\/lottohoy.com\/it\/politica-sulla-riservatezza\/\",\"name\":\"Politica sulla riservatezza - Lottohoy\",\"isPartOf\":{\"@id\":\"https:\/\/lottohoy.com\/it\/#website\"},\"datePublished\":\"2024-11-04T05:24:53+00:00\",\"dateModified\":\"2024-11-04T05:24:53+00:00\",\"breadcrumb\":{\"@id\":\"https:\/\/lottohoy.com\/it\/politica-sulla-riservatezza\/#breadcrumb\"},\"inLanguage\":\"it-IT\",\"potentialAction\":[{\"@type\":\"ReadAction\",\"target\":[\"https:\/\/lottohoy.com\/it\/politica-sulla-riservatezza\/\"]}]},{\"@type\":\"BreadcrumbList\",\"@id\":\"https:\/\/lottohoy.com\/it\/politica-sulla-riservatezza\/#breadcrumb\",\"itemListElement\":[{\"@type\":\"ListItem\",\"position\":1,\"name\":\"Home\",\"item\":\"https:\/\/lottohoy.com\/it\/\"},{\"@type\":\"ListItem\",\"position\":2,\"name\":\"Politica sulla riservatezza\"}]},{\"@type\":\"WebSite\",\"@id\":\"https:\/\/lottohoy.com\/it\/#website\",\"url\":\"https:\/\/lottohoy.com\/it\/\",\"name\":\"Lottohoy\",\"description\":\"\",\"potentialAction\":[{\"@type\":\"SearchAction\",\"target\":{\"@type\":\"EntryPoint\",\"urlTemplate\":\"https:\/\/lottohoy.com\/it\/?s={search_term_string}\"},\"query-input\":{\"@type\":\"PropertyValueSpecification\",\"valueRequired\":true,\"valueName\":\"search_term_string\"}}],\"inLanguage\":\"it-IT\"}]}<\/script>\n<!-- \/ Yoast SEO plugin. -->","yoast_head_json":{"title":"Politica sulla riservatezza - Lottohoy","robots":{"index":"index","follow":"follow","max-snippet":"max-snippet:-1","max-image-preview":"max-image-preview:large","max-video-preview":"max-video-preview:-1"},"canonical":"https:\/\/lottohoy.com\/it\/politica-sulla-riservatezza\/","og_locale":"it_IT","og_type":"article","og_title":"Politica sulla riservatezza - Lottohoy","og_description":"L&#8217;Informativa sulla privacy di Lottohoy (di seguito denominata Informativa sulla privacy) si applica al sito web lottohoy.com (di seguito denominato Sito web) gestito da LLL World Marketing Limited, Peiraios 30, 1\u00b0 piano, ufficio 1, 2023 Strovolos, Nicosia \u2013 Cipro. Utilizzando il nostro Sito web, l&#8217;utente accetta la seguente Informativa sulla privacy e le nostre Condizioni [&hellip;]","og_url":"https:\/\/lottohoy.com\/it\/politica-sulla-riservatezza\/","og_site_name":"Lottohoy","twitter_card":"summary_large_image","twitter_misc":{"Tempo di lettura stimato":"11 minuti"},"schema":{"@context":"https:\/\/schema.org","@graph":[{"@type":"WebPage","@id":"https:\/\/lottohoy.com\/it\/politica-sulla-riservatezza\/","url":"https:\/\/lottohoy.com\/it\/politica-sulla-riservatezza\/","name":"Politica sulla riservatezza - Lottohoy","isPartOf":{"@id":"https:\/\/lottohoy.com\/it\/#website"},"datePublished":"2024-11-04T05:24:53+00:00","dateModified":"2024-11-04T05:24:53+00:00","breadcrumb":{"@id":"https:\/\/lottohoy.com\/it\/politica-sulla-riservatezza\/#breadcrumb"},"inLanguage":"it-IT","potentialAction":[{"@type":"ReadAction","target":["https:\/\/lottohoy.com\/it\/politica-sulla-riservatezza\/"]}]},{"@type":"BreadcrumbList","@id":"https:\/\/lottohoy.com\/it\/politica-sulla-riservatezza\/#breadcrumb","itemListElement":[{"@type":"ListItem","position":1,"name":"Home","item":"https:\/\/lottohoy.com\/it\/"},{"@type":"ListItem","position":2,"name":"Politica sulla riservatezza"}]},{"@type":"WebSite","@id":"https:\/\/lottohoy.com\/it\/#website","url":"https:\/\/lottohoy.com\/it\/","name":"Lottohoy","description":"","potentialAction":[{"@type":"SearchAction","target":{"@type":"EntryPoint","urlTemplate":"https:\/\/lottohoy.com\/it\/?s={search_term_string}"},"query-input":{"@type":"PropertyValueSpecification","valueRequired":true,"valueName":"search_term_string"}}],"inLanguage":"it-IT"}]}},"_links":{"self":[{"href":"https:\/\/lottohoy.com\/it\/wp-json\/wp\/v2\/pages\/16640","targetHints":{"allow":["GET"]}}],"collection":[{"href":"https:\/\/lottohoy.com\/it\/wp-json\/wp\/v2\/pages"}],"about":[{"href":"https:\/\/lottohoy.com\/it\/wp-json\/wp\/v2\/types\/page"}],"author":[{"embeddable":true,"href":"https:\/\/lottohoy.com\/it\/wp-json\/wp\/v2\/users\/1"}],"replies":[{"embeddable":true,"href":"https:\/\/lottohoy.com\/it\/wp-json\/wp\/v2\/comments?post=16640"}],"version-history":[{"count":0,"href":"https:\/\/lottohoy.com\/it\/wp-json\/wp\/v2\/pages\/16640\/revisions"}],"wp:attachment":[{"href":"https:\/\/lottohoy.com\/it\/wp-json\/wp\/v2\/media?parent=16640"}],"curies":[{"name":"wp","href":"https:\/\/api.w.org\/{rel}","templated":true}]}}