{"id":16633,"date":"2018-05-03T14:23:26","date_gmt":"2018-05-03T13:23:26","guid":{"rendered":"https:\/\/lottohoy.com\/gioca\/gioca-a-euromillions\/"},"modified":"2025-06-13T16:35:04","modified_gmt":"2025-06-13T15:35:04","slug":"gioca-a-euromillions","status":"publish","type":"page","link":"https:\/\/lottohoy.com\/it\/gioca\/gioca-a-euromillions\/","title":{"rendered":"Gioca a EuroMillions"},"content":{"rendered":"<h2>Gioca a Euromillions online<\/h2>\n<p>Euromillions \u00e8 la lotteria a cui gioca la maggior parte delle persone in Europa. \u00c8 organizzata dai nove enti responsabili delle lotterie in: Spagna (Lotteria di Stato e Gioco d&#8217;Azzardo), Francia (La Fran\u00e7aise des Jeux) e Regno Unito (Lotteria Nazionale), che sono stati i tre pionieri, a cui, pochi mesi dopo, si sono uniti: Austria, Belgio, Irlanda, Lussemburgo, Portogallo e Svizzera.<\/p>\n<p>\u00c8 chiaro che i tempi stanno avanzando e le nuove tecnologie facilitano molte pi\u00f9 attivit\u00e0 comode, che fanno risparmiare tempo e sono sicure. In questo senso, offriamo la possibilit\u00e0 di giocare alla lotteria Euromillions online tramite la nostra piattaforma, godendo dei vantaggi che ci\u00f2 comporta.<\/p>\n<p>Le probabilit\u00e0 di vincere qualsiasi premio acquistando il tuo biglietto Euromillions, compresi i grandi jackpot da milioni di euro, sono esattamente le stesse giocando online rispetto a farlo tramite un biglietto della lotteria fisico acquistato da un&#8217;amministrazione della lotteria autorizzata.<\/p>\n<h2>Come giocare a Euromillions online?<\/h2>\n<p>Giocare a Euromillions online \u00e8 davvero facile; basta creare un account utente su LottoHoy e avrai accesso a tutte le informazioni su riscossioni, pagamenti, abbonamenti, statistiche e potrai fare le tue scommesse Euromillions.<\/p>\n<p>In cima a questa sezione, vedrai una barra dei menu con quattro opzioni:<\/p>\n<p>Gioca a Euromillions: Sezione in cui puoi selezionare i tuoi numeri preferiti.<br \/>\nRisultati Euromillions: Con informazioni sull&#8217;ultima estrazione tenuta, la combinazione vincente e la distribuzione dei premi nelle varie categorie. Puoi anche accedere alle informazioni sulle estrazioni precedenti e agli importi dei loro premi.<br \/>\nInformazioni Euromillions: Tutte le informazioni relative a questo gioco, le categorie di premi, le percentuali di riscossione assegnate a ciascuna categoria e le possibilit\u00e0 di vincere l&#8217;estrazione in ciascuna categoria.<br \/>\nNotizie Euromillions: Tutto su questo tipo di lotteria.<\/p>\n<p>Di seguito \u00e8 riportata la prima riga di gioco, composta da cinque colonne (o biglietti). Puoi giocare una singola colonna o quante ne vuoi, puoi anche aggiungere pi\u00f9 righe se vuoi giocare pi\u00f9 numeri.<\/p>\n<p>Ogni biglietto dell&#8217;Euromillions costa 4,25 EURO ed \u00e8 numerato da 1 a 50, e appena sotto ci sono altre 12 caselle riservate alle stelle.<\/p>\n<p>Su queste tavole da 50 numeri e 12 stelle \u00e8 dove devi fare la tua previsione desiderata, partendo dalla base dove devi contrassegnare cinque caselle o numeri e due stelle per una mossa semplice.<br \/>\nIl sistema ci consente di riempire queste caselle manualmente con i tuoi numeri preferiti, oppure tramite l&#8217;opzione di selezione rapida che appare sopra ogni tavola. In questo modo, il sistema stesso sceglie casualmente la combinazione con cui giocherai.<\/p>\n<p>Come sai, questa \u00e8 la lotteria pi\u00f9 grande d&#8217;Europa e quella che distribuisce pi\u00f9 premi. Pertanto, \u00e8 importante conoscere i diversi tipi di scommesse Euromillions che puoi fare per aumentare le tue possibilit\u00e0 di vincere il premio pi\u00f9 grande.<br \/>\nEsistono diverse modalit\u00e0 di gioco:<\/p>\n<h2>Scommessa Euromillions semplice<\/h2>\n<p>La scommessa semplice consiste nell&#8217;utilizzare ogni tavola o colonna in modo unitario per piazzare una scommessa. \u00c8 semplicemente necessario contrassegnare cinque quadrati o numeri e due stelle.<br \/>\nPuoi riempire quante colonne o biglietti vuoi per piazzare le tue scommesse. Inoltre, hai la possibilit\u00e0 di aggiungere pi\u00f9 linee. La semplice impostazione di Euromillions costa 4,25 \u20ac quando giochi su Lottohoy.<\/p>\n<h2>Scommesse multiple Euromillions<\/h2>\n<p>Per piazzare scommesse multiple, basta riempire ogni colonna con un minimo di sei numeri e fino a un massimo di 10 numeri e da due stelle a un massimo di sei.<br \/>\nEsattamente come nel caso della scommessa singola, anche nel caso di scommesse multiple Euromillions puoi optare per il sistema per scegliere casualmente le giocate.<br \/>\nMolti giocatori usano scommesse multiple per aumentare le loro possibilit\u00e0 di vincere l&#8217;estrazione o almeno di vincere.<\/p>\n<h2>Quanto costa la scommessa multipla Euromillions?<\/h2>\n<p>Le puntate totali che possono essere giocate derivano dalla combinazione delle previsioni nella tabella di numeri e stelle qui sotto:<\/p>\n<p>Scommessa multipla Euromillions<br \/>\nStelle Numeri<br \/>\n5 6 7 8 9 10<br \/>\n2 &#8211; 6 21 56 126 252<br \/>\n3 3 18 63 168 378 756<br \/>\n4 6 36 126 336 756 1,512<br \/>\n5 10 60 210 560 1,260 2,520<\/p>\n<p>Il prezzo risultante \u00e8 moltiplicare il numero risultante di puntate per l&#8217;importo unitario di ogni puntata.<\/p>\n<h2>Ecco alcuni esempi:<\/h2>\n<p>Una combinazione multipla di 7 numeri e 3 stelle equivale a 63 puntate.<br \/>\nUna combinazione multipla di 9 numeri e 5 stelle equivale a 1.260 puntate.<br \/>\nScommessa ridotta per Euromillions<\/p>\n<p>Il sistema di scommessa ridotta per Euromillions consiste in qualcosa di semplice come cercare combinazioni che ci consentano di giocare pi\u00f9 numeri spendendo meno soldi.<\/p>\n<h2>Le possibili riduzioni sono le seguenti:<\/h2>\n<p>Segnare 10 numeri e 2 stelle equivale a 14 puntate (rispetto a 252 dirette).<br \/>\nComporre 10 numeri e 4 stelle equivale a 28 puntate (rispetto a 1512 dirette).<br \/>\nComporre 10 numeri e 4 stelle equivale a 84 puntate (rispetto a 1512 dirette).<br \/>\nComporre 12 numeri e 3 stelle equivale a 114 puntate (rispetto a 2376 dirette).<br \/>\nComporre 15 numeri e 4 stelle equivale a 30 puntate (rispetto a 18018 dirette).<br \/>\nIn quali giorni si svolge l&#8217;estrazione della lotteria Euromillions?<\/p>\n<h2>L&#8217;estrazione dell&#8217;Euromillions<\/h2>\n<p>si tiene ogni marted\u00ec e venerd\u00ec alle 21:30 (ora dell&#8217;Europa centrale) e si tiene da Parigi, estraendo la combinazione vincente e lo scrutinio comune per tutti i paesi partecipanti.<\/p>\n<p>Puoi partecipare all&#8217;estrazione acquistando la scommessa o le scommesse fino a un&#8217;ora prima della conclusione dell&#8217;estrazione. Puoi anche giocare due estrazioni tramite un abbonamento settimanale o per tutte le estrazioni Euromillions che desideri.<\/p>\n<p>Ingiustificatamente, la prima scommessa di queste estrazioni deve essere convalidata un&#8217;ora prima della data della prima di esse, mentre le altre estrazioni saranno convalidate automaticamente e non dovrai pi\u00f9 preoccuparti di nient&#8217;altro.<\/p>\n<p>La combinazione vincente consiste in due fasi: un modo \u00e8 quello di abbinare i cinque numeri corrispondenti a cinque palline numerate tra 1 e 50 depositate in una grancassa, e un altro modo \u00e8 quello di abbinare altri due numeri corrispondenti alle stelle di un&#8217;altra grancassa speciale che sono anche numerate da 1 a 12.<\/p>\n<p>Vale a dire che per ottenere la combinazione vincente nella sua prima categoria, \u00e8 necessario indovinare il totale di sette segni (cinque numeri pi\u00f9 due stelle).<\/p>\n<h2>Quando scade la scadenza dell&#8217;Euromillions?<\/h2>\n<p>Ci sono due estrazioni settimanali dell&#8217;Euromillions, il marted\u00ec e il venerd\u00ec, che si tengono alle 20:30 GMT. Un&#8217;ora prima, alle 19:30 GMT, l&#8217;ammissione dei biglietti per l&#8217;estrazione di quel giorno \u00e8 chiusa (marted\u00ec o venerd\u00ec Euromillions).<\/p>\n<p>Una volta che l&#8217;estrazione ha avuto luogo e le scommesse vincenti sono state rivelate, dalle 22:00 l&#8217;organizzazione accetta nuovamente l&#8217;acquisto e la convalida dei biglietti per le estrazioni successive. Uno dei vantaggi di Euromillions online \u00e8 che \u00e8 aperto 24 ore su 24, 7 giorni su 7, e si pu\u00f2 giocare a qualsiasi ora del giorno.<\/p>\n<p>Inoltre, puoi effettuare l&#8217;acquisto su base ricorrente per varie estrazioni, senza dover adattarti a un dato giorno ed estrazione.<\/p>\n<p>Considerando il programma dell&#8217;organizzatore, se l&#8217;acquisto viene effettuato al di fuori del tempo massimo previsto per un&#8217;estrazione, l&#8217;acquisto e il biglietto Euromillions corrispondente saranno convalidati per l&#8217;estrazione successiva, ma alle stesse condizioni.<\/p>\n<h2>Vantaggi dell&#8217;acquisto di biglietti Euromillions online<\/h2>\n<p>Ogni giorno che passa i vantaggi di giocare alla lotteria online diventano pi\u00f9 evidenti, e questo \u00e8 dovuto da un lato alla tendenza e alle nuove abitudini dei consumatori, e dall&#8217;altro alla comodit\u00e0 e ai vantaggi che questo modo facilita.<\/p>\n<p>L&#8217;unico requisito \u00e8 avere almeno l&#8217;et\u00e0 legale per giocare nel tuo paese di residenza. Nella maggior parte dei paesi, questa et\u00e0 \u00e8 18 o 21.<\/p>\n<h2>Ci sono molti vantaggi nell&#8217;acquistare Euromillions online. Eccone alcuni:<\/h2>\n<p>Sicurezza nelle transazioni: l&#8217;acquisto sicuro \u00e8 offerto tramite protocollo HTTPS:\/\/, ricordando che la &#8220;s&#8221; indica che si tratta di un sito sicuro. \u00c8 importante verificare questo punto.<\/p>\n<p>Vari sistemi di pagamento e rimborsi in piena fiducia, disponibili a tua convenienza.<\/p>\n<p>Puoi acquistare i biglietti 24 ore su 24, 7 giorni su 7, tutto l&#8217;anno: non sar\u00e0 necessario conoscere gli orari di apertura e chiusura delle amministrazioni della lotteria. Giocando online la tua finestra \u00e8 aperta 24 ore su 24, tutti i giorni dell&#8217;anno.<\/p>\n<p>Da qualsiasi luogo, senza code o spostamenti: basta avere un dispositivo mobile, un tablet o un desktop con connessione Internet e da qualsiasi luogo. Non ci sono pi\u00f9 barriere geografiche per giocare a Euromillions.<\/p>\n<h2>Non perderai mai il tuo biglietto, rimane sempre nel tuo account.<\/h2>\n<p>Ricevi immediatamente i premi vinti sul tuo account utente: dopo l&#8217;estrazione e una volta effettuato il relativo scrutinio, gli importi vinti verranno accreditati sul tuo account utente.<\/p>\n<p>Tieniti informato sui jackpot accumulati e sulle estrazioni straordinarie: tramite il nostro sito web o via e-mail. In questo modo potrai conoscere in anticipo i jackpot pi\u00f9 importanti e potrai adattare la tua scommessa per ottenere un jackpot super milionario.<\/p>\n<p>Tieniti aggiornato sui risultati delle estrazioni di Euromillions automaticamente grazie al nostro sistema informativo via e-mail.<\/p>\n","protected":false},"excerpt":{"rendered":"<p>Gioca a Euromillions online Euromillions \u00e8 la lotteria a cui gioca la maggior parte delle persone in Europa. \u00c8 organizzata dai nove enti responsabili delle lotterie in: Spagna (Lotteria di Stato e Gioco d&#8217;Azzardo), Francia (La Fran\u00e7aise des Jeux) e Regno Unito (Lotteria Nazionale), che sono stati i tre pionieri, a cui, pochi mesi dopo, [&hellip;]<\/p>\n","protected":false},"author":2,"featured_media":0,"parent":16587,"menu_order":3,"comment_status":"closed","ping_status":"closed","template":"euromillions-at.php","meta":{"_et_pb_use_builder":"","_et_pb_old_content":"","_et_gb_content_width":"","exclude_from_search":false,"footnotes":""},"class_list":["post-16633","page","type-page","status-publish","hentry"],"yoast_head":"<!-- This site is optimized with the Yoast SEO plugin v23.7 - https:\/\/yoast.com\/wordpress\/plugins\/seo\/ -->\n<title>\u25b7 Gioca a Euromillions ora | Biglietti della lotteria online - LottoHoy<\/title>\n<meta name=\"description\" content=\"Su LottoHoy puoi acquistare i tuoi biglietti Euromillions al prezzo pi\u00f9 conveniente. Gioca a Euromillions online su una piattaforma sicura al 100%.\" \/>\n<meta name=\"robots\" content=\"index, follow, max-snippet:-1, max-image-preview:large, max-video-preview:-1\" \/>\n<link rel=\"canonical\" href=\"https:\/\/lottohoy.com\/it\/gioca\/gioca-a-euromillions\/\" \/>\n<meta property=\"og:locale\" content=\"it_IT\" \/>\n<meta property=\"og:type\" content=\"article\" \/>\n<meta property=\"og:title\" content=\"\u25b7 Gioca a Euromillions ora | Biglietti della lotteria online - LottoHoy\" \/>\n<meta property=\"og:description\" content=\"Su LottoHoy puoi acquistare i tuoi biglietti Euromillions al prezzo pi\u00f9 conveniente. Gioca a Euromillions online su una piattaforma sicura al 100%.\" \/>\n<meta property=\"og:url\" content=\"https:\/\/lottohoy.com\/it\/gioca\/gioca-a-euromillions\/\" \/>\n<meta property=\"og:site_name\" content=\"Lottohoy\" \/>\n<meta property=\"article:modified_time\" content=\"2025-06-13T15:35:04+00:00\" \/>\n<meta name=\"twitter:card\" content=\"summary_large_image\" \/>\n<meta name=\"twitter:label1\" content=\"Tempo di lettura stimato\" \/>\n\t<meta name=\"twitter:data1\" content=\"7 minuti\" \/>\n<script type=\"application\/ld+json\" class=\"yoast-schema-graph\">{\"@context\":\"https:\/\/schema.org\",\"@graph\":[{\"@type\":\"WebPage\",\"@id\":\"https:\/\/lottohoy.com\/it\/gioca\/gioca-a-euromillions\/\",\"url\":\"https:\/\/lottohoy.com\/it\/gioca\/gioca-a-euromillions\/\",\"name\":\"\u25b7 Gioca a Euromillions ora | Biglietti della lotteria online - LottoHoy\",\"isPartOf\":{\"@id\":\"https:\/\/lottohoy.com\/it\/#website\"},\"datePublished\":\"2018-05-03T13:23:26+00:00\",\"dateModified\":\"2025-06-13T15:35:04+00:00\",\"description\":\"Su LottoHoy puoi acquistare i tuoi biglietti Euromillions al prezzo pi\u00f9 conveniente. Gioca a Euromillions online su una piattaforma sicura al 100%.\",\"breadcrumb\":{\"@id\":\"https:\/\/lottohoy.com\/it\/gioca\/gioca-a-euromillions\/#breadcrumb\"},\"inLanguage\":\"it-IT\",\"potentialAction\":[{\"@type\":\"ReadAction\",\"target\":[\"https:\/\/lottohoy.com\/it\/gioca\/gioca-a-euromillions\/\"]}]},{\"@type\":\"BreadcrumbList\",\"@id\":\"https:\/\/lottohoy.com\/it\/gioca\/gioca-a-euromillions\/#breadcrumb\",\"itemListElement\":[{\"@type\":\"ListItem\",\"position\":1,\"name\":\"Home\",\"item\":\"https:\/\/lottohoy.com\/it\/\"},{\"@type\":\"ListItem\",\"position\":2,\"name\":\"Gioca alla lotteria online\",\"item\":\"https:\/\/lottohoy.com\/it\/gioca\/\"},{\"@type\":\"ListItem\",\"position\":3,\"name\":\"Gioca a EuroMillions\"}]},{\"@type\":\"WebSite\",\"@id\":\"https:\/\/lottohoy.com\/it\/#website\",\"url\":\"https:\/\/lottohoy.com\/it\/\",\"name\":\"Lottohoy\",\"description\":\"\",\"potentialAction\":[{\"@type\":\"SearchAction\",\"target\":{\"@type\":\"EntryPoint\",\"urlTemplate\":\"https:\/\/lottohoy.com\/it\/?s={search_term_string}\"},\"query-input\":{\"@type\":\"PropertyValueSpecification\",\"valueRequired\":true,\"valueName\":\"search_term_string\"}}],\"inLanguage\":\"it-IT\"}]}<\/script>\n<!-- \/ Yoast SEO plugin. -->","yoast_head_json":{"title":"\u25b7 Gioca a Euromillions ora | Biglietti della lotteria online - LottoHoy","description":"Su LottoHoy puoi acquistare i tuoi biglietti Euromillions al prezzo pi\u00f9 conveniente. Gioca a Euromillions online su una piattaforma sicura al 100%.","robots":{"index":"index","follow":"follow","max-snippet":"max-snippet:-1","max-image-preview":"max-image-preview:large","max-video-preview":"max-video-preview:-1"},"canonical":"https:\/\/lottohoy.com\/it\/gioca\/gioca-a-euromillions\/","og_locale":"it_IT","og_type":"article","og_title":"\u25b7 Gioca a Euromillions ora | Biglietti della lotteria online - LottoHoy","og_description":"Su LottoHoy puoi acquistare i tuoi biglietti Euromillions al prezzo pi\u00f9 conveniente. Gioca a Euromillions online su una piattaforma sicura al 100%.","og_url":"https:\/\/lottohoy.com\/it\/gioca\/gioca-a-euromillions\/","og_site_name":"Lottohoy","article_modified_time":"2025-06-13T15:35:04+00:00","twitter_card":"summary_large_image","twitter_misc":{"Tempo di lettura stimato":"7 minuti"},"schema":{"@context":"https:\/\/schema.org","@graph":[{"@type":"WebPage","@id":"https:\/\/lottohoy.com\/it\/gioca\/gioca-a-euromillions\/","url":"https:\/\/lottohoy.com\/it\/gioca\/gioca-a-euromillions\/","name":"\u25b7 Gioca a Euromillions ora | Biglietti della lotteria online - LottoHoy","isPartOf":{"@id":"https:\/\/lottohoy.com\/it\/#website"},"datePublished":"2018-05-03T13:23:26+00:00","dateModified":"2025-06-13T15:35:04+00:00","description":"Su LottoHoy puoi acquistare i tuoi biglietti Euromillions al prezzo pi\u00f9 conveniente. Gioca a Euromillions online su una piattaforma sicura al 100%.","breadcrumb":{"@id":"https:\/\/lottohoy.com\/it\/gioca\/gioca-a-euromillions\/#breadcrumb"},"inLanguage":"it-IT","potentialAction":[{"@type":"ReadAction","target":["https:\/\/lottohoy.com\/it\/gioca\/gioca-a-euromillions\/"]}]},{"@type":"BreadcrumbList","@id":"https:\/\/lottohoy.com\/it\/gioca\/gioca-a-euromillions\/#breadcrumb","itemListElement":[{"@type":"ListItem","position":1,"name":"Home","item":"https:\/\/lottohoy.com\/it\/"},{"@type":"ListItem","position":2,"name":"Gioca alla lotteria online","item":"https:\/\/lottohoy.com\/it\/gioca\/"},{"@type":"ListItem","position":3,"name":"Gioca a EuroMillions"}]},{"@type":"WebSite","@id":"https:\/\/lottohoy.com\/it\/#website","url":"https:\/\/lottohoy.com\/it\/","name":"Lottohoy","description":"","potentialAction":[{"@type":"SearchAction","target":{"@type":"EntryPoint","urlTemplate":"https:\/\/lottohoy.com\/it\/?s={search_term_string}"},"query-input":{"@type":"PropertyValueSpecification","valueRequired":true,"valueName":"search_term_string"}}],"inLanguage":"it-IT"}]}},"_links":{"self":[{"href":"https:\/\/lottohoy.com\/it\/wp-json\/wp\/v2\/pages\/16633","targetHints":{"allow":["GET"]}}],"collection":[{"href":"https:\/\/lottohoy.com\/it\/wp-json\/wp\/v2\/pages"}],"about":[{"href":"https:\/\/lottohoy.com\/it\/wp-json\/wp\/v2\/types\/page"}],"author":[{"embeddable":true,"href":"https:\/\/lottohoy.com\/it\/wp-json\/wp\/v2\/users\/2"}],"replies":[{"embeddable":true,"href":"https:\/\/lottohoy.com\/it\/wp-json\/wp\/v2\/comments?post=16633"}],"version-history":[{"count":1,"href":"https:\/\/lottohoy.com\/it\/wp-json\/wp\/v2\/pages\/16633\/revisions"}],"predecessor-version":[{"id":20503,"href":"https:\/\/lottohoy.com\/it\/wp-json\/wp\/v2\/pages\/16633\/revisions\/20503"}],"up":[{"embeddable":true,"href":"https:\/\/lottohoy.com\/it\/wp-json\/wp\/v2\/pages\/16587"}],"wp:attachment":[{"href":"https:\/\/lottohoy.com\/it\/wp-json\/wp\/v2\/media?parent=16633"}],"curies":[{"name":"wp","href":"https:\/\/api.w.org\/{rel}","templated":true}]}}