{"id":16611,"date":"2018-05-03T14:23:27","date_gmt":"2018-05-03T13:23:27","guid":{"rendered":"https:\/\/lottohoy.com\/?page_id=16611"},"modified":"2025-03-25T08:09:52","modified_gmt":"2025-03-25T08:09:52","slug":"powerball","status":"publish","type":"page","link":"https:\/\/lottohoy.com\/it\/gioca\/powerball\/","title":{"rendered":"Gioca a Powerball"},"content":{"rendered":"<h2>Come giocare a Powerball<\/h2>\n<p>Giocare al lotto Powerball \u00e8 davvero semplice, devi solo scegliere cinque numeri tra 1 e 69, e poi un numero extra (chiamato Powerball) tra 1 e 26.<\/p>\n<p>Ma entriamo nei dettagli; la prima cosa che dovresti fare \u00e8 aprire un account su LottoHoy. Una volta registrato puoi acquistare i tuoi biglietti ufficiali della lotteria online seguendo queste istruzioni:<\/p>\n<p>Nella sezione gioco c&#8217;\u00e8 una riga o riga composta da 5 colonne. Ognuna di queste colonne \u00e8 un biglietto Powerball.<br \/>\nUn singolo biglietto costa solo 3,50 EURO, che \u00e8 uno dei prezzi migliori che troverai online. (Questo importo pu\u00f2 variare a seconda del tasso di cambio del dollaro rispetto all&#8217;euro.<br \/>\nNella parte superiore della colonna, devi scegliere cinque numeri dalle caselle numerate da 1 a 69.<br \/>\nNella parte inferiore della suddetta tabella ci sono altri 26 numeri, di cui dobbiamo selezionarne uno. Questo numero \u00e8 il Powerball.<\/p>\n<p>Inoltre, se preferisci, puoi utilizzare le opzioni di Scelta rapida, in modo che la combinazione venga selezionata casualmente dal sistema stesso.<\/p>\n<p>Ricorda che se vuoi acquistare pi\u00f9 di cinque biglietti alla volta, puoi aggiungere tutte le righe di cui hai bisogno cliccando sul pulsante &#8220;Altre linee&#8221;. Ricorda che pi\u00f9 numeri giochi, pi\u00f9 probabilit\u00e0 hai di vincere il jackpot.<\/p>\n<h2>Giorni di estrazione del Powerball<\/h2>\n<p>Le estrazioni del Powerball USA si tengono ogni mercoled\u00ec e sabato alle 22:59 ET (gioved\u00ec e domenica alle 4:59 CET). La vendita dei biglietti rimarr\u00e0 aperta fino a 3 ore prima dell&#8217;inizio dell&#8217;estrazione.<\/p>\n<p>Subito dopo la fine dell&#8217;estrazione, potrai controllare i risultati ufficiali del Powerball e ricevi le tue vincite direttamente sul tuo account giocatore.<\/p>\n<h2>Quanto \u00e8 il jackpot del Powerball?<\/h2>\n<p>Il jackpot del Powerball viene aggiornato subito dopo ogni estrazione e puoi verificarlo in qualsiasi momento sul nostro sito web.<\/p>\n<p>Il jackpot minimo per il Powerball \u00e8 di $ 40.000.000, che \u00e8 molto pi\u00f9 grande del jackpot massimo di altre lotterie.<\/p>\n<p>Se dopo l&#8217;estrazione non ci sono vincitori nella prima categoria o nel primo premio, l&#8217;importo del jackpot verr\u00e0 trasferito all&#8217;estrazione successiva. Poich\u00e9 non esiste un jackpot massimo, \u00e8 abbastanza frequente vedere un nuovo jackpot record<\/p>\n<p>Premio di livello #x + x<br \/>\nI Jackpot 5+1<br \/>\nII 5+0 1.000.000$<br \/>\nIII 4+1 50.000$<br \/>\nIV 4+0 100$<br \/>\nV 3+1 100$<br \/>\nVI 3+0 7$<br \/>\nVII 2+1 7$<br \/>\nVIII 1+1 4$<br \/>\nIX 0+1 4$<\/p>\n<p>Il premio jackpot stimato \u00e8 l&#8217;unico importo che si rinnova, gli altri premi Powerball hanno un importo fisso.<\/p>\n<h2>Come vincere alla lotteria Powerball<\/h2>\n<p>Non ci sono metodi che possono garantire una vincita, ma puoi seguire alcuni semplici passaggi che possono aiutarti ad aumentare le tue possibilit\u00e0 di diventare uno dei vincitori del Powerball:<\/p>\n<p>Mescola numeri bassi e alti.<br \/>\nNon usare le date come numeri. Molte persone lo fanno. Cerca quali sono i numeri pi\u00f9 frequenti nella nostra pagina dei risultati del PowerBall.<br \/>\nBilanciamento tra numeri pari e dispari.<br \/>\nEvita combinazioni gi\u00e0 selezionate.<br \/>\nUtilizza l&#8217;opzione di scelta rapida.<\/p>\n<p>Gioca quanti pi\u00f9 biglietti puoi per aumentare le tue probabilit\u00e0 di vincita ogni mercoled\u00ec e sabato.<\/p>\n<h2>Acquista Powerball online<\/h2>\n<p>Puoi acquistare biglietti Powerball su LottoHoy.com, siamo un operatore di lotterie. Un singolo biglietto Powerball costa 3,07 \u20ac e tutti i biglietti vengono acquistati tramite agenti ufficiali in stabilimenti autorizzati.<\/p>\n<h2>Acquistare Powerball online ha molti vantaggi rispetto all&#8217;acquisto fisico:<\/h2>\n<p>Non \u00e8 necessario recarsi presso lo stabilimento.<br \/>\nNon devi preoccuparti degli orari di apertura e chiusura. \u00c8 aperto 24 ore al giorno e 7 giorni alla settimana.<br \/>\nSicurezza per mantenere il tuo biglietto al sicuro in modo che non venga perso o dimenticato. Puoi ottenere il tuo biglietto Powerball da qualsiasi paese, semplicemente avendo una connessione Internet, e sia con cellulare, tablet o desktop.<br \/>\nI premi vengono pagati direttamente sul tuo account giocatore.<br \/>\nPuoi avere combinazioni casuali usando la scelta rapida.<\/p>\n<p>Giocare a Powerball online non potrebbe essere pi\u00f9 facile. Tenta la fortuna ora e diventa uno dei fortunati vincitori!<\/p>\n","protected":false},"excerpt":{"rendered":"<p>Come giocare a Powerball Giocare al lotto Powerball \u00e8 davvero semplice, devi solo scegliere cinque numeri tra 1 e 69, e poi un numero extra (chiamato Powerball) tra 1 e 26. Ma entriamo nei dettagli; la prima cosa che dovresti fare \u00e8 aprire un account su LottoHoy. Una volta registrato puoi acquistare i tuoi biglietti [&hellip;]<\/p>\n","protected":false},"author":7,"featured_media":0,"parent":16587,"menu_order":1,"comment_status":"closed","ping_status":"closed","template":"powerball-usa.php","meta":{"_et_pb_use_builder":"","_et_pb_old_content":"","_et_gb_content_width":"","exclude_from_search":false,"footnotes":""},"class_list":["post-16611","page","type-page","status-publish","hentry"],"yoast_head":"<!-- This site is optimized with the Yoast SEO plugin v23.7 - https:\/\/yoast.com\/wordpress\/plugins\/seo\/ -->\n<title>\u25b7 Gioca a Powerball online | Ovunque, in qualsiasi momento - LottoHoy<\/title>\n<meta name=\"description\" content=\"Giocare a Powerball \u00e8 semplice: scegli 5 numeri tra 1 e 69, e poi un numero extra (chiamato Powerball) tra 1 e 26. Ottieni il tuo biglietto Porweball ora!\" \/>\n<meta name=\"robots\" content=\"index, follow, max-snippet:-1, max-image-preview:large, max-video-preview:-1\" \/>\n<link rel=\"canonical\" href=\"https:\/\/lottohoy.com\/it\/gioca\/powerball\/\" \/>\n<meta property=\"og:locale\" content=\"it_IT\" \/>\n<meta property=\"og:type\" content=\"article\" \/>\n<meta property=\"og:title\" content=\"\u25b7 Gioca a Powerball online | Ovunque, in qualsiasi momento - LottoHoy\" \/>\n<meta property=\"og:description\" content=\"Giocare a Powerball \u00e8 semplice: scegli 5 numeri tra 1 e 69, e poi un numero extra (chiamato Powerball) tra 1 e 26. Ottieni il tuo biglietto Porweball ora!\" \/>\n<meta property=\"og:url\" content=\"https:\/\/lottohoy.com\/it\/gioca\/powerball\/\" \/>\n<meta property=\"og:site_name\" content=\"Lottohoy\" \/>\n<meta property=\"article:modified_time\" content=\"2025-03-25T08:09:52+00:00\" \/>\n<meta name=\"twitter:card\" content=\"summary_large_image\" \/>\n<meta name=\"twitter:label1\" content=\"Tempo di lettura stimato\" \/>\n\t<meta name=\"twitter:data1\" content=\"3 minuti\" \/>\n<script type=\"application\/ld+json\" class=\"yoast-schema-graph\">{\"@context\":\"https:\/\/schema.org\",\"@graph\":[{\"@type\":\"WebPage\",\"@id\":\"https:\/\/lottohoy.com\/it\/gioca\/powerball\/\",\"url\":\"https:\/\/lottohoy.com\/it\/gioca\/powerball\/\",\"name\":\"\u25b7 Gioca a Powerball online | Ovunque, in qualsiasi momento - LottoHoy\",\"isPartOf\":{\"@id\":\"https:\/\/lottohoy.com\/it\/#website\"},\"datePublished\":\"2018-05-03T13:23:27+00:00\",\"dateModified\":\"2025-03-25T08:09:52+00:00\",\"description\":\"Giocare a Powerball \u00e8 semplice: scegli 5 numeri tra 1 e 69, e poi un numero extra (chiamato Powerball) tra 1 e 26. Ottieni il tuo biglietto Porweball ora!\",\"breadcrumb\":{\"@id\":\"https:\/\/lottohoy.com\/it\/gioca\/powerball\/#breadcrumb\"},\"inLanguage\":\"it-IT\",\"potentialAction\":[{\"@type\":\"ReadAction\",\"target\":[\"https:\/\/lottohoy.com\/it\/gioca\/powerball\/\"]}]},{\"@type\":\"BreadcrumbList\",\"@id\":\"https:\/\/lottohoy.com\/it\/gioca\/powerball\/#breadcrumb\",\"itemListElement\":[{\"@type\":\"ListItem\",\"position\":1,\"name\":\"Home\",\"item\":\"https:\/\/lottohoy.com\/it\/\"},{\"@type\":\"ListItem\",\"position\":2,\"name\":\"Gioca alla lotteria online\",\"item\":\"https:\/\/lottohoy.com\/it\/gioca\/\"},{\"@type\":\"ListItem\",\"position\":3,\"name\":\"Gioca a Powerball\"}]},{\"@type\":\"WebSite\",\"@id\":\"https:\/\/lottohoy.com\/it\/#website\",\"url\":\"https:\/\/lottohoy.com\/it\/\",\"name\":\"Lottohoy\",\"description\":\"\",\"potentialAction\":[{\"@type\":\"SearchAction\",\"target\":{\"@type\":\"EntryPoint\",\"urlTemplate\":\"https:\/\/lottohoy.com\/it\/?s={search_term_string}\"},\"query-input\":{\"@type\":\"PropertyValueSpecification\",\"valueRequired\":true,\"valueName\":\"search_term_string\"}}],\"inLanguage\":\"it-IT\"}]}<\/script>\n<!-- \/ Yoast SEO plugin. -->","yoast_head_json":{"title":"\u25b7 Gioca a Powerball online | Ovunque, in qualsiasi momento - LottoHoy","description":"Giocare a Powerball \u00e8 semplice: scegli 5 numeri tra 1 e 69, e poi un numero extra (chiamato Powerball) tra 1 e 26. Ottieni il tuo biglietto Porweball ora!","robots":{"index":"index","follow":"follow","max-snippet":"max-snippet:-1","max-image-preview":"max-image-preview:large","max-video-preview":"max-video-preview:-1"},"canonical":"https:\/\/lottohoy.com\/it\/gioca\/powerball\/","og_locale":"it_IT","og_type":"article","og_title":"\u25b7 Gioca a Powerball online | Ovunque, in qualsiasi momento - LottoHoy","og_description":"Giocare a Powerball \u00e8 semplice: scegli 5 numeri tra 1 e 69, e poi un numero extra (chiamato Powerball) tra 1 e 26. Ottieni il tuo biglietto Porweball ora!","og_url":"https:\/\/lottohoy.com\/it\/gioca\/powerball\/","og_site_name":"Lottohoy","article_modified_time":"2025-03-25T08:09:52+00:00","twitter_card":"summary_large_image","twitter_misc":{"Tempo di lettura stimato":"3 minuti"},"schema":{"@context":"https:\/\/schema.org","@graph":[{"@type":"WebPage","@id":"https:\/\/lottohoy.com\/it\/gioca\/powerball\/","url":"https:\/\/lottohoy.com\/it\/gioca\/powerball\/","name":"\u25b7 Gioca a Powerball online | Ovunque, in qualsiasi momento - LottoHoy","isPartOf":{"@id":"https:\/\/lottohoy.com\/it\/#website"},"datePublished":"2018-05-03T13:23:27+00:00","dateModified":"2025-03-25T08:09:52+00:00","description":"Giocare a Powerball \u00e8 semplice: scegli 5 numeri tra 1 e 69, e poi un numero extra (chiamato Powerball) tra 1 e 26. Ottieni il tuo biglietto Porweball ora!","breadcrumb":{"@id":"https:\/\/lottohoy.com\/it\/gioca\/powerball\/#breadcrumb"},"inLanguage":"it-IT","potentialAction":[{"@type":"ReadAction","target":["https:\/\/lottohoy.com\/it\/gioca\/powerball\/"]}]},{"@type":"BreadcrumbList","@id":"https:\/\/lottohoy.com\/it\/gioca\/powerball\/#breadcrumb","itemListElement":[{"@type":"ListItem","position":1,"name":"Home","item":"https:\/\/lottohoy.com\/it\/"},{"@type":"ListItem","position":2,"name":"Gioca alla lotteria online","item":"https:\/\/lottohoy.com\/it\/gioca\/"},{"@type":"ListItem","position":3,"name":"Gioca a Powerball"}]},{"@type":"WebSite","@id":"https:\/\/lottohoy.com\/it\/#website","url":"https:\/\/lottohoy.com\/it\/","name":"Lottohoy","description":"","potentialAction":[{"@type":"SearchAction","target":{"@type":"EntryPoint","urlTemplate":"https:\/\/lottohoy.com\/it\/?s={search_term_string}"},"query-input":{"@type":"PropertyValueSpecification","valueRequired":true,"valueName":"search_term_string"}}],"inLanguage":"it-IT"}]}},"_links":{"self":[{"href":"https:\/\/lottohoy.com\/it\/wp-json\/wp\/v2\/pages\/16611","targetHints":{"allow":["GET"]}}],"collection":[{"href":"https:\/\/lottohoy.com\/it\/wp-json\/wp\/v2\/pages"}],"about":[{"href":"https:\/\/lottohoy.com\/it\/wp-json\/wp\/v2\/types\/page"}],"author":[{"embeddable":true,"href":"https:\/\/lottohoy.com\/it\/wp-json\/wp\/v2\/users\/7"}],"replies":[{"embeddable":true,"href":"https:\/\/lottohoy.com\/it\/wp-json\/wp\/v2\/comments?post=16611"}],"version-history":[{"count":1,"href":"https:\/\/lottohoy.com\/it\/wp-json\/wp\/v2\/pages\/16611\/revisions"}],"predecessor-version":[{"id":16612,"href":"https:\/\/lottohoy.com\/it\/wp-json\/wp\/v2\/pages\/16611\/revisions\/16612"}],"up":[{"embeddable":true,"href":"https:\/\/lottohoy.com\/it\/wp-json\/wp\/v2\/pages\/16587"}],"wp:attachment":[{"href":"https:\/\/lottohoy.com\/it\/wp-json\/wp\/v2\/media?parent=16611"}],"curies":[{"name":"wp","href":"https:\/\/api.w.org\/{rel}","templated":true}]}}