{"id":16604,"date":"2018-05-03T14:23:31","date_gmt":"2018-05-03T13:23:31","guid":{"rendered":"https:\/\/lottohoy.com\/?page_id=16604"},"modified":"2025-04-02T10:02:34","modified_gmt":"2025-04-02T09:02:34","slug":"acquista-i-biglietti-della-lotteria-e-vinci-i-piu-grandi-jackpot-del-mondo","status":"publish","type":"page","link":"https:\/\/lottohoy.com\/it\/","title":{"rendered":"Casa"},"content":{"rendered":"<h1>Acquista i biglietti della lotteria e vinci i pi\u00f9 grandi jackpot del mondo<\/h1>\n<p>Giocare alle lotterie del mondo, e farlo dalla comodit\u00e0 di casa, al lavoro, sull&#8217;autobus o in qualsiasi circostanza&#8230; semplicemente avendo una connessione a Internet, apre una gamma di possibilit\u00e0 per vincere premi milionari.<\/p>\n<p>Se non hai mai giocato alle lotterie online prima, lottohoy.com ti offre ora e da qui, la possibilit\u00e0 di accedere alle lotterie mondiali che giocano i jackpot pi\u00f9 grandi in ogni estrazione.<\/p>\n<h2>Gioca alla tua lotteria locale, o gioca a qualsiasi lotteria nel mondo?<\/h2>\n<p>A volte pu\u00f2 essere bello andare al tuo solito posto dove acquisti quel biglietto per giocare alla lotteria locale, e avere quel biglietto in mano per controllare il giorno dell&#8217;estrazione se hai vinto qualche premio.<\/p>\n<p>Ma ancora meglio, oggi Internet, attraverso piattaforme come la nostra, ti offre la possibilit\u00e0 di continuare a giocare alle stesse lotterie locali e di aprire una gamma pi\u00f9 ampia di possibilit\u00e0, accedendo a lotterie internazionali che offrono straordinari premi milionari che a volte superano il miliardo.<\/p>\n<p>Se a questo aggiungi la tranquillit\u00e0 di poter giocare in anticipo a qualsiasi estrazione, di essere informato direttamente sui premi vinti e, a seconda dell&#8217;importo vinto, gli importi vengono inviati direttamente sul tuo account, ti piacerebbe giocare con lottohoy.com?<\/p>\n<p>Non importa in quale paese vivi per giocare alle lotterie online.<\/p>\n<p>Quando acquisti biglietti della lotteria online, non importa in quale paese vivi. Non c&#8217;\u00e8 bisogno di viaggiare per acquistare un biglietto della lotteria in un paese straniero.<\/p>\n<p>Serviamo clienti da quasi tutti i paesi con il nostro servizio globale.<\/p>\n<p>Come funziona il servizio di biglietti della lotteria online<\/p>\n<p>Su lottohoy.com, puoi vedere una variet\u00e0 di diversi giochi della lotteria da tutto il mondo. Puoi scegliere quelli a cui vuoi giocare e acquistarli online. \u00c8 molto pi\u00f9 facile di quanto potresti pensare.<\/p>\n<h2>Puoi scegliere tutto ci\u00f2 che \u00e8 correlato al tuo biglietto della lotteria:<\/h2>\n<p>\u2022 Seleziona la lotteria che offre il jackpot pi\u00f9 alto, se lo desideri<\/p>\n<p>\u2022 Scegli i numeri manualmente o lascia che il sistema scelga per te una combinazione casuale.<\/p>\n<p>\u2022 Puoi giocare tutte le puntate (linee) con le combinazioni che desideri<\/p>\n<p>\u2022 Puoi scegliere tra giocare una singola estrazione o pi\u00f9 estrazioni consecutive<\/p>\n<p>Super lotterie con jackpot da centinaia di milioni<\/p>\n<p>Lotterie come l&#8217;American Powerball o MegaMillions, l&#8217;European Euromillions, l&#8217;Eurojackpot e l&#8217;Italian SuperEnalotto.<\/p>\n<p>Sapevi che il pi\u00f9 grande premio Powerball fino ad oggi \u00e8 stato di 2,04 miliardi di dollari ed \u00e8 stato vinto nel 2022? Potrebbe sembrare un sogno, vincere un premio del valore di centinaia di milioni, ma \u00e8 una realt\u00e0!<\/p>\n<h2>Sicuramente puoi porti molte domande:<\/h2>\n<p>\u2022 Dovresti sempre puntare al jackpot pi\u00f9 alto?<\/p>\n<p>\u2022 Il valore del jackpot pi\u00f9 alto \u00e8 l&#8217;unico criterio quando si sceglie a quale lotteria giocare online?<\/p>\n<p>\u2022 Ma cosa succederebbe se il premio di secondo livello fosse abbastanza grande da cambiarti la vita?<\/p>\n<p>\u2022 Alcuni jackpot diventano cos\u00ec grandi perch\u00e9 sono difficili da vincere. Cosa succederebbe se le possibilit\u00e0 di vincere un premio di secondo livello fossero molto migliori di quelle di vincere il jackpot in qualsiasi lotteria?<\/p>\n<p>\u2022 Ci sono altri fattori da considerare quando si gioca alle lotterie online?<\/p>\n<p>Non tutte le lotterie hanno le stesse probabilit\u00e0 di vincita. Ha perfettamente senso cercare i jackpot pi\u00f9 grandi, ma ha anche senso controllare dove ti vengono offerte le migliori probabilit\u00e0 di vincere un grande premio.<\/p>\n<p>Abbiamo un&#8217;ampia variet\u00e0 di lotterie a cui giocare per tutti i gusti.<br \/>\nDivertiti a provare qualcosa di nuovo, giochi che potresti non aver mai visto o sentito prima. Potresti rimanere sorpreso da tutte le opzioni che offriamo.<\/p>\n<h2>Come funziona il servizio offerto da lottohoy.com?<\/h2>\n<p>Una volta creata la tua mossa o le mosse che desideri, devi semplicemente confermare l&#8217;ordine ed effettuare il pagamento online (ci sono diverse opzioni per il pagamento online)<\/p>\n<p>Se non hai creato il tuo account utente in precedenza, dovrai crearlo e verificarlo durante questo processo utilizzando un indirizzo email valido e una password per gli accessi successivi.<\/p>\n<p>Non appena il tuo ordine sar\u00e0 verificato e il pagamento confermato, uno dei nostri agenti proceder\u00e0 all&#8217;acquisto del\/i biglietto\/i della lotteria nel paese in cui si tiene l&#8217;estrazione.<\/p>\n<p>Una scansione del tuo biglietto verr\u00e0 quindi caricata sul tuo account utente.<\/p>\n<p>Questa operazione richiede un po&#8217; di tempo per essere elaborata e affinch\u00e9 la scansione sia visibile sul tuo account. In qualsiasi momento puoi consultare il tuo account utente, nella sezione &#8220;i miei biglietti&#8221;, dove puoi controllare il tuo ordine e i numeri che hai selezionato.<\/p>\n<p>Una volta effettuata l&#8217;estrazione, i dati vincenti saranno disponibili e i tuoi numeri corrispondenti e, se applicabile, gli importi del premio ottenuto appariranno sul tuo account.<\/p>\n<h2>Okay, e se vinco?<\/h2>\n<p>Prendersi cura dei nostri clienti in tutto il mondo quando vincono \u00e8 una parte importante del nostro servizio di biglietteria online.<\/p>\n<p>Non \u00e8 necessario risiedere nel paese in cui si tiene la lotteria. Acquistiamo semplicemente i biglietti per te localmente come se stessi trascorrendo una vacanza in quel paese! Anche assicurarci che tu venga pagato quando vinci fa parte del nostro servizio di biglietteria online.<\/p>\n<p>Le vincite dei premi fino a circa \u20ac\/$ 2500 vengono pagate e accreditate direttamente sul tuo account utente\/giocatore e sono immediatamente disponibiliper richiedere un prelievo o per utilizzarlo per l&#8217;acquisto di estrazioni successive di una qualsiasi delle lotterie.<\/p>\n<p>Per vincite pi\u00f9 consistenti, il nostro servizio clienti ti fornir\u00e0 il nostro servizio VIP per i vincitori.<\/p>\n<p>Se hai dubbi, questo servizio \u00e8 perfettamente legale e ti consigliamo e ti aiutiamo con il recupero crediti.<\/p>\n<p>Il tuo premio verr\u00e0 pagato per intero e nessuna commissione o commissione verr\u00e0 mai detratta dalle tue vincite, ad eccezione delle normative fiscali del paese della lotteria e quelle del tuo paese di residenza.<\/p>\n<p>In alcuni casi eccezionali, potrebbero sorgere costi di gestione della riscossione nel caso in cui il vincitore non sia in grado di recarsi nel paese in cui paga il premio e una persona o azienda debitamente accreditata per farlo deve intervenire per suo conto.<\/p>\n<p>Su lottohoy.com puoi trovare informazioni e suggerimenti per giocare alle migliori lotterie online.<\/p>\n<p>Puoi trovare tutto questo proprio qui sul nostro sito web. Non solo ti forniamo le quote esatte e le regole per ogni lotteria, ma abbiamo anche articoli su tutti i tipi di aspetti diversi della lotteria.<\/p>\n<p>Ti consigliamo di migliorare le tue possibilit\u00e0 di vincita e troverai anche gli ultimi risultati e un archivio dei risultati pi\u00f9 recenti di tutte le lotterie sul nostro sito web.<\/p>\n","protected":false},"excerpt":{"rendered":"<p>Acquista i biglietti della lotteria e vinci i pi\u00f9 grandi jackpot del mondo Giocare alle lotterie del mondo, e farlo dalla comodit\u00e0 di casa, al lavoro, sull&#8217;autobus o in qualsiasi circostanza&#8230; semplicemente avendo una connessione a Internet, apre una gamma di possibilit\u00e0 per vincere premi milionari. Se non hai mai giocato alle lotterie online prima, [&hellip;]<\/p>\n","protected":false},"author":7,"featured_media":0,"parent":0,"menu_order":1,"comment_status":"closed","ping_status":"closed","template":"lotto.php","meta":{"_et_pb_use_builder":"","_et_pb_old_content":"","_et_gb_content_width":"","exclude_from_search":false,"footnotes":""},"class_list":["post-16604","page","type-page","status-publish","hentry"],"yoast_head":"<!-- This site is optimized with the Yoast SEO plugin v23.7 - https:\/\/yoast.com\/wordpress\/plugins\/seo\/ -->\n<title>LottoHoy - Acquistare lotterie internazionali online - sicuro e veloce!<\/title>\n<meta name=\"description\" content=\"Acquistate le lotterie pi\u00f9 popolari su LottoHoy. Vinci i pi\u00f9 grandi jackpot di EuroMillions, Powerball, Megamillions e molti altri \u2713 Veloce, facile e sicuro!\" \/>\n<meta name=\"robots\" content=\"index, follow, max-snippet:-1, max-image-preview:large, max-video-preview:-1\" \/>\n<link rel=\"canonical\" href=\"https:\/\/lottohoy.com\/it\/\" \/>\n<meta property=\"og:locale\" content=\"it_IT\" \/>\n<meta property=\"og:type\" content=\"article\" \/>\n<meta property=\"og:title\" content=\"LottoHoy - Acquistare lotterie internazionali online - sicuro e veloce!\" \/>\n<meta property=\"og:description\" content=\"Acquistate le lotterie pi\u00f9 popolari su LottoHoy. Vinci i pi\u00f9 grandi jackpot di EuroMillions, Powerball, Megamillions e molti altri \u2713 Veloce, facile e sicuro!\" \/>\n<meta property=\"og:url\" content=\"https:\/\/lottohoy.com\/it\/\" \/>\n<meta property=\"og:site_name\" content=\"Lottohoy\" \/>\n<meta property=\"article:modified_time\" content=\"2025-04-02T09:02:34+00:00\" \/>\n<meta name=\"twitter:card\" content=\"summary_large_image\" \/>\n<meta name=\"twitter:label1\" content=\"Tempo di lettura stimato\" \/>\n\t<meta name=\"twitter:data1\" content=\"6 minuti\" \/>\n<script type=\"application\/ld+json\" class=\"yoast-schema-graph\">{\"@context\":\"https:\/\/schema.org\",\"@graph\":[{\"@type\":\"WebPage\",\"@id\":\"https:\/\/lottohoy.com\/it\/\",\"url\":\"https:\/\/lottohoy.com\/it\/\",\"name\":\"LottoHoy - Acquistare lotterie internazionali online - sicuro e veloce!\",\"isPartOf\":{\"@id\":\"https:\/\/lottohoy.com\/it\/#website\"},\"datePublished\":\"2018-05-03T13:23:31+00:00\",\"dateModified\":\"2025-04-02T09:02:34+00:00\",\"description\":\"Acquistate le lotterie pi\u00f9 popolari su LottoHoy. Vinci i pi\u00f9 grandi jackpot di EuroMillions, Powerball, Megamillions e molti altri \u2713 Veloce, facile e sicuro!\",\"breadcrumb\":{\"@id\":\"https:\/\/lottohoy.com\/it\/#breadcrumb\"},\"inLanguage\":\"it-IT\",\"potentialAction\":[{\"@type\":\"ReadAction\",\"target\":[\"https:\/\/lottohoy.com\/it\/\"]}]},{\"@type\":\"BreadcrumbList\",\"@id\":\"https:\/\/lottohoy.com\/it\/#breadcrumb\",\"itemListElement\":[{\"@type\":\"ListItem\",\"position\":1,\"name\":\"Home\",\"item\":\"https:\/\/lottohoy.com\/it\/\"},{\"@type\":\"ListItem\",\"position\":2,\"name\":\"Casa\"}]},{\"@type\":\"WebSite\",\"@id\":\"https:\/\/lottohoy.com\/it\/#website\",\"url\":\"https:\/\/lottohoy.com\/it\/\",\"name\":\"Lottohoy\",\"description\":\"\",\"potentialAction\":[{\"@type\":\"SearchAction\",\"target\":{\"@type\":\"EntryPoint\",\"urlTemplate\":\"https:\/\/lottohoy.com\/it\/?s={search_term_string}\"},\"query-input\":{\"@type\":\"PropertyValueSpecification\",\"valueRequired\":true,\"valueName\":\"search_term_string\"}}],\"inLanguage\":\"it-IT\"}]}<\/script>\n<!-- \/ Yoast SEO plugin. -->","yoast_head_json":{"title":"LottoHoy - Acquistare lotterie internazionali online - sicuro e veloce!","description":"Acquistate le lotterie pi\u00f9 popolari su LottoHoy. Vinci i pi\u00f9 grandi jackpot di EuroMillions, Powerball, Megamillions e molti altri \u2713 Veloce, facile e sicuro!","robots":{"index":"index","follow":"follow","max-snippet":"max-snippet:-1","max-image-preview":"max-image-preview:large","max-video-preview":"max-video-preview:-1"},"canonical":"https:\/\/lottohoy.com\/it\/","og_locale":"it_IT","og_type":"article","og_title":"LottoHoy - Acquistare lotterie internazionali online - sicuro e veloce!","og_description":"Acquistate le lotterie pi\u00f9 popolari su LottoHoy. Vinci i pi\u00f9 grandi jackpot di EuroMillions, Powerball, Megamillions e molti altri \u2713 Veloce, facile e sicuro!","og_url":"https:\/\/lottohoy.com\/it\/","og_site_name":"Lottohoy","article_modified_time":"2025-04-02T09:02:34+00:00","twitter_card":"summary_large_image","twitter_misc":{"Tempo di lettura stimato":"6 minuti"},"schema":{"@context":"https:\/\/schema.org","@graph":[{"@type":"WebPage","@id":"https:\/\/lottohoy.com\/it\/","url":"https:\/\/lottohoy.com\/it\/","name":"LottoHoy - Acquistare lotterie internazionali online - sicuro e veloce!","isPartOf":{"@id":"https:\/\/lottohoy.com\/it\/#website"},"datePublished":"2018-05-03T13:23:31+00:00","dateModified":"2025-04-02T09:02:34+00:00","description":"Acquistate le lotterie pi\u00f9 popolari su LottoHoy. Vinci i pi\u00f9 grandi jackpot di EuroMillions, Powerball, Megamillions e molti altri \u2713 Veloce, facile e sicuro!","breadcrumb":{"@id":"https:\/\/lottohoy.com\/it\/#breadcrumb"},"inLanguage":"it-IT","potentialAction":[{"@type":"ReadAction","target":["https:\/\/lottohoy.com\/it\/"]}]},{"@type":"BreadcrumbList","@id":"https:\/\/lottohoy.com\/it\/#breadcrumb","itemListElement":[{"@type":"ListItem","position":1,"name":"Home","item":"https:\/\/lottohoy.com\/it\/"},{"@type":"ListItem","position":2,"name":"Casa"}]},{"@type":"WebSite","@id":"https:\/\/lottohoy.com\/it\/#website","url":"https:\/\/lottohoy.com\/it\/","name":"Lottohoy","description":"","potentialAction":[{"@type":"SearchAction","target":{"@type":"EntryPoint","urlTemplate":"https:\/\/lottohoy.com\/it\/?s={search_term_string}"},"query-input":{"@type":"PropertyValueSpecification","valueRequired":true,"valueName":"search_term_string"}}],"inLanguage":"it-IT"}]}},"_links":{"self":[{"href":"https:\/\/lottohoy.com\/it\/wp-json\/wp\/v2\/pages\/16604","targetHints":{"allow":["GET"]}}],"collection":[{"href":"https:\/\/lottohoy.com\/it\/wp-json\/wp\/v2\/pages"}],"about":[{"href":"https:\/\/lottohoy.com\/it\/wp-json\/wp\/v2\/types\/page"}],"author":[{"embeddable":true,"href":"https:\/\/lottohoy.com\/it\/wp-json\/wp\/v2\/users\/7"}],"replies":[{"embeddable":true,"href":"https:\/\/lottohoy.com\/it\/wp-json\/wp\/v2\/comments?post=16604"}],"version-history":[{"count":4,"href":"https:\/\/lottohoy.com\/it\/wp-json\/wp\/v2\/pages\/16604\/revisions"}],"predecessor-version":[{"id":17867,"href":"https:\/\/lottohoy.com\/it\/wp-json\/wp\/v2\/pages\/16604\/revisions\/17867"}],"wp:attachment":[{"href":"https:\/\/lottohoy.com\/it\/wp-json\/wp\/v2\/media?parent=16604"}],"curies":[{"name":"wp","href":"https:\/\/api.w.org\/{rel}","templated":true}]}}