{"id":16587,"date":"2018-05-03T14:23:25","date_gmt":"2018-05-03T13:23:25","guid":{"rendered":"https:\/\/lottohoy.com\/?page_id=16587"},"modified":"2025-03-25T07:05:10","modified_gmt":"2025-03-25T07:05:10","slug":"gioca","status":"publish","type":"page","link":"https:\/\/lottohoy.com\/it\/gioca\/","title":{"rendered":"Gioca alla lotteria online"},"content":{"rendered":"<h2>Acquistare biglietti per qualsiasi lotteria online su Lottohoy \u00e8 semplice, veloce e sicuro.<\/h2>\n<p>\u00c8 semplice, perch\u00e9 puoi effettuare l&#8217;acquisto da qualsiasi luogo, hai solo bisogno di una connessione Internet tramite dispositivi come cellulare, tablet o computer.<br \/>\n\u00c8 veloce. In pochi secondi, puoi giocare a qualsiasi lotteria desideri tra un&#8217;ampia variet\u00e0 di lotterie offerte da LottoHoy. Devi solo scegliere i tuoi numeri preferiti ed effettuare un acquisto utilizzando il metodo di pagamento pi\u00f9 adatto a te&#8230; Ecco fatto! La tua combinazione vincente \u00e8 in arrivo!<br \/>\n\u00c8 sicuro, perch\u00e9 una volta effettuato l&#8217;acquisto, viene visualizzato nell&#8217;account utente fino all&#8217;estrazione e alla ricezione di una conferma elettronica. Crea il tuo account oggi e inizia a giocare con noi!<br \/>\nCome giocare alla lotteria online<\/p>\n<p>Su LottoHoy, c&#8217;\u00e8 un&#8217;ampia selezione di lotterie giornaliere disponibili. Puoi scegliere a quale vuoi partecipare e c&#8217;\u00e8 una vasta gamma di informazioni e statistiche della lotteria che ti aiuteranno a selezionare la tua scommessa e a comprendere le caratteristiche e le regole del gioco.<\/p>\n<p>Puoi scegliere manualmente la combinazione di numeri che vuoi giocare selezionando i numeri, oppure puoi anche lasciare che la funzione di lotteria a scelta rapida scelga i numeri e le palline in modo casuale.<\/p>\n<p>Una volta definita la giocata, devi solo procedere al pagamento. Abbiamo una vasta gamma di metodi di pagamento disponibili per soddisfare le esigenze di tutti i giocatori.<\/p>\n<h2>Come ricevere le tue vincite alla lotteria<\/h2>\n<p>Dopo le estrazioni della lotteria, tutte le vincite vengono immediatamente depositate sul conto dell&#8217;utente, in modo che siano immediatamente disponibili.<\/p>\n<p>Quando le vincite sono di grandi importi, il cliente viene consigliato sulle migliori soluzioni legali per ricevere tali premi.<\/p>\n<p>Ogni lotteria \u00e8 regolata dalla legge fiscale del paese in cui \u00e8 organizzata, poich\u00e9 potrebbero esserci costi fiscali e di altro tipo che potrebbero influire sugli importi assegnati.<\/p>\n<p>Vantaggi del gioco della lotteria online<br \/>\nIl risparmio di tempo \u00e8 forse il pi\u00f9 grande vantaggio offerto dal gioco della lotteria online.<br \/>\nTramite LottoHoy, puoi acquistare i tuoi biglietti 24 ore al giorno, 7 giorni alla settimana e 365 giorni all&#8217;anno, senza vacanze o orari.<br \/>\nLa disponibilit\u00e0 di un&#8217;ampia variet\u00e0 di lotterie online da tutto il mondo. Le lotterie che offrono i migliori jackpot.<br \/>\nPoter giocare da qualsiasi luogo e in qualsiasi momento, a casa, al lavoro, in attesa dell&#8217;autobus o in qualsiasi circostanza della tua vita quotidiana. Avere una connessione Internet di base da qualsiasi tipo di dispositivo: cellulare, tablet o computer.<br \/>\nla sicurezza di non perdere un premio perch\u00e9 il biglietto \u00e8 stato smarrito, perch\u00e9 il risultato dell&#8217;estrazione non \u00e8 stato verificato o perch\u00e9 \u00e8 scaduta la scadenza per richiederlo.<br \/>\nI biglietti acquistati vengono riflessi nell&#8217;account utente, cos\u00ec come in altre transazioni. In caso di vincita di un premio, l&#8217;importo vinto viene immediatamente depositato nel saldo dell&#8217;utente.<br \/>\nControlla i risultati e le combinazioni vincenti delle pi\u00f9 grandi lotterie in tempo reale.<\/p>\n<h2>Chi pu\u00f2 giocare alla lotteria online?<\/h2>\n<p>Tutti possono giocare su LottoHoy! Il tuo paese di residenza non \u00e8 un inconveniente, anche se lo fai dall&#8217;altra parte del mondo. Se sei di Svezia, Finlandia, Spagna, Francia, Sudafrica, Australia, tutti sono i benvenuti! Registrati e inizia a giocare alla lotteria!<\/p>\n<p>Aumentare le tue possibilit\u00e0 di vincita acquistando biglietti online non \u00e8 mai stato cos\u00ec facile.<\/p>\n<h2>A quali lotterie si pu\u00f2 giocare su Lottohoy?<\/h2>\n<p>Su questo sito di lotterie, puoi acquistare biglietti della lotteria per le pi\u00f9 grandi lotterie del mondo e aumentare le tue probabilit\u00e0 di vincere uno qualsiasi dei jackpot milionari che offriamo: gioca a USA Powerball, MegaMillions, UK Lotto, Euromillions, Eurojackpot, California Superlotto, Oz Powerball, New York Lotto e molti altri.<\/p>\n<h2>Acquista biglietti della lotteria ufficiali<\/h2>\n<p>Quando giochi alla lotteria su LottoHoy, stai acquistando biglietti della lotteria ufficiali e potrai vedere una copia scansionata del tuo biglietto del tuo USA Powerball, Mega Millions, EuroMillions o qualsiasi altro lotto nel tuo profilo utente.<\/p>\n<p>LottoHoy \u00e8 un concierge della lotteria che offre un&#8217;ampia gamma di lotterie. Non offriamo scommesse sulla lotteria.<\/p>\n","protected":false},"excerpt":{"rendered":"<p>Acquistare biglietti per qualsiasi lotteria online su Lottohoy \u00e8 semplice, veloce e sicuro. \u00c8 semplice, perch\u00e9 puoi effettuare l&#8217;acquisto da qualsiasi luogo, hai solo bisogno di una connessione Internet tramite dispositivi come cellulare, tablet o computer. \u00c8 veloce. In pochi secondi, puoi giocare a qualsiasi lotteria desideri tra un&#8217;ampia variet\u00e0 di lotterie offerte da LottoHoy. [&hellip;]<\/p>\n","protected":false},"author":7,"featured_media":0,"parent":0,"menu_order":2,"comment_status":"closed","ping_status":"closed","template":"Play-all.php","meta":{"_et_pb_use_builder":"","_et_pb_old_content":"","_et_gb_content_width":"","exclude_from_search":false,"footnotes":""},"class_list":["post-16587","page","type-page","status-publish","hentry"],"yoast_head":"<!-- This site is optimized with the Yoast SEO plugin v23.7 - https:\/\/yoast.com\/wordpress\/plugins\/seo\/ -->\n<title>\u25b7 Gioca alla lotteria online | Giochi della lotteria online - LottoHoy<\/title>\n<meta name=\"description\" content=\"Su LottoHoy offriamo un&#039;ampia selezione di giochi della lotteria internazionale. Impara a giocarci, scegli la tua lotteria preferita e realizza i tuoi sogni!\" \/>\n<meta name=\"robots\" content=\"index, follow, max-snippet:-1, max-image-preview:large, max-video-preview:-1\" \/>\n<link rel=\"canonical\" href=\"https:\/\/lottohoy.com\/it\/gioca\/\" \/>\n<meta property=\"og:locale\" content=\"it_IT\" \/>\n<meta property=\"og:type\" content=\"article\" \/>\n<meta property=\"og:title\" content=\"\u25b7 Gioca alla lotteria online | Giochi della lotteria online - LottoHoy\" \/>\n<meta property=\"og:description\" content=\"Su LottoHoy offriamo un&#039;ampia selezione di giochi della lotteria internazionale. Impara a giocarci, scegli la tua lotteria preferita e realizza i tuoi sogni!\" \/>\n<meta property=\"og:url\" content=\"https:\/\/lottohoy.com\/it\/gioca\/\" \/>\n<meta property=\"og:site_name\" content=\"Lottohoy\" \/>\n<meta property=\"article:modified_time\" content=\"2025-03-25T07:05:10+00:00\" \/>\n<meta name=\"twitter:card\" content=\"summary_large_image\" \/>\n<meta name=\"twitter:label1\" content=\"Tempo di lettura stimato\" \/>\n\t<meta name=\"twitter:data1\" content=\"3 minuti\" \/>\n<script type=\"application\/ld+json\" class=\"yoast-schema-graph\">{\"@context\":\"https:\/\/schema.org\",\"@graph\":[{\"@type\":\"WebPage\",\"@id\":\"https:\/\/lottohoy.com\/it\/gioca\/\",\"url\":\"https:\/\/lottohoy.com\/it\/gioca\/\",\"name\":\"\u25b7 Gioca alla lotteria online | Giochi della lotteria online - LottoHoy\",\"isPartOf\":{\"@id\":\"https:\/\/lottohoy.com\/it\/#website\"},\"datePublished\":\"2018-05-03T13:23:25+00:00\",\"dateModified\":\"2025-03-25T07:05:10+00:00\",\"description\":\"Su LottoHoy offriamo un'ampia selezione di giochi della lotteria internazionale. Impara a giocarci, scegli la tua lotteria preferita e realizza i tuoi sogni!\",\"breadcrumb\":{\"@id\":\"https:\/\/lottohoy.com\/it\/gioca\/#breadcrumb\"},\"inLanguage\":\"it-IT\",\"potentialAction\":[{\"@type\":\"ReadAction\",\"target\":[\"https:\/\/lottohoy.com\/it\/gioca\/\"]}]},{\"@type\":\"BreadcrumbList\",\"@id\":\"https:\/\/lottohoy.com\/it\/gioca\/#breadcrumb\",\"itemListElement\":[{\"@type\":\"ListItem\",\"position\":1,\"name\":\"Home\",\"item\":\"https:\/\/lottohoy.com\/it\/\"},{\"@type\":\"ListItem\",\"position\":2,\"name\":\"Gioca alla lotteria online\"}]},{\"@type\":\"WebSite\",\"@id\":\"https:\/\/lottohoy.com\/it\/#website\",\"url\":\"https:\/\/lottohoy.com\/it\/\",\"name\":\"Lottohoy\",\"description\":\"\",\"potentialAction\":[{\"@type\":\"SearchAction\",\"target\":{\"@type\":\"EntryPoint\",\"urlTemplate\":\"https:\/\/lottohoy.com\/it\/?s={search_term_string}\"},\"query-input\":{\"@type\":\"PropertyValueSpecification\",\"valueRequired\":true,\"valueName\":\"search_term_string\"}}],\"inLanguage\":\"it-IT\"}]}<\/script>\n<!-- \/ Yoast SEO plugin. -->","yoast_head_json":{"title":"\u25b7 Gioca alla lotteria online | Giochi della lotteria online - LottoHoy","description":"Su LottoHoy offriamo un'ampia selezione di giochi della lotteria internazionale. Impara a giocarci, scegli la tua lotteria preferita e realizza i tuoi sogni!","robots":{"index":"index","follow":"follow","max-snippet":"max-snippet:-1","max-image-preview":"max-image-preview:large","max-video-preview":"max-video-preview:-1"},"canonical":"https:\/\/lottohoy.com\/it\/gioca\/","og_locale":"it_IT","og_type":"article","og_title":"\u25b7 Gioca alla lotteria online | Giochi della lotteria online - LottoHoy","og_description":"Su LottoHoy offriamo un'ampia selezione di giochi della lotteria internazionale. Impara a giocarci, scegli la tua lotteria preferita e realizza i tuoi sogni!","og_url":"https:\/\/lottohoy.com\/it\/gioca\/","og_site_name":"Lottohoy","article_modified_time":"2025-03-25T07:05:10+00:00","twitter_card":"summary_large_image","twitter_misc":{"Tempo di lettura stimato":"3 minuti"},"schema":{"@context":"https:\/\/schema.org","@graph":[{"@type":"WebPage","@id":"https:\/\/lottohoy.com\/it\/gioca\/","url":"https:\/\/lottohoy.com\/it\/gioca\/","name":"\u25b7 Gioca alla lotteria online | Giochi della lotteria online - LottoHoy","isPartOf":{"@id":"https:\/\/lottohoy.com\/it\/#website"},"datePublished":"2018-05-03T13:23:25+00:00","dateModified":"2025-03-25T07:05:10+00:00","description":"Su LottoHoy offriamo un'ampia selezione di giochi della lotteria internazionale. Impara a giocarci, scegli la tua lotteria preferita e realizza i tuoi sogni!","breadcrumb":{"@id":"https:\/\/lottohoy.com\/it\/gioca\/#breadcrumb"},"inLanguage":"it-IT","potentialAction":[{"@type":"ReadAction","target":["https:\/\/lottohoy.com\/it\/gioca\/"]}]},{"@type":"BreadcrumbList","@id":"https:\/\/lottohoy.com\/it\/gioca\/#breadcrumb","itemListElement":[{"@type":"ListItem","position":1,"name":"Home","item":"https:\/\/lottohoy.com\/it\/"},{"@type":"ListItem","position":2,"name":"Gioca alla lotteria online"}]},{"@type":"WebSite","@id":"https:\/\/lottohoy.com\/it\/#website","url":"https:\/\/lottohoy.com\/it\/","name":"Lottohoy","description":"","potentialAction":[{"@type":"SearchAction","target":{"@type":"EntryPoint","urlTemplate":"https:\/\/lottohoy.com\/it\/?s={search_term_string}"},"query-input":{"@type":"PropertyValueSpecification","valueRequired":true,"valueName":"search_term_string"}}],"inLanguage":"it-IT"}]}},"_links":{"self":[{"href":"https:\/\/lottohoy.com\/it\/wp-json\/wp\/v2\/pages\/16587","targetHints":{"allow":["GET"]}}],"collection":[{"href":"https:\/\/lottohoy.com\/it\/wp-json\/wp\/v2\/pages"}],"about":[{"href":"https:\/\/lottohoy.com\/it\/wp-json\/wp\/v2\/types\/page"}],"author":[{"embeddable":true,"href":"https:\/\/lottohoy.com\/it\/wp-json\/wp\/v2\/users\/7"}],"replies":[{"embeddable":true,"href":"https:\/\/lottohoy.com\/it\/wp-json\/wp\/v2\/comments?post=16587"}],"version-history":[{"count":1,"href":"https:\/\/lottohoy.com\/it\/wp-json\/wp\/v2\/pages\/16587\/revisions"}],"predecessor-version":[{"id":16588,"href":"https:\/\/lottohoy.com\/it\/wp-json\/wp\/v2\/pages\/16587\/revisions\/16588"}],"wp:attachment":[{"href":"https:\/\/lottohoy.com\/it\/wp-json\/wp\/v2\/media?parent=16587"}],"curies":[{"name":"wp","href":"https:\/\/api.w.org\/{rel}","templated":true}]}}